{"id":17491,"date":"2025-01-13T15:12:41","date_gmt":"2025-01-13T15:12:41","guid":{"rendered":"https:\/\/aivlisoft.com\/?post_type=product&#038;p=17491"},"modified":"2025-01-14T20:29:25","modified_gmt":"2025-01-14T20:29:25","slug":"xiaomi-tv-a-pro-2025-43-4k-qled-google-tv","status":"publish","type":"product","link":"https:\/\/aivlisoft.net\/shop\/producto\/xiaomi-tv-a-pro-2025-43-4k-qled-google-tv\/","title":{"rendered":"Xiaomi TV A PRO 2025 43&#8243;  4K QLED Google TV"},"content":{"rendered":"<p><\/p>\n<table class=\"tabla_caracteristicas k-table\" width=\"100%\">\n<tr>\n<td valign=\"top\"><strong>Marca<\/strong><\/td>\n<td>Xiaomi<\/td>\n<\/tr>\n<tr>\n<td valign=\"top\"><strong>Modelo<\/strong><\/td>\n<td><strong>A PRO 2025 43<\/strong><\/td>\n<\/tr>\n<tr>\n<td valign=\"top\"><strong>Pantalla<\/strong><\/td>\n<td>&#8211; Tama&ntilde;o:<strong> 43&#8243;<\/strong><br \/>\t\t\t&#8211; Tipo de pantalla: 4K UHD<br \/>\t\t\t&#8211; Resoluci&oacute;n: 3.840 &times; 2.160<br \/>\t\t\t&#8211; Gama de colores: DCI-P3 92% (typ)<br \/>\t\t\t&#8211; Profundidad de color: 1.07 mil millones<br \/>\t\t\t&#8211; Frecuencia de actualizaci&oacute;n: 60Hz<br \/>\t\t\t&#8211; MEMCup: hasta UHD 60Hz<br \/>\t\t\t&#8211; &Aacute;ngulo de visi&oacute;n: 178&deg;(H)\/ 178&deg;(V)<br \/>\t\t\t&#8211; Compatible con HDR10 y HLG<\/td>\n<\/tr>\n<tr>\n<td valign=\"top\"><strong>Conectividad<\/strong><\/td>\n<td>&#8211; Bluetooth 5.0<br \/>\t\t\t&#8211; Wi-Fi 2,4 GHz\/5 GHz<br \/>\t\t\t&#8211; 3 x HDMI (1 puerto con eARC)<br \/>\t\t\t&#8211; 1 x USB 2.0<br \/>\t\t\t&#8211; Entrada compuesta (AV)S&iacute;<br \/>\t\t\t&#8211; Ethernet (LAN)S&iacute;<br \/>\t\t\t&#8211; Salida de audio digital &oacute;pticaS&iacute;<br \/>\t\t\t&#8211; Conector para auriculares de 3,5 mm<br \/>\t\t\t&#8211; Ranura CI+*<br \/>\t\t\t&#8211; Sistema de transmisi&oacute;n: DVB-T2\/C, DVB-S2*<br \/>\t\t\t*Var&iacute;a seg&uacute;n los mercados<\/td>\n<\/tr>\n<tr>\n<td valign=\"top\"><strong>Caracter&iacute;sticas<\/strong><\/td>\n<td><strong>Sistema Operativo<\/strong><br \/>\t\t\t&#8211; GoogleTV<br \/>\t\t\t&#8211; CPU: A55 de 4 n&uacute;cleos<br \/>\t\t\t&#8211; GPU: Mali G52 MP2<br \/>\t\t\t&#8211; RAM; 2GB<br \/>\t\t\t&#8211; ROM: 8GB<br \/>\t\t\t&#8211; Contenido: Netflix, Amazon Prime Video y YouTube preinstalados<br \/>\t\t\t&#8211; Miles de aplicaciones disponibles en Google Play<br \/>\t\t\t<strong>Smart TV<\/strong><br \/>\t\t\t&#8211; Asistente de Google integrado<br \/>\t\t\t&#8211; Centro de control del hogar inteligente<br \/>\t\t\t&#8211; Chromecast integrado<br \/>\t\t\t&#8211; Soporta Miracast<br \/>\t\t\t<strong>Sonido<\/strong><br \/>\t\t\t&#8211; Altavoz (salida de sonido): 2 x 8 W<br \/>\t\t\t&#8211; Compatible con el sonido Dolby Audio, DTS-X y DTS Virtual:X<br \/>\t\t\t<strong>Alimentaci&oacute;n<\/strong><br \/>\t\t\t&#8211; Potencia: 90W<br \/>\t\t\t&#8211; Voltaje: 200-240V ~ 50\/60Hz<br \/>\t\t\t&#8211; Temperatura de funcionamiento: 0 &ordm;C ~ 40 &ordm;C, humedad 20 % ~ 80 %<br \/>\t\t\t&#8211; Temperatura de almacenamiento: -15 &ordm;C ~ 45 &ordm;C, humedad relativa &lt;80%<br \/>\t\t\t<strong>Dimensiones<\/strong><br \/>\t\t\t&#8211; 957,4 x 209,1 x 597,8 mm<br \/>\t\t\t&#8211; 6,1 kg<br \/>\t\t\t&#8211; VESA: 100 x 200 mm<br \/>\t\t\t<strong>Contenido<\/strong><br \/>\t\t\t&#8211; 1 x Control remoto bluetooth de 360&deg;<br \/>\t\t\t&#8211; 1 x Bolsa de tornillos<br \/>\t\t\t&#8211; 1 x Soporte (juego)<br \/>\t\t\t&#8211; 1 x Cable de alimentaci&oacute;n<br \/>\t\t\t&#8211; 1 x Manual de usuario<br \/>\t\t\t&#8211; 1 x Tarjeta de garant&iacute;a<\/td>\n<\/tr>\n<tr>\n<td valign=\"top\"><strong>Fecha de revisi&oacute;n<\/strong><\/td>\n<td>03-06-2024 por RTY<\/td>\n<\/tr>\n<\/table>\n","protected":false},"excerpt":{"rendered":"<p>Marca Xiaomi Modelo A PRO 2025 43 Pantalla &#8211; Tama&ntilde;o: 43&#8243; &#8211; Tipo de pantalla: 4K UHD &#8211; Resoluci&oacute;n: 3.840 &times; 2.160 &#8211; Gama de colores: DCI-P3 92% (typ) &#8211; Profundidad de color: 1.07 mil millones &#8211; Frecuencia de actualizaci&oacute;n: 60Hz &#8211; MEMCup: hasta UHD 60Hz &#8211; &Aacute;ngulo de visi&oacute;n: 178&deg;(H)\/ 178&deg;(V) &#8211; Compatible con&hellip;&nbsp;<a href=\"https:\/\/aivlisoft.net\/shop\/producto\/xiaomi-tv-a-pro-2025-43-4k-qled-google-tv\/\" rel=\"bookmark\"><span class=\"screen-reader-text\">Xiaomi TV A PRO 2025 43&#8243;  4K QLED Google TV<\/span><\/a><\/p>\n","protected":false},"featured_media":17492,"template":"","meta":{"neve_meta_sidebar":"","neve_meta_container":"","neve_meta_enable_content_width":"","neve_meta_content_width":0,"neve_meta_title_alignment":"","neve_meta_author_avatar":"","neve_post_elements_order":"","neve_meta_disable_header":"","neve_meta_disable_footer":"","neve_meta_disable_title":""},"product_brand":[],"product_cat":[15,8794],"product_tag":[6421],"class_list":{"0":"post-17491","1":"product","2":"type-product","3":"status-publish","4":"has-post-thumbnail","6":"product_cat-sin-categorizar","7":"product_cat-tv","8":"product_tag-ela5483eu","10":"first","11":"instock","12":"taxable","13":"shipping-taxable","14":"purchasable","15":"product-type-simple"},"yoast_head":"<!-- This site is optimized with the Yoast SEO plugin v26.0 - https:\/\/yoast.com\/wordpress\/plugins\/seo\/ -->\n<title>Xiaomi TV A PRO 2025 43&quot; 4K QLED Google TV - Aivlisoft Inform\u00e1tica<\/title>\n<meta name=\"robots\" content=\"index, follow, max-snippet:-1, max-image-preview:large, max-video-preview:-1\" \/>\n<link rel=\"canonical\" href=\"https:\/\/aivlisoft.net\/shop\/producto\/xiaomi-tv-a-pro-2025-43-4k-qled-google-tv\/\" \/>\n<meta property=\"og:locale\" content=\"es_ES\" \/>\n<meta property=\"og:type\" content=\"article\" \/>\n<meta property=\"og:title\" content=\"Xiaomi TV A PRO 2025 43&quot; 4K QLED Google TV - Aivlisoft Inform\u00e1tica\" \/>\n<meta property=\"og:description\" content=\"Marca Xiaomi Modelo A PRO 2025 43 Pantalla &#8211; Tama&ntilde;o: 43&#8243; &#8211; Tipo de pantalla: 4K UHD &#8211; Resoluci&oacute;n: 3.840 &times; 2.160 &#8211; Gama de colores: DCI-P3 92% (typ) &#8211; Profundidad de color: 1.07 mil millones &#8211; Frecuencia de actualizaci&oacute;n: 60Hz &#8211; MEMCup: hasta UHD 60Hz &#8211; &Aacute;ngulo de visi&oacute;n: 178&deg;(H)\/ 178&deg;(V) &#8211; Compatible con&hellip;&nbsp;Xiaomi TV A PRO 2025 43&#8243; 4K QLED Google TV\" \/>\n<meta property=\"og:url\" content=\"https:\/\/aivlisoft.net\/shop\/producto\/xiaomi-tv-a-pro-2025-43-4k-qled-google-tv\/\" \/>\n<meta property=\"og:site_name\" content=\"Aivlisoft Inform\u00e1tica\" \/>\n<meta property=\"article:modified_time\" content=\"2025-01-14T20:29:25+00:00\" \/>\n<meta property=\"og:image\" content=\"https:\/\/aivlisoft.net\/shop\/wp-content\/uploads\/2025\/01\/MTVLED0869_800.jpg\" \/>\n\t<meta property=\"og:image:width\" content=\"800\" \/>\n\t<meta property=\"og:image:height\" content=\"800\" \/>\n\t<meta property=\"og:image:type\" content=\"image\/jpeg\" \/>\n<meta name=\"twitter:card\" content=\"summary_large_image\" \/>\n<meta name=\"twitter:label1\" content=\"Tiempo de lectura\" \/>\n\t<meta name=\"twitter:data1\" content=\"1 minuto\" \/>\n<script type=\"application\/ld+json\" class=\"yoast-schema-graph\">{\"@context\":\"https:\/\/schema.org\",\"@graph\":[{\"@type\":\"WebPage\",\"@id\":\"https:\/\/aivlisoft.net\/shop\/producto\/xiaomi-tv-a-pro-2025-43-4k-qled-google-tv\/\",\"url\":\"https:\/\/aivlisoft.net\/shop\/producto\/xiaomi-tv-a-pro-2025-43-4k-qled-google-tv\/\",\"name\":\"Xiaomi TV A PRO 2025 43\\\" 4K QLED Google TV - Aivlisoft Inform\u00e1tica\",\"isPartOf\":{\"@id\":\"https:\/\/aivlisoft.net\/shop\/#website\"},\"primaryImageOfPage\":{\"@id\":\"https:\/\/aivlisoft.net\/shop\/producto\/xiaomi-tv-a-pro-2025-43-4k-qled-google-tv\/#primaryimage\"},\"image\":{\"@id\":\"https:\/\/aivlisoft.net\/shop\/producto\/xiaomi-tv-a-pro-2025-43-4k-qled-google-tv\/#primaryimage\"},\"thumbnailUrl\":\"https:\/\/aivlisoft.net\/shop\/wp-content\/uploads\/2025\/01\/MTVLED0869_800.jpg\",\"datePublished\":\"2025-01-13T15:12:41+00:00\",\"dateModified\":\"2025-01-14T20:29:25+00:00\",\"breadcrumb\":{\"@id\":\"https:\/\/aivlisoft.net\/shop\/producto\/xiaomi-tv-a-pro-2025-43-4k-qled-google-tv\/#breadcrumb\"},\"inLanguage\":\"es\",\"potentialAction\":[{\"@type\":\"ReadAction\",\"target\":[\"https:\/\/aivlisoft.net\/shop\/producto\/xiaomi-tv-a-pro-2025-43-4k-qled-google-tv\/\"]}]},{\"@type\":\"ImageObject\",\"inLanguage\":\"es\",\"@id\":\"https:\/\/aivlisoft.net\/shop\/producto\/xiaomi-tv-a-pro-2025-43-4k-qled-google-tv\/#primaryimage\",\"url\":\"https:\/\/aivlisoft.net\/shop\/wp-content\/uploads\/2025\/01\/MTVLED0869_800.jpg\",\"contentUrl\":\"https:\/\/aivlisoft.net\/shop\/wp-content\/uploads\/2025\/01\/MTVLED0869_800.jpg\",\"width\":800,\"height\":800},{\"@type\":\"BreadcrumbList\",\"@id\":\"https:\/\/aivlisoft.net\/shop\/producto\/xiaomi-tv-a-pro-2025-43-4k-qled-google-tv\/#breadcrumb\",\"itemListElement\":[{\"@type\":\"ListItem\",\"position\":1,\"name\":\"Portada\",\"item\":\"https:\/\/aivlisoft.net\/shop\/\"},{\"@type\":\"ListItem\",\"position\":2,\"name\":\"Tienda\",\"item\":\"https:\/\/aivlisoft.net\/shop\/tienda\/\"},{\"@type\":\"ListItem\",\"position\":3,\"name\":\"Xiaomi TV A PRO 2025 43&#8243; 4K QLED Google TV\"}]},{\"@type\":\"WebSite\",\"@id\":\"https:\/\/aivlisoft.net\/shop\/#website\",\"url\":\"https:\/\/aivlisoft.net\/shop\/\",\"name\":\"Aivlisoft Inform\u00e1tica\",\"description\":\"En Aivlisoft Inform\u00e1tica ofrecemos soluciones tecnol\u00f3gicas para empresas: venta de ordenadores, consumibles, perif\u00e9ricos y m\u00e1s. Calidad, atenci\u00f3n personalizada y los mejores precios para tu negocio.\",\"publisher\":{\"@id\":\"https:\/\/aivlisoft.net\/shop\/#organization\"},\"potentialAction\":[{\"@type\":\"SearchAction\",\"target\":{\"@type\":\"EntryPoint\",\"urlTemplate\":\"https:\/\/aivlisoft.net\/shop\/?s={search_term_string}\"},\"query-input\":{\"@type\":\"PropertyValueSpecification\",\"valueRequired\":true,\"valueName\":\"search_term_string\"}}],\"inLanguage\":\"es\"},{\"@type\":\"Organization\",\"@id\":\"https:\/\/aivlisoft.net\/shop\/#organization\",\"name\":\"Aivlisoft Inform\u00e1tica\",\"url\":\"https:\/\/aivlisoft.net\/shop\/\",\"logo\":{\"@type\":\"ImageObject\",\"inLanguage\":\"es\",\"@id\":\"https:\/\/aivlisoft.net\/shop\/#\/schema\/logo\/image\/\",\"url\":\"https:\/\/aivlisoft.net\/shop\/wp-content\/uploads\/2024\/12\/removal.ai_5b848c54-0cdf-4140-95c5-c5536bb7573b-logodef.png\",\"contentUrl\":\"https:\/\/aivlisoft.net\/shop\/wp-content\/uploads\/2024\/12\/removal.ai_5b848c54-0cdf-4140-95c5-c5536bb7573b-logodef.png\",\"width\":484,\"height\":182,\"caption\":\"Aivlisoft Inform\u00e1tica\"},\"image\":{\"@id\":\"https:\/\/aivlisoft.net\/shop\/#\/schema\/logo\/image\/\"}}]}<\/script>\n<!-- \/ Yoast SEO plugin. -->","yoast_head_json":{"title":"Xiaomi TV A PRO 2025 43\" 4K QLED Google TV - Aivlisoft Inform\u00e1tica","robots":{"index":"index","follow":"follow","max-snippet":"max-snippet:-1","max-image-preview":"max-image-preview:large","max-video-preview":"max-video-preview:-1"},"canonical":"https:\/\/aivlisoft.net\/shop\/producto\/xiaomi-tv-a-pro-2025-43-4k-qled-google-tv\/","og_locale":"es_ES","og_type":"article","og_title":"Xiaomi TV A PRO 2025 43\" 4K QLED Google TV - Aivlisoft Inform\u00e1tica","og_description":"Marca Xiaomi Modelo A PRO 2025 43 Pantalla &#8211; Tama&ntilde;o: 43&#8243; &#8211; Tipo de pantalla: 4K UHD &#8211; Resoluci&oacute;n: 3.840 &times; 2.160 &#8211; Gama de colores: DCI-P3 92% (typ) &#8211; Profundidad de color: 1.07 mil millones &#8211; Frecuencia de actualizaci&oacute;n: 60Hz &#8211; MEMCup: hasta UHD 60Hz &#8211; &Aacute;ngulo de visi&oacute;n: 178&deg;(H)\/ 178&deg;(V) &#8211; Compatible con&hellip;&nbsp;Xiaomi TV A PRO 2025 43&#8243; 4K QLED Google TV","og_url":"https:\/\/aivlisoft.net\/shop\/producto\/xiaomi-tv-a-pro-2025-43-4k-qled-google-tv\/","og_site_name":"Aivlisoft Inform\u00e1tica","article_modified_time":"2025-01-14T20:29:25+00:00","og_image":[{"width":800,"height":800,"url":"https:\/\/aivlisoft.net\/shop\/wp-content\/uploads\/2025\/01\/MTVLED0869_800.jpg","type":"image\/jpeg"}],"twitter_card":"summary_large_image","twitter_misc":{"Tiempo de lectura":"1 minuto"},"schema":{"@context":"https:\/\/schema.org","@graph":[{"@type":"WebPage","@id":"https:\/\/aivlisoft.net\/shop\/producto\/xiaomi-tv-a-pro-2025-43-4k-qled-google-tv\/","url":"https:\/\/aivlisoft.net\/shop\/producto\/xiaomi-tv-a-pro-2025-43-4k-qled-google-tv\/","name":"Xiaomi TV A PRO 2025 43\" 4K QLED Google TV - Aivlisoft Inform\u00e1tica","isPartOf":{"@id":"https:\/\/aivlisoft.net\/shop\/#website"},"primaryImageOfPage":{"@id":"https:\/\/aivlisoft.net\/shop\/producto\/xiaomi-tv-a-pro-2025-43-4k-qled-google-tv\/#primaryimage"},"image":{"@id":"https:\/\/aivlisoft.net\/shop\/producto\/xiaomi-tv-a-pro-2025-43-4k-qled-google-tv\/#primaryimage"},"thumbnailUrl":"https:\/\/aivlisoft.net\/shop\/wp-content\/uploads\/2025\/01\/MTVLED0869_800.jpg","datePublished":"2025-01-13T15:12:41+00:00","dateModified":"2025-01-14T20:29:25+00:00","breadcrumb":{"@id":"https:\/\/aivlisoft.net\/shop\/producto\/xiaomi-tv-a-pro-2025-43-4k-qled-google-tv\/#breadcrumb"},"inLanguage":"es","potentialAction":[{"@type":"ReadAction","target":["https:\/\/aivlisoft.net\/shop\/producto\/xiaomi-tv-a-pro-2025-43-4k-qled-google-tv\/"]}]},{"@type":"ImageObject","inLanguage":"es","@id":"https:\/\/aivlisoft.net\/shop\/producto\/xiaomi-tv-a-pro-2025-43-4k-qled-google-tv\/#primaryimage","url":"https:\/\/aivlisoft.net\/shop\/wp-content\/uploads\/2025\/01\/MTVLED0869_800.jpg","contentUrl":"https:\/\/aivlisoft.net\/shop\/wp-content\/uploads\/2025\/01\/MTVLED0869_800.jpg","width":800,"height":800},{"@type":"BreadcrumbList","@id":"https:\/\/aivlisoft.net\/shop\/producto\/xiaomi-tv-a-pro-2025-43-4k-qled-google-tv\/#breadcrumb","itemListElement":[{"@type":"ListItem","position":1,"name":"Portada","item":"https:\/\/aivlisoft.net\/shop\/"},{"@type":"ListItem","position":2,"name":"Tienda","item":"https:\/\/aivlisoft.net\/shop\/tienda\/"},{"@type":"ListItem","position":3,"name":"Xiaomi TV A PRO 2025 43&#8243; 4K QLED Google TV"}]},{"@type":"WebSite","@id":"https:\/\/aivlisoft.net\/shop\/#website","url":"https:\/\/aivlisoft.net\/shop\/","name":"Aivlisoft Inform\u00e1tica","description":"En Aivlisoft Inform\u00e1tica ofrecemos soluciones tecnol\u00f3gicas para empresas: venta de ordenadores, consumibles, perif\u00e9ricos y m\u00e1s. Calidad, atenci\u00f3n personalizada y los mejores precios para tu negocio.","publisher":{"@id":"https:\/\/aivlisoft.net\/shop\/#organization"},"potentialAction":[{"@type":"SearchAction","target":{"@type":"EntryPoint","urlTemplate":"https:\/\/aivlisoft.net\/shop\/?s={search_term_string}"},"query-input":{"@type":"PropertyValueSpecification","valueRequired":true,"valueName":"search_term_string"}}],"inLanguage":"es"},{"@type":"Organization","@id":"https:\/\/aivlisoft.net\/shop\/#organization","name":"Aivlisoft Inform\u00e1tica","url":"https:\/\/aivlisoft.net\/shop\/","logo":{"@type":"ImageObject","inLanguage":"es","@id":"https:\/\/aivlisoft.net\/shop\/#\/schema\/logo\/image\/","url":"https:\/\/aivlisoft.net\/shop\/wp-content\/uploads\/2024\/12\/removal.ai_5b848c54-0cdf-4140-95c5-c5536bb7573b-logodef.png","contentUrl":"https:\/\/aivlisoft.net\/shop\/wp-content\/uploads\/2024\/12\/removal.ai_5b848c54-0cdf-4140-95c5-c5536bb7573b-logodef.png","width":484,"height":182,"caption":"Aivlisoft Inform\u00e1tica"},"image":{"@id":"https:\/\/aivlisoft.net\/shop\/#\/schema\/logo\/image\/"}}]}},"_links":{"self":[{"href":"https:\/\/aivlisoft.net\/shop\/wp-json\/wp\/v2\/product\/17491","targetHints":{"allow":["GET"]}}],"collection":[{"href":"https:\/\/aivlisoft.net\/shop\/wp-json\/wp\/v2\/product"}],"about":[{"href":"https:\/\/aivlisoft.net\/shop\/wp-json\/wp\/v2\/types\/product"}],"wp:featuredmedia":[{"embeddable":true,"href":"https:\/\/aivlisoft.net\/shop\/wp-json\/wp\/v2\/media\/17492"}],"wp:attachment":[{"href":"https:\/\/aivlisoft.net\/shop\/wp-json\/wp\/v2\/media?parent=17491"}],"wp:term":[{"taxonomy":"product_brand","embeddable":true,"href":"https:\/\/aivlisoft.net\/shop\/wp-json\/wp\/v2\/product_brand?post=17491"},{"taxonomy":"product_cat","embeddable":true,"href":"https:\/\/aivlisoft.net\/shop\/wp-json\/wp\/v2\/product_cat?post=17491"},{"taxonomy":"product_tag","embeddable":true,"href":"https:\/\/aivlisoft.net\/shop\/wp-json\/wp\/v2\/product_tag?post=17491"}],"curies":[{"name":"wp","href":"https:\/\/api.w.org\/{rel}","templated":true}]}}