{"id":17466,"date":"2025-01-13T15:12:28","date_gmt":"2025-01-13T15:12:28","guid":{"rendered":"https:\/\/aivlisoft.com\/?post_type=product&#038;p=17466"},"modified":"2025-01-14T20:29:28","modified_gmt":"2025-01-14T20:29:28","slug":"xiaomi-tv-a-2025-32-hd-google-tv","status":"publish","type":"product","link":"https:\/\/aivlisoft.net\/shop\/producto\/xiaomi-tv-a-2025-32-hd-google-tv\/","title":{"rendered":"Xiaomi TV A 2025 32&#8243; HD Google TV"},"content":{"rendered":"<p><\/p>\n<table class=\"tabla_caracteristicas k-table\" width=\"100%\">\n<tr>\n<td valign=\"top\"><strong>Marca<\/strong><\/td>\n<td>Xiaomi<\/td>\n<\/tr>\n<tr>\n<td valign=\"top\"><strong>Modelo<\/strong><\/td>\n<td><strong>ELA5192EU<\/strong><\/td>\n<\/tr>\n<tr>\n<td valign=\"top\"><strong>Pantalla<\/strong><\/td>\n<td>&#8211; Tama&ntilde;o: <strong>32&#8243;<\/strong><br \/>\t\t\t&#8211; Tipo de pantalla: HD<br \/>\t\t\t&#8211; Resoluci&oacute;n: 1,366 &times; 768<br \/>\t\t\t&#8211; Profundidad de color: 16.7 million<br \/>\t\t\t&#8211; Frecuencia de actualizaci&oacute;n: 60Hz<br \/>\t\t\t&#8211; &Aacute;ngulo de visi&oacute;n: 178&deg;(H)\/ 178&deg;(V)<\/td>\n<\/tr>\n<tr>\n<td valign=\"top\"><strong>Conectividad<\/strong><\/td>\n<td>&#8211; Bluetooth 5.0<br \/>\t\t\t&#8211; Wi-Fi 2,4 GHz\/5 GHz<br \/>\t\t\t&#8211; 2 x HDMI<br \/>\t\t\t&#8211; 1 x USB 2.0<br \/>\t\t\t&#8211; Entrada compuesta (AV)<br \/>\t\t\t&#8211; Ethernet (LAN)<br \/>\t\t\t&#8211; Ranura CI+*<br \/>\t\t\t&#8211; Sistema de transmisi&oacute;nDVB-T2\/C, DVB-S2*<br \/>\t\t\t*Var&iacute;a seg&uacute;n los mercados<\/td>\n<\/tr>\n<tr>\n<td valign=\"top\"><strong>Caracter&iacute;sticas<\/strong><\/td>\n<td><strong>Sistema Operativo<\/strong><br \/>\t\t\t&#8211; GoogleTV<br \/>\t\t\t<strong>Procesador<\/strong><br \/>\t\t\t&#8211; CPU: Quad A55<br \/>\t\t\t&#8211; GPU: Mali G52 MP2<br \/>\t\t\t<strong>Smart TV<\/strong><br \/>\t\t\t&#8211; Asistente de Google integrado<br \/>\t\t\t&#8211; Centro de control del hogar inteligente<br \/>\t\t\t&#8211; Chromecast integrado<br \/>\t\t\t&#8211; Soporta Miracast<br \/>\t\t\t<strong>Sonido<\/strong><br \/>\t\t\t&#8211; Altavoz (salida de sonido): 5W + 5W<br \/>\t\t\t&#8211; Admite sonido Dolby Audio, DTS-X y DTS Virtual:X<br \/>\t\t\t<strong>Alimentaci&oacute;n<\/strong><br \/>\t\t\t&#8211; Potencia: 50W<br \/>\t\t\t&#8211; Voltaje: 200-240V ~ 50\/60Hz<br \/>\t\t\t<strong>Dimensiones<\/strong><br \/>\t\t\t&#8211; 719 &times; 160 &times; 467mm<br \/>\t\t\t&#8211; 3,6 kg<br \/>\t\t\t&#8211; VESA: 100 x 100 mm<br \/>\t\t\t<strong>Contenido<\/strong><br \/>\t\t\t&#8211; 1 x mando a distancia bluetooth de 360&deg;<br \/>\t\t\t&#8211; 1 x bolsa de tornillos<br \/>\t\t\t&#8211; 2 x soportes<br \/>\t\t\t&#8211; 1 x manual de usuario<br \/>\t\t\t&#8211; 1 x Tarjeta de garant&iacute;a<br \/>\t\t\t&#8211; 1 x cable de alimentaci&oacute;n<\/td>\n<\/tr>\n<tr>\n<td valign=\"top\"><strong>Certificado energ&eacute;tico<\/strong><\/td>\n<td><a alt=\"Certificado energ&Atilde;&copy;tico\" href=\"https:\/\/www.infortisa.com\/images\/content\/2024090313583228844MTVLED0864.webp\" target=\"_blank\">Ver certificado<\/a><\/td>\n<\/tr>\n<tr>\n<td valign=\"top\"><strong>Fecha de revisi&oacute;n<\/strong><\/td>\n<td>03-09-2024 por RTY<\/td>\n<\/tr>\n<\/table>\n","protected":false},"excerpt":{"rendered":"<p>Marca Xiaomi Modelo ELA5192EU Pantalla &#8211; Tama&ntilde;o: 32&#8243; &#8211; Tipo de pantalla: HD &#8211; Resoluci&oacute;n: 1,366 &times; 768 &#8211; Profundidad de color: 16.7 million &#8211; Frecuencia de actualizaci&oacute;n: 60Hz &#8211; &Aacute;ngulo de visi&oacute;n: 178&deg;(H)\/ 178&deg;(V) Conectividad &#8211; Bluetooth 5.0 &#8211; Wi-Fi 2,4 GHz\/5 GHz &#8211; 2 x HDMI &#8211; 1 x USB 2.0 &#8211; Entrada&hellip;&nbsp;<a href=\"https:\/\/aivlisoft.net\/shop\/producto\/xiaomi-tv-a-2025-32-hd-google-tv\/\" rel=\"bookmark\"><span class=\"screen-reader-text\">Xiaomi TV A 2025 32&#8243; HD Google TV<\/span><\/a><\/p>\n","protected":false},"featured_media":17467,"template":"","meta":{"neve_meta_sidebar":"","neve_meta_container":"","neve_meta_enable_content_width":"","neve_meta_content_width":0,"neve_meta_title_alignment":"","neve_meta_author_avatar":"","neve_post_elements_order":"","neve_meta_disable_header":"","neve_meta_disable_footer":"","neve_meta_disable_title":""},"product_brand":[],"product_cat":[15,8794],"product_tag":[6416],"class_list":{"0":"post-17466","1":"product","2":"type-product","3":"status-publish","4":"has-post-thumbnail","6":"product_cat-sin-categorizar","7":"product_cat-tv","8":"product_tag-ela5192eu","10":"first","11":"instock","12":"taxable","13":"shipping-taxable","14":"purchasable","15":"product-type-simple"},"yoast_head":"<!-- This site is optimized with the Yoast SEO plugin v26.0 - https:\/\/yoast.com\/wordpress\/plugins\/seo\/ -->\n<title>Xiaomi TV A 2025 32&quot; HD Google TV - Aivlisoft Inform\u00e1tica<\/title>\n<meta name=\"robots\" content=\"index, follow, max-snippet:-1, max-image-preview:large, max-video-preview:-1\" \/>\n<link rel=\"canonical\" href=\"https:\/\/aivlisoft.net\/shop\/producto\/xiaomi-tv-a-2025-32-hd-google-tv\/\" \/>\n<meta property=\"og:locale\" content=\"es_ES\" \/>\n<meta property=\"og:type\" content=\"article\" \/>\n<meta property=\"og:title\" content=\"Xiaomi TV A 2025 32&quot; HD Google TV - Aivlisoft Inform\u00e1tica\" \/>\n<meta property=\"og:description\" content=\"Marca Xiaomi Modelo ELA5192EU Pantalla &#8211; Tama&ntilde;o: 32&#8243; &#8211; Tipo de pantalla: HD &#8211; Resoluci&oacute;n: 1,366 &times; 768 &#8211; Profundidad de color: 16.7 million &#8211; Frecuencia de actualizaci&oacute;n: 60Hz &#8211; &Aacute;ngulo de visi&oacute;n: 178&deg;(H)\/ 178&deg;(V) Conectividad &#8211; Bluetooth 5.0 &#8211; Wi-Fi 2,4 GHz\/5 GHz &#8211; 2 x HDMI &#8211; 1 x USB 2.0 &#8211; Entrada&hellip;&nbsp;Xiaomi TV A 2025 32&#8243; HD Google TV\" \/>\n<meta property=\"og:url\" content=\"https:\/\/aivlisoft.net\/shop\/producto\/xiaomi-tv-a-2025-32-hd-google-tv\/\" \/>\n<meta property=\"og:site_name\" content=\"Aivlisoft Inform\u00e1tica\" \/>\n<meta property=\"article:modified_time\" content=\"2025-01-14T20:29:28+00:00\" \/>\n<meta property=\"og:image\" content=\"https:\/\/aivlisoft.net\/shop\/wp-content\/uploads\/2025\/01\/MTVLED0864_800.jpg\" \/>\n\t<meta property=\"og:image:width\" content=\"800\" \/>\n\t<meta property=\"og:image:height\" content=\"800\" \/>\n\t<meta property=\"og:image:type\" content=\"image\/jpeg\" \/>\n<meta name=\"twitter:card\" content=\"summary_large_image\" \/>\n<meta name=\"twitter:label1\" content=\"Tiempo de lectura\" \/>\n\t<meta name=\"twitter:data1\" content=\"1 minuto\" \/>\n<script type=\"application\/ld+json\" class=\"yoast-schema-graph\">{\"@context\":\"https:\/\/schema.org\",\"@graph\":[{\"@type\":\"WebPage\",\"@id\":\"https:\/\/aivlisoft.net\/shop\/producto\/xiaomi-tv-a-2025-32-hd-google-tv\/\",\"url\":\"https:\/\/aivlisoft.net\/shop\/producto\/xiaomi-tv-a-2025-32-hd-google-tv\/\",\"name\":\"Xiaomi TV A 2025 32\\\" HD Google TV - Aivlisoft Inform\u00e1tica\",\"isPartOf\":{\"@id\":\"https:\/\/aivlisoft.net\/shop\/#website\"},\"primaryImageOfPage\":{\"@id\":\"https:\/\/aivlisoft.net\/shop\/producto\/xiaomi-tv-a-2025-32-hd-google-tv\/#primaryimage\"},\"image\":{\"@id\":\"https:\/\/aivlisoft.net\/shop\/producto\/xiaomi-tv-a-2025-32-hd-google-tv\/#primaryimage\"},\"thumbnailUrl\":\"https:\/\/aivlisoft.net\/shop\/wp-content\/uploads\/2025\/01\/MTVLED0864_800.jpg\",\"datePublished\":\"2025-01-13T15:12:28+00:00\",\"dateModified\":\"2025-01-14T20:29:28+00:00\",\"breadcrumb\":{\"@id\":\"https:\/\/aivlisoft.net\/shop\/producto\/xiaomi-tv-a-2025-32-hd-google-tv\/#breadcrumb\"},\"inLanguage\":\"es\",\"potentialAction\":[{\"@type\":\"ReadAction\",\"target\":[\"https:\/\/aivlisoft.net\/shop\/producto\/xiaomi-tv-a-2025-32-hd-google-tv\/\"]}]},{\"@type\":\"ImageObject\",\"inLanguage\":\"es\",\"@id\":\"https:\/\/aivlisoft.net\/shop\/producto\/xiaomi-tv-a-2025-32-hd-google-tv\/#primaryimage\",\"url\":\"https:\/\/aivlisoft.net\/shop\/wp-content\/uploads\/2025\/01\/MTVLED0864_800.jpg\",\"contentUrl\":\"https:\/\/aivlisoft.net\/shop\/wp-content\/uploads\/2025\/01\/MTVLED0864_800.jpg\",\"width\":800,\"height\":800},{\"@type\":\"BreadcrumbList\",\"@id\":\"https:\/\/aivlisoft.net\/shop\/producto\/xiaomi-tv-a-2025-32-hd-google-tv\/#breadcrumb\",\"itemListElement\":[{\"@type\":\"ListItem\",\"position\":1,\"name\":\"Portada\",\"item\":\"https:\/\/aivlisoft.net\/shop\/\"},{\"@type\":\"ListItem\",\"position\":2,\"name\":\"Tienda\",\"item\":\"https:\/\/aivlisoft.net\/shop\/tienda\/\"},{\"@type\":\"ListItem\",\"position\":3,\"name\":\"Xiaomi TV A 2025 32&#8243; HD Google TV\"}]},{\"@type\":\"WebSite\",\"@id\":\"https:\/\/aivlisoft.net\/shop\/#website\",\"url\":\"https:\/\/aivlisoft.net\/shop\/\",\"name\":\"Aivlisoft Inform\u00e1tica\",\"description\":\"En Aivlisoft Inform\u00e1tica ofrecemos soluciones tecnol\u00f3gicas para empresas: venta de ordenadores, consumibles, perif\u00e9ricos y m\u00e1s. Calidad, atenci\u00f3n personalizada y los mejores precios para tu negocio.\",\"publisher\":{\"@id\":\"https:\/\/aivlisoft.net\/shop\/#organization\"},\"potentialAction\":[{\"@type\":\"SearchAction\",\"target\":{\"@type\":\"EntryPoint\",\"urlTemplate\":\"https:\/\/aivlisoft.net\/shop\/?s={search_term_string}\"},\"query-input\":{\"@type\":\"PropertyValueSpecification\",\"valueRequired\":true,\"valueName\":\"search_term_string\"}}],\"inLanguage\":\"es\"},{\"@type\":\"Organization\",\"@id\":\"https:\/\/aivlisoft.net\/shop\/#organization\",\"name\":\"Aivlisoft Inform\u00e1tica\",\"url\":\"https:\/\/aivlisoft.net\/shop\/\",\"logo\":{\"@type\":\"ImageObject\",\"inLanguage\":\"es\",\"@id\":\"https:\/\/aivlisoft.net\/shop\/#\/schema\/logo\/image\/\",\"url\":\"https:\/\/aivlisoft.net\/shop\/wp-content\/uploads\/2024\/12\/removal.ai_5b848c54-0cdf-4140-95c5-c5536bb7573b-logodef.png\",\"contentUrl\":\"https:\/\/aivlisoft.net\/shop\/wp-content\/uploads\/2024\/12\/removal.ai_5b848c54-0cdf-4140-95c5-c5536bb7573b-logodef.png\",\"width\":484,\"height\":182,\"caption\":\"Aivlisoft Inform\u00e1tica\"},\"image\":{\"@id\":\"https:\/\/aivlisoft.net\/shop\/#\/schema\/logo\/image\/\"}}]}<\/script>\n<!-- \/ Yoast SEO plugin. -->","yoast_head_json":{"title":"Xiaomi TV A 2025 32\" HD Google TV - Aivlisoft Inform\u00e1tica","robots":{"index":"index","follow":"follow","max-snippet":"max-snippet:-1","max-image-preview":"max-image-preview:large","max-video-preview":"max-video-preview:-1"},"canonical":"https:\/\/aivlisoft.net\/shop\/producto\/xiaomi-tv-a-2025-32-hd-google-tv\/","og_locale":"es_ES","og_type":"article","og_title":"Xiaomi TV A 2025 32\" HD Google TV - Aivlisoft Inform\u00e1tica","og_description":"Marca Xiaomi Modelo ELA5192EU Pantalla &#8211; Tama&ntilde;o: 32&#8243; &#8211; Tipo de pantalla: HD &#8211; Resoluci&oacute;n: 1,366 &times; 768 &#8211; Profundidad de color: 16.7 million &#8211; Frecuencia de actualizaci&oacute;n: 60Hz &#8211; &Aacute;ngulo de visi&oacute;n: 178&deg;(H)\/ 178&deg;(V) Conectividad &#8211; Bluetooth 5.0 &#8211; Wi-Fi 2,4 GHz\/5 GHz &#8211; 2 x HDMI &#8211; 1 x USB 2.0 &#8211; Entrada&hellip;&nbsp;Xiaomi TV A 2025 32&#8243; HD Google TV","og_url":"https:\/\/aivlisoft.net\/shop\/producto\/xiaomi-tv-a-2025-32-hd-google-tv\/","og_site_name":"Aivlisoft Inform\u00e1tica","article_modified_time":"2025-01-14T20:29:28+00:00","og_image":[{"width":800,"height":800,"url":"https:\/\/aivlisoft.net\/shop\/wp-content\/uploads\/2025\/01\/MTVLED0864_800.jpg","type":"image\/jpeg"}],"twitter_card":"summary_large_image","twitter_misc":{"Tiempo de lectura":"1 minuto"},"schema":{"@context":"https:\/\/schema.org","@graph":[{"@type":"WebPage","@id":"https:\/\/aivlisoft.net\/shop\/producto\/xiaomi-tv-a-2025-32-hd-google-tv\/","url":"https:\/\/aivlisoft.net\/shop\/producto\/xiaomi-tv-a-2025-32-hd-google-tv\/","name":"Xiaomi TV A 2025 32\" HD Google TV - Aivlisoft Inform\u00e1tica","isPartOf":{"@id":"https:\/\/aivlisoft.net\/shop\/#website"},"primaryImageOfPage":{"@id":"https:\/\/aivlisoft.net\/shop\/producto\/xiaomi-tv-a-2025-32-hd-google-tv\/#primaryimage"},"image":{"@id":"https:\/\/aivlisoft.net\/shop\/producto\/xiaomi-tv-a-2025-32-hd-google-tv\/#primaryimage"},"thumbnailUrl":"https:\/\/aivlisoft.net\/shop\/wp-content\/uploads\/2025\/01\/MTVLED0864_800.jpg","datePublished":"2025-01-13T15:12:28+00:00","dateModified":"2025-01-14T20:29:28+00:00","breadcrumb":{"@id":"https:\/\/aivlisoft.net\/shop\/producto\/xiaomi-tv-a-2025-32-hd-google-tv\/#breadcrumb"},"inLanguage":"es","potentialAction":[{"@type":"ReadAction","target":["https:\/\/aivlisoft.net\/shop\/producto\/xiaomi-tv-a-2025-32-hd-google-tv\/"]}]},{"@type":"ImageObject","inLanguage":"es","@id":"https:\/\/aivlisoft.net\/shop\/producto\/xiaomi-tv-a-2025-32-hd-google-tv\/#primaryimage","url":"https:\/\/aivlisoft.net\/shop\/wp-content\/uploads\/2025\/01\/MTVLED0864_800.jpg","contentUrl":"https:\/\/aivlisoft.net\/shop\/wp-content\/uploads\/2025\/01\/MTVLED0864_800.jpg","width":800,"height":800},{"@type":"BreadcrumbList","@id":"https:\/\/aivlisoft.net\/shop\/producto\/xiaomi-tv-a-2025-32-hd-google-tv\/#breadcrumb","itemListElement":[{"@type":"ListItem","position":1,"name":"Portada","item":"https:\/\/aivlisoft.net\/shop\/"},{"@type":"ListItem","position":2,"name":"Tienda","item":"https:\/\/aivlisoft.net\/shop\/tienda\/"},{"@type":"ListItem","position":3,"name":"Xiaomi TV A 2025 32&#8243; HD Google TV"}]},{"@type":"WebSite","@id":"https:\/\/aivlisoft.net\/shop\/#website","url":"https:\/\/aivlisoft.net\/shop\/","name":"Aivlisoft Inform\u00e1tica","description":"En Aivlisoft Inform\u00e1tica ofrecemos soluciones tecnol\u00f3gicas para empresas: venta de ordenadores, consumibles, perif\u00e9ricos y m\u00e1s. Calidad, atenci\u00f3n personalizada y los mejores precios para tu negocio.","publisher":{"@id":"https:\/\/aivlisoft.net\/shop\/#organization"},"potentialAction":[{"@type":"SearchAction","target":{"@type":"EntryPoint","urlTemplate":"https:\/\/aivlisoft.net\/shop\/?s={search_term_string}"},"query-input":{"@type":"PropertyValueSpecification","valueRequired":true,"valueName":"search_term_string"}}],"inLanguage":"es"},{"@type":"Organization","@id":"https:\/\/aivlisoft.net\/shop\/#organization","name":"Aivlisoft Inform\u00e1tica","url":"https:\/\/aivlisoft.net\/shop\/","logo":{"@type":"ImageObject","inLanguage":"es","@id":"https:\/\/aivlisoft.net\/shop\/#\/schema\/logo\/image\/","url":"https:\/\/aivlisoft.net\/shop\/wp-content\/uploads\/2024\/12\/removal.ai_5b848c54-0cdf-4140-95c5-c5536bb7573b-logodef.png","contentUrl":"https:\/\/aivlisoft.net\/shop\/wp-content\/uploads\/2024\/12\/removal.ai_5b848c54-0cdf-4140-95c5-c5536bb7573b-logodef.png","width":484,"height":182,"caption":"Aivlisoft Inform\u00e1tica"},"image":{"@id":"https:\/\/aivlisoft.net\/shop\/#\/schema\/logo\/image\/"}}]}},"_links":{"self":[{"href":"https:\/\/aivlisoft.net\/shop\/wp-json\/wp\/v2\/product\/17466","targetHints":{"allow":["GET"]}}],"collection":[{"href":"https:\/\/aivlisoft.net\/shop\/wp-json\/wp\/v2\/product"}],"about":[{"href":"https:\/\/aivlisoft.net\/shop\/wp-json\/wp\/v2\/types\/product"}],"wp:featuredmedia":[{"embeddable":true,"href":"https:\/\/aivlisoft.net\/shop\/wp-json\/wp\/v2\/media\/17467"}],"wp:attachment":[{"href":"https:\/\/aivlisoft.net\/shop\/wp-json\/wp\/v2\/media?parent=17466"}],"wp:term":[{"taxonomy":"product_brand","embeddable":true,"href":"https:\/\/aivlisoft.net\/shop\/wp-json\/wp\/v2\/product_brand?post=17466"},{"taxonomy":"product_cat","embeddable":true,"href":"https:\/\/aivlisoft.net\/shop\/wp-json\/wp\/v2\/product_cat?post=17466"},{"taxonomy":"product_tag","embeddable":true,"href":"https:\/\/aivlisoft.net\/shop\/wp-json\/wp\/v2\/product_tag?post=17466"}],"curies":[{"name":"wp","href":"https:\/\/api.w.org\/{rel}","templated":true}]}}