{"id":17437,"date":"2025-01-13T15:12:11","date_gmt":"2025-01-13T15:12:11","guid":{"rendered":"https:\/\/aivlisoft.com\/?post_type=product&#038;p=17437"},"modified":"2025-01-14T20:29:32","modified_gmt":"2025-01-14T20:29:32","slug":"hisense-65a7kq-tv-65-qled-4k-stv-4xhdmi-2xusb-wi","status":"publish","type":"product","link":"https:\/\/aivlisoft.net\/shop\/producto\/hisense-65a7kq-tv-65-qled-4k-stv-4xhdmi-2xusb-wi\/","title":{"rendered":"Hisense 65A7KQ TV 65&#8243; QLED 4K STV 4xHDMi 2xUSB Wi"},"content":{"rendered":"<p><\/p>\n<table class=\"tabla_caracteristicas k-table\" width=\"100%\">\n<tr>\n<td valign=\"top\"><strong>Marca<\/strong><\/td>\n<td>Hisense<\/td>\n<\/tr>\n<tr>\n<td valign=\"top\"><strong>Modelo<\/strong><\/td>\n<td><strong>65A7KQ<\/strong><\/td>\n<\/tr>\n<tr>\n<td valign=\"top\"><strong>Pantalla<\/strong><\/td>\n<td>&#8211; Tama&ntilde;o<strong>: 65&#8243;<\/strong><br \/>\t\t\t&#8211; Panel: <strong>VA<\/strong><br \/>\t\t\t&#8211; Tecnolog&iacute;a: <strong>DLED<\/strong><br \/>\t\t\t&#8211; Resoluci&oacute;n max.: <strong>Ultra HD<\/strong> 3840&times;2160<br \/>\t\t\t&#8211; &Aacute;rea visible (cm2):: 46754.9 cm2<br \/>\t\t\t&#8211; Relaci&oacute;n de Aspecto: 16:9<br \/>\t\t\t&#8211; Tiempo de respuesta del panel (ms): 8 ms<br \/>\t\t\t&#8211; Refresco Panel: 60 Hz<br \/>\t\t\t&#8211; Profundidad del color: 8 Bit + FRC<br \/>\t\t\t&#8211; Contraste: 3800: 1<br \/>\t\t\t&#8211; Brillo (nits) (Valor t&iacute;pico): 350 nits<br \/>\t\t\t&#8211; &Aacute;ngulo de visi&oacute;n: 178&deg;<br \/>\t\t\t&#8211; Black Level: 0.1nits<br \/>\t\t\t&#8211; HDR10<br \/>\t\t\t&#8211; HLG<br \/>\t\t\t&#8211; Dolby Vision<\/td>\n<\/tr>\n<tr>\n<td valign=\"top\"><strong>Conectividad<\/strong><\/td>\n<td><strong>Puertos E\/S<\/strong><br \/>\t\t\t&#8211; 3 x HDMI 2.0<br \/>\t\t\t&#8211; 2 x USB 3.0<br \/>\t\t\t&#8211; 1 x Ethernet RJ45<br \/>\t\t\t&#8211; 2 x Sintonizador RF<br \/>\t\t\t&#8211; 1 x Salida auriculares<br \/>\t\t\t&#8211; 1 x Salida S\/PDIF<br \/>\t\t\t&#8211; 1 x Entrada Audio (L\/R)<br \/>\t\t\t&#8211; 1 x Entrada AV (mini)<br \/>\t\t\t&#8211; 1 x Puerto RJ45<br \/>\t\t\t<strong>Inal&aacute;mbrica<\/strong><br \/>\t\t\t&#8211; T&eacute;cnolog&iacute;a Wifi IEEE 802.11 a\/b\/g\/n\/ac(2.4G and 5G)<br \/>\t\t\t&#8211; Bluetooth 4.2<\/td>\n<\/tr>\n<tr>\n<td valign=\"top\"><strong>Caracteristicas<\/strong><\/td>\n<td><strong>TV<\/strong><br \/>\t\t\t&#8211; Sintonizador: DVB-T2\/T\/C\/S2\/S<br \/>\t\t\t&#8211; Soporte LCN<br \/>\t\t\t&#8211; Control parental<br \/>\t\t\t&#8211; EPG: EPG de 8 d&iacute;as hacia adelante, EPG hacia atr&aacute;s de 7 d&iacute;as (solo en el Reino Unido)<br \/>\t\t\t&#8211; Lista canales favoritos: 4<br \/>\t\t\t&#8211; Teletexto<br \/>\t\t\t&#8211; PVR<br \/>\t\t\t&#8211; Time Shift<br \/>\t\t\t&#8211; Ordenaci&oacute;n de canales: Integrado y exportable a pc para editar (ChSort)<br \/>\t\t\t<strong>Smart TV<br \/>\t\t\t&#8211; <\/strong>Sistema Operativo Smart TV: VIDAA U6<br \/>\t\t\t&#8211; Apps: Netflix, Prime Video, Disney+, DAZN, Movistar+, Youtube, PlutoTV, miTele, Atres Player, RTVE a la Carta<br \/>\t\t\t&#8211; Navegador web: Odin<br \/>\t\t\t&#8211; HbbTV 2.0.3<br \/>\t\t\t&#8211; Soporte MHEG &nbsp;(solo si requiere certificaci&oacute;n,p.e. Ziggo)<br \/>\t\t\t&#8211; Soporte MHEG: (Ziggo)<br \/>\t\t\t&#8211; Modo hotel<br \/>\t\t\t&#8211; Anyview Cast<br \/>\t\t\t&#8211; Anyview Stream (DMP, DMR)<br \/>\t\t\t<strong>Audio<\/strong><br \/>\t\t\t&#8211; 2 x Altavoces 10W<br \/>\t\t\t&#8211; Tecnolog&iacute;a audio: Dolby Atmos<br \/>\t\t\t&#8211; NICAM Stereo<br \/>\t\t\t&#8211; Ecualizador usuario<br \/>\t\t\t&#8211; Dolby Audio(MS12), Dolby Atmos<br \/>\t\t\t&#8211; AC-4<br \/>\t\t\t&#8211; MPEG-H<br \/>\t\t\t<strong>Rendimiento<\/strong><br \/>\t\t\t&#8211; Procesador Quad Core\/ MT9602<br \/>\t\t\t&#8211; MEMC<br \/>\t\t\t&#8211; Decodificaci&oacute;n: HEVC (H.265), VP9, H.264, MPEG4, MPEG2, AV1<br \/>\t\t\t&#8211; Escalado UHD<br \/>\t\t\t&#8211; Modo Game (input lag): 10.1ms<br \/>\t\t\t&#8211; 3D Digital Comb Filter<br \/>\t\t\t&#8211; Reducci&oacute;n ruido MPEG<br \/>\t\t\t&#8211; Reducci&oacute;n ruido Mosquito<\/td>\n<\/tr>\n<tr>\n<td valign=\"top\"><strong>Otras caracter&iacute;sticas<\/strong><\/td>\n<td><strong>Energ&iacute;a<\/strong><br \/>\t\t\t&#8211; Fuente de alimentaci&oacute;n: AC 100V~240V<br \/>\t\t\t&#8211; Frecuencia: 50\/60Hz<br \/>\t\t\t&#8211; Consumo:<br \/>\t\t\t&nbsp; Consumo de red en standby: &le;2W<br \/>\t\t\t&nbsp; Standby: 0.5W<br \/>\t\t\t&nbsp; Consumo en uso: 210 W<br \/>\t\t\t<strong>Dimensiones y peso<\/strong><br \/>\t\t\t&#8211; 1449 &times; 294 &times; 903 mm<br \/>\t\t\t&#8211; 19.1 kg<br \/>\t\t\t&#8211; Soporte VESA compatible: 200 &times; 400 mm<\/td>\n<\/tr>\n<tr>\n<td valign=\"top\"><strong>Certificado energ&eacute;tico<\/strong><\/td>\n<td><a alt=\"Certificado energ&Atilde;&#402;??????&Atilde;&#402;?????&Atilde;&#402;????&Atilde;&#402;???&Atilde;&#402;??&Atilde;&#402;?&Atilde;&#8218;&Acirc;&copy;tico\" href=\"https:\/\/www.infortisa.com\/images\/content\/2024010411113328844MTVLED0828.webp\" target=\"_blank\">Ver certificado<\/a><\/td>\n<\/tr>\n<tr>\n<td valign=\"top\"><strong>Fecha de revisi&oacute;n<\/strong><\/td>\n<td>12-01-2024 por RTY<\/td>\n<\/tr>\n<\/table>\n","protected":false},"excerpt":{"rendered":"<p>Marca Hisense Modelo 65A7KQ Pantalla &#8211; Tama&ntilde;o: 65&#8243; &#8211; Panel: VA &#8211; Tecnolog&iacute;a: DLED &#8211; Resoluci&oacute;n max.: Ultra HD 3840&times;2160 &#8211; &Aacute;rea visible (cm2):: 46754.9 cm2 &#8211; Relaci&oacute;n de Aspecto: 16:9 &#8211; Tiempo de respuesta del panel (ms): 8 ms &#8211; Refresco Panel: 60 Hz &#8211; Profundidad del color: 8 Bit + FRC &#8211; Contraste:&hellip;&nbsp;<a href=\"https:\/\/aivlisoft.net\/shop\/producto\/hisense-65a7kq-tv-65-qled-4k-stv-4xhdmi-2xusb-wi\/\" rel=\"bookmark\"><span class=\"screen-reader-text\">Hisense 65A7KQ TV 65&#8243; QLED 4K STV 4xHDMi 2xUSB Wi<\/span><\/a><\/p>\n","protected":false},"featured_media":17438,"template":"","meta":{"neve_meta_sidebar":"","neve_meta_container":"","neve_meta_enable_content_width":"","neve_meta_content_width":0,"neve_meta_title_alignment":"","neve_meta_author_avatar":"","neve_post_elements_order":"","neve_meta_disable_header":"","neve_meta_disable_footer":"","neve_meta_disable_title":""},"product_brand":[],"product_cat":[15,8794],"product_tag":[6408],"class_list":{"0":"post-17437","1":"product","2":"type-product","3":"status-publish","4":"has-post-thumbnail","6":"product_cat-sin-categorizar","7":"product_cat-tv","8":"product_tag-65a7kq","10":"first","11":"instock","12":"taxable","13":"shipping-taxable","14":"purchasable","15":"product-type-simple"},"yoast_head":"<!-- This site is optimized with the Yoast SEO plugin v26.0 - https:\/\/yoast.com\/wordpress\/plugins\/seo\/ -->\n<title>Hisense 65A7KQ TV 65&quot; QLED 4K STV 4xHDMi 2xUSB Wi - Aivlisoft Inform\u00e1tica<\/title>\n<meta name=\"robots\" content=\"index, follow, max-snippet:-1, max-image-preview:large, max-video-preview:-1\" \/>\n<link rel=\"canonical\" href=\"https:\/\/aivlisoft.net\/shop\/producto\/hisense-65a7kq-tv-65-qled-4k-stv-4xhdmi-2xusb-wi\/\" \/>\n<meta property=\"og:locale\" content=\"es_ES\" \/>\n<meta property=\"og:type\" content=\"article\" \/>\n<meta property=\"og:title\" content=\"Hisense 65A7KQ TV 65&quot; QLED 4K STV 4xHDMi 2xUSB Wi - Aivlisoft Inform\u00e1tica\" \/>\n<meta property=\"og:description\" content=\"Marca Hisense Modelo 65A7KQ Pantalla &#8211; Tama&ntilde;o: 65&#8243; &#8211; Panel: VA &#8211; Tecnolog&iacute;a: DLED &#8211; Resoluci&oacute;n max.: Ultra HD 3840&times;2160 &#8211; &Aacute;rea visible (cm2):: 46754.9 cm2 &#8211; Relaci&oacute;n de Aspecto: 16:9 &#8211; Tiempo de respuesta del panel (ms): 8 ms &#8211; Refresco Panel: 60 Hz &#8211; Profundidad del color: 8 Bit + FRC &#8211; Contraste:&hellip;&nbsp;Hisense 65A7KQ TV 65&#8243; QLED 4K STV 4xHDMi 2xUSB Wi\" \/>\n<meta property=\"og:url\" content=\"https:\/\/aivlisoft.net\/shop\/producto\/hisense-65a7kq-tv-65-qled-4k-stv-4xhdmi-2xusb-wi\/\" \/>\n<meta property=\"og:site_name\" content=\"Aivlisoft Inform\u00e1tica\" \/>\n<meta property=\"article:modified_time\" content=\"2025-01-14T20:29:32+00:00\" \/>\n<meta property=\"og:image\" content=\"https:\/\/aivlisoft.net\/shop\/wp-content\/uploads\/2025\/01\/MTVLED0830_800.jpg\" \/>\n\t<meta property=\"og:image:width\" content=\"800\" \/>\n\t<meta property=\"og:image:height\" content=\"800\" \/>\n\t<meta property=\"og:image:type\" content=\"image\/jpeg\" \/>\n<meta name=\"twitter:card\" content=\"summary_large_image\" \/>\n<meta name=\"twitter:label1\" content=\"Tiempo de lectura\" \/>\n\t<meta name=\"twitter:data1\" content=\"2 minutos\" \/>\n<script type=\"application\/ld+json\" class=\"yoast-schema-graph\">{\"@context\":\"https:\/\/schema.org\",\"@graph\":[{\"@type\":\"WebPage\",\"@id\":\"https:\/\/aivlisoft.net\/shop\/producto\/hisense-65a7kq-tv-65-qled-4k-stv-4xhdmi-2xusb-wi\/\",\"url\":\"https:\/\/aivlisoft.net\/shop\/producto\/hisense-65a7kq-tv-65-qled-4k-stv-4xhdmi-2xusb-wi\/\",\"name\":\"Hisense 65A7KQ TV 65\\\" QLED 4K STV 4xHDMi 2xUSB Wi - Aivlisoft Inform\u00e1tica\",\"isPartOf\":{\"@id\":\"https:\/\/aivlisoft.net\/shop\/#website\"},\"primaryImageOfPage\":{\"@id\":\"https:\/\/aivlisoft.net\/shop\/producto\/hisense-65a7kq-tv-65-qled-4k-stv-4xhdmi-2xusb-wi\/#primaryimage\"},\"image\":{\"@id\":\"https:\/\/aivlisoft.net\/shop\/producto\/hisense-65a7kq-tv-65-qled-4k-stv-4xhdmi-2xusb-wi\/#primaryimage\"},\"thumbnailUrl\":\"https:\/\/aivlisoft.net\/shop\/wp-content\/uploads\/2025\/01\/MTVLED0830_800.jpg\",\"datePublished\":\"2025-01-13T15:12:11+00:00\",\"dateModified\":\"2025-01-14T20:29:32+00:00\",\"breadcrumb\":{\"@id\":\"https:\/\/aivlisoft.net\/shop\/producto\/hisense-65a7kq-tv-65-qled-4k-stv-4xhdmi-2xusb-wi\/#breadcrumb\"},\"inLanguage\":\"es\",\"potentialAction\":[{\"@type\":\"ReadAction\",\"target\":[\"https:\/\/aivlisoft.net\/shop\/producto\/hisense-65a7kq-tv-65-qled-4k-stv-4xhdmi-2xusb-wi\/\"]}]},{\"@type\":\"ImageObject\",\"inLanguage\":\"es\",\"@id\":\"https:\/\/aivlisoft.net\/shop\/producto\/hisense-65a7kq-tv-65-qled-4k-stv-4xhdmi-2xusb-wi\/#primaryimage\",\"url\":\"https:\/\/aivlisoft.net\/shop\/wp-content\/uploads\/2025\/01\/MTVLED0830_800.jpg\",\"contentUrl\":\"https:\/\/aivlisoft.net\/shop\/wp-content\/uploads\/2025\/01\/MTVLED0830_800.jpg\",\"width\":800,\"height\":800},{\"@type\":\"BreadcrumbList\",\"@id\":\"https:\/\/aivlisoft.net\/shop\/producto\/hisense-65a7kq-tv-65-qled-4k-stv-4xhdmi-2xusb-wi\/#breadcrumb\",\"itemListElement\":[{\"@type\":\"ListItem\",\"position\":1,\"name\":\"Portada\",\"item\":\"https:\/\/aivlisoft.net\/shop\/\"},{\"@type\":\"ListItem\",\"position\":2,\"name\":\"Tienda\",\"item\":\"https:\/\/aivlisoft.net\/shop\/tienda\/\"},{\"@type\":\"ListItem\",\"position\":3,\"name\":\"Hisense 65A7KQ TV 65&#8243; QLED 4K STV 4xHDMi 2xUSB Wi\"}]},{\"@type\":\"WebSite\",\"@id\":\"https:\/\/aivlisoft.net\/shop\/#website\",\"url\":\"https:\/\/aivlisoft.net\/shop\/\",\"name\":\"Aivlisoft Inform\u00e1tica\",\"description\":\"En Aivlisoft Inform\u00e1tica ofrecemos soluciones tecnol\u00f3gicas para empresas: venta de ordenadores, consumibles, perif\u00e9ricos y m\u00e1s. Calidad, atenci\u00f3n personalizada y los mejores precios para tu negocio.\",\"publisher\":{\"@id\":\"https:\/\/aivlisoft.net\/shop\/#organization\"},\"potentialAction\":[{\"@type\":\"SearchAction\",\"target\":{\"@type\":\"EntryPoint\",\"urlTemplate\":\"https:\/\/aivlisoft.net\/shop\/?s={search_term_string}\"},\"query-input\":{\"@type\":\"PropertyValueSpecification\",\"valueRequired\":true,\"valueName\":\"search_term_string\"}}],\"inLanguage\":\"es\"},{\"@type\":\"Organization\",\"@id\":\"https:\/\/aivlisoft.net\/shop\/#organization\",\"name\":\"Aivlisoft Inform\u00e1tica\",\"url\":\"https:\/\/aivlisoft.net\/shop\/\",\"logo\":{\"@type\":\"ImageObject\",\"inLanguage\":\"es\",\"@id\":\"https:\/\/aivlisoft.net\/shop\/#\/schema\/logo\/image\/\",\"url\":\"https:\/\/aivlisoft.net\/shop\/wp-content\/uploads\/2024\/12\/removal.ai_5b848c54-0cdf-4140-95c5-c5536bb7573b-logodef.png\",\"contentUrl\":\"https:\/\/aivlisoft.net\/shop\/wp-content\/uploads\/2024\/12\/removal.ai_5b848c54-0cdf-4140-95c5-c5536bb7573b-logodef.png\",\"width\":484,\"height\":182,\"caption\":\"Aivlisoft Inform\u00e1tica\"},\"image\":{\"@id\":\"https:\/\/aivlisoft.net\/shop\/#\/schema\/logo\/image\/\"}}]}<\/script>\n<!-- \/ Yoast SEO plugin. -->","yoast_head_json":{"title":"Hisense 65A7KQ TV 65\" QLED 4K STV 4xHDMi 2xUSB Wi - Aivlisoft Inform\u00e1tica","robots":{"index":"index","follow":"follow","max-snippet":"max-snippet:-1","max-image-preview":"max-image-preview:large","max-video-preview":"max-video-preview:-1"},"canonical":"https:\/\/aivlisoft.net\/shop\/producto\/hisense-65a7kq-tv-65-qled-4k-stv-4xhdmi-2xusb-wi\/","og_locale":"es_ES","og_type":"article","og_title":"Hisense 65A7KQ TV 65\" QLED 4K STV 4xHDMi 2xUSB Wi - Aivlisoft Inform\u00e1tica","og_description":"Marca Hisense Modelo 65A7KQ Pantalla &#8211; Tama&ntilde;o: 65&#8243; &#8211; Panel: VA &#8211; Tecnolog&iacute;a: DLED &#8211; Resoluci&oacute;n max.: Ultra HD 3840&times;2160 &#8211; &Aacute;rea visible (cm2):: 46754.9 cm2 &#8211; Relaci&oacute;n de Aspecto: 16:9 &#8211; Tiempo de respuesta del panel (ms): 8 ms &#8211; Refresco Panel: 60 Hz &#8211; Profundidad del color: 8 Bit + FRC &#8211; Contraste:&hellip;&nbsp;Hisense 65A7KQ TV 65&#8243; QLED 4K STV 4xHDMi 2xUSB Wi","og_url":"https:\/\/aivlisoft.net\/shop\/producto\/hisense-65a7kq-tv-65-qled-4k-stv-4xhdmi-2xusb-wi\/","og_site_name":"Aivlisoft Inform\u00e1tica","article_modified_time":"2025-01-14T20:29:32+00:00","og_image":[{"width":800,"height":800,"url":"https:\/\/aivlisoft.net\/shop\/wp-content\/uploads\/2025\/01\/MTVLED0830_800.jpg","type":"image\/jpeg"}],"twitter_card":"summary_large_image","twitter_misc":{"Tiempo de lectura":"2 minutos"},"schema":{"@context":"https:\/\/schema.org","@graph":[{"@type":"WebPage","@id":"https:\/\/aivlisoft.net\/shop\/producto\/hisense-65a7kq-tv-65-qled-4k-stv-4xhdmi-2xusb-wi\/","url":"https:\/\/aivlisoft.net\/shop\/producto\/hisense-65a7kq-tv-65-qled-4k-stv-4xhdmi-2xusb-wi\/","name":"Hisense 65A7KQ TV 65\" QLED 4K STV 4xHDMi 2xUSB Wi - Aivlisoft Inform\u00e1tica","isPartOf":{"@id":"https:\/\/aivlisoft.net\/shop\/#website"},"primaryImageOfPage":{"@id":"https:\/\/aivlisoft.net\/shop\/producto\/hisense-65a7kq-tv-65-qled-4k-stv-4xhdmi-2xusb-wi\/#primaryimage"},"image":{"@id":"https:\/\/aivlisoft.net\/shop\/producto\/hisense-65a7kq-tv-65-qled-4k-stv-4xhdmi-2xusb-wi\/#primaryimage"},"thumbnailUrl":"https:\/\/aivlisoft.net\/shop\/wp-content\/uploads\/2025\/01\/MTVLED0830_800.jpg","datePublished":"2025-01-13T15:12:11+00:00","dateModified":"2025-01-14T20:29:32+00:00","breadcrumb":{"@id":"https:\/\/aivlisoft.net\/shop\/producto\/hisense-65a7kq-tv-65-qled-4k-stv-4xhdmi-2xusb-wi\/#breadcrumb"},"inLanguage":"es","potentialAction":[{"@type":"ReadAction","target":["https:\/\/aivlisoft.net\/shop\/producto\/hisense-65a7kq-tv-65-qled-4k-stv-4xhdmi-2xusb-wi\/"]}]},{"@type":"ImageObject","inLanguage":"es","@id":"https:\/\/aivlisoft.net\/shop\/producto\/hisense-65a7kq-tv-65-qled-4k-stv-4xhdmi-2xusb-wi\/#primaryimage","url":"https:\/\/aivlisoft.net\/shop\/wp-content\/uploads\/2025\/01\/MTVLED0830_800.jpg","contentUrl":"https:\/\/aivlisoft.net\/shop\/wp-content\/uploads\/2025\/01\/MTVLED0830_800.jpg","width":800,"height":800},{"@type":"BreadcrumbList","@id":"https:\/\/aivlisoft.net\/shop\/producto\/hisense-65a7kq-tv-65-qled-4k-stv-4xhdmi-2xusb-wi\/#breadcrumb","itemListElement":[{"@type":"ListItem","position":1,"name":"Portada","item":"https:\/\/aivlisoft.net\/shop\/"},{"@type":"ListItem","position":2,"name":"Tienda","item":"https:\/\/aivlisoft.net\/shop\/tienda\/"},{"@type":"ListItem","position":3,"name":"Hisense 65A7KQ TV 65&#8243; QLED 4K STV 4xHDMi 2xUSB Wi"}]},{"@type":"WebSite","@id":"https:\/\/aivlisoft.net\/shop\/#website","url":"https:\/\/aivlisoft.net\/shop\/","name":"Aivlisoft Inform\u00e1tica","description":"En Aivlisoft Inform\u00e1tica ofrecemos soluciones tecnol\u00f3gicas para empresas: venta de ordenadores, consumibles, perif\u00e9ricos y m\u00e1s. Calidad, atenci\u00f3n personalizada y los mejores precios para tu negocio.","publisher":{"@id":"https:\/\/aivlisoft.net\/shop\/#organization"},"potentialAction":[{"@type":"SearchAction","target":{"@type":"EntryPoint","urlTemplate":"https:\/\/aivlisoft.net\/shop\/?s={search_term_string}"},"query-input":{"@type":"PropertyValueSpecification","valueRequired":true,"valueName":"search_term_string"}}],"inLanguage":"es"},{"@type":"Organization","@id":"https:\/\/aivlisoft.net\/shop\/#organization","name":"Aivlisoft Inform\u00e1tica","url":"https:\/\/aivlisoft.net\/shop\/","logo":{"@type":"ImageObject","inLanguage":"es","@id":"https:\/\/aivlisoft.net\/shop\/#\/schema\/logo\/image\/","url":"https:\/\/aivlisoft.net\/shop\/wp-content\/uploads\/2024\/12\/removal.ai_5b848c54-0cdf-4140-95c5-c5536bb7573b-logodef.png","contentUrl":"https:\/\/aivlisoft.net\/shop\/wp-content\/uploads\/2024\/12\/removal.ai_5b848c54-0cdf-4140-95c5-c5536bb7573b-logodef.png","width":484,"height":182,"caption":"Aivlisoft Inform\u00e1tica"},"image":{"@id":"https:\/\/aivlisoft.net\/shop\/#\/schema\/logo\/image\/"}}]}},"_links":{"self":[{"href":"https:\/\/aivlisoft.net\/shop\/wp-json\/wp\/v2\/product\/17437","targetHints":{"allow":["GET"]}}],"collection":[{"href":"https:\/\/aivlisoft.net\/shop\/wp-json\/wp\/v2\/product"}],"about":[{"href":"https:\/\/aivlisoft.net\/shop\/wp-json\/wp\/v2\/types\/product"}],"wp:featuredmedia":[{"embeddable":true,"href":"https:\/\/aivlisoft.net\/shop\/wp-json\/wp\/v2\/media\/17438"}],"wp:attachment":[{"href":"https:\/\/aivlisoft.net\/shop\/wp-json\/wp\/v2\/media?parent=17437"}],"wp:term":[{"taxonomy":"product_brand","embeddable":true,"href":"https:\/\/aivlisoft.net\/shop\/wp-json\/wp\/v2\/product_brand?post=17437"},{"taxonomy":"product_cat","embeddable":true,"href":"https:\/\/aivlisoft.net\/shop\/wp-json\/wp\/v2\/product_cat?post=17437"},{"taxonomy":"product_tag","embeddable":true,"href":"https:\/\/aivlisoft.net\/shop\/wp-json\/wp\/v2\/product_tag?post=17437"}],"curies":[{"name":"wp","href":"https:\/\/api.w.org\/{rel}","templated":true}]}}