{"id":17433,"date":"2025-01-13T15:12:09","date_gmt":"2025-01-13T15:12:09","guid":{"rendered":"https:\/\/aivlisoft.com\/?post_type=product&#038;p=17433"},"modified":"2025-01-14T20:29:33","modified_gmt":"2025-01-14T20:29:33","slug":"tcl-40s5400a-tv-40-fhd-stvand-usb-hdmi","status":"publish","type":"product","link":"https:\/\/aivlisoft.net\/shop\/producto\/tcl-40s5400a-tv-40-fhd-stvand-usb-hdmi\/","title":{"rendered":"TCL 40S5400A TV 40&#8243; FHD STVAnd USB HDMI"},"content":{"rendered":"<p><\/p>\n<table class=\"tabla_caracteristicas k-table\" width=\"100%\">\n<tr>\n<td valign=\"top\"><strong>Marca<\/strong><\/td>\n<td>TCL<\/td>\n<\/tr>\n<tr>\n<td valign=\"top\"><strong>Modelo<\/strong><\/td>\n<td><strong>40S5400A<\/strong><\/td>\n<\/tr>\n<tr>\n<td valign=\"top\"><strong>Pantalla<\/strong><\/td>\n<td>&#8211; Tama&ntilde;o de pantalla: <strong>40&#8243;<\/strong>&nbsp; \/ 101.6 cm<br \/>\t\t\t&#8211; HDR10<br \/>\t\t\t&#8211; &Iacute;ndice de rendimiento de imagen: 700<br \/>\t\t\t&#8211; Resoluci&oacute;n: 1920&#215;1080<br \/>\t\t\t&#8211; Contraste Din&aacute;mico: Mega<br \/>\t\t\t&#8211; Procesamiento de im&aacute;genes: IPQ 2.0 Engine<br \/>\t\t\t&#8211; Mejora<br \/>\t\t\t&#8211; Gesti&oacute;n del color: Calibraci&oacute;n 10P y 2P<br \/>\t\t\t&#8211; Reducci&oacute;n de ruido digital<\/td>\n<\/tr>\n<tr>\n<td valign=\"top\"><strong>Conectividad<\/strong><\/td>\n<td>&#8211; 2 x HDMI&nbsp; 1.4 1080P\/60Hz<br \/>\t\t\t&#8211; 1 x USB 2.0<br \/>\t\t\t&#8211; Ethernet (LAN RJ-45)<br \/>\t\t\t&#8211; WiFi Ac\/n\/g integrado 2,4\/5 Ghz MIMO<br \/>\t\t\t&#8211; Salida de audio digital &Oacute;ptico<br \/>\t\t\t&#8211; Auricular<br \/>\t\t\t&#8211; RF in (IEC Terrestrial\/Cable) 1<br \/>\t\t\t&#8211; RF in (F Sat) 1<br \/>\t\t\t&#8211; Sat: Diseq v.1.0<br \/>\t\t\t&#8211; CI slot 1<\/td>\n<\/tr>\n<tr>\n<td valign=\"top\"><strong>Caracter&iacute;sticas<\/strong><\/td>\n<td>&#8211;<strong> <\/strong>Hotel mode: w. OTT purge<br \/>\t\t\t<strong>Smart TV<\/strong><br \/>\t\t\t&#8211; SmartTV: AndroidTV (29 languages)<br \/>\t\t\t&#8211; Android OS: Android R (11.0)<br \/>\t\t\t&#8211; Aplicaciones: Google Play Store<br \/>\t\t\t&#8211; Procesador: Quad Core<br \/>\t\t\t&#8211; Memoria del sistema (DRAM): 1.0 GB<br \/>\t\t\t<strong>Recepci&oacute;n<\/strong><br \/>\t\t\t&#8211; DTV Tuner: DVB-T2\/C\/S2<br \/>\t\t\t&#8211; Decodificaci&oacute;n de v&iacute;deo: H.265 FHD, H.264, MPEG-2<br \/>\t\t\t&#8211; Sintonizador anal&oacute;gico<br \/>\t\t\t&#8211; Sistemas de sintonizadores anal&oacute;gicos: PAL\/SECAM\/NTSC (AV) BG\/DK\/I\/LL<br \/>\t\t\t&#8211; CI+ (1.3)<br \/>\t\t\t&#8211; EPG (DVB EIT\/SI): Hasta 8 d&iacute;as<br \/>\t\t\t&#8211; B&uacute;squeda autom&aacute;tica de canales<br \/>\t\t\t&#8211; HbbTV: 2.0.2<br \/>\t\t\t&#8211; Teletexto<br \/>\t\t\t<strong>Sonido<\/strong><br \/>\t\t\t&#8211; Potencia del sonido: 2 x 8 W<br \/>\t\t\t&#8211; Dolby: Dolby Digital Plus<br \/>\t\t\t&#8211; Procesando: Dolby Audio<br \/>\t\t\t&#8211; Equalizador: Ajustes preestablecidos<br \/>\t\t\t&#8211; Tipo de altavoz: sistema de sonido 2.0<br \/>\t\t\t&#8211; Altavoces: Full range down<br \/>\t\t\t&#8211; Control autom&aacute;tico de volumen&nbsp;<br \/>\t\t\t<strong>Alimentaci&oacute;n<\/strong><br \/>\t\t\t&#8211; Apagado autom&aacute;tico<br \/>\t\t\t&#8211; Ratio de luminosidad: 65%<br \/>\t\t\t<strong>Dimensiones<\/strong><br \/>\t\t\t&#8211; Tama&ntilde;o del producto: 905 x 575 x 186 mm<br \/>\t\t\t&#8211; Ancho de la peana: 770 x 186 mm<br \/>\t\t\t&#8211; 6.40 kg<\/td>\n<\/tr>\n<tr>\n<td valign=\"top\"><strong>Certificado energ&eacute;tico<\/strong><\/td>\n<td><a alt=\"Certificado energ&Atilde;&#402;&Acirc;&copy;tico\" href=\"https:\/\/www.infortisa.com\/images\/content\/2023091211430128844MTVLED0796.webp\" target=\"_blank\">Ver certificado<\/a><\/td>\n<\/tr>\n<tr>\n<td valign=\"top\"><strong>Fecha de revisi&oacute;n<\/strong><\/td>\n<td>12-09-2023 por RTY<\/td>\n<\/tr>\n<\/table>\n","protected":false},"excerpt":{"rendered":"<p>Marca TCL Modelo 40S5400A Pantalla &#8211; Tama&ntilde;o de pantalla: 40&#8243;&nbsp; \/ 101.6 cm &#8211; HDR10 &#8211; &Iacute;ndice de rendimiento de imagen: 700 &#8211; Resoluci&oacute;n: 1920&#215;1080 &#8211; Contraste Din&aacute;mico: Mega &#8211; Procesamiento de im&aacute;genes: IPQ 2.0 Engine &#8211; Mejora &#8211; Gesti&oacute;n del color: Calibraci&oacute;n 10P y 2P &#8211; Reducci&oacute;n de ruido digital Conectividad &#8211; 2 x&hellip;&nbsp;<a href=\"https:\/\/aivlisoft.net\/shop\/producto\/tcl-40s5400a-tv-40-fhd-stvand-usb-hdmi\/\" rel=\"bookmark\"><span class=\"screen-reader-text\">TCL 40S5400A TV 40&#8243; FHD STVAnd USB HDMI<\/span><\/a><\/p>\n","protected":false},"featured_media":17434,"template":"","meta":{"neve_meta_sidebar":"","neve_meta_container":"","neve_meta_enable_content_width":"","neve_meta_content_width":0,"neve_meta_title_alignment":"","neve_meta_author_avatar":"","neve_post_elements_order":"","neve_meta_disable_header":"","neve_meta_disable_footer":"","neve_meta_disable_title":""},"product_brand":[],"product_cat":[15,8794],"product_tag":[6407],"class_list":{"0":"post-17433","1":"product","2":"type-product","3":"status-publish","4":"has-post-thumbnail","6":"product_cat-sin-categorizar","7":"product_cat-tv","8":"product_tag-40s5400a","10":"first","11":"instock","12":"taxable","13":"shipping-taxable","14":"purchasable","15":"product-type-simple"},"yoast_head":"<!-- This site is optimized with the Yoast SEO plugin v26.0 - https:\/\/yoast.com\/wordpress\/plugins\/seo\/ -->\n<title>TCL 40S5400A TV 40&quot; FHD STVAnd USB HDMI - Aivlisoft Inform\u00e1tica<\/title>\n<meta name=\"robots\" content=\"index, follow, max-snippet:-1, max-image-preview:large, max-video-preview:-1\" \/>\n<link rel=\"canonical\" href=\"https:\/\/aivlisoft.net\/shop\/producto\/tcl-40s5400a-tv-40-fhd-stvand-usb-hdmi\/\" \/>\n<meta property=\"og:locale\" content=\"es_ES\" \/>\n<meta property=\"og:type\" content=\"article\" \/>\n<meta property=\"og:title\" content=\"TCL 40S5400A TV 40&quot; FHD STVAnd USB HDMI - Aivlisoft Inform\u00e1tica\" \/>\n<meta property=\"og:description\" content=\"Marca TCL Modelo 40S5400A Pantalla &#8211; Tama&ntilde;o de pantalla: 40&#8243;&nbsp; \/ 101.6 cm &#8211; HDR10 &#8211; &Iacute;ndice de rendimiento de imagen: 700 &#8211; Resoluci&oacute;n: 1920&#215;1080 &#8211; Contraste Din&aacute;mico: Mega &#8211; Procesamiento de im&aacute;genes: IPQ 2.0 Engine &#8211; Mejora &#8211; Gesti&oacute;n del color: Calibraci&oacute;n 10P y 2P &#8211; Reducci&oacute;n de ruido digital Conectividad &#8211; 2 x&hellip;&nbsp;TCL 40S5400A TV 40&#8243; FHD STVAnd USB HDMI\" \/>\n<meta property=\"og:url\" content=\"https:\/\/aivlisoft.net\/shop\/producto\/tcl-40s5400a-tv-40-fhd-stvand-usb-hdmi\/\" \/>\n<meta property=\"og:site_name\" content=\"Aivlisoft Inform\u00e1tica\" \/>\n<meta property=\"article:modified_time\" content=\"2025-01-14T20:29:33+00:00\" \/>\n<meta property=\"og:image\" content=\"https:\/\/aivlisoft.net\/shop\/wp-content\/uploads\/2025\/01\/MTVLED0796_800.jpg\" \/>\n\t<meta property=\"og:image:width\" content=\"800\" \/>\n\t<meta property=\"og:image:height\" content=\"800\" \/>\n\t<meta property=\"og:image:type\" content=\"image\/jpeg\" \/>\n<meta name=\"twitter:card\" content=\"summary_large_image\" \/>\n<meta name=\"twitter:label1\" content=\"Tiempo de lectura\" \/>\n\t<meta name=\"twitter:data1\" content=\"1 minuto\" \/>\n<script type=\"application\/ld+json\" class=\"yoast-schema-graph\">{\"@context\":\"https:\/\/schema.org\",\"@graph\":[{\"@type\":\"WebPage\",\"@id\":\"https:\/\/aivlisoft.net\/shop\/producto\/tcl-40s5400a-tv-40-fhd-stvand-usb-hdmi\/\",\"url\":\"https:\/\/aivlisoft.net\/shop\/producto\/tcl-40s5400a-tv-40-fhd-stvand-usb-hdmi\/\",\"name\":\"TCL 40S5400A TV 40\\\" FHD STVAnd USB HDMI - Aivlisoft Inform\u00e1tica\",\"isPartOf\":{\"@id\":\"https:\/\/aivlisoft.net\/shop\/#website\"},\"primaryImageOfPage\":{\"@id\":\"https:\/\/aivlisoft.net\/shop\/producto\/tcl-40s5400a-tv-40-fhd-stvand-usb-hdmi\/#primaryimage\"},\"image\":{\"@id\":\"https:\/\/aivlisoft.net\/shop\/producto\/tcl-40s5400a-tv-40-fhd-stvand-usb-hdmi\/#primaryimage\"},\"thumbnailUrl\":\"https:\/\/aivlisoft.net\/shop\/wp-content\/uploads\/2025\/01\/MTVLED0796_800.jpg\",\"datePublished\":\"2025-01-13T15:12:09+00:00\",\"dateModified\":\"2025-01-14T20:29:33+00:00\",\"breadcrumb\":{\"@id\":\"https:\/\/aivlisoft.net\/shop\/producto\/tcl-40s5400a-tv-40-fhd-stvand-usb-hdmi\/#breadcrumb\"},\"inLanguage\":\"es\",\"potentialAction\":[{\"@type\":\"ReadAction\",\"target\":[\"https:\/\/aivlisoft.net\/shop\/producto\/tcl-40s5400a-tv-40-fhd-stvand-usb-hdmi\/\"]}]},{\"@type\":\"ImageObject\",\"inLanguage\":\"es\",\"@id\":\"https:\/\/aivlisoft.net\/shop\/producto\/tcl-40s5400a-tv-40-fhd-stvand-usb-hdmi\/#primaryimage\",\"url\":\"https:\/\/aivlisoft.net\/shop\/wp-content\/uploads\/2025\/01\/MTVLED0796_800.jpg\",\"contentUrl\":\"https:\/\/aivlisoft.net\/shop\/wp-content\/uploads\/2025\/01\/MTVLED0796_800.jpg\",\"width\":800,\"height\":800},{\"@type\":\"BreadcrumbList\",\"@id\":\"https:\/\/aivlisoft.net\/shop\/producto\/tcl-40s5400a-tv-40-fhd-stvand-usb-hdmi\/#breadcrumb\",\"itemListElement\":[{\"@type\":\"ListItem\",\"position\":1,\"name\":\"Portada\",\"item\":\"https:\/\/aivlisoft.net\/shop\/\"},{\"@type\":\"ListItem\",\"position\":2,\"name\":\"Tienda\",\"item\":\"https:\/\/aivlisoft.net\/shop\/tienda\/\"},{\"@type\":\"ListItem\",\"position\":3,\"name\":\"TCL 40S5400A TV 40&#8243; FHD STVAnd USB HDMI\"}]},{\"@type\":\"WebSite\",\"@id\":\"https:\/\/aivlisoft.net\/shop\/#website\",\"url\":\"https:\/\/aivlisoft.net\/shop\/\",\"name\":\"Aivlisoft Inform\u00e1tica\",\"description\":\"En Aivlisoft Inform\u00e1tica ofrecemos soluciones tecnol\u00f3gicas para empresas: venta de ordenadores, consumibles, perif\u00e9ricos y m\u00e1s. Calidad, atenci\u00f3n personalizada y los mejores precios para tu negocio.\",\"publisher\":{\"@id\":\"https:\/\/aivlisoft.net\/shop\/#organization\"},\"potentialAction\":[{\"@type\":\"SearchAction\",\"target\":{\"@type\":\"EntryPoint\",\"urlTemplate\":\"https:\/\/aivlisoft.net\/shop\/?s={search_term_string}\"},\"query-input\":{\"@type\":\"PropertyValueSpecification\",\"valueRequired\":true,\"valueName\":\"search_term_string\"}}],\"inLanguage\":\"es\"},{\"@type\":\"Organization\",\"@id\":\"https:\/\/aivlisoft.net\/shop\/#organization\",\"name\":\"Aivlisoft Inform\u00e1tica\",\"url\":\"https:\/\/aivlisoft.net\/shop\/\",\"logo\":{\"@type\":\"ImageObject\",\"inLanguage\":\"es\",\"@id\":\"https:\/\/aivlisoft.net\/shop\/#\/schema\/logo\/image\/\",\"url\":\"https:\/\/aivlisoft.net\/shop\/wp-content\/uploads\/2024\/12\/removal.ai_5b848c54-0cdf-4140-95c5-c5536bb7573b-logodef.png\",\"contentUrl\":\"https:\/\/aivlisoft.net\/shop\/wp-content\/uploads\/2024\/12\/removal.ai_5b848c54-0cdf-4140-95c5-c5536bb7573b-logodef.png\",\"width\":484,\"height\":182,\"caption\":\"Aivlisoft Inform\u00e1tica\"},\"image\":{\"@id\":\"https:\/\/aivlisoft.net\/shop\/#\/schema\/logo\/image\/\"}}]}<\/script>\n<!-- \/ Yoast SEO plugin. -->","yoast_head_json":{"title":"TCL 40S5400A TV 40\" FHD STVAnd USB HDMI - Aivlisoft Inform\u00e1tica","robots":{"index":"index","follow":"follow","max-snippet":"max-snippet:-1","max-image-preview":"max-image-preview:large","max-video-preview":"max-video-preview:-1"},"canonical":"https:\/\/aivlisoft.net\/shop\/producto\/tcl-40s5400a-tv-40-fhd-stvand-usb-hdmi\/","og_locale":"es_ES","og_type":"article","og_title":"TCL 40S5400A TV 40\" FHD STVAnd USB HDMI - Aivlisoft Inform\u00e1tica","og_description":"Marca TCL Modelo 40S5400A Pantalla &#8211; Tama&ntilde;o de pantalla: 40&#8243;&nbsp; \/ 101.6 cm &#8211; HDR10 &#8211; &Iacute;ndice de rendimiento de imagen: 700 &#8211; Resoluci&oacute;n: 1920&#215;1080 &#8211; Contraste Din&aacute;mico: Mega &#8211; Procesamiento de im&aacute;genes: IPQ 2.0 Engine &#8211; Mejora &#8211; Gesti&oacute;n del color: Calibraci&oacute;n 10P y 2P &#8211; Reducci&oacute;n de ruido digital Conectividad &#8211; 2 x&hellip;&nbsp;TCL 40S5400A TV 40&#8243; FHD STVAnd USB HDMI","og_url":"https:\/\/aivlisoft.net\/shop\/producto\/tcl-40s5400a-tv-40-fhd-stvand-usb-hdmi\/","og_site_name":"Aivlisoft Inform\u00e1tica","article_modified_time":"2025-01-14T20:29:33+00:00","og_image":[{"width":800,"height":800,"url":"https:\/\/aivlisoft.net\/shop\/wp-content\/uploads\/2025\/01\/MTVLED0796_800.jpg","type":"image\/jpeg"}],"twitter_card":"summary_large_image","twitter_misc":{"Tiempo de lectura":"1 minuto"},"schema":{"@context":"https:\/\/schema.org","@graph":[{"@type":"WebPage","@id":"https:\/\/aivlisoft.net\/shop\/producto\/tcl-40s5400a-tv-40-fhd-stvand-usb-hdmi\/","url":"https:\/\/aivlisoft.net\/shop\/producto\/tcl-40s5400a-tv-40-fhd-stvand-usb-hdmi\/","name":"TCL 40S5400A TV 40\" FHD STVAnd USB HDMI - Aivlisoft Inform\u00e1tica","isPartOf":{"@id":"https:\/\/aivlisoft.net\/shop\/#website"},"primaryImageOfPage":{"@id":"https:\/\/aivlisoft.net\/shop\/producto\/tcl-40s5400a-tv-40-fhd-stvand-usb-hdmi\/#primaryimage"},"image":{"@id":"https:\/\/aivlisoft.net\/shop\/producto\/tcl-40s5400a-tv-40-fhd-stvand-usb-hdmi\/#primaryimage"},"thumbnailUrl":"https:\/\/aivlisoft.net\/shop\/wp-content\/uploads\/2025\/01\/MTVLED0796_800.jpg","datePublished":"2025-01-13T15:12:09+00:00","dateModified":"2025-01-14T20:29:33+00:00","breadcrumb":{"@id":"https:\/\/aivlisoft.net\/shop\/producto\/tcl-40s5400a-tv-40-fhd-stvand-usb-hdmi\/#breadcrumb"},"inLanguage":"es","potentialAction":[{"@type":"ReadAction","target":["https:\/\/aivlisoft.net\/shop\/producto\/tcl-40s5400a-tv-40-fhd-stvand-usb-hdmi\/"]}]},{"@type":"ImageObject","inLanguage":"es","@id":"https:\/\/aivlisoft.net\/shop\/producto\/tcl-40s5400a-tv-40-fhd-stvand-usb-hdmi\/#primaryimage","url":"https:\/\/aivlisoft.net\/shop\/wp-content\/uploads\/2025\/01\/MTVLED0796_800.jpg","contentUrl":"https:\/\/aivlisoft.net\/shop\/wp-content\/uploads\/2025\/01\/MTVLED0796_800.jpg","width":800,"height":800},{"@type":"BreadcrumbList","@id":"https:\/\/aivlisoft.net\/shop\/producto\/tcl-40s5400a-tv-40-fhd-stvand-usb-hdmi\/#breadcrumb","itemListElement":[{"@type":"ListItem","position":1,"name":"Portada","item":"https:\/\/aivlisoft.net\/shop\/"},{"@type":"ListItem","position":2,"name":"Tienda","item":"https:\/\/aivlisoft.net\/shop\/tienda\/"},{"@type":"ListItem","position":3,"name":"TCL 40S5400A TV 40&#8243; FHD STVAnd USB HDMI"}]},{"@type":"WebSite","@id":"https:\/\/aivlisoft.net\/shop\/#website","url":"https:\/\/aivlisoft.net\/shop\/","name":"Aivlisoft Inform\u00e1tica","description":"En Aivlisoft Inform\u00e1tica ofrecemos soluciones tecnol\u00f3gicas para empresas: venta de ordenadores, consumibles, perif\u00e9ricos y m\u00e1s. Calidad, atenci\u00f3n personalizada y los mejores precios para tu negocio.","publisher":{"@id":"https:\/\/aivlisoft.net\/shop\/#organization"},"potentialAction":[{"@type":"SearchAction","target":{"@type":"EntryPoint","urlTemplate":"https:\/\/aivlisoft.net\/shop\/?s={search_term_string}"},"query-input":{"@type":"PropertyValueSpecification","valueRequired":true,"valueName":"search_term_string"}}],"inLanguage":"es"},{"@type":"Organization","@id":"https:\/\/aivlisoft.net\/shop\/#organization","name":"Aivlisoft Inform\u00e1tica","url":"https:\/\/aivlisoft.net\/shop\/","logo":{"@type":"ImageObject","inLanguage":"es","@id":"https:\/\/aivlisoft.net\/shop\/#\/schema\/logo\/image\/","url":"https:\/\/aivlisoft.net\/shop\/wp-content\/uploads\/2024\/12\/removal.ai_5b848c54-0cdf-4140-95c5-c5536bb7573b-logodef.png","contentUrl":"https:\/\/aivlisoft.net\/shop\/wp-content\/uploads\/2024\/12\/removal.ai_5b848c54-0cdf-4140-95c5-c5536bb7573b-logodef.png","width":484,"height":182,"caption":"Aivlisoft Inform\u00e1tica"},"image":{"@id":"https:\/\/aivlisoft.net\/shop\/#\/schema\/logo\/image\/"}}]}},"_links":{"self":[{"href":"https:\/\/aivlisoft.net\/shop\/wp-json\/wp\/v2\/product\/17433","targetHints":{"allow":["GET"]}}],"collection":[{"href":"https:\/\/aivlisoft.net\/shop\/wp-json\/wp\/v2\/product"}],"about":[{"href":"https:\/\/aivlisoft.net\/shop\/wp-json\/wp\/v2\/types\/product"}],"wp:featuredmedia":[{"embeddable":true,"href":"https:\/\/aivlisoft.net\/shop\/wp-json\/wp\/v2\/media\/17434"}],"wp:attachment":[{"href":"https:\/\/aivlisoft.net\/shop\/wp-json\/wp\/v2\/media?parent=17433"}],"wp:term":[{"taxonomy":"product_brand","embeddable":true,"href":"https:\/\/aivlisoft.net\/shop\/wp-json\/wp\/v2\/product_brand?post=17433"},{"taxonomy":"product_cat","embeddable":true,"href":"https:\/\/aivlisoft.net\/shop\/wp-json\/wp\/v2\/product_cat?post=17433"},{"taxonomy":"product_tag","embeddable":true,"href":"https:\/\/aivlisoft.net\/shop\/wp-json\/wp\/v2\/product_tag?post=17433"}],"curies":[{"name":"wp","href":"https:\/\/api.w.org\/{rel}","templated":true}]}}