{"id":17416,"date":"2025-01-13T15:11:57","date_gmt":"2025-01-13T15:11:57","guid":{"rendered":"https:\/\/aivlisoft.com\/?post_type=product&#038;p=17416"},"modified":"2025-01-14T20:29:35","modified_gmt":"2025-01-14T20:29:35","slug":"lg-43ur78006lk-tv-43-led-4k-smart-tv-usb-hdmi-bth","status":"publish","type":"product","link":"https:\/\/aivlisoft.net\/shop\/producto\/lg-43ur78006lk-tv-43-led-4k-smart-tv-usb-hdmi-bth\/","title":{"rendered":"LG 43UR78006LK TV 43&#8243; LED 4K Smart TV USB HDMI Bth"},"content":{"rendered":"<p><\/p>\n<table class=\"tabla_caracteristicas k-table\" width=\"100%\">\n<tr>\n<td valign=\"top\"><strong>Marca<\/strong><\/td>\n<td><strong>LG<\/strong><\/td>\n<\/tr>\n<tr>\n<td valign=\"top\"><strong>Modelo<\/strong><\/td>\n<td><strong>43UR78006LK<\/strong><\/td>\n<\/tr>\n<tr>\n<td valign=\"top\"><strong>Pantalla<\/strong><\/td>\n<td>&#8211; Tama&ntilde;o de pantalla:<strong> 43&#8243; <\/strong><br \/>\t\t\t&#8211; Resoluci&oacute;n: 3840 x 2160 4K Ultra HD<br \/>\t\t\t&#8211; Diagonal de la pantalla: 108.0 cm<br \/>\t\t\t&#8211; Superficie visible de la pantalla: 49.8 dm&sup2;<br \/>\t\t\t&#8211; Tecnolog&iacute;a usada en el panel: LED LCD<br \/>\t\t\t&#8211; Ratio de tama&ntilde;o (X : Y): 16:9<br \/>\t\t\t&#8211; Control autom&aacute;tico de brillo (ABC) disponible<br \/>\t\t\t&#8211; Frecuencia de refresco de la imagen 60 Hz<\/td>\n<\/tr>\n<tr>\n<td valign=\"top\"><strong>Conexi&oacute;n<\/strong><\/td>\n<td>&#8211; 2 x USB 2.0<br \/>\t\t\t&#8211; 1 x HDMI 1.2<br \/>\t\t\t&#8211; 1 x Ethernet LAN<br \/>\t\t\t&#8211; Adaptador alimentaci&oacute;n<br \/>\t\t\t&#8211; Wi-Fi 5 (802.11ac)<br \/>\t\t\t&#8211; Bluetooth 5.0<\/td>\n<\/tr>\n<tr>\n<td valign=\"top\"><strong>Otras caracter&iacute;sticas<\/strong><\/td>\n<td>&#8211; Smart TV<br \/>\t\t\t&#8211; HDCP<br \/>\t\t\t<strong>Sonido<\/strong><br \/>\t\t\t&#8211; 2 x altavoces<br \/>\t\t\t&#8211; Dolby Atmos, Dolby Digital<br \/>\t\t\t<strong>Alimentaci&oacute;n<\/strong><br \/>\t\t\t&#8211; Potencia en modo encendido para el alto rango din&aacute;mico (HDR): 83.0 W<br \/>\t\t\t&#8211; Potencia en modo preparado: 0.5 W<br \/>\t\t\t&#8211; Potencia en modo preparado en red 2.0 W<br \/>\t\t\t<strong>Dimensiones y peso<\/strong><br \/>\t\t\t&#8211; 967 x 200 x 621 mm<br \/>\t\t\t&#8211; 8.9 kg<\/td>\n<\/tr>\n<tr>\n<td valign=\"top\"><strong>Certificado energ&eacute;tico<\/strong><\/td>\n<td><a alt=\"Certificado energ&Atilde;&#402;??&Atilde;&#402;?&Atilde;&#8218;&Acirc;&copy;tico\" href=\"https:\/\/www.infortisa.com\/images\/content\/2023051913474128844MTVLED0781.webp\" target=\"_blank\">Ver certificado<\/a><\/td>\n<\/tr>\n<tr>\n<td valign=\"top\"><strong>Fecha de revisi&oacute;n<\/strong><\/td>\n<td>01-02-2024 por RTY<\/td>\n<\/tr>\n<\/table>\n","protected":false},"excerpt":{"rendered":"<p>Marca LG Modelo 43UR78006LK Pantalla &#8211; Tama&ntilde;o de pantalla: 43&#8243; &#8211; Resoluci&oacute;n: 3840 x 2160 4K Ultra HD &#8211; Diagonal de la pantalla: 108.0 cm &#8211; Superficie visible de la pantalla: 49.8 dm&sup2; &#8211; Tecnolog&iacute;a usada en el panel: LED LCD &#8211; Ratio de tama&ntilde;o (X : Y): 16:9 &#8211; Control autom&aacute;tico de brillo (ABC)&hellip;&nbsp;<a href=\"https:\/\/aivlisoft.net\/shop\/producto\/lg-43ur78006lk-tv-43-led-4k-smart-tv-usb-hdmi-bth\/\" rel=\"bookmark\"><span class=\"screen-reader-text\">LG 43UR78006LK TV 43&#8243; LED 4K Smart TV USB HDMI Bth<\/span><\/a><\/p>\n","protected":false},"featured_media":17417,"template":"","meta":{"neve_meta_sidebar":"","neve_meta_container":"","neve_meta_enable_content_width":"","neve_meta_content_width":0,"neve_meta_title_alignment":"","neve_meta_author_avatar":"","neve_post_elements_order":"","neve_meta_disable_header":"","neve_meta_disable_footer":"","neve_meta_disable_title":""},"product_brand":[],"product_cat":[15,8794],"product_tag":[6403],"class_list":{"0":"post-17416","1":"product","2":"type-product","3":"status-publish","4":"has-post-thumbnail","6":"product_cat-sin-categorizar","7":"product_cat-tv","8":"product_tag-43ur78006lk","10":"first","11":"instock","12":"taxable","13":"shipping-taxable","14":"purchasable","15":"product-type-simple"},"yoast_head":"<!-- This site is optimized with the Yoast SEO plugin v26.0 - https:\/\/yoast.com\/wordpress\/plugins\/seo\/ -->\n<title>LG 43UR78006LK TV 43&quot; LED 4K Smart TV USB HDMI Bth - Aivlisoft Inform\u00e1tica<\/title>\n<meta name=\"robots\" content=\"index, follow, max-snippet:-1, max-image-preview:large, max-video-preview:-1\" \/>\n<link rel=\"canonical\" href=\"https:\/\/aivlisoft.net\/shop\/producto\/lg-43ur78006lk-tv-43-led-4k-smart-tv-usb-hdmi-bth\/\" \/>\n<meta property=\"og:locale\" content=\"es_ES\" \/>\n<meta property=\"og:type\" content=\"article\" \/>\n<meta property=\"og:title\" content=\"LG 43UR78006LK TV 43&quot; LED 4K Smart TV USB HDMI Bth - Aivlisoft Inform\u00e1tica\" \/>\n<meta property=\"og:description\" content=\"Marca LG Modelo 43UR78006LK Pantalla &#8211; Tama&ntilde;o de pantalla: 43&#8243; &#8211; Resoluci&oacute;n: 3840 x 2160 4K Ultra HD &#8211; Diagonal de la pantalla: 108.0 cm &#8211; Superficie visible de la pantalla: 49.8 dm&sup2; &#8211; Tecnolog&iacute;a usada en el panel: LED LCD &#8211; Ratio de tama&ntilde;o (X : Y): 16:9 &#8211; Control autom&aacute;tico de brillo (ABC)&hellip;&nbsp;LG 43UR78006LK TV 43&#8243; LED 4K Smart TV USB HDMI Bth\" \/>\n<meta property=\"og:url\" content=\"https:\/\/aivlisoft.net\/shop\/producto\/lg-43ur78006lk-tv-43-led-4k-smart-tv-usb-hdmi-bth\/\" \/>\n<meta property=\"og:site_name\" content=\"Aivlisoft Inform\u00e1tica\" \/>\n<meta property=\"article:modified_time\" content=\"2025-01-14T20:29:35+00:00\" \/>\n<meta property=\"og:image\" content=\"https:\/\/aivlisoft.net\/shop\/wp-content\/uploads\/2025\/01\/MTVLED0781_800.jpg\" \/>\n\t<meta property=\"og:image:width\" content=\"800\" \/>\n\t<meta property=\"og:image:height\" content=\"800\" \/>\n\t<meta property=\"og:image:type\" content=\"image\/jpeg\" \/>\n<meta name=\"twitter:card\" content=\"summary_large_image\" \/>\n<meta name=\"twitter:label1\" content=\"Tiempo de lectura\" \/>\n\t<meta name=\"twitter:data1\" content=\"1 minuto\" \/>\n<script type=\"application\/ld+json\" class=\"yoast-schema-graph\">{\"@context\":\"https:\/\/schema.org\",\"@graph\":[{\"@type\":\"WebPage\",\"@id\":\"https:\/\/aivlisoft.net\/shop\/producto\/lg-43ur78006lk-tv-43-led-4k-smart-tv-usb-hdmi-bth\/\",\"url\":\"https:\/\/aivlisoft.net\/shop\/producto\/lg-43ur78006lk-tv-43-led-4k-smart-tv-usb-hdmi-bth\/\",\"name\":\"LG 43UR78006LK TV 43\\\" LED 4K Smart TV USB HDMI Bth - Aivlisoft Inform\u00e1tica\",\"isPartOf\":{\"@id\":\"https:\/\/aivlisoft.net\/shop\/#website\"},\"primaryImageOfPage\":{\"@id\":\"https:\/\/aivlisoft.net\/shop\/producto\/lg-43ur78006lk-tv-43-led-4k-smart-tv-usb-hdmi-bth\/#primaryimage\"},\"image\":{\"@id\":\"https:\/\/aivlisoft.net\/shop\/producto\/lg-43ur78006lk-tv-43-led-4k-smart-tv-usb-hdmi-bth\/#primaryimage\"},\"thumbnailUrl\":\"https:\/\/aivlisoft.net\/shop\/wp-content\/uploads\/2025\/01\/MTVLED0781_800.jpg\",\"datePublished\":\"2025-01-13T15:11:57+00:00\",\"dateModified\":\"2025-01-14T20:29:35+00:00\",\"breadcrumb\":{\"@id\":\"https:\/\/aivlisoft.net\/shop\/producto\/lg-43ur78006lk-tv-43-led-4k-smart-tv-usb-hdmi-bth\/#breadcrumb\"},\"inLanguage\":\"es\",\"potentialAction\":[{\"@type\":\"ReadAction\",\"target\":[\"https:\/\/aivlisoft.net\/shop\/producto\/lg-43ur78006lk-tv-43-led-4k-smart-tv-usb-hdmi-bth\/\"]}]},{\"@type\":\"ImageObject\",\"inLanguage\":\"es\",\"@id\":\"https:\/\/aivlisoft.net\/shop\/producto\/lg-43ur78006lk-tv-43-led-4k-smart-tv-usb-hdmi-bth\/#primaryimage\",\"url\":\"https:\/\/aivlisoft.net\/shop\/wp-content\/uploads\/2025\/01\/MTVLED0781_800.jpg\",\"contentUrl\":\"https:\/\/aivlisoft.net\/shop\/wp-content\/uploads\/2025\/01\/MTVLED0781_800.jpg\",\"width\":800,\"height\":800},{\"@type\":\"BreadcrumbList\",\"@id\":\"https:\/\/aivlisoft.net\/shop\/producto\/lg-43ur78006lk-tv-43-led-4k-smart-tv-usb-hdmi-bth\/#breadcrumb\",\"itemListElement\":[{\"@type\":\"ListItem\",\"position\":1,\"name\":\"Portada\",\"item\":\"https:\/\/aivlisoft.net\/shop\/\"},{\"@type\":\"ListItem\",\"position\":2,\"name\":\"Tienda\",\"item\":\"https:\/\/aivlisoft.net\/shop\/tienda\/\"},{\"@type\":\"ListItem\",\"position\":3,\"name\":\"LG 43UR78006LK TV 43&#8243; LED 4K Smart TV USB HDMI Bth\"}]},{\"@type\":\"WebSite\",\"@id\":\"https:\/\/aivlisoft.net\/shop\/#website\",\"url\":\"https:\/\/aivlisoft.net\/shop\/\",\"name\":\"Aivlisoft Inform\u00e1tica\",\"description\":\"En Aivlisoft Inform\u00e1tica ofrecemos soluciones tecnol\u00f3gicas para empresas: venta de ordenadores, consumibles, perif\u00e9ricos y m\u00e1s. Calidad, atenci\u00f3n personalizada y los mejores precios para tu negocio.\",\"publisher\":{\"@id\":\"https:\/\/aivlisoft.net\/shop\/#organization\"},\"potentialAction\":[{\"@type\":\"SearchAction\",\"target\":{\"@type\":\"EntryPoint\",\"urlTemplate\":\"https:\/\/aivlisoft.net\/shop\/?s={search_term_string}\"},\"query-input\":{\"@type\":\"PropertyValueSpecification\",\"valueRequired\":true,\"valueName\":\"search_term_string\"}}],\"inLanguage\":\"es\"},{\"@type\":\"Organization\",\"@id\":\"https:\/\/aivlisoft.net\/shop\/#organization\",\"name\":\"Aivlisoft Inform\u00e1tica\",\"url\":\"https:\/\/aivlisoft.net\/shop\/\",\"logo\":{\"@type\":\"ImageObject\",\"inLanguage\":\"es\",\"@id\":\"https:\/\/aivlisoft.net\/shop\/#\/schema\/logo\/image\/\",\"url\":\"https:\/\/aivlisoft.net\/shop\/wp-content\/uploads\/2024\/12\/removal.ai_5b848c54-0cdf-4140-95c5-c5536bb7573b-logodef.png\",\"contentUrl\":\"https:\/\/aivlisoft.net\/shop\/wp-content\/uploads\/2024\/12\/removal.ai_5b848c54-0cdf-4140-95c5-c5536bb7573b-logodef.png\",\"width\":484,\"height\":182,\"caption\":\"Aivlisoft Inform\u00e1tica\"},\"image\":{\"@id\":\"https:\/\/aivlisoft.net\/shop\/#\/schema\/logo\/image\/\"}}]}<\/script>\n<!-- \/ Yoast SEO plugin. -->","yoast_head_json":{"title":"LG 43UR78006LK TV 43\" LED 4K Smart TV USB HDMI Bth - Aivlisoft Inform\u00e1tica","robots":{"index":"index","follow":"follow","max-snippet":"max-snippet:-1","max-image-preview":"max-image-preview:large","max-video-preview":"max-video-preview:-1"},"canonical":"https:\/\/aivlisoft.net\/shop\/producto\/lg-43ur78006lk-tv-43-led-4k-smart-tv-usb-hdmi-bth\/","og_locale":"es_ES","og_type":"article","og_title":"LG 43UR78006LK TV 43\" LED 4K Smart TV USB HDMI Bth - Aivlisoft Inform\u00e1tica","og_description":"Marca LG Modelo 43UR78006LK Pantalla &#8211; Tama&ntilde;o de pantalla: 43&#8243; &#8211; Resoluci&oacute;n: 3840 x 2160 4K Ultra HD &#8211; Diagonal de la pantalla: 108.0 cm &#8211; Superficie visible de la pantalla: 49.8 dm&sup2; &#8211; Tecnolog&iacute;a usada en el panel: LED LCD &#8211; Ratio de tama&ntilde;o (X : Y): 16:9 &#8211; Control autom&aacute;tico de brillo (ABC)&hellip;&nbsp;LG 43UR78006LK TV 43&#8243; LED 4K Smart TV USB HDMI Bth","og_url":"https:\/\/aivlisoft.net\/shop\/producto\/lg-43ur78006lk-tv-43-led-4k-smart-tv-usb-hdmi-bth\/","og_site_name":"Aivlisoft Inform\u00e1tica","article_modified_time":"2025-01-14T20:29:35+00:00","og_image":[{"width":800,"height":800,"url":"https:\/\/aivlisoft.net\/shop\/wp-content\/uploads\/2025\/01\/MTVLED0781_800.jpg","type":"image\/jpeg"}],"twitter_card":"summary_large_image","twitter_misc":{"Tiempo de lectura":"1 minuto"},"schema":{"@context":"https:\/\/schema.org","@graph":[{"@type":"WebPage","@id":"https:\/\/aivlisoft.net\/shop\/producto\/lg-43ur78006lk-tv-43-led-4k-smart-tv-usb-hdmi-bth\/","url":"https:\/\/aivlisoft.net\/shop\/producto\/lg-43ur78006lk-tv-43-led-4k-smart-tv-usb-hdmi-bth\/","name":"LG 43UR78006LK TV 43\" LED 4K Smart TV USB HDMI Bth - Aivlisoft Inform\u00e1tica","isPartOf":{"@id":"https:\/\/aivlisoft.net\/shop\/#website"},"primaryImageOfPage":{"@id":"https:\/\/aivlisoft.net\/shop\/producto\/lg-43ur78006lk-tv-43-led-4k-smart-tv-usb-hdmi-bth\/#primaryimage"},"image":{"@id":"https:\/\/aivlisoft.net\/shop\/producto\/lg-43ur78006lk-tv-43-led-4k-smart-tv-usb-hdmi-bth\/#primaryimage"},"thumbnailUrl":"https:\/\/aivlisoft.net\/shop\/wp-content\/uploads\/2025\/01\/MTVLED0781_800.jpg","datePublished":"2025-01-13T15:11:57+00:00","dateModified":"2025-01-14T20:29:35+00:00","breadcrumb":{"@id":"https:\/\/aivlisoft.net\/shop\/producto\/lg-43ur78006lk-tv-43-led-4k-smart-tv-usb-hdmi-bth\/#breadcrumb"},"inLanguage":"es","potentialAction":[{"@type":"ReadAction","target":["https:\/\/aivlisoft.net\/shop\/producto\/lg-43ur78006lk-tv-43-led-4k-smart-tv-usb-hdmi-bth\/"]}]},{"@type":"ImageObject","inLanguage":"es","@id":"https:\/\/aivlisoft.net\/shop\/producto\/lg-43ur78006lk-tv-43-led-4k-smart-tv-usb-hdmi-bth\/#primaryimage","url":"https:\/\/aivlisoft.net\/shop\/wp-content\/uploads\/2025\/01\/MTVLED0781_800.jpg","contentUrl":"https:\/\/aivlisoft.net\/shop\/wp-content\/uploads\/2025\/01\/MTVLED0781_800.jpg","width":800,"height":800},{"@type":"BreadcrumbList","@id":"https:\/\/aivlisoft.net\/shop\/producto\/lg-43ur78006lk-tv-43-led-4k-smart-tv-usb-hdmi-bth\/#breadcrumb","itemListElement":[{"@type":"ListItem","position":1,"name":"Portada","item":"https:\/\/aivlisoft.net\/shop\/"},{"@type":"ListItem","position":2,"name":"Tienda","item":"https:\/\/aivlisoft.net\/shop\/tienda\/"},{"@type":"ListItem","position":3,"name":"LG 43UR78006LK TV 43&#8243; LED 4K Smart TV USB HDMI Bth"}]},{"@type":"WebSite","@id":"https:\/\/aivlisoft.net\/shop\/#website","url":"https:\/\/aivlisoft.net\/shop\/","name":"Aivlisoft Inform\u00e1tica","description":"En Aivlisoft Inform\u00e1tica ofrecemos soluciones tecnol\u00f3gicas para empresas: venta de ordenadores, consumibles, perif\u00e9ricos y m\u00e1s. Calidad, atenci\u00f3n personalizada y los mejores precios para tu negocio.","publisher":{"@id":"https:\/\/aivlisoft.net\/shop\/#organization"},"potentialAction":[{"@type":"SearchAction","target":{"@type":"EntryPoint","urlTemplate":"https:\/\/aivlisoft.net\/shop\/?s={search_term_string}"},"query-input":{"@type":"PropertyValueSpecification","valueRequired":true,"valueName":"search_term_string"}}],"inLanguage":"es"},{"@type":"Organization","@id":"https:\/\/aivlisoft.net\/shop\/#organization","name":"Aivlisoft Inform\u00e1tica","url":"https:\/\/aivlisoft.net\/shop\/","logo":{"@type":"ImageObject","inLanguage":"es","@id":"https:\/\/aivlisoft.net\/shop\/#\/schema\/logo\/image\/","url":"https:\/\/aivlisoft.net\/shop\/wp-content\/uploads\/2024\/12\/removal.ai_5b848c54-0cdf-4140-95c5-c5536bb7573b-logodef.png","contentUrl":"https:\/\/aivlisoft.net\/shop\/wp-content\/uploads\/2024\/12\/removal.ai_5b848c54-0cdf-4140-95c5-c5536bb7573b-logodef.png","width":484,"height":182,"caption":"Aivlisoft Inform\u00e1tica"},"image":{"@id":"https:\/\/aivlisoft.net\/shop\/#\/schema\/logo\/image\/"}}]}},"_links":{"self":[{"href":"https:\/\/aivlisoft.net\/shop\/wp-json\/wp\/v2\/product\/17416","targetHints":{"allow":["GET"]}}],"collection":[{"href":"https:\/\/aivlisoft.net\/shop\/wp-json\/wp\/v2\/product"}],"about":[{"href":"https:\/\/aivlisoft.net\/shop\/wp-json\/wp\/v2\/types\/product"}],"wp:featuredmedia":[{"embeddable":true,"href":"https:\/\/aivlisoft.net\/shop\/wp-json\/wp\/v2\/media\/17417"}],"wp:attachment":[{"href":"https:\/\/aivlisoft.net\/shop\/wp-json\/wp\/v2\/media?parent=17416"}],"wp:term":[{"taxonomy":"product_brand","embeddable":true,"href":"https:\/\/aivlisoft.net\/shop\/wp-json\/wp\/v2\/product_brand?post=17416"},{"taxonomy":"product_cat","embeddable":true,"href":"https:\/\/aivlisoft.net\/shop\/wp-json\/wp\/v2\/product_cat?post=17416"},{"taxonomy":"product_tag","embeddable":true,"href":"https:\/\/aivlisoft.net\/shop\/wp-json\/wp\/v2\/product_tag?post=17416"}],"curies":[{"name":"wp","href":"https:\/\/api.w.org\/{rel}","templated":true}]}}