{"id":17380,"date":"2025-01-13T15:11:37","date_gmt":"2025-01-13T15:11:37","guid":{"rendered":"https:\/\/aivlisoft.com\/?post_type=product&#038;p=17380"},"modified":"2025-01-14T11:32:54","modified_gmt":"2025-01-14T11:32:54","slug":"adata-microsdxc-sdhc-uhs-i-u3-256gb-c-adapt","status":"publish","type":"product","link":"https:\/\/aivlisoft.net\/shop\/producto\/adata-microsdxc-sdhc-uhs-i-u3-256gb-c-adapt\/","title":{"rendered":"ADATA microSDXC\/SDHC UHS-I U3 256GB c\/adapt"},"content":{"rendered":"<p><\/p>\n<table class=\"tabla_caracteristicas\" width=\"100%\">\n<tr>\n<td valign=\"top\"><strong>Marca<\/strong><\/td>\n<td>Adata<\/td>\n<\/tr>\n<tr>\n<td valign=\"top\"><strong>Modelo<\/strong><\/td>\n<td><strong>AUSDX256GUI3V30SA2<\/strong><\/td>\n<\/tr>\n<tr>\n<td valign=\"top\"><strong>Caracter&iacute;sticas<\/strong><\/td>\n<td>&#8211; Capacidad: <strong>256 GB <\/strong><br \/>\t\t\t&#8211; Est&aacute;ndar: SD 6.0<br \/>\t\t\t&#8211; Clase de velocidad:<br \/>\t\t\t&nbsp; Velocidad UHS : Clase 3<br \/>\t\t\t&nbsp; Clase de velocidad : Clase 10<br \/>\t\t\t&nbsp; Clase de velocidad de v&iacute;deo : V30<br \/>\t\t\t&#8211; Voltaje de trabajo: 2,7V &#8211; 3,6V<br \/>\t\t\t&#8211; Clase de rendimiento de la aplicaci&oacute;n: A2<br \/>\t\t\t&#8211; Rendimiento de lectura y escritura: Hasta 100MB \/ 85MB por seg<br \/>\t\t\t* Velocidad de lectura \/ escritura basada en pruebas internas de ADATA, el rendimiento real puede variar<br \/>\t\t\t&#8211; Temperatura de funcionamiento: -25&deg;C &#8211; 85&deg;C<br \/>\t\t\t&#8211; Certificaciones: CE, FCC, VCCI, EAC, RCM, UKCA, IC<br \/>\t\t\t&#8211; Compatibilidad: Tel&eacute;fonos inteligentes \/ tabletas<br \/>\t\t\tDimensiones y peso<br \/>\t\t\t&#8211; 15 x 11 x 1mm<br \/>\t\t\t&#8211; 0,25g<\/td>\n<\/tr>\n<tr>\n<td valign=\"top\"><strong>Fecha de revisi&oacute;n<\/strong><\/td>\n<td>23-07-2024 por RTY<\/td>\n<\/tr>\n<\/table>\n","protected":false},"excerpt":{"rendered":"<p>Marca Adata Modelo AUSDX256GUI3V30SA2 Caracter&iacute;sticas &#8211; Capacidad: 256 GB &#8211; Est&aacute;ndar: SD 6.0 &#8211; Clase de velocidad: &nbsp; Velocidad UHS : Clase 3 &nbsp; Clase de velocidad : Clase 10 &nbsp; Clase de velocidad de v&iacute;deo : V30 &#8211; Voltaje de trabajo: 2,7V &#8211; 3,6V &#8211; Clase de rendimiento de la aplicaci&oacute;n: A2 &#8211; Rendimiento&hellip;&nbsp;<a href=\"https:\/\/aivlisoft.net\/shop\/producto\/adata-microsdxc-sdhc-uhs-i-u3-256gb-c-adapt\/\" rel=\"bookmark\"><span class=\"screen-reader-text\">ADATA microSDXC\/SDHC UHS-I U3 256GB c\/adapt<\/span><\/a><\/p>\n","protected":false},"featured_media":17381,"template":"","meta":{"neve_meta_sidebar":"","neve_meta_container":"","neve_meta_enable_content_width":"","neve_meta_content_width":0,"neve_meta_title_alignment":"","neve_meta_author_avatar":"","neve_post_elements_order":"","neve_meta_disable_header":"","neve_meta_disable_footer":"","neve_meta_disable_title":""},"product_brand":[],"product_cat":[8762],"product_tag":[6391],"class_list":{"0":"post-17380","1":"product","2":"type-product","3":"status-publish","4":"has-post-thumbnail","6":"product_cat-secure-digital","7":"product_tag-ausdx256gui3v30sa2","9":"first","10":"instock","11":"taxable","12":"shipping-taxable","13":"purchasable","14":"product-type-simple"},"yoast_head":"<!-- This site is optimized with the Yoast SEO plugin v26.0 - https:\/\/yoast.com\/wordpress\/plugins\/seo\/ -->\n<title>ADATA microSDXC\/SDHC UHS-I U3 256GB c\/adapt - Aivlisoft Inform\u00e1tica<\/title>\n<meta name=\"robots\" content=\"index, follow, max-snippet:-1, max-image-preview:large, max-video-preview:-1\" \/>\n<link rel=\"canonical\" href=\"https:\/\/aivlisoft.net\/shop\/producto\/adata-microsdxc-sdhc-uhs-i-u3-256gb-c-adapt\/\" \/>\n<meta property=\"og:locale\" content=\"es_ES\" \/>\n<meta property=\"og:type\" content=\"article\" \/>\n<meta property=\"og:title\" content=\"ADATA microSDXC\/SDHC UHS-I U3 256GB c\/adapt - Aivlisoft Inform\u00e1tica\" \/>\n<meta property=\"og:description\" content=\"Marca Adata Modelo AUSDX256GUI3V30SA2 Caracter&iacute;sticas &#8211; Capacidad: 256 GB &#8211; Est&aacute;ndar: SD 6.0 &#8211; Clase de velocidad: &nbsp; Velocidad UHS : Clase 3 &nbsp; Clase de velocidad : Clase 10 &nbsp; Clase de velocidad de v&iacute;deo : V30 &#8211; Voltaje de trabajo: 2,7V &#8211; 3,6V &#8211; Clase de rendimiento de la aplicaci&oacute;n: A2 &#8211; Rendimiento&hellip;&nbsp;ADATA microSDXC\/SDHC UHS-I U3 256GB c\/adapt\" \/>\n<meta property=\"og:url\" content=\"https:\/\/aivlisoft.net\/shop\/producto\/adata-microsdxc-sdhc-uhs-i-u3-256gb-c-adapt\/\" \/>\n<meta property=\"og:site_name\" content=\"Aivlisoft Inform\u00e1tica\" \/>\n<meta property=\"article:modified_time\" content=\"2025-01-14T11:32:54+00:00\" \/>\n<meta property=\"og:image\" content=\"https:\/\/aivlisoft.net\/shop\/wp-content\/uploads\/2025\/01\/MTMSDM0292_800.jpg\" \/>\n\t<meta property=\"og:image:width\" content=\"800\" \/>\n\t<meta property=\"og:image:height\" content=\"800\" \/>\n\t<meta property=\"og:image:type\" content=\"image\/jpeg\" \/>\n<meta name=\"twitter:card\" content=\"summary_large_image\" \/>\n<meta name=\"twitter:label1\" content=\"Tiempo de lectura\" \/>\n\t<meta name=\"twitter:data1\" content=\"1 minuto\" \/>\n<script type=\"application\/ld+json\" class=\"yoast-schema-graph\">{\"@context\":\"https:\/\/schema.org\",\"@graph\":[{\"@type\":\"WebPage\",\"@id\":\"https:\/\/aivlisoft.net\/shop\/producto\/adata-microsdxc-sdhc-uhs-i-u3-256gb-c-adapt\/\",\"url\":\"https:\/\/aivlisoft.net\/shop\/producto\/adata-microsdxc-sdhc-uhs-i-u3-256gb-c-adapt\/\",\"name\":\"ADATA microSDXC\/SDHC UHS-I U3 256GB c\/adapt - Aivlisoft Inform\u00e1tica\",\"isPartOf\":{\"@id\":\"https:\/\/aivlisoft.net\/shop\/#website\"},\"primaryImageOfPage\":{\"@id\":\"https:\/\/aivlisoft.net\/shop\/producto\/adata-microsdxc-sdhc-uhs-i-u3-256gb-c-adapt\/#primaryimage\"},\"image\":{\"@id\":\"https:\/\/aivlisoft.net\/shop\/producto\/adata-microsdxc-sdhc-uhs-i-u3-256gb-c-adapt\/#primaryimage\"},\"thumbnailUrl\":\"https:\/\/aivlisoft.net\/shop\/wp-content\/uploads\/2025\/01\/MTMSDM0292_800.jpg\",\"datePublished\":\"2025-01-13T15:11:37+00:00\",\"dateModified\":\"2025-01-14T11:32:54+00:00\",\"breadcrumb\":{\"@id\":\"https:\/\/aivlisoft.net\/shop\/producto\/adata-microsdxc-sdhc-uhs-i-u3-256gb-c-adapt\/#breadcrumb\"},\"inLanguage\":\"es\",\"potentialAction\":[{\"@type\":\"ReadAction\",\"target\":[\"https:\/\/aivlisoft.net\/shop\/producto\/adata-microsdxc-sdhc-uhs-i-u3-256gb-c-adapt\/\"]}]},{\"@type\":\"ImageObject\",\"inLanguage\":\"es\",\"@id\":\"https:\/\/aivlisoft.net\/shop\/producto\/adata-microsdxc-sdhc-uhs-i-u3-256gb-c-adapt\/#primaryimage\",\"url\":\"https:\/\/aivlisoft.net\/shop\/wp-content\/uploads\/2025\/01\/MTMSDM0292_800.jpg\",\"contentUrl\":\"https:\/\/aivlisoft.net\/shop\/wp-content\/uploads\/2025\/01\/MTMSDM0292_800.jpg\",\"width\":800,\"height\":800},{\"@type\":\"BreadcrumbList\",\"@id\":\"https:\/\/aivlisoft.net\/shop\/producto\/adata-microsdxc-sdhc-uhs-i-u3-256gb-c-adapt\/#breadcrumb\",\"itemListElement\":[{\"@type\":\"ListItem\",\"position\":1,\"name\":\"Portada\",\"item\":\"https:\/\/aivlisoft.net\/shop\/\"},{\"@type\":\"ListItem\",\"position\":2,\"name\":\"Tienda\",\"item\":\"https:\/\/aivlisoft.net\/shop\/tienda\/\"},{\"@type\":\"ListItem\",\"position\":3,\"name\":\"ADATA microSDXC\/SDHC UHS-I U3 256GB c\/adapt\"}]},{\"@type\":\"WebSite\",\"@id\":\"https:\/\/aivlisoft.net\/shop\/#website\",\"url\":\"https:\/\/aivlisoft.net\/shop\/\",\"name\":\"Aivlisoft Inform\u00e1tica\",\"description\":\"En Aivlisoft Inform\u00e1tica ofrecemos soluciones tecnol\u00f3gicas para empresas: venta de ordenadores, consumibles, perif\u00e9ricos y m\u00e1s. Calidad, atenci\u00f3n personalizada y los mejores precios para tu negocio.\",\"publisher\":{\"@id\":\"https:\/\/aivlisoft.net\/shop\/#organization\"},\"potentialAction\":[{\"@type\":\"SearchAction\",\"target\":{\"@type\":\"EntryPoint\",\"urlTemplate\":\"https:\/\/aivlisoft.net\/shop\/?s={search_term_string}\"},\"query-input\":{\"@type\":\"PropertyValueSpecification\",\"valueRequired\":true,\"valueName\":\"search_term_string\"}}],\"inLanguage\":\"es\"},{\"@type\":\"Organization\",\"@id\":\"https:\/\/aivlisoft.net\/shop\/#organization\",\"name\":\"Aivlisoft Inform\u00e1tica\",\"url\":\"https:\/\/aivlisoft.net\/shop\/\",\"logo\":{\"@type\":\"ImageObject\",\"inLanguage\":\"es\",\"@id\":\"https:\/\/aivlisoft.net\/shop\/#\/schema\/logo\/image\/\",\"url\":\"https:\/\/aivlisoft.net\/shop\/wp-content\/uploads\/2024\/12\/removal.ai_5b848c54-0cdf-4140-95c5-c5536bb7573b-logodef.png\",\"contentUrl\":\"https:\/\/aivlisoft.net\/shop\/wp-content\/uploads\/2024\/12\/removal.ai_5b848c54-0cdf-4140-95c5-c5536bb7573b-logodef.png\",\"width\":484,\"height\":182,\"caption\":\"Aivlisoft Inform\u00e1tica\"},\"image\":{\"@id\":\"https:\/\/aivlisoft.net\/shop\/#\/schema\/logo\/image\/\"}}]}<\/script>\n<!-- \/ Yoast SEO plugin. -->","yoast_head_json":{"title":"ADATA microSDXC\/SDHC UHS-I U3 256GB c\/adapt - Aivlisoft Inform\u00e1tica","robots":{"index":"index","follow":"follow","max-snippet":"max-snippet:-1","max-image-preview":"max-image-preview:large","max-video-preview":"max-video-preview:-1"},"canonical":"https:\/\/aivlisoft.net\/shop\/producto\/adata-microsdxc-sdhc-uhs-i-u3-256gb-c-adapt\/","og_locale":"es_ES","og_type":"article","og_title":"ADATA microSDXC\/SDHC UHS-I U3 256GB c\/adapt - Aivlisoft Inform\u00e1tica","og_description":"Marca Adata Modelo AUSDX256GUI3V30SA2 Caracter&iacute;sticas &#8211; Capacidad: 256 GB &#8211; Est&aacute;ndar: SD 6.0 &#8211; Clase de velocidad: &nbsp; Velocidad UHS : Clase 3 &nbsp; Clase de velocidad : Clase 10 &nbsp; Clase de velocidad de v&iacute;deo : V30 &#8211; Voltaje de trabajo: 2,7V &#8211; 3,6V &#8211; Clase de rendimiento de la aplicaci&oacute;n: A2 &#8211; Rendimiento&hellip;&nbsp;ADATA microSDXC\/SDHC UHS-I U3 256GB c\/adapt","og_url":"https:\/\/aivlisoft.net\/shop\/producto\/adata-microsdxc-sdhc-uhs-i-u3-256gb-c-adapt\/","og_site_name":"Aivlisoft Inform\u00e1tica","article_modified_time":"2025-01-14T11:32:54+00:00","og_image":[{"width":800,"height":800,"url":"https:\/\/aivlisoft.net\/shop\/wp-content\/uploads\/2025\/01\/MTMSDM0292_800.jpg","type":"image\/jpeg"}],"twitter_card":"summary_large_image","twitter_misc":{"Tiempo de lectura":"1 minuto"},"schema":{"@context":"https:\/\/schema.org","@graph":[{"@type":"WebPage","@id":"https:\/\/aivlisoft.net\/shop\/producto\/adata-microsdxc-sdhc-uhs-i-u3-256gb-c-adapt\/","url":"https:\/\/aivlisoft.net\/shop\/producto\/adata-microsdxc-sdhc-uhs-i-u3-256gb-c-adapt\/","name":"ADATA microSDXC\/SDHC UHS-I U3 256GB c\/adapt - Aivlisoft Inform\u00e1tica","isPartOf":{"@id":"https:\/\/aivlisoft.net\/shop\/#website"},"primaryImageOfPage":{"@id":"https:\/\/aivlisoft.net\/shop\/producto\/adata-microsdxc-sdhc-uhs-i-u3-256gb-c-adapt\/#primaryimage"},"image":{"@id":"https:\/\/aivlisoft.net\/shop\/producto\/adata-microsdxc-sdhc-uhs-i-u3-256gb-c-adapt\/#primaryimage"},"thumbnailUrl":"https:\/\/aivlisoft.net\/shop\/wp-content\/uploads\/2025\/01\/MTMSDM0292_800.jpg","datePublished":"2025-01-13T15:11:37+00:00","dateModified":"2025-01-14T11:32:54+00:00","breadcrumb":{"@id":"https:\/\/aivlisoft.net\/shop\/producto\/adata-microsdxc-sdhc-uhs-i-u3-256gb-c-adapt\/#breadcrumb"},"inLanguage":"es","potentialAction":[{"@type":"ReadAction","target":["https:\/\/aivlisoft.net\/shop\/producto\/adata-microsdxc-sdhc-uhs-i-u3-256gb-c-adapt\/"]}]},{"@type":"ImageObject","inLanguage":"es","@id":"https:\/\/aivlisoft.net\/shop\/producto\/adata-microsdxc-sdhc-uhs-i-u3-256gb-c-adapt\/#primaryimage","url":"https:\/\/aivlisoft.net\/shop\/wp-content\/uploads\/2025\/01\/MTMSDM0292_800.jpg","contentUrl":"https:\/\/aivlisoft.net\/shop\/wp-content\/uploads\/2025\/01\/MTMSDM0292_800.jpg","width":800,"height":800},{"@type":"BreadcrumbList","@id":"https:\/\/aivlisoft.net\/shop\/producto\/adata-microsdxc-sdhc-uhs-i-u3-256gb-c-adapt\/#breadcrumb","itemListElement":[{"@type":"ListItem","position":1,"name":"Portada","item":"https:\/\/aivlisoft.net\/shop\/"},{"@type":"ListItem","position":2,"name":"Tienda","item":"https:\/\/aivlisoft.net\/shop\/tienda\/"},{"@type":"ListItem","position":3,"name":"ADATA microSDXC\/SDHC UHS-I U3 256GB c\/adapt"}]},{"@type":"WebSite","@id":"https:\/\/aivlisoft.net\/shop\/#website","url":"https:\/\/aivlisoft.net\/shop\/","name":"Aivlisoft Inform\u00e1tica","description":"En Aivlisoft Inform\u00e1tica ofrecemos soluciones tecnol\u00f3gicas para empresas: venta de ordenadores, consumibles, perif\u00e9ricos y m\u00e1s. Calidad, atenci\u00f3n personalizada y los mejores precios para tu negocio.","publisher":{"@id":"https:\/\/aivlisoft.net\/shop\/#organization"},"potentialAction":[{"@type":"SearchAction","target":{"@type":"EntryPoint","urlTemplate":"https:\/\/aivlisoft.net\/shop\/?s={search_term_string}"},"query-input":{"@type":"PropertyValueSpecification","valueRequired":true,"valueName":"search_term_string"}}],"inLanguage":"es"},{"@type":"Organization","@id":"https:\/\/aivlisoft.net\/shop\/#organization","name":"Aivlisoft Inform\u00e1tica","url":"https:\/\/aivlisoft.net\/shop\/","logo":{"@type":"ImageObject","inLanguage":"es","@id":"https:\/\/aivlisoft.net\/shop\/#\/schema\/logo\/image\/","url":"https:\/\/aivlisoft.net\/shop\/wp-content\/uploads\/2024\/12\/removal.ai_5b848c54-0cdf-4140-95c5-c5536bb7573b-logodef.png","contentUrl":"https:\/\/aivlisoft.net\/shop\/wp-content\/uploads\/2024\/12\/removal.ai_5b848c54-0cdf-4140-95c5-c5536bb7573b-logodef.png","width":484,"height":182,"caption":"Aivlisoft Inform\u00e1tica"},"image":{"@id":"https:\/\/aivlisoft.net\/shop\/#\/schema\/logo\/image\/"}}]}},"_links":{"self":[{"href":"https:\/\/aivlisoft.net\/shop\/wp-json\/wp\/v2\/product\/17380","targetHints":{"allow":["GET"]}}],"collection":[{"href":"https:\/\/aivlisoft.net\/shop\/wp-json\/wp\/v2\/product"}],"about":[{"href":"https:\/\/aivlisoft.net\/shop\/wp-json\/wp\/v2\/types\/product"}],"wp:featuredmedia":[{"embeddable":true,"href":"https:\/\/aivlisoft.net\/shop\/wp-json\/wp\/v2\/media\/17381"}],"wp:attachment":[{"href":"https:\/\/aivlisoft.net\/shop\/wp-json\/wp\/v2\/media?parent=17380"}],"wp:term":[{"taxonomy":"product_brand","embeddable":true,"href":"https:\/\/aivlisoft.net\/shop\/wp-json\/wp\/v2\/product_brand?post=17380"},{"taxonomy":"product_cat","embeddable":true,"href":"https:\/\/aivlisoft.net\/shop\/wp-json\/wp\/v2\/product_cat?post=17380"},{"taxonomy":"product_tag","embeddable":true,"href":"https:\/\/aivlisoft.net\/shop\/wp-json\/wp\/v2\/product_tag?post=17380"}],"curies":[{"name":"wp","href":"https:\/\/api.w.org\/{rel}","templated":true}]}}