{"id":17345,"date":"2025-01-13T15:11:16","date_gmt":"2025-01-13T15:11:16","guid":{"rendered":"https:\/\/aivlisoft.com\/?post_type=product&#038;p=17345"},"modified":"2025-01-14T11:32:43","modified_gmt":"2025-01-14T11:32:43","slug":"sandisk-ultra-microsdxc-128gb-uh-s-i-c10-c-a","status":"publish","type":"product","link":"https:\/\/aivlisoft.net\/shop\/producto\/sandisk-ultra-microsdxc-128gb-uh-s-i-c10-c-a\/","title":{"rendered":"Sandisk Ultra microSDXC 128GB UH S-I C10 c\/a"},"content":{"rendered":"<p>La tarjeta SanDisk Ultra microSD UHS-I te proporciona la libertad para capturar, guardar y compartir m&aacute;s que nunca antes. Gracias a unas capacidades de hasta 1 TB1, la tarjeta SanDisk Ultra microSD tiene espacio para almacenar incluso m&aacute;s horas de v&iacute;deo Full HD2 y ofrece unas velocidades de transferencia de hasta 150 MB\/s3 para que puedas mover contenidos r&aacute;pidamente. La tarjeta, que es ideal para tel&eacute;fonos inteligentes y tabletas Android, acelera la carga de las aplicaciones gracias a un rendimiento de clasificaci&oacute;n A1.<\/p>\n<table class=\"tabla_caracteristicas k-table\" width=\"100%\">\n<tr>\n<td><strong>Marca<\/strong><\/td>\n<td>Sandisk<\/td>\n<\/tr>\n<tr>\n<td><strong>Modelo<\/strong><\/td>\n<td><strong>SDSQUAB-128G-GN6MA<\/strong><\/td>\n<\/tr>\n<tr>\n<td><strong>Capacidad<\/strong><\/td>\n<td><strong>&#8211; 128GB<\/strong><\/td>\n<\/tr>\n<tr>\n<td><strong>Clase<\/strong><\/td>\n<td>&#8211; Clase 10, U1<\/td>\n<\/tr>\n<tr>\n<td valign=\"top\"><strong>Caracter&iacute;sticas<\/strong><\/td>\n<td>&#8211; Velocidad de lectura de hasta <strong>150MB\/s<\/strong><br \/>\t\t\t&#8211; Tipo de tarjeta Flash: MicroSDXC<br \/>\t\t\t&#8211; Tipo de memoria interna: UHS-I<br \/>\t\t\t&#8211; Compatible con tel&eacute;fonos inteligentes y tabletas Android<\/td>\n<\/tr>\n<tr>\n<td><strong>Fecha de revisi&oacute;n<\/strong><\/td>\n<td>07-12-2022 por RTY<\/td>\n<\/tr>\n<\/table>\n","protected":false},"excerpt":{"rendered":"<p>La tarjeta SanDisk Ultra microSD UHS-I te proporciona la libertad para capturar, guardar y compartir m&aacute;s que nunca antes. Gracias a unas capacidades de hasta 1 TB1, la tarjeta SanDisk Ultra microSD tiene espacio para almacenar incluso m&aacute;s horas de v&iacute;deo Full HD2 y ofrece unas velocidades de transferencia de hasta 150 MB\/s3 para que&hellip;&nbsp;<a href=\"https:\/\/aivlisoft.net\/shop\/producto\/sandisk-ultra-microsdxc-128gb-uh-s-i-c10-c-a\/\" rel=\"bookmark\"><span class=\"screen-reader-text\">Sandisk Ultra microSDXC 128GB UH S-I C10 c\/a<\/span><\/a><\/p>\n","protected":false},"featured_media":17346,"template":"","meta":{"neve_meta_sidebar":"","neve_meta_container":"","neve_meta_enable_content_width":"","neve_meta_content_width":0,"neve_meta_title_alignment":"","neve_meta_author_avatar":"","neve_post_elements_order":"","neve_meta_disable_header":"","neve_meta_disable_footer":"","neve_meta_disable_title":""},"product_brand":[],"product_cat":[8762],"product_tag":[6380],"class_list":{"0":"post-17345","1":"product","2":"type-product","3":"status-publish","4":"has-post-thumbnail","6":"product_cat-secure-digital","7":"product_tag-sdsquab-128g-gn6ma","9":"first","10":"instock","11":"taxable","12":"shipping-taxable","13":"purchasable","14":"product-type-simple"},"yoast_head":"<!-- This site is optimized with the Yoast SEO plugin v26.0 - https:\/\/yoast.com\/wordpress\/plugins\/seo\/ -->\n<title>Sandisk Ultra microSDXC 128GB UH S-I C10 c\/a - Aivlisoft Inform\u00e1tica<\/title>\n<meta name=\"robots\" content=\"index, follow, max-snippet:-1, max-image-preview:large, max-video-preview:-1\" \/>\n<link rel=\"canonical\" href=\"https:\/\/aivlisoft.net\/shop\/producto\/sandisk-ultra-microsdxc-128gb-uh-s-i-c10-c-a\/\" \/>\n<meta property=\"og:locale\" content=\"es_ES\" \/>\n<meta property=\"og:type\" content=\"article\" \/>\n<meta property=\"og:title\" content=\"Sandisk Ultra microSDXC 128GB UH S-I C10 c\/a - Aivlisoft Inform\u00e1tica\" \/>\n<meta property=\"og:description\" content=\"La tarjeta SanDisk Ultra microSD UHS-I te proporciona la libertad para capturar, guardar y compartir m&aacute;s que nunca antes. Gracias a unas capacidades de hasta 1 TB1, la tarjeta SanDisk Ultra microSD tiene espacio para almacenar incluso m&aacute;s horas de v&iacute;deo Full HD2 y ofrece unas velocidades de transferencia de hasta 150 MB\/s3 para que&hellip;&nbsp;Sandisk Ultra microSDXC 128GB UH S-I C10 c\/a\" \/>\n<meta property=\"og:url\" content=\"https:\/\/aivlisoft.net\/shop\/producto\/sandisk-ultra-microsdxc-128gb-uh-s-i-c10-c-a\/\" \/>\n<meta property=\"og:site_name\" content=\"Aivlisoft Inform\u00e1tica\" \/>\n<meta property=\"article:modified_time\" content=\"2025-01-14T11:32:43+00:00\" \/>\n<meta property=\"og:image\" content=\"https:\/\/aivlisoft.net\/shop\/wp-content\/uploads\/2025\/01\/MTMSDM0277_800.jpg\" \/>\n\t<meta property=\"og:image:width\" content=\"654\" \/>\n\t<meta property=\"og:image:height\" content=\"490\" \/>\n\t<meta property=\"og:image:type\" content=\"image\/jpeg\" \/>\n<meta name=\"twitter:card\" content=\"summary_large_image\" \/>\n<meta name=\"twitter:label1\" content=\"Tiempo de lectura\" \/>\n\t<meta name=\"twitter:data1\" content=\"1 minuto\" \/>\n<script type=\"application\/ld+json\" class=\"yoast-schema-graph\">{\"@context\":\"https:\/\/schema.org\",\"@graph\":[{\"@type\":\"WebPage\",\"@id\":\"https:\/\/aivlisoft.net\/shop\/producto\/sandisk-ultra-microsdxc-128gb-uh-s-i-c10-c-a\/\",\"url\":\"https:\/\/aivlisoft.net\/shop\/producto\/sandisk-ultra-microsdxc-128gb-uh-s-i-c10-c-a\/\",\"name\":\"Sandisk Ultra microSDXC 128GB UH S-I C10 c\/a - Aivlisoft Inform\u00e1tica\",\"isPartOf\":{\"@id\":\"https:\/\/aivlisoft.net\/shop\/#website\"},\"primaryImageOfPage\":{\"@id\":\"https:\/\/aivlisoft.net\/shop\/producto\/sandisk-ultra-microsdxc-128gb-uh-s-i-c10-c-a\/#primaryimage\"},\"image\":{\"@id\":\"https:\/\/aivlisoft.net\/shop\/producto\/sandisk-ultra-microsdxc-128gb-uh-s-i-c10-c-a\/#primaryimage\"},\"thumbnailUrl\":\"https:\/\/aivlisoft.net\/shop\/wp-content\/uploads\/2025\/01\/MTMSDM0277_800.jpg\",\"datePublished\":\"2025-01-13T15:11:16+00:00\",\"dateModified\":\"2025-01-14T11:32:43+00:00\",\"breadcrumb\":{\"@id\":\"https:\/\/aivlisoft.net\/shop\/producto\/sandisk-ultra-microsdxc-128gb-uh-s-i-c10-c-a\/#breadcrumb\"},\"inLanguage\":\"es\",\"potentialAction\":[{\"@type\":\"ReadAction\",\"target\":[\"https:\/\/aivlisoft.net\/shop\/producto\/sandisk-ultra-microsdxc-128gb-uh-s-i-c10-c-a\/\"]}]},{\"@type\":\"ImageObject\",\"inLanguage\":\"es\",\"@id\":\"https:\/\/aivlisoft.net\/shop\/producto\/sandisk-ultra-microsdxc-128gb-uh-s-i-c10-c-a\/#primaryimage\",\"url\":\"https:\/\/aivlisoft.net\/shop\/wp-content\/uploads\/2025\/01\/MTMSDM0277_800.jpg\",\"contentUrl\":\"https:\/\/aivlisoft.net\/shop\/wp-content\/uploads\/2025\/01\/MTMSDM0277_800.jpg\",\"width\":654,\"height\":490},{\"@type\":\"BreadcrumbList\",\"@id\":\"https:\/\/aivlisoft.net\/shop\/producto\/sandisk-ultra-microsdxc-128gb-uh-s-i-c10-c-a\/#breadcrumb\",\"itemListElement\":[{\"@type\":\"ListItem\",\"position\":1,\"name\":\"Portada\",\"item\":\"https:\/\/aivlisoft.net\/shop\/\"},{\"@type\":\"ListItem\",\"position\":2,\"name\":\"Tienda\",\"item\":\"https:\/\/aivlisoft.net\/shop\/tienda\/\"},{\"@type\":\"ListItem\",\"position\":3,\"name\":\"Sandisk Ultra microSDXC 128GB UH S-I C10 c\/a\"}]},{\"@type\":\"WebSite\",\"@id\":\"https:\/\/aivlisoft.net\/shop\/#website\",\"url\":\"https:\/\/aivlisoft.net\/shop\/\",\"name\":\"Aivlisoft Inform\u00e1tica\",\"description\":\"En Aivlisoft Inform\u00e1tica ofrecemos soluciones tecnol\u00f3gicas para empresas: venta de ordenadores, consumibles, perif\u00e9ricos y m\u00e1s. Calidad, atenci\u00f3n personalizada y los mejores precios para tu negocio.\",\"publisher\":{\"@id\":\"https:\/\/aivlisoft.net\/shop\/#organization\"},\"potentialAction\":[{\"@type\":\"SearchAction\",\"target\":{\"@type\":\"EntryPoint\",\"urlTemplate\":\"https:\/\/aivlisoft.net\/shop\/?s={search_term_string}\"},\"query-input\":{\"@type\":\"PropertyValueSpecification\",\"valueRequired\":true,\"valueName\":\"search_term_string\"}}],\"inLanguage\":\"es\"},{\"@type\":\"Organization\",\"@id\":\"https:\/\/aivlisoft.net\/shop\/#organization\",\"name\":\"Aivlisoft Inform\u00e1tica\",\"url\":\"https:\/\/aivlisoft.net\/shop\/\",\"logo\":{\"@type\":\"ImageObject\",\"inLanguage\":\"es\",\"@id\":\"https:\/\/aivlisoft.net\/shop\/#\/schema\/logo\/image\/\",\"url\":\"https:\/\/aivlisoft.net\/shop\/wp-content\/uploads\/2024\/12\/removal.ai_5b848c54-0cdf-4140-95c5-c5536bb7573b-logodef.png\",\"contentUrl\":\"https:\/\/aivlisoft.net\/shop\/wp-content\/uploads\/2024\/12\/removal.ai_5b848c54-0cdf-4140-95c5-c5536bb7573b-logodef.png\",\"width\":484,\"height\":182,\"caption\":\"Aivlisoft Inform\u00e1tica\"},\"image\":{\"@id\":\"https:\/\/aivlisoft.net\/shop\/#\/schema\/logo\/image\/\"}}]}<\/script>\n<!-- \/ Yoast SEO plugin. -->","yoast_head_json":{"title":"Sandisk Ultra microSDXC 128GB UH S-I C10 c\/a - Aivlisoft Inform\u00e1tica","robots":{"index":"index","follow":"follow","max-snippet":"max-snippet:-1","max-image-preview":"max-image-preview:large","max-video-preview":"max-video-preview:-1"},"canonical":"https:\/\/aivlisoft.net\/shop\/producto\/sandisk-ultra-microsdxc-128gb-uh-s-i-c10-c-a\/","og_locale":"es_ES","og_type":"article","og_title":"Sandisk Ultra microSDXC 128GB UH S-I C10 c\/a - Aivlisoft Inform\u00e1tica","og_description":"La tarjeta SanDisk Ultra microSD UHS-I te proporciona la libertad para capturar, guardar y compartir m&aacute;s que nunca antes. Gracias a unas capacidades de hasta 1 TB1, la tarjeta SanDisk Ultra microSD tiene espacio para almacenar incluso m&aacute;s horas de v&iacute;deo Full HD2 y ofrece unas velocidades de transferencia de hasta 150 MB\/s3 para que&hellip;&nbsp;Sandisk Ultra microSDXC 128GB UH S-I C10 c\/a","og_url":"https:\/\/aivlisoft.net\/shop\/producto\/sandisk-ultra-microsdxc-128gb-uh-s-i-c10-c-a\/","og_site_name":"Aivlisoft Inform\u00e1tica","article_modified_time":"2025-01-14T11:32:43+00:00","og_image":[{"width":654,"height":490,"url":"https:\/\/aivlisoft.net\/shop\/wp-content\/uploads\/2025\/01\/MTMSDM0277_800.jpg","type":"image\/jpeg"}],"twitter_card":"summary_large_image","twitter_misc":{"Tiempo de lectura":"1 minuto"},"schema":{"@context":"https:\/\/schema.org","@graph":[{"@type":"WebPage","@id":"https:\/\/aivlisoft.net\/shop\/producto\/sandisk-ultra-microsdxc-128gb-uh-s-i-c10-c-a\/","url":"https:\/\/aivlisoft.net\/shop\/producto\/sandisk-ultra-microsdxc-128gb-uh-s-i-c10-c-a\/","name":"Sandisk Ultra microSDXC 128GB UH S-I C10 c\/a - Aivlisoft Inform\u00e1tica","isPartOf":{"@id":"https:\/\/aivlisoft.net\/shop\/#website"},"primaryImageOfPage":{"@id":"https:\/\/aivlisoft.net\/shop\/producto\/sandisk-ultra-microsdxc-128gb-uh-s-i-c10-c-a\/#primaryimage"},"image":{"@id":"https:\/\/aivlisoft.net\/shop\/producto\/sandisk-ultra-microsdxc-128gb-uh-s-i-c10-c-a\/#primaryimage"},"thumbnailUrl":"https:\/\/aivlisoft.net\/shop\/wp-content\/uploads\/2025\/01\/MTMSDM0277_800.jpg","datePublished":"2025-01-13T15:11:16+00:00","dateModified":"2025-01-14T11:32:43+00:00","breadcrumb":{"@id":"https:\/\/aivlisoft.net\/shop\/producto\/sandisk-ultra-microsdxc-128gb-uh-s-i-c10-c-a\/#breadcrumb"},"inLanguage":"es","potentialAction":[{"@type":"ReadAction","target":["https:\/\/aivlisoft.net\/shop\/producto\/sandisk-ultra-microsdxc-128gb-uh-s-i-c10-c-a\/"]}]},{"@type":"ImageObject","inLanguage":"es","@id":"https:\/\/aivlisoft.net\/shop\/producto\/sandisk-ultra-microsdxc-128gb-uh-s-i-c10-c-a\/#primaryimage","url":"https:\/\/aivlisoft.net\/shop\/wp-content\/uploads\/2025\/01\/MTMSDM0277_800.jpg","contentUrl":"https:\/\/aivlisoft.net\/shop\/wp-content\/uploads\/2025\/01\/MTMSDM0277_800.jpg","width":654,"height":490},{"@type":"BreadcrumbList","@id":"https:\/\/aivlisoft.net\/shop\/producto\/sandisk-ultra-microsdxc-128gb-uh-s-i-c10-c-a\/#breadcrumb","itemListElement":[{"@type":"ListItem","position":1,"name":"Portada","item":"https:\/\/aivlisoft.net\/shop\/"},{"@type":"ListItem","position":2,"name":"Tienda","item":"https:\/\/aivlisoft.net\/shop\/tienda\/"},{"@type":"ListItem","position":3,"name":"Sandisk Ultra microSDXC 128GB UH S-I C10 c\/a"}]},{"@type":"WebSite","@id":"https:\/\/aivlisoft.net\/shop\/#website","url":"https:\/\/aivlisoft.net\/shop\/","name":"Aivlisoft Inform\u00e1tica","description":"En Aivlisoft Inform\u00e1tica ofrecemos soluciones tecnol\u00f3gicas para empresas: venta de ordenadores, consumibles, perif\u00e9ricos y m\u00e1s. Calidad, atenci\u00f3n personalizada y los mejores precios para tu negocio.","publisher":{"@id":"https:\/\/aivlisoft.net\/shop\/#organization"},"potentialAction":[{"@type":"SearchAction","target":{"@type":"EntryPoint","urlTemplate":"https:\/\/aivlisoft.net\/shop\/?s={search_term_string}"},"query-input":{"@type":"PropertyValueSpecification","valueRequired":true,"valueName":"search_term_string"}}],"inLanguage":"es"},{"@type":"Organization","@id":"https:\/\/aivlisoft.net\/shop\/#organization","name":"Aivlisoft Inform\u00e1tica","url":"https:\/\/aivlisoft.net\/shop\/","logo":{"@type":"ImageObject","inLanguage":"es","@id":"https:\/\/aivlisoft.net\/shop\/#\/schema\/logo\/image\/","url":"https:\/\/aivlisoft.net\/shop\/wp-content\/uploads\/2024\/12\/removal.ai_5b848c54-0cdf-4140-95c5-c5536bb7573b-logodef.png","contentUrl":"https:\/\/aivlisoft.net\/shop\/wp-content\/uploads\/2024\/12\/removal.ai_5b848c54-0cdf-4140-95c5-c5536bb7573b-logodef.png","width":484,"height":182,"caption":"Aivlisoft Inform\u00e1tica"},"image":{"@id":"https:\/\/aivlisoft.net\/shop\/#\/schema\/logo\/image\/"}}]}},"_links":{"self":[{"href":"https:\/\/aivlisoft.net\/shop\/wp-json\/wp\/v2\/product\/17345","targetHints":{"allow":["GET"]}}],"collection":[{"href":"https:\/\/aivlisoft.net\/shop\/wp-json\/wp\/v2\/product"}],"about":[{"href":"https:\/\/aivlisoft.net\/shop\/wp-json\/wp\/v2\/types\/product"}],"wp:featuredmedia":[{"embeddable":true,"href":"https:\/\/aivlisoft.net\/shop\/wp-json\/wp\/v2\/media\/17346"}],"wp:attachment":[{"href":"https:\/\/aivlisoft.net\/shop\/wp-json\/wp\/v2\/media?parent=17345"}],"wp:term":[{"taxonomy":"product_brand","embeddable":true,"href":"https:\/\/aivlisoft.net\/shop\/wp-json\/wp\/v2\/product_brand?post=17345"},{"taxonomy":"product_cat","embeddable":true,"href":"https:\/\/aivlisoft.net\/shop\/wp-json\/wp\/v2\/product_cat?post=17345"},{"taxonomy":"product_tag","embeddable":true,"href":"https:\/\/aivlisoft.net\/shop\/wp-json\/wp\/v2\/product_tag?post=17345"}],"curies":[{"name":"wp","href":"https:\/\/api.w.org\/{rel}","templated":true}]}}