{"id":17311,"date":"2025-01-13T15:10:55","date_gmt":"2025-01-13T15:10:55","guid":{"rendered":"https:\/\/aivlisoft.com\/?post_type=product&#038;p=17311"},"modified":"2025-01-14T11:32:32","modified_gmt":"2025-01-14T11:32:32","slug":"intenso-3433490-micro-sd-uhs-i-profesiona-64gb","status":"publish","type":"product","link":"https:\/\/aivlisoft.net\/shop\/producto\/intenso-3433490-micro-sd-uhs-i-profesiona-64gb\/","title":{"rendered":"Intenso 3433490 Micro SD UHS-I profesiona 64GB"},"content":{"rendered":"<p>Intenso 3433490 Micro SD UHS-I profesiona 64GB<br \/>&nbsp;<\/p>\n<table width=\"100%\">\n<tr>\n<td valign=\"top\" width=\"35%\"><b>Marca<\/b><\/td>\n<td valign=\"top\" width=\"65%\">Intenso<\/td>\n<\/tr>\n<tr>\n<td valign=\"top\" width=\"35%\"><b>Modelo<\/b><\/td>\n<td valign=\"top\" width=\"65%\"><strong>3433490<\/strong><\/td>\n<\/tr>\n<tr>\n<td valign=\"top\" width=\"35%\"><b>Conexi&oacute;n<\/b><\/td>\n<td valign=\"top\" width=\"65%\">microSDXC<\/td>\n<\/tr>\n<tr>\n<td valign=\"top\" width=\"35%\"><b>Capacidad<\/b><\/td>\n<td valign=\"top\" width=\"65%\"><strong>64 GB<\/strong><\/td>\n<\/tr>\n<tr>\n<td valign=\"top\" width=\"35%\"><b>Otras Caracter&iacute;sticas<\/b><\/td>\n<td valign=\"top\" width=\"65%\">&#8211; Velocidad: Lectura: 90 MB\/s, Escribir: 10 MB\/s<br \/>\t\t\t&#8211; Clase de velocidad: Clase 10<br \/>\t\t\t&#8211; Clase de velocidad UHS: UHS-I (U1)<br \/>\t\t\t&#8211; Dimensiones: Ancho: 11 mm x Altura: 1 mm x Profundidad\/longitud: 15 mm<br \/>\t\t\t&#8211; Peso: 1 gramos<\/td>\n<\/tr>\n<tr>\n<td valign=\"top\" width=\"35%\"><b>Fecha de revisi&oacute;n<\/b><\/td>\n<td valign=\"top\" width=\"65%\">12-08-2021 por YMC<\/td>\n<\/tr>\n<\/table>\n","protected":false},"excerpt":{"rendered":"<p>Intenso 3433490 Micro SD UHS-I profesiona 64GB&nbsp; Marca Intenso Modelo 3433490 Conexi&oacute;n microSDXC Capacidad 64 GB Otras Caracter&iacute;sticas &#8211; Velocidad: Lectura: 90 MB\/s, Escribir: 10 MB\/s &#8211; Clase de velocidad: Clase 10 &#8211; Clase de velocidad UHS: UHS-I (U1) &#8211; Dimensiones: Ancho: 11 mm x Altura: 1 mm x Profundidad\/longitud: 15 mm &#8211; Peso: 1&hellip;&nbsp;<a href=\"https:\/\/aivlisoft.net\/shop\/producto\/intenso-3433490-micro-sd-uhs-i-profesiona-64gb\/\" rel=\"bookmark\"><span class=\"screen-reader-text\">Intenso 3433490 Micro SD UHS-I profesiona 64GB<\/span><\/a><\/p>\n","protected":false},"featured_media":17312,"template":"","meta":{"neve_meta_sidebar":"","neve_meta_container":"","neve_meta_enable_content_width":"","neve_meta_content_width":0,"neve_meta_title_alignment":"","neve_meta_author_avatar":"","neve_post_elements_order":"","neve_meta_disable_header":"","neve_meta_disable_footer":"","neve_meta_disable_title":""},"product_brand":[],"product_cat":[8762],"product_tag":[6371],"class_list":{"0":"post-17311","1":"product","2":"type-product","3":"status-publish","4":"has-post-thumbnail","6":"product_cat-secure-digital","7":"product_tag-6371","9":"first","10":"instock","11":"taxable","12":"shipping-taxable","13":"purchasable","14":"product-type-simple"},"yoast_head":"<!-- This site is optimized with the Yoast SEO plugin v26.0 - https:\/\/yoast.com\/wordpress\/plugins\/seo\/ -->\n<title>Intenso 3433490 Micro SD UHS-I profesiona 64GB - Aivlisoft Inform\u00e1tica<\/title>\n<meta name=\"robots\" content=\"index, follow, max-snippet:-1, max-image-preview:large, max-video-preview:-1\" \/>\n<link rel=\"canonical\" href=\"https:\/\/aivlisoft.net\/shop\/producto\/intenso-3433490-micro-sd-uhs-i-profesiona-64gb\/\" \/>\n<meta property=\"og:locale\" content=\"es_ES\" \/>\n<meta property=\"og:type\" content=\"article\" \/>\n<meta property=\"og:title\" content=\"Intenso 3433490 Micro SD UHS-I profesiona 64GB - Aivlisoft Inform\u00e1tica\" \/>\n<meta property=\"og:description\" content=\"Intenso 3433490 Micro SD UHS-I profesiona 64GB&nbsp; Marca Intenso Modelo 3433490 Conexi&oacute;n microSDXC Capacidad 64 GB Otras Caracter&iacute;sticas &#8211; Velocidad: Lectura: 90 MB\/s, Escribir: 10 MB\/s &#8211; Clase de velocidad: Clase 10 &#8211; Clase de velocidad UHS: UHS-I (U1) &#8211; Dimensiones: Ancho: 11 mm x Altura: 1 mm x Profundidad\/longitud: 15 mm &#8211; Peso: 1&hellip;&nbsp;Intenso 3433490 Micro SD UHS-I profesiona 64GB\" \/>\n<meta property=\"og:url\" content=\"https:\/\/aivlisoft.net\/shop\/producto\/intenso-3433490-micro-sd-uhs-i-profesiona-64gb\/\" \/>\n<meta property=\"og:site_name\" content=\"Aivlisoft Inform\u00e1tica\" \/>\n<meta property=\"article:modified_time\" content=\"2025-01-14T11:32:32+00:00\" \/>\n<meta property=\"og:image\" content=\"https:\/\/aivlisoft.net\/shop\/wp-content\/uploads\/2025\/01\/MTMSDM0250_800.jpg\" \/>\n\t<meta property=\"og:image:width\" content=\"800\" \/>\n\t<meta property=\"og:image:height\" content=\"800\" \/>\n\t<meta property=\"og:image:type\" content=\"image\/jpeg\" \/>\n<meta name=\"twitter:card\" content=\"summary_large_image\" \/>\n<script type=\"application\/ld+json\" class=\"yoast-schema-graph\">{\"@context\":\"https:\/\/schema.org\",\"@graph\":[{\"@type\":\"WebPage\",\"@id\":\"https:\/\/aivlisoft.net\/shop\/producto\/intenso-3433490-micro-sd-uhs-i-profesiona-64gb\/\",\"url\":\"https:\/\/aivlisoft.net\/shop\/producto\/intenso-3433490-micro-sd-uhs-i-profesiona-64gb\/\",\"name\":\"Intenso 3433490 Micro SD UHS-I profesiona 64GB - Aivlisoft Inform\u00e1tica\",\"isPartOf\":{\"@id\":\"https:\/\/aivlisoft.net\/shop\/#website\"},\"primaryImageOfPage\":{\"@id\":\"https:\/\/aivlisoft.net\/shop\/producto\/intenso-3433490-micro-sd-uhs-i-profesiona-64gb\/#primaryimage\"},\"image\":{\"@id\":\"https:\/\/aivlisoft.net\/shop\/producto\/intenso-3433490-micro-sd-uhs-i-profesiona-64gb\/#primaryimage\"},\"thumbnailUrl\":\"https:\/\/aivlisoft.net\/shop\/wp-content\/uploads\/2025\/01\/MTMSDM0250_800.jpg\",\"datePublished\":\"2025-01-13T15:10:55+00:00\",\"dateModified\":\"2025-01-14T11:32:32+00:00\",\"breadcrumb\":{\"@id\":\"https:\/\/aivlisoft.net\/shop\/producto\/intenso-3433490-micro-sd-uhs-i-profesiona-64gb\/#breadcrumb\"},\"inLanguage\":\"es\",\"potentialAction\":[{\"@type\":\"ReadAction\",\"target\":[\"https:\/\/aivlisoft.net\/shop\/producto\/intenso-3433490-micro-sd-uhs-i-profesiona-64gb\/\"]}]},{\"@type\":\"ImageObject\",\"inLanguage\":\"es\",\"@id\":\"https:\/\/aivlisoft.net\/shop\/producto\/intenso-3433490-micro-sd-uhs-i-profesiona-64gb\/#primaryimage\",\"url\":\"https:\/\/aivlisoft.net\/shop\/wp-content\/uploads\/2025\/01\/MTMSDM0250_800.jpg\",\"contentUrl\":\"https:\/\/aivlisoft.net\/shop\/wp-content\/uploads\/2025\/01\/MTMSDM0250_800.jpg\",\"width\":800,\"height\":800},{\"@type\":\"BreadcrumbList\",\"@id\":\"https:\/\/aivlisoft.net\/shop\/producto\/intenso-3433490-micro-sd-uhs-i-profesiona-64gb\/#breadcrumb\",\"itemListElement\":[{\"@type\":\"ListItem\",\"position\":1,\"name\":\"Portada\",\"item\":\"https:\/\/aivlisoft.net\/shop\/\"},{\"@type\":\"ListItem\",\"position\":2,\"name\":\"Tienda\",\"item\":\"https:\/\/aivlisoft.net\/shop\/tienda\/\"},{\"@type\":\"ListItem\",\"position\":3,\"name\":\"Intenso 3433490 Micro SD UHS-I profesiona 64GB\"}]},{\"@type\":\"WebSite\",\"@id\":\"https:\/\/aivlisoft.net\/shop\/#website\",\"url\":\"https:\/\/aivlisoft.net\/shop\/\",\"name\":\"Aivlisoft Inform\u00e1tica\",\"description\":\"En Aivlisoft Inform\u00e1tica ofrecemos soluciones tecnol\u00f3gicas para empresas: venta de ordenadores, consumibles, perif\u00e9ricos y m\u00e1s. Calidad, atenci\u00f3n personalizada y los mejores precios para tu negocio.\",\"publisher\":{\"@id\":\"https:\/\/aivlisoft.net\/shop\/#organization\"},\"potentialAction\":[{\"@type\":\"SearchAction\",\"target\":{\"@type\":\"EntryPoint\",\"urlTemplate\":\"https:\/\/aivlisoft.net\/shop\/?s={search_term_string}\"},\"query-input\":{\"@type\":\"PropertyValueSpecification\",\"valueRequired\":true,\"valueName\":\"search_term_string\"}}],\"inLanguage\":\"es\"},{\"@type\":\"Organization\",\"@id\":\"https:\/\/aivlisoft.net\/shop\/#organization\",\"name\":\"Aivlisoft Inform\u00e1tica\",\"url\":\"https:\/\/aivlisoft.net\/shop\/\",\"logo\":{\"@type\":\"ImageObject\",\"inLanguage\":\"es\",\"@id\":\"https:\/\/aivlisoft.net\/shop\/#\/schema\/logo\/image\/\",\"url\":\"https:\/\/aivlisoft.net\/shop\/wp-content\/uploads\/2024\/12\/removal.ai_5b848c54-0cdf-4140-95c5-c5536bb7573b-logodef.png\",\"contentUrl\":\"https:\/\/aivlisoft.net\/shop\/wp-content\/uploads\/2024\/12\/removal.ai_5b848c54-0cdf-4140-95c5-c5536bb7573b-logodef.png\",\"width\":484,\"height\":182,\"caption\":\"Aivlisoft Inform\u00e1tica\"},\"image\":{\"@id\":\"https:\/\/aivlisoft.net\/shop\/#\/schema\/logo\/image\/\"}}]}<\/script>\n<!-- \/ Yoast SEO plugin. -->","yoast_head_json":{"title":"Intenso 3433490 Micro SD UHS-I profesiona 64GB - Aivlisoft Inform\u00e1tica","robots":{"index":"index","follow":"follow","max-snippet":"max-snippet:-1","max-image-preview":"max-image-preview:large","max-video-preview":"max-video-preview:-1"},"canonical":"https:\/\/aivlisoft.net\/shop\/producto\/intenso-3433490-micro-sd-uhs-i-profesiona-64gb\/","og_locale":"es_ES","og_type":"article","og_title":"Intenso 3433490 Micro SD UHS-I profesiona 64GB - Aivlisoft Inform\u00e1tica","og_description":"Intenso 3433490 Micro SD UHS-I profesiona 64GB&nbsp; Marca Intenso Modelo 3433490 Conexi&oacute;n microSDXC Capacidad 64 GB Otras Caracter&iacute;sticas &#8211; Velocidad: Lectura: 90 MB\/s, Escribir: 10 MB\/s &#8211; Clase de velocidad: Clase 10 &#8211; Clase de velocidad UHS: UHS-I (U1) &#8211; Dimensiones: Ancho: 11 mm x Altura: 1 mm x Profundidad\/longitud: 15 mm &#8211; Peso: 1&hellip;&nbsp;Intenso 3433490 Micro SD UHS-I profesiona 64GB","og_url":"https:\/\/aivlisoft.net\/shop\/producto\/intenso-3433490-micro-sd-uhs-i-profesiona-64gb\/","og_site_name":"Aivlisoft Inform\u00e1tica","article_modified_time":"2025-01-14T11:32:32+00:00","og_image":[{"width":800,"height":800,"url":"https:\/\/aivlisoft.net\/shop\/wp-content\/uploads\/2025\/01\/MTMSDM0250_800.jpg","type":"image\/jpeg"}],"twitter_card":"summary_large_image","schema":{"@context":"https:\/\/schema.org","@graph":[{"@type":"WebPage","@id":"https:\/\/aivlisoft.net\/shop\/producto\/intenso-3433490-micro-sd-uhs-i-profesiona-64gb\/","url":"https:\/\/aivlisoft.net\/shop\/producto\/intenso-3433490-micro-sd-uhs-i-profesiona-64gb\/","name":"Intenso 3433490 Micro SD UHS-I profesiona 64GB - Aivlisoft Inform\u00e1tica","isPartOf":{"@id":"https:\/\/aivlisoft.net\/shop\/#website"},"primaryImageOfPage":{"@id":"https:\/\/aivlisoft.net\/shop\/producto\/intenso-3433490-micro-sd-uhs-i-profesiona-64gb\/#primaryimage"},"image":{"@id":"https:\/\/aivlisoft.net\/shop\/producto\/intenso-3433490-micro-sd-uhs-i-profesiona-64gb\/#primaryimage"},"thumbnailUrl":"https:\/\/aivlisoft.net\/shop\/wp-content\/uploads\/2025\/01\/MTMSDM0250_800.jpg","datePublished":"2025-01-13T15:10:55+00:00","dateModified":"2025-01-14T11:32:32+00:00","breadcrumb":{"@id":"https:\/\/aivlisoft.net\/shop\/producto\/intenso-3433490-micro-sd-uhs-i-profesiona-64gb\/#breadcrumb"},"inLanguage":"es","potentialAction":[{"@type":"ReadAction","target":["https:\/\/aivlisoft.net\/shop\/producto\/intenso-3433490-micro-sd-uhs-i-profesiona-64gb\/"]}]},{"@type":"ImageObject","inLanguage":"es","@id":"https:\/\/aivlisoft.net\/shop\/producto\/intenso-3433490-micro-sd-uhs-i-profesiona-64gb\/#primaryimage","url":"https:\/\/aivlisoft.net\/shop\/wp-content\/uploads\/2025\/01\/MTMSDM0250_800.jpg","contentUrl":"https:\/\/aivlisoft.net\/shop\/wp-content\/uploads\/2025\/01\/MTMSDM0250_800.jpg","width":800,"height":800},{"@type":"BreadcrumbList","@id":"https:\/\/aivlisoft.net\/shop\/producto\/intenso-3433490-micro-sd-uhs-i-profesiona-64gb\/#breadcrumb","itemListElement":[{"@type":"ListItem","position":1,"name":"Portada","item":"https:\/\/aivlisoft.net\/shop\/"},{"@type":"ListItem","position":2,"name":"Tienda","item":"https:\/\/aivlisoft.net\/shop\/tienda\/"},{"@type":"ListItem","position":3,"name":"Intenso 3433490 Micro SD UHS-I profesiona 64GB"}]},{"@type":"WebSite","@id":"https:\/\/aivlisoft.net\/shop\/#website","url":"https:\/\/aivlisoft.net\/shop\/","name":"Aivlisoft Inform\u00e1tica","description":"En Aivlisoft Inform\u00e1tica ofrecemos soluciones tecnol\u00f3gicas para empresas: venta de ordenadores, consumibles, perif\u00e9ricos y m\u00e1s. Calidad, atenci\u00f3n personalizada y los mejores precios para tu negocio.","publisher":{"@id":"https:\/\/aivlisoft.net\/shop\/#organization"},"potentialAction":[{"@type":"SearchAction","target":{"@type":"EntryPoint","urlTemplate":"https:\/\/aivlisoft.net\/shop\/?s={search_term_string}"},"query-input":{"@type":"PropertyValueSpecification","valueRequired":true,"valueName":"search_term_string"}}],"inLanguage":"es"},{"@type":"Organization","@id":"https:\/\/aivlisoft.net\/shop\/#organization","name":"Aivlisoft Inform\u00e1tica","url":"https:\/\/aivlisoft.net\/shop\/","logo":{"@type":"ImageObject","inLanguage":"es","@id":"https:\/\/aivlisoft.net\/shop\/#\/schema\/logo\/image\/","url":"https:\/\/aivlisoft.net\/shop\/wp-content\/uploads\/2024\/12\/removal.ai_5b848c54-0cdf-4140-95c5-c5536bb7573b-logodef.png","contentUrl":"https:\/\/aivlisoft.net\/shop\/wp-content\/uploads\/2024\/12\/removal.ai_5b848c54-0cdf-4140-95c5-c5536bb7573b-logodef.png","width":484,"height":182,"caption":"Aivlisoft Inform\u00e1tica"},"image":{"@id":"https:\/\/aivlisoft.net\/shop\/#\/schema\/logo\/image\/"}}]}},"_links":{"self":[{"href":"https:\/\/aivlisoft.net\/shop\/wp-json\/wp\/v2\/product\/17311","targetHints":{"allow":["GET"]}}],"collection":[{"href":"https:\/\/aivlisoft.net\/shop\/wp-json\/wp\/v2\/product"}],"about":[{"href":"https:\/\/aivlisoft.net\/shop\/wp-json\/wp\/v2\/types\/product"}],"wp:featuredmedia":[{"embeddable":true,"href":"https:\/\/aivlisoft.net\/shop\/wp-json\/wp\/v2\/media\/17312"}],"wp:attachment":[{"href":"https:\/\/aivlisoft.net\/shop\/wp-json\/wp\/v2\/media?parent=17311"}],"wp:term":[{"taxonomy":"product_brand","embeddable":true,"href":"https:\/\/aivlisoft.net\/shop\/wp-json\/wp\/v2\/product_brand?post=17311"},{"taxonomy":"product_cat","embeddable":true,"href":"https:\/\/aivlisoft.net\/shop\/wp-json\/wp\/v2\/product_cat?post=17311"},{"taxonomy":"product_tag","embeddable":true,"href":"https:\/\/aivlisoft.net\/shop\/wp-json\/wp\/v2\/product_tag?post=17311"}],"curies":[{"name":"wp","href":"https:\/\/api.w.org\/{rel}","templated":true}]}}