{"id":17274,"date":"2025-01-13T15:10:33","date_gmt":"2025-01-13T15:10:33","guid":{"rendered":"https:\/\/aivlisoft.com\/?post_type=product&#038;p=17274"},"modified":"2025-01-14T11:32:19","modified_gmt":"2025-01-14T11:32:19","slug":"kingston-sdcs2-512gb-microsd-xc-clase-10-512gb-c-a","status":"publish","type":"product","link":"https:\/\/aivlisoft.net\/shop\/producto\/kingston-sdcs2-512gb-microsd-xc-clase-10-512gb-c-a\/","title":{"rendered":"Kingston SDCS2\/512GB microSD XC clase 10 512GB c\/a"},"content":{"rendered":"<p><strong>Tarjeta microSD Canvas Select Plus con clase de rendimiento A1 para Android<\/strong><\/p>\n<p>La microSD Canvas Select Plus de Kingston es compatible con dispositivos Android y est&aacute; dise&ntilde;ada con un rendimiento de calificaci&oacute;n A1.<\/p>\n<p>Ofrece una velocidad y capacidad mejoradas para cargar m&aacute;s r&aacute;pido las aplicaciones y capturar im&aacute;genes y videos en m&uacute;ltiples capacidades de hasta 512GB.<\/p>\n<p>Potente en rendimiento, velocidad y durabilidad, la microSD Canvas Select Plus est&aacute; dise&ntilde;ada para ser confiable al tomar y desarrollar fotos de alta resoluci&oacute;n o al filmar y editar videos Full HD.<\/p>\n<p>Las tarjetas Kingston Canvas han sido probadas para ser resistentes en los entornos y condiciones m&aacute;s dif&iacute;ciles, por lo que puede llevarlas a cualquier parte con la seguridad de que sus fotos, videos y archivos estar&aacute;n protegidos. Disponible con garant&iacute;a de por vida.<\/p>\n<p><\/p>\n<table class=\"tabla_caracteristicas k-table\" width=\"100%\">\n<tr>\n<td><strong>Marca<\/strong><\/td>\n<td>Kingston<\/td>\n<\/tr>\n<tr>\n<td><strong>Modelo<\/strong><\/td>\n<td><strong>SDCS2\/512GB<\/strong><\/td>\n<\/tr>\n<tr>\n<td valign=\"top\"><strong>Caracter&iacute;sticas<\/strong><\/td>\n<td>&#8211; Capacidad: <strong>512GB<\/strong><br \/>\t\t\t&#8211; Rendimiento: 100\/85MB\/seg Lectura\/Escritura<br \/>\t\t\t&#8211; Dimensiones: 11 x 15 x 1 mm (microSD) \/ 24 x 32 x 2.1 mm (con adaptador SD)<br \/>\t\t\t&#8211; Formato: exFAT<br \/>\t\t\t&#8211; Temperatura de operaci&oacute;n: -25&deg; a 85&deg;C<br \/>\t\t\t&#8211; Temperatura de almacenamiento: -40&deg; a 85 &deg;C<br \/>\t\t\t&#8211; Voltaje: 3.3V<\/td>\n<\/tr>\n<tr>\n<td><strong>Fecha de revisi&oacute;n<\/strong><\/td>\n<td>07-01-2021 por MSB<\/td>\n<\/tr>\n<\/table>\n","protected":false},"excerpt":{"rendered":"<p>Tarjeta microSD Canvas Select Plus con clase de rendimiento A1 para Android La microSD Canvas Select Plus de Kingston es compatible con dispositivos Android y est&aacute; dise&ntilde;ada con un rendimiento de calificaci&oacute;n A1. Ofrece una velocidad y capacidad mejoradas para cargar m&aacute;s r&aacute;pido las aplicaciones y capturar im&aacute;genes y videos en m&uacute;ltiples capacidades de hasta&hellip;&nbsp;<a href=\"https:\/\/aivlisoft.net\/shop\/producto\/kingston-sdcs2-512gb-microsd-xc-clase-10-512gb-c-a\/\" rel=\"bookmark\"><span class=\"screen-reader-text\">Kingston SDCS2\/512GB microSD XC clase 10 512GB c\/a<\/span><\/a><\/p>\n","protected":false},"featured_media":17275,"template":"","meta":{"neve_meta_sidebar":"","neve_meta_container":"","neve_meta_enable_content_width":"","neve_meta_content_width":0,"neve_meta_title_alignment":"","neve_meta_author_avatar":"","neve_post_elements_order":"","neve_meta_disable_header":"","neve_meta_disable_footer":"","neve_meta_disable_title":""},"product_brand":[],"product_cat":[8762],"product_tag":[6359],"class_list":{"0":"post-17274","1":"product","2":"type-product","3":"status-publish","4":"has-post-thumbnail","6":"product_cat-secure-digital","7":"product_tag-sdcs2-512gb","9":"first","10":"instock","11":"taxable","12":"shipping-taxable","13":"purchasable","14":"product-type-simple"},"yoast_head":"<!-- This site is optimized with the Yoast SEO plugin v26.0 - https:\/\/yoast.com\/wordpress\/plugins\/seo\/ -->\n<title>Kingston SDCS2\/512GB microSD XC clase 10 512GB c\/a - Aivlisoft Inform\u00e1tica<\/title>\n<meta name=\"robots\" content=\"index, follow, max-snippet:-1, max-image-preview:large, max-video-preview:-1\" \/>\n<link rel=\"canonical\" href=\"https:\/\/aivlisoft.net\/shop\/producto\/kingston-sdcs2-512gb-microsd-xc-clase-10-512gb-c-a\/\" \/>\n<meta property=\"og:locale\" content=\"es_ES\" \/>\n<meta property=\"og:type\" content=\"article\" \/>\n<meta property=\"og:title\" content=\"Kingston SDCS2\/512GB microSD XC clase 10 512GB c\/a - Aivlisoft Inform\u00e1tica\" \/>\n<meta property=\"og:description\" content=\"Tarjeta microSD Canvas Select Plus con clase de rendimiento A1 para Android La microSD Canvas Select Plus de Kingston es compatible con dispositivos Android y est&aacute; dise&ntilde;ada con un rendimiento de calificaci&oacute;n A1. Ofrece una velocidad y capacidad mejoradas para cargar m&aacute;s r&aacute;pido las aplicaciones y capturar im&aacute;genes y videos en m&uacute;ltiples capacidades de hasta&hellip;&nbsp;Kingston SDCS2\/512GB microSD XC clase 10 512GB c\/a\" \/>\n<meta property=\"og:url\" content=\"https:\/\/aivlisoft.net\/shop\/producto\/kingston-sdcs2-512gb-microsd-xc-clase-10-512gb-c-a\/\" \/>\n<meta property=\"og:site_name\" content=\"Aivlisoft Inform\u00e1tica\" \/>\n<meta property=\"article:modified_time\" content=\"2025-01-14T11:32:19+00:00\" \/>\n<meta property=\"og:image\" content=\"https:\/\/aivlisoft.net\/shop\/wp-content\/uploads\/2025\/01\/MTMSDM0223_800.jpg\" \/>\n\t<meta property=\"og:image:width\" content=\"800\" \/>\n\t<meta property=\"og:image:height\" content=\"800\" \/>\n\t<meta property=\"og:image:type\" content=\"image\/jpeg\" \/>\n<meta name=\"twitter:card\" content=\"summary_large_image\" \/>\n<meta name=\"twitter:label1\" content=\"Tiempo de lectura\" \/>\n\t<meta name=\"twitter:data1\" content=\"1 minuto\" \/>\n<script type=\"application\/ld+json\" class=\"yoast-schema-graph\">{\"@context\":\"https:\/\/schema.org\",\"@graph\":[{\"@type\":\"WebPage\",\"@id\":\"https:\/\/aivlisoft.net\/shop\/producto\/kingston-sdcs2-512gb-microsd-xc-clase-10-512gb-c-a\/\",\"url\":\"https:\/\/aivlisoft.net\/shop\/producto\/kingston-sdcs2-512gb-microsd-xc-clase-10-512gb-c-a\/\",\"name\":\"Kingston SDCS2\/512GB microSD XC clase 10 512GB c\/a - Aivlisoft Inform\u00e1tica\",\"isPartOf\":{\"@id\":\"https:\/\/aivlisoft.net\/shop\/#website\"},\"primaryImageOfPage\":{\"@id\":\"https:\/\/aivlisoft.net\/shop\/producto\/kingston-sdcs2-512gb-microsd-xc-clase-10-512gb-c-a\/#primaryimage\"},\"image\":{\"@id\":\"https:\/\/aivlisoft.net\/shop\/producto\/kingston-sdcs2-512gb-microsd-xc-clase-10-512gb-c-a\/#primaryimage\"},\"thumbnailUrl\":\"https:\/\/aivlisoft.net\/shop\/wp-content\/uploads\/2025\/01\/MTMSDM0223_800.jpg\",\"datePublished\":\"2025-01-13T15:10:33+00:00\",\"dateModified\":\"2025-01-14T11:32:19+00:00\",\"breadcrumb\":{\"@id\":\"https:\/\/aivlisoft.net\/shop\/producto\/kingston-sdcs2-512gb-microsd-xc-clase-10-512gb-c-a\/#breadcrumb\"},\"inLanguage\":\"es\",\"potentialAction\":[{\"@type\":\"ReadAction\",\"target\":[\"https:\/\/aivlisoft.net\/shop\/producto\/kingston-sdcs2-512gb-microsd-xc-clase-10-512gb-c-a\/\"]}]},{\"@type\":\"ImageObject\",\"inLanguage\":\"es\",\"@id\":\"https:\/\/aivlisoft.net\/shop\/producto\/kingston-sdcs2-512gb-microsd-xc-clase-10-512gb-c-a\/#primaryimage\",\"url\":\"https:\/\/aivlisoft.net\/shop\/wp-content\/uploads\/2025\/01\/MTMSDM0223_800.jpg\",\"contentUrl\":\"https:\/\/aivlisoft.net\/shop\/wp-content\/uploads\/2025\/01\/MTMSDM0223_800.jpg\",\"width\":800,\"height\":800},{\"@type\":\"BreadcrumbList\",\"@id\":\"https:\/\/aivlisoft.net\/shop\/producto\/kingston-sdcs2-512gb-microsd-xc-clase-10-512gb-c-a\/#breadcrumb\",\"itemListElement\":[{\"@type\":\"ListItem\",\"position\":1,\"name\":\"Portada\",\"item\":\"https:\/\/aivlisoft.net\/shop\/\"},{\"@type\":\"ListItem\",\"position\":2,\"name\":\"Tienda\",\"item\":\"https:\/\/aivlisoft.net\/shop\/tienda\/\"},{\"@type\":\"ListItem\",\"position\":3,\"name\":\"Kingston SDCS2\/512GB microSD XC clase 10 512GB c\/a\"}]},{\"@type\":\"WebSite\",\"@id\":\"https:\/\/aivlisoft.net\/shop\/#website\",\"url\":\"https:\/\/aivlisoft.net\/shop\/\",\"name\":\"Aivlisoft Inform\u00e1tica\",\"description\":\"En Aivlisoft Inform\u00e1tica ofrecemos soluciones tecnol\u00f3gicas para empresas: venta de ordenadores, consumibles, perif\u00e9ricos y m\u00e1s. Calidad, atenci\u00f3n personalizada y los mejores precios para tu negocio.\",\"publisher\":{\"@id\":\"https:\/\/aivlisoft.net\/shop\/#organization\"},\"potentialAction\":[{\"@type\":\"SearchAction\",\"target\":{\"@type\":\"EntryPoint\",\"urlTemplate\":\"https:\/\/aivlisoft.net\/shop\/?s={search_term_string}\"},\"query-input\":{\"@type\":\"PropertyValueSpecification\",\"valueRequired\":true,\"valueName\":\"search_term_string\"}}],\"inLanguage\":\"es\"},{\"@type\":\"Organization\",\"@id\":\"https:\/\/aivlisoft.net\/shop\/#organization\",\"name\":\"Aivlisoft Inform\u00e1tica\",\"url\":\"https:\/\/aivlisoft.net\/shop\/\",\"logo\":{\"@type\":\"ImageObject\",\"inLanguage\":\"es\",\"@id\":\"https:\/\/aivlisoft.net\/shop\/#\/schema\/logo\/image\/\",\"url\":\"https:\/\/aivlisoft.net\/shop\/wp-content\/uploads\/2024\/12\/removal.ai_5b848c54-0cdf-4140-95c5-c5536bb7573b-logodef.png\",\"contentUrl\":\"https:\/\/aivlisoft.net\/shop\/wp-content\/uploads\/2024\/12\/removal.ai_5b848c54-0cdf-4140-95c5-c5536bb7573b-logodef.png\",\"width\":484,\"height\":182,\"caption\":\"Aivlisoft Inform\u00e1tica\"},\"image\":{\"@id\":\"https:\/\/aivlisoft.net\/shop\/#\/schema\/logo\/image\/\"}}]}<\/script>\n<!-- \/ Yoast SEO plugin. -->","yoast_head_json":{"title":"Kingston SDCS2\/512GB microSD XC clase 10 512GB c\/a - Aivlisoft Inform\u00e1tica","robots":{"index":"index","follow":"follow","max-snippet":"max-snippet:-1","max-image-preview":"max-image-preview:large","max-video-preview":"max-video-preview:-1"},"canonical":"https:\/\/aivlisoft.net\/shop\/producto\/kingston-sdcs2-512gb-microsd-xc-clase-10-512gb-c-a\/","og_locale":"es_ES","og_type":"article","og_title":"Kingston SDCS2\/512GB microSD XC clase 10 512GB c\/a - Aivlisoft Inform\u00e1tica","og_description":"Tarjeta microSD Canvas Select Plus con clase de rendimiento A1 para Android La microSD Canvas Select Plus de Kingston es compatible con dispositivos Android y est&aacute; dise&ntilde;ada con un rendimiento de calificaci&oacute;n A1. Ofrece una velocidad y capacidad mejoradas para cargar m&aacute;s r&aacute;pido las aplicaciones y capturar im&aacute;genes y videos en m&uacute;ltiples capacidades de hasta&hellip;&nbsp;Kingston SDCS2\/512GB microSD XC clase 10 512GB c\/a","og_url":"https:\/\/aivlisoft.net\/shop\/producto\/kingston-sdcs2-512gb-microsd-xc-clase-10-512gb-c-a\/","og_site_name":"Aivlisoft Inform\u00e1tica","article_modified_time":"2025-01-14T11:32:19+00:00","og_image":[{"width":800,"height":800,"url":"https:\/\/aivlisoft.net\/shop\/wp-content\/uploads\/2025\/01\/MTMSDM0223_800.jpg","type":"image\/jpeg"}],"twitter_card":"summary_large_image","twitter_misc":{"Tiempo de lectura":"1 minuto"},"schema":{"@context":"https:\/\/schema.org","@graph":[{"@type":"WebPage","@id":"https:\/\/aivlisoft.net\/shop\/producto\/kingston-sdcs2-512gb-microsd-xc-clase-10-512gb-c-a\/","url":"https:\/\/aivlisoft.net\/shop\/producto\/kingston-sdcs2-512gb-microsd-xc-clase-10-512gb-c-a\/","name":"Kingston SDCS2\/512GB microSD XC clase 10 512GB c\/a - Aivlisoft Inform\u00e1tica","isPartOf":{"@id":"https:\/\/aivlisoft.net\/shop\/#website"},"primaryImageOfPage":{"@id":"https:\/\/aivlisoft.net\/shop\/producto\/kingston-sdcs2-512gb-microsd-xc-clase-10-512gb-c-a\/#primaryimage"},"image":{"@id":"https:\/\/aivlisoft.net\/shop\/producto\/kingston-sdcs2-512gb-microsd-xc-clase-10-512gb-c-a\/#primaryimage"},"thumbnailUrl":"https:\/\/aivlisoft.net\/shop\/wp-content\/uploads\/2025\/01\/MTMSDM0223_800.jpg","datePublished":"2025-01-13T15:10:33+00:00","dateModified":"2025-01-14T11:32:19+00:00","breadcrumb":{"@id":"https:\/\/aivlisoft.net\/shop\/producto\/kingston-sdcs2-512gb-microsd-xc-clase-10-512gb-c-a\/#breadcrumb"},"inLanguage":"es","potentialAction":[{"@type":"ReadAction","target":["https:\/\/aivlisoft.net\/shop\/producto\/kingston-sdcs2-512gb-microsd-xc-clase-10-512gb-c-a\/"]}]},{"@type":"ImageObject","inLanguage":"es","@id":"https:\/\/aivlisoft.net\/shop\/producto\/kingston-sdcs2-512gb-microsd-xc-clase-10-512gb-c-a\/#primaryimage","url":"https:\/\/aivlisoft.net\/shop\/wp-content\/uploads\/2025\/01\/MTMSDM0223_800.jpg","contentUrl":"https:\/\/aivlisoft.net\/shop\/wp-content\/uploads\/2025\/01\/MTMSDM0223_800.jpg","width":800,"height":800},{"@type":"BreadcrumbList","@id":"https:\/\/aivlisoft.net\/shop\/producto\/kingston-sdcs2-512gb-microsd-xc-clase-10-512gb-c-a\/#breadcrumb","itemListElement":[{"@type":"ListItem","position":1,"name":"Portada","item":"https:\/\/aivlisoft.net\/shop\/"},{"@type":"ListItem","position":2,"name":"Tienda","item":"https:\/\/aivlisoft.net\/shop\/tienda\/"},{"@type":"ListItem","position":3,"name":"Kingston SDCS2\/512GB microSD XC clase 10 512GB c\/a"}]},{"@type":"WebSite","@id":"https:\/\/aivlisoft.net\/shop\/#website","url":"https:\/\/aivlisoft.net\/shop\/","name":"Aivlisoft Inform\u00e1tica","description":"En Aivlisoft Inform\u00e1tica ofrecemos soluciones tecnol\u00f3gicas para empresas: venta de ordenadores, consumibles, perif\u00e9ricos y m\u00e1s. Calidad, atenci\u00f3n personalizada y los mejores precios para tu negocio.","publisher":{"@id":"https:\/\/aivlisoft.net\/shop\/#organization"},"potentialAction":[{"@type":"SearchAction","target":{"@type":"EntryPoint","urlTemplate":"https:\/\/aivlisoft.net\/shop\/?s={search_term_string}"},"query-input":{"@type":"PropertyValueSpecification","valueRequired":true,"valueName":"search_term_string"}}],"inLanguage":"es"},{"@type":"Organization","@id":"https:\/\/aivlisoft.net\/shop\/#organization","name":"Aivlisoft Inform\u00e1tica","url":"https:\/\/aivlisoft.net\/shop\/","logo":{"@type":"ImageObject","inLanguage":"es","@id":"https:\/\/aivlisoft.net\/shop\/#\/schema\/logo\/image\/","url":"https:\/\/aivlisoft.net\/shop\/wp-content\/uploads\/2024\/12\/removal.ai_5b848c54-0cdf-4140-95c5-c5536bb7573b-logodef.png","contentUrl":"https:\/\/aivlisoft.net\/shop\/wp-content\/uploads\/2024\/12\/removal.ai_5b848c54-0cdf-4140-95c5-c5536bb7573b-logodef.png","width":484,"height":182,"caption":"Aivlisoft Inform\u00e1tica"},"image":{"@id":"https:\/\/aivlisoft.net\/shop\/#\/schema\/logo\/image\/"}}]}},"_links":{"self":[{"href":"https:\/\/aivlisoft.net\/shop\/wp-json\/wp\/v2\/product\/17274","targetHints":{"allow":["GET"]}}],"collection":[{"href":"https:\/\/aivlisoft.net\/shop\/wp-json\/wp\/v2\/product"}],"about":[{"href":"https:\/\/aivlisoft.net\/shop\/wp-json\/wp\/v2\/types\/product"}],"wp:featuredmedia":[{"embeddable":true,"href":"https:\/\/aivlisoft.net\/shop\/wp-json\/wp\/v2\/media\/17275"}],"wp:attachment":[{"href":"https:\/\/aivlisoft.net\/shop\/wp-json\/wp\/v2\/media?parent=17274"}],"wp:term":[{"taxonomy":"product_brand","embeddable":true,"href":"https:\/\/aivlisoft.net\/shop\/wp-json\/wp\/v2\/product_brand?post=17274"},{"taxonomy":"product_cat","embeddable":true,"href":"https:\/\/aivlisoft.net\/shop\/wp-json\/wp\/v2\/product_cat?post=17274"},{"taxonomy":"product_tag","embeddable":true,"href":"https:\/\/aivlisoft.net\/shop\/wp-json\/wp\/v2\/product_tag?post=17274"}],"curies":[{"name":"wp","href":"https:\/\/api.w.org\/{rel}","templated":true}]}}