{"id":17221,"date":"2025-01-13T15:09:59","date_gmt":"2025-01-13T15:09:59","guid":{"rendered":"https:\/\/aivlisoft.com\/?post_type=product&#038;p=17221"},"modified":"2025-01-14T11:31:57","modified_gmt":"2025-01-14T11:31:57","slug":"xiaomi-mi-tv-stick-negro-4k","status":"publish","type":"product","link":"https:\/\/aivlisoft.net\/shop\/producto\/xiaomi-mi-tv-stick-negro-4k\/","title":{"rendered":"XIAOMI Mi TV Stick  Negro 4K"},"content":{"rendered":"<p><\/p>\n<table class=\"tabla_caracteristicas\" width=\"100%\">\n<tr>\n<td valign=\"top\"><strong>Marca<\/strong><\/td>\n<td>Xiaomi<\/td>\n<\/tr>\n<tr>\n<td valign=\"top\"><strong>Modelo<\/strong><\/td>\n<td><strong>PFJ4175EU<\/strong><\/td>\n<\/tr>\n<tr>\n<td valign=\"top\"><strong>Caracter&iacute;sticas<\/strong><\/td>\n<td>&#8211; Resoluci&oacute;n de salida: 4K<br \/>\t\t\t&#8211; CPU: Cortex-A35 de cuatro n&uacute;cleos<br \/>\t\t\t&#8211; GPU: Mali-G31 MP2<br \/>\t\t\t&#8211; RAM: 2 GB<br \/>\t\t\t&#8211; Almacenamiento: 8 GB<br \/>\t\t\t&#8211; Sistema operativo: Android TV 11<br \/>\t\t\t&#8211; Contenido: Netflix, Amazon Prime Video y YouTube preinstalados<\/td>\n<\/tr>\n<tr>\n<td valign=\"top\"><strong>Conectividad<\/strong><\/td>\n<td>&#8211; Wi-Fi de 2,4 GHz\/5 GHz<br \/>\t\t\t&#8211; Bluetooth 5.0<br \/>\t\t\t<strong>Puertos<\/strong><br \/>\t\t\t&#8211; 1 x HDMI<br \/>\t\t\t&#8211; 1 Micro USB<\/td>\n<\/tr>\n<tr>\n<td valign=\"top\"><strong>Otras caracter&iacute;sticas<\/strong><\/td>\n<td><strong>Decodificador<\/strong><br \/>\t\t\t&#8211; Decodificador de v&iacute;deo: AV1, VP9, H.265, H.264, MPEG-2, MPEG-1<br \/>\t\t\t&#8211; Formato de v&iacute;deo: MKV, MPG, MPEG, DAT, AVI, MOV, ISO, MP4, RM<br \/>\t\t\t&#8211; Decodificador de audio: DTS HD, Dolby Atmos<br \/>\t\t\t&#8211; Formato de audio: MP3, AAC, RM, FLAC<br \/>\t\t\t&#8211; Decodificador de imagen: JPG, BMP, GIF, PNG<br \/>\t\t\t<strong>Dimensiones y peso<\/strong><br \/>\t\t\t&#8211; 106,8 x 29,4 x 15,4 mm<br \/>\t\t\t&#8211; 42,8 g<br \/>\t\t\t<strong>Contenido <\/strong><br \/>\t\t\t&#8211; 1 x Xiaomi TV Stick 4K<br \/>\t\t\t&#8211; 1 x mando a distancia<br \/>\t\t\t&#8211; 1 x adaptador de corriente<br \/>\t\t\t&#8211; 1 x manual de usuario<br \/>\t\t\t&#8211; 1 x cable extensor HDMI<\/td>\n<\/tr>\n<tr>\n<td valign=\"top\"><strong>Fecha de revisi&oacute;n<\/strong><\/td>\n<td>15-07-2024 por RTY<\/td>\n<\/tr>\n<\/table>\n","protected":false},"excerpt":{"rendered":"<p>Marca Xiaomi Modelo PFJ4175EU Caracter&iacute;sticas &#8211; Resoluci&oacute;n de salida: 4K &#8211; CPU: Cortex-A35 de cuatro n&uacute;cleos &#8211; GPU: Mali-G31 MP2 &#8211; RAM: 2 GB &#8211; Almacenamiento: 8 GB &#8211; Sistema operativo: Android TV 11 &#8211; Contenido: Netflix, Amazon Prime Video y YouTube preinstalados Conectividad &#8211; Wi-Fi de 2,4 GHz\/5 GHz &#8211; Bluetooth 5.0 Puertos &#8211;&hellip;&nbsp;<a href=\"https:\/\/aivlisoft.net\/shop\/producto\/xiaomi-mi-tv-stick-negro-4k\/\" rel=\"bookmark\"><span class=\"screen-reader-text\">XIAOMI Mi TV Stick  Negro 4K<\/span><\/a><\/p>\n","protected":false},"featured_media":17222,"template":"","meta":{"neve_meta_sidebar":"","neve_meta_container":"","neve_meta_enable_content_width":"","neve_meta_content_width":0,"neve_meta_title_alignment":"","neve_meta_author_avatar":"","neve_post_elements_order":"","neve_meta_disable_header":"","neve_meta_disable_footer":"","neve_meta_disable_title":""},"product_brand":[],"product_cat":[8760],"product_tag":[6340],"class_list":{"0":"post-17221","1":"product","2":"type-product","3":"status-publish","4":"has-post-thumbnail","6":"product_cat-reproductor-tv","7":"product_tag-pfj4175eu","9":"first","10":"instock","11":"taxable","12":"shipping-taxable","13":"purchasable","14":"product-type-simple"},"yoast_head":"<!-- This site is optimized with the Yoast SEO plugin v26.0 - https:\/\/yoast.com\/wordpress\/plugins\/seo\/ -->\n<title>XIAOMI Mi TV Stick Negro 4K - Aivlisoft Inform\u00e1tica<\/title>\n<meta name=\"robots\" content=\"index, follow, max-snippet:-1, max-image-preview:large, max-video-preview:-1\" \/>\n<link rel=\"canonical\" href=\"https:\/\/aivlisoft.net\/shop\/producto\/xiaomi-mi-tv-stick-negro-4k\/\" \/>\n<meta property=\"og:locale\" content=\"es_ES\" \/>\n<meta property=\"og:type\" content=\"article\" \/>\n<meta property=\"og:title\" content=\"XIAOMI Mi TV Stick Negro 4K - Aivlisoft Inform\u00e1tica\" \/>\n<meta property=\"og:description\" content=\"Marca Xiaomi Modelo PFJ4175EU Caracter&iacute;sticas &#8211; Resoluci&oacute;n de salida: 4K &#8211; CPU: Cortex-A35 de cuatro n&uacute;cleos &#8211; GPU: Mali-G31 MP2 &#8211; RAM: 2 GB &#8211; Almacenamiento: 8 GB &#8211; Sistema operativo: Android TV 11 &#8211; Contenido: Netflix, Amazon Prime Video y YouTube preinstalados Conectividad &#8211; Wi-Fi de 2,4 GHz\/5 GHz &#8211; Bluetooth 5.0 Puertos &#8211;&hellip;&nbsp;XIAOMI Mi TV Stick Negro 4K\" \/>\n<meta property=\"og:url\" content=\"https:\/\/aivlisoft.net\/shop\/producto\/xiaomi-mi-tv-stick-negro-4k\/\" \/>\n<meta property=\"og:site_name\" content=\"Aivlisoft Inform\u00e1tica\" \/>\n<meta property=\"article:modified_time\" content=\"2025-01-14T11:31:57+00:00\" \/>\n<meta property=\"og:image\" content=\"https:\/\/aivlisoft.net\/shop\/wp-content\/uploads\/2025\/01\/MRERSO0119_800.jpg\" \/>\n\t<meta property=\"og:image:width\" content=\"800\" \/>\n\t<meta property=\"og:image:height\" content=\"800\" \/>\n\t<meta property=\"og:image:type\" content=\"image\/jpeg\" \/>\n<meta name=\"twitter:card\" content=\"summary_large_image\" \/>\n<meta name=\"twitter:label1\" content=\"Tiempo de lectura\" \/>\n\t<meta name=\"twitter:data1\" content=\"1 minuto\" \/>\n<script type=\"application\/ld+json\" class=\"yoast-schema-graph\">{\"@context\":\"https:\/\/schema.org\",\"@graph\":[{\"@type\":\"WebPage\",\"@id\":\"https:\/\/aivlisoft.net\/shop\/producto\/xiaomi-mi-tv-stick-negro-4k\/\",\"url\":\"https:\/\/aivlisoft.net\/shop\/producto\/xiaomi-mi-tv-stick-negro-4k\/\",\"name\":\"XIAOMI Mi TV Stick Negro 4K - Aivlisoft Inform\u00e1tica\",\"isPartOf\":{\"@id\":\"https:\/\/aivlisoft.net\/shop\/#website\"},\"primaryImageOfPage\":{\"@id\":\"https:\/\/aivlisoft.net\/shop\/producto\/xiaomi-mi-tv-stick-negro-4k\/#primaryimage\"},\"image\":{\"@id\":\"https:\/\/aivlisoft.net\/shop\/producto\/xiaomi-mi-tv-stick-negro-4k\/#primaryimage\"},\"thumbnailUrl\":\"https:\/\/aivlisoft.net\/shop\/wp-content\/uploads\/2025\/01\/MRERSO0119_800.jpg\",\"datePublished\":\"2025-01-13T15:09:59+00:00\",\"dateModified\":\"2025-01-14T11:31:57+00:00\",\"breadcrumb\":{\"@id\":\"https:\/\/aivlisoft.net\/shop\/producto\/xiaomi-mi-tv-stick-negro-4k\/#breadcrumb\"},\"inLanguage\":\"es\",\"potentialAction\":[{\"@type\":\"ReadAction\",\"target\":[\"https:\/\/aivlisoft.net\/shop\/producto\/xiaomi-mi-tv-stick-negro-4k\/\"]}]},{\"@type\":\"ImageObject\",\"inLanguage\":\"es\",\"@id\":\"https:\/\/aivlisoft.net\/shop\/producto\/xiaomi-mi-tv-stick-negro-4k\/#primaryimage\",\"url\":\"https:\/\/aivlisoft.net\/shop\/wp-content\/uploads\/2025\/01\/MRERSO0119_800.jpg\",\"contentUrl\":\"https:\/\/aivlisoft.net\/shop\/wp-content\/uploads\/2025\/01\/MRERSO0119_800.jpg\",\"width\":800,\"height\":800},{\"@type\":\"BreadcrumbList\",\"@id\":\"https:\/\/aivlisoft.net\/shop\/producto\/xiaomi-mi-tv-stick-negro-4k\/#breadcrumb\",\"itemListElement\":[{\"@type\":\"ListItem\",\"position\":1,\"name\":\"Portada\",\"item\":\"https:\/\/aivlisoft.net\/shop\/\"},{\"@type\":\"ListItem\",\"position\":2,\"name\":\"Tienda\",\"item\":\"https:\/\/aivlisoft.net\/shop\/tienda\/\"},{\"@type\":\"ListItem\",\"position\":3,\"name\":\"XIAOMI Mi TV Stick Negro 4K\"}]},{\"@type\":\"WebSite\",\"@id\":\"https:\/\/aivlisoft.net\/shop\/#website\",\"url\":\"https:\/\/aivlisoft.net\/shop\/\",\"name\":\"Aivlisoft Inform\u00e1tica\",\"description\":\"En Aivlisoft Inform\u00e1tica ofrecemos soluciones tecnol\u00f3gicas para empresas: venta de ordenadores, consumibles, perif\u00e9ricos y m\u00e1s. Calidad, atenci\u00f3n personalizada y los mejores precios para tu negocio.\",\"publisher\":{\"@id\":\"https:\/\/aivlisoft.net\/shop\/#organization\"},\"potentialAction\":[{\"@type\":\"SearchAction\",\"target\":{\"@type\":\"EntryPoint\",\"urlTemplate\":\"https:\/\/aivlisoft.net\/shop\/?s={search_term_string}\"},\"query-input\":{\"@type\":\"PropertyValueSpecification\",\"valueRequired\":true,\"valueName\":\"search_term_string\"}}],\"inLanguage\":\"es\"},{\"@type\":\"Organization\",\"@id\":\"https:\/\/aivlisoft.net\/shop\/#organization\",\"name\":\"Aivlisoft Inform\u00e1tica\",\"url\":\"https:\/\/aivlisoft.net\/shop\/\",\"logo\":{\"@type\":\"ImageObject\",\"inLanguage\":\"es\",\"@id\":\"https:\/\/aivlisoft.net\/shop\/#\/schema\/logo\/image\/\",\"url\":\"https:\/\/aivlisoft.net\/shop\/wp-content\/uploads\/2024\/12\/removal.ai_5b848c54-0cdf-4140-95c5-c5536bb7573b-logodef.png\",\"contentUrl\":\"https:\/\/aivlisoft.net\/shop\/wp-content\/uploads\/2024\/12\/removal.ai_5b848c54-0cdf-4140-95c5-c5536bb7573b-logodef.png\",\"width\":484,\"height\":182,\"caption\":\"Aivlisoft Inform\u00e1tica\"},\"image\":{\"@id\":\"https:\/\/aivlisoft.net\/shop\/#\/schema\/logo\/image\/\"}}]}<\/script>\n<!-- \/ Yoast SEO plugin. -->","yoast_head_json":{"title":"XIAOMI Mi TV Stick Negro 4K - Aivlisoft Inform\u00e1tica","robots":{"index":"index","follow":"follow","max-snippet":"max-snippet:-1","max-image-preview":"max-image-preview:large","max-video-preview":"max-video-preview:-1"},"canonical":"https:\/\/aivlisoft.net\/shop\/producto\/xiaomi-mi-tv-stick-negro-4k\/","og_locale":"es_ES","og_type":"article","og_title":"XIAOMI Mi TV Stick Negro 4K - Aivlisoft Inform\u00e1tica","og_description":"Marca Xiaomi Modelo PFJ4175EU Caracter&iacute;sticas &#8211; Resoluci&oacute;n de salida: 4K &#8211; CPU: Cortex-A35 de cuatro n&uacute;cleos &#8211; GPU: Mali-G31 MP2 &#8211; RAM: 2 GB &#8211; Almacenamiento: 8 GB &#8211; Sistema operativo: Android TV 11 &#8211; Contenido: Netflix, Amazon Prime Video y YouTube preinstalados Conectividad &#8211; Wi-Fi de 2,4 GHz\/5 GHz &#8211; Bluetooth 5.0 Puertos &#8211;&hellip;&nbsp;XIAOMI Mi TV Stick Negro 4K","og_url":"https:\/\/aivlisoft.net\/shop\/producto\/xiaomi-mi-tv-stick-negro-4k\/","og_site_name":"Aivlisoft Inform\u00e1tica","article_modified_time":"2025-01-14T11:31:57+00:00","og_image":[{"width":800,"height":800,"url":"https:\/\/aivlisoft.net\/shop\/wp-content\/uploads\/2025\/01\/MRERSO0119_800.jpg","type":"image\/jpeg"}],"twitter_card":"summary_large_image","twitter_misc":{"Tiempo de lectura":"1 minuto"},"schema":{"@context":"https:\/\/schema.org","@graph":[{"@type":"WebPage","@id":"https:\/\/aivlisoft.net\/shop\/producto\/xiaomi-mi-tv-stick-negro-4k\/","url":"https:\/\/aivlisoft.net\/shop\/producto\/xiaomi-mi-tv-stick-negro-4k\/","name":"XIAOMI Mi TV Stick Negro 4K - Aivlisoft Inform\u00e1tica","isPartOf":{"@id":"https:\/\/aivlisoft.net\/shop\/#website"},"primaryImageOfPage":{"@id":"https:\/\/aivlisoft.net\/shop\/producto\/xiaomi-mi-tv-stick-negro-4k\/#primaryimage"},"image":{"@id":"https:\/\/aivlisoft.net\/shop\/producto\/xiaomi-mi-tv-stick-negro-4k\/#primaryimage"},"thumbnailUrl":"https:\/\/aivlisoft.net\/shop\/wp-content\/uploads\/2025\/01\/MRERSO0119_800.jpg","datePublished":"2025-01-13T15:09:59+00:00","dateModified":"2025-01-14T11:31:57+00:00","breadcrumb":{"@id":"https:\/\/aivlisoft.net\/shop\/producto\/xiaomi-mi-tv-stick-negro-4k\/#breadcrumb"},"inLanguage":"es","potentialAction":[{"@type":"ReadAction","target":["https:\/\/aivlisoft.net\/shop\/producto\/xiaomi-mi-tv-stick-negro-4k\/"]}]},{"@type":"ImageObject","inLanguage":"es","@id":"https:\/\/aivlisoft.net\/shop\/producto\/xiaomi-mi-tv-stick-negro-4k\/#primaryimage","url":"https:\/\/aivlisoft.net\/shop\/wp-content\/uploads\/2025\/01\/MRERSO0119_800.jpg","contentUrl":"https:\/\/aivlisoft.net\/shop\/wp-content\/uploads\/2025\/01\/MRERSO0119_800.jpg","width":800,"height":800},{"@type":"BreadcrumbList","@id":"https:\/\/aivlisoft.net\/shop\/producto\/xiaomi-mi-tv-stick-negro-4k\/#breadcrumb","itemListElement":[{"@type":"ListItem","position":1,"name":"Portada","item":"https:\/\/aivlisoft.net\/shop\/"},{"@type":"ListItem","position":2,"name":"Tienda","item":"https:\/\/aivlisoft.net\/shop\/tienda\/"},{"@type":"ListItem","position":3,"name":"XIAOMI Mi TV Stick Negro 4K"}]},{"@type":"WebSite","@id":"https:\/\/aivlisoft.net\/shop\/#website","url":"https:\/\/aivlisoft.net\/shop\/","name":"Aivlisoft Inform\u00e1tica","description":"En Aivlisoft Inform\u00e1tica ofrecemos soluciones tecnol\u00f3gicas para empresas: venta de ordenadores, consumibles, perif\u00e9ricos y m\u00e1s. Calidad, atenci\u00f3n personalizada y los mejores precios para tu negocio.","publisher":{"@id":"https:\/\/aivlisoft.net\/shop\/#organization"},"potentialAction":[{"@type":"SearchAction","target":{"@type":"EntryPoint","urlTemplate":"https:\/\/aivlisoft.net\/shop\/?s={search_term_string}"},"query-input":{"@type":"PropertyValueSpecification","valueRequired":true,"valueName":"search_term_string"}}],"inLanguage":"es"},{"@type":"Organization","@id":"https:\/\/aivlisoft.net\/shop\/#organization","name":"Aivlisoft Inform\u00e1tica","url":"https:\/\/aivlisoft.net\/shop\/","logo":{"@type":"ImageObject","inLanguage":"es","@id":"https:\/\/aivlisoft.net\/shop\/#\/schema\/logo\/image\/","url":"https:\/\/aivlisoft.net\/shop\/wp-content\/uploads\/2024\/12\/removal.ai_5b848c54-0cdf-4140-95c5-c5536bb7573b-logodef.png","contentUrl":"https:\/\/aivlisoft.net\/shop\/wp-content\/uploads\/2024\/12\/removal.ai_5b848c54-0cdf-4140-95c5-c5536bb7573b-logodef.png","width":484,"height":182,"caption":"Aivlisoft Inform\u00e1tica"},"image":{"@id":"https:\/\/aivlisoft.net\/shop\/#\/schema\/logo\/image\/"}}]}},"_links":{"self":[{"href":"https:\/\/aivlisoft.net\/shop\/wp-json\/wp\/v2\/product\/17221","targetHints":{"allow":["GET"]}}],"collection":[{"href":"https:\/\/aivlisoft.net\/shop\/wp-json\/wp\/v2\/product"}],"about":[{"href":"https:\/\/aivlisoft.net\/shop\/wp-json\/wp\/v2\/types\/product"}],"wp:featuredmedia":[{"embeddable":true,"href":"https:\/\/aivlisoft.net\/shop\/wp-json\/wp\/v2\/media\/17222"}],"wp:attachment":[{"href":"https:\/\/aivlisoft.net\/shop\/wp-json\/wp\/v2\/media?parent=17221"}],"wp:term":[{"taxonomy":"product_brand","embeddable":true,"href":"https:\/\/aivlisoft.net\/shop\/wp-json\/wp\/v2\/product_brand?post=17221"},{"taxonomy":"product_cat","embeddable":true,"href":"https:\/\/aivlisoft.net\/shop\/wp-json\/wp\/v2\/product_cat?post=17221"},{"taxonomy":"product_tag","embeddable":true,"href":"https:\/\/aivlisoft.net\/shop\/wp-json\/wp\/v2\/product_tag?post=17221"}],"curies":[{"name":"wp","href":"https:\/\/api.w.org\/{rel}","templated":true}]}}