{"id":17213,"date":"2025-01-13T15:09:55","date_gmt":"2025-01-13T15:09:55","guid":{"rendered":"https:\/\/aivlisoft.com\/?post_type=product&#038;p=17213"},"modified":"2025-01-14T11:31:55","modified_gmt":"2025-01-14T11:31:55","slug":"xiaomi-mi-tv-stick-negro","status":"publish","type":"product","link":"https:\/\/aivlisoft.net\/shop\/producto\/xiaomi-mi-tv-stick-negro\/","title":{"rendered":"XIAOMI Mi TV Stick  Negro"},"content":{"rendered":"<p>&nbsp;<\/p>\n<table class=\"tabla_caracteristicas k-table\" width=\"100%\">\n<tr>\n<td valign=\"top\"><strong>Marca<\/strong><\/td>\n<td>Xiaomi<\/td>\n<\/tr>\n<tr>\n<td valign=\"top\"><strong>Modelo<\/strong><\/td>\n<td valign=\"top\"><strong>PFJ4098EU<\/strong><\/td>\n<\/tr>\n<tr>\n<td valign=\"top\"><strong>Caracter&iacute;sticas<\/strong><\/td>\n<td>&#8211; Sistema operativo: <strong>Android 9.0<\/strong><br \/>\t\t\t&#8211; Resoluci&oacute;n de salida: <strong>1080P<\/strong> (1920&#215;1080@60fps)<br \/>\t\t\t&#8211; CPU: <strong>Cortex-A53<\/strong> de cuatro n&uacute;cleos<br \/>\t\t\t&#8211; GPU: ARM Mali-450<br \/>\t\t\t&#8211; RAM: <strong>1GB<\/strong><br \/>\t\t\t&#8211; Almacenamiento: <strong>8GB<\/strong><br \/>\t\t\t<strong>Conectividad wireless<\/strong><br \/>\t\t\t&#8211; Wi-Fi: 802.11a\/b\/g\/n\/ac 2.4GHz\/5GHz<br \/>\t\t\t&#8211; Bluetooth: 4.2<br \/>\t\t\t<strong>Decodificador<\/strong><br \/>\t\t\t&#8211; Decodificador de v&iacute;deo: VP9-10, H.265, H.264, VC-1, MPEG1\/2\/4, Real8\/9\/10<br \/>\t\t\t&#8211; Formato de video: RM, MOV, VOB, AVI, MKV, TS, MP4<br \/>\t\t\t&#8211; Decodificador de audio: DOLBY, DTS<br \/>\t\t\t&#8211; Formato de audio: MP3, AAC, FLAC, OGG<br \/>\t\t\t&#8211; Decodificador de im&aacute;genes: JPG, BMP, GIF, PNG<br \/>\t\t\t<strong>Dimensiones<\/strong><br \/>\t\t\t&#8211; Longitud: 92.4mm<br \/>\t\t\t&#8211; Anchura: 30.2mm<br \/>\t\t\t&#8211; Grosor: 15.2mm<br \/>\t\t\t&#8211; Peso: 28.5g<br \/>\t\t\t&#8211; Color: Negro<br \/>\t\t\t<strong>Puertos<\/strong><br \/>\t\t\t&#8211; 1 x HDMI<br \/>\t\t\t&#8211; 1 x Micro USB<br \/>\t\t\t<strong>Contenido<\/strong><br \/>\t\t\t&#8211; 1 x Mi TV Stick<br \/>\t\t\t&#8211; 1 x Mando a distancia<br \/>\t\t\t&#8211; 1 x Adaptador de corriente<br \/>\t\t\t&#8211; 1 x Manual del usuario<\/td>\n<\/tr>\n<tr>\n<td valign=\"top\"><strong>Fecha de revisi&oacute;n<\/strong><\/td>\n<td>17-08-2020 por MSB<\/td>\n<\/tr>\n<\/table>\n","protected":false},"excerpt":{"rendered":"<p>&nbsp; Marca Xiaomi Modelo PFJ4098EU Caracter&iacute;sticas &#8211; Sistema operativo: Android 9.0 &#8211; Resoluci&oacute;n de salida: 1080P (1920&#215;1080@60fps) &#8211; CPU: Cortex-A53 de cuatro n&uacute;cleos &#8211; GPU: ARM Mali-450 &#8211; RAM: 1GB &#8211; Almacenamiento: 8GB Conectividad wireless &#8211; Wi-Fi: 802.11a\/b\/g\/n\/ac 2.4GHz\/5GHz &#8211; Bluetooth: 4.2 Decodificador &#8211; Decodificador de v&iacute;deo: VP9-10, H.265, H.264, VC-1, MPEG1\/2\/4, Real8\/9\/10 &#8211; Formato&hellip;&nbsp;<a href=\"https:\/\/aivlisoft.net\/shop\/producto\/xiaomi-mi-tv-stick-negro\/\" rel=\"bookmark\"><span class=\"screen-reader-text\">XIAOMI Mi TV Stick  Negro<\/span><\/a><\/p>\n","protected":false},"featured_media":17214,"template":"","meta":{"neve_meta_sidebar":"","neve_meta_container":"","neve_meta_enable_content_width":"","neve_meta_content_width":0,"neve_meta_title_alignment":"","neve_meta_author_avatar":"","neve_post_elements_order":"","neve_meta_disable_header":"","neve_meta_disable_footer":"","neve_meta_disable_title":""},"product_brand":[],"product_cat":[8760],"product_tag":[6338],"class_list":{"0":"post-17213","1":"product","2":"type-product","3":"status-publish","4":"has-post-thumbnail","6":"product_cat-reproductor-tv","7":"product_tag-pfj4098eu","9":"first","10":"instock","11":"taxable","12":"shipping-taxable","13":"purchasable","14":"product-type-simple"},"yoast_head":"<!-- This site is optimized with the Yoast SEO plugin v26.0 - https:\/\/yoast.com\/wordpress\/plugins\/seo\/ -->\n<title>XIAOMI Mi TV Stick Negro - Aivlisoft Inform\u00e1tica<\/title>\n<meta name=\"robots\" content=\"index, follow, max-snippet:-1, max-image-preview:large, max-video-preview:-1\" \/>\n<link rel=\"canonical\" href=\"https:\/\/aivlisoft.net\/shop\/producto\/xiaomi-mi-tv-stick-negro\/\" \/>\n<meta property=\"og:locale\" content=\"es_ES\" \/>\n<meta property=\"og:type\" content=\"article\" \/>\n<meta property=\"og:title\" content=\"XIAOMI Mi TV Stick Negro - Aivlisoft Inform\u00e1tica\" \/>\n<meta property=\"og:description\" content=\"&nbsp; Marca Xiaomi Modelo PFJ4098EU Caracter&iacute;sticas &#8211; Sistema operativo: Android 9.0 &#8211; Resoluci&oacute;n de salida: 1080P (1920&#215;1080@60fps) &#8211; CPU: Cortex-A53 de cuatro n&uacute;cleos &#8211; GPU: ARM Mali-450 &#8211; RAM: 1GB &#8211; Almacenamiento: 8GB Conectividad wireless &#8211; Wi-Fi: 802.11a\/b\/g\/n\/ac 2.4GHz\/5GHz &#8211; Bluetooth: 4.2 Decodificador &#8211; Decodificador de v&iacute;deo: VP9-10, H.265, H.264, VC-1, MPEG1\/2\/4, Real8\/9\/10 &#8211; Formato&hellip;&nbsp;XIAOMI Mi TV Stick Negro\" \/>\n<meta property=\"og:url\" content=\"https:\/\/aivlisoft.net\/shop\/producto\/xiaomi-mi-tv-stick-negro\/\" \/>\n<meta property=\"og:site_name\" content=\"Aivlisoft Inform\u00e1tica\" \/>\n<meta property=\"article:modified_time\" content=\"2025-01-14T11:31:55+00:00\" \/>\n<meta property=\"og:image\" content=\"https:\/\/aivlisoft.net\/shop\/wp-content\/uploads\/2025\/01\/MRERSO0111_800.jpg\" \/>\n\t<meta property=\"og:image:width\" content=\"800\" \/>\n\t<meta property=\"og:image:height\" content=\"800\" \/>\n\t<meta property=\"og:image:type\" content=\"image\/jpeg\" \/>\n<meta name=\"twitter:card\" content=\"summary_large_image\" \/>\n<meta name=\"twitter:label1\" content=\"Tiempo de lectura\" \/>\n\t<meta name=\"twitter:data1\" content=\"1 minuto\" \/>\n<script type=\"application\/ld+json\" class=\"yoast-schema-graph\">{\"@context\":\"https:\/\/schema.org\",\"@graph\":[{\"@type\":\"WebPage\",\"@id\":\"https:\/\/aivlisoft.net\/shop\/producto\/xiaomi-mi-tv-stick-negro\/\",\"url\":\"https:\/\/aivlisoft.net\/shop\/producto\/xiaomi-mi-tv-stick-negro\/\",\"name\":\"XIAOMI Mi TV Stick Negro - Aivlisoft Inform\u00e1tica\",\"isPartOf\":{\"@id\":\"https:\/\/aivlisoft.net\/shop\/#website\"},\"primaryImageOfPage\":{\"@id\":\"https:\/\/aivlisoft.net\/shop\/producto\/xiaomi-mi-tv-stick-negro\/#primaryimage\"},\"image\":{\"@id\":\"https:\/\/aivlisoft.net\/shop\/producto\/xiaomi-mi-tv-stick-negro\/#primaryimage\"},\"thumbnailUrl\":\"https:\/\/aivlisoft.net\/shop\/wp-content\/uploads\/2025\/01\/MRERSO0111_800.jpg\",\"datePublished\":\"2025-01-13T15:09:55+00:00\",\"dateModified\":\"2025-01-14T11:31:55+00:00\",\"breadcrumb\":{\"@id\":\"https:\/\/aivlisoft.net\/shop\/producto\/xiaomi-mi-tv-stick-negro\/#breadcrumb\"},\"inLanguage\":\"es\",\"potentialAction\":[{\"@type\":\"ReadAction\",\"target\":[\"https:\/\/aivlisoft.net\/shop\/producto\/xiaomi-mi-tv-stick-negro\/\"]}]},{\"@type\":\"ImageObject\",\"inLanguage\":\"es\",\"@id\":\"https:\/\/aivlisoft.net\/shop\/producto\/xiaomi-mi-tv-stick-negro\/#primaryimage\",\"url\":\"https:\/\/aivlisoft.net\/shop\/wp-content\/uploads\/2025\/01\/MRERSO0111_800.jpg\",\"contentUrl\":\"https:\/\/aivlisoft.net\/shop\/wp-content\/uploads\/2025\/01\/MRERSO0111_800.jpg\",\"width\":800,\"height\":800},{\"@type\":\"BreadcrumbList\",\"@id\":\"https:\/\/aivlisoft.net\/shop\/producto\/xiaomi-mi-tv-stick-negro\/#breadcrumb\",\"itemListElement\":[{\"@type\":\"ListItem\",\"position\":1,\"name\":\"Portada\",\"item\":\"https:\/\/aivlisoft.net\/shop\/\"},{\"@type\":\"ListItem\",\"position\":2,\"name\":\"Tienda\",\"item\":\"https:\/\/aivlisoft.net\/shop\/tienda\/\"},{\"@type\":\"ListItem\",\"position\":3,\"name\":\"XIAOMI Mi TV Stick Negro\"}]},{\"@type\":\"WebSite\",\"@id\":\"https:\/\/aivlisoft.net\/shop\/#website\",\"url\":\"https:\/\/aivlisoft.net\/shop\/\",\"name\":\"Aivlisoft Inform\u00e1tica\",\"description\":\"En Aivlisoft Inform\u00e1tica ofrecemos soluciones tecnol\u00f3gicas para empresas: venta de ordenadores, consumibles, perif\u00e9ricos y m\u00e1s. Calidad, atenci\u00f3n personalizada y los mejores precios para tu negocio.\",\"publisher\":{\"@id\":\"https:\/\/aivlisoft.net\/shop\/#organization\"},\"potentialAction\":[{\"@type\":\"SearchAction\",\"target\":{\"@type\":\"EntryPoint\",\"urlTemplate\":\"https:\/\/aivlisoft.net\/shop\/?s={search_term_string}\"},\"query-input\":{\"@type\":\"PropertyValueSpecification\",\"valueRequired\":true,\"valueName\":\"search_term_string\"}}],\"inLanguage\":\"es\"},{\"@type\":\"Organization\",\"@id\":\"https:\/\/aivlisoft.net\/shop\/#organization\",\"name\":\"Aivlisoft Inform\u00e1tica\",\"url\":\"https:\/\/aivlisoft.net\/shop\/\",\"logo\":{\"@type\":\"ImageObject\",\"inLanguage\":\"es\",\"@id\":\"https:\/\/aivlisoft.net\/shop\/#\/schema\/logo\/image\/\",\"url\":\"https:\/\/aivlisoft.net\/shop\/wp-content\/uploads\/2024\/12\/removal.ai_5b848c54-0cdf-4140-95c5-c5536bb7573b-logodef.png\",\"contentUrl\":\"https:\/\/aivlisoft.net\/shop\/wp-content\/uploads\/2024\/12\/removal.ai_5b848c54-0cdf-4140-95c5-c5536bb7573b-logodef.png\",\"width\":484,\"height\":182,\"caption\":\"Aivlisoft Inform\u00e1tica\"},\"image\":{\"@id\":\"https:\/\/aivlisoft.net\/shop\/#\/schema\/logo\/image\/\"}}]}<\/script>\n<!-- \/ Yoast SEO plugin. -->","yoast_head_json":{"title":"XIAOMI Mi TV Stick Negro - Aivlisoft Inform\u00e1tica","robots":{"index":"index","follow":"follow","max-snippet":"max-snippet:-1","max-image-preview":"max-image-preview:large","max-video-preview":"max-video-preview:-1"},"canonical":"https:\/\/aivlisoft.net\/shop\/producto\/xiaomi-mi-tv-stick-negro\/","og_locale":"es_ES","og_type":"article","og_title":"XIAOMI Mi TV Stick Negro - Aivlisoft Inform\u00e1tica","og_description":"&nbsp; Marca Xiaomi Modelo PFJ4098EU Caracter&iacute;sticas &#8211; Sistema operativo: Android 9.0 &#8211; Resoluci&oacute;n de salida: 1080P (1920&#215;1080@60fps) &#8211; CPU: Cortex-A53 de cuatro n&uacute;cleos &#8211; GPU: ARM Mali-450 &#8211; RAM: 1GB &#8211; Almacenamiento: 8GB Conectividad wireless &#8211; Wi-Fi: 802.11a\/b\/g\/n\/ac 2.4GHz\/5GHz &#8211; Bluetooth: 4.2 Decodificador &#8211; Decodificador de v&iacute;deo: VP9-10, H.265, H.264, VC-1, MPEG1\/2\/4, Real8\/9\/10 &#8211; Formato&hellip;&nbsp;XIAOMI Mi TV Stick Negro","og_url":"https:\/\/aivlisoft.net\/shop\/producto\/xiaomi-mi-tv-stick-negro\/","og_site_name":"Aivlisoft Inform\u00e1tica","article_modified_time":"2025-01-14T11:31:55+00:00","og_image":[{"width":800,"height":800,"url":"https:\/\/aivlisoft.net\/shop\/wp-content\/uploads\/2025\/01\/MRERSO0111_800.jpg","type":"image\/jpeg"}],"twitter_card":"summary_large_image","twitter_misc":{"Tiempo de lectura":"1 minuto"},"schema":{"@context":"https:\/\/schema.org","@graph":[{"@type":"WebPage","@id":"https:\/\/aivlisoft.net\/shop\/producto\/xiaomi-mi-tv-stick-negro\/","url":"https:\/\/aivlisoft.net\/shop\/producto\/xiaomi-mi-tv-stick-negro\/","name":"XIAOMI Mi TV Stick Negro - Aivlisoft Inform\u00e1tica","isPartOf":{"@id":"https:\/\/aivlisoft.net\/shop\/#website"},"primaryImageOfPage":{"@id":"https:\/\/aivlisoft.net\/shop\/producto\/xiaomi-mi-tv-stick-negro\/#primaryimage"},"image":{"@id":"https:\/\/aivlisoft.net\/shop\/producto\/xiaomi-mi-tv-stick-negro\/#primaryimage"},"thumbnailUrl":"https:\/\/aivlisoft.net\/shop\/wp-content\/uploads\/2025\/01\/MRERSO0111_800.jpg","datePublished":"2025-01-13T15:09:55+00:00","dateModified":"2025-01-14T11:31:55+00:00","breadcrumb":{"@id":"https:\/\/aivlisoft.net\/shop\/producto\/xiaomi-mi-tv-stick-negro\/#breadcrumb"},"inLanguage":"es","potentialAction":[{"@type":"ReadAction","target":["https:\/\/aivlisoft.net\/shop\/producto\/xiaomi-mi-tv-stick-negro\/"]}]},{"@type":"ImageObject","inLanguage":"es","@id":"https:\/\/aivlisoft.net\/shop\/producto\/xiaomi-mi-tv-stick-negro\/#primaryimage","url":"https:\/\/aivlisoft.net\/shop\/wp-content\/uploads\/2025\/01\/MRERSO0111_800.jpg","contentUrl":"https:\/\/aivlisoft.net\/shop\/wp-content\/uploads\/2025\/01\/MRERSO0111_800.jpg","width":800,"height":800},{"@type":"BreadcrumbList","@id":"https:\/\/aivlisoft.net\/shop\/producto\/xiaomi-mi-tv-stick-negro\/#breadcrumb","itemListElement":[{"@type":"ListItem","position":1,"name":"Portada","item":"https:\/\/aivlisoft.net\/shop\/"},{"@type":"ListItem","position":2,"name":"Tienda","item":"https:\/\/aivlisoft.net\/shop\/tienda\/"},{"@type":"ListItem","position":3,"name":"XIAOMI Mi TV Stick Negro"}]},{"@type":"WebSite","@id":"https:\/\/aivlisoft.net\/shop\/#website","url":"https:\/\/aivlisoft.net\/shop\/","name":"Aivlisoft Inform\u00e1tica","description":"En Aivlisoft Inform\u00e1tica ofrecemos soluciones tecnol\u00f3gicas para empresas: venta de ordenadores, consumibles, perif\u00e9ricos y m\u00e1s. Calidad, atenci\u00f3n personalizada y los mejores precios para tu negocio.","publisher":{"@id":"https:\/\/aivlisoft.net\/shop\/#organization"},"potentialAction":[{"@type":"SearchAction","target":{"@type":"EntryPoint","urlTemplate":"https:\/\/aivlisoft.net\/shop\/?s={search_term_string}"},"query-input":{"@type":"PropertyValueSpecification","valueRequired":true,"valueName":"search_term_string"}}],"inLanguage":"es"},{"@type":"Organization","@id":"https:\/\/aivlisoft.net\/shop\/#organization","name":"Aivlisoft Inform\u00e1tica","url":"https:\/\/aivlisoft.net\/shop\/","logo":{"@type":"ImageObject","inLanguage":"es","@id":"https:\/\/aivlisoft.net\/shop\/#\/schema\/logo\/image\/","url":"https:\/\/aivlisoft.net\/shop\/wp-content\/uploads\/2024\/12\/removal.ai_5b848c54-0cdf-4140-95c5-c5536bb7573b-logodef.png","contentUrl":"https:\/\/aivlisoft.net\/shop\/wp-content\/uploads\/2024\/12\/removal.ai_5b848c54-0cdf-4140-95c5-c5536bb7573b-logodef.png","width":484,"height":182,"caption":"Aivlisoft Inform\u00e1tica"},"image":{"@id":"https:\/\/aivlisoft.net\/shop\/#\/schema\/logo\/image\/"}}]}},"_links":{"self":[{"href":"https:\/\/aivlisoft.net\/shop\/wp-json\/wp\/v2\/product\/17213","targetHints":{"allow":["GET"]}}],"collection":[{"href":"https:\/\/aivlisoft.net\/shop\/wp-json\/wp\/v2\/product"}],"about":[{"href":"https:\/\/aivlisoft.net\/shop\/wp-json\/wp\/v2\/types\/product"}],"wp:featuredmedia":[{"embeddable":true,"href":"https:\/\/aivlisoft.net\/shop\/wp-json\/wp\/v2\/media\/17214"}],"wp:attachment":[{"href":"https:\/\/aivlisoft.net\/shop\/wp-json\/wp\/v2\/media?parent=17213"}],"wp:term":[{"taxonomy":"product_brand","embeddable":true,"href":"https:\/\/aivlisoft.net\/shop\/wp-json\/wp\/v2\/product_brand?post=17213"},{"taxonomy":"product_cat","embeddable":true,"href":"https:\/\/aivlisoft.net\/shop\/wp-json\/wp\/v2\/product_cat?post=17213"},{"taxonomy":"product_tag","embeddable":true,"href":"https:\/\/aivlisoft.net\/shop\/wp-json\/wp\/v2\/product_tag?post=17213"}],"curies":[{"name":"wp","href":"https:\/\/api.w.org\/{rel}","templated":true}]}}