{"id":17183,"date":"2025-01-13T15:09:39","date_gmt":"2025-01-13T15:09:39","guid":{"rendered":"https:\/\/aivlisoft.com\/?post_type=product&#038;p=17183"},"modified":"2025-01-14T11:31:46","modified_gmt":"2025-01-14T11:31:46","slug":"energy-sistem-car-transmitter-fm-bluetooth-pro","status":"publish","type":"product","link":"https:\/\/aivlisoft.net\/shop\/producto\/energy-sistem-car-transmitter-fm-bluetooth-pro\/","title":{"rendered":"Energy Sistem Car Transmitter FM Bluetooth PRO"},"content":{"rendered":"<p><strong>Conecta con tu radio<\/strong><br \/>Sintoniza el dial en la radio de tu coche y deja que el dispositivo haga todo lo dem&aacute;s por ti.<\/p>\n<p><strong>La m&uacute;sica de tu m&oacute;vil en el coche<\/strong><br \/>Sincroniza tu smartphone con el dispositivo v&iacute;a Bluetooth y reproduce tu m&uacute;sica de forma inal&aacute;mbrica o responde a las llamadas entrantes sin tener que recurrir a tu tel&eacute;fono.<\/p>\n<p><strong>Navega sin necesidad de utilizar tu tel&eacute;fono<\/strong><br \/>Su pantalla LCD retroiluminada te muestra la informaci&oacute;n en el dispositivo para que puedas navegar por las carpetas de las memorias externas.<\/p>\n<p><strong>Todo en uno<\/strong><br \/>Utiliza el puerto de carga USB para cargar la bater&iacute;a de tu smartphone durante tus viajes mientras escucha la m&uacute;sica almacenada en tu memoria USB y tarjetas microSD de 128 GB.<\/p>\n<table class=\"tabla_caracteristicas k-table\" width=\"100%\">\n<tbody>\n<tr>\n<td><strong>Marca<\/strong><\/td>\n<td>Energy Sistem<\/td>\n<\/tr>\n<tr>\n<td><strong>Modelo<\/strong><\/td>\n<td><strong>447268<\/strong><\/td>\n<\/tr>\n<tr>\n<td><strong>Tipo<\/strong><\/td>\n<td>&#8211; Reproductor MP3<\/td>\n<\/tr>\n<tr>\n<td valign=\"top\"><strong>Caracter&iacute;sticas destacadas<\/strong><\/td>\n<td>&#8211; Transmisor FM que env&iacute;a la m&uacute;sica a la radio del coche sin necesidad de cables.<br \/>&#8211; Pantalla LCD para mostrar la informaci&oacute;n de la m&uacute;sica y navegaci&oacute;n por carpetas.<br \/>&#8211; Sincroniza la m&uacute;sica de tu smartphone o tablet a trav&eacute;s de conexi&oacute;n inal&aacute;mbrica gracias a la tecnolog&iacute;a Bluetooth&reg;.<br \/>&#8211; Funci&oacute;n manos libres incorporada para hablar por tel&eacute;fono mientras conduces.<br \/>&#8211; Conexi&oacute;n USB para escuchar m&uacute;sica desde un pendrive (hasta 128 GB).<br \/>&#8211; Recarga tu smartphone o tablet a trav&eacute;s del cargador del coche, con la conexi&oacute;n de carga USB.<br \/>&#8211; Compatible con tarjetas de memoria microSD de 128 GB.<\/td>\n<\/tr>\n<tr>\n<td valign=\"top\"><strong>Otras caracter&iacute;sticas <\/strong><\/td>\n<td><strong><\/strong><strong>Pantalla<\/strong><br \/>&#8211; Tipo: LCD retroiluminada.<br \/><strong>Conectividad<\/strong><br \/>&#8211; Bluetooth 4.2 (bidireccional, Clase II con alcance de 8 m)<br \/>&#8211; Conexi&oacute;n USB y microSD para escuchar m&uacute;sica en formatos MP3 y WAV desde una memoria externa de hasta 128 GB.<br \/>&#8211; Conexi&oacute;n Line-out minijack 3.5&#8243;.<br \/><strong>Transmisor FM<\/strong><br \/>&#8211; Rango de frecuencia seleccionable: 87.5 MHz ~ 108.0 MHz<br \/><strong>Micr&oacute;fono<\/strong><br \/>&#8211; Tipo: omnidireccional<br \/><strong>Otros<\/strong><br \/>&#8211; Puerto USB de 3.1 A para la recarga de dispositivos<br \/>&#8211; Alimentaci&oacute;n de mechero DC de 12 V y 24 V<br \/>&#8211; Protecci&oacute;n electr&oacute;nica de sobrecarga<br \/><strong>Dimensiones y peso<\/strong><br \/>&#8211; 85 x 40 x 60 mm<br \/>&#8211; 50 g<\/td>\n<\/tr>\n<tr>\n<td valign=\"top\"><strong>Fecha de revisi&oacute;n<\/strong><\/td>\n<td>08-05-2019 por AVN<\/td>\n<\/tr>\n<\/tbody>\n<\/table>\n","protected":false},"excerpt":{"rendered":"<p>Conecta con tu radioSintoniza el dial en la radio de tu coche y deja que el dispositivo haga todo lo dem&aacute;s por ti. La m&uacute;sica de tu m&oacute;vil en el cocheSincroniza tu smartphone con el dispositivo v&iacute;a Bluetooth y reproduce tu m&uacute;sica de forma inal&aacute;mbrica o responde a las llamadas entrantes sin tener que recurrir&hellip;&nbsp;<a href=\"https:\/\/aivlisoft.net\/shop\/producto\/energy-sistem-car-transmitter-fm-bluetooth-pro\/\" rel=\"bookmark\"><span class=\"screen-reader-text\">Energy Sistem Car Transmitter FM Bluetooth PRO<\/span><\/a><\/p>\n","protected":false},"featured_media":17184,"template":"","meta":{"neve_meta_sidebar":"","neve_meta_container":"","neve_meta_enable_content_width":"","neve_meta_content_width":0,"neve_meta_title_alignment":"","neve_meta_author_avatar":"","neve_post_elements_order":"","neve_meta_disable_header":"","neve_meta_disable_footer":"","neve_meta_disable_title":""},"product_brand":[],"product_cat":[8759],"product_tag":[6331],"class_list":{"0":"post-17183","1":"product","2":"type-product","3":"status-publish","4":"has-post-thumbnail","6":"product_cat-mp3-mp4-y-mp5","7":"product_tag-6331","9":"first","10":"instock","11":"taxable","12":"shipping-taxable","13":"purchasable","14":"product-type-simple"},"yoast_head":"<!-- This site is optimized with the Yoast SEO plugin v26.0 - https:\/\/yoast.com\/wordpress\/plugins\/seo\/ -->\n<title>Energy Sistem Car Transmitter FM Bluetooth PRO - Aivlisoft Inform\u00e1tica<\/title>\n<meta name=\"robots\" content=\"index, follow, max-snippet:-1, max-image-preview:large, max-video-preview:-1\" \/>\n<link rel=\"canonical\" href=\"https:\/\/aivlisoft.net\/shop\/producto\/energy-sistem-car-transmitter-fm-bluetooth-pro\/\" \/>\n<meta property=\"og:locale\" content=\"es_ES\" \/>\n<meta property=\"og:type\" content=\"article\" \/>\n<meta property=\"og:title\" content=\"Energy Sistem Car Transmitter FM Bluetooth PRO - Aivlisoft Inform\u00e1tica\" \/>\n<meta property=\"og:description\" content=\"Conecta con tu radioSintoniza el dial en la radio de tu coche y deja que el dispositivo haga todo lo dem&aacute;s por ti. La m&uacute;sica de tu m&oacute;vil en el cocheSincroniza tu smartphone con el dispositivo v&iacute;a Bluetooth y reproduce tu m&uacute;sica de forma inal&aacute;mbrica o responde a las llamadas entrantes sin tener que recurrir&hellip;&nbsp;Energy Sistem Car Transmitter FM Bluetooth PRO\" \/>\n<meta property=\"og:url\" content=\"https:\/\/aivlisoft.net\/shop\/producto\/energy-sistem-car-transmitter-fm-bluetooth-pro\/\" \/>\n<meta property=\"og:site_name\" content=\"Aivlisoft Inform\u00e1tica\" \/>\n<meta property=\"article:modified_time\" content=\"2025-01-14T11:31:46+00:00\" \/>\n<meta property=\"og:image\" content=\"https:\/\/aivlisoft.net\/shop\/wp-content\/uploads\/2025\/01\/MREMMP0348_800.jpg\" \/>\n\t<meta property=\"og:image:width\" content=\"800\" \/>\n\t<meta property=\"og:image:height\" content=\"800\" \/>\n\t<meta property=\"og:image:type\" content=\"image\/jpeg\" \/>\n<meta name=\"twitter:card\" content=\"summary_large_image\" \/>\n<meta name=\"twitter:label1\" content=\"Tiempo de lectura\" \/>\n\t<meta name=\"twitter:data1\" content=\"2 minutos\" \/>\n<script type=\"application\/ld+json\" class=\"yoast-schema-graph\">{\"@context\":\"https:\/\/schema.org\",\"@graph\":[{\"@type\":\"WebPage\",\"@id\":\"https:\/\/aivlisoft.net\/shop\/producto\/energy-sistem-car-transmitter-fm-bluetooth-pro\/\",\"url\":\"https:\/\/aivlisoft.net\/shop\/producto\/energy-sistem-car-transmitter-fm-bluetooth-pro\/\",\"name\":\"Energy Sistem Car Transmitter FM Bluetooth PRO - Aivlisoft Inform\u00e1tica\",\"isPartOf\":{\"@id\":\"https:\/\/aivlisoft.net\/shop\/#website\"},\"primaryImageOfPage\":{\"@id\":\"https:\/\/aivlisoft.net\/shop\/producto\/energy-sistem-car-transmitter-fm-bluetooth-pro\/#primaryimage\"},\"image\":{\"@id\":\"https:\/\/aivlisoft.net\/shop\/producto\/energy-sistem-car-transmitter-fm-bluetooth-pro\/#primaryimage\"},\"thumbnailUrl\":\"https:\/\/aivlisoft.net\/shop\/wp-content\/uploads\/2025\/01\/MREMMP0348_800.jpg\",\"datePublished\":\"2025-01-13T15:09:39+00:00\",\"dateModified\":\"2025-01-14T11:31:46+00:00\",\"breadcrumb\":{\"@id\":\"https:\/\/aivlisoft.net\/shop\/producto\/energy-sistem-car-transmitter-fm-bluetooth-pro\/#breadcrumb\"},\"inLanguage\":\"es\",\"potentialAction\":[{\"@type\":\"ReadAction\",\"target\":[\"https:\/\/aivlisoft.net\/shop\/producto\/energy-sistem-car-transmitter-fm-bluetooth-pro\/\"]}]},{\"@type\":\"ImageObject\",\"inLanguage\":\"es\",\"@id\":\"https:\/\/aivlisoft.net\/shop\/producto\/energy-sistem-car-transmitter-fm-bluetooth-pro\/#primaryimage\",\"url\":\"https:\/\/aivlisoft.net\/shop\/wp-content\/uploads\/2025\/01\/MREMMP0348_800.jpg\",\"contentUrl\":\"https:\/\/aivlisoft.net\/shop\/wp-content\/uploads\/2025\/01\/MREMMP0348_800.jpg\",\"width\":800,\"height\":800},{\"@type\":\"BreadcrumbList\",\"@id\":\"https:\/\/aivlisoft.net\/shop\/producto\/energy-sistem-car-transmitter-fm-bluetooth-pro\/#breadcrumb\",\"itemListElement\":[{\"@type\":\"ListItem\",\"position\":1,\"name\":\"Portada\",\"item\":\"https:\/\/aivlisoft.net\/shop\/\"},{\"@type\":\"ListItem\",\"position\":2,\"name\":\"Tienda\",\"item\":\"https:\/\/aivlisoft.net\/shop\/tienda\/\"},{\"@type\":\"ListItem\",\"position\":3,\"name\":\"Energy Sistem Car Transmitter FM Bluetooth PRO\"}]},{\"@type\":\"WebSite\",\"@id\":\"https:\/\/aivlisoft.net\/shop\/#website\",\"url\":\"https:\/\/aivlisoft.net\/shop\/\",\"name\":\"Aivlisoft Inform\u00e1tica\",\"description\":\"En Aivlisoft Inform\u00e1tica ofrecemos soluciones tecnol\u00f3gicas para empresas: venta de ordenadores, consumibles, perif\u00e9ricos y m\u00e1s. Calidad, atenci\u00f3n personalizada y los mejores precios para tu negocio.\",\"publisher\":{\"@id\":\"https:\/\/aivlisoft.net\/shop\/#organization\"},\"potentialAction\":[{\"@type\":\"SearchAction\",\"target\":{\"@type\":\"EntryPoint\",\"urlTemplate\":\"https:\/\/aivlisoft.net\/shop\/?s={search_term_string}\"},\"query-input\":{\"@type\":\"PropertyValueSpecification\",\"valueRequired\":true,\"valueName\":\"search_term_string\"}}],\"inLanguage\":\"es\"},{\"@type\":\"Organization\",\"@id\":\"https:\/\/aivlisoft.net\/shop\/#organization\",\"name\":\"Aivlisoft Inform\u00e1tica\",\"url\":\"https:\/\/aivlisoft.net\/shop\/\",\"logo\":{\"@type\":\"ImageObject\",\"inLanguage\":\"es\",\"@id\":\"https:\/\/aivlisoft.net\/shop\/#\/schema\/logo\/image\/\",\"url\":\"https:\/\/aivlisoft.net\/shop\/wp-content\/uploads\/2024\/12\/removal.ai_5b848c54-0cdf-4140-95c5-c5536bb7573b-logodef.png\",\"contentUrl\":\"https:\/\/aivlisoft.net\/shop\/wp-content\/uploads\/2024\/12\/removal.ai_5b848c54-0cdf-4140-95c5-c5536bb7573b-logodef.png\",\"width\":484,\"height\":182,\"caption\":\"Aivlisoft Inform\u00e1tica\"},\"image\":{\"@id\":\"https:\/\/aivlisoft.net\/shop\/#\/schema\/logo\/image\/\"}}]}<\/script>\n<!-- \/ Yoast SEO plugin. -->","yoast_head_json":{"title":"Energy Sistem Car Transmitter FM Bluetooth PRO - Aivlisoft Inform\u00e1tica","robots":{"index":"index","follow":"follow","max-snippet":"max-snippet:-1","max-image-preview":"max-image-preview:large","max-video-preview":"max-video-preview:-1"},"canonical":"https:\/\/aivlisoft.net\/shop\/producto\/energy-sistem-car-transmitter-fm-bluetooth-pro\/","og_locale":"es_ES","og_type":"article","og_title":"Energy Sistem Car Transmitter FM Bluetooth PRO - Aivlisoft Inform\u00e1tica","og_description":"Conecta con tu radioSintoniza el dial en la radio de tu coche y deja que el dispositivo haga todo lo dem&aacute;s por ti. La m&uacute;sica de tu m&oacute;vil en el cocheSincroniza tu smartphone con el dispositivo v&iacute;a Bluetooth y reproduce tu m&uacute;sica de forma inal&aacute;mbrica o responde a las llamadas entrantes sin tener que recurrir&hellip;&nbsp;Energy Sistem Car Transmitter FM Bluetooth PRO","og_url":"https:\/\/aivlisoft.net\/shop\/producto\/energy-sistem-car-transmitter-fm-bluetooth-pro\/","og_site_name":"Aivlisoft Inform\u00e1tica","article_modified_time":"2025-01-14T11:31:46+00:00","og_image":[{"width":800,"height":800,"url":"https:\/\/aivlisoft.net\/shop\/wp-content\/uploads\/2025\/01\/MREMMP0348_800.jpg","type":"image\/jpeg"}],"twitter_card":"summary_large_image","twitter_misc":{"Tiempo de lectura":"2 minutos"},"schema":{"@context":"https:\/\/schema.org","@graph":[{"@type":"WebPage","@id":"https:\/\/aivlisoft.net\/shop\/producto\/energy-sistem-car-transmitter-fm-bluetooth-pro\/","url":"https:\/\/aivlisoft.net\/shop\/producto\/energy-sistem-car-transmitter-fm-bluetooth-pro\/","name":"Energy Sistem Car Transmitter FM Bluetooth PRO - Aivlisoft Inform\u00e1tica","isPartOf":{"@id":"https:\/\/aivlisoft.net\/shop\/#website"},"primaryImageOfPage":{"@id":"https:\/\/aivlisoft.net\/shop\/producto\/energy-sistem-car-transmitter-fm-bluetooth-pro\/#primaryimage"},"image":{"@id":"https:\/\/aivlisoft.net\/shop\/producto\/energy-sistem-car-transmitter-fm-bluetooth-pro\/#primaryimage"},"thumbnailUrl":"https:\/\/aivlisoft.net\/shop\/wp-content\/uploads\/2025\/01\/MREMMP0348_800.jpg","datePublished":"2025-01-13T15:09:39+00:00","dateModified":"2025-01-14T11:31:46+00:00","breadcrumb":{"@id":"https:\/\/aivlisoft.net\/shop\/producto\/energy-sistem-car-transmitter-fm-bluetooth-pro\/#breadcrumb"},"inLanguage":"es","potentialAction":[{"@type":"ReadAction","target":["https:\/\/aivlisoft.net\/shop\/producto\/energy-sistem-car-transmitter-fm-bluetooth-pro\/"]}]},{"@type":"ImageObject","inLanguage":"es","@id":"https:\/\/aivlisoft.net\/shop\/producto\/energy-sistem-car-transmitter-fm-bluetooth-pro\/#primaryimage","url":"https:\/\/aivlisoft.net\/shop\/wp-content\/uploads\/2025\/01\/MREMMP0348_800.jpg","contentUrl":"https:\/\/aivlisoft.net\/shop\/wp-content\/uploads\/2025\/01\/MREMMP0348_800.jpg","width":800,"height":800},{"@type":"BreadcrumbList","@id":"https:\/\/aivlisoft.net\/shop\/producto\/energy-sistem-car-transmitter-fm-bluetooth-pro\/#breadcrumb","itemListElement":[{"@type":"ListItem","position":1,"name":"Portada","item":"https:\/\/aivlisoft.net\/shop\/"},{"@type":"ListItem","position":2,"name":"Tienda","item":"https:\/\/aivlisoft.net\/shop\/tienda\/"},{"@type":"ListItem","position":3,"name":"Energy Sistem Car Transmitter FM Bluetooth PRO"}]},{"@type":"WebSite","@id":"https:\/\/aivlisoft.net\/shop\/#website","url":"https:\/\/aivlisoft.net\/shop\/","name":"Aivlisoft Inform\u00e1tica","description":"En Aivlisoft Inform\u00e1tica ofrecemos soluciones tecnol\u00f3gicas para empresas: venta de ordenadores, consumibles, perif\u00e9ricos y m\u00e1s. Calidad, atenci\u00f3n personalizada y los mejores precios para tu negocio.","publisher":{"@id":"https:\/\/aivlisoft.net\/shop\/#organization"},"potentialAction":[{"@type":"SearchAction","target":{"@type":"EntryPoint","urlTemplate":"https:\/\/aivlisoft.net\/shop\/?s={search_term_string}"},"query-input":{"@type":"PropertyValueSpecification","valueRequired":true,"valueName":"search_term_string"}}],"inLanguage":"es"},{"@type":"Organization","@id":"https:\/\/aivlisoft.net\/shop\/#organization","name":"Aivlisoft Inform\u00e1tica","url":"https:\/\/aivlisoft.net\/shop\/","logo":{"@type":"ImageObject","inLanguage":"es","@id":"https:\/\/aivlisoft.net\/shop\/#\/schema\/logo\/image\/","url":"https:\/\/aivlisoft.net\/shop\/wp-content\/uploads\/2024\/12\/removal.ai_5b848c54-0cdf-4140-95c5-c5536bb7573b-logodef.png","contentUrl":"https:\/\/aivlisoft.net\/shop\/wp-content\/uploads\/2024\/12\/removal.ai_5b848c54-0cdf-4140-95c5-c5536bb7573b-logodef.png","width":484,"height":182,"caption":"Aivlisoft Inform\u00e1tica"},"image":{"@id":"https:\/\/aivlisoft.net\/shop\/#\/schema\/logo\/image\/"}}]}},"_links":{"self":[{"href":"https:\/\/aivlisoft.net\/shop\/wp-json\/wp\/v2\/product\/17183","targetHints":{"allow":["GET"]}}],"collection":[{"href":"https:\/\/aivlisoft.net\/shop\/wp-json\/wp\/v2\/product"}],"about":[{"href":"https:\/\/aivlisoft.net\/shop\/wp-json\/wp\/v2\/types\/product"}],"wp:featuredmedia":[{"embeddable":true,"href":"https:\/\/aivlisoft.net\/shop\/wp-json\/wp\/v2\/media\/17184"}],"wp:attachment":[{"href":"https:\/\/aivlisoft.net\/shop\/wp-json\/wp\/v2\/media?parent=17183"}],"wp:term":[{"taxonomy":"product_brand","embeddable":true,"href":"https:\/\/aivlisoft.net\/shop\/wp-json\/wp\/v2\/product_brand?post=17183"},{"taxonomy":"product_cat","embeddable":true,"href":"https:\/\/aivlisoft.net\/shop\/wp-json\/wp\/v2\/product_cat?post=17183"},{"taxonomy":"product_tag","embeddable":true,"href":"https:\/\/aivlisoft.net\/shop\/wp-json\/wp\/v2\/product_tag?post=17183"}],"curies":[{"name":"wp","href":"https:\/\/api.w.org\/{rel}","templated":true}]}}