{"id":17170,"date":"2025-01-13T15:09:33","date_gmt":"2025-01-13T15:09:33","guid":{"rendered":"https:\/\/aivlisoft.com\/?post_type=product&#038;p=17170"},"modified":"2025-01-14T11:31:43","modified_gmt":"2025-01-14T11:31:43","slug":"energy-sistem-mp3-clip-bluetooth-8gb-radio-coral","status":"publish","type":"product","link":"https:\/\/aivlisoft.net\/shop\/producto\/energy-sistem-mp3-clip-bluetooth-8gb-radio-coral\/","title":{"rendered":"Energy Sistem MP3 Clip Bluetooth 8GB Radio Coral"},"content":{"rendered":"<p>Reproductor MP3 con tecnolog&iacute;a Bluetooth&reg;. Puedes sincronizar cualquier dispositivo Bluetooth y escuchar la m&uacute;sica sin cables. Funciones de reproducci&oacute;n completas y posibilidad de expandir la memoria mediante tarjetas.<\/p>\n<p><strong>Sin cables, a tu rollo<\/strong><br \/>Escucha las canciones de tu MP3 Bluetooth sin ataduras y olv&iacute;date de cables. M&uacute;sica y libertad nunca han estado tan unidas. <\/p>\n<p><strong>Siempre al d&iacute;a<\/strong><br \/>&iexcl;Que no te lo cuenten! Disfruta de la m&uacute;sica, escucha tus programas favoritos y sintoniza los partidos de tu equipo a trav&eacute;s de la radio. S&eacute; siempre el primero en enterarte de todo. <\/p>\n<p><strong>Engancha y listo<\/strong><br \/>Olv&iacute;date de buscarlo. Este reproductor dispone de una pinza que te permite engancharlo de mil maneras distintas. &iexcl;Tu clip nunca te fallar&aacute;! <\/p>\n<p><strong>M&uacute;sica para pasarlo en grande<\/strong><br \/>Que no pare la m&uacute;sica. Con sus 8 GB de memoria interna almacena tus canciones preferidas para que siempre te sigan el ritmo.<\/p>\n<table class=\"tabla_caracteristicas k-table\" width=\"100%\">\n<tbody>\n<tr>\n<td><strong>Marca<\/strong><\/td>\n<td>Energy Sistem<\/td>\n<\/tr>\n<tr>\n<td><strong>Modelo<\/strong><\/td>\n<td>MP3 Clip Bluetooth<br \/>(<strong>426492<\/strong>)<\/td>\n<\/tr>\n<tr>\n<td><strong>Tipo<\/strong><\/td>\n<td>&#8211; Reproductor MP3<\/td>\n<\/tr>\n<tr>\n<td valign=\"top\"><strong>Caracter&iacute;sticas<\/strong><\/td>\n<td><strong>Pantalla<\/strong><br \/>&#8211; Tipo: LCD<br \/>&#8211; Tama&ntilde;o: 0.8&#8243;<br \/>&#8211; Resoluci&oacute;n: 128&#215;64 p&iacute;xels<br \/><strong>Memoria<\/strong><br \/>&#8211; Capacidad: 8 GB<br \/>&#8211; MicroSD: hasta 64 GB<br \/><strong>Conectividad<\/strong><br \/>&#8211; Bluetooth v2.1<br \/>&#8211; Tipo: Clase II<br \/>&#8211; Distancia de alcance: 10 m<br \/>&#8211; Ranura para tarjetas microSD<br \/>&#8211; MicroUSB para cargar la bater&iacute;a y conexi&oacute;n al PC<br \/><strong>Formatos compatibles<\/strong><br \/>&#8211; Formatos audio: MP3 \/ WMA \/ WAV \/ FLAC<br \/><strong>Auriculares<\/strong><br \/>&#8211; Tipo: intrauditivos<br \/><strong>Bater&iacute;a<\/strong><br \/>&#8211; Capacidad: 200 mAh<br \/>&#8211; Voltaje nominal: 3,7 V DC<br \/>&#8211; Autonom&iacute;a: M&aacute;s de 5 horas en modo Bluetooth M&aacute;s de <br \/>&nbsp; 11 horas en modo M&uacute;sica M&aacute;s de 5 horas en modo Radio <br \/>&nbsp; *Consumos del Mp3 a volumen medio<br \/>&#8211; Sistema de carga: microUSB<br \/>&#8211; Tiempo de carga: 1,5 horas<br \/><strong>Radio<\/strong><br \/>&#8211; Banda: FM<br \/>&#8211; Rango de frecuencias: 87 MHz ~ 108 MHz<br \/>&#8211; 30 presinton&iacute;as<br \/><strong>Otros<\/strong><br \/>&#8211; 7 modos de ecualizaci&oacute;n<br \/>&#8211; 7 modos de reproducci&oacute;n y repetici&oacute;n (incluyendo modo aleatorio)<br \/>&#8211; Selector de velocidad de reproducci&oacute;n<br \/>&#8211; Navegaci&oacute;n inteligente de canciones por carpetas<br \/>&#8211; Grabadora de voz digital con micr&oacute;fono integrado<br \/>&#8211; Clip para sujetar el reproductor a tu ropa<br \/>&#8211; Firmware actualizable<br \/>&#8211; No necesita drivers<br \/><strong>Dimensiones y peso<\/strong><br \/>&#8211; 66 x 28 x 18 mm<br \/>&#8211; 18 g<br \/><strong>Contenido<\/strong><br \/>&#8211; Energy MP3 Clip Bluetooth Coral.<br \/>&#8211; Auriculares intrauditivos.<br \/>&#8211; Cable USB para cargar la bater&iacute;a y conexi&oacute;n al PC.<br \/>&#8211; Manual de usuario.<\/td>\n<\/tr>\n<tr>\n<td valign=\"top\"><strong>Fecha de revisi&oacute;n<\/strong><\/td>\n<td>16-08-2016 por MSB<\/td>\n<\/tr>\n<\/tbody>\n<\/table>\n","protected":false},"excerpt":{"rendered":"<p>Reproductor MP3 con tecnolog&iacute;a Bluetooth&reg;. Puedes sincronizar cualquier dispositivo Bluetooth y escuchar la m&uacute;sica sin cables. Funciones de reproducci&oacute;n completas y posibilidad de expandir la memoria mediante tarjetas. Sin cables, a tu rolloEscucha las canciones de tu MP3 Bluetooth sin ataduras y olv&iacute;date de cables. M&uacute;sica y libertad nunca han estado tan unidas. Siempre al&hellip;&nbsp;<a href=\"https:\/\/aivlisoft.net\/shop\/producto\/energy-sistem-mp3-clip-bluetooth-8gb-radio-coral\/\" rel=\"bookmark\"><span class=\"screen-reader-text\">Energy Sistem MP3 Clip Bluetooth 8GB Radio Coral<\/span><\/a><\/p>\n","protected":false},"featured_media":17171,"template":"","meta":{"neve_meta_sidebar":"","neve_meta_container":"","neve_meta_enable_content_width":"","neve_meta_content_width":0,"neve_meta_title_alignment":"","neve_meta_author_avatar":"","neve_post_elements_order":"","neve_meta_disable_header":"","neve_meta_disable_footer":"","neve_meta_disable_title":""},"product_brand":[],"product_cat":[8759],"product_tag":[6328],"class_list":{"0":"post-17170","1":"product","2":"type-product","3":"status-publish","4":"has-post-thumbnail","6":"product_cat-mp3-mp4-y-mp5","7":"product_tag-6328","9":"first","10":"instock","11":"taxable","12":"shipping-taxable","13":"purchasable","14":"product-type-simple"},"yoast_head":"<!-- This site is optimized with the Yoast SEO plugin v26.0 - https:\/\/yoast.com\/wordpress\/plugins\/seo\/ -->\n<title>Energy Sistem MP3 Clip Bluetooth 8GB Radio Coral - Aivlisoft Inform\u00e1tica<\/title>\n<meta name=\"robots\" content=\"index, follow, max-snippet:-1, max-image-preview:large, max-video-preview:-1\" \/>\n<link rel=\"canonical\" href=\"https:\/\/aivlisoft.net\/shop\/producto\/energy-sistem-mp3-clip-bluetooth-8gb-radio-coral\/\" \/>\n<meta property=\"og:locale\" content=\"es_ES\" \/>\n<meta property=\"og:type\" content=\"article\" \/>\n<meta property=\"og:title\" content=\"Energy Sistem MP3 Clip Bluetooth 8GB Radio Coral - Aivlisoft Inform\u00e1tica\" \/>\n<meta property=\"og:description\" content=\"Reproductor MP3 con tecnolog&iacute;a Bluetooth&reg;. Puedes sincronizar cualquier dispositivo Bluetooth y escuchar la m&uacute;sica sin cables. Funciones de reproducci&oacute;n completas y posibilidad de expandir la memoria mediante tarjetas. Sin cables, a tu rolloEscucha las canciones de tu MP3 Bluetooth sin ataduras y olv&iacute;date de cables. M&uacute;sica y libertad nunca han estado tan unidas. Siempre al&hellip;&nbsp;Energy Sistem MP3 Clip Bluetooth 8GB Radio Coral\" \/>\n<meta property=\"og:url\" content=\"https:\/\/aivlisoft.net\/shop\/producto\/energy-sistem-mp3-clip-bluetooth-8gb-radio-coral\/\" \/>\n<meta property=\"og:site_name\" content=\"Aivlisoft Inform\u00e1tica\" \/>\n<meta property=\"article:modified_time\" content=\"2025-01-14T11:31:43+00:00\" \/>\n<meta property=\"og:image\" content=\"https:\/\/aivlisoft.net\/shop\/wp-content\/uploads\/2025\/01\/MREMMP0327_800.jpg\" \/>\n\t<meta property=\"og:image:width\" content=\"800\" \/>\n\t<meta property=\"og:image:height\" content=\"800\" \/>\n\t<meta property=\"og:image:type\" content=\"image\/jpeg\" \/>\n<meta name=\"twitter:card\" content=\"summary_large_image\" \/>\n<meta name=\"twitter:label1\" content=\"Tiempo de lectura\" \/>\n\t<meta name=\"twitter:data1\" content=\"2 minutos\" \/>\n<script type=\"application\/ld+json\" class=\"yoast-schema-graph\">{\"@context\":\"https:\/\/schema.org\",\"@graph\":[{\"@type\":\"WebPage\",\"@id\":\"https:\/\/aivlisoft.net\/shop\/producto\/energy-sistem-mp3-clip-bluetooth-8gb-radio-coral\/\",\"url\":\"https:\/\/aivlisoft.net\/shop\/producto\/energy-sistem-mp3-clip-bluetooth-8gb-radio-coral\/\",\"name\":\"Energy Sistem MP3 Clip Bluetooth 8GB Radio Coral - Aivlisoft Inform\u00e1tica\",\"isPartOf\":{\"@id\":\"https:\/\/aivlisoft.net\/shop\/#website\"},\"primaryImageOfPage\":{\"@id\":\"https:\/\/aivlisoft.net\/shop\/producto\/energy-sistem-mp3-clip-bluetooth-8gb-radio-coral\/#primaryimage\"},\"image\":{\"@id\":\"https:\/\/aivlisoft.net\/shop\/producto\/energy-sistem-mp3-clip-bluetooth-8gb-radio-coral\/#primaryimage\"},\"thumbnailUrl\":\"https:\/\/aivlisoft.net\/shop\/wp-content\/uploads\/2025\/01\/MREMMP0327_800.jpg\",\"datePublished\":\"2025-01-13T15:09:33+00:00\",\"dateModified\":\"2025-01-14T11:31:43+00:00\",\"breadcrumb\":{\"@id\":\"https:\/\/aivlisoft.net\/shop\/producto\/energy-sistem-mp3-clip-bluetooth-8gb-radio-coral\/#breadcrumb\"},\"inLanguage\":\"es\",\"potentialAction\":[{\"@type\":\"ReadAction\",\"target\":[\"https:\/\/aivlisoft.net\/shop\/producto\/energy-sistem-mp3-clip-bluetooth-8gb-radio-coral\/\"]}]},{\"@type\":\"ImageObject\",\"inLanguage\":\"es\",\"@id\":\"https:\/\/aivlisoft.net\/shop\/producto\/energy-sistem-mp3-clip-bluetooth-8gb-radio-coral\/#primaryimage\",\"url\":\"https:\/\/aivlisoft.net\/shop\/wp-content\/uploads\/2025\/01\/MREMMP0327_800.jpg\",\"contentUrl\":\"https:\/\/aivlisoft.net\/shop\/wp-content\/uploads\/2025\/01\/MREMMP0327_800.jpg\",\"width\":800,\"height\":800},{\"@type\":\"BreadcrumbList\",\"@id\":\"https:\/\/aivlisoft.net\/shop\/producto\/energy-sistem-mp3-clip-bluetooth-8gb-radio-coral\/#breadcrumb\",\"itemListElement\":[{\"@type\":\"ListItem\",\"position\":1,\"name\":\"Portada\",\"item\":\"https:\/\/aivlisoft.net\/shop\/\"},{\"@type\":\"ListItem\",\"position\":2,\"name\":\"Tienda\",\"item\":\"https:\/\/aivlisoft.net\/shop\/tienda\/\"},{\"@type\":\"ListItem\",\"position\":3,\"name\":\"Energy Sistem MP3 Clip Bluetooth 8GB Radio Coral\"}]},{\"@type\":\"WebSite\",\"@id\":\"https:\/\/aivlisoft.net\/shop\/#website\",\"url\":\"https:\/\/aivlisoft.net\/shop\/\",\"name\":\"Aivlisoft Inform\u00e1tica\",\"description\":\"En Aivlisoft Inform\u00e1tica ofrecemos soluciones tecnol\u00f3gicas para empresas: venta de ordenadores, consumibles, perif\u00e9ricos y m\u00e1s. Calidad, atenci\u00f3n personalizada y los mejores precios para tu negocio.\",\"publisher\":{\"@id\":\"https:\/\/aivlisoft.net\/shop\/#organization\"},\"potentialAction\":[{\"@type\":\"SearchAction\",\"target\":{\"@type\":\"EntryPoint\",\"urlTemplate\":\"https:\/\/aivlisoft.net\/shop\/?s={search_term_string}\"},\"query-input\":{\"@type\":\"PropertyValueSpecification\",\"valueRequired\":true,\"valueName\":\"search_term_string\"}}],\"inLanguage\":\"es\"},{\"@type\":\"Organization\",\"@id\":\"https:\/\/aivlisoft.net\/shop\/#organization\",\"name\":\"Aivlisoft Inform\u00e1tica\",\"url\":\"https:\/\/aivlisoft.net\/shop\/\",\"logo\":{\"@type\":\"ImageObject\",\"inLanguage\":\"es\",\"@id\":\"https:\/\/aivlisoft.net\/shop\/#\/schema\/logo\/image\/\",\"url\":\"https:\/\/aivlisoft.net\/shop\/wp-content\/uploads\/2024\/12\/removal.ai_5b848c54-0cdf-4140-95c5-c5536bb7573b-logodef.png\",\"contentUrl\":\"https:\/\/aivlisoft.net\/shop\/wp-content\/uploads\/2024\/12\/removal.ai_5b848c54-0cdf-4140-95c5-c5536bb7573b-logodef.png\",\"width\":484,\"height\":182,\"caption\":\"Aivlisoft Inform\u00e1tica\"},\"image\":{\"@id\":\"https:\/\/aivlisoft.net\/shop\/#\/schema\/logo\/image\/\"}}]}<\/script>\n<!-- \/ Yoast SEO plugin. -->","yoast_head_json":{"title":"Energy Sistem MP3 Clip Bluetooth 8GB Radio Coral - Aivlisoft Inform\u00e1tica","robots":{"index":"index","follow":"follow","max-snippet":"max-snippet:-1","max-image-preview":"max-image-preview:large","max-video-preview":"max-video-preview:-1"},"canonical":"https:\/\/aivlisoft.net\/shop\/producto\/energy-sistem-mp3-clip-bluetooth-8gb-radio-coral\/","og_locale":"es_ES","og_type":"article","og_title":"Energy Sistem MP3 Clip Bluetooth 8GB Radio Coral - Aivlisoft Inform\u00e1tica","og_description":"Reproductor MP3 con tecnolog&iacute;a Bluetooth&reg;. Puedes sincronizar cualquier dispositivo Bluetooth y escuchar la m&uacute;sica sin cables. Funciones de reproducci&oacute;n completas y posibilidad de expandir la memoria mediante tarjetas. Sin cables, a tu rolloEscucha las canciones de tu MP3 Bluetooth sin ataduras y olv&iacute;date de cables. M&uacute;sica y libertad nunca han estado tan unidas. Siempre al&hellip;&nbsp;Energy Sistem MP3 Clip Bluetooth 8GB Radio Coral","og_url":"https:\/\/aivlisoft.net\/shop\/producto\/energy-sistem-mp3-clip-bluetooth-8gb-radio-coral\/","og_site_name":"Aivlisoft Inform\u00e1tica","article_modified_time":"2025-01-14T11:31:43+00:00","og_image":[{"width":800,"height":800,"url":"https:\/\/aivlisoft.net\/shop\/wp-content\/uploads\/2025\/01\/MREMMP0327_800.jpg","type":"image\/jpeg"}],"twitter_card":"summary_large_image","twitter_misc":{"Tiempo de lectura":"2 minutos"},"schema":{"@context":"https:\/\/schema.org","@graph":[{"@type":"WebPage","@id":"https:\/\/aivlisoft.net\/shop\/producto\/energy-sistem-mp3-clip-bluetooth-8gb-radio-coral\/","url":"https:\/\/aivlisoft.net\/shop\/producto\/energy-sistem-mp3-clip-bluetooth-8gb-radio-coral\/","name":"Energy Sistem MP3 Clip Bluetooth 8GB Radio Coral - Aivlisoft Inform\u00e1tica","isPartOf":{"@id":"https:\/\/aivlisoft.net\/shop\/#website"},"primaryImageOfPage":{"@id":"https:\/\/aivlisoft.net\/shop\/producto\/energy-sistem-mp3-clip-bluetooth-8gb-radio-coral\/#primaryimage"},"image":{"@id":"https:\/\/aivlisoft.net\/shop\/producto\/energy-sistem-mp3-clip-bluetooth-8gb-radio-coral\/#primaryimage"},"thumbnailUrl":"https:\/\/aivlisoft.net\/shop\/wp-content\/uploads\/2025\/01\/MREMMP0327_800.jpg","datePublished":"2025-01-13T15:09:33+00:00","dateModified":"2025-01-14T11:31:43+00:00","breadcrumb":{"@id":"https:\/\/aivlisoft.net\/shop\/producto\/energy-sistem-mp3-clip-bluetooth-8gb-radio-coral\/#breadcrumb"},"inLanguage":"es","potentialAction":[{"@type":"ReadAction","target":["https:\/\/aivlisoft.net\/shop\/producto\/energy-sistem-mp3-clip-bluetooth-8gb-radio-coral\/"]}]},{"@type":"ImageObject","inLanguage":"es","@id":"https:\/\/aivlisoft.net\/shop\/producto\/energy-sistem-mp3-clip-bluetooth-8gb-radio-coral\/#primaryimage","url":"https:\/\/aivlisoft.net\/shop\/wp-content\/uploads\/2025\/01\/MREMMP0327_800.jpg","contentUrl":"https:\/\/aivlisoft.net\/shop\/wp-content\/uploads\/2025\/01\/MREMMP0327_800.jpg","width":800,"height":800},{"@type":"BreadcrumbList","@id":"https:\/\/aivlisoft.net\/shop\/producto\/energy-sistem-mp3-clip-bluetooth-8gb-radio-coral\/#breadcrumb","itemListElement":[{"@type":"ListItem","position":1,"name":"Portada","item":"https:\/\/aivlisoft.net\/shop\/"},{"@type":"ListItem","position":2,"name":"Tienda","item":"https:\/\/aivlisoft.net\/shop\/tienda\/"},{"@type":"ListItem","position":3,"name":"Energy Sistem MP3 Clip Bluetooth 8GB Radio Coral"}]},{"@type":"WebSite","@id":"https:\/\/aivlisoft.net\/shop\/#website","url":"https:\/\/aivlisoft.net\/shop\/","name":"Aivlisoft Inform\u00e1tica","description":"En Aivlisoft Inform\u00e1tica ofrecemos soluciones tecnol\u00f3gicas para empresas: venta de ordenadores, consumibles, perif\u00e9ricos y m\u00e1s. Calidad, atenci\u00f3n personalizada y los mejores precios para tu negocio.","publisher":{"@id":"https:\/\/aivlisoft.net\/shop\/#organization"},"potentialAction":[{"@type":"SearchAction","target":{"@type":"EntryPoint","urlTemplate":"https:\/\/aivlisoft.net\/shop\/?s={search_term_string}"},"query-input":{"@type":"PropertyValueSpecification","valueRequired":true,"valueName":"search_term_string"}}],"inLanguage":"es"},{"@type":"Organization","@id":"https:\/\/aivlisoft.net\/shop\/#organization","name":"Aivlisoft Inform\u00e1tica","url":"https:\/\/aivlisoft.net\/shop\/","logo":{"@type":"ImageObject","inLanguage":"es","@id":"https:\/\/aivlisoft.net\/shop\/#\/schema\/logo\/image\/","url":"https:\/\/aivlisoft.net\/shop\/wp-content\/uploads\/2024\/12\/removal.ai_5b848c54-0cdf-4140-95c5-c5536bb7573b-logodef.png","contentUrl":"https:\/\/aivlisoft.net\/shop\/wp-content\/uploads\/2024\/12\/removal.ai_5b848c54-0cdf-4140-95c5-c5536bb7573b-logodef.png","width":484,"height":182,"caption":"Aivlisoft Inform\u00e1tica"},"image":{"@id":"https:\/\/aivlisoft.net\/shop\/#\/schema\/logo\/image\/"}}]}},"_links":{"self":[{"href":"https:\/\/aivlisoft.net\/shop\/wp-json\/wp\/v2\/product\/17170","targetHints":{"allow":["GET"]}}],"collection":[{"href":"https:\/\/aivlisoft.net\/shop\/wp-json\/wp\/v2\/product"}],"about":[{"href":"https:\/\/aivlisoft.net\/shop\/wp-json\/wp\/v2\/types\/product"}],"wp:featuredmedia":[{"embeddable":true,"href":"https:\/\/aivlisoft.net\/shop\/wp-json\/wp\/v2\/media\/17171"}],"wp:attachment":[{"href":"https:\/\/aivlisoft.net\/shop\/wp-json\/wp\/v2\/media?parent=17170"}],"wp:term":[{"taxonomy":"product_brand","embeddable":true,"href":"https:\/\/aivlisoft.net\/shop\/wp-json\/wp\/v2\/product_brand?post=17170"},{"taxonomy":"product_cat","embeddable":true,"href":"https:\/\/aivlisoft.net\/shop\/wp-json\/wp\/v2\/product_cat?post=17170"},{"taxonomy":"product_tag","embeddable":true,"href":"https:\/\/aivlisoft.net\/shop\/wp-json\/wp\/v2\/product_tag?post=17170"}],"curies":[{"name":"wp","href":"https:\/\/api.w.org\/{rel}","templated":true}]}}