{"id":17168,"date":"2025-01-13T15:09:31","date_gmt":"2025-01-13T15:09:31","guid":{"rendered":"https:\/\/aivlisoft.com\/?post_type=product&#038;p=17168"},"modified":"2025-01-14T11:31:42","modified_gmt":"2025-01-14T11:31:42","slug":"spc-reproductor-mp4radio-8488p-8gb-rosa","status":"publish","type":"product","link":"https:\/\/aivlisoft.net\/shop\/producto\/spc-reproductor-mp4radio-8488p-8gb-rosa\/","title":{"rendered":"SPC Reproductor MP4+Radio 8488P 8GB Rosa"},"content":{"rendered":"<div>\n<div>El reproductor MP3 SPC Pure Sound Colour 2 cuenta con una pantalla extragrande de 1,8&quot; que te ayuda a visualizar mejor el men&uacute;. Es uno de los pocos reproductores del mercado con ranura para tarjetas microSD, dando opci&oacute;n a ampliar la memor&iacute;a del MP3.<\/div>\n<div>El MP3 SPC Pure Sound Colour 2 con su dise&ntilde;o extrafino y su amplia gama de colores da un toque moderno y a su vez actual. Te permitira estar escuchando tu m&uacute;sica o la radio donde quieras y cuando quieras, en el metro, por la calle, practicando deporte&#8230;<\/div>\n<div>Este modelo de reproductor MP3 te permite almacenar hasta 64 horas de m&uacute;sica y hasta 16 horas de v&iacute;deo.<\/div>\n<div>Dispone de un micr&oacute;fono integrado, grabador de voz, radio AM\/FM y 7 ecualizadores predeterminados. Su bater&iacute;a de litio te proporcionar&aacute; hasta 14 horas de reproducci&oacute;n.<\/div>\n<\/div>\n<p><\/p>\n<table class=\"tabla_caracteristicas k-table\" width=\"100%\">\n<tbody>\n<tr>\n<td><strong>Marca<\/strong><\/td>\n<td>SPC<\/td>\n<\/tr>\n<tr>\n<td><strong>Modelo<\/strong><\/td>\n<td><strong>8488P<\/strong><\/td>\n<\/tr>\n<tr>\n<td><strong>Tipo<\/strong><\/td>\n<td>&#8211; Reproductor MP4 + Radio<\/td>\n<\/tr>\n<tr>\n<td><strong>Memoria<\/strong><\/td>\n<td>&#8211; Memoria Flash integrada: <strong>8GB<\/strong><br \/>&#8211; Ranura de tarjeta de memoria (Micro-SD)<br \/>&#8211; Tiempo de m&uacute;sica hasta 64h<br \/>&#8211; Teimpo de v&iacute;deo AMV hasta 16h<\/td>\n<\/tr>\n<tr>\n<td><strong>Pantalla<\/strong><\/td>\n<td>&#8211; Pantalla de <strong>1,8&#8243;<\/strong><br \/>&#8211; Tipo LCD-TFT<br \/>&#8211; 262.000 colores<br \/>&#8211; Resoluci&oacute;n 128&#215;160 p&iacute;xeles<\/td>\n<\/tr>\n<tr>\n<td valign=\"top\"><strong>Soporta<\/strong><\/td>\n<td>\n<div>&#8211; M&uacute;sica digital MP3, WMA, MP1 y MP2<br \/>&#8211; V&iacute;deos (formato AMV, con conversor)<br \/>&#8211; Fotos a 262k colores (formatos JPG, BMP, GIF)<br \/>&#8211; eBook: TXT<br \/>&#8211; Radio FM con 20 presinton&iacute;as<br \/>&#8211; Otras prestaciones<br \/>&#8211; Dise&ntilde;o extrafino<br \/>&#8211; Gesti&oacute;n del contenido por carpetas<br \/>&#8211; Borrar ficheros desde el men&uacute;<br \/>&#8211; ID3 TAG (visualizaci&oacute;n en pantalla del t&iacute;tulo, nombre del artista y del &aacute;lbum)<br \/>&#8211; B&uacute;squeda de archivos por ID3TAG<br \/>&#8211; Lyrics (muestra las letras de las canciones edit&aacute;ndolas de antemano)<br \/>&#8211; Idiomas de men&uacute;: Espa&ntilde;ol, Ingl&eacute;s, Franc&eacute;s, Portugu&eacute;s, Alem&aacute;n, Italiano&#8230;<br \/>&#8211; Juego de bloques<\/div>\n<p>&#8211; Apagado con temporizador<\/td>\n<\/tr>\n<tr>\n<td valign=\"top\">\n<div><strong>Otras <\/strong><\/div>\n<div><strong>Caracter&iacute;sticas<\/strong><\/div>\n<\/td>\n<td>\n<div><strong>Sonido<\/strong><br \/>&#8211; Micr&oacute;fono integrado<br \/>&#8211; Grabaci&oacute;n digital de la radio FM<br \/>&#8211; Grabaci&oacute;n digital de voz de alta calidad<br \/>&#8211; 7 ecualizadores de m&uacute;sica predeterminados<\/div>\n<div>&nbsp; (Normal, Rock, Pop, Cl&aacute;sico, Suave, Graves, Jazz)<br \/>&#8211; Funci&oacute;n repetici&oacute;n: Normal, Repetir 1, Carpeta, Repetir carpeta, Repetir todo, Introducci&oacute;n<br \/>&#8211; Modos de reproducci&oacute;n: Normal, Aleatorio<br \/><strong>Bater&iacute;a<\/strong><br \/>&#8211; Bater&iacute;a de litio-pol&iacute;mero integrada<br \/>&#8211; Bajo consumo<br \/>&#8211; Autonom&iacute;a de hasta 14 horas de reproducci&oacute;n de archivos MP3 (salvapantallas activado)<br \/>&#8211; Conexi&oacute;n a ordenadores<br \/>&#8211; Interfaz USB 2.0<br \/>&#8211; Compatible con sistemas<\/div>\n<div>&nbsp; Windows 8\/ XP\/ Vista\/ 7, MAC, Linux<br \/><strong>Dimensiones y peso<\/strong><br \/>&#8211; Alto: 80 mm<br \/>&#8211; Ancho: 40 mm<br \/>&#8211; Grosor: 9 mm<\/div>\n<p>&#8211; Peso: 25g<\/td>\n<\/tr>\n<tr>\n<td><strong>Fecha de revisi&oacute;n<\/strong><\/td>\n<td>13-11-2015 por MSB<\/td>\n<\/tr>\n<\/tbody>\n<\/table>\n","protected":false},"excerpt":{"rendered":"<p>El reproductor MP3 SPC Pure Sound Colour 2 cuenta con una pantalla extragrande de 1,8&quot; que te ayuda a visualizar mejor el men&uacute;. Es uno de los pocos reproductores del mercado con ranura para tarjetas microSD, dando opci&oacute;n a ampliar la memor&iacute;a del MP3. El MP3 SPC Pure Sound Colour 2 con su dise&ntilde;o extrafino&hellip;&nbsp;<a href=\"https:\/\/aivlisoft.net\/shop\/producto\/spc-reproductor-mp4radio-8488p-8gb-rosa\/\" rel=\"bookmark\"><span class=\"screen-reader-text\">SPC Reproductor MP4+Radio 8488P 8GB Rosa<\/span><\/a><\/p>\n","protected":false},"featured_media":17169,"template":"","meta":{"neve_meta_sidebar":"","neve_meta_container":"","neve_meta_enable_content_width":"","neve_meta_content_width":0,"neve_meta_title_alignment":"","neve_meta_author_avatar":"","neve_post_elements_order":"","neve_meta_disable_header":"","neve_meta_disable_footer":"","neve_meta_disable_title":""},"product_brand":[],"product_cat":[8759],"product_tag":[6327],"class_list":{"0":"post-17168","1":"product","2":"type-product","3":"status-publish","4":"has-post-thumbnail","6":"product_cat-mp3-mp4-y-mp5","7":"product_tag-8488p","9":"first","10":"instock","11":"taxable","12":"shipping-taxable","13":"purchasable","14":"product-type-simple"},"yoast_head":"<!-- This site is optimized with the Yoast SEO plugin v26.0 - https:\/\/yoast.com\/wordpress\/plugins\/seo\/ -->\n<title>SPC Reproductor MP4+Radio 8488P 8GB Rosa - Aivlisoft Inform\u00e1tica<\/title>\n<meta name=\"robots\" content=\"index, follow, max-snippet:-1, max-image-preview:large, max-video-preview:-1\" \/>\n<link rel=\"canonical\" href=\"https:\/\/aivlisoft.net\/shop\/producto\/spc-reproductor-mp4radio-8488p-8gb-rosa\/\" \/>\n<meta property=\"og:locale\" content=\"es_ES\" \/>\n<meta property=\"og:type\" content=\"article\" \/>\n<meta property=\"og:title\" content=\"SPC Reproductor MP4+Radio 8488P 8GB Rosa - Aivlisoft Inform\u00e1tica\" \/>\n<meta property=\"og:description\" content=\"El reproductor MP3 SPC Pure Sound Colour 2 cuenta con una pantalla extragrande de 1,8&quot; que te ayuda a visualizar mejor el men&uacute;. Es uno de los pocos reproductores del mercado con ranura para tarjetas microSD, dando opci&oacute;n a ampliar la memor&iacute;a del MP3. El MP3 SPC Pure Sound Colour 2 con su dise&ntilde;o extrafino&hellip;&nbsp;SPC Reproductor MP4+Radio 8488P 8GB Rosa\" \/>\n<meta property=\"og:url\" content=\"https:\/\/aivlisoft.net\/shop\/producto\/spc-reproductor-mp4radio-8488p-8gb-rosa\/\" \/>\n<meta property=\"og:site_name\" content=\"Aivlisoft Inform\u00e1tica\" \/>\n<meta property=\"article:modified_time\" content=\"2025-01-14T11:31:42+00:00\" \/>\n<meta property=\"og:image\" content=\"https:\/\/aivlisoft.net\/shop\/wp-content\/uploads\/2025\/01\/MREMMP0303_large.jpg\" \/>\n\t<meta property=\"og:image:width\" content=\"400\" \/>\n\t<meta property=\"og:image:height\" content=\"400\" \/>\n\t<meta property=\"og:image:type\" content=\"image\/jpeg\" \/>\n<meta name=\"twitter:card\" content=\"summary_large_image\" \/>\n<meta name=\"twitter:label1\" content=\"Tiempo de lectura\" \/>\n\t<meta name=\"twitter:data1\" content=\"2 minutos\" \/>\n<script type=\"application\/ld+json\" class=\"yoast-schema-graph\">{\"@context\":\"https:\/\/schema.org\",\"@graph\":[{\"@type\":\"WebPage\",\"@id\":\"https:\/\/aivlisoft.net\/shop\/producto\/spc-reproductor-mp4radio-8488p-8gb-rosa\/\",\"url\":\"https:\/\/aivlisoft.net\/shop\/producto\/spc-reproductor-mp4radio-8488p-8gb-rosa\/\",\"name\":\"SPC Reproductor MP4+Radio 8488P 8GB Rosa - Aivlisoft Inform\u00e1tica\",\"isPartOf\":{\"@id\":\"https:\/\/aivlisoft.net\/shop\/#website\"},\"primaryImageOfPage\":{\"@id\":\"https:\/\/aivlisoft.net\/shop\/producto\/spc-reproductor-mp4radio-8488p-8gb-rosa\/#primaryimage\"},\"image\":{\"@id\":\"https:\/\/aivlisoft.net\/shop\/producto\/spc-reproductor-mp4radio-8488p-8gb-rosa\/#primaryimage\"},\"thumbnailUrl\":\"https:\/\/aivlisoft.net\/shop\/wp-content\/uploads\/2025\/01\/MREMMP0303_large.jpg\",\"datePublished\":\"2025-01-13T15:09:31+00:00\",\"dateModified\":\"2025-01-14T11:31:42+00:00\",\"breadcrumb\":{\"@id\":\"https:\/\/aivlisoft.net\/shop\/producto\/spc-reproductor-mp4radio-8488p-8gb-rosa\/#breadcrumb\"},\"inLanguage\":\"es\",\"potentialAction\":[{\"@type\":\"ReadAction\",\"target\":[\"https:\/\/aivlisoft.net\/shop\/producto\/spc-reproductor-mp4radio-8488p-8gb-rosa\/\"]}]},{\"@type\":\"ImageObject\",\"inLanguage\":\"es\",\"@id\":\"https:\/\/aivlisoft.net\/shop\/producto\/spc-reproductor-mp4radio-8488p-8gb-rosa\/#primaryimage\",\"url\":\"https:\/\/aivlisoft.net\/shop\/wp-content\/uploads\/2025\/01\/MREMMP0303_large.jpg\",\"contentUrl\":\"https:\/\/aivlisoft.net\/shop\/wp-content\/uploads\/2025\/01\/MREMMP0303_large.jpg\",\"width\":400,\"height\":400},{\"@type\":\"BreadcrumbList\",\"@id\":\"https:\/\/aivlisoft.net\/shop\/producto\/spc-reproductor-mp4radio-8488p-8gb-rosa\/#breadcrumb\",\"itemListElement\":[{\"@type\":\"ListItem\",\"position\":1,\"name\":\"Portada\",\"item\":\"https:\/\/aivlisoft.net\/shop\/\"},{\"@type\":\"ListItem\",\"position\":2,\"name\":\"Tienda\",\"item\":\"https:\/\/aivlisoft.net\/shop\/tienda\/\"},{\"@type\":\"ListItem\",\"position\":3,\"name\":\"SPC Reproductor MP4+Radio 8488P 8GB Rosa\"}]},{\"@type\":\"WebSite\",\"@id\":\"https:\/\/aivlisoft.net\/shop\/#website\",\"url\":\"https:\/\/aivlisoft.net\/shop\/\",\"name\":\"Aivlisoft Inform\u00e1tica\",\"description\":\"En Aivlisoft Inform\u00e1tica ofrecemos soluciones tecnol\u00f3gicas para empresas: venta de ordenadores, consumibles, perif\u00e9ricos y m\u00e1s. Calidad, atenci\u00f3n personalizada y los mejores precios para tu negocio.\",\"publisher\":{\"@id\":\"https:\/\/aivlisoft.net\/shop\/#organization\"},\"potentialAction\":[{\"@type\":\"SearchAction\",\"target\":{\"@type\":\"EntryPoint\",\"urlTemplate\":\"https:\/\/aivlisoft.net\/shop\/?s={search_term_string}\"},\"query-input\":{\"@type\":\"PropertyValueSpecification\",\"valueRequired\":true,\"valueName\":\"search_term_string\"}}],\"inLanguage\":\"es\"},{\"@type\":\"Organization\",\"@id\":\"https:\/\/aivlisoft.net\/shop\/#organization\",\"name\":\"Aivlisoft Inform\u00e1tica\",\"url\":\"https:\/\/aivlisoft.net\/shop\/\",\"logo\":{\"@type\":\"ImageObject\",\"inLanguage\":\"es\",\"@id\":\"https:\/\/aivlisoft.net\/shop\/#\/schema\/logo\/image\/\",\"url\":\"https:\/\/aivlisoft.net\/shop\/wp-content\/uploads\/2024\/12\/removal.ai_5b848c54-0cdf-4140-95c5-c5536bb7573b-logodef.png\",\"contentUrl\":\"https:\/\/aivlisoft.net\/shop\/wp-content\/uploads\/2024\/12\/removal.ai_5b848c54-0cdf-4140-95c5-c5536bb7573b-logodef.png\",\"width\":484,\"height\":182,\"caption\":\"Aivlisoft Inform\u00e1tica\"},\"image\":{\"@id\":\"https:\/\/aivlisoft.net\/shop\/#\/schema\/logo\/image\/\"}}]}<\/script>\n<!-- \/ Yoast SEO plugin. -->","yoast_head_json":{"title":"SPC Reproductor MP4+Radio 8488P 8GB Rosa - Aivlisoft Inform\u00e1tica","robots":{"index":"index","follow":"follow","max-snippet":"max-snippet:-1","max-image-preview":"max-image-preview:large","max-video-preview":"max-video-preview:-1"},"canonical":"https:\/\/aivlisoft.net\/shop\/producto\/spc-reproductor-mp4radio-8488p-8gb-rosa\/","og_locale":"es_ES","og_type":"article","og_title":"SPC Reproductor MP4+Radio 8488P 8GB Rosa - Aivlisoft Inform\u00e1tica","og_description":"El reproductor MP3 SPC Pure Sound Colour 2 cuenta con una pantalla extragrande de 1,8&quot; que te ayuda a visualizar mejor el men&uacute;. Es uno de los pocos reproductores del mercado con ranura para tarjetas microSD, dando opci&oacute;n a ampliar la memor&iacute;a del MP3. El MP3 SPC Pure Sound Colour 2 con su dise&ntilde;o extrafino&hellip;&nbsp;SPC Reproductor MP4+Radio 8488P 8GB Rosa","og_url":"https:\/\/aivlisoft.net\/shop\/producto\/spc-reproductor-mp4radio-8488p-8gb-rosa\/","og_site_name":"Aivlisoft Inform\u00e1tica","article_modified_time":"2025-01-14T11:31:42+00:00","og_image":[{"width":400,"height":400,"url":"https:\/\/aivlisoft.net\/shop\/wp-content\/uploads\/2025\/01\/MREMMP0303_large.jpg","type":"image\/jpeg"}],"twitter_card":"summary_large_image","twitter_misc":{"Tiempo de lectura":"2 minutos"},"schema":{"@context":"https:\/\/schema.org","@graph":[{"@type":"WebPage","@id":"https:\/\/aivlisoft.net\/shop\/producto\/spc-reproductor-mp4radio-8488p-8gb-rosa\/","url":"https:\/\/aivlisoft.net\/shop\/producto\/spc-reproductor-mp4radio-8488p-8gb-rosa\/","name":"SPC Reproductor MP4+Radio 8488P 8GB Rosa - Aivlisoft Inform\u00e1tica","isPartOf":{"@id":"https:\/\/aivlisoft.net\/shop\/#website"},"primaryImageOfPage":{"@id":"https:\/\/aivlisoft.net\/shop\/producto\/spc-reproductor-mp4radio-8488p-8gb-rosa\/#primaryimage"},"image":{"@id":"https:\/\/aivlisoft.net\/shop\/producto\/spc-reproductor-mp4radio-8488p-8gb-rosa\/#primaryimage"},"thumbnailUrl":"https:\/\/aivlisoft.net\/shop\/wp-content\/uploads\/2025\/01\/MREMMP0303_large.jpg","datePublished":"2025-01-13T15:09:31+00:00","dateModified":"2025-01-14T11:31:42+00:00","breadcrumb":{"@id":"https:\/\/aivlisoft.net\/shop\/producto\/spc-reproductor-mp4radio-8488p-8gb-rosa\/#breadcrumb"},"inLanguage":"es","potentialAction":[{"@type":"ReadAction","target":["https:\/\/aivlisoft.net\/shop\/producto\/spc-reproductor-mp4radio-8488p-8gb-rosa\/"]}]},{"@type":"ImageObject","inLanguage":"es","@id":"https:\/\/aivlisoft.net\/shop\/producto\/spc-reproductor-mp4radio-8488p-8gb-rosa\/#primaryimage","url":"https:\/\/aivlisoft.net\/shop\/wp-content\/uploads\/2025\/01\/MREMMP0303_large.jpg","contentUrl":"https:\/\/aivlisoft.net\/shop\/wp-content\/uploads\/2025\/01\/MREMMP0303_large.jpg","width":400,"height":400},{"@type":"BreadcrumbList","@id":"https:\/\/aivlisoft.net\/shop\/producto\/spc-reproductor-mp4radio-8488p-8gb-rosa\/#breadcrumb","itemListElement":[{"@type":"ListItem","position":1,"name":"Portada","item":"https:\/\/aivlisoft.net\/shop\/"},{"@type":"ListItem","position":2,"name":"Tienda","item":"https:\/\/aivlisoft.net\/shop\/tienda\/"},{"@type":"ListItem","position":3,"name":"SPC Reproductor MP4+Radio 8488P 8GB Rosa"}]},{"@type":"WebSite","@id":"https:\/\/aivlisoft.net\/shop\/#website","url":"https:\/\/aivlisoft.net\/shop\/","name":"Aivlisoft Inform\u00e1tica","description":"En Aivlisoft Inform\u00e1tica ofrecemos soluciones tecnol\u00f3gicas para empresas: venta de ordenadores, consumibles, perif\u00e9ricos y m\u00e1s. Calidad, atenci\u00f3n personalizada y los mejores precios para tu negocio.","publisher":{"@id":"https:\/\/aivlisoft.net\/shop\/#organization"},"potentialAction":[{"@type":"SearchAction","target":{"@type":"EntryPoint","urlTemplate":"https:\/\/aivlisoft.net\/shop\/?s={search_term_string}"},"query-input":{"@type":"PropertyValueSpecification","valueRequired":true,"valueName":"search_term_string"}}],"inLanguage":"es"},{"@type":"Organization","@id":"https:\/\/aivlisoft.net\/shop\/#organization","name":"Aivlisoft Inform\u00e1tica","url":"https:\/\/aivlisoft.net\/shop\/","logo":{"@type":"ImageObject","inLanguage":"es","@id":"https:\/\/aivlisoft.net\/shop\/#\/schema\/logo\/image\/","url":"https:\/\/aivlisoft.net\/shop\/wp-content\/uploads\/2024\/12\/removal.ai_5b848c54-0cdf-4140-95c5-c5536bb7573b-logodef.png","contentUrl":"https:\/\/aivlisoft.net\/shop\/wp-content\/uploads\/2024\/12\/removal.ai_5b848c54-0cdf-4140-95c5-c5536bb7573b-logodef.png","width":484,"height":182,"caption":"Aivlisoft Inform\u00e1tica"},"image":{"@id":"https:\/\/aivlisoft.net\/shop\/#\/schema\/logo\/image\/"}}]}},"_links":{"self":[{"href":"https:\/\/aivlisoft.net\/shop\/wp-json\/wp\/v2\/product\/17168","targetHints":{"allow":["GET"]}}],"collection":[{"href":"https:\/\/aivlisoft.net\/shop\/wp-json\/wp\/v2\/product"}],"about":[{"href":"https:\/\/aivlisoft.net\/shop\/wp-json\/wp\/v2\/types\/product"}],"wp:featuredmedia":[{"embeddable":true,"href":"https:\/\/aivlisoft.net\/shop\/wp-json\/wp\/v2\/media\/17169"}],"wp:attachment":[{"href":"https:\/\/aivlisoft.net\/shop\/wp-json\/wp\/v2\/media?parent=17168"}],"wp:term":[{"taxonomy":"product_brand","embeddable":true,"href":"https:\/\/aivlisoft.net\/shop\/wp-json\/wp\/v2\/product_brand?post=17168"},{"taxonomy":"product_cat","embeddable":true,"href":"https:\/\/aivlisoft.net\/shop\/wp-json\/wp\/v2\/product_cat?post=17168"},{"taxonomy":"product_tag","embeddable":true,"href":"https:\/\/aivlisoft.net\/shop\/wp-json\/wp\/v2\/product_tag?post=17168"}],"curies":[{"name":"wp","href":"https:\/\/api.w.org\/{rel}","templated":true}]}}