{"id":17139,"date":"2025-01-13T15:09:15","date_gmt":"2025-01-13T15:09:15","guid":{"rendered":"https:\/\/aivlisoft.com\/?post_type=product&#038;p=17139"},"modified":"2025-01-14T20:33:47","modified_gmt":"2025-01-14T20:33:47","slug":"spc-5613n-dickens-light-2-ebook-6-8gb-microsd","status":"publish","type":"product","link":"https:\/\/aivlisoft.net\/shop\/producto\/spc-5613n-dickens-light-2-ebook-6-8gb-microsd\/","title":{"rendered":"SPC 5613N Dickens Light 2 eBook 6&#8243; 8GB microSD"},"content":{"rendered":"<p>DE NOCHE Y DE D&Iacute;A. Lee donde y cuando quieras con su pantalla retroiluminada, para que nada frene tu pasi&oacute;n por la lectura.<br \/>&nbsp;<\/p>\n<table width=\"100%\">\n<tr>\n<td><strong>Marca<\/strong><\/td>\n<td>SPC<\/td>\n<\/tr>\n<tr>\n<td><strong>Modelo<\/strong><\/td>\n<td><strong>5613N<\/strong><\/td>\n<\/tr>\n<tr>\n<td><strong>Tipo<\/strong><\/td>\n<td>eBook<\/td>\n<\/tr>\n<tr>\n<td><strong>Memoria<\/strong><\/td>\n<td>&#8211; <strong>8GB <\/strong>de memoria interna.<\/td>\n<\/tr>\n<tr>\n<td><strong>Pantalla<\/strong><\/td>\n<td>&#8211; Pantalla retroiluminada. Luz, con 6 niveles de intensidad.&nbsp;<br \/>\t\t\t&#8211; Pantalla de tinta electr&oacute;nica.&nbsp;<br \/>\t\t\t&#8211; Calidad de lectura como en papel, desde cualquier &aacute;ngulo.<br \/>\t\t\t&#8211; No cansa la vista, sin brillo ni luz en pantalla.<br \/>\t\t\t&#8211; Lectura &oacute;ptima con luz natural, antirreflejos.<br \/>\t\t\t&#8211; Resoluci&oacute;n: 1024&#215;758 p&iacute;xeles.<\/td>\n<\/tr>\n<tr>\n<td valign=\"top\"><strong>Funciones<\/strong><\/td>\n<td>&#8211; Aumento del tama&ntilde;o de letra hasta 9 niveles para adecuar a tus necesidades (excepto en PDF).&nbsp;<br \/>\t\t\t&#8211; Funci&oacute;n zoom con 6 niveles (formato PDF).<br \/>\t\t\t&#8211; Configuraci&oacute;n de p&aacute;gina (m&aacute;rgenes, espacio, etc.).<br \/>\t\t\t&#8211; Funci&oacute;n &ldquo;Ir a p&aacute;gina&rdquo;.&nbsp;<br \/>\t\t\t&#8211; Diccionario.&nbsp;<br \/>\t\t\t&#8211; Marcadores de p&aacute;ginas.&nbsp;<br \/>\t\t\t&#8211; Lectura en vertical y horizontal.&nbsp;<br \/>\t\t\t&#8211; Cambio de p&aacute;gina manual o autom&aacute;tico.&nbsp;<br \/>\t\t\t&#8211; B&uacute;squeda de palabras dentro del texto.&nbsp;<br \/>\t\t\t&#8211; Gesti&oacute;n de la biblioteca por carpetas.&nbsp;<br \/>\t\t\t&#8211; Historial de archivos recientes.<br \/>\t\t\t&#8211; Visualiza PDF como texto plano.&nbsp;<br \/>\t\t\t&#8211; Uso f&aacute;cil e intuitivo.<\/td>\n<\/tr>\n<tr>\n<td valign=\"top\"><strong>Caracter&iacute;sticas<\/strong><\/td>\n<td><strong>Memoria<\/strong><br \/>\t\t\t&#8211; 8GB de memoria interna.&nbsp;<br \/>\t\t\t&#8211; Memoria interna ampliable con tarjeta micro SD.&nbsp;<br \/>\t\t\t&#8211; Ranura de tarjeta de memoria (micro SD \/ micro SD HC) hasta 32GB.<br \/>\t\t\t<strong>Bater&iacute;a<\/strong><br \/>\t\t\t&#8211;&nbsp;Litio-pol&iacute;mero recargable.&nbsp;<br \/>\t\t\t&#8211; Hasta un mes de vida de bater&iacute;a (puede variar en funci&oacute;n del modo de uso, intensidad de la luz y la configuraci&oacute;n).<br \/>\t\t\t<strong>Dimensiones y peso<\/strong><br \/>\t\t\t&#8211; 169x113x8 mm.&nbsp;<br \/>\t\t\t&#8211; 168 g<\/td>\n<\/tr>\n<tr>\n<td><strong>Fecha de revisi&oacute;n<\/strong><\/td>\n<td>06-08-2021 por YMC<\/td>\n<\/tr>\n<\/table>\n","protected":false},"excerpt":{"rendered":"<p>DE NOCHE Y DE D&Iacute;A. Lee donde y cuando quieras con su pantalla retroiluminada, para que nada frene tu pasi&oacute;n por la lectura.&nbsp; Marca SPC Modelo 5613N Tipo eBook Memoria &#8211; 8GB de memoria interna. Pantalla &#8211; Pantalla retroiluminada. Luz, con 6 niveles de intensidad.&nbsp; &#8211; Pantalla de tinta electr&oacute;nica.&nbsp; &#8211; Calidad de lectura como&hellip;&nbsp;<a href=\"https:\/\/aivlisoft.net\/shop\/producto\/spc-5613n-dickens-light-2-ebook-6-8gb-microsd\/\" rel=\"bookmark\"><span class=\"screen-reader-text\">SPC 5613N Dickens Light 2 eBook 6&#8243; 8GB microSD<\/span><\/a><\/p>\n","protected":false},"featured_media":17140,"template":"","meta":{"neve_meta_sidebar":"","neve_meta_container":"","neve_meta_enable_content_width":"","neve_meta_content_width":0,"neve_meta_title_alignment":"","neve_meta_author_avatar":"","neve_post_elements_order":"","neve_meta_disable_header":"","neve_meta_disable_footer":"","neve_meta_disable_title":""},"product_brand":[],"product_cat":[15,3724],"product_tag":[6318],"class_list":{"0":"post-17139","1":"product","2":"type-product","3":"status-publish","4":"has-post-thumbnail","6":"product_cat-sin-categorizar","7":"product_cat-monitores","8":"product_tag-5613n","10":"first","11":"instock","12":"taxable","13":"shipping-taxable","14":"purchasable","15":"product-type-simple"},"yoast_head":"<!-- This site is optimized with the Yoast SEO plugin v26.0 - https:\/\/yoast.com\/wordpress\/plugins\/seo\/ -->\n<title>SPC 5613N Dickens Light 2 eBook 6&quot; 8GB microSD - Aivlisoft Inform\u00e1tica<\/title>\n<meta name=\"robots\" content=\"index, follow, max-snippet:-1, max-image-preview:large, max-video-preview:-1\" \/>\n<link rel=\"canonical\" href=\"https:\/\/aivlisoft.net\/shop\/producto\/spc-5613n-dickens-light-2-ebook-6-8gb-microsd\/\" \/>\n<meta property=\"og:locale\" content=\"es_ES\" \/>\n<meta property=\"og:type\" content=\"article\" \/>\n<meta property=\"og:title\" content=\"SPC 5613N Dickens Light 2 eBook 6&quot; 8GB microSD - Aivlisoft Inform\u00e1tica\" \/>\n<meta property=\"og:description\" content=\"DE NOCHE Y DE D&Iacute;A. Lee donde y cuando quieras con su pantalla retroiluminada, para que nada frene tu pasi&oacute;n por la lectura.&nbsp; Marca SPC Modelo 5613N Tipo eBook Memoria &#8211; 8GB de memoria interna. Pantalla &#8211; Pantalla retroiluminada. Luz, con 6 niveles de intensidad.&nbsp; &#8211; Pantalla de tinta electr&oacute;nica.&nbsp; &#8211; Calidad de lectura como&hellip;&nbsp;SPC 5613N Dickens Light 2 eBook 6&#8243; 8GB microSD\" \/>\n<meta property=\"og:url\" content=\"https:\/\/aivlisoft.net\/shop\/producto\/spc-5613n-dickens-light-2-ebook-6-8gb-microsd\/\" \/>\n<meta property=\"og:site_name\" content=\"Aivlisoft Inform\u00e1tica\" \/>\n<meta property=\"article:modified_time\" content=\"2025-01-14T20:33:47+00:00\" \/>\n<meta property=\"og:image\" content=\"https:\/\/aivlisoft.net\/shop\/wp-content\/uploads\/2025\/01\/MRELEE0108_800.jpg\" \/>\n\t<meta property=\"og:image:width\" content=\"800\" \/>\n\t<meta property=\"og:image:height\" content=\"800\" \/>\n\t<meta property=\"og:image:type\" content=\"image\/jpeg\" \/>\n<meta name=\"twitter:card\" content=\"summary_large_image\" \/>\n<meta name=\"twitter:label1\" content=\"Tiempo de lectura\" \/>\n\t<meta name=\"twitter:data1\" content=\"2 minutos\" \/>\n<script type=\"application\/ld+json\" class=\"yoast-schema-graph\">{\"@context\":\"https:\/\/schema.org\",\"@graph\":[{\"@type\":\"WebPage\",\"@id\":\"https:\/\/aivlisoft.net\/shop\/producto\/spc-5613n-dickens-light-2-ebook-6-8gb-microsd\/\",\"url\":\"https:\/\/aivlisoft.net\/shop\/producto\/spc-5613n-dickens-light-2-ebook-6-8gb-microsd\/\",\"name\":\"SPC 5613N Dickens Light 2 eBook 6\\\" 8GB microSD - Aivlisoft Inform\u00e1tica\",\"isPartOf\":{\"@id\":\"https:\/\/aivlisoft.net\/shop\/#website\"},\"primaryImageOfPage\":{\"@id\":\"https:\/\/aivlisoft.net\/shop\/producto\/spc-5613n-dickens-light-2-ebook-6-8gb-microsd\/#primaryimage\"},\"image\":{\"@id\":\"https:\/\/aivlisoft.net\/shop\/producto\/spc-5613n-dickens-light-2-ebook-6-8gb-microsd\/#primaryimage\"},\"thumbnailUrl\":\"https:\/\/aivlisoft.net\/shop\/wp-content\/uploads\/2025\/01\/MRELEE0108_800.jpg\",\"datePublished\":\"2025-01-13T15:09:15+00:00\",\"dateModified\":\"2025-01-14T20:33:47+00:00\",\"breadcrumb\":{\"@id\":\"https:\/\/aivlisoft.net\/shop\/producto\/spc-5613n-dickens-light-2-ebook-6-8gb-microsd\/#breadcrumb\"},\"inLanguage\":\"es\",\"potentialAction\":[{\"@type\":\"ReadAction\",\"target\":[\"https:\/\/aivlisoft.net\/shop\/producto\/spc-5613n-dickens-light-2-ebook-6-8gb-microsd\/\"]}]},{\"@type\":\"ImageObject\",\"inLanguage\":\"es\",\"@id\":\"https:\/\/aivlisoft.net\/shop\/producto\/spc-5613n-dickens-light-2-ebook-6-8gb-microsd\/#primaryimage\",\"url\":\"https:\/\/aivlisoft.net\/shop\/wp-content\/uploads\/2025\/01\/MRELEE0108_800.jpg\",\"contentUrl\":\"https:\/\/aivlisoft.net\/shop\/wp-content\/uploads\/2025\/01\/MRELEE0108_800.jpg\",\"width\":800,\"height\":800},{\"@type\":\"BreadcrumbList\",\"@id\":\"https:\/\/aivlisoft.net\/shop\/producto\/spc-5613n-dickens-light-2-ebook-6-8gb-microsd\/#breadcrumb\",\"itemListElement\":[{\"@type\":\"ListItem\",\"position\":1,\"name\":\"Portada\",\"item\":\"https:\/\/aivlisoft.net\/shop\/\"},{\"@type\":\"ListItem\",\"position\":2,\"name\":\"Tienda\",\"item\":\"https:\/\/aivlisoft.net\/shop\/tienda\/\"},{\"@type\":\"ListItem\",\"position\":3,\"name\":\"SPC 5613N Dickens Light 2 eBook 6&#8243; 8GB microSD\"}]},{\"@type\":\"WebSite\",\"@id\":\"https:\/\/aivlisoft.net\/shop\/#website\",\"url\":\"https:\/\/aivlisoft.net\/shop\/\",\"name\":\"Aivlisoft Inform\u00e1tica\",\"description\":\"En Aivlisoft Inform\u00e1tica ofrecemos soluciones tecnol\u00f3gicas para empresas: venta de ordenadores, consumibles, perif\u00e9ricos y m\u00e1s. Calidad, atenci\u00f3n personalizada y los mejores precios para tu negocio.\",\"publisher\":{\"@id\":\"https:\/\/aivlisoft.net\/shop\/#organization\"},\"potentialAction\":[{\"@type\":\"SearchAction\",\"target\":{\"@type\":\"EntryPoint\",\"urlTemplate\":\"https:\/\/aivlisoft.net\/shop\/?s={search_term_string}\"},\"query-input\":{\"@type\":\"PropertyValueSpecification\",\"valueRequired\":true,\"valueName\":\"search_term_string\"}}],\"inLanguage\":\"es\"},{\"@type\":\"Organization\",\"@id\":\"https:\/\/aivlisoft.net\/shop\/#organization\",\"name\":\"Aivlisoft Inform\u00e1tica\",\"url\":\"https:\/\/aivlisoft.net\/shop\/\",\"logo\":{\"@type\":\"ImageObject\",\"inLanguage\":\"es\",\"@id\":\"https:\/\/aivlisoft.net\/shop\/#\/schema\/logo\/image\/\",\"url\":\"https:\/\/aivlisoft.net\/shop\/wp-content\/uploads\/2024\/12\/removal.ai_5b848c54-0cdf-4140-95c5-c5536bb7573b-logodef.png\",\"contentUrl\":\"https:\/\/aivlisoft.net\/shop\/wp-content\/uploads\/2024\/12\/removal.ai_5b848c54-0cdf-4140-95c5-c5536bb7573b-logodef.png\",\"width\":484,\"height\":182,\"caption\":\"Aivlisoft Inform\u00e1tica\"},\"image\":{\"@id\":\"https:\/\/aivlisoft.net\/shop\/#\/schema\/logo\/image\/\"}}]}<\/script>\n<!-- \/ Yoast SEO plugin. -->","yoast_head_json":{"title":"SPC 5613N Dickens Light 2 eBook 6\" 8GB microSD - Aivlisoft Inform\u00e1tica","robots":{"index":"index","follow":"follow","max-snippet":"max-snippet:-1","max-image-preview":"max-image-preview:large","max-video-preview":"max-video-preview:-1"},"canonical":"https:\/\/aivlisoft.net\/shop\/producto\/spc-5613n-dickens-light-2-ebook-6-8gb-microsd\/","og_locale":"es_ES","og_type":"article","og_title":"SPC 5613N Dickens Light 2 eBook 6\" 8GB microSD - Aivlisoft Inform\u00e1tica","og_description":"DE NOCHE Y DE D&Iacute;A. Lee donde y cuando quieras con su pantalla retroiluminada, para que nada frene tu pasi&oacute;n por la lectura.&nbsp; Marca SPC Modelo 5613N Tipo eBook Memoria &#8211; 8GB de memoria interna. Pantalla &#8211; Pantalla retroiluminada. Luz, con 6 niveles de intensidad.&nbsp; &#8211; Pantalla de tinta electr&oacute;nica.&nbsp; &#8211; Calidad de lectura como&hellip;&nbsp;SPC 5613N Dickens Light 2 eBook 6&#8243; 8GB microSD","og_url":"https:\/\/aivlisoft.net\/shop\/producto\/spc-5613n-dickens-light-2-ebook-6-8gb-microsd\/","og_site_name":"Aivlisoft Inform\u00e1tica","article_modified_time":"2025-01-14T20:33:47+00:00","og_image":[{"width":800,"height":800,"url":"https:\/\/aivlisoft.net\/shop\/wp-content\/uploads\/2025\/01\/MRELEE0108_800.jpg","type":"image\/jpeg"}],"twitter_card":"summary_large_image","twitter_misc":{"Tiempo de lectura":"2 minutos"},"schema":{"@context":"https:\/\/schema.org","@graph":[{"@type":"WebPage","@id":"https:\/\/aivlisoft.net\/shop\/producto\/spc-5613n-dickens-light-2-ebook-6-8gb-microsd\/","url":"https:\/\/aivlisoft.net\/shop\/producto\/spc-5613n-dickens-light-2-ebook-6-8gb-microsd\/","name":"SPC 5613N Dickens Light 2 eBook 6\" 8GB microSD - Aivlisoft Inform\u00e1tica","isPartOf":{"@id":"https:\/\/aivlisoft.net\/shop\/#website"},"primaryImageOfPage":{"@id":"https:\/\/aivlisoft.net\/shop\/producto\/spc-5613n-dickens-light-2-ebook-6-8gb-microsd\/#primaryimage"},"image":{"@id":"https:\/\/aivlisoft.net\/shop\/producto\/spc-5613n-dickens-light-2-ebook-6-8gb-microsd\/#primaryimage"},"thumbnailUrl":"https:\/\/aivlisoft.net\/shop\/wp-content\/uploads\/2025\/01\/MRELEE0108_800.jpg","datePublished":"2025-01-13T15:09:15+00:00","dateModified":"2025-01-14T20:33:47+00:00","breadcrumb":{"@id":"https:\/\/aivlisoft.net\/shop\/producto\/spc-5613n-dickens-light-2-ebook-6-8gb-microsd\/#breadcrumb"},"inLanguage":"es","potentialAction":[{"@type":"ReadAction","target":["https:\/\/aivlisoft.net\/shop\/producto\/spc-5613n-dickens-light-2-ebook-6-8gb-microsd\/"]}]},{"@type":"ImageObject","inLanguage":"es","@id":"https:\/\/aivlisoft.net\/shop\/producto\/spc-5613n-dickens-light-2-ebook-6-8gb-microsd\/#primaryimage","url":"https:\/\/aivlisoft.net\/shop\/wp-content\/uploads\/2025\/01\/MRELEE0108_800.jpg","contentUrl":"https:\/\/aivlisoft.net\/shop\/wp-content\/uploads\/2025\/01\/MRELEE0108_800.jpg","width":800,"height":800},{"@type":"BreadcrumbList","@id":"https:\/\/aivlisoft.net\/shop\/producto\/spc-5613n-dickens-light-2-ebook-6-8gb-microsd\/#breadcrumb","itemListElement":[{"@type":"ListItem","position":1,"name":"Portada","item":"https:\/\/aivlisoft.net\/shop\/"},{"@type":"ListItem","position":2,"name":"Tienda","item":"https:\/\/aivlisoft.net\/shop\/tienda\/"},{"@type":"ListItem","position":3,"name":"SPC 5613N Dickens Light 2 eBook 6&#8243; 8GB microSD"}]},{"@type":"WebSite","@id":"https:\/\/aivlisoft.net\/shop\/#website","url":"https:\/\/aivlisoft.net\/shop\/","name":"Aivlisoft Inform\u00e1tica","description":"En Aivlisoft Inform\u00e1tica ofrecemos soluciones tecnol\u00f3gicas para empresas: venta de ordenadores, consumibles, perif\u00e9ricos y m\u00e1s. Calidad, atenci\u00f3n personalizada y los mejores precios para tu negocio.","publisher":{"@id":"https:\/\/aivlisoft.net\/shop\/#organization"},"potentialAction":[{"@type":"SearchAction","target":{"@type":"EntryPoint","urlTemplate":"https:\/\/aivlisoft.net\/shop\/?s={search_term_string}"},"query-input":{"@type":"PropertyValueSpecification","valueRequired":true,"valueName":"search_term_string"}}],"inLanguage":"es"},{"@type":"Organization","@id":"https:\/\/aivlisoft.net\/shop\/#organization","name":"Aivlisoft Inform\u00e1tica","url":"https:\/\/aivlisoft.net\/shop\/","logo":{"@type":"ImageObject","inLanguage":"es","@id":"https:\/\/aivlisoft.net\/shop\/#\/schema\/logo\/image\/","url":"https:\/\/aivlisoft.net\/shop\/wp-content\/uploads\/2024\/12\/removal.ai_5b848c54-0cdf-4140-95c5-c5536bb7573b-logodef.png","contentUrl":"https:\/\/aivlisoft.net\/shop\/wp-content\/uploads\/2024\/12\/removal.ai_5b848c54-0cdf-4140-95c5-c5536bb7573b-logodef.png","width":484,"height":182,"caption":"Aivlisoft Inform\u00e1tica"},"image":{"@id":"https:\/\/aivlisoft.net\/shop\/#\/schema\/logo\/image\/"}}]}},"_links":{"self":[{"href":"https:\/\/aivlisoft.net\/shop\/wp-json\/wp\/v2\/product\/17139","targetHints":{"allow":["GET"]}}],"collection":[{"href":"https:\/\/aivlisoft.net\/shop\/wp-json\/wp\/v2\/product"}],"about":[{"href":"https:\/\/aivlisoft.net\/shop\/wp-json\/wp\/v2\/types\/product"}],"wp:featuredmedia":[{"embeddable":true,"href":"https:\/\/aivlisoft.net\/shop\/wp-json\/wp\/v2\/media\/17140"}],"wp:attachment":[{"href":"https:\/\/aivlisoft.net\/shop\/wp-json\/wp\/v2\/media?parent=17139"}],"wp:term":[{"taxonomy":"product_brand","embeddable":true,"href":"https:\/\/aivlisoft.net\/shop\/wp-json\/wp\/v2\/product_brand?post=17139"},{"taxonomy":"product_cat","embeddable":true,"href":"https:\/\/aivlisoft.net\/shop\/wp-json\/wp\/v2\/product_cat?post=17139"},{"taxonomy":"product_tag","embeddable":true,"href":"https:\/\/aivlisoft.net\/shop\/wp-json\/wp\/v2\/product_tag?post=17139"}],"curies":[{"name":"wp","href":"https:\/\/api.w.org\/{rel}","templated":true}]}}