{"id":17120,"date":"2025-01-13T15:09:03","date_gmt":"2025-01-13T15:09:03","guid":{"rendered":"https:\/\/aivlisoft.com\/?post_type=product&#038;p=17120"},"modified":"2025-01-14T20:34:58","modified_gmt":"2025-01-14T20:34:58","slug":"benq-mw826sth-projector","status":"publish","type":"product","link":"https:\/\/aivlisoft.net\/shop\/producto\/benq-mw826sth-projector\/","title":{"rendered":"BENQ MW826STH PROJECTOR"},"content":{"rendered":"<p><\/p>\n<table class=\"tabla_caracteristicas\" width=\"100%\">\n<tr>\n<td><strong>Marca<\/strong><\/td>\n<td>Benq<\/td>\n<\/tr>\n<tr>\n<td><strong>Modelo<\/strong><\/td>\n<td><strong>9H.JMW77.1JE<\/strong><\/td>\n<\/tr>\n<tr>\n<td><strong>Imagen<\/strong><\/td>\n<td><strong>Pantalla<\/strong><br \/>\t\t\t&#8211; Brillo (ANSI L&uacute;menes): 3500<br \/>\t\t\t&#8211; Resoluci&oacute;n: WXGA (1280&#215;800)<br \/>\t\t\t&#8211; Relaci&oacute;n de aspecto nativo: 16:10<br \/>\t\t\t&#8211; Relaci&oacute;n de contraste (FOFO): 20 000:1<br \/>\t\t\t&#8211; Colores mostrados: 30-bit (1.07 billones de colores)<br \/>\t\t\t&#8211; Fuente de luz: L&aacute;mpara<br \/>\t\t\t&#8211; Vida &uacute;til de fuente de luz<br \/>\t\t\t&nbsp; a. Normal 6000 horas<br \/>\t\t\t&nbsp; c. SmartEco 10 000 horas<br \/>\t\t\t&nbsp; d. LampSave 15 000 horas<br \/>\t\t\t&nbsp; b. ECO 10000 hrs<br \/>\t\t\t<strong>&Oacute;ptica<\/strong><br \/>\t\t\t&#8211; Relaci&oacute;n de proyecci&oacute;n: 0.49<br \/>\t\t\t&#8211; Relaci&oacute;n de zoom: Fija<br \/>\t\t\t&#8211; Lente: F\/# = 2.6,f = 6.9 mm<br \/>\t\t\t&#8211; Desplazamiento de la proyecci&oacute;n (altura total): 105%<br \/>\t\t\t&#8211; Ajuste de keystone: 1D, Vertical &plusmn; 30 grados<br \/>\t\t\t<strong>Monitor<\/strong><br \/>\t\t\t&#8211; Sistema de proyecci&oacute;n: Dlp<br \/>\t\t\t&#8211; Tipo DMD: 0.65&#8243; WXGA<br \/>\t\t\t&#8211; Brillo: 3500AL<br \/>\t\t\t&#8211; Color de visualizaci&oacute;n: 30 bits\/1.07 mil millones de colores<br \/>\t\t\t&#8211; Relaci&oacute;n de aspecto: Nativo 4:3 (5 relaci&oacute;n de aspecto seleccionable)<br \/>\t\t\t&#8211; Fuente de luz: l&aacute;mpara<br \/>\t\t\t&#8211; Vida de la fuente de luz: 6000\/10000\/10000\/15000 horas (Normal\/Econ&oacute;mico\/SmartEco\/LampSave)<br \/>\t\t\t&#8211; Resoluci&oacute;n nativa: XGA(1280 x 800)<br \/>\t\t\t&#8211; Relaci&oacute;n de contraste: 20,000:1<\/td>\n<\/tr>\n<tr>\n<td><strong>Conectividad<\/strong><\/td>\n<td><strong>Puertos<\/strong><br \/>\t\t\t&#8211; 2 x Entrada de computadora (D-sub de 15 pines) (Compartir con el componente)<br \/>\t\t\t&#8211; 1 x salida de monitor (D-sub de 15 pines)<br \/>\t\t\t&#8211; 1 x entrada de v&iacute;deo compuesto (RCA)<br \/>\t\t\t&#8211; 1 x entrada S-Video (Mini DIN 4 pines)<br \/>\t\t\t&#8211; 2 x HDMI<br \/>\t\t\t&#8211; 2 x entradas de audio (miniconector)<br \/>\t\t\t&#8211; 1 x salida de audio (Mini Jack)<br \/>\t\t\t&#8211; 1 x entrada de audio I\/D (RCA)<br \/>\t\t\t&#8211; 1 x altavoz de 10W<br \/>\t\t\t&#8211; 1 x USB (Tipo A) (alimentaci&oacute;n solo 5 V\/1,5 A)<br \/>\t\t\t&#8211; 1 x USB (Tipo Mini B) (Descargar y p&aacute;gina\/abajo)<br \/>\t\t\t&#8211; 1 x RS232 (DB-9 pines)<br \/>\t\t\t&#8211; 1 LAN (RJ45)<\/td>\n<\/tr>\n<tr>\n<td><strong>Otras caracter&iacute;sticas<\/strong><\/td>\n<td><strong>Audio<\/strong><br \/>\t\t\t&#8211; Altavoz incorporado: 10Wx1<br \/>\t\t\t<strong>Compatibilidad<\/strong><br \/>\t\t\t&#8211; Soporte de resoluci&oacute;n: VGA (640 x 480) a WUXGA_RB (1920 x 1200)<br \/>\t\t\t* Supresi&oacute;n reducida por RB<br \/>\t\t\t&#8211; Frecuencia horizontal: 15K ~ 102KHz<br \/>\t\t\t&#8211; Velocidad de escaneo vertical: 23 Hz ~ 120 Hz<br \/>\t\t\t&#8211; Compatibilidad HDTV: 480i, 480p, 576i, 567p, 720p, 1080i, 1080p<br \/>\t\t\t&#8211; Compatibilidad de v&iacute;deo:<br \/>\t\t\t&nbsp; Cuadro secuencial: hasta 720p<br \/>\t\t\t&nbsp; Embalaje de fotogramas: hasta 24 Hz 1080p<br \/>\t\t\t&nbsp; Mitad lado a lado: hasta 60 Hz 1080p<br \/>\t\t\t&nbsp; Arriba Abajo: Hasta 60 Hz 1080p<br \/>\t\t\t<strong>Bater&iacute;a<\/strong><br \/>\t\t\t&#8211; Consumo de energ&iacute;a (M&aacute;x\/Normal\/Eco): T&iacute;pico 260W<br \/>\t\t\t&#8211; Consumo de energ&iacute;a en espera: Standby&lt;0.5W, Espera de red&lt;2W<br \/>\t\t\t&#8211; Fuente de alimentaci&oacute;n: CA de 100 a 240 V, 50\/60 Hz<br \/>\t\t\t<strong>Dimensiones y peso<\/strong><br \/>\t\t\t&#8211; 296 x 239 x 120 mm<br \/>\t\t\t&#8211; 2,6 kg<\/td>\n<\/tr>\n<tr>\n<td><strong>Fecha de revisi&oacute;n<\/strong><\/td>\n<td>14-11-2024 por RTY<\/td>\n<\/tr>\n<\/table>\n","protected":false},"excerpt":{"rendered":"<p>Marca Benq Modelo 9H.JMW77.1JE Imagen Pantalla &#8211; Brillo (ANSI L&uacute;menes): 3500 &#8211; Resoluci&oacute;n: WXGA (1280&#215;800) &#8211; Relaci&oacute;n de aspecto nativo: 16:10 &#8211; Relaci&oacute;n de contraste (FOFO): 20 000:1 &#8211; Colores mostrados: 30-bit (1.07 billones de colores) &#8211; Fuente de luz: L&aacute;mpara &#8211; Vida &uacute;til de fuente de luz &nbsp; a. Normal 6000 horas &nbsp; c.&hellip;&nbsp;<a href=\"https:\/\/aivlisoft.net\/shop\/producto\/benq-mw826sth-projector\/\" rel=\"bookmark\"><span class=\"screen-reader-text\">BENQ MW826STH PROJECTOR<\/span><\/a><\/p>\n","protected":false},"featured_media":0,"template":"","meta":{"neve_meta_sidebar":"","neve_meta_container":"","neve_meta_enable_content_width":"","neve_meta_content_width":0,"neve_meta_title_alignment":"","neve_meta_author_avatar":"","neve_post_elements_order":"","neve_meta_disable_header":"","neve_meta_disable_footer":"","neve_meta_disable_title":""},"product_brand":[],"product_cat":[15,8691,719],"product_tag":[6308],"class_list":{"0":"post-17120","1":"product","2":"type-product","3":"status-publish","5":"product_cat-sin-categorizar","6":"product_cat-accesorios-proyector-pantalla","7":"product_cat-accesorios-proyectores","8":"product_tag-9h-jmw77-1je","10":"first","11":"instock","12":"taxable","13":"shipping-taxable","14":"purchasable","15":"product-type-simple"},"yoast_head":"<!-- This site is optimized with the Yoast SEO plugin v26.0 - https:\/\/yoast.com\/wordpress\/plugins\/seo\/ -->\n<title>BENQ MW826STH PROJECTOR - Aivlisoft Inform\u00e1tica<\/title>\n<meta name=\"robots\" content=\"index, follow, max-snippet:-1, max-image-preview:large, max-video-preview:-1\" \/>\n<link rel=\"canonical\" href=\"https:\/\/aivlisoft.net\/shop\/producto\/benq-mw826sth-projector\/\" \/>\n<meta property=\"og:locale\" content=\"es_ES\" \/>\n<meta property=\"og:type\" content=\"article\" \/>\n<meta property=\"og:title\" content=\"BENQ MW826STH PROJECTOR - Aivlisoft Inform\u00e1tica\" \/>\n<meta property=\"og:description\" content=\"Marca Benq Modelo 9H.JMW77.1JE Imagen Pantalla &#8211; Brillo (ANSI L&uacute;menes): 3500 &#8211; Resoluci&oacute;n: WXGA (1280&#215;800) &#8211; Relaci&oacute;n de aspecto nativo: 16:10 &#8211; Relaci&oacute;n de contraste (FOFO): 20 000:1 &#8211; Colores mostrados: 30-bit (1.07 billones de colores) &#8211; Fuente de luz: L&aacute;mpara &#8211; Vida &uacute;til de fuente de luz &nbsp; a. Normal 6000 horas &nbsp; c.&hellip;&nbsp;BENQ MW826STH PROJECTOR\" \/>\n<meta property=\"og:url\" content=\"https:\/\/aivlisoft.net\/shop\/producto\/benq-mw826sth-projector\/\" \/>\n<meta property=\"og:site_name\" content=\"Aivlisoft Inform\u00e1tica\" \/>\n<meta property=\"article:modified_time\" content=\"2025-01-14T20:34:58+00:00\" \/>\n<meta name=\"twitter:card\" content=\"summary_large_image\" \/>\n<meta name=\"twitter:label1\" content=\"Tiempo de lectura\" \/>\n\t<meta name=\"twitter:data1\" content=\"2 minutos\" \/>\n<script type=\"application\/ld+json\" class=\"yoast-schema-graph\">{\"@context\":\"https:\/\/schema.org\",\"@graph\":[{\"@type\":\"WebPage\",\"@id\":\"https:\/\/aivlisoft.net\/shop\/producto\/benq-mw826sth-projector\/\",\"url\":\"https:\/\/aivlisoft.net\/shop\/producto\/benq-mw826sth-projector\/\",\"name\":\"BENQ MW826STH PROJECTOR - Aivlisoft Inform\u00e1tica\",\"isPartOf\":{\"@id\":\"https:\/\/aivlisoft.net\/shop\/#website\"},\"datePublished\":\"2025-01-13T15:09:03+00:00\",\"dateModified\":\"2025-01-14T20:34:58+00:00\",\"breadcrumb\":{\"@id\":\"https:\/\/aivlisoft.net\/shop\/producto\/benq-mw826sth-projector\/#breadcrumb\"},\"inLanguage\":\"es\",\"potentialAction\":[{\"@type\":\"ReadAction\",\"target\":[\"https:\/\/aivlisoft.net\/shop\/producto\/benq-mw826sth-projector\/\"]}]},{\"@type\":\"BreadcrumbList\",\"@id\":\"https:\/\/aivlisoft.net\/shop\/producto\/benq-mw826sth-projector\/#breadcrumb\",\"itemListElement\":[{\"@type\":\"ListItem\",\"position\":1,\"name\":\"Portada\",\"item\":\"https:\/\/aivlisoft.net\/shop\/\"},{\"@type\":\"ListItem\",\"position\":2,\"name\":\"Tienda\",\"item\":\"https:\/\/aivlisoft.net\/shop\/tienda\/\"},{\"@type\":\"ListItem\",\"position\":3,\"name\":\"BENQ MW826STH PROJECTOR\"}]},{\"@type\":\"WebSite\",\"@id\":\"https:\/\/aivlisoft.net\/shop\/#website\",\"url\":\"https:\/\/aivlisoft.net\/shop\/\",\"name\":\"Aivlisoft Inform\u00e1tica\",\"description\":\"En Aivlisoft Inform\u00e1tica ofrecemos soluciones tecnol\u00f3gicas para empresas: venta de ordenadores, consumibles, perif\u00e9ricos y m\u00e1s. Calidad, atenci\u00f3n personalizada y los mejores precios para tu negocio.\",\"publisher\":{\"@id\":\"https:\/\/aivlisoft.net\/shop\/#organization\"},\"potentialAction\":[{\"@type\":\"SearchAction\",\"target\":{\"@type\":\"EntryPoint\",\"urlTemplate\":\"https:\/\/aivlisoft.net\/shop\/?s={search_term_string}\"},\"query-input\":{\"@type\":\"PropertyValueSpecification\",\"valueRequired\":true,\"valueName\":\"search_term_string\"}}],\"inLanguage\":\"es\"},{\"@type\":\"Organization\",\"@id\":\"https:\/\/aivlisoft.net\/shop\/#organization\",\"name\":\"Aivlisoft Inform\u00e1tica\",\"url\":\"https:\/\/aivlisoft.net\/shop\/\",\"logo\":{\"@type\":\"ImageObject\",\"inLanguage\":\"es\",\"@id\":\"https:\/\/aivlisoft.net\/shop\/#\/schema\/logo\/image\/\",\"url\":\"https:\/\/aivlisoft.net\/shop\/wp-content\/uploads\/2024\/12\/removal.ai_5b848c54-0cdf-4140-95c5-c5536bb7573b-logodef.png\",\"contentUrl\":\"https:\/\/aivlisoft.net\/shop\/wp-content\/uploads\/2024\/12\/removal.ai_5b848c54-0cdf-4140-95c5-c5536bb7573b-logodef.png\",\"width\":484,\"height\":182,\"caption\":\"Aivlisoft Inform\u00e1tica\"},\"image\":{\"@id\":\"https:\/\/aivlisoft.net\/shop\/#\/schema\/logo\/image\/\"}}]}<\/script>\n<!-- \/ Yoast SEO plugin. -->","yoast_head_json":{"title":"BENQ MW826STH PROJECTOR - Aivlisoft Inform\u00e1tica","robots":{"index":"index","follow":"follow","max-snippet":"max-snippet:-1","max-image-preview":"max-image-preview:large","max-video-preview":"max-video-preview:-1"},"canonical":"https:\/\/aivlisoft.net\/shop\/producto\/benq-mw826sth-projector\/","og_locale":"es_ES","og_type":"article","og_title":"BENQ MW826STH PROJECTOR - Aivlisoft Inform\u00e1tica","og_description":"Marca Benq Modelo 9H.JMW77.1JE Imagen Pantalla &#8211; Brillo (ANSI L&uacute;menes): 3500 &#8211; Resoluci&oacute;n: WXGA (1280&#215;800) &#8211; Relaci&oacute;n de aspecto nativo: 16:10 &#8211; Relaci&oacute;n de contraste (FOFO): 20 000:1 &#8211; Colores mostrados: 30-bit (1.07 billones de colores) &#8211; Fuente de luz: L&aacute;mpara &#8211; Vida &uacute;til de fuente de luz &nbsp; a. Normal 6000 horas &nbsp; c.&hellip;&nbsp;BENQ MW826STH PROJECTOR","og_url":"https:\/\/aivlisoft.net\/shop\/producto\/benq-mw826sth-projector\/","og_site_name":"Aivlisoft Inform\u00e1tica","article_modified_time":"2025-01-14T20:34:58+00:00","twitter_card":"summary_large_image","twitter_misc":{"Tiempo de lectura":"2 minutos"},"schema":{"@context":"https:\/\/schema.org","@graph":[{"@type":"WebPage","@id":"https:\/\/aivlisoft.net\/shop\/producto\/benq-mw826sth-projector\/","url":"https:\/\/aivlisoft.net\/shop\/producto\/benq-mw826sth-projector\/","name":"BENQ MW826STH PROJECTOR - Aivlisoft Inform\u00e1tica","isPartOf":{"@id":"https:\/\/aivlisoft.net\/shop\/#website"},"datePublished":"2025-01-13T15:09:03+00:00","dateModified":"2025-01-14T20:34:58+00:00","breadcrumb":{"@id":"https:\/\/aivlisoft.net\/shop\/producto\/benq-mw826sth-projector\/#breadcrumb"},"inLanguage":"es","potentialAction":[{"@type":"ReadAction","target":["https:\/\/aivlisoft.net\/shop\/producto\/benq-mw826sth-projector\/"]}]},{"@type":"BreadcrumbList","@id":"https:\/\/aivlisoft.net\/shop\/producto\/benq-mw826sth-projector\/#breadcrumb","itemListElement":[{"@type":"ListItem","position":1,"name":"Portada","item":"https:\/\/aivlisoft.net\/shop\/"},{"@type":"ListItem","position":2,"name":"Tienda","item":"https:\/\/aivlisoft.net\/shop\/tienda\/"},{"@type":"ListItem","position":3,"name":"BENQ MW826STH PROJECTOR"}]},{"@type":"WebSite","@id":"https:\/\/aivlisoft.net\/shop\/#website","url":"https:\/\/aivlisoft.net\/shop\/","name":"Aivlisoft Inform\u00e1tica","description":"En Aivlisoft Inform\u00e1tica ofrecemos soluciones tecnol\u00f3gicas para empresas: venta de ordenadores, consumibles, perif\u00e9ricos y m\u00e1s. Calidad, atenci\u00f3n personalizada y los mejores precios para tu negocio.","publisher":{"@id":"https:\/\/aivlisoft.net\/shop\/#organization"},"potentialAction":[{"@type":"SearchAction","target":{"@type":"EntryPoint","urlTemplate":"https:\/\/aivlisoft.net\/shop\/?s={search_term_string}"},"query-input":{"@type":"PropertyValueSpecification","valueRequired":true,"valueName":"search_term_string"}}],"inLanguage":"es"},{"@type":"Organization","@id":"https:\/\/aivlisoft.net\/shop\/#organization","name":"Aivlisoft Inform\u00e1tica","url":"https:\/\/aivlisoft.net\/shop\/","logo":{"@type":"ImageObject","inLanguage":"es","@id":"https:\/\/aivlisoft.net\/shop\/#\/schema\/logo\/image\/","url":"https:\/\/aivlisoft.net\/shop\/wp-content\/uploads\/2024\/12\/removal.ai_5b848c54-0cdf-4140-95c5-c5536bb7573b-logodef.png","contentUrl":"https:\/\/aivlisoft.net\/shop\/wp-content\/uploads\/2024\/12\/removal.ai_5b848c54-0cdf-4140-95c5-c5536bb7573b-logodef.png","width":484,"height":182,"caption":"Aivlisoft Inform\u00e1tica"},"image":{"@id":"https:\/\/aivlisoft.net\/shop\/#\/schema\/logo\/image\/"}}]}},"_links":{"self":[{"href":"https:\/\/aivlisoft.net\/shop\/wp-json\/wp\/v2\/product\/17120","targetHints":{"allow":["GET"]}}],"collection":[{"href":"https:\/\/aivlisoft.net\/shop\/wp-json\/wp\/v2\/product"}],"about":[{"href":"https:\/\/aivlisoft.net\/shop\/wp-json\/wp\/v2\/types\/product"}],"wp:attachment":[{"href":"https:\/\/aivlisoft.net\/shop\/wp-json\/wp\/v2\/media?parent=17120"}],"wp:term":[{"taxonomy":"product_brand","embeddable":true,"href":"https:\/\/aivlisoft.net\/shop\/wp-json\/wp\/v2\/product_brand?post=17120"},{"taxonomy":"product_cat","embeddable":true,"href":"https:\/\/aivlisoft.net\/shop\/wp-json\/wp\/v2\/product_cat?post=17120"},{"taxonomy":"product_tag","embeddable":true,"href":"https:\/\/aivlisoft.net\/shop\/wp-json\/wp\/v2\/product_tag?post=17120"}],"curies":[{"name":"wp","href":"https:\/\/api.w.org\/{rel}","templated":true}]}}