{"id":17104,"date":"2025-01-13T15:08:52","date_gmt":"2025-01-13T15:08:52","guid":{"rendered":"https:\/\/aivlisoft.com\/?post_type=product&#038;p=17104"},"modified":"2025-01-14T20:37:46","modified_gmt":"2025-01-14T20:37:46","slug":"benq-th685p-3500lm-removed-i-o-ports-pc-in","status":"publish","type":"product","link":"https:\/\/aivlisoft.net\/shop\/producto\/benq-th685p-3500lm-removed-i-o-ports-pc-in\/","title":{"rendered":"BenQ TH685P 3500LM REMOVED I\/O PORTS: PC IN"},"content":{"rendered":"<p><\/p>\n<table class=\"tabla_caracteristicas k-table\" width=\"100%\">\n<tr>\n<td><strong>Marca<\/strong><\/td>\n<td>BenQ<\/td>\n<\/tr>\n<tr>\n<td><strong>Modelo<\/strong><\/td>\n<td><strong>9H.JL877.14E<\/strong><\/td>\n<\/tr>\n<tr>\n<td><strong>Imagen<\/strong><\/td>\n<td>&#8211; Brillo (l&uacute;menes ANSI): <strong>3500<\/strong><br \/>\t\t\t&#8211; Resoluci&oacute;n: 1080P (1920&#215;1080)<br \/>\t\t\t&#8211; Relaci&oacute;n de aspecto nativa: 16:9<br \/>\t\t\t&#8211; Relaci&oacute;n de contraste (FOFO): 10,000:1<br \/>\t\t\t&#8211; Color de pantalla: 30 bits (1070 millones de colores)<br \/>\t\t\t&#8211; Fuente de luz: Lamp<br \/>\t\t\t&#8211; Vida de la fuente de luz: a. Normal 4000 hrs, c. SmartEco 8000 hrs, d. LampSave 15000 hrs, b. ECO 10000 hrs<br \/>\t\t\t&#8211; Rec. Cobertura 709: 92%<br \/>\t\t\t&#8211; Modos de imagen: 3D, Bright, Cinema, Game, HDR, HLG, Living Room, Sports, User 1, User 2<br \/>\t\t\t&#8211; Sistema de proyecci&oacute;n: DLP<\/td>\n<\/tr>\n<tr>\n<td><strong>Conexiones<\/strong><\/td>\n<td>&#8211; 2 x&nbsp; HDMI-1 (2.0b\/HDCP2.2), HDMI-2 (2.0b\/HDCP2.2)<br \/>\t\t\t&#8211; 1 x&nbsp; USB Type A-1 (2.0\/Power Supply1.5A)<br \/>\t\t\t&#8211; 1 x RS232 in (DB-9pin)<\/td>\n<\/tr>\n<tr>\n<td valign=\"top\"><strong>Otras caracter&iacute;sticas<\/strong><\/td>\n<td><strong>Objetivo<\/strong><br \/>\t\t\t&#8211; Relaci&oacute;n de proyecci&oacute;n: 1.127~1.46<br \/>\t\t\t&#8211; Relaci&oacute;n de zoom: 1.3x<br \/>\t\t\t&#8211; Lente: F\/#=1.94~2.07;f=11.9~15.5 mm<br \/>\t\t\t&#8211; Desplazamiento de la proyecci&oacute;n (altura total): 105%<br \/>\t\t\t&#8211; Ajuste de keystone: 1D, (Auto) Vertical &plusmn; 40 degrees<br \/>\t\t\t<strong>Audio<\/strong><br \/>\t\t\t&#8211; 1 x Altavoz, 5 W<br \/>\t\t\t&#8211; 1 x Entrada de audio (miniclavija de 3,5 mm)<br \/>\t\t\t&#8211; 1 x Salida de audio (miniclavija de 3,5mm)<br \/>\t\t\t<strong>Compatibilidad<\/strong><br \/>\t\t\t&#8211; Input Lag: 16.7 ms (1080P 60Hz), 33.4 ms (4K 60Hz) *downscaling to 1080p, 8.3 ms (1080P 120Hz)<br \/>\t\t\t&#8211; Resoluciones compatibles: VGA (640 x 480) to 4K UHD (3840 x 2160)<br \/>\t\t\t&#8211; Frecuencia horizontal: 15K~102KHz<br \/>\t\t\t<strong>Par&aacute;metros de entorno<\/strong><br \/>\t\t\t&#8211; Temperatura de operaci&oacute;n: 0~40&ordm;C<br \/>\t\t\t<strong>Dimensiones y peso<\/strong><br \/>\t\t\t&#8211;&nbsp;12.2 x 4.3 x 8.8 mm<br \/>\t\t\t&#8211; 2,79 kg<br \/>\t\t\t<strong>Contiene<\/strong><br \/>\t\t\t&#8211; Control remoto con bater&iacute;a: RCV013<br \/>\t\t\t&#8211; Cable de alimentaci&oacute;n (por regi&oacute;n): x1 (1,8 millones)<br \/>\t\t\t&#8211; Gu&iacute;a de instalaci&oacute;n: 1 (21L)<\/td>\n<\/tr>\n<tr>\n<td><strong>Fecha de revisi&oacute;n<\/strong><\/td>\n<td>21-06-2024 por RTY<\/td>\n<\/tr>\n<\/table>\n","protected":false},"excerpt":{"rendered":"<p>Marca BenQ Modelo 9H.JL877.14E Imagen &#8211; Brillo (l&uacute;menes ANSI): 3500 &#8211; Resoluci&oacute;n: 1080P (1920&#215;1080) &#8211; Relaci&oacute;n de aspecto nativa: 16:9 &#8211; Relaci&oacute;n de contraste (FOFO): 10,000:1 &#8211; Color de pantalla: 30 bits (1070 millones de colores) &#8211; Fuente de luz: Lamp &#8211; Vida de la fuente de luz: a. Normal 4000 hrs, c. SmartEco 8000&hellip;&nbsp;<a href=\"https:\/\/aivlisoft.net\/shop\/producto\/benq-th685p-3500lm-removed-i-o-ports-pc-in\/\" rel=\"bookmark\"><span class=\"screen-reader-text\">BenQ TH685P 3500LM REMOVED I\/O PORTS: PC IN<\/span><\/a><\/p>\n","protected":false},"featured_media":0,"template":"","meta":{"neve_meta_sidebar":"","neve_meta_container":"","neve_meta_enable_content_width":"","neve_meta_content_width":0,"neve_meta_title_alignment":"","neve_meta_author_avatar":"","neve_post_elements_order":"","neve_meta_disable_header":"","neve_meta_disable_footer":"","neve_meta_disable_title":""},"product_brand":[],"product_cat":[15,8691,719],"product_tag":[6302],"class_list":{"0":"post-17104","1":"product","2":"type-product","3":"status-publish","5":"product_cat-sin-categorizar","6":"product_cat-accesorios-proyector-pantalla","7":"product_cat-accesorios-proyectores","8":"product_tag-9h-jl877-14e","10":"first","11":"instock","12":"taxable","13":"shipping-taxable","14":"purchasable","15":"product-type-simple"},"yoast_head":"<!-- This site is optimized with the Yoast SEO plugin v26.0 - https:\/\/yoast.com\/wordpress\/plugins\/seo\/ -->\n<title>BenQ TH685P 3500LM REMOVED I\/O PORTS: PC IN - Aivlisoft Inform\u00e1tica<\/title>\n<meta name=\"robots\" content=\"index, follow, max-snippet:-1, max-image-preview:large, max-video-preview:-1\" \/>\n<link rel=\"canonical\" href=\"https:\/\/aivlisoft.net\/shop\/producto\/benq-th685p-3500lm-removed-i-o-ports-pc-in\/\" \/>\n<meta property=\"og:locale\" content=\"es_ES\" \/>\n<meta property=\"og:type\" content=\"article\" \/>\n<meta property=\"og:title\" content=\"BenQ TH685P 3500LM REMOVED I\/O PORTS: PC IN - Aivlisoft Inform\u00e1tica\" \/>\n<meta property=\"og:description\" content=\"Marca BenQ Modelo 9H.JL877.14E Imagen &#8211; Brillo (l&uacute;menes ANSI): 3500 &#8211; Resoluci&oacute;n: 1080P (1920&#215;1080) &#8211; Relaci&oacute;n de aspecto nativa: 16:9 &#8211; Relaci&oacute;n de contraste (FOFO): 10,000:1 &#8211; Color de pantalla: 30 bits (1070 millones de colores) &#8211; Fuente de luz: Lamp &#8211; Vida de la fuente de luz: a. Normal 4000 hrs, c. SmartEco 8000&hellip;&nbsp;BenQ TH685P 3500LM REMOVED I\/O PORTS: PC IN\" \/>\n<meta property=\"og:url\" content=\"https:\/\/aivlisoft.net\/shop\/producto\/benq-th685p-3500lm-removed-i-o-ports-pc-in\/\" \/>\n<meta property=\"og:site_name\" content=\"Aivlisoft Inform\u00e1tica\" \/>\n<meta property=\"article:modified_time\" content=\"2025-01-14T20:37:46+00:00\" \/>\n<meta name=\"twitter:card\" content=\"summary_large_image\" \/>\n<meta name=\"twitter:label1\" content=\"Tiempo de lectura\" \/>\n\t<meta name=\"twitter:data1\" content=\"1 minuto\" \/>\n<script type=\"application\/ld+json\" class=\"yoast-schema-graph\">{\"@context\":\"https:\/\/schema.org\",\"@graph\":[{\"@type\":\"WebPage\",\"@id\":\"https:\/\/aivlisoft.net\/shop\/producto\/benq-th685p-3500lm-removed-i-o-ports-pc-in\/\",\"url\":\"https:\/\/aivlisoft.net\/shop\/producto\/benq-th685p-3500lm-removed-i-o-ports-pc-in\/\",\"name\":\"BenQ TH685P 3500LM REMOVED I\/O PORTS: PC IN - Aivlisoft Inform\u00e1tica\",\"isPartOf\":{\"@id\":\"https:\/\/aivlisoft.net\/shop\/#website\"},\"datePublished\":\"2025-01-13T15:08:52+00:00\",\"dateModified\":\"2025-01-14T20:37:46+00:00\",\"breadcrumb\":{\"@id\":\"https:\/\/aivlisoft.net\/shop\/producto\/benq-th685p-3500lm-removed-i-o-ports-pc-in\/#breadcrumb\"},\"inLanguage\":\"es\",\"potentialAction\":[{\"@type\":\"ReadAction\",\"target\":[\"https:\/\/aivlisoft.net\/shop\/producto\/benq-th685p-3500lm-removed-i-o-ports-pc-in\/\"]}]},{\"@type\":\"BreadcrumbList\",\"@id\":\"https:\/\/aivlisoft.net\/shop\/producto\/benq-th685p-3500lm-removed-i-o-ports-pc-in\/#breadcrumb\",\"itemListElement\":[{\"@type\":\"ListItem\",\"position\":1,\"name\":\"Portada\",\"item\":\"https:\/\/aivlisoft.net\/shop\/\"},{\"@type\":\"ListItem\",\"position\":2,\"name\":\"Tienda\",\"item\":\"https:\/\/aivlisoft.net\/shop\/tienda\/\"},{\"@type\":\"ListItem\",\"position\":3,\"name\":\"BenQ TH685P 3500LM REMOVED I\/O PORTS: PC IN\"}]},{\"@type\":\"WebSite\",\"@id\":\"https:\/\/aivlisoft.net\/shop\/#website\",\"url\":\"https:\/\/aivlisoft.net\/shop\/\",\"name\":\"Aivlisoft Inform\u00e1tica\",\"description\":\"En Aivlisoft Inform\u00e1tica ofrecemos soluciones tecnol\u00f3gicas para empresas: venta de ordenadores, consumibles, perif\u00e9ricos y m\u00e1s. Calidad, atenci\u00f3n personalizada y los mejores precios para tu negocio.\",\"publisher\":{\"@id\":\"https:\/\/aivlisoft.net\/shop\/#organization\"},\"potentialAction\":[{\"@type\":\"SearchAction\",\"target\":{\"@type\":\"EntryPoint\",\"urlTemplate\":\"https:\/\/aivlisoft.net\/shop\/?s={search_term_string}\"},\"query-input\":{\"@type\":\"PropertyValueSpecification\",\"valueRequired\":true,\"valueName\":\"search_term_string\"}}],\"inLanguage\":\"es\"},{\"@type\":\"Organization\",\"@id\":\"https:\/\/aivlisoft.net\/shop\/#organization\",\"name\":\"Aivlisoft Inform\u00e1tica\",\"url\":\"https:\/\/aivlisoft.net\/shop\/\",\"logo\":{\"@type\":\"ImageObject\",\"inLanguage\":\"es\",\"@id\":\"https:\/\/aivlisoft.net\/shop\/#\/schema\/logo\/image\/\",\"url\":\"https:\/\/aivlisoft.net\/shop\/wp-content\/uploads\/2024\/12\/removal.ai_5b848c54-0cdf-4140-95c5-c5536bb7573b-logodef.png\",\"contentUrl\":\"https:\/\/aivlisoft.net\/shop\/wp-content\/uploads\/2024\/12\/removal.ai_5b848c54-0cdf-4140-95c5-c5536bb7573b-logodef.png\",\"width\":484,\"height\":182,\"caption\":\"Aivlisoft Inform\u00e1tica\"},\"image\":{\"@id\":\"https:\/\/aivlisoft.net\/shop\/#\/schema\/logo\/image\/\"}}]}<\/script>\n<!-- \/ Yoast SEO plugin. -->","yoast_head_json":{"title":"BenQ TH685P 3500LM REMOVED I\/O PORTS: PC IN - Aivlisoft Inform\u00e1tica","robots":{"index":"index","follow":"follow","max-snippet":"max-snippet:-1","max-image-preview":"max-image-preview:large","max-video-preview":"max-video-preview:-1"},"canonical":"https:\/\/aivlisoft.net\/shop\/producto\/benq-th685p-3500lm-removed-i-o-ports-pc-in\/","og_locale":"es_ES","og_type":"article","og_title":"BenQ TH685P 3500LM REMOVED I\/O PORTS: PC IN - Aivlisoft Inform\u00e1tica","og_description":"Marca BenQ Modelo 9H.JL877.14E Imagen &#8211; Brillo (l&uacute;menes ANSI): 3500 &#8211; Resoluci&oacute;n: 1080P (1920&#215;1080) &#8211; Relaci&oacute;n de aspecto nativa: 16:9 &#8211; Relaci&oacute;n de contraste (FOFO): 10,000:1 &#8211; Color de pantalla: 30 bits (1070 millones de colores) &#8211; Fuente de luz: Lamp &#8211; Vida de la fuente de luz: a. Normal 4000 hrs, c. SmartEco 8000&hellip;&nbsp;BenQ TH685P 3500LM REMOVED I\/O PORTS: PC IN","og_url":"https:\/\/aivlisoft.net\/shop\/producto\/benq-th685p-3500lm-removed-i-o-ports-pc-in\/","og_site_name":"Aivlisoft Inform\u00e1tica","article_modified_time":"2025-01-14T20:37:46+00:00","twitter_card":"summary_large_image","twitter_misc":{"Tiempo de lectura":"1 minuto"},"schema":{"@context":"https:\/\/schema.org","@graph":[{"@type":"WebPage","@id":"https:\/\/aivlisoft.net\/shop\/producto\/benq-th685p-3500lm-removed-i-o-ports-pc-in\/","url":"https:\/\/aivlisoft.net\/shop\/producto\/benq-th685p-3500lm-removed-i-o-ports-pc-in\/","name":"BenQ TH685P 3500LM REMOVED I\/O PORTS: PC IN - Aivlisoft Inform\u00e1tica","isPartOf":{"@id":"https:\/\/aivlisoft.net\/shop\/#website"},"datePublished":"2025-01-13T15:08:52+00:00","dateModified":"2025-01-14T20:37:46+00:00","breadcrumb":{"@id":"https:\/\/aivlisoft.net\/shop\/producto\/benq-th685p-3500lm-removed-i-o-ports-pc-in\/#breadcrumb"},"inLanguage":"es","potentialAction":[{"@type":"ReadAction","target":["https:\/\/aivlisoft.net\/shop\/producto\/benq-th685p-3500lm-removed-i-o-ports-pc-in\/"]}]},{"@type":"BreadcrumbList","@id":"https:\/\/aivlisoft.net\/shop\/producto\/benq-th685p-3500lm-removed-i-o-ports-pc-in\/#breadcrumb","itemListElement":[{"@type":"ListItem","position":1,"name":"Portada","item":"https:\/\/aivlisoft.net\/shop\/"},{"@type":"ListItem","position":2,"name":"Tienda","item":"https:\/\/aivlisoft.net\/shop\/tienda\/"},{"@type":"ListItem","position":3,"name":"BenQ TH685P 3500LM REMOVED I\/O PORTS: PC IN"}]},{"@type":"WebSite","@id":"https:\/\/aivlisoft.net\/shop\/#website","url":"https:\/\/aivlisoft.net\/shop\/","name":"Aivlisoft Inform\u00e1tica","description":"En Aivlisoft Inform\u00e1tica ofrecemos soluciones tecnol\u00f3gicas para empresas: venta de ordenadores, consumibles, perif\u00e9ricos y m\u00e1s. Calidad, atenci\u00f3n personalizada y los mejores precios para tu negocio.","publisher":{"@id":"https:\/\/aivlisoft.net\/shop\/#organization"},"potentialAction":[{"@type":"SearchAction","target":{"@type":"EntryPoint","urlTemplate":"https:\/\/aivlisoft.net\/shop\/?s={search_term_string}"},"query-input":{"@type":"PropertyValueSpecification","valueRequired":true,"valueName":"search_term_string"}}],"inLanguage":"es"},{"@type":"Organization","@id":"https:\/\/aivlisoft.net\/shop\/#organization","name":"Aivlisoft Inform\u00e1tica","url":"https:\/\/aivlisoft.net\/shop\/","logo":{"@type":"ImageObject","inLanguage":"es","@id":"https:\/\/aivlisoft.net\/shop\/#\/schema\/logo\/image\/","url":"https:\/\/aivlisoft.net\/shop\/wp-content\/uploads\/2024\/12\/removal.ai_5b848c54-0cdf-4140-95c5-c5536bb7573b-logodef.png","contentUrl":"https:\/\/aivlisoft.net\/shop\/wp-content\/uploads\/2024\/12\/removal.ai_5b848c54-0cdf-4140-95c5-c5536bb7573b-logodef.png","width":484,"height":182,"caption":"Aivlisoft Inform\u00e1tica"},"image":{"@id":"https:\/\/aivlisoft.net\/shop\/#\/schema\/logo\/image\/"}}]}},"_links":{"self":[{"href":"https:\/\/aivlisoft.net\/shop\/wp-json\/wp\/v2\/product\/17104","targetHints":{"allow":["GET"]}}],"collection":[{"href":"https:\/\/aivlisoft.net\/shop\/wp-json\/wp\/v2\/product"}],"about":[{"href":"https:\/\/aivlisoft.net\/shop\/wp-json\/wp\/v2\/types\/product"}],"wp:attachment":[{"href":"https:\/\/aivlisoft.net\/shop\/wp-json\/wp\/v2\/media?parent=17104"}],"wp:term":[{"taxonomy":"product_brand","embeddable":true,"href":"https:\/\/aivlisoft.net\/shop\/wp-json\/wp\/v2\/product_brand?post=17104"},{"taxonomy":"product_cat","embeddable":true,"href":"https:\/\/aivlisoft.net\/shop\/wp-json\/wp\/v2\/product_cat?post=17104"},{"taxonomy":"product_tag","embeddable":true,"href":"https:\/\/aivlisoft.net\/shop\/wp-json\/wp\/v2\/product_tag?post=17104"}],"curies":[{"name":"wp","href":"https:\/\/api.w.org\/{rel}","templated":true}]}}