{"id":17091,"date":"2025-01-13T15:08:40","date_gmt":"2025-01-13T15:08:40","guid":{"rendered":"https:\/\/aivlisoft.com\/?post_type=product&#038;p=17091"},"modified":"2025-01-14T20:37:50","modified_gmt":"2025-01-14T20:37:50","slug":"iggual-mini-proyector-mp1080p-hdmi-wifi-bt-android","status":"publish","type":"product","link":"https:\/\/aivlisoft.net\/shop\/producto\/iggual-mini-proyector-mp1080p-hdmi-wifi-bt-android\/","title":{"rendered":"iggual Mini proyector MP1080p HDMI WiFi BT Android"},"content":{"rendered":"<p><\/p>\n<table class=\"tabla_caracteristicas\" width=\"100%\">\n<tr>\n<td valign=\"top\"><strong>Marca<\/strong><\/td>\n<td>iggual<\/td>\n<\/tr>\n<tr>\n<td valign=\"top\"><strong>Modelo<\/strong><\/td>\n<td><strong>IGG319208<\/strong><\/td>\n<\/tr>\n<tr>\n<td valign=\"top\"><strong>Caracter&iacute;sticas<\/strong><\/td>\n<td>&#8211; Resoluci&oacute;n: 1920&#215;1080 px<br \/>\t\t\t&#8211; Formato: 16:9<br \/>\t\t\t&#8211; 4 modos de proyecci&oacute;n<br \/>\t\t\t&#8211; Tama&ntilde;os de proyecci&oacute;n: 30&#8243;-150&#8243;<br \/>\t\t\t&#8211; Distancia de proyecci&oacute;n: 1,2-4 m (1,68 m &oacute;ptima)<br \/>\t\t\t&#8211; Contraste: 2000:1<br \/>\t\t\t&#8211; Brillo: 300 ANSI<br \/>\t\t\t&#8211; Temperatura de color: 8000K<br \/>\t\t\t&#8211; Enfoque manual<br \/>\t\t\t&#8211; 180&ordm; pivotante para proyectar en techo o pared<br \/>\t\t\t&#8211; Correcci&oacute;n de imagen vertical &plusmn;40&ordm;<br \/>\t\t\t&#8211; Memoria: 1 GB RAM \/ 8 GB SSD<br \/>\t\t\t&#8211; Nivel sonoro (ventilador): 35 dB (m&aacute;x)<br \/>\t\t\t&#8211; Corriente de entrada: AC 100-240V \/ 50-60Hz<br \/>\t\t\t&#8211; Consumo: 60W (m&aacute;x)<br \/>\t\t\t&#8211; Altavoz interno 3W<br \/>\t\t\t&#8211; Conexiones (puertos entrada \/ salida):<br \/>\t\t\t&nbsp; 1 x HDMI<br \/>\t\t\t&nbsp; 1 x USB 2.0<br \/>\t\t\t&nbsp; 1 x mini jack 3.5 mm<br \/>\t\t\t&#8211; Conexiones inal&aacute;mbricas:<br \/>\t\t\t&nbsp; WiFi 6<br \/>\t\t\t&nbsp; Bluetooth 5.0<br \/>\t\t\t&#8211; SO interno: Android 11<br \/>\t\t\t&#8211; Compatible con: Miracast, AirPlay, AirPin Pro<br \/>\t\t\t&#8211; Mando de control remoto incluido<br \/>\t\t\t&#8211; Formatos soportados:<br \/>\t\t\t&nbsp; V&iacute;deo: full-format (HEVC\/VP9\/AVS2\/AVC 4K@30fps, MPEG1\/MPEG2\/AV1 1080p\/60fps)<br \/>\t\t\t&nbsp; Audio: MP3, WMA, ACC<br \/>\t\t\t&nbsp; Imagen: JPG, BMP, PNG<br \/>\t\t\t&#8211; Tama&ntilde;o:<br \/>\t\t\t&nbsp; Proyector: 9,7 x 10 cm x 18,8 cm longitud<br \/>\t\t\t&nbsp; Base: 10,4 x 10,4 cm<br \/>\t\t\t&#8211; Peso: 910 g<br \/>\t\t\t&#8211; Color: negro<\/td>\n<\/tr>\n<tr>\n<td valign=\"top\"><strong>Ficha T&eacute;cnica<\/strong><\/td>\n<td><a href=\"https:\/\/contenidos.infortisa.com\/resource\/2023\/iggual\/240529-Ficha-Tecnica-Proyector-IGG319208-trzd-6-2.pdf\" rel=\"noopener nofollow noreferrer\" target=\"_blank\">Descarga PDF <\/a><\/td>\n<\/tr>\n<tr>\n<td valign=\"top\"><strong>Gu&iacute;a de intalaci&oacute;n<\/strong><\/td>\n<td><a href=\"https:\/\/contenidos.infortisa.com\/resource\/2023\/iggual\/240403-Manual-Mini-Proyector-1080p-trzd-1.pdf\" rel=\"noopener nofollow noreferrer\" target=\"_blank\">Descarga PDF <\/a><\/td>\n<\/tr>\n<tr>\n<td valign=\"top\"><strong>Fecha de revisi&oacute;n<\/strong><\/td>\n<td>25-06-2024 por RTY<\/td>\n<\/tr>\n<\/table>\n","protected":false},"excerpt":{"rendered":"<p>Marca iggual Modelo IGG319208 Caracter&iacute;sticas &#8211; Resoluci&oacute;n: 1920&#215;1080 px &#8211; Formato: 16:9 &#8211; 4 modos de proyecci&oacute;n &#8211; Tama&ntilde;os de proyecci&oacute;n: 30&#8243;-150&#8243; &#8211; Distancia de proyecci&oacute;n: 1,2-4 m (1,68 m &oacute;ptima) &#8211; Contraste: 2000:1 &#8211; Brillo: 300 ANSI &#8211; Temperatura de color: 8000K &#8211; Enfoque manual &#8211; 180&ordm; pivotante para proyectar en techo o pared&hellip;&nbsp;<a href=\"https:\/\/aivlisoft.net\/shop\/producto\/iggual-mini-proyector-mp1080p-hdmi-wifi-bt-android\/\" rel=\"bookmark\"><span class=\"screen-reader-text\">iggual Mini proyector MP1080p HDMI WiFi BT Android<\/span><\/a><\/p>\n","protected":false},"featured_media":17092,"template":"","meta":{"neve_meta_sidebar":"","neve_meta_container":"","neve_meta_enable_content_width":"","neve_meta_content_width":0,"neve_meta_title_alignment":"","neve_meta_author_avatar":"","neve_post_elements_order":"","neve_meta_disable_header":"","neve_meta_disable_footer":"","neve_meta_disable_title":""},"product_brand":[],"product_cat":[15,8691,719],"product_tag":[6297],"class_list":{"0":"post-17091","1":"product","2":"type-product","3":"status-publish","4":"has-post-thumbnail","6":"product_cat-sin-categorizar","7":"product_cat-accesorios-proyector-pantalla","8":"product_cat-accesorios-proyectores","9":"product_tag-igg319208","11":"first","12":"instock","13":"taxable","14":"shipping-taxable","15":"purchasable","16":"product-type-simple"},"yoast_head":"<!-- This site is optimized with the Yoast SEO plugin v26.0 - https:\/\/yoast.com\/wordpress\/plugins\/seo\/ -->\n<title>iggual Mini proyector MP1080p HDMI WiFi BT Android - Aivlisoft Inform\u00e1tica<\/title>\n<meta name=\"robots\" content=\"index, follow, max-snippet:-1, max-image-preview:large, max-video-preview:-1\" \/>\n<link rel=\"canonical\" href=\"https:\/\/aivlisoft.net\/shop\/producto\/iggual-mini-proyector-mp1080p-hdmi-wifi-bt-android\/\" \/>\n<meta property=\"og:locale\" content=\"es_ES\" \/>\n<meta property=\"og:type\" content=\"article\" \/>\n<meta property=\"og:title\" content=\"iggual Mini proyector MP1080p HDMI WiFi BT Android - Aivlisoft Inform\u00e1tica\" \/>\n<meta property=\"og:description\" content=\"Marca iggual Modelo IGG319208 Caracter&iacute;sticas &#8211; Resoluci&oacute;n: 1920&#215;1080 px &#8211; Formato: 16:9 &#8211; 4 modos de proyecci&oacute;n &#8211; Tama&ntilde;os de proyecci&oacute;n: 30&#8243;-150&#8243; &#8211; Distancia de proyecci&oacute;n: 1,2-4 m (1,68 m &oacute;ptima) &#8211; Contraste: 2000:1 &#8211; Brillo: 300 ANSI &#8211; Temperatura de color: 8000K &#8211; Enfoque manual &#8211; 180&ordm; pivotante para proyectar en techo o pared&hellip;&nbsp;iggual Mini proyector MP1080p HDMI WiFi BT Android\" \/>\n<meta property=\"og:url\" content=\"https:\/\/aivlisoft.net\/shop\/producto\/iggual-mini-proyector-mp1080p-hdmi-wifi-bt-android\/\" \/>\n<meta property=\"og:site_name\" content=\"Aivlisoft Inform\u00e1tica\" \/>\n<meta property=\"article:modified_time\" content=\"2025-01-14T20:37:50+00:00\" \/>\n<meta property=\"og:image\" content=\"https:\/\/aivlisoft.net\/shop\/wp-content\/uploads\/2025\/01\/MPRPRY0544_800.jpg\" \/>\n\t<meta property=\"og:image:width\" content=\"800\" \/>\n\t<meta property=\"og:image:height\" content=\"800\" \/>\n\t<meta property=\"og:image:type\" content=\"image\/jpeg\" \/>\n<meta name=\"twitter:card\" content=\"summary_large_image\" \/>\n<meta name=\"twitter:label1\" content=\"Tiempo de lectura\" \/>\n\t<meta name=\"twitter:data1\" content=\"1 minuto\" \/>\n<script type=\"application\/ld+json\" class=\"yoast-schema-graph\">{\"@context\":\"https:\/\/schema.org\",\"@graph\":[{\"@type\":\"WebPage\",\"@id\":\"https:\/\/aivlisoft.net\/shop\/producto\/iggual-mini-proyector-mp1080p-hdmi-wifi-bt-android\/\",\"url\":\"https:\/\/aivlisoft.net\/shop\/producto\/iggual-mini-proyector-mp1080p-hdmi-wifi-bt-android\/\",\"name\":\"iggual Mini proyector MP1080p HDMI WiFi BT Android - Aivlisoft Inform\u00e1tica\",\"isPartOf\":{\"@id\":\"https:\/\/aivlisoft.net\/shop\/#website\"},\"primaryImageOfPage\":{\"@id\":\"https:\/\/aivlisoft.net\/shop\/producto\/iggual-mini-proyector-mp1080p-hdmi-wifi-bt-android\/#primaryimage\"},\"image\":{\"@id\":\"https:\/\/aivlisoft.net\/shop\/producto\/iggual-mini-proyector-mp1080p-hdmi-wifi-bt-android\/#primaryimage\"},\"thumbnailUrl\":\"https:\/\/aivlisoft.net\/shop\/wp-content\/uploads\/2025\/01\/MPRPRY0544_800.jpg\",\"datePublished\":\"2025-01-13T15:08:40+00:00\",\"dateModified\":\"2025-01-14T20:37:50+00:00\",\"breadcrumb\":{\"@id\":\"https:\/\/aivlisoft.net\/shop\/producto\/iggual-mini-proyector-mp1080p-hdmi-wifi-bt-android\/#breadcrumb\"},\"inLanguage\":\"es\",\"potentialAction\":[{\"@type\":\"ReadAction\",\"target\":[\"https:\/\/aivlisoft.net\/shop\/producto\/iggual-mini-proyector-mp1080p-hdmi-wifi-bt-android\/\"]}]},{\"@type\":\"ImageObject\",\"inLanguage\":\"es\",\"@id\":\"https:\/\/aivlisoft.net\/shop\/producto\/iggual-mini-proyector-mp1080p-hdmi-wifi-bt-android\/#primaryimage\",\"url\":\"https:\/\/aivlisoft.net\/shop\/wp-content\/uploads\/2025\/01\/MPRPRY0544_800.jpg\",\"contentUrl\":\"https:\/\/aivlisoft.net\/shop\/wp-content\/uploads\/2025\/01\/MPRPRY0544_800.jpg\",\"width\":800,\"height\":800},{\"@type\":\"BreadcrumbList\",\"@id\":\"https:\/\/aivlisoft.net\/shop\/producto\/iggual-mini-proyector-mp1080p-hdmi-wifi-bt-android\/#breadcrumb\",\"itemListElement\":[{\"@type\":\"ListItem\",\"position\":1,\"name\":\"Portada\",\"item\":\"https:\/\/aivlisoft.net\/shop\/\"},{\"@type\":\"ListItem\",\"position\":2,\"name\":\"Tienda\",\"item\":\"https:\/\/aivlisoft.net\/shop\/tienda\/\"},{\"@type\":\"ListItem\",\"position\":3,\"name\":\"iggual Mini proyector MP1080p HDMI WiFi BT Android\"}]},{\"@type\":\"WebSite\",\"@id\":\"https:\/\/aivlisoft.net\/shop\/#website\",\"url\":\"https:\/\/aivlisoft.net\/shop\/\",\"name\":\"Aivlisoft Inform\u00e1tica\",\"description\":\"En Aivlisoft Inform\u00e1tica ofrecemos soluciones tecnol\u00f3gicas para empresas: venta de ordenadores, consumibles, perif\u00e9ricos y m\u00e1s. Calidad, atenci\u00f3n personalizada y los mejores precios para tu negocio.\",\"publisher\":{\"@id\":\"https:\/\/aivlisoft.net\/shop\/#organization\"},\"potentialAction\":[{\"@type\":\"SearchAction\",\"target\":{\"@type\":\"EntryPoint\",\"urlTemplate\":\"https:\/\/aivlisoft.net\/shop\/?s={search_term_string}\"},\"query-input\":{\"@type\":\"PropertyValueSpecification\",\"valueRequired\":true,\"valueName\":\"search_term_string\"}}],\"inLanguage\":\"es\"},{\"@type\":\"Organization\",\"@id\":\"https:\/\/aivlisoft.net\/shop\/#organization\",\"name\":\"Aivlisoft Inform\u00e1tica\",\"url\":\"https:\/\/aivlisoft.net\/shop\/\",\"logo\":{\"@type\":\"ImageObject\",\"inLanguage\":\"es\",\"@id\":\"https:\/\/aivlisoft.net\/shop\/#\/schema\/logo\/image\/\",\"url\":\"https:\/\/aivlisoft.net\/shop\/wp-content\/uploads\/2024\/12\/removal.ai_5b848c54-0cdf-4140-95c5-c5536bb7573b-logodef.png\",\"contentUrl\":\"https:\/\/aivlisoft.net\/shop\/wp-content\/uploads\/2024\/12\/removal.ai_5b848c54-0cdf-4140-95c5-c5536bb7573b-logodef.png\",\"width\":484,\"height\":182,\"caption\":\"Aivlisoft Inform\u00e1tica\"},\"image\":{\"@id\":\"https:\/\/aivlisoft.net\/shop\/#\/schema\/logo\/image\/\"}}]}<\/script>\n<!-- \/ Yoast SEO plugin. -->","yoast_head_json":{"title":"iggual Mini proyector MP1080p HDMI WiFi BT Android - Aivlisoft Inform\u00e1tica","robots":{"index":"index","follow":"follow","max-snippet":"max-snippet:-1","max-image-preview":"max-image-preview:large","max-video-preview":"max-video-preview:-1"},"canonical":"https:\/\/aivlisoft.net\/shop\/producto\/iggual-mini-proyector-mp1080p-hdmi-wifi-bt-android\/","og_locale":"es_ES","og_type":"article","og_title":"iggual Mini proyector MP1080p HDMI WiFi BT Android - Aivlisoft Inform\u00e1tica","og_description":"Marca iggual Modelo IGG319208 Caracter&iacute;sticas &#8211; Resoluci&oacute;n: 1920&#215;1080 px &#8211; Formato: 16:9 &#8211; 4 modos de proyecci&oacute;n &#8211; Tama&ntilde;os de proyecci&oacute;n: 30&#8243;-150&#8243; &#8211; Distancia de proyecci&oacute;n: 1,2-4 m (1,68 m &oacute;ptima) &#8211; Contraste: 2000:1 &#8211; Brillo: 300 ANSI &#8211; Temperatura de color: 8000K &#8211; Enfoque manual &#8211; 180&ordm; pivotante para proyectar en techo o pared&hellip;&nbsp;iggual Mini proyector MP1080p HDMI WiFi BT Android","og_url":"https:\/\/aivlisoft.net\/shop\/producto\/iggual-mini-proyector-mp1080p-hdmi-wifi-bt-android\/","og_site_name":"Aivlisoft Inform\u00e1tica","article_modified_time":"2025-01-14T20:37:50+00:00","og_image":[{"width":800,"height":800,"url":"https:\/\/aivlisoft.net\/shop\/wp-content\/uploads\/2025\/01\/MPRPRY0544_800.jpg","type":"image\/jpeg"}],"twitter_card":"summary_large_image","twitter_misc":{"Tiempo de lectura":"1 minuto"},"schema":{"@context":"https:\/\/schema.org","@graph":[{"@type":"WebPage","@id":"https:\/\/aivlisoft.net\/shop\/producto\/iggual-mini-proyector-mp1080p-hdmi-wifi-bt-android\/","url":"https:\/\/aivlisoft.net\/shop\/producto\/iggual-mini-proyector-mp1080p-hdmi-wifi-bt-android\/","name":"iggual Mini proyector MP1080p HDMI WiFi BT Android - Aivlisoft Inform\u00e1tica","isPartOf":{"@id":"https:\/\/aivlisoft.net\/shop\/#website"},"primaryImageOfPage":{"@id":"https:\/\/aivlisoft.net\/shop\/producto\/iggual-mini-proyector-mp1080p-hdmi-wifi-bt-android\/#primaryimage"},"image":{"@id":"https:\/\/aivlisoft.net\/shop\/producto\/iggual-mini-proyector-mp1080p-hdmi-wifi-bt-android\/#primaryimage"},"thumbnailUrl":"https:\/\/aivlisoft.net\/shop\/wp-content\/uploads\/2025\/01\/MPRPRY0544_800.jpg","datePublished":"2025-01-13T15:08:40+00:00","dateModified":"2025-01-14T20:37:50+00:00","breadcrumb":{"@id":"https:\/\/aivlisoft.net\/shop\/producto\/iggual-mini-proyector-mp1080p-hdmi-wifi-bt-android\/#breadcrumb"},"inLanguage":"es","potentialAction":[{"@type":"ReadAction","target":["https:\/\/aivlisoft.net\/shop\/producto\/iggual-mini-proyector-mp1080p-hdmi-wifi-bt-android\/"]}]},{"@type":"ImageObject","inLanguage":"es","@id":"https:\/\/aivlisoft.net\/shop\/producto\/iggual-mini-proyector-mp1080p-hdmi-wifi-bt-android\/#primaryimage","url":"https:\/\/aivlisoft.net\/shop\/wp-content\/uploads\/2025\/01\/MPRPRY0544_800.jpg","contentUrl":"https:\/\/aivlisoft.net\/shop\/wp-content\/uploads\/2025\/01\/MPRPRY0544_800.jpg","width":800,"height":800},{"@type":"BreadcrumbList","@id":"https:\/\/aivlisoft.net\/shop\/producto\/iggual-mini-proyector-mp1080p-hdmi-wifi-bt-android\/#breadcrumb","itemListElement":[{"@type":"ListItem","position":1,"name":"Portada","item":"https:\/\/aivlisoft.net\/shop\/"},{"@type":"ListItem","position":2,"name":"Tienda","item":"https:\/\/aivlisoft.net\/shop\/tienda\/"},{"@type":"ListItem","position":3,"name":"iggual Mini proyector MP1080p HDMI WiFi BT Android"}]},{"@type":"WebSite","@id":"https:\/\/aivlisoft.net\/shop\/#website","url":"https:\/\/aivlisoft.net\/shop\/","name":"Aivlisoft Inform\u00e1tica","description":"En Aivlisoft Inform\u00e1tica ofrecemos soluciones tecnol\u00f3gicas para empresas: venta de ordenadores, consumibles, perif\u00e9ricos y m\u00e1s. Calidad, atenci\u00f3n personalizada y los mejores precios para tu negocio.","publisher":{"@id":"https:\/\/aivlisoft.net\/shop\/#organization"},"potentialAction":[{"@type":"SearchAction","target":{"@type":"EntryPoint","urlTemplate":"https:\/\/aivlisoft.net\/shop\/?s={search_term_string}"},"query-input":{"@type":"PropertyValueSpecification","valueRequired":true,"valueName":"search_term_string"}}],"inLanguage":"es"},{"@type":"Organization","@id":"https:\/\/aivlisoft.net\/shop\/#organization","name":"Aivlisoft Inform\u00e1tica","url":"https:\/\/aivlisoft.net\/shop\/","logo":{"@type":"ImageObject","inLanguage":"es","@id":"https:\/\/aivlisoft.net\/shop\/#\/schema\/logo\/image\/","url":"https:\/\/aivlisoft.net\/shop\/wp-content\/uploads\/2024\/12\/removal.ai_5b848c54-0cdf-4140-95c5-c5536bb7573b-logodef.png","contentUrl":"https:\/\/aivlisoft.net\/shop\/wp-content\/uploads\/2024\/12\/removal.ai_5b848c54-0cdf-4140-95c5-c5536bb7573b-logodef.png","width":484,"height":182,"caption":"Aivlisoft Inform\u00e1tica"},"image":{"@id":"https:\/\/aivlisoft.net\/shop\/#\/schema\/logo\/image\/"}}]}},"_links":{"self":[{"href":"https:\/\/aivlisoft.net\/shop\/wp-json\/wp\/v2\/product\/17091","targetHints":{"allow":["GET"]}}],"collection":[{"href":"https:\/\/aivlisoft.net\/shop\/wp-json\/wp\/v2\/product"}],"about":[{"href":"https:\/\/aivlisoft.net\/shop\/wp-json\/wp\/v2\/types\/product"}],"wp:featuredmedia":[{"embeddable":true,"href":"https:\/\/aivlisoft.net\/shop\/wp-json\/wp\/v2\/media\/17092"}],"wp:attachment":[{"href":"https:\/\/aivlisoft.net\/shop\/wp-json\/wp\/v2\/media?parent=17091"}],"wp:term":[{"taxonomy":"product_brand","embeddable":true,"href":"https:\/\/aivlisoft.net\/shop\/wp-json\/wp\/v2\/product_brand?post=17091"},{"taxonomy":"product_cat","embeddable":true,"href":"https:\/\/aivlisoft.net\/shop\/wp-json\/wp\/v2\/product_cat?post=17091"},{"taxonomy":"product_tag","embeddable":true,"href":"https:\/\/aivlisoft.net\/shop\/wp-json\/wp\/v2\/product_tag?post=17091"}],"curies":[{"name":"wp","href":"https:\/\/api.w.org\/{rel}","templated":true}]}}