{"id":17071,"date":"2025-01-13T15:08:28","date_gmt":"2025-01-13T15:08:28","guid":{"rendered":"https:\/\/aivlisoft.com\/?post_type=product&#038;p=17071"},"modified":"2025-01-14T20:37:53","modified_gmt":"2025-01-14T20:37:53","slug":"benq-mw560-3-years-pur","status":"publish","type":"product","link":"https:\/\/aivlisoft.net\/shop\/producto\/benq-mw560-3-years-pur\/","title":{"rendered":"BenQ MW560 3 YEARS PUR"},"content":{"rendered":"<p><\/p>\n<table class=\"tabla_caracteristicas k-table\" width=\"100%\">\n<tr>\n<td><strong>Marca<\/strong><\/td>\n<td>BenQ<\/td>\n<\/tr>\n<tr>\n<td><strong>Modelo<\/strong><\/td>\n<td><strong>9H.JNF77.1JE<\/strong><\/td>\n<\/tr>\n<tr>\n<td><strong>Imagen<\/strong><\/td>\n<td>&#8211; Compatibilidad de tama&ntilde;o de pantalla: 1524 &#8211; 3810 mm (60 &#8211; 150&#8243;)<br \/>\t\t\t&#8211; Brillo (l&uacute;menes ANSI): <strong>4000 <\/strong> l&uacute;menes ANSI<br \/>\t\t\t&#8211; Tecnolog&iacute;a de proyecci&oacute;n: DLP<br \/>\t\t\t&#8211; Resoluci&oacute;n original del proyector: WXGA (1280&#215;800)<br \/>\t\t\t&#8211; Raz&oacute;n de contraste (t&iacute;pica): 20000:1<br \/>\t\t\t&#8211; Relaci&oacute;n de aspecto nativa: 16:9<br \/>\t\t\t&#8211; N&uacute;mero de colores: 1,073 billones de colores<br \/>\t\t\t&#8211; Intervalo de escaneado horizontal: 15 &#8211; 102 kHz<br \/>\t\t\t&#8211; Intervalo de escaneado vertical: 23 &#8211; 120 Hz<br \/>\t\t\t&#8211; Tipo de fuente luminosa: L&aacute;mpara<br \/>\t\t\t&#8211; Duraci&oacute;n de la fuente luminosa: 6000 h<br \/>\t\t\t&#8211; Vida &uacute;til de la fuente luminosa (modo econ&oacute;mico): 10000 h<\/td>\n<\/tr>\n<tr>\n<td><strong>Conexiones<\/strong><\/td>\n<td>&#8211; 1 x Entrada de S-Video<br \/>\t\t\t&#8211; 1 x puertos USB 2.0<br \/>\t\t\t&#8211; Entrada de audio (L,R): 1<br \/>\t\t\t&#8211; Entrada de audio para PC<br \/>\t\t\t&#8211; Salida de audio para PC<br \/>\t\t\t&#8211; 1 x&nbsp; puertos VGA (D-Sub)<br \/>\t\t\t&#8211; 2 x&nbsp; puertos HDMI<br \/>\t\t\t&#8211; 1 x Entrada de video compuesto<br \/>\t\t\t&#8211; 1 x Video componente (YPbPr\/YCbCr) entrada<br \/>\t\t\t&#8211; Enlace de alta definici&oacute;n m&oacute;vil (MHL)<\/td>\n<\/tr>\n<tr>\n<td valign=\"top\"><strong>Otras caracter&iacute;sticas<\/strong><\/td>\n<td><strong>&#8211; <\/strong>Tipo de ranura de bloqueo del cable: Kensington<br \/>\t\t\t<strong>Objetivo<\/strong><br \/>\t\t\t&#8211; Capacidad de zoom: Si<br \/>\t\t\t&#8211; Alcance de zoom: 1.1:1<br \/>\t\t\t&#8211; Relaci&oacute;n de alcance: 1.55 &#8211; 1.7<br \/>\t\t\t&#8211; Compensar: 100%<br \/>\t\t\t<strong>V&iacute;deo<\/strong><br \/>\t\t\t&#8211; Se&ntilde;al anal&oacute;gica: NTSC, PAL, SECAM<br \/>\t\t\t&#8211; 3D<br \/>\t\t\t&#8211; Formatos gr&aacute;ficos soportados: 640 x 480 (VGA), 1920 x 1200 (WUXGA)<br \/>\t\t\t&#8211; Formato de v&iacute;deo soportado: 480i, 480p, 576i, 720p, 1080i, 1080p<br \/>\t\t\t<strong>Sonido<\/strong><br \/>\t\t\t&#8211; 1 x altavoces incorporados<br \/>\t\t\t&#8211; Potencia estimada RMS: 10 W<br \/>\t\t\t&#8211; N&uacute;mero de altavoces incorporados<br \/>\t\t\t<strong>Alimentaci&oacute;n<\/strong><br \/>\t\t\t&#8211; Fuente de energ&iacute;a: Corriente alterna<br \/>\t\t\t&#8211; Consumo energ&eacute;tico: 260 W<br \/>\t\t\t&#8211; Consumo de energ&iacute;a (inactivo): 0,5 W<br \/>\t\t\t&#8211; Consumo de energ&iacute;a (max): 280 W<br \/>\t\t\t&#8211; Consumo (modo de ahorro): 215 W<br \/>\t\t\t&#8211; Voltaje de entrada AC: 100 &#8211; 240 V<br \/>\t\t\t&#8211; Frecuencia de entrada AC: 50 \/ 60 Hz<br \/>\t\t\t<strong>Otros<\/strong><br \/>\t\t\t&#8211; SO integrado: S&iacute;, Android 10.0<br \/>\t\t\t&#8211; Proyecci&oacute;n inal&aacute;mbrica: Google Cast<br \/>\t\t\t&#8211; Cobertura Rec. 709: 96%<br \/>\t\t\t&#8211; Modos de imagen: 3D ,Brillante ,Cine ,Juego ,HDR ,Juego HDR ,HLG ,Sal&oacute;n ,Deporte ,Usuario<br \/>\t\t\t<strong>Dimensiones y peso<\/strong><br \/>\t\t\t&#8211; 296 x 221 x 120 mm<br \/>\t\t\t&#8211; 2,3 kg<\/td>\n<\/tr>\n<tr>\n<td><strong>Fecha de revisi&oacute;n<\/strong><\/td>\n<td>25-07-2023 por RTY<\/td>\n<\/tr>\n<\/table>\n","protected":false},"excerpt":{"rendered":"<p>Marca BenQ Modelo 9H.JNF77.1JE Imagen &#8211; Compatibilidad de tama&ntilde;o de pantalla: 1524 &#8211; 3810 mm (60 &#8211; 150&#8243;) &#8211; Brillo (l&uacute;menes ANSI): 4000 l&uacute;menes ANSI &#8211; Tecnolog&iacute;a de proyecci&oacute;n: DLP &#8211; Resoluci&oacute;n original del proyector: WXGA (1280&#215;800) &#8211; Raz&oacute;n de contraste (t&iacute;pica): 20000:1 &#8211; Relaci&oacute;n de aspecto nativa: 16:9 &#8211; N&uacute;mero de colores: 1,073 billones&hellip;&nbsp;<a href=\"https:\/\/aivlisoft.net\/shop\/producto\/benq-mw560-3-years-pur\/\" rel=\"bookmark\"><span class=\"screen-reader-text\">BenQ MW560 3 YEARS PUR<\/span><\/a><\/p>\n","protected":false},"featured_media":17072,"template":"","meta":{"neve_meta_sidebar":"","neve_meta_container":"","neve_meta_enable_content_width":"","neve_meta_content_width":0,"neve_meta_title_alignment":"","neve_meta_author_avatar":"","neve_post_elements_order":"","neve_meta_disable_header":"","neve_meta_disable_footer":"","neve_meta_disable_title":""},"product_brand":[],"product_cat":[15,8691,719],"product_tag":[6288],"class_list":{"0":"post-17071","1":"product","2":"type-product","3":"status-publish","4":"has-post-thumbnail","6":"product_cat-sin-categorizar","7":"product_cat-accesorios-proyector-pantalla","8":"product_cat-accesorios-proyectores","9":"product_tag-9h-jnf77-1je","11":"first","12":"instock","13":"taxable","14":"shipping-taxable","15":"purchasable","16":"product-type-simple"},"yoast_head":"<!-- This site is optimized with the Yoast SEO plugin v26.0 - https:\/\/yoast.com\/wordpress\/plugins\/seo\/ -->\n<title>BenQ MW560 3 YEARS PUR - Aivlisoft Inform\u00e1tica<\/title>\n<meta name=\"robots\" content=\"index, follow, max-snippet:-1, max-image-preview:large, max-video-preview:-1\" \/>\n<link rel=\"canonical\" href=\"https:\/\/aivlisoft.net\/shop\/producto\/benq-mw560-3-years-pur\/\" \/>\n<meta property=\"og:locale\" content=\"es_ES\" \/>\n<meta property=\"og:type\" content=\"article\" \/>\n<meta property=\"og:title\" content=\"BenQ MW560 3 YEARS PUR - Aivlisoft Inform\u00e1tica\" \/>\n<meta property=\"og:description\" content=\"Marca BenQ Modelo 9H.JNF77.1JE Imagen &#8211; Compatibilidad de tama&ntilde;o de pantalla: 1524 &#8211; 3810 mm (60 &#8211; 150&#8243;) &#8211; Brillo (l&uacute;menes ANSI): 4000 l&uacute;menes ANSI &#8211; Tecnolog&iacute;a de proyecci&oacute;n: DLP &#8211; Resoluci&oacute;n original del proyector: WXGA (1280&#215;800) &#8211; Raz&oacute;n de contraste (t&iacute;pica): 20000:1 &#8211; Relaci&oacute;n de aspecto nativa: 16:9 &#8211; N&uacute;mero de colores: 1,073 billones&hellip;&nbsp;BenQ MW560 3 YEARS PUR\" \/>\n<meta property=\"og:url\" content=\"https:\/\/aivlisoft.net\/shop\/producto\/benq-mw560-3-years-pur\/\" \/>\n<meta property=\"og:site_name\" content=\"Aivlisoft Inform\u00e1tica\" \/>\n<meta property=\"article:modified_time\" content=\"2025-01-14T20:37:53+00:00\" \/>\n<meta property=\"og:image\" content=\"https:\/\/aivlisoft.net\/shop\/wp-content\/uploads\/2025\/01\/MPRPRY0525_800.jpg\" \/>\n\t<meta property=\"og:image:width\" content=\"800\" \/>\n\t<meta property=\"og:image:height\" content=\"800\" \/>\n\t<meta property=\"og:image:type\" content=\"image\/jpeg\" \/>\n<meta name=\"twitter:card\" content=\"summary_large_image\" \/>\n<meta name=\"twitter:label1\" content=\"Tiempo de lectura\" \/>\n\t<meta name=\"twitter:data1\" content=\"2 minutos\" \/>\n<script type=\"application\/ld+json\" class=\"yoast-schema-graph\">{\"@context\":\"https:\/\/schema.org\",\"@graph\":[{\"@type\":\"WebPage\",\"@id\":\"https:\/\/aivlisoft.net\/shop\/producto\/benq-mw560-3-years-pur\/\",\"url\":\"https:\/\/aivlisoft.net\/shop\/producto\/benq-mw560-3-years-pur\/\",\"name\":\"BenQ MW560 3 YEARS PUR - Aivlisoft Inform\u00e1tica\",\"isPartOf\":{\"@id\":\"https:\/\/aivlisoft.net\/shop\/#website\"},\"primaryImageOfPage\":{\"@id\":\"https:\/\/aivlisoft.net\/shop\/producto\/benq-mw560-3-years-pur\/#primaryimage\"},\"image\":{\"@id\":\"https:\/\/aivlisoft.net\/shop\/producto\/benq-mw560-3-years-pur\/#primaryimage\"},\"thumbnailUrl\":\"https:\/\/aivlisoft.net\/shop\/wp-content\/uploads\/2025\/01\/MPRPRY0525_800.jpg\",\"datePublished\":\"2025-01-13T15:08:28+00:00\",\"dateModified\":\"2025-01-14T20:37:53+00:00\",\"breadcrumb\":{\"@id\":\"https:\/\/aivlisoft.net\/shop\/producto\/benq-mw560-3-years-pur\/#breadcrumb\"},\"inLanguage\":\"es\",\"potentialAction\":[{\"@type\":\"ReadAction\",\"target\":[\"https:\/\/aivlisoft.net\/shop\/producto\/benq-mw560-3-years-pur\/\"]}]},{\"@type\":\"ImageObject\",\"inLanguage\":\"es\",\"@id\":\"https:\/\/aivlisoft.net\/shop\/producto\/benq-mw560-3-years-pur\/#primaryimage\",\"url\":\"https:\/\/aivlisoft.net\/shop\/wp-content\/uploads\/2025\/01\/MPRPRY0525_800.jpg\",\"contentUrl\":\"https:\/\/aivlisoft.net\/shop\/wp-content\/uploads\/2025\/01\/MPRPRY0525_800.jpg\",\"width\":800,\"height\":800},{\"@type\":\"BreadcrumbList\",\"@id\":\"https:\/\/aivlisoft.net\/shop\/producto\/benq-mw560-3-years-pur\/#breadcrumb\",\"itemListElement\":[{\"@type\":\"ListItem\",\"position\":1,\"name\":\"Portada\",\"item\":\"https:\/\/aivlisoft.net\/shop\/\"},{\"@type\":\"ListItem\",\"position\":2,\"name\":\"Tienda\",\"item\":\"https:\/\/aivlisoft.net\/shop\/tienda\/\"},{\"@type\":\"ListItem\",\"position\":3,\"name\":\"BenQ MW560 3 YEARS PUR\"}]},{\"@type\":\"WebSite\",\"@id\":\"https:\/\/aivlisoft.net\/shop\/#website\",\"url\":\"https:\/\/aivlisoft.net\/shop\/\",\"name\":\"Aivlisoft Inform\u00e1tica\",\"description\":\"En Aivlisoft Inform\u00e1tica ofrecemos soluciones tecnol\u00f3gicas para empresas: venta de ordenadores, consumibles, perif\u00e9ricos y m\u00e1s. Calidad, atenci\u00f3n personalizada y los mejores precios para tu negocio.\",\"publisher\":{\"@id\":\"https:\/\/aivlisoft.net\/shop\/#organization\"},\"potentialAction\":[{\"@type\":\"SearchAction\",\"target\":{\"@type\":\"EntryPoint\",\"urlTemplate\":\"https:\/\/aivlisoft.net\/shop\/?s={search_term_string}\"},\"query-input\":{\"@type\":\"PropertyValueSpecification\",\"valueRequired\":true,\"valueName\":\"search_term_string\"}}],\"inLanguage\":\"es\"},{\"@type\":\"Organization\",\"@id\":\"https:\/\/aivlisoft.net\/shop\/#organization\",\"name\":\"Aivlisoft Inform\u00e1tica\",\"url\":\"https:\/\/aivlisoft.net\/shop\/\",\"logo\":{\"@type\":\"ImageObject\",\"inLanguage\":\"es\",\"@id\":\"https:\/\/aivlisoft.net\/shop\/#\/schema\/logo\/image\/\",\"url\":\"https:\/\/aivlisoft.net\/shop\/wp-content\/uploads\/2024\/12\/removal.ai_5b848c54-0cdf-4140-95c5-c5536bb7573b-logodef.png\",\"contentUrl\":\"https:\/\/aivlisoft.net\/shop\/wp-content\/uploads\/2024\/12\/removal.ai_5b848c54-0cdf-4140-95c5-c5536bb7573b-logodef.png\",\"width\":484,\"height\":182,\"caption\":\"Aivlisoft Inform\u00e1tica\"},\"image\":{\"@id\":\"https:\/\/aivlisoft.net\/shop\/#\/schema\/logo\/image\/\"}}]}<\/script>\n<!-- \/ Yoast SEO plugin. -->","yoast_head_json":{"title":"BenQ MW560 3 YEARS PUR - Aivlisoft Inform\u00e1tica","robots":{"index":"index","follow":"follow","max-snippet":"max-snippet:-1","max-image-preview":"max-image-preview:large","max-video-preview":"max-video-preview:-1"},"canonical":"https:\/\/aivlisoft.net\/shop\/producto\/benq-mw560-3-years-pur\/","og_locale":"es_ES","og_type":"article","og_title":"BenQ MW560 3 YEARS PUR - Aivlisoft Inform\u00e1tica","og_description":"Marca BenQ Modelo 9H.JNF77.1JE Imagen &#8211; Compatibilidad de tama&ntilde;o de pantalla: 1524 &#8211; 3810 mm (60 &#8211; 150&#8243;) &#8211; Brillo (l&uacute;menes ANSI): 4000 l&uacute;menes ANSI &#8211; Tecnolog&iacute;a de proyecci&oacute;n: DLP &#8211; Resoluci&oacute;n original del proyector: WXGA (1280&#215;800) &#8211; Raz&oacute;n de contraste (t&iacute;pica): 20000:1 &#8211; Relaci&oacute;n de aspecto nativa: 16:9 &#8211; N&uacute;mero de colores: 1,073 billones&hellip;&nbsp;BenQ MW560 3 YEARS PUR","og_url":"https:\/\/aivlisoft.net\/shop\/producto\/benq-mw560-3-years-pur\/","og_site_name":"Aivlisoft Inform\u00e1tica","article_modified_time":"2025-01-14T20:37:53+00:00","og_image":[{"width":800,"height":800,"url":"https:\/\/aivlisoft.net\/shop\/wp-content\/uploads\/2025\/01\/MPRPRY0525_800.jpg","type":"image\/jpeg"}],"twitter_card":"summary_large_image","twitter_misc":{"Tiempo de lectura":"2 minutos"},"schema":{"@context":"https:\/\/schema.org","@graph":[{"@type":"WebPage","@id":"https:\/\/aivlisoft.net\/shop\/producto\/benq-mw560-3-years-pur\/","url":"https:\/\/aivlisoft.net\/shop\/producto\/benq-mw560-3-years-pur\/","name":"BenQ MW560 3 YEARS PUR - Aivlisoft Inform\u00e1tica","isPartOf":{"@id":"https:\/\/aivlisoft.net\/shop\/#website"},"primaryImageOfPage":{"@id":"https:\/\/aivlisoft.net\/shop\/producto\/benq-mw560-3-years-pur\/#primaryimage"},"image":{"@id":"https:\/\/aivlisoft.net\/shop\/producto\/benq-mw560-3-years-pur\/#primaryimage"},"thumbnailUrl":"https:\/\/aivlisoft.net\/shop\/wp-content\/uploads\/2025\/01\/MPRPRY0525_800.jpg","datePublished":"2025-01-13T15:08:28+00:00","dateModified":"2025-01-14T20:37:53+00:00","breadcrumb":{"@id":"https:\/\/aivlisoft.net\/shop\/producto\/benq-mw560-3-years-pur\/#breadcrumb"},"inLanguage":"es","potentialAction":[{"@type":"ReadAction","target":["https:\/\/aivlisoft.net\/shop\/producto\/benq-mw560-3-years-pur\/"]}]},{"@type":"ImageObject","inLanguage":"es","@id":"https:\/\/aivlisoft.net\/shop\/producto\/benq-mw560-3-years-pur\/#primaryimage","url":"https:\/\/aivlisoft.net\/shop\/wp-content\/uploads\/2025\/01\/MPRPRY0525_800.jpg","contentUrl":"https:\/\/aivlisoft.net\/shop\/wp-content\/uploads\/2025\/01\/MPRPRY0525_800.jpg","width":800,"height":800},{"@type":"BreadcrumbList","@id":"https:\/\/aivlisoft.net\/shop\/producto\/benq-mw560-3-years-pur\/#breadcrumb","itemListElement":[{"@type":"ListItem","position":1,"name":"Portada","item":"https:\/\/aivlisoft.net\/shop\/"},{"@type":"ListItem","position":2,"name":"Tienda","item":"https:\/\/aivlisoft.net\/shop\/tienda\/"},{"@type":"ListItem","position":3,"name":"BenQ MW560 3 YEARS PUR"}]},{"@type":"WebSite","@id":"https:\/\/aivlisoft.net\/shop\/#website","url":"https:\/\/aivlisoft.net\/shop\/","name":"Aivlisoft Inform\u00e1tica","description":"En Aivlisoft Inform\u00e1tica ofrecemos soluciones tecnol\u00f3gicas para empresas: venta de ordenadores, consumibles, perif\u00e9ricos y m\u00e1s. Calidad, atenci\u00f3n personalizada y los mejores precios para tu negocio.","publisher":{"@id":"https:\/\/aivlisoft.net\/shop\/#organization"},"potentialAction":[{"@type":"SearchAction","target":{"@type":"EntryPoint","urlTemplate":"https:\/\/aivlisoft.net\/shop\/?s={search_term_string}"},"query-input":{"@type":"PropertyValueSpecification","valueRequired":true,"valueName":"search_term_string"}}],"inLanguage":"es"},{"@type":"Organization","@id":"https:\/\/aivlisoft.net\/shop\/#organization","name":"Aivlisoft Inform\u00e1tica","url":"https:\/\/aivlisoft.net\/shop\/","logo":{"@type":"ImageObject","inLanguage":"es","@id":"https:\/\/aivlisoft.net\/shop\/#\/schema\/logo\/image\/","url":"https:\/\/aivlisoft.net\/shop\/wp-content\/uploads\/2024\/12\/removal.ai_5b848c54-0cdf-4140-95c5-c5536bb7573b-logodef.png","contentUrl":"https:\/\/aivlisoft.net\/shop\/wp-content\/uploads\/2024\/12\/removal.ai_5b848c54-0cdf-4140-95c5-c5536bb7573b-logodef.png","width":484,"height":182,"caption":"Aivlisoft Inform\u00e1tica"},"image":{"@id":"https:\/\/aivlisoft.net\/shop\/#\/schema\/logo\/image\/"}}]}},"_links":{"self":[{"href":"https:\/\/aivlisoft.net\/shop\/wp-json\/wp\/v2\/product\/17071","targetHints":{"allow":["GET"]}}],"collection":[{"href":"https:\/\/aivlisoft.net\/shop\/wp-json\/wp\/v2\/product"}],"about":[{"href":"https:\/\/aivlisoft.net\/shop\/wp-json\/wp\/v2\/types\/product"}],"wp:featuredmedia":[{"embeddable":true,"href":"https:\/\/aivlisoft.net\/shop\/wp-json\/wp\/v2\/media\/17072"}],"wp:attachment":[{"href":"https:\/\/aivlisoft.net\/shop\/wp-json\/wp\/v2\/media?parent=17071"}],"wp:term":[{"taxonomy":"product_brand","embeddable":true,"href":"https:\/\/aivlisoft.net\/shop\/wp-json\/wp\/v2\/product_brand?post=17071"},{"taxonomy":"product_cat","embeddable":true,"href":"https:\/\/aivlisoft.net\/shop\/wp-json\/wp\/v2\/product_cat?post=17071"},{"taxonomy":"product_tag","embeddable":true,"href":"https:\/\/aivlisoft.net\/shop\/wp-json\/wp\/v2\/product_tag?post=17071"}],"curies":[{"name":"wp","href":"https:\/\/api.w.org\/{rel}","templated":true}]}}