{"id":17061,"date":"2025-01-13T15:08:24","date_gmt":"2025-01-13T15:08:24","guid":{"rendered":"https:\/\/aivlisoft.com\/?post_type=product&#038;p=17061"},"modified":"2025-01-14T20:37:54","modified_gmt":"2025-01-14T20:37:54","slug":"optoma-uhd35x-4k-uhd-3600l-vga-2xhdmi","status":"publish","type":"product","link":"https:\/\/aivlisoft.net\/shop\/producto\/optoma-uhd35x-4k-uhd-3600l-vga-2xhdmi\/","title":{"rendered":"Optoma UHD35x 4K UHD 3600L VGA 2xHDMI"},"content":{"rendered":"<p><\/p>\n<table class=\"tabla_caracteristicas k-table\" width=\"100%\">\n<tr>\n<td><strong>Marca<\/strong><\/td>\n<td>Optoma<\/td>\n<\/tr>\n<tr>\n<td><strong>Modelo<\/strong><\/td>\n<td><strong>UHD35x<\/strong><\/td>\n<\/tr>\n<tr>\n<td valign=\"top\"><strong>Tecnolog&iacute;a <\/strong><\/td>\n<td valign=\"top\">&#8211; DLP<\/td>\n<\/tr>\n<tr>\n<td><strong>Imagen<\/strong><\/td>\n<td>&#8211; Brillo: <strong>3.600 lumens<\/strong><br \/>\t\t\t&#8211; Resoluci&oacute;n: UHD (3840&#215;2160)<br \/>\t\t\t&#8211; Ratio de contraste: 1.000.000:1<br \/>\t\t\t&#8211; Relaci&oacute;n de aspecto nativo: 16:9<br \/>\t\t\t&#8211; Ratio de aspecto compatible: 4:3<br \/>\t\t\t&#8211; Correcci&oacute;n Keystone horizontal: +\/-40&deg;<br \/>\t\t\t&#8211; Correci&oacute;n Keystone vertical: +\/-40&deg;<br \/>\t\t\t&#8211; Correcci&oacute;n Keystone vertical autom&aacute;tica<br \/>\t\t\t&#8211; Reproducci&oacute;n de color (millones): 1073.4<br \/>\t\t\t&#8211; Frecuencia de muestreo horizontal: 31 ~ 135Khz<br \/>\t\t\t&#8211; Frecuencia de muestreo vertical: 24 ~ 120Hz<br \/>\t\t\t&#8211; Uniformidad: 80%<br \/>\t\t\t&#8211; Tama&ntilde;o de pantalla: 0.84m ~ 7.62m (33&#8243; ~ 300&#8243;) diagonal<\/td>\n<\/tr>\n<tr>\n<td><strong>L&aacute;mpara<\/strong><\/td>\n<td>&#8211;&nbsp;Fuente de luz: L&aacute;mpara<br \/>\t\t\t&#8211; Vatios l&aacute;mpara: 240<br \/>\t\t\t&#8211; Vida de l&aacute;mpara: 4000 h (Bright), 15000 h (Dynamic), 10000h (Eco)<\/td>\n<\/tr>\n<tr>\n<td><strong>&Oacute;ptica<\/strong><\/td>\n<td>&#8211; Distancia de tiro: 1.5:1 ~ 1.66:1<br \/>\t\t\t&#8211; Distancia de proyecci&oacute;n: 1.21m &#8211; 9.9m<br \/>\t\t\t&#8211; Zoom: 1.1<br \/>\t\t\t&#8211; Tipo de zoom: Manual<br \/>\t\t\t&#8211; Distancia focal: 15.84 mm~17.42mm\/0.624&#8243;~0.686&#8243;<br \/>\t\t\t&#8211; Lenshift: Vertical +0%<br \/>\t\t\t&#8211; Offset nativo: 105%<\/td>\n<\/tr>\n<tr>\n<td><strong>Conexiones<\/strong><\/td>\n<td><strong>Inputs<\/strong>:<br \/>\t\t\t&#8211; 2 x HDMI 2.0<br \/>\t\t\t<strong>Outputs:<\/strong><br \/>\t\t\t&#8211; 1 x Audio 3.5mm<br \/>\t\t\t&#8211; 1 x S\/PDIF<br \/>\t\t\t&#8211; 1 x Alimentaci&oacute;n USB-A 1.5A<br \/>\t\t\t<strong>Control<br \/>\t\t\t&#8211; <\/strong> 1 x RS232<br \/>\t\t\t&#8211; 1 x 12V trigger<\/td>\n<\/tr>\n<tr>\n<td valign=\"top\"><strong>Otras caracter&iacute;sticas<\/strong><\/td>\n<td><strong>Alimentaci&oacute;n<\/strong><br \/>\t\t\t&#8211; Fuente de alimentaci&oacute;n: 100 ~ 240V, 50 ~ 60Hz<br \/>\t\t\t&#8211; Consumo energ&eacute;tico (standby): 0.5W<br \/>\t\t\t&#8211; Consumo energ&eacute;tico ( m&iacute;n.): 220W<br \/>\t\t\t&#8211; Consumo energ&eacute;tico ( m&aacute;x.): 305W<br \/>\t\t\t<strong>Otros<\/strong><br \/>\t\t\t&#8211; Nivel sonoro (tipico): 26dB<br \/>\t\t\t&#8211; Nivel sonoro (max): 28dB<br \/>\t\t\t&#8211; Compatibilidad PC: UHD, WQHD, WUXGA, FHD, UXGA, SXGA, WXGA, HD, XGA, SVGA, VGA, Mac<br \/>\t\t\t&#8211; Compatibilidad 2D: 480i\/p, 576i\/p, 720p(50\/60Hz), 1080i(50\/60Hz), 1080p(50\/60Hz), 2160p(50\/60Hz)<br \/>\t\t\t&#8211; Compatibilidad 3D :&nbsp;Frame-pack: 1080p24, 720p50 \/ 60<br \/>\t\t\t&#8211; 3D: Full 3D<br \/>\t\t\t&#8211; Seguridad: Security bar, Kensington Lock, Password protected interface<br \/>\t\t\t&#8211; Idiomas OSD \/ display: 9 languages: English, French, German, Italian, Japanese, Portuguese, Russian, Chinese (simplified), Spanish<br \/>\t\t\t&#8211; Condiciones de funcionamiento: 5&deg;C~40&deg;C\/41&deg;F~104&deg;F, max altitude 3000M\/9843ft, max humidity 85%<br \/>\t\t\t&#8211; Control remoto: Mando retroiluminado<br \/>\t\t\t&#8211; Altavoces: 1x 10W<br \/>\t\t\t<strong>Dimensiones y peso<\/strong><br \/>\t\t\t&#8211; Dimensiones: 315 x 270 x 118<br \/>\t\t\t&#8211; Peso: 4.68 kg<br \/>\t\t\t<strong>Contenido de la caja<\/strong><br \/>\t\t\t&#8211; Cable de alimentaci&oacute;n de CA<br \/>\t\t\t&#8211; Mando a distancia<br \/>\t\t\t&#8211; 2 x pilas AAA<br \/>\t\t\t&#8211; Manual de usuario b&aacute;sico<\/td>\n<\/tr>\n<tr>\n<td><strong>Fecha de revisi&oacute;n<\/strong><\/td>\n<td>07-06-2023 por RTY<\/td>\n<\/tr>\n<\/table>\n","protected":false},"excerpt":{"rendered":"<p>Marca Optoma Modelo UHD35x Tecnolog&iacute;a &#8211; DLP Imagen &#8211; Brillo: 3.600 lumens &#8211; Resoluci&oacute;n: UHD (3840&#215;2160) &#8211; Ratio de contraste: 1.000.000:1 &#8211; Relaci&oacute;n de aspecto nativo: 16:9 &#8211; Ratio de aspecto compatible: 4:3 &#8211; Correcci&oacute;n Keystone horizontal: +\/-40&deg; &#8211; Correci&oacute;n Keystone vertical: +\/-40&deg; &#8211; Correcci&oacute;n Keystone vertical autom&aacute;tica &#8211; Reproducci&oacute;n de color (millones): 1073.4 &#8211;&hellip;&nbsp;<a href=\"https:\/\/aivlisoft.net\/shop\/producto\/optoma-uhd35x-4k-uhd-3600l-vga-2xhdmi\/\" rel=\"bookmark\"><span class=\"screen-reader-text\">Optoma UHD35x 4K UHD 3600L VGA 2xHDMI<\/span><\/a><\/p>\n","protected":false},"featured_media":17062,"template":"","meta":{"neve_meta_sidebar":"","neve_meta_container":"","neve_meta_enable_content_width":"","neve_meta_content_width":0,"neve_meta_title_alignment":"","neve_meta_author_avatar":"","neve_post_elements_order":"","neve_meta_disable_header":"","neve_meta_disable_footer":"","neve_meta_disable_title":""},"product_brand":[],"product_cat":[15,8691,719],"product_tag":[6286],"class_list":{"0":"post-17061","1":"product","2":"type-product","3":"status-publish","4":"has-post-thumbnail","6":"product_cat-sin-categorizar","7":"product_cat-accesorios-proyector-pantalla","8":"product_cat-accesorios-proyectores","9":"product_tag-uhd35x","11":"first","12":"instock","13":"taxable","14":"shipping-taxable","15":"purchasable","16":"product-type-simple"},"yoast_head":"<!-- This site is optimized with the Yoast SEO plugin v26.0 - https:\/\/yoast.com\/wordpress\/plugins\/seo\/ -->\n<title>Optoma UHD35x 4K UHD 3600L VGA 2xHDMI - Aivlisoft Inform\u00e1tica<\/title>\n<meta name=\"robots\" content=\"index, follow, max-snippet:-1, max-image-preview:large, max-video-preview:-1\" \/>\n<link rel=\"canonical\" href=\"https:\/\/aivlisoft.net\/shop\/producto\/optoma-uhd35x-4k-uhd-3600l-vga-2xhdmi\/\" \/>\n<meta property=\"og:locale\" content=\"es_ES\" \/>\n<meta property=\"og:type\" content=\"article\" \/>\n<meta property=\"og:title\" content=\"Optoma UHD35x 4K UHD 3600L VGA 2xHDMI - Aivlisoft Inform\u00e1tica\" \/>\n<meta property=\"og:description\" content=\"Marca Optoma Modelo UHD35x Tecnolog&iacute;a &#8211; DLP Imagen &#8211; Brillo: 3.600 lumens &#8211; Resoluci&oacute;n: UHD (3840&#215;2160) &#8211; Ratio de contraste: 1.000.000:1 &#8211; Relaci&oacute;n de aspecto nativo: 16:9 &#8211; Ratio de aspecto compatible: 4:3 &#8211; Correcci&oacute;n Keystone horizontal: +\/-40&deg; &#8211; Correci&oacute;n Keystone vertical: +\/-40&deg; &#8211; Correcci&oacute;n Keystone vertical autom&aacute;tica &#8211; Reproducci&oacute;n de color (millones): 1073.4 &#8211;&hellip;&nbsp;Optoma UHD35x 4K UHD 3600L VGA 2xHDMI\" \/>\n<meta property=\"og:url\" content=\"https:\/\/aivlisoft.net\/shop\/producto\/optoma-uhd35x-4k-uhd-3600l-vga-2xhdmi\/\" \/>\n<meta property=\"og:site_name\" content=\"Aivlisoft Inform\u00e1tica\" \/>\n<meta property=\"article:modified_time\" content=\"2025-01-14T20:37:54+00:00\" \/>\n<meta property=\"og:image\" content=\"https:\/\/aivlisoft.net\/shop\/wp-content\/uploads\/2025\/01\/MPRPRY0523_800.jpg\" \/>\n\t<meta property=\"og:image:width\" content=\"800\" \/>\n\t<meta property=\"og:image:height\" content=\"800\" \/>\n\t<meta property=\"og:image:type\" content=\"image\/jpeg\" \/>\n<meta name=\"twitter:card\" content=\"summary_large_image\" \/>\n<meta name=\"twitter:label1\" content=\"Tiempo de lectura\" \/>\n\t<meta name=\"twitter:data1\" content=\"2 minutos\" \/>\n<script type=\"application\/ld+json\" class=\"yoast-schema-graph\">{\"@context\":\"https:\/\/schema.org\",\"@graph\":[{\"@type\":\"WebPage\",\"@id\":\"https:\/\/aivlisoft.net\/shop\/producto\/optoma-uhd35x-4k-uhd-3600l-vga-2xhdmi\/\",\"url\":\"https:\/\/aivlisoft.net\/shop\/producto\/optoma-uhd35x-4k-uhd-3600l-vga-2xhdmi\/\",\"name\":\"Optoma UHD35x 4K UHD 3600L VGA 2xHDMI - Aivlisoft Inform\u00e1tica\",\"isPartOf\":{\"@id\":\"https:\/\/aivlisoft.net\/shop\/#website\"},\"primaryImageOfPage\":{\"@id\":\"https:\/\/aivlisoft.net\/shop\/producto\/optoma-uhd35x-4k-uhd-3600l-vga-2xhdmi\/#primaryimage\"},\"image\":{\"@id\":\"https:\/\/aivlisoft.net\/shop\/producto\/optoma-uhd35x-4k-uhd-3600l-vga-2xhdmi\/#primaryimage\"},\"thumbnailUrl\":\"https:\/\/aivlisoft.net\/shop\/wp-content\/uploads\/2025\/01\/MPRPRY0523_800.jpg\",\"datePublished\":\"2025-01-13T15:08:24+00:00\",\"dateModified\":\"2025-01-14T20:37:54+00:00\",\"breadcrumb\":{\"@id\":\"https:\/\/aivlisoft.net\/shop\/producto\/optoma-uhd35x-4k-uhd-3600l-vga-2xhdmi\/#breadcrumb\"},\"inLanguage\":\"es\",\"potentialAction\":[{\"@type\":\"ReadAction\",\"target\":[\"https:\/\/aivlisoft.net\/shop\/producto\/optoma-uhd35x-4k-uhd-3600l-vga-2xhdmi\/\"]}]},{\"@type\":\"ImageObject\",\"inLanguage\":\"es\",\"@id\":\"https:\/\/aivlisoft.net\/shop\/producto\/optoma-uhd35x-4k-uhd-3600l-vga-2xhdmi\/#primaryimage\",\"url\":\"https:\/\/aivlisoft.net\/shop\/wp-content\/uploads\/2025\/01\/MPRPRY0523_800.jpg\",\"contentUrl\":\"https:\/\/aivlisoft.net\/shop\/wp-content\/uploads\/2025\/01\/MPRPRY0523_800.jpg\",\"width\":800,\"height\":800},{\"@type\":\"BreadcrumbList\",\"@id\":\"https:\/\/aivlisoft.net\/shop\/producto\/optoma-uhd35x-4k-uhd-3600l-vga-2xhdmi\/#breadcrumb\",\"itemListElement\":[{\"@type\":\"ListItem\",\"position\":1,\"name\":\"Portada\",\"item\":\"https:\/\/aivlisoft.net\/shop\/\"},{\"@type\":\"ListItem\",\"position\":2,\"name\":\"Tienda\",\"item\":\"https:\/\/aivlisoft.net\/shop\/tienda\/\"},{\"@type\":\"ListItem\",\"position\":3,\"name\":\"Optoma UHD35x 4K UHD 3600L VGA 2xHDMI\"}]},{\"@type\":\"WebSite\",\"@id\":\"https:\/\/aivlisoft.net\/shop\/#website\",\"url\":\"https:\/\/aivlisoft.net\/shop\/\",\"name\":\"Aivlisoft Inform\u00e1tica\",\"description\":\"En Aivlisoft Inform\u00e1tica ofrecemos soluciones tecnol\u00f3gicas para empresas: venta de ordenadores, consumibles, perif\u00e9ricos y m\u00e1s. Calidad, atenci\u00f3n personalizada y los mejores precios para tu negocio.\",\"publisher\":{\"@id\":\"https:\/\/aivlisoft.net\/shop\/#organization\"},\"potentialAction\":[{\"@type\":\"SearchAction\",\"target\":{\"@type\":\"EntryPoint\",\"urlTemplate\":\"https:\/\/aivlisoft.net\/shop\/?s={search_term_string}\"},\"query-input\":{\"@type\":\"PropertyValueSpecification\",\"valueRequired\":true,\"valueName\":\"search_term_string\"}}],\"inLanguage\":\"es\"},{\"@type\":\"Organization\",\"@id\":\"https:\/\/aivlisoft.net\/shop\/#organization\",\"name\":\"Aivlisoft Inform\u00e1tica\",\"url\":\"https:\/\/aivlisoft.net\/shop\/\",\"logo\":{\"@type\":\"ImageObject\",\"inLanguage\":\"es\",\"@id\":\"https:\/\/aivlisoft.net\/shop\/#\/schema\/logo\/image\/\",\"url\":\"https:\/\/aivlisoft.net\/shop\/wp-content\/uploads\/2024\/12\/removal.ai_5b848c54-0cdf-4140-95c5-c5536bb7573b-logodef.png\",\"contentUrl\":\"https:\/\/aivlisoft.net\/shop\/wp-content\/uploads\/2024\/12\/removal.ai_5b848c54-0cdf-4140-95c5-c5536bb7573b-logodef.png\",\"width\":484,\"height\":182,\"caption\":\"Aivlisoft Inform\u00e1tica\"},\"image\":{\"@id\":\"https:\/\/aivlisoft.net\/shop\/#\/schema\/logo\/image\/\"}}]}<\/script>\n<!-- \/ Yoast SEO plugin. -->","yoast_head_json":{"title":"Optoma UHD35x 4K UHD 3600L VGA 2xHDMI - Aivlisoft Inform\u00e1tica","robots":{"index":"index","follow":"follow","max-snippet":"max-snippet:-1","max-image-preview":"max-image-preview:large","max-video-preview":"max-video-preview:-1"},"canonical":"https:\/\/aivlisoft.net\/shop\/producto\/optoma-uhd35x-4k-uhd-3600l-vga-2xhdmi\/","og_locale":"es_ES","og_type":"article","og_title":"Optoma UHD35x 4K UHD 3600L VGA 2xHDMI - Aivlisoft Inform\u00e1tica","og_description":"Marca Optoma Modelo UHD35x Tecnolog&iacute;a &#8211; DLP Imagen &#8211; Brillo: 3.600 lumens &#8211; Resoluci&oacute;n: UHD (3840&#215;2160) &#8211; Ratio de contraste: 1.000.000:1 &#8211; Relaci&oacute;n de aspecto nativo: 16:9 &#8211; Ratio de aspecto compatible: 4:3 &#8211; Correcci&oacute;n Keystone horizontal: +\/-40&deg; &#8211; Correci&oacute;n Keystone vertical: +\/-40&deg; &#8211; Correcci&oacute;n Keystone vertical autom&aacute;tica &#8211; Reproducci&oacute;n de color (millones): 1073.4 &#8211;&hellip;&nbsp;Optoma UHD35x 4K UHD 3600L VGA 2xHDMI","og_url":"https:\/\/aivlisoft.net\/shop\/producto\/optoma-uhd35x-4k-uhd-3600l-vga-2xhdmi\/","og_site_name":"Aivlisoft Inform\u00e1tica","article_modified_time":"2025-01-14T20:37:54+00:00","og_image":[{"width":800,"height":800,"url":"https:\/\/aivlisoft.net\/shop\/wp-content\/uploads\/2025\/01\/MPRPRY0523_800.jpg","type":"image\/jpeg"}],"twitter_card":"summary_large_image","twitter_misc":{"Tiempo de lectura":"2 minutos"},"schema":{"@context":"https:\/\/schema.org","@graph":[{"@type":"WebPage","@id":"https:\/\/aivlisoft.net\/shop\/producto\/optoma-uhd35x-4k-uhd-3600l-vga-2xhdmi\/","url":"https:\/\/aivlisoft.net\/shop\/producto\/optoma-uhd35x-4k-uhd-3600l-vga-2xhdmi\/","name":"Optoma UHD35x 4K UHD 3600L VGA 2xHDMI - Aivlisoft Inform\u00e1tica","isPartOf":{"@id":"https:\/\/aivlisoft.net\/shop\/#website"},"primaryImageOfPage":{"@id":"https:\/\/aivlisoft.net\/shop\/producto\/optoma-uhd35x-4k-uhd-3600l-vga-2xhdmi\/#primaryimage"},"image":{"@id":"https:\/\/aivlisoft.net\/shop\/producto\/optoma-uhd35x-4k-uhd-3600l-vga-2xhdmi\/#primaryimage"},"thumbnailUrl":"https:\/\/aivlisoft.net\/shop\/wp-content\/uploads\/2025\/01\/MPRPRY0523_800.jpg","datePublished":"2025-01-13T15:08:24+00:00","dateModified":"2025-01-14T20:37:54+00:00","breadcrumb":{"@id":"https:\/\/aivlisoft.net\/shop\/producto\/optoma-uhd35x-4k-uhd-3600l-vga-2xhdmi\/#breadcrumb"},"inLanguage":"es","potentialAction":[{"@type":"ReadAction","target":["https:\/\/aivlisoft.net\/shop\/producto\/optoma-uhd35x-4k-uhd-3600l-vga-2xhdmi\/"]}]},{"@type":"ImageObject","inLanguage":"es","@id":"https:\/\/aivlisoft.net\/shop\/producto\/optoma-uhd35x-4k-uhd-3600l-vga-2xhdmi\/#primaryimage","url":"https:\/\/aivlisoft.net\/shop\/wp-content\/uploads\/2025\/01\/MPRPRY0523_800.jpg","contentUrl":"https:\/\/aivlisoft.net\/shop\/wp-content\/uploads\/2025\/01\/MPRPRY0523_800.jpg","width":800,"height":800},{"@type":"BreadcrumbList","@id":"https:\/\/aivlisoft.net\/shop\/producto\/optoma-uhd35x-4k-uhd-3600l-vga-2xhdmi\/#breadcrumb","itemListElement":[{"@type":"ListItem","position":1,"name":"Portada","item":"https:\/\/aivlisoft.net\/shop\/"},{"@type":"ListItem","position":2,"name":"Tienda","item":"https:\/\/aivlisoft.net\/shop\/tienda\/"},{"@type":"ListItem","position":3,"name":"Optoma UHD35x 4K UHD 3600L VGA 2xHDMI"}]},{"@type":"WebSite","@id":"https:\/\/aivlisoft.net\/shop\/#website","url":"https:\/\/aivlisoft.net\/shop\/","name":"Aivlisoft Inform\u00e1tica","description":"En Aivlisoft Inform\u00e1tica ofrecemos soluciones tecnol\u00f3gicas para empresas: venta de ordenadores, consumibles, perif\u00e9ricos y m\u00e1s. Calidad, atenci\u00f3n personalizada y los mejores precios para tu negocio.","publisher":{"@id":"https:\/\/aivlisoft.net\/shop\/#organization"},"potentialAction":[{"@type":"SearchAction","target":{"@type":"EntryPoint","urlTemplate":"https:\/\/aivlisoft.net\/shop\/?s={search_term_string}"},"query-input":{"@type":"PropertyValueSpecification","valueRequired":true,"valueName":"search_term_string"}}],"inLanguage":"es"},{"@type":"Organization","@id":"https:\/\/aivlisoft.net\/shop\/#organization","name":"Aivlisoft Inform\u00e1tica","url":"https:\/\/aivlisoft.net\/shop\/","logo":{"@type":"ImageObject","inLanguage":"es","@id":"https:\/\/aivlisoft.net\/shop\/#\/schema\/logo\/image\/","url":"https:\/\/aivlisoft.net\/shop\/wp-content\/uploads\/2024\/12\/removal.ai_5b848c54-0cdf-4140-95c5-c5536bb7573b-logodef.png","contentUrl":"https:\/\/aivlisoft.net\/shop\/wp-content\/uploads\/2024\/12\/removal.ai_5b848c54-0cdf-4140-95c5-c5536bb7573b-logodef.png","width":484,"height":182,"caption":"Aivlisoft Inform\u00e1tica"},"image":{"@id":"https:\/\/aivlisoft.net\/shop\/#\/schema\/logo\/image\/"}}]}},"_links":{"self":[{"href":"https:\/\/aivlisoft.net\/shop\/wp-json\/wp\/v2\/product\/17061","targetHints":{"allow":["GET"]}}],"collection":[{"href":"https:\/\/aivlisoft.net\/shop\/wp-json\/wp\/v2\/product"}],"about":[{"href":"https:\/\/aivlisoft.net\/shop\/wp-json\/wp\/v2\/types\/product"}],"wp:featuredmedia":[{"embeddable":true,"href":"https:\/\/aivlisoft.net\/shop\/wp-json\/wp\/v2\/media\/17062"}],"wp:attachment":[{"href":"https:\/\/aivlisoft.net\/shop\/wp-json\/wp\/v2\/media?parent=17061"}],"wp:term":[{"taxonomy":"product_brand","embeddable":true,"href":"https:\/\/aivlisoft.net\/shop\/wp-json\/wp\/v2\/product_brand?post=17061"},{"taxonomy":"product_cat","embeddable":true,"href":"https:\/\/aivlisoft.net\/shop\/wp-json\/wp\/v2\/product_cat?post=17061"},{"taxonomy":"product_tag","embeddable":true,"href":"https:\/\/aivlisoft.net\/shop\/wp-json\/wp\/v2\/product_tag?post=17061"}],"curies":[{"name":"wp","href":"https:\/\/api.w.org\/{rel}","templated":true}]}}