{"id":17056,"date":"2025-01-13T15:08:22","date_gmt":"2025-01-13T15:08:22","guid":{"rendered":"https:\/\/aivlisoft.com\/?post_type=product&#038;p=17056"},"modified":"2025-01-14T20:37:55","modified_gmt":"2025-01-14T20:37:55","slug":"epson-co-fh01-proyector-fhd-homec-3000l-hdmi-usb","status":"publish","type":"product","link":"https:\/\/aivlisoft.net\/shop\/producto\/epson-co-fh01-proyector-fhd-homec-3000l-hdmi-usb\/","title":{"rendered":"Epson CO-FH01  proyector FHD HomeC 3000L HDMI USB"},"content":{"rendered":"<p><\/p>\n<table class=\"tabla_caracteristicas\" width=\"100%\">\n<tr>\n<td valign=\"top\"><strong>Marca<\/strong><\/td>\n<td><strong>Epson<\/strong><\/td>\n<\/tr>\n<tr>\n<td valign=\"top\"><strong>Modelo<\/strong><\/td>\n<td valign=\"top\"><strong>V11HA84040<\/strong><\/td>\n<\/tr>\n<tr>\n<td valign=\"top\"><strong>Tecnolog&iacute;a<\/strong><\/td>\n<td>&#8211; Tecnolog&iacute;a 3LCD, Obturador de cristal l&iacute;quido RGB<\/td>\n<\/tr>\n<tr>\n<td valign=\"top\"><strong>Imagen<\/strong><\/td>\n<td>&#8211; Emisi&oacute;n de luz en color: 3.000 Lumen- 2.000 Lumen (econ&oacute;mico) In accordance with ISO 21118:2020<br \/>\t\t\t&#8211; Emisi&oacute;n de luz blanca: 3.000 Lumen &#8211; 2.000 Lumen (econ&oacute;mico) In accordance with ISO 21118:2020<br \/>\t\t\t&#8211; Resoluci&oacute;n: <strong>1080p<\/strong><br \/>\t\t\t&#8211; Alta definici&oacute;n: <strong>Full HD<\/strong><br \/>\t\t\t&#8211; Relaci&oacute;n de aspecto: <strong>16:9<\/strong><br \/>\t\t\t&#8211; Fuente de luz: L&aacute;mpara<br \/>\t\t\t&#8211; L&aacute;mpara: UHE, 188 W, 6.000 h Durabilidad, 12.000 h Durabilidad (modo econ&oacute;mico)<br \/>\t\t\t&#8211; Correci&oacute;n keystone:<br \/>\t\t\t&nbsp; Manual vertical: &plusmn; 30 &deg;<br \/>\t\t\t&nbsp; Manual horizontal &plusmn; 30 &deg;<br \/>\t\t\t&#8211; Procesamiento de v&iacute;deo: 8 Bits<br \/>\t\t\t&#8211; Frecuencia de actualizaci&oacute;n vertical 2D: 100 Hz &#8211; 120 Hz<br \/>\t\t\t&#8211; Reproducci&oacute;n del color: 16,77 millones de colores<\/td>\n<\/tr>\n<tr>\n<td valign=\"top\"><strong>Aspecto<\/strong><\/td>\n<td>&#8211; Relaci&oacute;n proyecci&oacute;n: 1,19 &#8211; 1,61:1<br \/>\t\t\t&#8211; Zoom: Digital, Factor: 1 &#8211; 1,35<br \/>\t\t\t&#8211; Lente: &Oacute;ptico<br \/>\t\t\t&#8211; Tama&ntilde;o de la imagen: 26 pulgadas &#8211; 391 pulgadas<br \/>\t\t\t&#8211; Distancia proyector objetivo gran angular: 0,9 m &#8211; 10,4 m<br \/>\t\t\t&#8211; Distancia proyector tele: 0,9 m &#8211; 10,4 m<br \/>\t\t\t&#8211; Distancia de proyecci&oacute;n gran angular\/teleobjetivo: 1,64 m ( 60 pulgada pantalla )<br \/>\t\t\t&#8211; Lente de proyecci&oacute;n n&uacute;mero F: 1,44<br \/>\t\t\t&#8211; Foco: Manual<br \/>\t\t\t&#8211; Desplazamiento: 7 : 1<\/td>\n<\/tr>\n<tr>\n<td valign=\"top\"><strong>Conectividad<\/strong><\/td>\n<td>&#8211; Interfaces:<br \/>\t\t\t&nbsp; USB 2.0-A,<br \/>\t\t\t&nbsp; USB 2.0 Tipo B (S&oacute;lo Servicio)<br \/>\t\t\t&nbsp; Entrada HDMI<\/td>\n<\/tr>\n<tr>\n<td valign=\"top\"><strong>Otras <\/strong> <strong>caracter&iacute;sticas<\/strong><\/td>\n<td>&#8211; Protecci&oacute;n Kensington<br \/>\t\t\t&#8211; Candado<br \/>\t\t\t&#8211; Ranura para cable de seguridad<br \/>\t\t\t&#8211; Altavoces: 5 vatio<br \/>\t\t\t<strong>Alimentaci&oacute;n<\/strong><br \/>\t\t\t&#8211; Consumo de energ&iacute;a: 270 vatio, 214 vatio (econ&oacute;mico), 0,5 vatio (Standby)<br \/>\t\t\t&#8211; Voltaje de suministro: AC 100 V &#8211; 240 V, 50 Hz &#8211; 60 Hz<br \/>\t\t\t<strong>Entorno de trabajo<\/strong><br \/>\t\t\t&#8211; Nivel de ruido:&nbsp;<br \/>\t\t\t&nbsp; Normal: 38 dB (A)<br \/>\t\t\t&nbsp; Ahorro: 29 dB (A)<br \/>\t\t\t&#8211; Temperatura: Operaci&oacute;n 5&deg;C &#8211; 40&deg;C<br \/>\t\t\t<strong>Dimensiones y peso<\/strong><br \/>\t\t\t&#8211; 295&lrm; x 211 x 87 mm&nbsp;<br \/>\t\t\t&#8211; 2,4 kg<br \/>\t\t\t<strong>Contiene<\/strong><br \/>\t\t\t&#8211; Equipo<br \/>\t\t\t&#8211; Cable de alimentaci&oacute;n<br \/>\t\t\t&#8211; Gu&iacute;a r&aacute;pida<br \/>\t\t\t&#8211; Mando a distancia incl. pilas<br \/>\t\t\t&#8211; Manual de usuario (CD)<\/td>\n<\/tr>\n<tr>\n<td valign=\"top\"><strong>Fecha de revisi&oacute;n<\/strong><\/td>\n<td>10-05-2023 por RTY<\/td>\n<\/tr>\n<\/table>\n","protected":false},"excerpt":{"rendered":"<p>Marca Epson Modelo V11HA84040 Tecnolog&iacute;a &#8211; Tecnolog&iacute;a 3LCD, Obturador de cristal l&iacute;quido RGB Imagen &#8211; Emisi&oacute;n de luz en color: 3.000 Lumen- 2.000 Lumen (econ&oacute;mico) In accordance with ISO 21118:2020 &#8211; Emisi&oacute;n de luz blanca: 3.000 Lumen &#8211; 2.000 Lumen (econ&oacute;mico) In accordance with ISO 21118:2020 &#8211; Resoluci&oacute;n: 1080p &#8211; Alta definici&oacute;n: Full HD &#8211;&hellip;&nbsp;<a href=\"https:\/\/aivlisoft.net\/shop\/producto\/epson-co-fh01-proyector-fhd-homec-3000l-hdmi-usb\/\" rel=\"bookmark\"><span class=\"screen-reader-text\">Epson CO-FH01  proyector FHD HomeC 3000L HDMI USB<\/span><\/a><\/p>\n","protected":false},"featured_media":17057,"template":"","meta":{"neve_meta_sidebar":"","neve_meta_container":"","neve_meta_enable_content_width":"","neve_meta_content_width":0,"neve_meta_title_alignment":"","neve_meta_author_avatar":"","neve_post_elements_order":"","neve_meta_disable_header":"","neve_meta_disable_footer":"","neve_meta_disable_title":""},"product_brand":[],"product_cat":[15,8691,719],"product_tag":[6285],"class_list":{"0":"post-17056","1":"product","2":"type-product","3":"status-publish","4":"has-post-thumbnail","6":"product_cat-sin-categorizar","7":"product_cat-accesorios-proyector-pantalla","8":"product_cat-accesorios-proyectores","9":"product_tag-v11ha84040","11":"first","12":"instock","13":"taxable","14":"shipping-taxable","15":"purchasable","16":"product-type-simple"},"yoast_head":"<!-- This site is optimized with the Yoast SEO plugin v26.0 - https:\/\/yoast.com\/wordpress\/plugins\/seo\/ -->\n<title>Epson CO-FH01 proyector FHD HomeC 3000L HDMI USB - Aivlisoft Inform\u00e1tica<\/title>\n<meta name=\"robots\" content=\"index, follow, max-snippet:-1, max-image-preview:large, max-video-preview:-1\" \/>\n<link rel=\"canonical\" href=\"https:\/\/aivlisoft.net\/shop\/producto\/epson-co-fh01-proyector-fhd-homec-3000l-hdmi-usb\/\" \/>\n<meta property=\"og:locale\" content=\"es_ES\" \/>\n<meta property=\"og:type\" content=\"article\" \/>\n<meta property=\"og:title\" content=\"Epson CO-FH01 proyector FHD HomeC 3000L HDMI USB - Aivlisoft Inform\u00e1tica\" \/>\n<meta property=\"og:description\" content=\"Marca Epson Modelo V11HA84040 Tecnolog&iacute;a &#8211; Tecnolog&iacute;a 3LCD, Obturador de cristal l&iacute;quido RGB Imagen &#8211; Emisi&oacute;n de luz en color: 3.000 Lumen- 2.000 Lumen (econ&oacute;mico) In accordance with ISO 21118:2020 &#8211; Emisi&oacute;n de luz blanca: 3.000 Lumen &#8211; 2.000 Lumen (econ&oacute;mico) In accordance with ISO 21118:2020 &#8211; Resoluci&oacute;n: 1080p &#8211; Alta definici&oacute;n: Full HD &#8211;&hellip;&nbsp;Epson CO-FH01 proyector FHD HomeC 3000L HDMI USB\" \/>\n<meta property=\"og:url\" content=\"https:\/\/aivlisoft.net\/shop\/producto\/epson-co-fh01-proyector-fhd-homec-3000l-hdmi-usb\/\" \/>\n<meta property=\"og:site_name\" content=\"Aivlisoft Inform\u00e1tica\" \/>\n<meta property=\"article:modified_time\" content=\"2025-01-14T20:37:55+00:00\" \/>\n<meta property=\"og:image\" content=\"https:\/\/aivlisoft.net\/shop\/wp-content\/uploads\/2025\/01\/MPRPRY0522_800.jpg\" \/>\n\t<meta property=\"og:image:width\" content=\"800\" \/>\n\t<meta property=\"og:image:height\" content=\"800\" \/>\n\t<meta property=\"og:image:type\" content=\"image\/jpeg\" \/>\n<meta name=\"twitter:card\" content=\"summary_large_image\" \/>\n<meta name=\"twitter:label1\" content=\"Tiempo de lectura\" \/>\n\t<meta name=\"twitter:data1\" content=\"2 minutos\" \/>\n<script type=\"application\/ld+json\" class=\"yoast-schema-graph\">{\"@context\":\"https:\/\/schema.org\",\"@graph\":[{\"@type\":\"WebPage\",\"@id\":\"https:\/\/aivlisoft.net\/shop\/producto\/epson-co-fh01-proyector-fhd-homec-3000l-hdmi-usb\/\",\"url\":\"https:\/\/aivlisoft.net\/shop\/producto\/epson-co-fh01-proyector-fhd-homec-3000l-hdmi-usb\/\",\"name\":\"Epson CO-FH01 proyector FHD HomeC 3000L HDMI USB - Aivlisoft Inform\u00e1tica\",\"isPartOf\":{\"@id\":\"https:\/\/aivlisoft.net\/shop\/#website\"},\"primaryImageOfPage\":{\"@id\":\"https:\/\/aivlisoft.net\/shop\/producto\/epson-co-fh01-proyector-fhd-homec-3000l-hdmi-usb\/#primaryimage\"},\"image\":{\"@id\":\"https:\/\/aivlisoft.net\/shop\/producto\/epson-co-fh01-proyector-fhd-homec-3000l-hdmi-usb\/#primaryimage\"},\"thumbnailUrl\":\"https:\/\/aivlisoft.net\/shop\/wp-content\/uploads\/2025\/01\/MPRPRY0522_800.jpg\",\"datePublished\":\"2025-01-13T15:08:22+00:00\",\"dateModified\":\"2025-01-14T20:37:55+00:00\",\"breadcrumb\":{\"@id\":\"https:\/\/aivlisoft.net\/shop\/producto\/epson-co-fh01-proyector-fhd-homec-3000l-hdmi-usb\/#breadcrumb\"},\"inLanguage\":\"es\",\"potentialAction\":[{\"@type\":\"ReadAction\",\"target\":[\"https:\/\/aivlisoft.net\/shop\/producto\/epson-co-fh01-proyector-fhd-homec-3000l-hdmi-usb\/\"]}]},{\"@type\":\"ImageObject\",\"inLanguage\":\"es\",\"@id\":\"https:\/\/aivlisoft.net\/shop\/producto\/epson-co-fh01-proyector-fhd-homec-3000l-hdmi-usb\/#primaryimage\",\"url\":\"https:\/\/aivlisoft.net\/shop\/wp-content\/uploads\/2025\/01\/MPRPRY0522_800.jpg\",\"contentUrl\":\"https:\/\/aivlisoft.net\/shop\/wp-content\/uploads\/2025\/01\/MPRPRY0522_800.jpg\",\"width\":800,\"height\":800},{\"@type\":\"BreadcrumbList\",\"@id\":\"https:\/\/aivlisoft.net\/shop\/producto\/epson-co-fh01-proyector-fhd-homec-3000l-hdmi-usb\/#breadcrumb\",\"itemListElement\":[{\"@type\":\"ListItem\",\"position\":1,\"name\":\"Portada\",\"item\":\"https:\/\/aivlisoft.net\/shop\/\"},{\"@type\":\"ListItem\",\"position\":2,\"name\":\"Tienda\",\"item\":\"https:\/\/aivlisoft.net\/shop\/tienda\/\"},{\"@type\":\"ListItem\",\"position\":3,\"name\":\"Epson CO-FH01 proyector FHD HomeC 3000L HDMI USB\"}]},{\"@type\":\"WebSite\",\"@id\":\"https:\/\/aivlisoft.net\/shop\/#website\",\"url\":\"https:\/\/aivlisoft.net\/shop\/\",\"name\":\"Aivlisoft Inform\u00e1tica\",\"description\":\"En Aivlisoft Inform\u00e1tica ofrecemos soluciones tecnol\u00f3gicas para empresas: venta de ordenadores, consumibles, perif\u00e9ricos y m\u00e1s. Calidad, atenci\u00f3n personalizada y los mejores precios para tu negocio.\",\"publisher\":{\"@id\":\"https:\/\/aivlisoft.net\/shop\/#organization\"},\"potentialAction\":[{\"@type\":\"SearchAction\",\"target\":{\"@type\":\"EntryPoint\",\"urlTemplate\":\"https:\/\/aivlisoft.net\/shop\/?s={search_term_string}\"},\"query-input\":{\"@type\":\"PropertyValueSpecification\",\"valueRequired\":true,\"valueName\":\"search_term_string\"}}],\"inLanguage\":\"es\"},{\"@type\":\"Organization\",\"@id\":\"https:\/\/aivlisoft.net\/shop\/#organization\",\"name\":\"Aivlisoft Inform\u00e1tica\",\"url\":\"https:\/\/aivlisoft.net\/shop\/\",\"logo\":{\"@type\":\"ImageObject\",\"inLanguage\":\"es\",\"@id\":\"https:\/\/aivlisoft.net\/shop\/#\/schema\/logo\/image\/\",\"url\":\"https:\/\/aivlisoft.net\/shop\/wp-content\/uploads\/2024\/12\/removal.ai_5b848c54-0cdf-4140-95c5-c5536bb7573b-logodef.png\",\"contentUrl\":\"https:\/\/aivlisoft.net\/shop\/wp-content\/uploads\/2024\/12\/removal.ai_5b848c54-0cdf-4140-95c5-c5536bb7573b-logodef.png\",\"width\":484,\"height\":182,\"caption\":\"Aivlisoft Inform\u00e1tica\"},\"image\":{\"@id\":\"https:\/\/aivlisoft.net\/shop\/#\/schema\/logo\/image\/\"}}]}<\/script>\n<!-- \/ Yoast SEO plugin. -->","yoast_head_json":{"title":"Epson CO-FH01 proyector FHD HomeC 3000L HDMI USB - Aivlisoft Inform\u00e1tica","robots":{"index":"index","follow":"follow","max-snippet":"max-snippet:-1","max-image-preview":"max-image-preview:large","max-video-preview":"max-video-preview:-1"},"canonical":"https:\/\/aivlisoft.net\/shop\/producto\/epson-co-fh01-proyector-fhd-homec-3000l-hdmi-usb\/","og_locale":"es_ES","og_type":"article","og_title":"Epson CO-FH01 proyector FHD HomeC 3000L HDMI USB - Aivlisoft Inform\u00e1tica","og_description":"Marca Epson Modelo V11HA84040 Tecnolog&iacute;a &#8211; Tecnolog&iacute;a 3LCD, Obturador de cristal l&iacute;quido RGB Imagen &#8211; Emisi&oacute;n de luz en color: 3.000 Lumen- 2.000 Lumen (econ&oacute;mico) In accordance with ISO 21118:2020 &#8211; Emisi&oacute;n de luz blanca: 3.000 Lumen &#8211; 2.000 Lumen (econ&oacute;mico) In accordance with ISO 21118:2020 &#8211; Resoluci&oacute;n: 1080p &#8211; Alta definici&oacute;n: Full HD &#8211;&hellip;&nbsp;Epson CO-FH01 proyector FHD HomeC 3000L HDMI USB","og_url":"https:\/\/aivlisoft.net\/shop\/producto\/epson-co-fh01-proyector-fhd-homec-3000l-hdmi-usb\/","og_site_name":"Aivlisoft Inform\u00e1tica","article_modified_time":"2025-01-14T20:37:55+00:00","og_image":[{"width":800,"height":800,"url":"https:\/\/aivlisoft.net\/shop\/wp-content\/uploads\/2025\/01\/MPRPRY0522_800.jpg","type":"image\/jpeg"}],"twitter_card":"summary_large_image","twitter_misc":{"Tiempo de lectura":"2 minutos"},"schema":{"@context":"https:\/\/schema.org","@graph":[{"@type":"WebPage","@id":"https:\/\/aivlisoft.net\/shop\/producto\/epson-co-fh01-proyector-fhd-homec-3000l-hdmi-usb\/","url":"https:\/\/aivlisoft.net\/shop\/producto\/epson-co-fh01-proyector-fhd-homec-3000l-hdmi-usb\/","name":"Epson CO-FH01 proyector FHD HomeC 3000L HDMI USB - Aivlisoft Inform\u00e1tica","isPartOf":{"@id":"https:\/\/aivlisoft.net\/shop\/#website"},"primaryImageOfPage":{"@id":"https:\/\/aivlisoft.net\/shop\/producto\/epson-co-fh01-proyector-fhd-homec-3000l-hdmi-usb\/#primaryimage"},"image":{"@id":"https:\/\/aivlisoft.net\/shop\/producto\/epson-co-fh01-proyector-fhd-homec-3000l-hdmi-usb\/#primaryimage"},"thumbnailUrl":"https:\/\/aivlisoft.net\/shop\/wp-content\/uploads\/2025\/01\/MPRPRY0522_800.jpg","datePublished":"2025-01-13T15:08:22+00:00","dateModified":"2025-01-14T20:37:55+00:00","breadcrumb":{"@id":"https:\/\/aivlisoft.net\/shop\/producto\/epson-co-fh01-proyector-fhd-homec-3000l-hdmi-usb\/#breadcrumb"},"inLanguage":"es","potentialAction":[{"@type":"ReadAction","target":["https:\/\/aivlisoft.net\/shop\/producto\/epson-co-fh01-proyector-fhd-homec-3000l-hdmi-usb\/"]}]},{"@type":"ImageObject","inLanguage":"es","@id":"https:\/\/aivlisoft.net\/shop\/producto\/epson-co-fh01-proyector-fhd-homec-3000l-hdmi-usb\/#primaryimage","url":"https:\/\/aivlisoft.net\/shop\/wp-content\/uploads\/2025\/01\/MPRPRY0522_800.jpg","contentUrl":"https:\/\/aivlisoft.net\/shop\/wp-content\/uploads\/2025\/01\/MPRPRY0522_800.jpg","width":800,"height":800},{"@type":"BreadcrumbList","@id":"https:\/\/aivlisoft.net\/shop\/producto\/epson-co-fh01-proyector-fhd-homec-3000l-hdmi-usb\/#breadcrumb","itemListElement":[{"@type":"ListItem","position":1,"name":"Portada","item":"https:\/\/aivlisoft.net\/shop\/"},{"@type":"ListItem","position":2,"name":"Tienda","item":"https:\/\/aivlisoft.net\/shop\/tienda\/"},{"@type":"ListItem","position":3,"name":"Epson CO-FH01 proyector FHD HomeC 3000L HDMI USB"}]},{"@type":"WebSite","@id":"https:\/\/aivlisoft.net\/shop\/#website","url":"https:\/\/aivlisoft.net\/shop\/","name":"Aivlisoft Inform\u00e1tica","description":"En Aivlisoft Inform\u00e1tica ofrecemos soluciones tecnol\u00f3gicas para empresas: venta de ordenadores, consumibles, perif\u00e9ricos y m\u00e1s. Calidad, atenci\u00f3n personalizada y los mejores precios para tu negocio.","publisher":{"@id":"https:\/\/aivlisoft.net\/shop\/#organization"},"potentialAction":[{"@type":"SearchAction","target":{"@type":"EntryPoint","urlTemplate":"https:\/\/aivlisoft.net\/shop\/?s={search_term_string}"},"query-input":{"@type":"PropertyValueSpecification","valueRequired":true,"valueName":"search_term_string"}}],"inLanguage":"es"},{"@type":"Organization","@id":"https:\/\/aivlisoft.net\/shop\/#organization","name":"Aivlisoft Inform\u00e1tica","url":"https:\/\/aivlisoft.net\/shop\/","logo":{"@type":"ImageObject","inLanguage":"es","@id":"https:\/\/aivlisoft.net\/shop\/#\/schema\/logo\/image\/","url":"https:\/\/aivlisoft.net\/shop\/wp-content\/uploads\/2024\/12\/removal.ai_5b848c54-0cdf-4140-95c5-c5536bb7573b-logodef.png","contentUrl":"https:\/\/aivlisoft.net\/shop\/wp-content\/uploads\/2024\/12\/removal.ai_5b848c54-0cdf-4140-95c5-c5536bb7573b-logodef.png","width":484,"height":182,"caption":"Aivlisoft Inform\u00e1tica"},"image":{"@id":"https:\/\/aivlisoft.net\/shop\/#\/schema\/logo\/image\/"}}]}},"_links":{"self":[{"href":"https:\/\/aivlisoft.net\/shop\/wp-json\/wp\/v2\/product\/17056","targetHints":{"allow":["GET"]}}],"collection":[{"href":"https:\/\/aivlisoft.net\/shop\/wp-json\/wp\/v2\/product"}],"about":[{"href":"https:\/\/aivlisoft.net\/shop\/wp-json\/wp\/v2\/types\/product"}],"wp:featuredmedia":[{"embeddable":true,"href":"https:\/\/aivlisoft.net\/shop\/wp-json\/wp\/v2\/media\/17057"}],"wp:attachment":[{"href":"https:\/\/aivlisoft.net\/shop\/wp-json\/wp\/v2\/media?parent=17056"}],"wp:term":[{"taxonomy":"product_brand","embeddable":true,"href":"https:\/\/aivlisoft.net\/shop\/wp-json\/wp\/v2\/product_brand?post=17056"},{"taxonomy":"product_cat","embeddable":true,"href":"https:\/\/aivlisoft.net\/shop\/wp-json\/wp\/v2\/product_cat?post=17056"},{"taxonomy":"product_tag","embeddable":true,"href":"https:\/\/aivlisoft.net\/shop\/wp-json\/wp\/v2\/product_tag?post=17056"}],"curies":[{"name":"wp","href":"https:\/\/api.w.org\/{rel}","templated":true}]}}