{"id":17028,"date":"2025-01-13T15:08:03","date_gmt":"2025-01-13T15:08:03","guid":{"rendered":"https:\/\/aivlisoft.com\/?post_type=product&#038;p=17028"},"modified":"2025-01-14T20:37:59","modified_gmt":"2025-01-14T20:37:59","slug":"epson-eb-fh52-proyector-fhd-4000l-hdmi-usb-wifi","status":"publish","type":"product","link":"https:\/\/aivlisoft.net\/shop\/producto\/epson-eb-fh52-proyector-fhd-4000l-hdmi-usb-wifi\/","title":{"rendered":"Epson EB-FH52  Proyector FHD 4000L HDMI USB Wifi"},"content":{"rendered":"<p>&nbsp;<\/p>\n<table class=\"tabla_caracteristicas k-table\" width=\"100%\">\n<tr>\n<td><strong>Marca<\/strong><\/td>\n<td>Epson<\/td>\n<\/tr>\n<tr>\n<td><strong>Modelo<\/strong><\/td>\n<td><strong>V11H978040<\/strong><\/td>\n<\/tr>\n<tr>\n<td><strong>Imagen<\/strong><\/td>\n<td>&#8211; Sistema de proyecci&oacute;n: Tecnolog&iacute;a 3LCD<br \/>\t\t\t&#8211; Pantalla LCD: 0,61 pulgada con C2 Fine<br \/>\t\t\t&#8211; Emisi&oacute;n de luz en color:<strong> 4.000 Lumen<\/strong>&#8211; 2.400 Lumen (econ&oacute;mico) de conformidad con IDMS15.4<br \/>\t\t\t&#8211; Emisi&oacute;n de luz blanca: 4.000 Lumen &#8211; 2.400 Lumen (econ&oacute;mico) In accordance with ISO 21118:2020<br \/>\t\t\t&#8211; Resoluci&oacute;n: Full HD 1080p, 1920 x 1080<br \/>\t\t\t&#8211; Relaci&oacute;n de aspecto: 16:9<br \/>\t\t\t&#8211; Relaci&oacute;n de contraste: 16.000 : 1<br \/>\t\t\t&#8211; Fuente de luz: L&aacute;mpara<br \/>\t\t\t&#8211; L&aacute;mpara: UHE, 230 W, 5.500 h Durabilidad, 12.000 h Durabilidad (modo econ&oacute;mico)<br \/>\t\t\t&#8211; Correci&oacute;n keystone: Autom&aacute;tico vertical: &plusmn; 30 &deg;, Manual horizontal &plusmn; 30 &deg;<br \/>\t\t\t&#8211; Procesamiento de v&iacute;deo: 10 Bits<br \/>\t\t\t&#8211; Frecuencia de actualizaci&oacute;n vertical 2D: 192 Hz &#8211; 240 Hz<br \/>\t\t\t&#8211; Reproducci&oacute;n del color: hasta 1.070 millones de colores<\/td>\n<\/tr>\n<tr>\n<td><strong>Objetivo<\/strong><\/td>\n<td>&#8211; Relaci&oacute;n proyecci&oacute;n: 1,32 &#8211; 2,14:1<br \/>\t\t\t&#8211; Zoom: Manual, Factor: 1,6<br \/>\t\t\t&#8211; Lente: &Oacute;ptico<br \/>\t\t\t&#8211; Tama&ntilde;o de la imagen: 30 pulgadas &#8211; 300 pulgadas<br \/>\t\t\t&#8211; Distancia de proyecci&oacute;n gran angular\/teleobjetivo: 1,76 m &#8211; 2,86 m ( 60 pulgada pantalla<br \/>\t\t\t&#8211; Lente de proyecci&oacute;n n&uacute;mero F: 1,51 &#8211; 1,99<br \/>\t\t\t&#8211; Distancia focal: 18,2 mm &#8211; 29,2 mm<br \/>\t\t\t&#8211; Foco: Manual<br \/>\t\t\t&#8211; Desplazamiento: 10 : 1<\/td>\n<\/tr>\n<tr>\n<td><strong>Conexiones<\/strong><\/td>\n<td>&#8211; Funci&oacute;n USB: 3 en 1: imagen \/ rat&oacute;n \/ sonido<br \/>\t\t\t&#8211; Interfaces<br \/>\t\t\t&nbsp; USB 2.0 tipo A<br \/>\t\t\t&nbsp; USB 2.0 tipo B<br \/>\t\t\t&nbsp; LAN inal&aacute;mbrica IEEE 802.11b\/g\/n (WiFi 4)<br \/>\t\t\t&nbsp; Entrada VGA<br \/>\t\t\t&nbsp; Entrada HDMI (2x)<br \/>\t\t\t&nbsp; Entrada compuesto<br \/>\t\t\t&nbsp; Entrada de audio Cinch<br \/>\t\t\t&nbsp; Miracast<br \/>\t\t\t&#8211; Aplicaci&oacute;n Epson iProjection: Ad-Hoc \/ Infraestructura<\/td>\n<\/tr>\n<tr>\n<td valign=\"top\"><strong>Otras Caracter&iacute;sticas<\/strong><\/td>\n<td>&#8211; Seguridad: Protecci&oacute;n Kensington, Candado, Ranura para cable de seguridad, Seguridad de LAN inal&aacute;mbrica, Protecci&oacute;n por contrase&ntilde;a<br \/>\t\t\t&#8211; Modos de color 2D: Din&aacute;mico, Cine, Presentaciones, sRGB, Pizarra negra<br \/>\t\t\t&#8211; Modos de color: Pizarra, Cine, Din&aacute;mico, Presentaci&oacute;n, sRGB<br \/>\t\t\t&#8211; Projector control: via: AMX, Crestron (red)<br \/>\t\t\t&#8211; Tipo de sala\/aplicaci&oacute;n: Sala de reuniones, Port&aacute;til\/espacio de reuniones, Espacio de colaboraci&oacute;n\/aula<br \/>\t\t\t&#8211; Colocaci&oacute;n: Montaje en techo, Escritorio<br \/>\t\t\t&#8211; Software incluido: Epson Projector Management<br \/>\t\t\t<strong>Altavoces<\/strong><br \/>\t\t\t&#8211; 16 vatio<br \/>\t\t\t<strong>Alimentaci&oacute;n<\/strong><br \/>\t\t\t&#8211; Consumo de energ&iacute;a: 327 vatio, 225 vatio (econ&oacute;mico), 0,3 vatio (Standby), On mode power consumption as defined in JBMS-84 286 vatio<br \/>\t\t\t&#8211; Voltaje de suministro: AC 100 V &#8211; 240 V, 50 Hz &#8211; 60 Hz<br \/>\t\t\t<strong>Medidas y peso<\/strong><br \/>\t\t\t&#8211; Dimensiones del producto: 309&lrm; x 282 x 90 mm (ancho x profundidad x altura)<br \/>\t\t\t&#8211; Peso: 3,1 kg<br \/>\t\t\t<strong>Par&aacute;metros de entorno<\/strong><br \/>\t\t\t&#8211; Temperatura: Operaci&oacute;n 5&deg;C &#8211; 40&deg;C, almacenamiento -10&deg;C &#8211; 60&deg;C<br \/>\t\t\t&#8211; Presi&oacute;n ac&uacute;stica: Operaci&oacute;n: 37 dB (A)- Standby: 28 dB (A)<br \/>\t\t\t&#8211; Nivel de ruido: Normal: 37 dB (A) &#8211; Ahorro: 28 dB (A)<br \/>\t\t\t<strong>Incluye<\/strong><br \/>\t\t\t&#8211; Funda de transporte<br \/>\t\t\t&#8211; HDMI Cable 1.8m<br \/>\t\t\t&#8211; Equipo<br \/>\t\t\t&#8211; Cable de alimentaci&oacute;n<br \/>\t\t\t&#8211; Gu&iacute;a r&aacute;pida<br \/>\t\t\t&#8211; Mando a distancia incl. pilas<br \/>\t\t\t&#8211; Juego de manuales de usuario<\/td>\n<\/tr>\n<tr>\n<td><strong>Fecha de revisi&oacute;n<\/strong><\/td>\n<td>17-03-2022 por MPM<\/td>\n<\/tr>\n<\/table>\n","protected":false},"excerpt":{"rendered":"<p>&nbsp; Marca Epson Modelo V11H978040 Imagen &#8211; Sistema de proyecci&oacute;n: Tecnolog&iacute;a 3LCD &#8211; Pantalla LCD: 0,61 pulgada con C2 Fine &#8211; Emisi&oacute;n de luz en color: 4.000 Lumen&#8211; 2.400 Lumen (econ&oacute;mico) de conformidad con IDMS15.4 &#8211; Emisi&oacute;n de luz blanca: 4.000 Lumen &#8211; 2.400 Lumen (econ&oacute;mico) In accordance with ISO 21118:2020 &#8211; Resoluci&oacute;n: Full HD&hellip;&nbsp;<a href=\"https:\/\/aivlisoft.net\/shop\/producto\/epson-eb-fh52-proyector-fhd-4000l-hdmi-usb-wifi\/\" rel=\"bookmark\"><span class=\"screen-reader-text\">Epson EB-FH52  Proyector FHD 4000L HDMI USB Wifi<\/span><\/a><\/p>\n","protected":false},"featured_media":17029,"template":"","meta":{"neve_meta_sidebar":"","neve_meta_container":"","neve_meta_enable_content_width":"","neve_meta_content_width":0,"neve_meta_title_alignment":"","neve_meta_author_avatar":"","neve_post_elements_order":"","neve_meta_disable_header":"","neve_meta_disable_footer":"","neve_meta_disable_title":""},"product_brand":[],"product_cat":[15,8691,719],"product_tag":[6276],"class_list":{"0":"post-17028","1":"product","2":"type-product","3":"status-publish","4":"has-post-thumbnail","6":"product_cat-sin-categorizar","7":"product_cat-accesorios-proyector-pantalla","8":"product_cat-accesorios-proyectores","9":"product_tag-v11h978040","11":"first","12":"instock","13":"taxable","14":"shipping-taxable","15":"purchasable","16":"product-type-simple"},"yoast_head":"<!-- This site is optimized with the Yoast SEO plugin v26.0 - https:\/\/yoast.com\/wordpress\/plugins\/seo\/ -->\n<title>Epson EB-FH52 Proyector FHD 4000L HDMI USB Wifi - Aivlisoft Inform\u00e1tica<\/title>\n<meta name=\"robots\" content=\"index, follow, max-snippet:-1, max-image-preview:large, max-video-preview:-1\" \/>\n<link rel=\"canonical\" href=\"https:\/\/aivlisoft.net\/shop\/producto\/epson-eb-fh52-proyector-fhd-4000l-hdmi-usb-wifi\/\" \/>\n<meta property=\"og:locale\" content=\"es_ES\" \/>\n<meta property=\"og:type\" content=\"article\" \/>\n<meta property=\"og:title\" content=\"Epson EB-FH52 Proyector FHD 4000L HDMI USB Wifi - Aivlisoft Inform\u00e1tica\" \/>\n<meta property=\"og:description\" content=\"&nbsp; Marca Epson Modelo V11H978040 Imagen &#8211; Sistema de proyecci&oacute;n: Tecnolog&iacute;a 3LCD &#8211; Pantalla LCD: 0,61 pulgada con C2 Fine &#8211; Emisi&oacute;n de luz en color: 4.000 Lumen&#8211; 2.400 Lumen (econ&oacute;mico) de conformidad con IDMS15.4 &#8211; Emisi&oacute;n de luz blanca: 4.000 Lumen &#8211; 2.400 Lumen (econ&oacute;mico) In accordance with ISO 21118:2020 &#8211; Resoluci&oacute;n: Full HD&hellip;&nbsp;Epson EB-FH52 Proyector FHD 4000L HDMI USB Wifi\" \/>\n<meta property=\"og:url\" content=\"https:\/\/aivlisoft.net\/shop\/producto\/epson-eb-fh52-proyector-fhd-4000l-hdmi-usb-wifi\/\" \/>\n<meta property=\"og:site_name\" content=\"Aivlisoft Inform\u00e1tica\" \/>\n<meta property=\"article:modified_time\" content=\"2025-01-14T20:37:59+00:00\" \/>\n<meta property=\"og:image\" content=\"https:\/\/aivlisoft.net\/shop\/wp-content\/uploads\/2025\/01\/MPRPRY0487_800.jpg\" \/>\n\t<meta property=\"og:image:width\" content=\"800\" \/>\n\t<meta property=\"og:image:height\" content=\"800\" \/>\n\t<meta property=\"og:image:type\" content=\"image\/jpeg\" \/>\n<meta name=\"twitter:card\" content=\"summary_large_image\" \/>\n<meta name=\"twitter:label1\" content=\"Tiempo de lectura\" \/>\n\t<meta name=\"twitter:data1\" content=\"3 minutos\" \/>\n<script type=\"application\/ld+json\" class=\"yoast-schema-graph\">{\"@context\":\"https:\/\/schema.org\",\"@graph\":[{\"@type\":\"WebPage\",\"@id\":\"https:\/\/aivlisoft.net\/shop\/producto\/epson-eb-fh52-proyector-fhd-4000l-hdmi-usb-wifi\/\",\"url\":\"https:\/\/aivlisoft.net\/shop\/producto\/epson-eb-fh52-proyector-fhd-4000l-hdmi-usb-wifi\/\",\"name\":\"Epson EB-FH52 Proyector FHD 4000L HDMI USB Wifi - Aivlisoft Inform\u00e1tica\",\"isPartOf\":{\"@id\":\"https:\/\/aivlisoft.net\/shop\/#website\"},\"primaryImageOfPage\":{\"@id\":\"https:\/\/aivlisoft.net\/shop\/producto\/epson-eb-fh52-proyector-fhd-4000l-hdmi-usb-wifi\/#primaryimage\"},\"image\":{\"@id\":\"https:\/\/aivlisoft.net\/shop\/producto\/epson-eb-fh52-proyector-fhd-4000l-hdmi-usb-wifi\/#primaryimage\"},\"thumbnailUrl\":\"https:\/\/aivlisoft.net\/shop\/wp-content\/uploads\/2025\/01\/MPRPRY0487_800.jpg\",\"datePublished\":\"2025-01-13T15:08:03+00:00\",\"dateModified\":\"2025-01-14T20:37:59+00:00\",\"breadcrumb\":{\"@id\":\"https:\/\/aivlisoft.net\/shop\/producto\/epson-eb-fh52-proyector-fhd-4000l-hdmi-usb-wifi\/#breadcrumb\"},\"inLanguage\":\"es\",\"potentialAction\":[{\"@type\":\"ReadAction\",\"target\":[\"https:\/\/aivlisoft.net\/shop\/producto\/epson-eb-fh52-proyector-fhd-4000l-hdmi-usb-wifi\/\"]}]},{\"@type\":\"ImageObject\",\"inLanguage\":\"es\",\"@id\":\"https:\/\/aivlisoft.net\/shop\/producto\/epson-eb-fh52-proyector-fhd-4000l-hdmi-usb-wifi\/#primaryimage\",\"url\":\"https:\/\/aivlisoft.net\/shop\/wp-content\/uploads\/2025\/01\/MPRPRY0487_800.jpg\",\"contentUrl\":\"https:\/\/aivlisoft.net\/shop\/wp-content\/uploads\/2025\/01\/MPRPRY0487_800.jpg\",\"width\":800,\"height\":800},{\"@type\":\"BreadcrumbList\",\"@id\":\"https:\/\/aivlisoft.net\/shop\/producto\/epson-eb-fh52-proyector-fhd-4000l-hdmi-usb-wifi\/#breadcrumb\",\"itemListElement\":[{\"@type\":\"ListItem\",\"position\":1,\"name\":\"Portada\",\"item\":\"https:\/\/aivlisoft.net\/shop\/\"},{\"@type\":\"ListItem\",\"position\":2,\"name\":\"Tienda\",\"item\":\"https:\/\/aivlisoft.net\/shop\/tienda\/\"},{\"@type\":\"ListItem\",\"position\":3,\"name\":\"Epson EB-FH52 Proyector FHD 4000L HDMI USB Wifi\"}]},{\"@type\":\"WebSite\",\"@id\":\"https:\/\/aivlisoft.net\/shop\/#website\",\"url\":\"https:\/\/aivlisoft.net\/shop\/\",\"name\":\"Aivlisoft Inform\u00e1tica\",\"description\":\"En Aivlisoft Inform\u00e1tica ofrecemos soluciones tecnol\u00f3gicas para empresas: venta de ordenadores, consumibles, perif\u00e9ricos y m\u00e1s. Calidad, atenci\u00f3n personalizada y los mejores precios para tu negocio.\",\"publisher\":{\"@id\":\"https:\/\/aivlisoft.net\/shop\/#organization\"},\"potentialAction\":[{\"@type\":\"SearchAction\",\"target\":{\"@type\":\"EntryPoint\",\"urlTemplate\":\"https:\/\/aivlisoft.net\/shop\/?s={search_term_string}\"},\"query-input\":{\"@type\":\"PropertyValueSpecification\",\"valueRequired\":true,\"valueName\":\"search_term_string\"}}],\"inLanguage\":\"es\"},{\"@type\":\"Organization\",\"@id\":\"https:\/\/aivlisoft.net\/shop\/#organization\",\"name\":\"Aivlisoft Inform\u00e1tica\",\"url\":\"https:\/\/aivlisoft.net\/shop\/\",\"logo\":{\"@type\":\"ImageObject\",\"inLanguage\":\"es\",\"@id\":\"https:\/\/aivlisoft.net\/shop\/#\/schema\/logo\/image\/\",\"url\":\"https:\/\/aivlisoft.net\/shop\/wp-content\/uploads\/2024\/12\/removal.ai_5b848c54-0cdf-4140-95c5-c5536bb7573b-logodef.png\",\"contentUrl\":\"https:\/\/aivlisoft.net\/shop\/wp-content\/uploads\/2024\/12\/removal.ai_5b848c54-0cdf-4140-95c5-c5536bb7573b-logodef.png\",\"width\":484,\"height\":182,\"caption\":\"Aivlisoft Inform\u00e1tica\"},\"image\":{\"@id\":\"https:\/\/aivlisoft.net\/shop\/#\/schema\/logo\/image\/\"}}]}<\/script>\n<!-- \/ Yoast SEO plugin. -->","yoast_head_json":{"title":"Epson EB-FH52 Proyector FHD 4000L HDMI USB Wifi - Aivlisoft Inform\u00e1tica","robots":{"index":"index","follow":"follow","max-snippet":"max-snippet:-1","max-image-preview":"max-image-preview:large","max-video-preview":"max-video-preview:-1"},"canonical":"https:\/\/aivlisoft.net\/shop\/producto\/epson-eb-fh52-proyector-fhd-4000l-hdmi-usb-wifi\/","og_locale":"es_ES","og_type":"article","og_title":"Epson EB-FH52 Proyector FHD 4000L HDMI USB Wifi - Aivlisoft Inform\u00e1tica","og_description":"&nbsp; Marca Epson Modelo V11H978040 Imagen &#8211; Sistema de proyecci&oacute;n: Tecnolog&iacute;a 3LCD &#8211; Pantalla LCD: 0,61 pulgada con C2 Fine &#8211; Emisi&oacute;n de luz en color: 4.000 Lumen&#8211; 2.400 Lumen (econ&oacute;mico) de conformidad con IDMS15.4 &#8211; Emisi&oacute;n de luz blanca: 4.000 Lumen &#8211; 2.400 Lumen (econ&oacute;mico) In accordance with ISO 21118:2020 &#8211; Resoluci&oacute;n: Full HD&hellip;&nbsp;Epson EB-FH52 Proyector FHD 4000L HDMI USB Wifi","og_url":"https:\/\/aivlisoft.net\/shop\/producto\/epson-eb-fh52-proyector-fhd-4000l-hdmi-usb-wifi\/","og_site_name":"Aivlisoft Inform\u00e1tica","article_modified_time":"2025-01-14T20:37:59+00:00","og_image":[{"width":800,"height":800,"url":"https:\/\/aivlisoft.net\/shop\/wp-content\/uploads\/2025\/01\/MPRPRY0487_800.jpg","type":"image\/jpeg"}],"twitter_card":"summary_large_image","twitter_misc":{"Tiempo de lectura":"3 minutos"},"schema":{"@context":"https:\/\/schema.org","@graph":[{"@type":"WebPage","@id":"https:\/\/aivlisoft.net\/shop\/producto\/epson-eb-fh52-proyector-fhd-4000l-hdmi-usb-wifi\/","url":"https:\/\/aivlisoft.net\/shop\/producto\/epson-eb-fh52-proyector-fhd-4000l-hdmi-usb-wifi\/","name":"Epson EB-FH52 Proyector FHD 4000L HDMI USB Wifi - Aivlisoft Inform\u00e1tica","isPartOf":{"@id":"https:\/\/aivlisoft.net\/shop\/#website"},"primaryImageOfPage":{"@id":"https:\/\/aivlisoft.net\/shop\/producto\/epson-eb-fh52-proyector-fhd-4000l-hdmi-usb-wifi\/#primaryimage"},"image":{"@id":"https:\/\/aivlisoft.net\/shop\/producto\/epson-eb-fh52-proyector-fhd-4000l-hdmi-usb-wifi\/#primaryimage"},"thumbnailUrl":"https:\/\/aivlisoft.net\/shop\/wp-content\/uploads\/2025\/01\/MPRPRY0487_800.jpg","datePublished":"2025-01-13T15:08:03+00:00","dateModified":"2025-01-14T20:37:59+00:00","breadcrumb":{"@id":"https:\/\/aivlisoft.net\/shop\/producto\/epson-eb-fh52-proyector-fhd-4000l-hdmi-usb-wifi\/#breadcrumb"},"inLanguage":"es","potentialAction":[{"@type":"ReadAction","target":["https:\/\/aivlisoft.net\/shop\/producto\/epson-eb-fh52-proyector-fhd-4000l-hdmi-usb-wifi\/"]}]},{"@type":"ImageObject","inLanguage":"es","@id":"https:\/\/aivlisoft.net\/shop\/producto\/epson-eb-fh52-proyector-fhd-4000l-hdmi-usb-wifi\/#primaryimage","url":"https:\/\/aivlisoft.net\/shop\/wp-content\/uploads\/2025\/01\/MPRPRY0487_800.jpg","contentUrl":"https:\/\/aivlisoft.net\/shop\/wp-content\/uploads\/2025\/01\/MPRPRY0487_800.jpg","width":800,"height":800},{"@type":"BreadcrumbList","@id":"https:\/\/aivlisoft.net\/shop\/producto\/epson-eb-fh52-proyector-fhd-4000l-hdmi-usb-wifi\/#breadcrumb","itemListElement":[{"@type":"ListItem","position":1,"name":"Portada","item":"https:\/\/aivlisoft.net\/shop\/"},{"@type":"ListItem","position":2,"name":"Tienda","item":"https:\/\/aivlisoft.net\/shop\/tienda\/"},{"@type":"ListItem","position":3,"name":"Epson EB-FH52 Proyector FHD 4000L HDMI USB Wifi"}]},{"@type":"WebSite","@id":"https:\/\/aivlisoft.net\/shop\/#website","url":"https:\/\/aivlisoft.net\/shop\/","name":"Aivlisoft Inform\u00e1tica","description":"En Aivlisoft Inform\u00e1tica ofrecemos soluciones tecnol\u00f3gicas para empresas: venta de ordenadores, consumibles, perif\u00e9ricos y m\u00e1s. Calidad, atenci\u00f3n personalizada y los mejores precios para tu negocio.","publisher":{"@id":"https:\/\/aivlisoft.net\/shop\/#organization"},"potentialAction":[{"@type":"SearchAction","target":{"@type":"EntryPoint","urlTemplate":"https:\/\/aivlisoft.net\/shop\/?s={search_term_string}"},"query-input":{"@type":"PropertyValueSpecification","valueRequired":true,"valueName":"search_term_string"}}],"inLanguage":"es"},{"@type":"Organization","@id":"https:\/\/aivlisoft.net\/shop\/#organization","name":"Aivlisoft Inform\u00e1tica","url":"https:\/\/aivlisoft.net\/shop\/","logo":{"@type":"ImageObject","inLanguage":"es","@id":"https:\/\/aivlisoft.net\/shop\/#\/schema\/logo\/image\/","url":"https:\/\/aivlisoft.net\/shop\/wp-content\/uploads\/2024\/12\/removal.ai_5b848c54-0cdf-4140-95c5-c5536bb7573b-logodef.png","contentUrl":"https:\/\/aivlisoft.net\/shop\/wp-content\/uploads\/2024\/12\/removal.ai_5b848c54-0cdf-4140-95c5-c5536bb7573b-logodef.png","width":484,"height":182,"caption":"Aivlisoft Inform\u00e1tica"},"image":{"@id":"https:\/\/aivlisoft.net\/shop\/#\/schema\/logo\/image\/"}}]}},"_links":{"self":[{"href":"https:\/\/aivlisoft.net\/shop\/wp-json\/wp\/v2\/product\/17028","targetHints":{"allow":["GET"]}}],"collection":[{"href":"https:\/\/aivlisoft.net\/shop\/wp-json\/wp\/v2\/product"}],"about":[{"href":"https:\/\/aivlisoft.net\/shop\/wp-json\/wp\/v2\/types\/product"}],"wp:featuredmedia":[{"embeddable":true,"href":"https:\/\/aivlisoft.net\/shop\/wp-json\/wp\/v2\/media\/17029"}],"wp:attachment":[{"href":"https:\/\/aivlisoft.net\/shop\/wp-json\/wp\/v2\/media?parent=17028"}],"wp:term":[{"taxonomy":"product_brand","embeddable":true,"href":"https:\/\/aivlisoft.net\/shop\/wp-json\/wp\/v2\/product_brand?post=17028"},{"taxonomy":"product_cat","embeddable":true,"href":"https:\/\/aivlisoft.net\/shop\/wp-json\/wp\/v2\/product_cat?post=17028"},{"taxonomy":"product_tag","embeddable":true,"href":"https:\/\/aivlisoft.net\/shop\/wp-json\/wp\/v2\/product_tag?post=17028"}],"curies":[{"name":"wp","href":"https:\/\/api.w.org\/{rel}","templated":true}]}}