{"id":17022,"date":"2025-01-13T15:07:59","date_gmt":"2025-01-13T15:07:59","guid":{"rendered":"https:\/\/aivlisoft.com\/?post_type=product&#038;p=17022"},"modified":"2025-01-14T20:38:00","modified_gmt":"2025-01-14T20:38:00","slug":"benq-mx825sth-proyector-xga-3500l-hdmi-corta-dist","status":"publish","type":"product","link":"https:\/\/aivlisoft.net\/shop\/producto\/benq-mx825sth-proyector-xga-3500l-hdmi-corta-dist\/","title":{"rendered":"Benq MX825STH Proyector XGA 3500L HDMI corta dist."},"content":{"rendered":"<p>Benq MX825STH Proyector XGA 3500L HDMI corta distancia.<br \/>&nbsp;<\/p>\n<table width=\"100%\">\n<tr>\n<td><strong>Marca<\/strong><\/td>\n<td>Benq<\/td>\n<\/tr>\n<tr>\n<td><strong>Modelo<\/strong><\/td>\n<td><strong>9H.JMV77.13E<\/strong><\/td>\n<\/tr>\n<tr>\n<td><strong>Caracter&iacute;sticas<\/strong><\/td>\n<td><strong>&Oacute;ptica<\/strong><br \/>\t\t\t&#8211; Relaci&oacute;n de zoom: fijo<br \/>\t\t\t&#8211; Desplazamiento de lente: Na<br \/>\t\t\t&#8211; Correcci&oacute;n de keystone: 1D, vertical &plusmn; 30 grados<br \/>\t\t\t&#8211; Tama&ntilde;o de proyecci&oacute;n: 60 &quot;~ 120&quot; \/ 120&quot;<br \/>\t\t\t&#8211; Desplazamiento de proyecci&oacute;n:115%&plusmn;2.5% (Altura Completa)<br \/>\t\t\t<strong>Monitor<\/strong><br \/>\t\t\t&#8211; Sistema de proyecci&oacute;n: Dlp<br \/>\t\t\t&#8211; Tipo DMD: XGA de 0,55&quot;<br \/>\t\t\t&#8211; Brillo: 3500AL<br \/>\t\t\t&#8211; Color de visualizaci&oacute;n: 30 bits\/1.07 mil millones de colores<br \/>\t\t\t&#8211; Relaci&oacute;n de aspecto: Nativo 4:3 (5 relaci&oacute;n de aspecto seleccionable)<br \/>\t\t\t&#8211; Fuente de luz: l&aacute;mpara<br \/>\t\t\t&#8211; Vida de la fuente de luz: 6000\/10000\/10000\/15000 horas (Normal\/Econ&oacute;mico\/SmartEco\/LampSave)<br \/>\t\t\t&#8211; Resoluci&oacute;n nativa: XGA(1024X768)<br \/>\t\t\t&#8211; Relaci&oacute;n de contraste: 20,000:1<br \/>\t\t\t<strong>Audio<\/strong><br \/>\t\t\t&#8211; Altavoz incorporado: 10Wx1<br \/>\t\t\tConectividad:<br \/>\t\t\t&#8211; Entradade ordenador (D-sub de 15 pines) x 2 (Compartir con componente)<br \/>\t\t\t&#8211; Salida del monitor (D-sub de 15 pines) x 1 entrada de v&iacute;deo compuesto (RCA) x 1 entrada de S-V&iacute;deo (Mini DIN de 4 pines) x 1<br \/>\t\t\t&#8211; HDMI x 2<br \/>\t\t\t&#8211; Mini Jack x 2<br \/>\t\t\t&#8211; Salida de audio (Mini Jack) x 1<br \/>\t\t\t&#8211; L\/R (RCA) x 1<br \/>\t\t\t&#8211; Altavoz 10W x 1<br \/>\t\t\t&#8211; USB (tipo A) x 1 (s&oacute;lo alimentaci&oacute;n 5V\/1.5A)<br \/>\t\t\t&#8211; USB (tipo Mini B) x 1 (Descarga y p&aacute;gina\/abajo)<br \/>\t\t\t&#8211; RS232 (DB-9pin) x 1<br \/>\t\t\t&#8211; LAN (RJ45) x 1<br \/>\t\t\t<strong>Compatibilidad<\/strong><br \/>\t\t\t&#8211; Soporte de resoluci&oacute;n: VGA(640 x 480) a WUXGA_RB(1920 x 1200)<br \/>\t\t\t&#8211; Frecuencia horizontal: 15 K ~ 102 KHz<br \/>\t\t\t&#8211; Velocidad de escaneo vertical: 23 Hz ~ 120Hz<br \/>\t\t\t&#8211; Compatibilidad con HDTV: 480i, 480p, 576i, 567p, 720p, 1080i, 1080p<br \/>\t\t\t&#8211; Trama secuencial: Hasta 720p<br \/>\t\t\t&#8211; Embalaje de trama: Hasta 24<br \/>\t\t\t&#8211; Hz 1080p Lado a lado Mitad: Hasta 60Hz 1080p<br \/>\t\t\t&#8211; Parte superior inferior: Hasta 60Hz 1080p<br \/>\t\t\t<strong>Bater&iacute;a<\/strong><br \/>\t\t\t&#8211; Consumo de energ&iacute;a (M&aacute;x\/Normal\/Eco): T&iacute;pico 260W<br \/>\t\t\t&#8211; Consumo de energ&iacute;a en espera: Standby&lt;0.5W, Espera de red&lt;2W<br \/>\t\t\t&#8211; Fuente de alimentaci&oacute;n: CA de 100 a 240 V, 50\/60 Hz<br \/>\t\t\t<strong>Dise&ntilde;o<\/strong><br \/>\t\t\t&#8211; Dimensiones del producto (An x Al x Al): 296 (An))*239(D)*120(H) mm<br \/>\t\t\t&#8211; Peso del producto: 2,6 Kg (5,7 lbs)<\/td>\n<\/tr>\n<tr>\n<td><strong>Fecha de revisi&oacute;n<\/strong><\/td>\n<td>15-06-2021 por YMC<\/td>\n<\/tr>\n<\/table>\n","protected":false},"excerpt":{"rendered":"<p>Benq MX825STH Proyector XGA 3500L HDMI corta distancia.&nbsp; Marca Benq Modelo 9H.JMV77.13E Caracter&iacute;sticas &Oacute;ptica &#8211; Relaci&oacute;n de zoom: fijo &#8211; Desplazamiento de lente: Na &#8211; Correcci&oacute;n de keystone: 1D, vertical &plusmn; 30 grados &#8211; Tama&ntilde;o de proyecci&oacute;n: 60 &quot;~ 120&quot; \/ 120&quot; &#8211; Desplazamiento de proyecci&oacute;n:115%&plusmn;2.5% (Altura Completa) Monitor &#8211; Sistema de proyecci&oacute;n: Dlp &#8211;&hellip;&nbsp;<a href=\"https:\/\/aivlisoft.net\/shop\/producto\/benq-mx825sth-proyector-xga-3500l-hdmi-corta-dist\/\" rel=\"bookmark\"><span class=\"screen-reader-text\">Benq MX825STH Proyector XGA 3500L HDMI corta dist.<\/span><\/a><\/p>\n","protected":false},"featured_media":0,"template":"","meta":{"neve_meta_sidebar":"","neve_meta_container":"","neve_meta_enable_content_width":"","neve_meta_content_width":0,"neve_meta_title_alignment":"","neve_meta_author_avatar":"","neve_post_elements_order":"","neve_meta_disable_header":"","neve_meta_disable_footer":"","neve_meta_disable_title":""},"product_brand":[],"product_cat":[15,8691,719],"product_tag":[6274],"class_list":{"0":"post-17022","1":"product","2":"type-product","3":"status-publish","5":"product_cat-sin-categorizar","6":"product_cat-accesorios-proyector-pantalla","7":"product_cat-accesorios-proyectores","8":"product_tag-9h-jmv77-13e","10":"first","11":"instock","12":"taxable","13":"shipping-taxable","14":"purchasable","15":"product-type-simple"},"yoast_head":"<!-- This site is optimized with the Yoast SEO plugin v26.0 - https:\/\/yoast.com\/wordpress\/plugins\/seo\/ -->\n<title>Benq MX825STH Proyector XGA 3500L HDMI corta dist. - Aivlisoft Inform\u00e1tica<\/title>\n<meta name=\"robots\" content=\"index, follow, max-snippet:-1, max-image-preview:large, max-video-preview:-1\" \/>\n<link rel=\"canonical\" href=\"https:\/\/aivlisoft.net\/shop\/producto\/benq-mx825sth-proyector-xga-3500l-hdmi-corta-dist\/\" \/>\n<meta property=\"og:locale\" content=\"es_ES\" \/>\n<meta property=\"og:type\" content=\"article\" \/>\n<meta property=\"og:title\" content=\"Benq MX825STH Proyector XGA 3500L HDMI corta dist. - Aivlisoft Inform\u00e1tica\" \/>\n<meta property=\"og:description\" content=\"Benq MX825STH Proyector XGA 3500L HDMI corta distancia.&nbsp; Marca Benq Modelo 9H.JMV77.13E Caracter&iacute;sticas &Oacute;ptica &#8211; Relaci&oacute;n de zoom: fijo &#8211; Desplazamiento de lente: Na &#8211; Correcci&oacute;n de keystone: 1D, vertical &plusmn; 30 grados &#8211; Tama&ntilde;o de proyecci&oacute;n: 60 &quot;~ 120&quot; \/ 120&quot; &#8211; Desplazamiento de proyecci&oacute;n:115%&plusmn;2.5% (Altura Completa) Monitor &#8211; Sistema de proyecci&oacute;n: Dlp &#8211;&hellip;&nbsp;Benq MX825STH Proyector XGA 3500L HDMI corta dist.\" \/>\n<meta property=\"og:url\" content=\"https:\/\/aivlisoft.net\/shop\/producto\/benq-mx825sth-proyector-xga-3500l-hdmi-corta-dist\/\" \/>\n<meta property=\"og:site_name\" content=\"Aivlisoft Inform\u00e1tica\" \/>\n<meta property=\"article:modified_time\" content=\"2025-01-14T20:38:00+00:00\" \/>\n<meta name=\"twitter:card\" content=\"summary_large_image\" \/>\n<meta name=\"twitter:label1\" content=\"Tiempo de lectura\" \/>\n\t<meta name=\"twitter:data1\" content=\"2 minutos\" \/>\n<script type=\"application\/ld+json\" class=\"yoast-schema-graph\">{\"@context\":\"https:\/\/schema.org\",\"@graph\":[{\"@type\":\"WebPage\",\"@id\":\"https:\/\/aivlisoft.net\/shop\/producto\/benq-mx825sth-proyector-xga-3500l-hdmi-corta-dist\/\",\"url\":\"https:\/\/aivlisoft.net\/shop\/producto\/benq-mx825sth-proyector-xga-3500l-hdmi-corta-dist\/\",\"name\":\"Benq MX825STH Proyector XGA 3500L HDMI corta dist. - Aivlisoft Inform\u00e1tica\",\"isPartOf\":{\"@id\":\"https:\/\/aivlisoft.net\/shop\/#website\"},\"datePublished\":\"2025-01-13T15:07:59+00:00\",\"dateModified\":\"2025-01-14T20:38:00+00:00\",\"breadcrumb\":{\"@id\":\"https:\/\/aivlisoft.net\/shop\/producto\/benq-mx825sth-proyector-xga-3500l-hdmi-corta-dist\/#breadcrumb\"},\"inLanguage\":\"es\",\"potentialAction\":[{\"@type\":\"ReadAction\",\"target\":[\"https:\/\/aivlisoft.net\/shop\/producto\/benq-mx825sth-proyector-xga-3500l-hdmi-corta-dist\/\"]}]},{\"@type\":\"BreadcrumbList\",\"@id\":\"https:\/\/aivlisoft.net\/shop\/producto\/benq-mx825sth-proyector-xga-3500l-hdmi-corta-dist\/#breadcrumb\",\"itemListElement\":[{\"@type\":\"ListItem\",\"position\":1,\"name\":\"Portada\",\"item\":\"https:\/\/aivlisoft.net\/shop\/\"},{\"@type\":\"ListItem\",\"position\":2,\"name\":\"Tienda\",\"item\":\"https:\/\/aivlisoft.net\/shop\/tienda\/\"},{\"@type\":\"ListItem\",\"position\":3,\"name\":\"Benq MX825STH Proyector XGA 3500L HDMI corta dist.\"}]},{\"@type\":\"WebSite\",\"@id\":\"https:\/\/aivlisoft.net\/shop\/#website\",\"url\":\"https:\/\/aivlisoft.net\/shop\/\",\"name\":\"Aivlisoft Inform\u00e1tica\",\"description\":\"En Aivlisoft Inform\u00e1tica ofrecemos soluciones tecnol\u00f3gicas para empresas: venta de ordenadores, consumibles, perif\u00e9ricos y m\u00e1s. Calidad, atenci\u00f3n personalizada y los mejores precios para tu negocio.\",\"publisher\":{\"@id\":\"https:\/\/aivlisoft.net\/shop\/#organization\"},\"potentialAction\":[{\"@type\":\"SearchAction\",\"target\":{\"@type\":\"EntryPoint\",\"urlTemplate\":\"https:\/\/aivlisoft.net\/shop\/?s={search_term_string}\"},\"query-input\":{\"@type\":\"PropertyValueSpecification\",\"valueRequired\":true,\"valueName\":\"search_term_string\"}}],\"inLanguage\":\"es\"},{\"@type\":\"Organization\",\"@id\":\"https:\/\/aivlisoft.net\/shop\/#organization\",\"name\":\"Aivlisoft Inform\u00e1tica\",\"url\":\"https:\/\/aivlisoft.net\/shop\/\",\"logo\":{\"@type\":\"ImageObject\",\"inLanguage\":\"es\",\"@id\":\"https:\/\/aivlisoft.net\/shop\/#\/schema\/logo\/image\/\",\"url\":\"https:\/\/aivlisoft.net\/shop\/wp-content\/uploads\/2024\/12\/removal.ai_5b848c54-0cdf-4140-95c5-c5536bb7573b-logodef.png\",\"contentUrl\":\"https:\/\/aivlisoft.net\/shop\/wp-content\/uploads\/2024\/12\/removal.ai_5b848c54-0cdf-4140-95c5-c5536bb7573b-logodef.png\",\"width\":484,\"height\":182,\"caption\":\"Aivlisoft Inform\u00e1tica\"},\"image\":{\"@id\":\"https:\/\/aivlisoft.net\/shop\/#\/schema\/logo\/image\/\"}}]}<\/script>\n<!-- \/ Yoast SEO plugin. -->","yoast_head_json":{"title":"Benq MX825STH Proyector XGA 3500L HDMI corta dist. - Aivlisoft Inform\u00e1tica","robots":{"index":"index","follow":"follow","max-snippet":"max-snippet:-1","max-image-preview":"max-image-preview:large","max-video-preview":"max-video-preview:-1"},"canonical":"https:\/\/aivlisoft.net\/shop\/producto\/benq-mx825sth-proyector-xga-3500l-hdmi-corta-dist\/","og_locale":"es_ES","og_type":"article","og_title":"Benq MX825STH Proyector XGA 3500L HDMI corta dist. - Aivlisoft Inform\u00e1tica","og_description":"Benq MX825STH Proyector XGA 3500L HDMI corta distancia.&nbsp; Marca Benq Modelo 9H.JMV77.13E Caracter&iacute;sticas &Oacute;ptica &#8211; Relaci&oacute;n de zoom: fijo &#8211; Desplazamiento de lente: Na &#8211; Correcci&oacute;n de keystone: 1D, vertical &plusmn; 30 grados &#8211; Tama&ntilde;o de proyecci&oacute;n: 60 &quot;~ 120&quot; \/ 120&quot; &#8211; Desplazamiento de proyecci&oacute;n:115%&plusmn;2.5% (Altura Completa) Monitor &#8211; Sistema de proyecci&oacute;n: Dlp &#8211;&hellip;&nbsp;Benq MX825STH Proyector XGA 3500L HDMI corta dist.","og_url":"https:\/\/aivlisoft.net\/shop\/producto\/benq-mx825sth-proyector-xga-3500l-hdmi-corta-dist\/","og_site_name":"Aivlisoft Inform\u00e1tica","article_modified_time":"2025-01-14T20:38:00+00:00","twitter_card":"summary_large_image","twitter_misc":{"Tiempo de lectura":"2 minutos"},"schema":{"@context":"https:\/\/schema.org","@graph":[{"@type":"WebPage","@id":"https:\/\/aivlisoft.net\/shop\/producto\/benq-mx825sth-proyector-xga-3500l-hdmi-corta-dist\/","url":"https:\/\/aivlisoft.net\/shop\/producto\/benq-mx825sth-proyector-xga-3500l-hdmi-corta-dist\/","name":"Benq MX825STH Proyector XGA 3500L HDMI corta dist. - Aivlisoft Inform\u00e1tica","isPartOf":{"@id":"https:\/\/aivlisoft.net\/shop\/#website"},"datePublished":"2025-01-13T15:07:59+00:00","dateModified":"2025-01-14T20:38:00+00:00","breadcrumb":{"@id":"https:\/\/aivlisoft.net\/shop\/producto\/benq-mx825sth-proyector-xga-3500l-hdmi-corta-dist\/#breadcrumb"},"inLanguage":"es","potentialAction":[{"@type":"ReadAction","target":["https:\/\/aivlisoft.net\/shop\/producto\/benq-mx825sth-proyector-xga-3500l-hdmi-corta-dist\/"]}]},{"@type":"BreadcrumbList","@id":"https:\/\/aivlisoft.net\/shop\/producto\/benq-mx825sth-proyector-xga-3500l-hdmi-corta-dist\/#breadcrumb","itemListElement":[{"@type":"ListItem","position":1,"name":"Portada","item":"https:\/\/aivlisoft.net\/shop\/"},{"@type":"ListItem","position":2,"name":"Tienda","item":"https:\/\/aivlisoft.net\/shop\/tienda\/"},{"@type":"ListItem","position":3,"name":"Benq MX825STH Proyector XGA 3500L HDMI corta dist."}]},{"@type":"WebSite","@id":"https:\/\/aivlisoft.net\/shop\/#website","url":"https:\/\/aivlisoft.net\/shop\/","name":"Aivlisoft Inform\u00e1tica","description":"En Aivlisoft Inform\u00e1tica ofrecemos soluciones tecnol\u00f3gicas para empresas: venta de ordenadores, consumibles, perif\u00e9ricos y m\u00e1s. Calidad, atenci\u00f3n personalizada y los mejores precios para tu negocio.","publisher":{"@id":"https:\/\/aivlisoft.net\/shop\/#organization"},"potentialAction":[{"@type":"SearchAction","target":{"@type":"EntryPoint","urlTemplate":"https:\/\/aivlisoft.net\/shop\/?s={search_term_string}"},"query-input":{"@type":"PropertyValueSpecification","valueRequired":true,"valueName":"search_term_string"}}],"inLanguage":"es"},{"@type":"Organization","@id":"https:\/\/aivlisoft.net\/shop\/#organization","name":"Aivlisoft Inform\u00e1tica","url":"https:\/\/aivlisoft.net\/shop\/","logo":{"@type":"ImageObject","inLanguage":"es","@id":"https:\/\/aivlisoft.net\/shop\/#\/schema\/logo\/image\/","url":"https:\/\/aivlisoft.net\/shop\/wp-content\/uploads\/2024\/12\/removal.ai_5b848c54-0cdf-4140-95c5-c5536bb7573b-logodef.png","contentUrl":"https:\/\/aivlisoft.net\/shop\/wp-content\/uploads\/2024\/12\/removal.ai_5b848c54-0cdf-4140-95c5-c5536bb7573b-logodef.png","width":484,"height":182,"caption":"Aivlisoft Inform\u00e1tica"},"image":{"@id":"https:\/\/aivlisoft.net\/shop\/#\/schema\/logo\/image\/"}}]}},"_links":{"self":[{"href":"https:\/\/aivlisoft.net\/shop\/wp-json\/wp\/v2\/product\/17022","targetHints":{"allow":["GET"]}}],"collection":[{"href":"https:\/\/aivlisoft.net\/shop\/wp-json\/wp\/v2\/product"}],"about":[{"href":"https:\/\/aivlisoft.net\/shop\/wp-json\/wp\/v2\/types\/product"}],"wp:attachment":[{"href":"https:\/\/aivlisoft.net\/shop\/wp-json\/wp\/v2\/media?parent=17022"}],"wp:term":[{"taxonomy":"product_brand","embeddable":true,"href":"https:\/\/aivlisoft.net\/shop\/wp-json\/wp\/v2\/product_brand?post=17022"},{"taxonomy":"product_cat","embeddable":true,"href":"https:\/\/aivlisoft.net\/shop\/wp-json\/wp\/v2\/product_cat?post=17022"},{"taxonomy":"product_tag","embeddable":true,"href":"https:\/\/aivlisoft.net\/shop\/wp-json\/wp\/v2\/product_tag?post=17022"}],"curies":[{"name":"wp","href":"https:\/\/api.w.org\/{rel}","templated":true}]}}