{"id":17012,"date":"2025-01-13T15:07:55","date_gmt":"2025-01-13T15:07:55","guid":{"rendered":"https:\/\/aivlisoft.com\/?post_type=product&#038;p=17012"},"modified":"2025-01-14T20:38:01","modified_gmt":"2025-01-14T20:38:01","slug":"benq-mh733-proyector-dlp-1080p-4000al-160001","status":"publish","type":"product","link":"https:\/\/aivlisoft.net\/shop\/producto\/benq-mh733-proyector-dlp-1080p-4000al-160001\/","title":{"rendered":"Benq MH733 Proyector  DLP 1080p 4000AL 16000:1"},"content":{"rendered":"<p><\/p>\n<table class=\"tabla_caracteristicas k-table\" width=\"100%\">\n<tr>\n<td><strong>Marca<\/strong><\/td>\n<td>BenQ<\/td>\n<\/tr>\n<tr>\n<td><strong>Modelo<\/strong><\/td>\n<td><strong>9H.JGT77.1HE<\/strong><\/td>\n<\/tr>\n<tr>\n<td><strong>Imagen<\/strong><\/td>\n<td>&#8211; Tipo de dispositivo: Proyector DLP<br \/>\t\t\t&#8211; Brillo: <strong>4000 <\/strong>ANSI l&uacute;menes<br \/>\t\t\t&#8211; Resoluci&oacute;n: 1080p (1920x 1080)<br \/>\t\t\t&#8211; Compatibilidad con resoluci&oacute;n: VGA(640 x 480) to WUXGA_RB(1920 x 1200)<br \/>\t\t\t&#8211; Ratio de contraste (FOFO): 16,000:1<br \/>\t\t\t&#8211; Color de la pantalla: 30 Bits (1,07 billion)<br \/>\t\t\t&#8211; Relaci&oacute;n de aspecto nativa: 16:9<br \/>\t\t\t&#8211; Fuente de luz: L&aacute;mpara<br \/>\t\t\t&#8211; Potencia de la L&aacute;mpara: 240W<br \/>\t\t\t&#8211; Vida &uacute;til de la L&aacute;mpara:<br \/>\t\t\t&nbsp; Normal 4000 horas<br \/>\t\t\t&nbsp; Eco 8000 horas<br \/>\t\t\t&nbsp; SmartEco 8000 horas&lrm;<br \/>\t\t\t&nbsp; Lampsave 15000 horas<\/td>\n<\/tr>\n<tr>\n<td><strong>Conexiones<\/strong><\/td>\n<td>&#8211; 1 x PC (D-sub)<br \/>\t\t\t&#8211; 1 x Salida de monitor (D-sub de 15 patillas)<br \/>\t\t\t&#8211; 2 x HDMI<br \/>\t\t\t&#8211; 2 x USB tipo A<br \/>\t\t\t&#8211; 1 x USB tipo mini B<br \/>\t\t\t&#8211; 1 x Entrada de audio (miniconector de 3,5 mm)<br \/>\t\t\t&#8211; 1 x Salida de audio (miniconector de 3,5 mm)<br \/>\t\t\t&#8211; 1 x LAN (RJ45)<br \/>\t\t\t&#8211; 1 x RS232<br \/>\t\t\t&#8211; 2 x Receptor de IR<br \/>\t\t\t&#8211; 1 x Barra de seguridad<\/td>\n<\/tr>\n<tr>\n<td valign=\"top\"><strong>Otras caracter&iacute;sticas<\/strong><\/td>\n<td><strong>Objetivo<\/strong><br \/>\t\t\t&#8211; &Iacute;ndice de proyecci&oacute;n: 1.15-1.5<br \/>\t\t\t&#8211; &Iacute;ndice de zoom: 1.3:1<br \/>\t\t\t&#8211; Lentes: F=2.59~2.87, f=16.88~21.88<br \/>\t\t\t&#8211; Ajuste de la correcci&oacute;n trapezoidal: 2D keystone, Vertical &plusmn; 30 &amp; Horizontal &plusmn; 20 degrees, Auto Vertical keystone<br \/>\t\t\t&#8211; Desplazamiento de la proyecci&oacute;n: 105%&plusmn;2.5% (Full-Height)<br \/>\t\t\t&#8211; Tama&ntilde;o de imagen clara (diagonal): 60&quot;~180&quot; &lrm;<br \/>\t\t\t&#8211; Tama&ntilde;o de imagen: 30&quot;~300&quot;<br \/>\t\t\t&#8211; Frecuencia horizontal: 15K-102KHz &lrm;<br \/>\t\t\t&#8211; Frecuencia de barrido vertical: 23~120Hz&lrm;<br \/>\t\t\t<strong>Compatibilidad<\/strong><br \/>\t\t\t&#8211; Compatibilidad con HDTV: 480i, 480p, 576i, 576p, 720p, 1080i, 1080p &lrm;<br \/>\t\t\t&#8211; Compatibilidad con v&iacute;deo: NTSC, PAL, SECAM &lrm;<br \/>\t\t\t<strong>Alimentaci&oacute;n<\/strong><br \/>\t\t\t&#8211; Fuente de alimentaci&oacute;n: AC 100 to 240 V, 50\/60 Hz<br \/>\t\t\t&#8211; Consumo de energ&iacute;a t&iacute;pico: 320W( Normal)<br \/>\t\t\t&#8211; Consumo de energ&iacute;a en espera: &lt;0.5W&lrm;<br \/>\t\t\t&#8211; Consumo de energ&iacute;a en espera en red: &lt;2W<br \/>\t\t\t<strong>Dimensiones y peso<\/strong><br \/>\t\t\t&#8211; 296 x 120x 221 mm<br \/>\t\t\t&#8211; Peso: 2.5 kg<br \/>\t\t\t<strong>Par&aacute;metros de entorno<\/strong><br \/>\t\t\t&#8211; Emisi&oacute;n de sonido: 33 dBA<br \/>\t\t\t&#8211; Emisi&oacute;n de sonido (modo econ&oacute;mico): 29 dBA<\/td>\n<\/tr>\n<tr>\n<td><strong>Fecha de revisi&oacute;n<\/strong><\/td>\n<td>05-05-2021 por MPM<\/td>\n<\/tr>\n<\/table>\n","protected":false},"excerpt":{"rendered":"<p>Marca BenQ Modelo 9H.JGT77.1HE Imagen &#8211; Tipo de dispositivo: Proyector DLP &#8211; Brillo: 4000 ANSI l&uacute;menes &#8211; Resoluci&oacute;n: 1080p (1920x 1080) &#8211; Compatibilidad con resoluci&oacute;n: VGA(640 x 480) to WUXGA_RB(1920 x 1200) &#8211; Ratio de contraste (FOFO): 16,000:1 &#8211; Color de la pantalla: 30 Bits (1,07 billion) &#8211; Relaci&oacute;n de aspecto nativa: 16:9 &#8211; Fuente&hellip;&nbsp;<a href=\"https:\/\/aivlisoft.net\/shop\/producto\/benq-mh733-proyector-dlp-1080p-4000al-160001\/\" rel=\"bookmark\"><span class=\"screen-reader-text\">Benq MH733 Proyector  DLP 1080p 4000AL 16000:1<\/span><\/a><\/p>\n","protected":false},"featured_media":17013,"template":"","meta":{"neve_meta_sidebar":"","neve_meta_container":"","neve_meta_enable_content_width":"","neve_meta_content_width":0,"neve_meta_title_alignment":"","neve_meta_author_avatar":"","neve_post_elements_order":"","neve_meta_disable_header":"","neve_meta_disable_footer":"","neve_meta_disable_title":""},"product_brand":[],"product_cat":[15,8691,719],"product_tag":[6272],"class_list":{"0":"post-17012","1":"product","2":"type-product","3":"status-publish","4":"has-post-thumbnail","6":"product_cat-sin-categorizar","7":"product_cat-accesorios-proyector-pantalla","8":"product_cat-accesorios-proyectores","9":"product_tag-9h-jgt77-1he","11":"first","12":"instock","13":"taxable","14":"shipping-taxable","15":"purchasable","16":"product-type-simple"},"yoast_head":"<!-- This site is optimized with the Yoast SEO plugin v26.0 - https:\/\/yoast.com\/wordpress\/plugins\/seo\/ -->\n<title>Benq MH733 Proyector DLP 1080p 4000AL 16000:1 - Aivlisoft Inform\u00e1tica<\/title>\n<meta name=\"robots\" content=\"index, follow, max-snippet:-1, max-image-preview:large, max-video-preview:-1\" \/>\n<link rel=\"canonical\" href=\"https:\/\/aivlisoft.net\/shop\/producto\/benq-mh733-proyector-dlp-1080p-4000al-160001\/\" \/>\n<meta property=\"og:locale\" content=\"es_ES\" \/>\n<meta property=\"og:type\" content=\"article\" \/>\n<meta property=\"og:title\" content=\"Benq MH733 Proyector DLP 1080p 4000AL 16000:1 - Aivlisoft Inform\u00e1tica\" \/>\n<meta property=\"og:description\" content=\"Marca BenQ Modelo 9H.JGT77.1HE Imagen &#8211; Tipo de dispositivo: Proyector DLP &#8211; Brillo: 4000 ANSI l&uacute;menes &#8211; Resoluci&oacute;n: 1080p (1920x 1080) &#8211; Compatibilidad con resoluci&oacute;n: VGA(640 x 480) to WUXGA_RB(1920 x 1200) &#8211; Ratio de contraste (FOFO): 16,000:1 &#8211; Color de la pantalla: 30 Bits (1,07 billion) &#8211; Relaci&oacute;n de aspecto nativa: 16:9 &#8211; Fuente&hellip;&nbsp;Benq MH733 Proyector DLP 1080p 4000AL 16000:1\" \/>\n<meta property=\"og:url\" content=\"https:\/\/aivlisoft.net\/shop\/producto\/benq-mh733-proyector-dlp-1080p-4000al-160001\/\" \/>\n<meta property=\"og:site_name\" content=\"Aivlisoft Inform\u00e1tica\" \/>\n<meta property=\"article:modified_time\" content=\"2025-01-14T20:38:01+00:00\" \/>\n<meta property=\"og:image\" content=\"https:\/\/aivlisoft.net\/shop\/wp-content\/uploads\/2025\/01\/MPRPRY0455_800.jpg\" \/>\n\t<meta property=\"og:image:width\" content=\"800\" \/>\n\t<meta property=\"og:image:height\" content=\"800\" \/>\n\t<meta property=\"og:image:type\" content=\"image\/jpeg\" \/>\n<meta name=\"twitter:card\" content=\"summary_large_image\" \/>\n<meta name=\"twitter:label1\" content=\"Tiempo de lectura\" \/>\n\t<meta name=\"twitter:data1\" content=\"2 minutos\" \/>\n<script type=\"application\/ld+json\" class=\"yoast-schema-graph\">{\"@context\":\"https:\/\/schema.org\",\"@graph\":[{\"@type\":\"WebPage\",\"@id\":\"https:\/\/aivlisoft.net\/shop\/producto\/benq-mh733-proyector-dlp-1080p-4000al-160001\/\",\"url\":\"https:\/\/aivlisoft.net\/shop\/producto\/benq-mh733-proyector-dlp-1080p-4000al-160001\/\",\"name\":\"Benq MH733 Proyector DLP 1080p 4000AL 16000:1 - Aivlisoft Inform\u00e1tica\",\"isPartOf\":{\"@id\":\"https:\/\/aivlisoft.net\/shop\/#website\"},\"primaryImageOfPage\":{\"@id\":\"https:\/\/aivlisoft.net\/shop\/producto\/benq-mh733-proyector-dlp-1080p-4000al-160001\/#primaryimage\"},\"image\":{\"@id\":\"https:\/\/aivlisoft.net\/shop\/producto\/benq-mh733-proyector-dlp-1080p-4000al-160001\/#primaryimage\"},\"thumbnailUrl\":\"https:\/\/aivlisoft.net\/shop\/wp-content\/uploads\/2025\/01\/MPRPRY0455_800.jpg\",\"datePublished\":\"2025-01-13T15:07:55+00:00\",\"dateModified\":\"2025-01-14T20:38:01+00:00\",\"breadcrumb\":{\"@id\":\"https:\/\/aivlisoft.net\/shop\/producto\/benq-mh733-proyector-dlp-1080p-4000al-160001\/#breadcrumb\"},\"inLanguage\":\"es\",\"potentialAction\":[{\"@type\":\"ReadAction\",\"target\":[\"https:\/\/aivlisoft.net\/shop\/producto\/benq-mh733-proyector-dlp-1080p-4000al-160001\/\"]}]},{\"@type\":\"ImageObject\",\"inLanguage\":\"es\",\"@id\":\"https:\/\/aivlisoft.net\/shop\/producto\/benq-mh733-proyector-dlp-1080p-4000al-160001\/#primaryimage\",\"url\":\"https:\/\/aivlisoft.net\/shop\/wp-content\/uploads\/2025\/01\/MPRPRY0455_800.jpg\",\"contentUrl\":\"https:\/\/aivlisoft.net\/shop\/wp-content\/uploads\/2025\/01\/MPRPRY0455_800.jpg\",\"width\":800,\"height\":800},{\"@type\":\"BreadcrumbList\",\"@id\":\"https:\/\/aivlisoft.net\/shop\/producto\/benq-mh733-proyector-dlp-1080p-4000al-160001\/#breadcrumb\",\"itemListElement\":[{\"@type\":\"ListItem\",\"position\":1,\"name\":\"Portada\",\"item\":\"https:\/\/aivlisoft.net\/shop\/\"},{\"@type\":\"ListItem\",\"position\":2,\"name\":\"Tienda\",\"item\":\"https:\/\/aivlisoft.net\/shop\/tienda\/\"},{\"@type\":\"ListItem\",\"position\":3,\"name\":\"Benq MH733 Proyector DLP 1080p 4000AL 16000:1\"}]},{\"@type\":\"WebSite\",\"@id\":\"https:\/\/aivlisoft.net\/shop\/#website\",\"url\":\"https:\/\/aivlisoft.net\/shop\/\",\"name\":\"Aivlisoft Inform\u00e1tica\",\"description\":\"En Aivlisoft Inform\u00e1tica ofrecemos soluciones tecnol\u00f3gicas para empresas: venta de ordenadores, consumibles, perif\u00e9ricos y m\u00e1s. Calidad, atenci\u00f3n personalizada y los mejores precios para tu negocio.\",\"publisher\":{\"@id\":\"https:\/\/aivlisoft.net\/shop\/#organization\"},\"potentialAction\":[{\"@type\":\"SearchAction\",\"target\":{\"@type\":\"EntryPoint\",\"urlTemplate\":\"https:\/\/aivlisoft.net\/shop\/?s={search_term_string}\"},\"query-input\":{\"@type\":\"PropertyValueSpecification\",\"valueRequired\":true,\"valueName\":\"search_term_string\"}}],\"inLanguage\":\"es\"},{\"@type\":\"Organization\",\"@id\":\"https:\/\/aivlisoft.net\/shop\/#organization\",\"name\":\"Aivlisoft Inform\u00e1tica\",\"url\":\"https:\/\/aivlisoft.net\/shop\/\",\"logo\":{\"@type\":\"ImageObject\",\"inLanguage\":\"es\",\"@id\":\"https:\/\/aivlisoft.net\/shop\/#\/schema\/logo\/image\/\",\"url\":\"https:\/\/aivlisoft.net\/shop\/wp-content\/uploads\/2024\/12\/removal.ai_5b848c54-0cdf-4140-95c5-c5536bb7573b-logodef.png\",\"contentUrl\":\"https:\/\/aivlisoft.net\/shop\/wp-content\/uploads\/2024\/12\/removal.ai_5b848c54-0cdf-4140-95c5-c5536bb7573b-logodef.png\",\"width\":484,\"height\":182,\"caption\":\"Aivlisoft Inform\u00e1tica\"},\"image\":{\"@id\":\"https:\/\/aivlisoft.net\/shop\/#\/schema\/logo\/image\/\"}}]}<\/script>\n<!-- \/ Yoast SEO plugin. -->","yoast_head_json":{"title":"Benq MH733 Proyector DLP 1080p 4000AL 16000:1 - Aivlisoft Inform\u00e1tica","robots":{"index":"index","follow":"follow","max-snippet":"max-snippet:-1","max-image-preview":"max-image-preview:large","max-video-preview":"max-video-preview:-1"},"canonical":"https:\/\/aivlisoft.net\/shop\/producto\/benq-mh733-proyector-dlp-1080p-4000al-160001\/","og_locale":"es_ES","og_type":"article","og_title":"Benq MH733 Proyector DLP 1080p 4000AL 16000:1 - Aivlisoft Inform\u00e1tica","og_description":"Marca BenQ Modelo 9H.JGT77.1HE Imagen &#8211; Tipo de dispositivo: Proyector DLP &#8211; Brillo: 4000 ANSI l&uacute;menes &#8211; Resoluci&oacute;n: 1080p (1920x 1080) &#8211; Compatibilidad con resoluci&oacute;n: VGA(640 x 480) to WUXGA_RB(1920 x 1200) &#8211; Ratio de contraste (FOFO): 16,000:1 &#8211; Color de la pantalla: 30 Bits (1,07 billion) &#8211; Relaci&oacute;n de aspecto nativa: 16:9 &#8211; Fuente&hellip;&nbsp;Benq MH733 Proyector DLP 1080p 4000AL 16000:1","og_url":"https:\/\/aivlisoft.net\/shop\/producto\/benq-mh733-proyector-dlp-1080p-4000al-160001\/","og_site_name":"Aivlisoft Inform\u00e1tica","article_modified_time":"2025-01-14T20:38:01+00:00","og_image":[{"width":800,"height":800,"url":"https:\/\/aivlisoft.net\/shop\/wp-content\/uploads\/2025\/01\/MPRPRY0455_800.jpg","type":"image\/jpeg"}],"twitter_card":"summary_large_image","twitter_misc":{"Tiempo de lectura":"2 minutos"},"schema":{"@context":"https:\/\/schema.org","@graph":[{"@type":"WebPage","@id":"https:\/\/aivlisoft.net\/shop\/producto\/benq-mh733-proyector-dlp-1080p-4000al-160001\/","url":"https:\/\/aivlisoft.net\/shop\/producto\/benq-mh733-proyector-dlp-1080p-4000al-160001\/","name":"Benq MH733 Proyector DLP 1080p 4000AL 16000:1 - Aivlisoft Inform\u00e1tica","isPartOf":{"@id":"https:\/\/aivlisoft.net\/shop\/#website"},"primaryImageOfPage":{"@id":"https:\/\/aivlisoft.net\/shop\/producto\/benq-mh733-proyector-dlp-1080p-4000al-160001\/#primaryimage"},"image":{"@id":"https:\/\/aivlisoft.net\/shop\/producto\/benq-mh733-proyector-dlp-1080p-4000al-160001\/#primaryimage"},"thumbnailUrl":"https:\/\/aivlisoft.net\/shop\/wp-content\/uploads\/2025\/01\/MPRPRY0455_800.jpg","datePublished":"2025-01-13T15:07:55+00:00","dateModified":"2025-01-14T20:38:01+00:00","breadcrumb":{"@id":"https:\/\/aivlisoft.net\/shop\/producto\/benq-mh733-proyector-dlp-1080p-4000al-160001\/#breadcrumb"},"inLanguage":"es","potentialAction":[{"@type":"ReadAction","target":["https:\/\/aivlisoft.net\/shop\/producto\/benq-mh733-proyector-dlp-1080p-4000al-160001\/"]}]},{"@type":"ImageObject","inLanguage":"es","@id":"https:\/\/aivlisoft.net\/shop\/producto\/benq-mh733-proyector-dlp-1080p-4000al-160001\/#primaryimage","url":"https:\/\/aivlisoft.net\/shop\/wp-content\/uploads\/2025\/01\/MPRPRY0455_800.jpg","contentUrl":"https:\/\/aivlisoft.net\/shop\/wp-content\/uploads\/2025\/01\/MPRPRY0455_800.jpg","width":800,"height":800},{"@type":"BreadcrumbList","@id":"https:\/\/aivlisoft.net\/shop\/producto\/benq-mh733-proyector-dlp-1080p-4000al-160001\/#breadcrumb","itemListElement":[{"@type":"ListItem","position":1,"name":"Portada","item":"https:\/\/aivlisoft.net\/shop\/"},{"@type":"ListItem","position":2,"name":"Tienda","item":"https:\/\/aivlisoft.net\/shop\/tienda\/"},{"@type":"ListItem","position":3,"name":"Benq MH733 Proyector DLP 1080p 4000AL 16000:1"}]},{"@type":"WebSite","@id":"https:\/\/aivlisoft.net\/shop\/#website","url":"https:\/\/aivlisoft.net\/shop\/","name":"Aivlisoft Inform\u00e1tica","description":"En Aivlisoft Inform\u00e1tica ofrecemos soluciones tecnol\u00f3gicas para empresas: venta de ordenadores, consumibles, perif\u00e9ricos y m\u00e1s. Calidad, atenci\u00f3n personalizada y los mejores precios para tu negocio.","publisher":{"@id":"https:\/\/aivlisoft.net\/shop\/#organization"},"potentialAction":[{"@type":"SearchAction","target":{"@type":"EntryPoint","urlTemplate":"https:\/\/aivlisoft.net\/shop\/?s={search_term_string}"},"query-input":{"@type":"PropertyValueSpecification","valueRequired":true,"valueName":"search_term_string"}}],"inLanguage":"es"},{"@type":"Organization","@id":"https:\/\/aivlisoft.net\/shop\/#organization","name":"Aivlisoft Inform\u00e1tica","url":"https:\/\/aivlisoft.net\/shop\/","logo":{"@type":"ImageObject","inLanguage":"es","@id":"https:\/\/aivlisoft.net\/shop\/#\/schema\/logo\/image\/","url":"https:\/\/aivlisoft.net\/shop\/wp-content\/uploads\/2024\/12\/removal.ai_5b848c54-0cdf-4140-95c5-c5536bb7573b-logodef.png","contentUrl":"https:\/\/aivlisoft.net\/shop\/wp-content\/uploads\/2024\/12\/removal.ai_5b848c54-0cdf-4140-95c5-c5536bb7573b-logodef.png","width":484,"height":182,"caption":"Aivlisoft Inform\u00e1tica"},"image":{"@id":"https:\/\/aivlisoft.net\/shop\/#\/schema\/logo\/image\/"}}]}},"_links":{"self":[{"href":"https:\/\/aivlisoft.net\/shop\/wp-json\/wp\/v2\/product\/17012","targetHints":{"allow":["GET"]}}],"collection":[{"href":"https:\/\/aivlisoft.net\/shop\/wp-json\/wp\/v2\/product"}],"about":[{"href":"https:\/\/aivlisoft.net\/shop\/wp-json\/wp\/v2\/types\/product"}],"wp:featuredmedia":[{"embeddable":true,"href":"https:\/\/aivlisoft.net\/shop\/wp-json\/wp\/v2\/media\/17013"}],"wp:attachment":[{"href":"https:\/\/aivlisoft.net\/shop\/wp-json\/wp\/v2\/media?parent=17012"}],"wp:term":[{"taxonomy":"product_brand","embeddable":true,"href":"https:\/\/aivlisoft.net\/shop\/wp-json\/wp\/v2\/product_brand?post=17012"},{"taxonomy":"product_cat","embeddable":true,"href":"https:\/\/aivlisoft.net\/shop\/wp-json\/wp\/v2\/product_cat?post=17012"},{"taxonomy":"product_tag","embeddable":true,"href":"https:\/\/aivlisoft.net\/shop\/wp-json\/wp\/v2\/product_tag?post=17012"}],"curies":[{"name":"wp","href":"https:\/\/api.w.org\/{rel}","templated":true}]}}