{"id":17011,"date":"2025-01-13T15:07:50","date_gmt":"2025-01-13T15:07:50","guid":{"rendered":"https:\/\/aivlisoft.com\/?post_type=product&#038;p=17011"},"modified":"2025-01-14T20:38:01","modified_gmt":"2025-01-14T20:38:01","slug":"benq-mw826sth-proyector-wxga-3500l-vga-hdmi","status":"publish","type":"product","link":"https:\/\/aivlisoft.net\/shop\/producto\/benq-mw826sth-proyector-wxga-3500l-vga-hdmi\/","title":{"rendered":"Benq MW826STH Proyector WXGA 3500L VGA HDMI"},"content":{"rendered":"<p><\/p>\n<table class=\"tabla_caracteristicas k-table\" width=\"100%\">\n<tr>\n<td><strong>Marca<\/strong><\/td>\n<td>BenQ<\/td>\n<\/tr>\n<tr>\n<td><strong>Modelo<\/strong><\/td>\n<td><strong>9H.JMW77.13E<\/strong><\/td>\n<\/tr>\n<tr>\n<td><strong>Imagen<\/strong><\/td>\n<td>&#8211; Brillo: <strong>3500 l&uacute;menes<\/strong><br \/>\t\t\t&#8211; Tipo de dispositivo: Proyector DLP<br \/>\t\t\t&#8211; Resoluci&oacute;n: WXGA (1280 x 800)<br \/>\t\t\t&#8211; Ratio de contraste: 20.000:1<br \/>\t\t\t&#8211; Relaci&oacute;n de aspecto nativo: 16:10<br \/>\t\t\t&#8211; Color: 30 Bits\/ 1.07 Bil Colores<br \/>\t\t\t&#8211; Vatios l&aacute;mpara: 203<br \/>\t\t\t&#8211; Vida de l&aacute;mpara (horas): 6000 (Normal), 10000 (Eco), 10000 (SmartEco), 15000 (LampSave)<\/td>\n<\/tr>\n<tr>\n<td><strong>Conexiones<\/strong><\/td>\n<td>&#8211; 2 x entrada de PC<br \/>\t\t\t&#8211; 1 x salida de monitor<br \/>\t\t\t&#8211; 1 x entrada de video compuesto (RCA)<br \/>\t\t\t&#8211; 1 x entrada de S-Video (Mini DIN de 4 pines)<br \/>\t\t\t&#8211; 2 x HDMI<br \/>\t\t\t&#8211; 2 x entrada de audio 3.5mm<br \/>\t\t\t&#8211; 1 x salida de audio 3.5mm<br \/>\t\t\t&#8211; 1 x entrada L \/ R de audio (RCA)<br \/>\t\t\t&#8211; 1 x altavoz de 10 W<br \/>\t\t\t&#8211; 1 x USB (Tipo A) (solo alimentaci&oacute;n 5V \/ 1.5A)<br \/>\t\t\t&#8211; 1 x USB (Tipo Mini B)<br \/>\t\t\t&#8211; 1 x RS232<br \/>\t\t\t&#8211; 1 x LAN RJ45<\/td>\n<\/tr>\n<tr>\n<td valign=\"top\"><strong>Otras caracter&iacute;sticas<\/strong><\/td>\n<td><strong>Objetivo<\/strong><br \/>\t\t\t&#8211; Relaci&oacute;n de tiro: 0.49<br \/>\t\t\t&#8211; Relaci&oacute;n de zoom: fijo<br \/>\t\t\t&#8211; Correcci&oacute;n trapezoidal: 1D, vertical +\/- 30 grados<br \/>\t\t\t&#8211; Tama&ntilde;o de proyecci&oacute;n: 70 &quot;~ 120&quot; \/ 120 &quot;<br \/>\t\t\t&#8211; Desplazamiento de proyecci&oacute;n: 105% &plusmn; 2,5% (altura completa)<br \/>\t\t\t<strong>Alimentaci&oacute;n<\/strong><br \/>\t\t\t&#8211; Fuente de alimentaci&oacute;n: 100 ~ 240V, 50 ~ 60Hz<br \/>\t\t\t&#8211; Consumo energ&eacute;tico (standby): 0.5W<br \/>\t\t\t&#8211; Consumo energ&eacute;tico ( m&aacute;x.): 260W<br \/>\t\t\t<strong>Otros<\/strong><br \/>\t\t\t&#8211; Altavoz 1 x 10W<br \/>\t\t\t&#8211; Soporte de resoluci&oacute;n: VGA (640 x 480) a WUXGA_RB (1920 x 1200)<br \/>\t\t\t&#8211; Frecuencia horizontal: 15 K ~ 102 KHz<br \/>\t\t\t&#8211; Velocidad de escaneo vertical: 23Hz ~ 120Hz<br \/>\t\t\t&#8211; Compatibilidad HDTV: 480i, 480p, 576i, 567p, 720p, 1080i, 1080p<br \/>\t\t\t&#8211; Compatibilidad de video:<br \/>\t\t\t&nbsp;&nbsp; Secuencia de fotogramas: hasta 720p<br \/>\t\t\t&nbsp;&nbsp; Empaquetado de cuadros: hasta 24 Hz 1080p<br \/>\t\t\t&nbsp;&nbsp; Lado\/Lado : hasta 60 Hz 1080p<br \/>\t\t\t&nbsp;&nbsp; Superior\/Inferior: Hasta 60 Hz 1080p<br \/>\t\t\t<strong>Dimensiones y peso<\/strong><br \/>\t\t\t&#8211; Dimensiones: 296 x 239 x 120 mm<br \/>\t\t\t&#8211; Peso: 2.6 Kg<br \/>\t\t\t<strong>Par&aacute;metros de entorno<\/strong><br \/>\t\t\t&#8211; Emisi&oacute;n de sonido: 29 dBA<br \/>\t\t\t&#8211; Emisi&oacute;n de sonido (m&aacute;x): 33 dBA<\/td>\n<\/tr>\n<tr>\n<td><strong>Fecha de revisi&oacute;n<\/strong><\/td>\n<td>29-03-2021 por MPM<\/td>\n<\/tr>\n<\/table>\n","protected":false},"excerpt":{"rendered":"<p>Marca BenQ Modelo 9H.JMW77.13E Imagen &#8211; Brillo: 3500 l&uacute;menes &#8211; Tipo de dispositivo: Proyector DLP &#8211; Resoluci&oacute;n: WXGA (1280 x 800) &#8211; Ratio de contraste: 20.000:1 &#8211; Relaci&oacute;n de aspecto nativo: 16:10 &#8211; Color: 30 Bits\/ 1.07 Bil Colores &#8211; Vatios l&aacute;mpara: 203 &#8211; Vida de l&aacute;mpara (horas): 6000 (Normal), 10000 (Eco), 10000 (SmartEco), 15000&hellip;&nbsp;<a href=\"https:\/\/aivlisoft.net\/shop\/producto\/benq-mw826sth-proyector-wxga-3500l-vga-hdmi\/\" rel=\"bookmark\"><span class=\"screen-reader-text\">Benq MW826STH Proyector WXGA 3500L VGA HDMI<\/span><\/a><\/p>\n","protected":false},"featured_media":0,"template":"","meta":{"neve_meta_sidebar":"","neve_meta_container":"","neve_meta_enable_content_width":"","neve_meta_content_width":0,"neve_meta_title_alignment":"","neve_meta_author_avatar":"","neve_post_elements_order":"","neve_meta_disable_header":"","neve_meta_disable_footer":"","neve_meta_disable_title":""},"product_brand":[],"product_cat":[15,8691,719],"product_tag":[6271],"class_list":{"0":"post-17011","1":"product","2":"type-product","3":"status-publish","5":"product_cat-sin-categorizar","6":"product_cat-accesorios-proyector-pantalla","7":"product_cat-accesorios-proyectores","8":"product_tag-9h-jmw77-13e","10":"first","11":"instock","12":"taxable","13":"shipping-taxable","14":"purchasable","15":"product-type-simple"},"yoast_head":"<!-- This site is optimized with the Yoast SEO plugin v26.0 - https:\/\/yoast.com\/wordpress\/plugins\/seo\/ -->\n<title>Benq MW826STH Proyector WXGA 3500L VGA HDMI - Aivlisoft Inform\u00e1tica<\/title>\n<meta name=\"robots\" content=\"index, follow, max-snippet:-1, max-image-preview:large, max-video-preview:-1\" \/>\n<link rel=\"canonical\" href=\"https:\/\/aivlisoft.net\/shop\/producto\/benq-mw826sth-proyector-wxga-3500l-vga-hdmi\/\" \/>\n<meta property=\"og:locale\" content=\"es_ES\" \/>\n<meta property=\"og:type\" content=\"article\" \/>\n<meta property=\"og:title\" content=\"Benq MW826STH Proyector WXGA 3500L VGA HDMI - Aivlisoft Inform\u00e1tica\" \/>\n<meta property=\"og:description\" content=\"Marca BenQ Modelo 9H.JMW77.13E Imagen &#8211; Brillo: 3500 l&uacute;menes &#8211; Tipo de dispositivo: Proyector DLP &#8211; Resoluci&oacute;n: WXGA (1280 x 800) &#8211; Ratio de contraste: 20.000:1 &#8211; Relaci&oacute;n de aspecto nativo: 16:10 &#8211; Color: 30 Bits\/ 1.07 Bil Colores &#8211; Vatios l&aacute;mpara: 203 &#8211; Vida de l&aacute;mpara (horas): 6000 (Normal), 10000 (Eco), 10000 (SmartEco), 15000&hellip;&nbsp;Benq MW826STH Proyector WXGA 3500L VGA HDMI\" \/>\n<meta property=\"og:url\" content=\"https:\/\/aivlisoft.net\/shop\/producto\/benq-mw826sth-proyector-wxga-3500l-vga-hdmi\/\" \/>\n<meta property=\"og:site_name\" content=\"Aivlisoft Inform\u00e1tica\" \/>\n<meta property=\"article:modified_time\" content=\"2025-01-14T20:38:01+00:00\" \/>\n<meta name=\"twitter:card\" content=\"summary_large_image\" \/>\n<meta name=\"twitter:label1\" content=\"Tiempo de lectura\" \/>\n\t<meta name=\"twitter:data1\" content=\"2 minutos\" \/>\n<script type=\"application\/ld+json\" class=\"yoast-schema-graph\">{\"@context\":\"https:\/\/schema.org\",\"@graph\":[{\"@type\":\"WebPage\",\"@id\":\"https:\/\/aivlisoft.net\/shop\/producto\/benq-mw826sth-proyector-wxga-3500l-vga-hdmi\/\",\"url\":\"https:\/\/aivlisoft.net\/shop\/producto\/benq-mw826sth-proyector-wxga-3500l-vga-hdmi\/\",\"name\":\"Benq MW826STH Proyector WXGA 3500L VGA HDMI - Aivlisoft Inform\u00e1tica\",\"isPartOf\":{\"@id\":\"https:\/\/aivlisoft.net\/shop\/#website\"},\"datePublished\":\"2025-01-13T15:07:50+00:00\",\"dateModified\":\"2025-01-14T20:38:01+00:00\",\"breadcrumb\":{\"@id\":\"https:\/\/aivlisoft.net\/shop\/producto\/benq-mw826sth-proyector-wxga-3500l-vga-hdmi\/#breadcrumb\"},\"inLanguage\":\"es\",\"potentialAction\":[{\"@type\":\"ReadAction\",\"target\":[\"https:\/\/aivlisoft.net\/shop\/producto\/benq-mw826sth-proyector-wxga-3500l-vga-hdmi\/\"]}]},{\"@type\":\"BreadcrumbList\",\"@id\":\"https:\/\/aivlisoft.net\/shop\/producto\/benq-mw826sth-proyector-wxga-3500l-vga-hdmi\/#breadcrumb\",\"itemListElement\":[{\"@type\":\"ListItem\",\"position\":1,\"name\":\"Portada\",\"item\":\"https:\/\/aivlisoft.net\/shop\/\"},{\"@type\":\"ListItem\",\"position\":2,\"name\":\"Tienda\",\"item\":\"https:\/\/aivlisoft.net\/shop\/tienda\/\"},{\"@type\":\"ListItem\",\"position\":3,\"name\":\"Benq MW826STH Proyector WXGA 3500L VGA HDMI\"}]},{\"@type\":\"WebSite\",\"@id\":\"https:\/\/aivlisoft.net\/shop\/#website\",\"url\":\"https:\/\/aivlisoft.net\/shop\/\",\"name\":\"Aivlisoft Inform\u00e1tica\",\"description\":\"En Aivlisoft Inform\u00e1tica ofrecemos soluciones tecnol\u00f3gicas para empresas: venta de ordenadores, consumibles, perif\u00e9ricos y m\u00e1s. Calidad, atenci\u00f3n personalizada y los mejores precios para tu negocio.\",\"publisher\":{\"@id\":\"https:\/\/aivlisoft.net\/shop\/#organization\"},\"potentialAction\":[{\"@type\":\"SearchAction\",\"target\":{\"@type\":\"EntryPoint\",\"urlTemplate\":\"https:\/\/aivlisoft.net\/shop\/?s={search_term_string}\"},\"query-input\":{\"@type\":\"PropertyValueSpecification\",\"valueRequired\":true,\"valueName\":\"search_term_string\"}}],\"inLanguage\":\"es\"},{\"@type\":\"Organization\",\"@id\":\"https:\/\/aivlisoft.net\/shop\/#organization\",\"name\":\"Aivlisoft Inform\u00e1tica\",\"url\":\"https:\/\/aivlisoft.net\/shop\/\",\"logo\":{\"@type\":\"ImageObject\",\"inLanguage\":\"es\",\"@id\":\"https:\/\/aivlisoft.net\/shop\/#\/schema\/logo\/image\/\",\"url\":\"https:\/\/aivlisoft.net\/shop\/wp-content\/uploads\/2024\/12\/removal.ai_5b848c54-0cdf-4140-95c5-c5536bb7573b-logodef.png\",\"contentUrl\":\"https:\/\/aivlisoft.net\/shop\/wp-content\/uploads\/2024\/12\/removal.ai_5b848c54-0cdf-4140-95c5-c5536bb7573b-logodef.png\",\"width\":484,\"height\":182,\"caption\":\"Aivlisoft Inform\u00e1tica\"},\"image\":{\"@id\":\"https:\/\/aivlisoft.net\/shop\/#\/schema\/logo\/image\/\"}}]}<\/script>\n<!-- \/ Yoast SEO plugin. -->","yoast_head_json":{"title":"Benq MW826STH Proyector WXGA 3500L VGA HDMI - Aivlisoft Inform\u00e1tica","robots":{"index":"index","follow":"follow","max-snippet":"max-snippet:-1","max-image-preview":"max-image-preview:large","max-video-preview":"max-video-preview:-1"},"canonical":"https:\/\/aivlisoft.net\/shop\/producto\/benq-mw826sth-proyector-wxga-3500l-vga-hdmi\/","og_locale":"es_ES","og_type":"article","og_title":"Benq MW826STH Proyector WXGA 3500L VGA HDMI - Aivlisoft Inform\u00e1tica","og_description":"Marca BenQ Modelo 9H.JMW77.13E Imagen &#8211; Brillo: 3500 l&uacute;menes &#8211; Tipo de dispositivo: Proyector DLP &#8211; Resoluci&oacute;n: WXGA (1280 x 800) &#8211; Ratio de contraste: 20.000:1 &#8211; Relaci&oacute;n de aspecto nativo: 16:10 &#8211; Color: 30 Bits\/ 1.07 Bil Colores &#8211; Vatios l&aacute;mpara: 203 &#8211; Vida de l&aacute;mpara (horas): 6000 (Normal), 10000 (Eco), 10000 (SmartEco), 15000&hellip;&nbsp;Benq MW826STH Proyector WXGA 3500L VGA HDMI","og_url":"https:\/\/aivlisoft.net\/shop\/producto\/benq-mw826sth-proyector-wxga-3500l-vga-hdmi\/","og_site_name":"Aivlisoft Inform\u00e1tica","article_modified_time":"2025-01-14T20:38:01+00:00","twitter_card":"summary_large_image","twitter_misc":{"Tiempo de lectura":"2 minutos"},"schema":{"@context":"https:\/\/schema.org","@graph":[{"@type":"WebPage","@id":"https:\/\/aivlisoft.net\/shop\/producto\/benq-mw826sth-proyector-wxga-3500l-vga-hdmi\/","url":"https:\/\/aivlisoft.net\/shop\/producto\/benq-mw826sth-proyector-wxga-3500l-vga-hdmi\/","name":"Benq MW826STH Proyector WXGA 3500L VGA HDMI - Aivlisoft Inform\u00e1tica","isPartOf":{"@id":"https:\/\/aivlisoft.net\/shop\/#website"},"datePublished":"2025-01-13T15:07:50+00:00","dateModified":"2025-01-14T20:38:01+00:00","breadcrumb":{"@id":"https:\/\/aivlisoft.net\/shop\/producto\/benq-mw826sth-proyector-wxga-3500l-vga-hdmi\/#breadcrumb"},"inLanguage":"es","potentialAction":[{"@type":"ReadAction","target":["https:\/\/aivlisoft.net\/shop\/producto\/benq-mw826sth-proyector-wxga-3500l-vga-hdmi\/"]}]},{"@type":"BreadcrumbList","@id":"https:\/\/aivlisoft.net\/shop\/producto\/benq-mw826sth-proyector-wxga-3500l-vga-hdmi\/#breadcrumb","itemListElement":[{"@type":"ListItem","position":1,"name":"Portada","item":"https:\/\/aivlisoft.net\/shop\/"},{"@type":"ListItem","position":2,"name":"Tienda","item":"https:\/\/aivlisoft.net\/shop\/tienda\/"},{"@type":"ListItem","position":3,"name":"Benq MW826STH Proyector WXGA 3500L VGA HDMI"}]},{"@type":"WebSite","@id":"https:\/\/aivlisoft.net\/shop\/#website","url":"https:\/\/aivlisoft.net\/shop\/","name":"Aivlisoft Inform\u00e1tica","description":"En Aivlisoft Inform\u00e1tica ofrecemos soluciones tecnol\u00f3gicas para empresas: venta de ordenadores, consumibles, perif\u00e9ricos y m\u00e1s. Calidad, atenci\u00f3n personalizada y los mejores precios para tu negocio.","publisher":{"@id":"https:\/\/aivlisoft.net\/shop\/#organization"},"potentialAction":[{"@type":"SearchAction","target":{"@type":"EntryPoint","urlTemplate":"https:\/\/aivlisoft.net\/shop\/?s={search_term_string}"},"query-input":{"@type":"PropertyValueSpecification","valueRequired":true,"valueName":"search_term_string"}}],"inLanguage":"es"},{"@type":"Organization","@id":"https:\/\/aivlisoft.net\/shop\/#organization","name":"Aivlisoft Inform\u00e1tica","url":"https:\/\/aivlisoft.net\/shop\/","logo":{"@type":"ImageObject","inLanguage":"es","@id":"https:\/\/aivlisoft.net\/shop\/#\/schema\/logo\/image\/","url":"https:\/\/aivlisoft.net\/shop\/wp-content\/uploads\/2024\/12\/removal.ai_5b848c54-0cdf-4140-95c5-c5536bb7573b-logodef.png","contentUrl":"https:\/\/aivlisoft.net\/shop\/wp-content\/uploads\/2024\/12\/removal.ai_5b848c54-0cdf-4140-95c5-c5536bb7573b-logodef.png","width":484,"height":182,"caption":"Aivlisoft Inform\u00e1tica"},"image":{"@id":"https:\/\/aivlisoft.net\/shop\/#\/schema\/logo\/image\/"}}]}},"_links":{"self":[{"href":"https:\/\/aivlisoft.net\/shop\/wp-json\/wp\/v2\/product\/17011","targetHints":{"allow":["GET"]}}],"collection":[{"href":"https:\/\/aivlisoft.net\/shop\/wp-json\/wp\/v2\/product"}],"about":[{"href":"https:\/\/aivlisoft.net\/shop\/wp-json\/wp\/v2\/types\/product"}],"wp:attachment":[{"href":"https:\/\/aivlisoft.net\/shop\/wp-json\/wp\/v2\/media?parent=17011"}],"wp:term":[{"taxonomy":"product_brand","embeddable":true,"href":"https:\/\/aivlisoft.net\/shop\/wp-json\/wp\/v2\/product_brand?post=17011"},{"taxonomy":"product_cat","embeddable":true,"href":"https:\/\/aivlisoft.net\/shop\/wp-json\/wp\/v2\/product_cat?post=17011"},{"taxonomy":"product_tag","embeddable":true,"href":"https:\/\/aivlisoft.net\/shop\/wp-json\/wp\/v2\/product_tag?post=17011"}],"curies":[{"name":"wp","href":"https:\/\/api.w.org\/{rel}","templated":true}]}}