{"id":17007,"date":"2025-01-13T15:07:49","date_gmt":"2025-01-13T15:07:49","guid":{"rendered":"https:\/\/aivlisoft.com\/?post_type=product&#038;p=17007"},"modified":"2025-01-14T20:38:02","modified_gmt":"2025-01-14T20:38:02","slug":"epson-eb-e20-proyector-xga-3400l-3lcd-hdmi","status":"publish","type":"product","link":"https:\/\/aivlisoft.net\/shop\/producto\/epson-eb-e20-proyector-xga-3400l-3lcd-hdmi\/","title":{"rendered":"Epson EB-E20 Proyector XGA  3400L 3LCD HDMI"},"content":{"rendered":"<p><\/p>\n<table class=\"tabla_caracteristicas k-table\" width=\"100%\">\n<tr>\n<td><strong>Marca<\/strong><\/td>\n<td>Epson<\/td>\n<\/tr>\n<tr>\n<td><strong>Modelo<\/strong><\/td>\n<td><strong>V11H981040<\/strong><\/td>\n<\/tr>\n<tr>\n<td><strong>Imagen<\/strong><\/td>\n<td>&#8211; Sistema de proyecci&oacute;n: Tecnolog&iacute;a 3LCD, Obturador de cristal l&iacute;quido RGB<br \/>\t\t\t&#8211; Pantalla LCD: 0,55 pulgada con C2 Fine<br \/>\t\t\t&#8211; Emisi&oacute;n de luz en color: <strong>3.400 Lumen<\/strong>&#8211; 2.200 Lumen (econ&oacute;mico)<br \/>\t\t\t&#8211; Emisi&oacute;n de luz blanca: 3.400 Lumen &#8211; 2.200 Lumen (econ&oacute;mico) de conformidad con ISO 21118:2012<br \/>\t\t\t&#8211; Resoluci&oacute;n: XGA, 1024 x 768, 4:3<br \/>\t\t\t&#8211; Alta definici&oacute;n: HD Ready<br \/>\t\t\t&#8211; Relaci&oacute;n de aspecto: 4:3<br \/>\t\t\t&#8211; Relaci&oacute;n de contraste: 15.000 : 1<br \/>\t\t\t&#8211; Fuente de luz: L&aacute;mpara<br \/>\t\t\t&#8211; L&aacute;mpara:<br \/>\t\t\t&nbsp; UHE, 210 W, 6.000 h Durabilidad<br \/>\t\t\t&nbsp; 12.000 h Durabilidad (modo econ&oacute;mico)<br \/>\t\t\t&#8211; Correci&oacute;n keystone: Manual vertical: &plusmn; 30 &deg;, Manual horizontal &plusmn; 30 &deg;<br \/>\t\t\t&#8211; Procesamiento de v&iacute;deo: 10 Bits<br \/>\t\t\t&#8211; Frecuencia de actualizaci&oacute;n vertical 2D: 100 Hz &#8211; 120 Hz<br \/>\t\t\t&#8211; Reproducci&oacute;n del color: hasta 1.070 millones de colores<\/td>\n<\/tr>\n<tr>\n<td><strong>Objetivo<\/strong><\/td>\n<td>&#8211; Relaci&oacute;n proyecci&oacute;n: 1,44 &#8211; 1,95:1<br \/>\t\t\t&#8211; Zoom: Digital, Factor: 1 &#8211; 1,35<br \/>\t\t\t&#8211; Tama&ntilde;o de la imagen: 30 pulgadas &#8211; 350 pulgadas<br \/>\t\t\t&#8211; Distancia de proyecci&oacute;n gran angular\/teleobjetivo<br \/>\t\t\t&nbsp; 1,76 m ( 60 pulgada pantalla)<br \/>\t\t\t&#8211; Lente de proyecci&oacute;n n&uacute;mero F: 1,44<br \/>\t\t\t&#8211; Distancia focal: 16,7 mm<br \/>\t\t\t&#8211; Foco: Manual<br \/>\t\t\t&#8211; Desplazamiento: 8 : 1<\/td>\n<\/tr>\n<tr>\n<td><strong>Conexiones<\/strong><\/td>\n<td>&#8211; Funci&oacute;n USB: 3 en 1: imagen \/ rat&oacute;n \/ sonido<br \/>\t\t\t&#8211; Interfaces<br \/>\t\t\t&nbsp; RS-232C<br \/>\t\t\t&nbsp; Entrada VGA (2x)<br \/>\t\t\t&nbsp; Salida VGA<br \/>\t\t\t&nbsp; Entrada HDMI<br \/>\t\t\t&nbsp; Entrada compuesto<br \/>\t\t\t&nbsp; Salida de audio Stereo mini-jack<br \/>\t\t\t&nbsp; Entrada de audio Stereo mini-jack (2x)<br \/>\t\t\t&nbsp; Entrada de audio Cinch<br \/>\t\t\t&nbsp; USB 2.0 tipo B<br \/>\t\t\t&#8211; Aplicaci&oacute;n Epson iProjection: Ad-Hoc \/ Infraestructura<\/td>\n<\/tr>\n<tr>\n<td valign=\"top\"><strong>Otras Caracter&iacute;sticas<\/strong><\/td>\n<td>&#8211; Modos de color 2D: Din&aacute;mico, Cine, Presentaciones, sRGB, Pizarra negra<br \/>\t\t\t&#8211; Caracter&iacute;sticas:<br \/>\t\t\t&nbsp; A\/V mute de tapa deslizante<br \/>\t\t\t&nbsp; Compatible con CEC<br \/>\t\t\t&nbsp; Zoom digital<br \/>\t\t\t&nbsp; Encendido\/apagado directo<br \/>\t\t\t&nbsp; C&aacute;mara documentos compatible<br \/>\t\t\t&nbsp; Funci&oacute;n de copia OSD, Quick Corner<br \/>\t\t\t&nbsp; Funci&oacute;n dividir pantalla<br \/>\t\t\t&#8211; Modos de color: Pizarra, Din&aacute;mico, Presentaci&oacute;n, sRGB, Teatro<br \/>\t\t\t<strong>Altavoces<\/strong><br \/>\t\t\t&#8211; 5 vatio<br \/>\t\t\t<strong>Alimentaci&oacute;n<\/strong><br \/>\t\t\t&#8211; Consumo de energ&iacute;a: 327 vatio, 225 vatio (econ&oacute;mico), 0,3 vatio (Standby)<br \/>\t\t\t&#8211; Voltaje de suministro: CA 100 V &#8211; 240 V, 50 Hz &#8211; 60 Hz<br \/>\t\t\t<strong>Medidas y peso<\/strong><br \/>\t\t\t&#8211; Dimensiones del producto: 309&lrm; x 282 x 87 mm (ancho x profundidad x altura)<br \/>\t\t\t&#8211; Peso: 2,7 kg<br \/>\t\t\t<strong>Par&aacute;metros de entorno<\/strong><br \/>\t\t\t&#8211; Nivel de ruido: Normal: 37 dB (A) &#8211; Ahorro: 28 dB (A)<br \/>\t\t\t<strong>Incluye<\/strong><br \/>\t\t\t&#8211; Cable VGA<br \/>\t\t\t&#8211; Equipo<br \/>\t\t\t&#8211; Cable de alimentaci&oacute;n<br \/>\t\t\t&#8211; Gu&iacute;a r&aacute;pida<br \/>\t\t\t&#8211; Mando a distancia incl. pilas<\/td>\n<\/tr>\n<tr>\n<td><strong>Fecha de revisi&oacute;n<\/strong><\/td>\n<td>26-02-2021 por MPM<\/td>\n<\/tr>\n<\/table>\n","protected":false},"excerpt":{"rendered":"<p>Marca Epson Modelo V11H981040 Imagen &#8211; Sistema de proyecci&oacute;n: Tecnolog&iacute;a 3LCD, Obturador de cristal l&iacute;quido RGB &#8211; Pantalla LCD: 0,55 pulgada con C2 Fine &#8211; Emisi&oacute;n de luz en color: 3.400 Lumen&#8211; 2.200 Lumen (econ&oacute;mico) &#8211; Emisi&oacute;n de luz blanca: 3.400 Lumen &#8211; 2.200 Lumen (econ&oacute;mico) de conformidad con ISO 21118:2012 &#8211; Resoluci&oacute;n: XGA, 1024&hellip;&nbsp;<a href=\"https:\/\/aivlisoft.net\/shop\/producto\/epson-eb-e20-proyector-xga-3400l-3lcd-hdmi\/\" rel=\"bookmark\"><span class=\"screen-reader-text\">Epson EB-E20 Proyector XGA  3400L 3LCD HDMI<\/span><\/a><\/p>\n","protected":false},"featured_media":17008,"template":"","meta":{"neve_meta_sidebar":"","neve_meta_container":"","neve_meta_enable_content_width":"","neve_meta_content_width":0,"neve_meta_title_alignment":"","neve_meta_author_avatar":"","neve_post_elements_order":"","neve_meta_disable_header":"","neve_meta_disable_footer":"","neve_meta_disable_title":""},"product_brand":[],"product_cat":[15,8691,719],"product_tag":[6270],"class_list":{"0":"post-17007","1":"product","2":"type-product","3":"status-publish","4":"has-post-thumbnail","6":"product_cat-sin-categorizar","7":"product_cat-accesorios-proyector-pantalla","8":"product_cat-accesorios-proyectores","9":"product_tag-v11h981040","11":"first","12":"instock","13":"taxable","14":"shipping-taxable","15":"purchasable","16":"product-type-simple"},"yoast_head":"<!-- This site is optimized with the Yoast SEO plugin v26.0 - https:\/\/yoast.com\/wordpress\/plugins\/seo\/ -->\n<title>Epson EB-E20 Proyector XGA 3400L 3LCD HDMI - Aivlisoft Inform\u00e1tica<\/title>\n<meta name=\"robots\" content=\"index, follow, max-snippet:-1, max-image-preview:large, max-video-preview:-1\" \/>\n<link rel=\"canonical\" href=\"https:\/\/aivlisoft.net\/shop\/producto\/epson-eb-e20-proyector-xga-3400l-3lcd-hdmi\/\" \/>\n<meta property=\"og:locale\" content=\"es_ES\" \/>\n<meta property=\"og:type\" content=\"article\" \/>\n<meta property=\"og:title\" content=\"Epson EB-E20 Proyector XGA 3400L 3LCD HDMI - Aivlisoft Inform\u00e1tica\" \/>\n<meta property=\"og:description\" content=\"Marca Epson Modelo V11H981040 Imagen &#8211; Sistema de proyecci&oacute;n: Tecnolog&iacute;a 3LCD, Obturador de cristal l&iacute;quido RGB &#8211; Pantalla LCD: 0,55 pulgada con C2 Fine &#8211; Emisi&oacute;n de luz en color: 3.400 Lumen&#8211; 2.200 Lumen (econ&oacute;mico) &#8211; Emisi&oacute;n de luz blanca: 3.400 Lumen &#8211; 2.200 Lumen (econ&oacute;mico) de conformidad con ISO 21118:2012 &#8211; Resoluci&oacute;n: XGA, 1024&hellip;&nbsp;Epson EB-E20 Proyector XGA 3400L 3LCD HDMI\" \/>\n<meta property=\"og:url\" content=\"https:\/\/aivlisoft.net\/shop\/producto\/epson-eb-e20-proyector-xga-3400l-3lcd-hdmi\/\" \/>\n<meta property=\"og:site_name\" content=\"Aivlisoft Inform\u00e1tica\" \/>\n<meta property=\"article:modified_time\" content=\"2025-01-14T20:38:02+00:00\" \/>\n<meta property=\"og:image\" content=\"https:\/\/aivlisoft.net\/shop\/wp-content\/uploads\/2025\/01\/MPRPRY0446_800.jpg\" \/>\n\t<meta property=\"og:image:width\" content=\"800\" \/>\n\t<meta property=\"og:image:height\" content=\"800\" \/>\n\t<meta property=\"og:image:type\" content=\"image\/jpeg\" \/>\n<meta name=\"twitter:card\" content=\"summary_large_image\" \/>\n<meta name=\"twitter:label1\" content=\"Tiempo de lectura\" \/>\n\t<meta name=\"twitter:data1\" content=\"2 minutos\" \/>\n<script type=\"application\/ld+json\" class=\"yoast-schema-graph\">{\"@context\":\"https:\/\/schema.org\",\"@graph\":[{\"@type\":\"WebPage\",\"@id\":\"https:\/\/aivlisoft.net\/shop\/producto\/epson-eb-e20-proyector-xga-3400l-3lcd-hdmi\/\",\"url\":\"https:\/\/aivlisoft.net\/shop\/producto\/epson-eb-e20-proyector-xga-3400l-3lcd-hdmi\/\",\"name\":\"Epson EB-E20 Proyector XGA 3400L 3LCD HDMI - Aivlisoft Inform\u00e1tica\",\"isPartOf\":{\"@id\":\"https:\/\/aivlisoft.net\/shop\/#website\"},\"primaryImageOfPage\":{\"@id\":\"https:\/\/aivlisoft.net\/shop\/producto\/epson-eb-e20-proyector-xga-3400l-3lcd-hdmi\/#primaryimage\"},\"image\":{\"@id\":\"https:\/\/aivlisoft.net\/shop\/producto\/epson-eb-e20-proyector-xga-3400l-3lcd-hdmi\/#primaryimage\"},\"thumbnailUrl\":\"https:\/\/aivlisoft.net\/shop\/wp-content\/uploads\/2025\/01\/MPRPRY0446_800.jpg\",\"datePublished\":\"2025-01-13T15:07:49+00:00\",\"dateModified\":\"2025-01-14T20:38:02+00:00\",\"breadcrumb\":{\"@id\":\"https:\/\/aivlisoft.net\/shop\/producto\/epson-eb-e20-proyector-xga-3400l-3lcd-hdmi\/#breadcrumb\"},\"inLanguage\":\"es\",\"potentialAction\":[{\"@type\":\"ReadAction\",\"target\":[\"https:\/\/aivlisoft.net\/shop\/producto\/epson-eb-e20-proyector-xga-3400l-3lcd-hdmi\/\"]}]},{\"@type\":\"ImageObject\",\"inLanguage\":\"es\",\"@id\":\"https:\/\/aivlisoft.net\/shop\/producto\/epson-eb-e20-proyector-xga-3400l-3lcd-hdmi\/#primaryimage\",\"url\":\"https:\/\/aivlisoft.net\/shop\/wp-content\/uploads\/2025\/01\/MPRPRY0446_800.jpg\",\"contentUrl\":\"https:\/\/aivlisoft.net\/shop\/wp-content\/uploads\/2025\/01\/MPRPRY0446_800.jpg\",\"width\":800,\"height\":800},{\"@type\":\"BreadcrumbList\",\"@id\":\"https:\/\/aivlisoft.net\/shop\/producto\/epson-eb-e20-proyector-xga-3400l-3lcd-hdmi\/#breadcrumb\",\"itemListElement\":[{\"@type\":\"ListItem\",\"position\":1,\"name\":\"Portada\",\"item\":\"https:\/\/aivlisoft.net\/shop\/\"},{\"@type\":\"ListItem\",\"position\":2,\"name\":\"Tienda\",\"item\":\"https:\/\/aivlisoft.net\/shop\/tienda\/\"},{\"@type\":\"ListItem\",\"position\":3,\"name\":\"Epson EB-E20 Proyector XGA 3400L 3LCD HDMI\"}]},{\"@type\":\"WebSite\",\"@id\":\"https:\/\/aivlisoft.net\/shop\/#website\",\"url\":\"https:\/\/aivlisoft.net\/shop\/\",\"name\":\"Aivlisoft Inform\u00e1tica\",\"description\":\"En Aivlisoft Inform\u00e1tica ofrecemos soluciones tecnol\u00f3gicas para empresas: venta de ordenadores, consumibles, perif\u00e9ricos y m\u00e1s. Calidad, atenci\u00f3n personalizada y los mejores precios para tu negocio.\",\"publisher\":{\"@id\":\"https:\/\/aivlisoft.net\/shop\/#organization\"},\"potentialAction\":[{\"@type\":\"SearchAction\",\"target\":{\"@type\":\"EntryPoint\",\"urlTemplate\":\"https:\/\/aivlisoft.net\/shop\/?s={search_term_string}\"},\"query-input\":{\"@type\":\"PropertyValueSpecification\",\"valueRequired\":true,\"valueName\":\"search_term_string\"}}],\"inLanguage\":\"es\"},{\"@type\":\"Organization\",\"@id\":\"https:\/\/aivlisoft.net\/shop\/#organization\",\"name\":\"Aivlisoft Inform\u00e1tica\",\"url\":\"https:\/\/aivlisoft.net\/shop\/\",\"logo\":{\"@type\":\"ImageObject\",\"inLanguage\":\"es\",\"@id\":\"https:\/\/aivlisoft.net\/shop\/#\/schema\/logo\/image\/\",\"url\":\"https:\/\/aivlisoft.net\/shop\/wp-content\/uploads\/2024\/12\/removal.ai_5b848c54-0cdf-4140-95c5-c5536bb7573b-logodef.png\",\"contentUrl\":\"https:\/\/aivlisoft.net\/shop\/wp-content\/uploads\/2024\/12\/removal.ai_5b848c54-0cdf-4140-95c5-c5536bb7573b-logodef.png\",\"width\":484,\"height\":182,\"caption\":\"Aivlisoft Inform\u00e1tica\"},\"image\":{\"@id\":\"https:\/\/aivlisoft.net\/shop\/#\/schema\/logo\/image\/\"}}]}<\/script>\n<!-- \/ Yoast SEO plugin. -->","yoast_head_json":{"title":"Epson EB-E20 Proyector XGA 3400L 3LCD HDMI - Aivlisoft Inform\u00e1tica","robots":{"index":"index","follow":"follow","max-snippet":"max-snippet:-1","max-image-preview":"max-image-preview:large","max-video-preview":"max-video-preview:-1"},"canonical":"https:\/\/aivlisoft.net\/shop\/producto\/epson-eb-e20-proyector-xga-3400l-3lcd-hdmi\/","og_locale":"es_ES","og_type":"article","og_title":"Epson EB-E20 Proyector XGA 3400L 3LCD HDMI - Aivlisoft Inform\u00e1tica","og_description":"Marca Epson Modelo V11H981040 Imagen &#8211; Sistema de proyecci&oacute;n: Tecnolog&iacute;a 3LCD, Obturador de cristal l&iacute;quido RGB &#8211; Pantalla LCD: 0,55 pulgada con C2 Fine &#8211; Emisi&oacute;n de luz en color: 3.400 Lumen&#8211; 2.200 Lumen (econ&oacute;mico) &#8211; Emisi&oacute;n de luz blanca: 3.400 Lumen &#8211; 2.200 Lumen (econ&oacute;mico) de conformidad con ISO 21118:2012 &#8211; Resoluci&oacute;n: XGA, 1024&hellip;&nbsp;Epson EB-E20 Proyector XGA 3400L 3LCD HDMI","og_url":"https:\/\/aivlisoft.net\/shop\/producto\/epson-eb-e20-proyector-xga-3400l-3lcd-hdmi\/","og_site_name":"Aivlisoft Inform\u00e1tica","article_modified_time":"2025-01-14T20:38:02+00:00","og_image":[{"width":800,"height":800,"url":"https:\/\/aivlisoft.net\/shop\/wp-content\/uploads\/2025\/01\/MPRPRY0446_800.jpg","type":"image\/jpeg"}],"twitter_card":"summary_large_image","twitter_misc":{"Tiempo de lectura":"2 minutos"},"schema":{"@context":"https:\/\/schema.org","@graph":[{"@type":"WebPage","@id":"https:\/\/aivlisoft.net\/shop\/producto\/epson-eb-e20-proyector-xga-3400l-3lcd-hdmi\/","url":"https:\/\/aivlisoft.net\/shop\/producto\/epson-eb-e20-proyector-xga-3400l-3lcd-hdmi\/","name":"Epson EB-E20 Proyector XGA 3400L 3LCD HDMI - Aivlisoft Inform\u00e1tica","isPartOf":{"@id":"https:\/\/aivlisoft.net\/shop\/#website"},"primaryImageOfPage":{"@id":"https:\/\/aivlisoft.net\/shop\/producto\/epson-eb-e20-proyector-xga-3400l-3lcd-hdmi\/#primaryimage"},"image":{"@id":"https:\/\/aivlisoft.net\/shop\/producto\/epson-eb-e20-proyector-xga-3400l-3lcd-hdmi\/#primaryimage"},"thumbnailUrl":"https:\/\/aivlisoft.net\/shop\/wp-content\/uploads\/2025\/01\/MPRPRY0446_800.jpg","datePublished":"2025-01-13T15:07:49+00:00","dateModified":"2025-01-14T20:38:02+00:00","breadcrumb":{"@id":"https:\/\/aivlisoft.net\/shop\/producto\/epson-eb-e20-proyector-xga-3400l-3lcd-hdmi\/#breadcrumb"},"inLanguage":"es","potentialAction":[{"@type":"ReadAction","target":["https:\/\/aivlisoft.net\/shop\/producto\/epson-eb-e20-proyector-xga-3400l-3lcd-hdmi\/"]}]},{"@type":"ImageObject","inLanguage":"es","@id":"https:\/\/aivlisoft.net\/shop\/producto\/epson-eb-e20-proyector-xga-3400l-3lcd-hdmi\/#primaryimage","url":"https:\/\/aivlisoft.net\/shop\/wp-content\/uploads\/2025\/01\/MPRPRY0446_800.jpg","contentUrl":"https:\/\/aivlisoft.net\/shop\/wp-content\/uploads\/2025\/01\/MPRPRY0446_800.jpg","width":800,"height":800},{"@type":"BreadcrumbList","@id":"https:\/\/aivlisoft.net\/shop\/producto\/epson-eb-e20-proyector-xga-3400l-3lcd-hdmi\/#breadcrumb","itemListElement":[{"@type":"ListItem","position":1,"name":"Portada","item":"https:\/\/aivlisoft.net\/shop\/"},{"@type":"ListItem","position":2,"name":"Tienda","item":"https:\/\/aivlisoft.net\/shop\/tienda\/"},{"@type":"ListItem","position":3,"name":"Epson EB-E20 Proyector XGA 3400L 3LCD HDMI"}]},{"@type":"WebSite","@id":"https:\/\/aivlisoft.net\/shop\/#website","url":"https:\/\/aivlisoft.net\/shop\/","name":"Aivlisoft Inform\u00e1tica","description":"En Aivlisoft Inform\u00e1tica ofrecemos soluciones tecnol\u00f3gicas para empresas: venta de ordenadores, consumibles, perif\u00e9ricos y m\u00e1s. Calidad, atenci\u00f3n personalizada y los mejores precios para tu negocio.","publisher":{"@id":"https:\/\/aivlisoft.net\/shop\/#organization"},"potentialAction":[{"@type":"SearchAction","target":{"@type":"EntryPoint","urlTemplate":"https:\/\/aivlisoft.net\/shop\/?s={search_term_string}"},"query-input":{"@type":"PropertyValueSpecification","valueRequired":true,"valueName":"search_term_string"}}],"inLanguage":"es"},{"@type":"Organization","@id":"https:\/\/aivlisoft.net\/shop\/#organization","name":"Aivlisoft Inform\u00e1tica","url":"https:\/\/aivlisoft.net\/shop\/","logo":{"@type":"ImageObject","inLanguage":"es","@id":"https:\/\/aivlisoft.net\/shop\/#\/schema\/logo\/image\/","url":"https:\/\/aivlisoft.net\/shop\/wp-content\/uploads\/2024\/12\/removal.ai_5b848c54-0cdf-4140-95c5-c5536bb7573b-logodef.png","contentUrl":"https:\/\/aivlisoft.net\/shop\/wp-content\/uploads\/2024\/12\/removal.ai_5b848c54-0cdf-4140-95c5-c5536bb7573b-logodef.png","width":484,"height":182,"caption":"Aivlisoft Inform\u00e1tica"},"image":{"@id":"https:\/\/aivlisoft.net\/shop\/#\/schema\/logo\/image\/"}}]}},"_links":{"self":[{"href":"https:\/\/aivlisoft.net\/shop\/wp-json\/wp\/v2\/product\/17007","targetHints":{"allow":["GET"]}}],"collection":[{"href":"https:\/\/aivlisoft.net\/shop\/wp-json\/wp\/v2\/product"}],"about":[{"href":"https:\/\/aivlisoft.net\/shop\/wp-json\/wp\/v2\/types\/product"}],"wp:featuredmedia":[{"embeddable":true,"href":"https:\/\/aivlisoft.net\/shop\/wp-json\/wp\/v2\/media\/17008"}],"wp:attachment":[{"href":"https:\/\/aivlisoft.net\/shop\/wp-json\/wp\/v2\/media?parent=17007"}],"wp:term":[{"taxonomy":"product_brand","embeddable":true,"href":"https:\/\/aivlisoft.net\/shop\/wp-json\/wp\/v2\/product_brand?post=17007"},{"taxonomy":"product_cat","embeddable":true,"href":"https:\/\/aivlisoft.net\/shop\/wp-json\/wp\/v2\/product_cat?post=17007"},{"taxonomy":"product_tag","embeddable":true,"href":"https:\/\/aivlisoft.net\/shop\/wp-json\/wp\/v2\/product_tag?post=17007"}],"curies":[{"name":"wp","href":"https:\/\/api.w.org\/{rel}","templated":true}]}}