{"id":16975,"date":"2025-01-13T15:07:34","date_gmt":"2025-01-13T15:07:34","guid":{"rendered":"https:\/\/aivlisoft.com\/?post_type=product&#038;p=16975"},"modified":"2025-01-14T20:38:06","modified_gmt":"2025-01-14T20:38:06","slug":"optoma-cinemax-p2-laser-4k-ultra-corto","status":"publish","type":"product","link":"https:\/\/aivlisoft.net\/shop\/producto\/optoma-cinemax-p2-laser-4k-ultra-corto\/","title":{"rendered":"Optoma CinemaX P2 Laser 4K ultra corto"},"content":{"rendered":"<p>&nbsp;<\/p>\n<table class=\"tabla_caracteristicas k-table\" width=\"100%\">\n<tbody>\n<tr>\n<td><strong>Marca<\/strong><\/td>\n<td>Optoma<\/td>\n<\/tr>\n<tr>\n<td><strong>Modelo<\/strong><\/td>\n<td><strong>CINEMAXP2<\/strong><\/td>\n<\/tr>\n<tr>\n<td valign=\"top\"><strong>Tecnolog&iacute;a de visualizaci&oacute;n<\/strong><\/td>\n<td valign=\"top\">&#8211; Tipo de dispositivo: Proyector DLP<\/td>\n<\/tr>\n<tr>\n<td><strong>Imagen<\/strong><\/td>\n<td>&#8211; Brillo: <strong>3000 ANSI l&uacute;menes<\/strong><br \/>&#8211; Relaci&oacute;n de contraste: 2.000.000:1 (din&aacute;mico)<br \/>&#8211; Tecnolog&iacute;a de visualizaci&oacute;n: DLP<br \/>&#8211; Resoluci&oacute;n: UHD (3840&#215;2160)<br \/>&#8211; Relaci&oacute;n de aspecto nativo: 16:9<br \/>&#8211; Ratio de aspecto &#8211; compatible: 4:3<br \/>&#8211; Frecuencia de muestreo horizontal: 31 ~ 135Khz<br \/>&#8211; Frecuencia de muestreo vertical: 24 ~ 120Hz<br \/>&#8211; Uniformidad: 90%<br \/>&#8211; Tama&ntilde;o de pantalla: 2.16m ~ 3.05m (85&#8243; ~ 120&#8243;) diagonal<br \/>&#8211; Fuente de luz: Laser<br \/>&#8211; Vida del L&Aacute;SER: 30.000 horas<\/td>\n<\/tr>\n<tr>\n<td><strong>Conexiones<\/strong><\/td>\n<td>&#8211; Entradas<br \/>&nbsp; 2 x HDMI 2.0<br \/>&nbsp; 1 x USB-A lector<br \/>&nbsp; 1 x RJ45<br \/>&nbsp; 1 x HDMI 1.4a \/ 3D <br \/>&#8211; Salidas<br \/>&nbsp; 1 x S\/PDIF<br \/>&nbsp; 1 x USB-A power 1.5A<br \/>&nbsp; 1 x Audio 3.5mm<br \/>&#8211; Control<br \/>&nbsp; 1 x USB-A Servicio<\/td>\n<\/tr>\n<tr>\n<td valign=\"top\"><strong>Otras caracter&iacute;sticas<\/strong><\/td>\n<td><strong>Objetivo<\/strong><br \/>&#8211; Distancia de tiro: 0.25:1<br \/>&#8211; Distancia de proyecci&oacute;n (m):0.47m &#8211; 0.66m<br \/>&#8211; Distancia focal (mm): 525<br \/>&#8211; Offset nativo: 124%<br \/><strong>Alimentaci&oacute;n<br \/><\/strong>&#8211; Fuente de alimentaci&oacute;n: 100 ~ 240V, 50 ~ 60Hz<br \/>&#8211; Consumo energ&eacute;tico (standby): 0.5W<br \/>&#8211; Consumo energ&eacute;tico ( m&iacute;n.): 220W<br \/>&#8211; Consumo energ&eacute;tico ( m&aacute;x.): 345W<strong><br \/>Sonido<br \/><\/strong>&#8211; Altavoces: 2<br \/>&#8211; Watios por altavoz: 10W<strong><br \/>Dimensiones y peso<\/strong><br \/>&#8211; Dimensiones: 576 x 383 x 130 <br \/>&#8211; Peso: 11 kg<br \/><strong>Par&aacute;metros de entorno<\/strong><br \/>&#8211; Emisi&oacute;n de sonido: 28 dBA<br \/>&#8211; Emisi&oacute;n de sonido (modo econ&oacute;mico): 26 dBA <\/td>\n<\/tr>\n<tr>\n<td><strong>Fecha de revisi&oacute;n<\/strong><\/td>\n<td>23-11-2020 por MPM<\/td>\n<\/tr>\n<\/tbody>\n<\/table>\n","protected":false},"excerpt":{"rendered":"<p>&nbsp; Marca Optoma Modelo CINEMAXP2 Tecnolog&iacute;a de visualizaci&oacute;n &#8211; Tipo de dispositivo: Proyector DLP Imagen &#8211; Brillo: 3000 ANSI l&uacute;menes&#8211; Relaci&oacute;n de contraste: 2.000.000:1 (din&aacute;mico)&#8211; Tecnolog&iacute;a de visualizaci&oacute;n: DLP&#8211; Resoluci&oacute;n: UHD (3840&#215;2160)&#8211; Relaci&oacute;n de aspecto nativo: 16:9&#8211; Ratio de aspecto &#8211; compatible: 4:3&#8211; Frecuencia de muestreo horizontal: 31 ~ 135Khz&#8211; Frecuencia de muestreo vertical: 24&hellip;&nbsp;<a href=\"https:\/\/aivlisoft.net\/shop\/producto\/optoma-cinemax-p2-laser-4k-ultra-corto\/\" rel=\"bookmark\"><span class=\"screen-reader-text\">Optoma CinemaX P2 Laser 4K ultra corto<\/span><\/a><\/p>\n","protected":false},"featured_media":16976,"template":"","meta":{"neve_meta_sidebar":"","neve_meta_container":"","neve_meta_enable_content_width":"","neve_meta_content_width":0,"neve_meta_title_alignment":"","neve_meta_author_avatar":"","neve_post_elements_order":"","neve_meta_disable_header":"","neve_meta_disable_footer":"","neve_meta_disable_title":""},"product_brand":[],"product_cat":[15,8691,719],"product_tag":[6263],"class_list":{"0":"post-16975","1":"product","2":"type-product","3":"status-publish","4":"has-post-thumbnail","6":"product_cat-sin-categorizar","7":"product_cat-accesorios-proyector-pantalla","8":"product_cat-accesorios-proyectores","9":"product_tag-cinemaxp2","11":"first","12":"instock","13":"taxable","14":"shipping-taxable","15":"purchasable","16":"product-type-simple"},"yoast_head":"<!-- This site is optimized with the Yoast SEO plugin v26.0 - https:\/\/yoast.com\/wordpress\/plugins\/seo\/ -->\n<title>Optoma CinemaX P2 Laser 4K ultra corto - Aivlisoft Inform\u00e1tica<\/title>\n<meta name=\"robots\" content=\"index, follow, max-snippet:-1, max-image-preview:large, max-video-preview:-1\" \/>\n<link rel=\"canonical\" href=\"https:\/\/aivlisoft.net\/shop\/producto\/optoma-cinemax-p2-laser-4k-ultra-corto\/\" \/>\n<meta property=\"og:locale\" content=\"es_ES\" \/>\n<meta property=\"og:type\" content=\"article\" \/>\n<meta property=\"og:title\" content=\"Optoma CinemaX P2 Laser 4K ultra corto - Aivlisoft Inform\u00e1tica\" \/>\n<meta property=\"og:description\" content=\"&nbsp; Marca Optoma Modelo CINEMAXP2 Tecnolog&iacute;a de visualizaci&oacute;n &#8211; Tipo de dispositivo: Proyector DLP Imagen &#8211; Brillo: 3000 ANSI l&uacute;menes&#8211; Relaci&oacute;n de contraste: 2.000.000:1 (din&aacute;mico)&#8211; Tecnolog&iacute;a de visualizaci&oacute;n: DLP&#8211; Resoluci&oacute;n: UHD (3840&#215;2160)&#8211; Relaci&oacute;n de aspecto nativo: 16:9&#8211; Ratio de aspecto &#8211; compatible: 4:3&#8211; Frecuencia de muestreo horizontal: 31 ~ 135Khz&#8211; Frecuencia de muestreo vertical: 24&hellip;&nbsp;Optoma CinemaX P2 Laser 4K ultra corto\" \/>\n<meta property=\"og:url\" content=\"https:\/\/aivlisoft.net\/shop\/producto\/optoma-cinemax-p2-laser-4k-ultra-corto\/\" \/>\n<meta property=\"og:site_name\" content=\"Aivlisoft Inform\u00e1tica\" \/>\n<meta property=\"article:modified_time\" content=\"2025-01-14T20:38:06+00:00\" \/>\n<meta property=\"og:image\" content=\"https:\/\/aivlisoft.net\/shop\/wp-content\/uploads\/2025\/01\/MPRPRY0423_800.jpg\" \/>\n\t<meta property=\"og:image:width\" content=\"800\" \/>\n\t<meta property=\"og:image:height\" content=\"800\" \/>\n\t<meta property=\"og:image:type\" content=\"image\/jpeg\" \/>\n<meta name=\"twitter:card\" content=\"summary_large_image\" \/>\n<meta name=\"twitter:label1\" content=\"Tiempo de lectura\" \/>\n\t<meta name=\"twitter:data1\" content=\"1 minuto\" \/>\n<script type=\"application\/ld+json\" class=\"yoast-schema-graph\">{\"@context\":\"https:\/\/schema.org\",\"@graph\":[{\"@type\":\"WebPage\",\"@id\":\"https:\/\/aivlisoft.net\/shop\/producto\/optoma-cinemax-p2-laser-4k-ultra-corto\/\",\"url\":\"https:\/\/aivlisoft.net\/shop\/producto\/optoma-cinemax-p2-laser-4k-ultra-corto\/\",\"name\":\"Optoma CinemaX P2 Laser 4K ultra corto - Aivlisoft Inform\u00e1tica\",\"isPartOf\":{\"@id\":\"https:\/\/aivlisoft.net\/shop\/#website\"},\"primaryImageOfPage\":{\"@id\":\"https:\/\/aivlisoft.net\/shop\/producto\/optoma-cinemax-p2-laser-4k-ultra-corto\/#primaryimage\"},\"image\":{\"@id\":\"https:\/\/aivlisoft.net\/shop\/producto\/optoma-cinemax-p2-laser-4k-ultra-corto\/#primaryimage\"},\"thumbnailUrl\":\"https:\/\/aivlisoft.net\/shop\/wp-content\/uploads\/2025\/01\/MPRPRY0423_800.jpg\",\"datePublished\":\"2025-01-13T15:07:34+00:00\",\"dateModified\":\"2025-01-14T20:38:06+00:00\",\"breadcrumb\":{\"@id\":\"https:\/\/aivlisoft.net\/shop\/producto\/optoma-cinemax-p2-laser-4k-ultra-corto\/#breadcrumb\"},\"inLanguage\":\"es\",\"potentialAction\":[{\"@type\":\"ReadAction\",\"target\":[\"https:\/\/aivlisoft.net\/shop\/producto\/optoma-cinemax-p2-laser-4k-ultra-corto\/\"]}]},{\"@type\":\"ImageObject\",\"inLanguage\":\"es\",\"@id\":\"https:\/\/aivlisoft.net\/shop\/producto\/optoma-cinemax-p2-laser-4k-ultra-corto\/#primaryimage\",\"url\":\"https:\/\/aivlisoft.net\/shop\/wp-content\/uploads\/2025\/01\/MPRPRY0423_800.jpg\",\"contentUrl\":\"https:\/\/aivlisoft.net\/shop\/wp-content\/uploads\/2025\/01\/MPRPRY0423_800.jpg\",\"width\":800,\"height\":800},{\"@type\":\"BreadcrumbList\",\"@id\":\"https:\/\/aivlisoft.net\/shop\/producto\/optoma-cinemax-p2-laser-4k-ultra-corto\/#breadcrumb\",\"itemListElement\":[{\"@type\":\"ListItem\",\"position\":1,\"name\":\"Portada\",\"item\":\"https:\/\/aivlisoft.net\/shop\/\"},{\"@type\":\"ListItem\",\"position\":2,\"name\":\"Tienda\",\"item\":\"https:\/\/aivlisoft.net\/shop\/tienda\/\"},{\"@type\":\"ListItem\",\"position\":3,\"name\":\"Optoma CinemaX P2 Laser 4K ultra corto\"}]},{\"@type\":\"WebSite\",\"@id\":\"https:\/\/aivlisoft.net\/shop\/#website\",\"url\":\"https:\/\/aivlisoft.net\/shop\/\",\"name\":\"Aivlisoft Inform\u00e1tica\",\"description\":\"En Aivlisoft Inform\u00e1tica ofrecemos soluciones tecnol\u00f3gicas para empresas: venta de ordenadores, consumibles, perif\u00e9ricos y m\u00e1s. Calidad, atenci\u00f3n personalizada y los mejores precios para tu negocio.\",\"publisher\":{\"@id\":\"https:\/\/aivlisoft.net\/shop\/#organization\"},\"potentialAction\":[{\"@type\":\"SearchAction\",\"target\":{\"@type\":\"EntryPoint\",\"urlTemplate\":\"https:\/\/aivlisoft.net\/shop\/?s={search_term_string}\"},\"query-input\":{\"@type\":\"PropertyValueSpecification\",\"valueRequired\":true,\"valueName\":\"search_term_string\"}}],\"inLanguage\":\"es\"},{\"@type\":\"Organization\",\"@id\":\"https:\/\/aivlisoft.net\/shop\/#organization\",\"name\":\"Aivlisoft Inform\u00e1tica\",\"url\":\"https:\/\/aivlisoft.net\/shop\/\",\"logo\":{\"@type\":\"ImageObject\",\"inLanguage\":\"es\",\"@id\":\"https:\/\/aivlisoft.net\/shop\/#\/schema\/logo\/image\/\",\"url\":\"https:\/\/aivlisoft.net\/shop\/wp-content\/uploads\/2024\/12\/removal.ai_5b848c54-0cdf-4140-95c5-c5536bb7573b-logodef.png\",\"contentUrl\":\"https:\/\/aivlisoft.net\/shop\/wp-content\/uploads\/2024\/12\/removal.ai_5b848c54-0cdf-4140-95c5-c5536bb7573b-logodef.png\",\"width\":484,\"height\":182,\"caption\":\"Aivlisoft Inform\u00e1tica\"},\"image\":{\"@id\":\"https:\/\/aivlisoft.net\/shop\/#\/schema\/logo\/image\/\"}}]}<\/script>\n<!-- \/ Yoast SEO plugin. -->","yoast_head_json":{"title":"Optoma CinemaX P2 Laser 4K ultra corto - Aivlisoft Inform\u00e1tica","robots":{"index":"index","follow":"follow","max-snippet":"max-snippet:-1","max-image-preview":"max-image-preview:large","max-video-preview":"max-video-preview:-1"},"canonical":"https:\/\/aivlisoft.net\/shop\/producto\/optoma-cinemax-p2-laser-4k-ultra-corto\/","og_locale":"es_ES","og_type":"article","og_title":"Optoma CinemaX P2 Laser 4K ultra corto - Aivlisoft Inform\u00e1tica","og_description":"&nbsp; Marca Optoma Modelo CINEMAXP2 Tecnolog&iacute;a de visualizaci&oacute;n &#8211; Tipo de dispositivo: Proyector DLP Imagen &#8211; Brillo: 3000 ANSI l&uacute;menes&#8211; Relaci&oacute;n de contraste: 2.000.000:1 (din&aacute;mico)&#8211; Tecnolog&iacute;a de visualizaci&oacute;n: DLP&#8211; Resoluci&oacute;n: UHD (3840&#215;2160)&#8211; Relaci&oacute;n de aspecto nativo: 16:9&#8211; Ratio de aspecto &#8211; compatible: 4:3&#8211; Frecuencia de muestreo horizontal: 31 ~ 135Khz&#8211; Frecuencia de muestreo vertical: 24&hellip;&nbsp;Optoma CinemaX P2 Laser 4K ultra corto","og_url":"https:\/\/aivlisoft.net\/shop\/producto\/optoma-cinemax-p2-laser-4k-ultra-corto\/","og_site_name":"Aivlisoft Inform\u00e1tica","article_modified_time":"2025-01-14T20:38:06+00:00","og_image":[{"width":800,"height":800,"url":"https:\/\/aivlisoft.net\/shop\/wp-content\/uploads\/2025\/01\/MPRPRY0423_800.jpg","type":"image\/jpeg"}],"twitter_card":"summary_large_image","twitter_misc":{"Tiempo de lectura":"1 minuto"},"schema":{"@context":"https:\/\/schema.org","@graph":[{"@type":"WebPage","@id":"https:\/\/aivlisoft.net\/shop\/producto\/optoma-cinemax-p2-laser-4k-ultra-corto\/","url":"https:\/\/aivlisoft.net\/shop\/producto\/optoma-cinemax-p2-laser-4k-ultra-corto\/","name":"Optoma CinemaX P2 Laser 4K ultra corto - Aivlisoft Inform\u00e1tica","isPartOf":{"@id":"https:\/\/aivlisoft.net\/shop\/#website"},"primaryImageOfPage":{"@id":"https:\/\/aivlisoft.net\/shop\/producto\/optoma-cinemax-p2-laser-4k-ultra-corto\/#primaryimage"},"image":{"@id":"https:\/\/aivlisoft.net\/shop\/producto\/optoma-cinemax-p2-laser-4k-ultra-corto\/#primaryimage"},"thumbnailUrl":"https:\/\/aivlisoft.net\/shop\/wp-content\/uploads\/2025\/01\/MPRPRY0423_800.jpg","datePublished":"2025-01-13T15:07:34+00:00","dateModified":"2025-01-14T20:38:06+00:00","breadcrumb":{"@id":"https:\/\/aivlisoft.net\/shop\/producto\/optoma-cinemax-p2-laser-4k-ultra-corto\/#breadcrumb"},"inLanguage":"es","potentialAction":[{"@type":"ReadAction","target":["https:\/\/aivlisoft.net\/shop\/producto\/optoma-cinemax-p2-laser-4k-ultra-corto\/"]}]},{"@type":"ImageObject","inLanguage":"es","@id":"https:\/\/aivlisoft.net\/shop\/producto\/optoma-cinemax-p2-laser-4k-ultra-corto\/#primaryimage","url":"https:\/\/aivlisoft.net\/shop\/wp-content\/uploads\/2025\/01\/MPRPRY0423_800.jpg","contentUrl":"https:\/\/aivlisoft.net\/shop\/wp-content\/uploads\/2025\/01\/MPRPRY0423_800.jpg","width":800,"height":800},{"@type":"BreadcrumbList","@id":"https:\/\/aivlisoft.net\/shop\/producto\/optoma-cinemax-p2-laser-4k-ultra-corto\/#breadcrumb","itemListElement":[{"@type":"ListItem","position":1,"name":"Portada","item":"https:\/\/aivlisoft.net\/shop\/"},{"@type":"ListItem","position":2,"name":"Tienda","item":"https:\/\/aivlisoft.net\/shop\/tienda\/"},{"@type":"ListItem","position":3,"name":"Optoma CinemaX P2 Laser 4K ultra corto"}]},{"@type":"WebSite","@id":"https:\/\/aivlisoft.net\/shop\/#website","url":"https:\/\/aivlisoft.net\/shop\/","name":"Aivlisoft Inform\u00e1tica","description":"En Aivlisoft Inform\u00e1tica ofrecemos soluciones tecnol\u00f3gicas para empresas: venta de ordenadores, consumibles, perif\u00e9ricos y m\u00e1s. Calidad, atenci\u00f3n personalizada y los mejores precios para tu negocio.","publisher":{"@id":"https:\/\/aivlisoft.net\/shop\/#organization"},"potentialAction":[{"@type":"SearchAction","target":{"@type":"EntryPoint","urlTemplate":"https:\/\/aivlisoft.net\/shop\/?s={search_term_string}"},"query-input":{"@type":"PropertyValueSpecification","valueRequired":true,"valueName":"search_term_string"}}],"inLanguage":"es"},{"@type":"Organization","@id":"https:\/\/aivlisoft.net\/shop\/#organization","name":"Aivlisoft Inform\u00e1tica","url":"https:\/\/aivlisoft.net\/shop\/","logo":{"@type":"ImageObject","inLanguage":"es","@id":"https:\/\/aivlisoft.net\/shop\/#\/schema\/logo\/image\/","url":"https:\/\/aivlisoft.net\/shop\/wp-content\/uploads\/2024\/12\/removal.ai_5b848c54-0cdf-4140-95c5-c5536bb7573b-logodef.png","contentUrl":"https:\/\/aivlisoft.net\/shop\/wp-content\/uploads\/2024\/12\/removal.ai_5b848c54-0cdf-4140-95c5-c5536bb7573b-logodef.png","width":484,"height":182,"caption":"Aivlisoft Inform\u00e1tica"},"image":{"@id":"https:\/\/aivlisoft.net\/shop\/#\/schema\/logo\/image\/"}}]}},"_links":{"self":[{"href":"https:\/\/aivlisoft.net\/shop\/wp-json\/wp\/v2\/product\/16975","targetHints":{"allow":["GET"]}}],"collection":[{"href":"https:\/\/aivlisoft.net\/shop\/wp-json\/wp\/v2\/product"}],"about":[{"href":"https:\/\/aivlisoft.net\/shop\/wp-json\/wp\/v2\/types\/product"}],"wp:featuredmedia":[{"embeddable":true,"href":"https:\/\/aivlisoft.net\/shop\/wp-json\/wp\/v2\/media\/16976"}],"wp:attachment":[{"href":"https:\/\/aivlisoft.net\/shop\/wp-json\/wp\/v2\/media?parent=16975"}],"wp:term":[{"taxonomy":"product_brand","embeddable":true,"href":"https:\/\/aivlisoft.net\/shop\/wp-json\/wp\/v2\/product_brand?post=16975"},{"taxonomy":"product_cat","embeddable":true,"href":"https:\/\/aivlisoft.net\/shop\/wp-json\/wp\/v2\/product_cat?post=16975"},{"taxonomy":"product_tag","embeddable":true,"href":"https:\/\/aivlisoft.net\/shop\/wp-json\/wp\/v2\/product_tag?post=16975"}],"curies":[{"name":"wp","href":"https:\/\/api.w.org\/{rel}","templated":true}]}}