{"id":16931,"date":"2025-01-13T15:07:08","date_gmt":"2025-01-13T15:07:08","guid":{"rendered":"https:\/\/aivlisoft.com\/?post_type=product&#038;p=16931"},"modified":"2025-01-14T20:43:38","modified_gmt":"2025-01-14T20:43:38","slug":"optoma-3861rk-pantalla-interac-86-4k-uhd-s3","status":"publish","type":"product","link":"https:\/\/aivlisoft.net\/shop\/producto\/optoma-3861rk-pantalla-interac-86-4k-uhd-s3\/","title":{"rendered":"Optoma 3861RK Pantalla Interac. 86&#8243; 4K UHD S3"},"content":{"rendered":"<p><\/p>\n<table class=\"tabla_caracteristicas\" width=\"100%\">\n<tr>\n<td valign=\"top\"><strong>Marca<\/strong><\/td>\n<td><strong>Optoma<\/strong><\/td>\n<\/tr>\n<tr>\n<td valign=\"top\"><strong>Modelo<\/strong><\/td>\n<td valign=\"top\"><strong>H1F0H02BW101<\/strong><\/td>\n<\/tr>\n<tr>\n<td valign=\"top\"><strong>Sistema operativo<\/strong><\/td>\n<td valign=\"top\">&#8211; Android 8.0<\/td>\n<\/tr>\n<tr>\n<td valign=\"top\"><strong>Procesador<\/strong><\/td>\n<td valign=\"top\">&#8211; Dual-core A73 and dual-core A53<\/td>\n<\/tr>\n<tr>\n<td valign=\"top\"><strong>Almacenamiento<\/strong><\/td>\n<td valign=\"top\">&#8211; 3GB RAM | 16GB ROM<\/td>\n<\/tr>\n<tr>\n<td valign=\"top\"><strong>Gr&aacute;fica<\/strong><\/td>\n<td valign=\"top\">&#8211; Mali G51 x 2<\/td>\n<\/tr>\n<tr>\n<td valign=\"top\"><strong>Caracter&iacute;sticas<\/strong><\/td>\n<td>&#8211; Luz de fondo: LED de tipo directo<br \/>\t\t\t&#8211; Tama&ntilde;o (diagonal): <strong>86&#8243;<\/strong><br \/>\t\t\t&#8211; Resoluci&oacute;n: 3840 x 2160<br \/>\t\t\t&#8211; Brillo: 370<br \/>\t\t\t&#8211; Ratio de contraste: 1.200:1<br \/>\t\t\t&#8211; Relaci&oacute;n de contraste (din&aacute;mica): 4.000:1<br \/>\t\t\t&#8211; Angulo de visi&oacute;n: 178&deg;<br \/>\t\t\t&#8211; Tiempo de respuesta: 8ms<br \/>\t\t\t&#8211; Vida: 50.000 hours<br \/>\t\t\t&#8211; Colores de la pantalla: 1.070<br \/>\t\t\t&#8211; Altavoces: 2 x 15W<br \/>\t\t\t&#8211; Dureza de la superficie: 7H Mhos<br \/>\t\t\t&#8211; Cristal: Antideslumbrante + Anti huellas<br \/>\t\t\t&#8211; Sensor de luz ambiental<br \/>\t\t\t&#8211; Air Gap: 4.00mm<br \/>\t\t\t<strong>Sistema t&aacute;ctil<\/strong><br \/>\t\t\t&#8211; Sistema: Windows10\/Windows8\/Windows7\/Windows XP \/Linux\/Mac (1 Touch point only)\/Android\/Chrome<br \/>\t\t\t&#8211; Precisi&oacute;n t&aacute;ctil: &lt;1.50mm<br \/>\t\t\t&#8211; Punto de contacto: 20<br \/>\t\t\t&#8211; Herramienta t&aacute;ctil: Dedo, Pen infrarrojo pasivo<br \/>\t\t\t&#8211; Detecci&oacute;n de dedo\/l&aacute;piz<\/td>\n<\/tr>\n<tr>\n<td valign=\"top\"><strong>Puertos E\/S<\/strong><\/td>\n<td><strong>Inputs<\/strong><br \/>\t\t\t&#8211; 3 x HDMI 2.0<br \/>\t\t\t&#8211; 1 x VGA<br \/>\t\t\t&#8211; 1 x Displayport<br \/>\t\t\t&#8211; 1 x Audio 3.5mm<br \/>\t\t\t&#8211; 1 x USB 3.0<br \/>\t\t\t&#8211; 4 x USB 2.0<br \/>\t\t\t&#8211; 2 x RJ45<br \/>\t\t\t<strong>Outputs<\/strong><br \/>\t\t\t&#8211; 1 x HDMI 2.0<br \/>\t\t\t&#8211; 1 x S\/PDIF<br \/>\t\t\t&#8211; 1 x Audio 3.5mm<br \/>\t\t\t&#8211; 1 x RJ45<\/td>\n<\/tr>\n<tr>\n<td valign=\"top\"><strong>Otras <\/strong> <strong>caracter&iacute;sticas<\/strong><\/td>\n<td>&#8211; Dimensiones: 2019 x 1209 x 116<br \/>\t\t\t&#8211; Peso: 64.5 kg<br \/>\t\t\t&#8211; Especificaciones de tornillos de pared: M8 x 25mm<br \/>\t\t\t&#8211; Agujeros VESA: 800 x 400<br \/>\t\t\t<strong>Contenido de la caja<\/strong><br \/>\t\t\t&#8211; Cable de alimentaci&oacute;n est&aacute;ndar europeo<br \/>\t\t\t&#8211; Cable de alimentaci&oacute;n est&aacute;ndar americano<br \/>\t\t\t&#8211; Cable de alimentaci&oacute;n est&aacute;ndar del Reino Unido<br \/>\t\t\t&#8211; Cable USB<br \/>\t\t\t&#8211; Cable HDMI<br \/>\t\t\t&#8211; 2 x bol&iacute;grafos de escritura<br \/>\t\t\t&#8211; Control remoto<br \/>\t\t\t&#8211; Pilas<br \/>\t\t\t&#8211; Bater&iacute;a<br \/>\t\t\t&#8211; Portal&aacute;pices \/ bandeja para bol&iacute;grafos<br \/>\t\t\t&#8211; QSG<\/td>\n<\/tr>\n<tr>\n<td valign=\"top\"><strong>Fecha de revisi&oacute;n<\/strong><\/td>\n<td>10-05-2023 por RTY<\/td>\n<\/tr>\n<\/table>\n","protected":false},"excerpt":{"rendered":"<p>Marca Optoma Modelo H1F0H02BW101 Sistema operativo &#8211; Android 8.0 Procesador &#8211; Dual-core A73 and dual-core A53 Almacenamiento &#8211; 3GB RAM | 16GB ROM Gr&aacute;fica &#8211; Mali G51 x 2 Caracter&iacute;sticas &#8211; Luz de fondo: LED de tipo directo &#8211; Tama&ntilde;o (diagonal): 86&#8243; &#8211; Resoluci&oacute;n: 3840 x 2160 &#8211; Brillo: 370 &#8211; Ratio de contraste: 1.200:1&hellip;&nbsp;<a href=\"https:\/\/aivlisoft.net\/shop\/producto\/optoma-3861rk-pantalla-interac-86-4k-uhd-s3\/\" rel=\"bookmark\"><span class=\"screen-reader-text\">Optoma 3861RK Pantalla Interac. 86&#8243; 4K UHD S3<\/span><\/a><\/p>\n","protected":false},"featured_media":16932,"template":"","meta":{"neve_meta_sidebar":"","neve_meta_container":"","neve_meta_enable_content_width":"","neve_meta_content_width":0,"neve_meta_title_alignment":"","neve_meta_author_avatar":"","neve_post_elements_order":"","neve_meta_disable_header":"","neve_meta_disable_footer":"","neve_meta_disable_title":""},"product_brand":[],"product_cat":[15,8691,3724],"product_tag":[6252],"class_list":{"0":"post-16931","1":"product","2":"type-product","3":"status-publish","4":"has-post-thumbnail","6":"product_cat-sin-categorizar","7":"product_cat-accesorios-proyector-pantalla","8":"product_cat-monitores","9":"product_tag-h1f0h02bw101","11":"first","12":"instock","13":"taxable","14":"shipping-taxable","15":"purchasable","16":"product-type-simple"},"yoast_head":"<!-- This site is optimized with the Yoast SEO plugin v26.0 - https:\/\/yoast.com\/wordpress\/plugins\/seo\/ -->\n<title>Optoma 3861RK Pantalla Interac. 86&quot; 4K UHD S3 - Aivlisoft Inform\u00e1tica<\/title>\n<meta name=\"robots\" content=\"index, follow, max-snippet:-1, max-image-preview:large, max-video-preview:-1\" \/>\n<link rel=\"canonical\" href=\"https:\/\/aivlisoft.net\/shop\/producto\/optoma-3861rk-pantalla-interac-86-4k-uhd-s3\/\" \/>\n<meta property=\"og:locale\" content=\"es_ES\" \/>\n<meta property=\"og:type\" content=\"article\" \/>\n<meta property=\"og:title\" content=\"Optoma 3861RK Pantalla Interac. 86&quot; 4K UHD S3 - Aivlisoft Inform\u00e1tica\" \/>\n<meta property=\"og:description\" content=\"Marca Optoma Modelo H1F0H02BW101 Sistema operativo &#8211; Android 8.0 Procesador &#8211; Dual-core A73 and dual-core A53 Almacenamiento &#8211; 3GB RAM | 16GB ROM Gr&aacute;fica &#8211; Mali G51 x 2 Caracter&iacute;sticas &#8211; Luz de fondo: LED de tipo directo &#8211; Tama&ntilde;o (diagonal): 86&#8243; &#8211; Resoluci&oacute;n: 3840 x 2160 &#8211; Brillo: 370 &#8211; Ratio de contraste: 1.200:1&hellip;&nbsp;Optoma 3861RK Pantalla Interac. 86&#8243; 4K UHD S3\" \/>\n<meta property=\"og:url\" content=\"https:\/\/aivlisoft.net\/shop\/producto\/optoma-3861rk-pantalla-interac-86-4k-uhd-s3\/\" \/>\n<meta property=\"og:site_name\" content=\"Aivlisoft Inform\u00e1tica\" \/>\n<meta property=\"article:modified_time\" content=\"2025-01-14T20:43:38+00:00\" \/>\n<meta property=\"og:image\" content=\"https:\/\/aivlisoft.net\/shop\/wp-content\/uploads\/2025\/01\/MPRPIZ0093_800.jpg\" \/>\n\t<meta property=\"og:image:width\" content=\"800\" \/>\n\t<meta property=\"og:image:height\" content=\"800\" \/>\n\t<meta property=\"og:image:type\" content=\"image\/jpeg\" \/>\n<meta name=\"twitter:card\" content=\"summary_large_image\" \/>\n<meta name=\"twitter:label1\" content=\"Tiempo de lectura\" \/>\n\t<meta name=\"twitter:data1\" content=\"2 minutos\" \/>\n<script type=\"application\/ld+json\" class=\"yoast-schema-graph\">{\"@context\":\"https:\/\/schema.org\",\"@graph\":[{\"@type\":\"WebPage\",\"@id\":\"https:\/\/aivlisoft.net\/shop\/producto\/optoma-3861rk-pantalla-interac-86-4k-uhd-s3\/\",\"url\":\"https:\/\/aivlisoft.net\/shop\/producto\/optoma-3861rk-pantalla-interac-86-4k-uhd-s3\/\",\"name\":\"Optoma 3861RK Pantalla Interac. 86\\\" 4K UHD S3 - Aivlisoft Inform\u00e1tica\",\"isPartOf\":{\"@id\":\"https:\/\/aivlisoft.net\/shop\/#website\"},\"primaryImageOfPage\":{\"@id\":\"https:\/\/aivlisoft.net\/shop\/producto\/optoma-3861rk-pantalla-interac-86-4k-uhd-s3\/#primaryimage\"},\"image\":{\"@id\":\"https:\/\/aivlisoft.net\/shop\/producto\/optoma-3861rk-pantalla-interac-86-4k-uhd-s3\/#primaryimage\"},\"thumbnailUrl\":\"https:\/\/aivlisoft.net\/shop\/wp-content\/uploads\/2025\/01\/MPRPIZ0093_800.jpg\",\"datePublished\":\"2025-01-13T15:07:08+00:00\",\"dateModified\":\"2025-01-14T20:43:38+00:00\",\"breadcrumb\":{\"@id\":\"https:\/\/aivlisoft.net\/shop\/producto\/optoma-3861rk-pantalla-interac-86-4k-uhd-s3\/#breadcrumb\"},\"inLanguage\":\"es\",\"potentialAction\":[{\"@type\":\"ReadAction\",\"target\":[\"https:\/\/aivlisoft.net\/shop\/producto\/optoma-3861rk-pantalla-interac-86-4k-uhd-s3\/\"]}]},{\"@type\":\"ImageObject\",\"inLanguage\":\"es\",\"@id\":\"https:\/\/aivlisoft.net\/shop\/producto\/optoma-3861rk-pantalla-interac-86-4k-uhd-s3\/#primaryimage\",\"url\":\"https:\/\/aivlisoft.net\/shop\/wp-content\/uploads\/2025\/01\/MPRPIZ0093_800.jpg\",\"contentUrl\":\"https:\/\/aivlisoft.net\/shop\/wp-content\/uploads\/2025\/01\/MPRPIZ0093_800.jpg\",\"width\":800,\"height\":800},{\"@type\":\"BreadcrumbList\",\"@id\":\"https:\/\/aivlisoft.net\/shop\/producto\/optoma-3861rk-pantalla-interac-86-4k-uhd-s3\/#breadcrumb\",\"itemListElement\":[{\"@type\":\"ListItem\",\"position\":1,\"name\":\"Portada\",\"item\":\"https:\/\/aivlisoft.net\/shop\/\"},{\"@type\":\"ListItem\",\"position\":2,\"name\":\"Tienda\",\"item\":\"https:\/\/aivlisoft.net\/shop\/tienda\/\"},{\"@type\":\"ListItem\",\"position\":3,\"name\":\"Optoma 3861RK Pantalla Interac. 86&#8243; 4K UHD S3\"}]},{\"@type\":\"WebSite\",\"@id\":\"https:\/\/aivlisoft.net\/shop\/#website\",\"url\":\"https:\/\/aivlisoft.net\/shop\/\",\"name\":\"Aivlisoft Inform\u00e1tica\",\"description\":\"En Aivlisoft Inform\u00e1tica ofrecemos soluciones tecnol\u00f3gicas para empresas: venta de ordenadores, consumibles, perif\u00e9ricos y m\u00e1s. Calidad, atenci\u00f3n personalizada y los mejores precios para tu negocio.\",\"publisher\":{\"@id\":\"https:\/\/aivlisoft.net\/shop\/#organization\"},\"potentialAction\":[{\"@type\":\"SearchAction\",\"target\":{\"@type\":\"EntryPoint\",\"urlTemplate\":\"https:\/\/aivlisoft.net\/shop\/?s={search_term_string}\"},\"query-input\":{\"@type\":\"PropertyValueSpecification\",\"valueRequired\":true,\"valueName\":\"search_term_string\"}}],\"inLanguage\":\"es\"},{\"@type\":\"Organization\",\"@id\":\"https:\/\/aivlisoft.net\/shop\/#organization\",\"name\":\"Aivlisoft Inform\u00e1tica\",\"url\":\"https:\/\/aivlisoft.net\/shop\/\",\"logo\":{\"@type\":\"ImageObject\",\"inLanguage\":\"es\",\"@id\":\"https:\/\/aivlisoft.net\/shop\/#\/schema\/logo\/image\/\",\"url\":\"https:\/\/aivlisoft.net\/shop\/wp-content\/uploads\/2024\/12\/removal.ai_5b848c54-0cdf-4140-95c5-c5536bb7573b-logodef.png\",\"contentUrl\":\"https:\/\/aivlisoft.net\/shop\/wp-content\/uploads\/2024\/12\/removal.ai_5b848c54-0cdf-4140-95c5-c5536bb7573b-logodef.png\",\"width\":484,\"height\":182,\"caption\":\"Aivlisoft Inform\u00e1tica\"},\"image\":{\"@id\":\"https:\/\/aivlisoft.net\/shop\/#\/schema\/logo\/image\/\"}}]}<\/script>\n<!-- \/ Yoast SEO plugin. -->","yoast_head_json":{"title":"Optoma 3861RK Pantalla Interac. 86\" 4K UHD S3 - Aivlisoft Inform\u00e1tica","robots":{"index":"index","follow":"follow","max-snippet":"max-snippet:-1","max-image-preview":"max-image-preview:large","max-video-preview":"max-video-preview:-1"},"canonical":"https:\/\/aivlisoft.net\/shop\/producto\/optoma-3861rk-pantalla-interac-86-4k-uhd-s3\/","og_locale":"es_ES","og_type":"article","og_title":"Optoma 3861RK Pantalla Interac. 86\" 4K UHD S3 - Aivlisoft Inform\u00e1tica","og_description":"Marca Optoma Modelo H1F0H02BW101 Sistema operativo &#8211; Android 8.0 Procesador &#8211; Dual-core A73 and dual-core A53 Almacenamiento &#8211; 3GB RAM | 16GB ROM Gr&aacute;fica &#8211; Mali G51 x 2 Caracter&iacute;sticas &#8211; Luz de fondo: LED de tipo directo &#8211; Tama&ntilde;o (diagonal): 86&#8243; &#8211; Resoluci&oacute;n: 3840 x 2160 &#8211; Brillo: 370 &#8211; Ratio de contraste: 1.200:1&hellip;&nbsp;Optoma 3861RK Pantalla Interac. 86&#8243; 4K UHD S3","og_url":"https:\/\/aivlisoft.net\/shop\/producto\/optoma-3861rk-pantalla-interac-86-4k-uhd-s3\/","og_site_name":"Aivlisoft Inform\u00e1tica","article_modified_time":"2025-01-14T20:43:38+00:00","og_image":[{"width":800,"height":800,"url":"https:\/\/aivlisoft.net\/shop\/wp-content\/uploads\/2025\/01\/MPRPIZ0093_800.jpg","type":"image\/jpeg"}],"twitter_card":"summary_large_image","twitter_misc":{"Tiempo de lectura":"2 minutos"},"schema":{"@context":"https:\/\/schema.org","@graph":[{"@type":"WebPage","@id":"https:\/\/aivlisoft.net\/shop\/producto\/optoma-3861rk-pantalla-interac-86-4k-uhd-s3\/","url":"https:\/\/aivlisoft.net\/shop\/producto\/optoma-3861rk-pantalla-interac-86-4k-uhd-s3\/","name":"Optoma 3861RK Pantalla Interac. 86\" 4K UHD S3 - Aivlisoft Inform\u00e1tica","isPartOf":{"@id":"https:\/\/aivlisoft.net\/shop\/#website"},"primaryImageOfPage":{"@id":"https:\/\/aivlisoft.net\/shop\/producto\/optoma-3861rk-pantalla-interac-86-4k-uhd-s3\/#primaryimage"},"image":{"@id":"https:\/\/aivlisoft.net\/shop\/producto\/optoma-3861rk-pantalla-interac-86-4k-uhd-s3\/#primaryimage"},"thumbnailUrl":"https:\/\/aivlisoft.net\/shop\/wp-content\/uploads\/2025\/01\/MPRPIZ0093_800.jpg","datePublished":"2025-01-13T15:07:08+00:00","dateModified":"2025-01-14T20:43:38+00:00","breadcrumb":{"@id":"https:\/\/aivlisoft.net\/shop\/producto\/optoma-3861rk-pantalla-interac-86-4k-uhd-s3\/#breadcrumb"},"inLanguage":"es","potentialAction":[{"@type":"ReadAction","target":["https:\/\/aivlisoft.net\/shop\/producto\/optoma-3861rk-pantalla-interac-86-4k-uhd-s3\/"]}]},{"@type":"ImageObject","inLanguage":"es","@id":"https:\/\/aivlisoft.net\/shop\/producto\/optoma-3861rk-pantalla-interac-86-4k-uhd-s3\/#primaryimage","url":"https:\/\/aivlisoft.net\/shop\/wp-content\/uploads\/2025\/01\/MPRPIZ0093_800.jpg","contentUrl":"https:\/\/aivlisoft.net\/shop\/wp-content\/uploads\/2025\/01\/MPRPIZ0093_800.jpg","width":800,"height":800},{"@type":"BreadcrumbList","@id":"https:\/\/aivlisoft.net\/shop\/producto\/optoma-3861rk-pantalla-interac-86-4k-uhd-s3\/#breadcrumb","itemListElement":[{"@type":"ListItem","position":1,"name":"Portada","item":"https:\/\/aivlisoft.net\/shop\/"},{"@type":"ListItem","position":2,"name":"Tienda","item":"https:\/\/aivlisoft.net\/shop\/tienda\/"},{"@type":"ListItem","position":3,"name":"Optoma 3861RK Pantalla Interac. 86&#8243; 4K UHD S3"}]},{"@type":"WebSite","@id":"https:\/\/aivlisoft.net\/shop\/#website","url":"https:\/\/aivlisoft.net\/shop\/","name":"Aivlisoft Inform\u00e1tica","description":"En Aivlisoft Inform\u00e1tica ofrecemos soluciones tecnol\u00f3gicas para empresas: venta de ordenadores, consumibles, perif\u00e9ricos y m\u00e1s. Calidad, atenci\u00f3n personalizada y los mejores precios para tu negocio.","publisher":{"@id":"https:\/\/aivlisoft.net\/shop\/#organization"},"potentialAction":[{"@type":"SearchAction","target":{"@type":"EntryPoint","urlTemplate":"https:\/\/aivlisoft.net\/shop\/?s={search_term_string}"},"query-input":{"@type":"PropertyValueSpecification","valueRequired":true,"valueName":"search_term_string"}}],"inLanguage":"es"},{"@type":"Organization","@id":"https:\/\/aivlisoft.net\/shop\/#organization","name":"Aivlisoft Inform\u00e1tica","url":"https:\/\/aivlisoft.net\/shop\/","logo":{"@type":"ImageObject","inLanguage":"es","@id":"https:\/\/aivlisoft.net\/shop\/#\/schema\/logo\/image\/","url":"https:\/\/aivlisoft.net\/shop\/wp-content\/uploads\/2024\/12\/removal.ai_5b848c54-0cdf-4140-95c5-c5536bb7573b-logodef.png","contentUrl":"https:\/\/aivlisoft.net\/shop\/wp-content\/uploads\/2024\/12\/removal.ai_5b848c54-0cdf-4140-95c5-c5536bb7573b-logodef.png","width":484,"height":182,"caption":"Aivlisoft Inform\u00e1tica"},"image":{"@id":"https:\/\/aivlisoft.net\/shop\/#\/schema\/logo\/image\/"}}]}},"_links":{"self":[{"href":"https:\/\/aivlisoft.net\/shop\/wp-json\/wp\/v2\/product\/16931","targetHints":{"allow":["GET"]}}],"collection":[{"href":"https:\/\/aivlisoft.net\/shop\/wp-json\/wp\/v2\/product"}],"about":[{"href":"https:\/\/aivlisoft.net\/shop\/wp-json\/wp\/v2\/types\/product"}],"wp:featuredmedia":[{"embeddable":true,"href":"https:\/\/aivlisoft.net\/shop\/wp-json\/wp\/v2\/media\/16932"}],"wp:attachment":[{"href":"https:\/\/aivlisoft.net\/shop\/wp-json\/wp\/v2\/media?parent=16931"}],"wp:term":[{"taxonomy":"product_brand","embeddable":true,"href":"https:\/\/aivlisoft.net\/shop\/wp-json\/wp\/v2\/product_brand?post=16931"},{"taxonomy":"product_cat","embeddable":true,"href":"https:\/\/aivlisoft.net\/shop\/wp-json\/wp\/v2\/product_cat?post=16931"},{"taxonomy":"product_tag","embeddable":true,"href":"https:\/\/aivlisoft.net\/shop\/wp-json\/wp\/v2\/product_tag?post=16931"}],"curies":[{"name":"wp","href":"https:\/\/api.w.org\/{rel}","templated":true}]}}