{"id":16914,"date":"2025-01-13T15:06:58","date_gmt":"2025-01-13T15:06:58","guid":{"rendered":"https:\/\/aivlisoft.com\/?post_type=product&#038;p=16914"},"modified":"2025-01-14T20:43:41","modified_gmt":"2025-01-14T20:43:41","slug":"promethean-k-nickel-pantalla-int-86-4k","status":"publish","type":"product","link":"https:\/\/aivlisoft.net\/shop\/producto\/promethean-k-nickel-pantalla-int-86-4k\/","title":{"rendered":"Promethean K\/NICKEL Pantalla Int. 86&#8243; 4K"},"content":{"rendered":"<p>&nbsp;<\/p>\n<table class=\"tabla_caracteristicas k-table\" width=\"100%\">\n<tr>\n<td><strong>Marca<\/strong><\/td>\n<td>Promethean<\/td>\n<\/tr>\n<tr>\n<td><strong>Modelo<\/strong><\/td>\n<td><strong>6372903<\/strong><\/td>\n<\/tr>\n<tr>\n<td><strong>Panel<\/strong><\/td>\n<td>&#8211; Tama&ntilde;o:<strong> 86&quot;<\/strong><br \/>\t\t\t&#8211; Tipo: Pantalla plana LCD<br \/>\t\t\t&#8211; Pizarra interactiva integrada, pantalla t&aacute;ctil (multit&aacute;ctil)<br \/>\t\t\t&#8211; Resoluci&oacute;n: 3840 x 2160<br \/>\t\t\t&#8211; Formato de pantalla: <strong>4K UHD<\/strong> (2160p)<br \/>\t\t\t&#8211; Relaci&oacute;n imagen a aspecto: 16:9<br \/>\t\t\t&#8211; Frecuencia de fotogramas y tecnolog&iacute;a de mejora: 60 Hz Refresh Rate<br \/>\t\t\t&#8211; Tecnolog&iacute;a de retroiluminaci&oacute;n LCD: Retroiluminaci&oacute;n LED<br \/>\t\t\t&#8211; Revestimiento: Antirreflejo, Duro 9 H<br \/>\t\t\t&#8211; Relaci&oacute;n imagen a contraste: 4000:1<br \/>\t\t\t&#8211; Brillo: 350 cd\/m&sup2;<br \/>\t\t\t&#8211; &Aacute;ngulo de visi&oacute;n: 178 grados<br \/>\t\t\t&#8211; N.&ordm; de puntos t&aacute;ctiles: 15<br \/>\t\t\t&#8211; Tiempo de respuesta: 8 ms<\/td>\n<\/tr>\n<tr>\n<td><strong>Conexiones<\/strong><\/td>\n<td>&#8211; HDMI &#8211; frente<br \/>\t\t\t&#8211; 2 x entrada HDMI &#8211; posterior<br \/>\t\t\t&#8211; USB2.0 &#8211; frente<br \/>\t\t\t&#8211; USB2.0 &#8211; posterior<br \/>\t\t\t&#8211; USB &#8211; frente<br \/>\t\t\t&#8211; USB &#8211; posterior<br \/>\t\t\t&#8211; USB 3.0<br \/>\t\t\t&#8211; 2 x LAN<br \/>\t\t\t&#8211; RS-232<br \/>\t\t\t&#8211; Entrada VGA<br \/>\t\t\t&#8211; Entrada de la l&iacute;nea de audio<br \/>\t\t\t&#8211; Entrada de v&iacute;deo compuesto<br \/>\t\t\t&#8211; Entrada de micr&oacute;fono<br \/>\t\t\t&#8211; Auriculares<\/td>\n<\/tr>\n<tr>\n<td><strong>Otras Caracter&iacute;sticas<\/strong><\/td>\n<td>&#8211; Procesador: ARM Cortex-A73 Dual-Core + ARM Cortex-A53 Dual-Core &#8211; 2 GB &#8211; 16 GB &#8211; Mali G51 MP2<br \/>\t\t\t&#8211; Almacenamiento: 16 GB<br \/>\t\t\t&#8211; Sistema operativo: Android OS 8.0<br \/>\t\t\t&#8211; Sensores: Sensor de luz ambiental (ALS)<br \/>\t\t\t&#8211; Compatibilidad VESA: 700 x 400 mm<br \/>\t\t\t<strong>Audio<\/strong><br \/>\t\t\t&#8211; Sistema de altavoces: 2 altavoces<br \/>\t\t\t&#8211; Potencia de salida: 30 Vatios (15v por altavoz)<br \/>\t\t\t<strong>Conectividad<\/strong><br \/>\t\t\t&#8211; LAN<br \/>\t\t\t<strong>Alimentaci&oacute;n<\/strong><br \/>\t\t\t&#8211; Dispositivo de alimentaci&oacute;n: Fuente de alimentaci&oacute;n<br \/>\t\t\t&#8211; Voltaje nominal: CA 120\/230 V<br \/>\t\t\t&#8211; Consumo de energ&iacute;a en espera: 0.5 vatios<br \/>\t\t\t<strong>Accesorios incluidos<\/strong><br \/>\t\t\t&#8211; Pluma<br \/>\t\t\t&#8211; Tornillos de montaje<br \/>\t\t\t&#8211; 2 bater&iacute;as<br \/>\t\t\t&#8211; Software ActivInspire Professional Edition<br \/>\t\t\t&#8211; Soporte para PC peque&ntilde;o<br \/>\t\t\t&#8211; Bolsa sellada antiest&aacute;tica<br \/>\t\t\t&#8211; Cable HDMI &#8211; 3 m<br \/>\t\t\t&#8211; Cable USB &#8211; 3 m<br \/>\t\t\t<strong>Dimensiones y peso<\/strong><br \/>\t\t\t&#8211; Dimensiones (Ancho x Profundidad x Altura): 201.8 cm x 11.3 cm x 123.6 cm<br \/>\t\t\t&#8211; Peso: 84 kg<\/td>\n<\/tr>\n<tr>\n<td><strong>Fecha de revisi&oacute;n<\/strong><\/td>\n<td>27-06-2022 por MPM<\/td>\n<\/tr>\n<\/table>\n","protected":false},"excerpt":{"rendered":"<p>&nbsp; Marca Promethean Modelo 6372903 Panel &#8211; Tama&ntilde;o: 86&quot; &#8211; Tipo: Pantalla plana LCD &#8211; Pizarra interactiva integrada, pantalla t&aacute;ctil (multit&aacute;ctil) &#8211; Resoluci&oacute;n: 3840 x 2160 &#8211; Formato de pantalla: 4K UHD (2160p) &#8211; Relaci&oacute;n imagen a aspecto: 16:9 &#8211; Frecuencia de fotogramas y tecnolog&iacute;a de mejora: 60 Hz Refresh Rate &#8211; Tecnolog&iacute;a de retroiluminaci&oacute;n&hellip;&nbsp;<a href=\"https:\/\/aivlisoft.net\/shop\/producto\/promethean-k-nickel-pantalla-int-86-4k\/\" rel=\"bookmark\"><span class=\"screen-reader-text\">Promethean K\/NICKEL Pantalla Int. 86&#8243; 4K<\/span><\/a><\/p>\n","protected":false},"featured_media":16915,"template":"","meta":{"neve_meta_sidebar":"","neve_meta_container":"","neve_meta_enable_content_width":"","neve_meta_content_width":0,"neve_meta_title_alignment":"","neve_meta_author_avatar":"","neve_post_elements_order":"","neve_meta_disable_header":"","neve_meta_disable_footer":"","neve_meta_disable_title":""},"product_brand":[],"product_cat":[15,8691,3724],"product_tag":[6248],"class_list":{"0":"post-16914","1":"product","2":"type-product","3":"status-publish","4":"has-post-thumbnail","6":"product_cat-sin-categorizar","7":"product_cat-accesorios-proyector-pantalla","8":"product_cat-monitores","9":"product_tag-6248","11":"first","12":"instock","13":"taxable","14":"shipping-taxable","15":"purchasable","16":"product-type-simple"},"yoast_head":"<!-- This site is optimized with the Yoast SEO plugin v26.0 - https:\/\/yoast.com\/wordpress\/plugins\/seo\/ -->\n<title>Promethean K\/NICKEL Pantalla Int. 86&quot; 4K - Aivlisoft Inform\u00e1tica<\/title>\n<meta name=\"robots\" content=\"index, follow, max-snippet:-1, max-image-preview:large, max-video-preview:-1\" \/>\n<link rel=\"canonical\" href=\"https:\/\/aivlisoft.net\/shop\/producto\/promethean-k-nickel-pantalla-int-86-4k\/\" \/>\n<meta property=\"og:locale\" content=\"es_ES\" \/>\n<meta property=\"og:type\" content=\"article\" \/>\n<meta property=\"og:title\" content=\"Promethean K\/NICKEL Pantalla Int. 86&quot; 4K - Aivlisoft Inform\u00e1tica\" \/>\n<meta property=\"og:description\" content=\"&nbsp; Marca Promethean Modelo 6372903 Panel &#8211; Tama&ntilde;o: 86&quot; &#8211; Tipo: Pantalla plana LCD &#8211; Pizarra interactiva integrada, pantalla t&aacute;ctil (multit&aacute;ctil) &#8211; Resoluci&oacute;n: 3840 x 2160 &#8211; Formato de pantalla: 4K UHD (2160p) &#8211; Relaci&oacute;n imagen a aspecto: 16:9 &#8211; Frecuencia de fotogramas y tecnolog&iacute;a de mejora: 60 Hz Refresh Rate &#8211; Tecnolog&iacute;a de retroiluminaci&oacute;n&hellip;&nbsp;Promethean K\/NICKEL Pantalla Int. 86&#8243; 4K\" \/>\n<meta property=\"og:url\" content=\"https:\/\/aivlisoft.net\/shop\/producto\/promethean-k-nickel-pantalla-int-86-4k\/\" \/>\n<meta property=\"og:site_name\" content=\"Aivlisoft Inform\u00e1tica\" \/>\n<meta property=\"article:modified_time\" content=\"2025-01-14T20:43:41+00:00\" \/>\n<meta property=\"og:image\" content=\"https:\/\/aivlisoft.net\/shop\/wp-content\/uploads\/2025\/01\/MPRPIZ0089_800.jpg\" \/>\n\t<meta property=\"og:image:width\" content=\"800\" \/>\n\t<meta property=\"og:image:height\" content=\"800\" \/>\n\t<meta property=\"og:image:type\" content=\"image\/jpeg\" \/>\n<meta name=\"twitter:card\" content=\"summary_large_image\" \/>\n<meta name=\"twitter:label1\" content=\"Tiempo de lectura\" \/>\n\t<meta name=\"twitter:data1\" content=\"2 minutos\" \/>\n<script type=\"application\/ld+json\" class=\"yoast-schema-graph\">{\"@context\":\"https:\/\/schema.org\",\"@graph\":[{\"@type\":\"WebPage\",\"@id\":\"https:\/\/aivlisoft.net\/shop\/producto\/promethean-k-nickel-pantalla-int-86-4k\/\",\"url\":\"https:\/\/aivlisoft.net\/shop\/producto\/promethean-k-nickel-pantalla-int-86-4k\/\",\"name\":\"Promethean K\/NICKEL Pantalla Int. 86\\\" 4K - Aivlisoft Inform\u00e1tica\",\"isPartOf\":{\"@id\":\"https:\/\/aivlisoft.net\/shop\/#website\"},\"primaryImageOfPage\":{\"@id\":\"https:\/\/aivlisoft.net\/shop\/producto\/promethean-k-nickel-pantalla-int-86-4k\/#primaryimage\"},\"image\":{\"@id\":\"https:\/\/aivlisoft.net\/shop\/producto\/promethean-k-nickel-pantalla-int-86-4k\/#primaryimage\"},\"thumbnailUrl\":\"https:\/\/aivlisoft.net\/shop\/wp-content\/uploads\/2025\/01\/MPRPIZ0089_800.jpg\",\"datePublished\":\"2025-01-13T15:06:58+00:00\",\"dateModified\":\"2025-01-14T20:43:41+00:00\",\"breadcrumb\":{\"@id\":\"https:\/\/aivlisoft.net\/shop\/producto\/promethean-k-nickel-pantalla-int-86-4k\/#breadcrumb\"},\"inLanguage\":\"es\",\"potentialAction\":[{\"@type\":\"ReadAction\",\"target\":[\"https:\/\/aivlisoft.net\/shop\/producto\/promethean-k-nickel-pantalla-int-86-4k\/\"]}]},{\"@type\":\"ImageObject\",\"inLanguage\":\"es\",\"@id\":\"https:\/\/aivlisoft.net\/shop\/producto\/promethean-k-nickel-pantalla-int-86-4k\/#primaryimage\",\"url\":\"https:\/\/aivlisoft.net\/shop\/wp-content\/uploads\/2025\/01\/MPRPIZ0089_800.jpg\",\"contentUrl\":\"https:\/\/aivlisoft.net\/shop\/wp-content\/uploads\/2025\/01\/MPRPIZ0089_800.jpg\",\"width\":800,\"height\":800},{\"@type\":\"BreadcrumbList\",\"@id\":\"https:\/\/aivlisoft.net\/shop\/producto\/promethean-k-nickel-pantalla-int-86-4k\/#breadcrumb\",\"itemListElement\":[{\"@type\":\"ListItem\",\"position\":1,\"name\":\"Portada\",\"item\":\"https:\/\/aivlisoft.net\/shop\/\"},{\"@type\":\"ListItem\",\"position\":2,\"name\":\"Tienda\",\"item\":\"https:\/\/aivlisoft.net\/shop\/tienda\/\"},{\"@type\":\"ListItem\",\"position\":3,\"name\":\"Promethean K\/NICKEL Pantalla Int. 86&#8243; 4K\"}]},{\"@type\":\"WebSite\",\"@id\":\"https:\/\/aivlisoft.net\/shop\/#website\",\"url\":\"https:\/\/aivlisoft.net\/shop\/\",\"name\":\"Aivlisoft Inform\u00e1tica\",\"description\":\"En Aivlisoft Inform\u00e1tica ofrecemos soluciones tecnol\u00f3gicas para empresas: venta de ordenadores, consumibles, perif\u00e9ricos y m\u00e1s. Calidad, atenci\u00f3n personalizada y los mejores precios para tu negocio.\",\"publisher\":{\"@id\":\"https:\/\/aivlisoft.net\/shop\/#organization\"},\"potentialAction\":[{\"@type\":\"SearchAction\",\"target\":{\"@type\":\"EntryPoint\",\"urlTemplate\":\"https:\/\/aivlisoft.net\/shop\/?s={search_term_string}\"},\"query-input\":{\"@type\":\"PropertyValueSpecification\",\"valueRequired\":true,\"valueName\":\"search_term_string\"}}],\"inLanguage\":\"es\"},{\"@type\":\"Organization\",\"@id\":\"https:\/\/aivlisoft.net\/shop\/#organization\",\"name\":\"Aivlisoft Inform\u00e1tica\",\"url\":\"https:\/\/aivlisoft.net\/shop\/\",\"logo\":{\"@type\":\"ImageObject\",\"inLanguage\":\"es\",\"@id\":\"https:\/\/aivlisoft.net\/shop\/#\/schema\/logo\/image\/\",\"url\":\"https:\/\/aivlisoft.net\/shop\/wp-content\/uploads\/2024\/12\/removal.ai_5b848c54-0cdf-4140-95c5-c5536bb7573b-logodef.png\",\"contentUrl\":\"https:\/\/aivlisoft.net\/shop\/wp-content\/uploads\/2024\/12\/removal.ai_5b848c54-0cdf-4140-95c5-c5536bb7573b-logodef.png\",\"width\":484,\"height\":182,\"caption\":\"Aivlisoft Inform\u00e1tica\"},\"image\":{\"@id\":\"https:\/\/aivlisoft.net\/shop\/#\/schema\/logo\/image\/\"}}]}<\/script>\n<!-- \/ Yoast SEO plugin. -->","yoast_head_json":{"title":"Promethean K\/NICKEL Pantalla Int. 86\" 4K - Aivlisoft Inform\u00e1tica","robots":{"index":"index","follow":"follow","max-snippet":"max-snippet:-1","max-image-preview":"max-image-preview:large","max-video-preview":"max-video-preview:-1"},"canonical":"https:\/\/aivlisoft.net\/shop\/producto\/promethean-k-nickel-pantalla-int-86-4k\/","og_locale":"es_ES","og_type":"article","og_title":"Promethean K\/NICKEL Pantalla Int. 86\" 4K - Aivlisoft Inform\u00e1tica","og_description":"&nbsp; Marca Promethean Modelo 6372903 Panel &#8211; Tama&ntilde;o: 86&quot; &#8211; Tipo: Pantalla plana LCD &#8211; Pizarra interactiva integrada, pantalla t&aacute;ctil (multit&aacute;ctil) &#8211; Resoluci&oacute;n: 3840 x 2160 &#8211; Formato de pantalla: 4K UHD (2160p) &#8211; Relaci&oacute;n imagen a aspecto: 16:9 &#8211; Frecuencia de fotogramas y tecnolog&iacute;a de mejora: 60 Hz Refresh Rate &#8211; Tecnolog&iacute;a de retroiluminaci&oacute;n&hellip;&nbsp;Promethean K\/NICKEL Pantalla Int. 86&#8243; 4K","og_url":"https:\/\/aivlisoft.net\/shop\/producto\/promethean-k-nickel-pantalla-int-86-4k\/","og_site_name":"Aivlisoft Inform\u00e1tica","article_modified_time":"2025-01-14T20:43:41+00:00","og_image":[{"width":800,"height":800,"url":"https:\/\/aivlisoft.net\/shop\/wp-content\/uploads\/2025\/01\/MPRPIZ0089_800.jpg","type":"image\/jpeg"}],"twitter_card":"summary_large_image","twitter_misc":{"Tiempo de lectura":"2 minutos"},"schema":{"@context":"https:\/\/schema.org","@graph":[{"@type":"WebPage","@id":"https:\/\/aivlisoft.net\/shop\/producto\/promethean-k-nickel-pantalla-int-86-4k\/","url":"https:\/\/aivlisoft.net\/shop\/producto\/promethean-k-nickel-pantalla-int-86-4k\/","name":"Promethean K\/NICKEL Pantalla Int. 86\" 4K - Aivlisoft Inform\u00e1tica","isPartOf":{"@id":"https:\/\/aivlisoft.net\/shop\/#website"},"primaryImageOfPage":{"@id":"https:\/\/aivlisoft.net\/shop\/producto\/promethean-k-nickel-pantalla-int-86-4k\/#primaryimage"},"image":{"@id":"https:\/\/aivlisoft.net\/shop\/producto\/promethean-k-nickel-pantalla-int-86-4k\/#primaryimage"},"thumbnailUrl":"https:\/\/aivlisoft.net\/shop\/wp-content\/uploads\/2025\/01\/MPRPIZ0089_800.jpg","datePublished":"2025-01-13T15:06:58+00:00","dateModified":"2025-01-14T20:43:41+00:00","breadcrumb":{"@id":"https:\/\/aivlisoft.net\/shop\/producto\/promethean-k-nickel-pantalla-int-86-4k\/#breadcrumb"},"inLanguage":"es","potentialAction":[{"@type":"ReadAction","target":["https:\/\/aivlisoft.net\/shop\/producto\/promethean-k-nickel-pantalla-int-86-4k\/"]}]},{"@type":"ImageObject","inLanguage":"es","@id":"https:\/\/aivlisoft.net\/shop\/producto\/promethean-k-nickel-pantalla-int-86-4k\/#primaryimage","url":"https:\/\/aivlisoft.net\/shop\/wp-content\/uploads\/2025\/01\/MPRPIZ0089_800.jpg","contentUrl":"https:\/\/aivlisoft.net\/shop\/wp-content\/uploads\/2025\/01\/MPRPIZ0089_800.jpg","width":800,"height":800},{"@type":"BreadcrumbList","@id":"https:\/\/aivlisoft.net\/shop\/producto\/promethean-k-nickel-pantalla-int-86-4k\/#breadcrumb","itemListElement":[{"@type":"ListItem","position":1,"name":"Portada","item":"https:\/\/aivlisoft.net\/shop\/"},{"@type":"ListItem","position":2,"name":"Tienda","item":"https:\/\/aivlisoft.net\/shop\/tienda\/"},{"@type":"ListItem","position":3,"name":"Promethean K\/NICKEL Pantalla Int. 86&#8243; 4K"}]},{"@type":"WebSite","@id":"https:\/\/aivlisoft.net\/shop\/#website","url":"https:\/\/aivlisoft.net\/shop\/","name":"Aivlisoft Inform\u00e1tica","description":"En Aivlisoft Inform\u00e1tica ofrecemos soluciones tecnol\u00f3gicas para empresas: venta de ordenadores, consumibles, perif\u00e9ricos y m\u00e1s. Calidad, atenci\u00f3n personalizada y los mejores precios para tu negocio.","publisher":{"@id":"https:\/\/aivlisoft.net\/shop\/#organization"},"potentialAction":[{"@type":"SearchAction","target":{"@type":"EntryPoint","urlTemplate":"https:\/\/aivlisoft.net\/shop\/?s={search_term_string}"},"query-input":{"@type":"PropertyValueSpecification","valueRequired":true,"valueName":"search_term_string"}}],"inLanguage":"es"},{"@type":"Organization","@id":"https:\/\/aivlisoft.net\/shop\/#organization","name":"Aivlisoft Inform\u00e1tica","url":"https:\/\/aivlisoft.net\/shop\/","logo":{"@type":"ImageObject","inLanguage":"es","@id":"https:\/\/aivlisoft.net\/shop\/#\/schema\/logo\/image\/","url":"https:\/\/aivlisoft.net\/shop\/wp-content\/uploads\/2024\/12\/removal.ai_5b848c54-0cdf-4140-95c5-c5536bb7573b-logodef.png","contentUrl":"https:\/\/aivlisoft.net\/shop\/wp-content\/uploads\/2024\/12\/removal.ai_5b848c54-0cdf-4140-95c5-c5536bb7573b-logodef.png","width":484,"height":182,"caption":"Aivlisoft Inform\u00e1tica"},"image":{"@id":"https:\/\/aivlisoft.net\/shop\/#\/schema\/logo\/image\/"}}]}},"_links":{"self":[{"href":"https:\/\/aivlisoft.net\/shop\/wp-json\/wp\/v2\/product\/16914","targetHints":{"allow":["GET"]}}],"collection":[{"href":"https:\/\/aivlisoft.net\/shop\/wp-json\/wp\/v2\/product"}],"about":[{"href":"https:\/\/aivlisoft.net\/shop\/wp-json\/wp\/v2\/types\/product"}],"wp:featuredmedia":[{"embeddable":true,"href":"https:\/\/aivlisoft.net\/shop\/wp-json\/wp\/v2\/media\/16915"}],"wp:attachment":[{"href":"https:\/\/aivlisoft.net\/shop\/wp-json\/wp\/v2\/media?parent=16914"}],"wp:term":[{"taxonomy":"product_brand","embeddable":true,"href":"https:\/\/aivlisoft.net\/shop\/wp-json\/wp\/v2\/product_brand?post=16914"},{"taxonomy":"product_cat","embeddable":true,"href":"https:\/\/aivlisoft.net\/shop\/wp-json\/wp\/v2\/product_cat?post=16914"},{"taxonomy":"product_tag","embeddable":true,"href":"https:\/\/aivlisoft.net\/shop\/wp-json\/wp\/v2\/product_tag?post=16914"}],"curies":[{"name":"wp","href":"https:\/\/api.w.org\/{rel}","templated":true}]}}