{"id":16857,"date":"2025-01-13T15:06:23","date_gmt":"2025-01-13T15:06:23","guid":{"rendered":"https:\/\/aivlisoft.com\/?post_type=product&#038;p=16857"},"modified":"2025-01-14T20:47:17","modified_gmt":"2025-01-14T20:47:17","slug":"krom-microfono-kaze-streaming-rgb","status":"publish","type":"product","link":"https:\/\/aivlisoft.net\/shop\/producto\/krom-microfono-kaze-streaming-rgb\/","title":{"rendered":"KROM Microfono KAZE Streaming Rgb"},"content":{"rendered":"<p><\/p>\n<table class=\"tabla_caracteristicas\" width=\"100%\">\n<tr>\n<td valign=\"top\"><strong>Marca<\/strong><\/td>\n<td>Krom<\/td>\n<\/tr>\n<tr>\n<td valign=\"top\"><strong>Modelo<\/strong><\/td>\n<td><strong>NXHUMMERKAZE<\/strong><\/td>\n<\/tr>\n<tr>\n<td valign=\"top\"><strong>Caracter&iacute;sticas<\/strong><\/td>\n<td>&#8211; 2 x condensadores de c&aacute;psula<br \/>\t\t\t&#8211; Selector de patr&oacute;n de grabaci&oacute;n: cardioide u omnidireccional<br \/>\t\t\t&#8211; Botones t&aacute;ctiles<br \/>\t\t\t&#8211; Rueda de volumen<br \/>\t\t\t&#8211; RGB con 8 efectos de iluminaci&oacute;n<br \/>\t\t\t&#8211; Soporte y accesorio para montaje en brazo<br \/>\t\t\t&#8211; Montura anti-shock<br \/>\t\t\t&#8211; Salida de audio de 3.5 mm<br \/>\t\t\t&#8211; Directividad: Cardioide &amp; omnidireccional<br \/>\t\t\t&#8211; Tasa de bits: 24 bit<br \/>\t\t\t&#8211; Frecuencia de respuesta: 20 Hz &#8211; 20 KHz<br \/>\t\t\t&#8211; Sensibilidad: -38 +\/- 3dB<br \/>\t\t\t&#8211; Tasa de muestreo: 192 KHz<br \/>\t\t\t&#8211; Tipo: 2 x c&aacute;psulas condensadoras<br \/>\t\t\t&#8211; Voltaje: DC 5V<br \/>\t\t\t&#8211; Corriente: 150 mA<br \/>\t\t\t&#8211; Conexi&oacute;n: USB<br \/>\t\t\t&#8211; Compatibilidad:<br \/>\t\t\t&nbsp; Windows<br \/>\t\t\t&nbsp; MacOS<br \/>\t\t\t&nbsp; Android<br \/>\t\t\t&nbsp; IOS<br \/>\t\t\t*Adaptador necesario (MacOS, Android, IOS)<br \/>\t\t\t<strong>Dimensiones y peso<\/strong><br \/>\t\t\t&#8211; 45 x 45 x 150 mm<br \/>\t\t\t&#8211; Longitud cable: 2 m<br \/>\t\t\t&#8211; 580 g<br \/>\t\t\t<strong>Contenido<\/strong><br \/>\t\t\t&#8211; Micr&oacute;fono Kaze<br \/>\t\t\t&#8211; Cable USB Type-C a USB (200 cm)<br \/>\t\t\t&#8211; Adaptador de montaje en brazo<br \/>\t\t\t&#8211; Montura anti-choque<br \/>\t\t\t&#8211; Gu&iacute;a r&aacute;pida de uso<\/td>\n<\/tr>\n<tr>\n<td valign=\"top\"><strong>Fecha de revisi&oacute;n<\/strong><\/td>\n<td>07-02-2024 por RTY<\/td>\n<\/tr>\n<\/table>\n","protected":false},"excerpt":{"rendered":"<p>Marca Krom Modelo NXHUMMERKAZE Caracter&iacute;sticas &#8211; 2 x condensadores de c&aacute;psula &#8211; Selector de patr&oacute;n de grabaci&oacute;n: cardioide u omnidireccional &#8211; Botones t&aacute;ctiles &#8211; Rueda de volumen &#8211; RGB con 8 efectos de iluminaci&oacute;n &#8211; Soporte y accesorio para montaje en brazo &#8211; Montura anti-shock &#8211; Salida de audio de 3.5 mm &#8211; Directividad: Cardioide&hellip;&nbsp;<a href=\"https:\/\/aivlisoft.net\/shop\/producto\/krom-microfono-kaze-streaming-rgb\/\" rel=\"bookmark\"><span class=\"screen-reader-text\">KROM Microfono KAZE Streaming Rgb<\/span><\/a><\/p>\n","protected":false},"featured_media":16858,"template":"","meta":{"neve_meta_sidebar":"","neve_meta_container":"","neve_meta_enable_content_width":"","neve_meta_content_width":0,"neve_meta_title_alignment":"","neve_meta_author_avatar":"","neve_post_elements_order":"","neve_meta_disable_header":"","neve_meta_disable_footer":"","neve_meta_disable_title":""},"product_brand":[],"product_cat":[15,957],"product_tag":[6221],"class_list":{"0":"post-16857","1":"product","2":"type-product","3":"status-publish","4":"has-post-thumbnail","6":"product_cat-sin-categorizar","7":"product_cat-accesorios-imagen-y-sonido","8":"product_tag-nxhummerkaze","10":"first","11":"instock","12":"taxable","13":"shipping-taxable","14":"purchasable","15":"product-type-simple"},"yoast_head":"<!-- This site is optimized with the Yoast SEO plugin v26.0 - https:\/\/yoast.com\/wordpress\/plugins\/seo\/ -->\n<title>KROM Microfono KAZE Streaming Rgb - Aivlisoft Inform\u00e1tica<\/title>\n<meta name=\"robots\" content=\"index, follow, max-snippet:-1, max-image-preview:large, max-video-preview:-1\" \/>\n<link rel=\"canonical\" href=\"https:\/\/aivlisoft.net\/shop\/producto\/krom-microfono-kaze-streaming-rgb\/\" \/>\n<meta property=\"og:locale\" content=\"es_ES\" \/>\n<meta property=\"og:type\" content=\"article\" \/>\n<meta property=\"og:title\" content=\"KROM Microfono KAZE Streaming Rgb - Aivlisoft Inform\u00e1tica\" \/>\n<meta property=\"og:description\" content=\"Marca Krom Modelo NXHUMMERKAZE Caracter&iacute;sticas &#8211; 2 x condensadores de c&aacute;psula &#8211; Selector de patr&oacute;n de grabaci&oacute;n: cardioide u omnidireccional &#8211; Botones t&aacute;ctiles &#8211; Rueda de volumen &#8211; RGB con 8 efectos de iluminaci&oacute;n &#8211; Soporte y accesorio para montaje en brazo &#8211; Montura anti-shock &#8211; Salida de audio de 3.5 mm &#8211; Directividad: Cardioide&hellip;&nbsp;KROM Microfono KAZE Streaming Rgb\" \/>\n<meta property=\"og:url\" content=\"https:\/\/aivlisoft.net\/shop\/producto\/krom-microfono-kaze-streaming-rgb\/\" \/>\n<meta property=\"og:site_name\" content=\"Aivlisoft Inform\u00e1tica\" \/>\n<meta property=\"article:modified_time\" content=\"2025-01-14T20:47:17+00:00\" \/>\n<meta property=\"og:image\" content=\"https:\/\/aivlisoft.net\/shop\/wp-content\/uploads\/2025\/01\/MAUMIC0075_800.jpg\" \/>\n\t<meta property=\"og:image:width\" content=\"800\" \/>\n\t<meta property=\"og:image:height\" content=\"800\" \/>\n\t<meta property=\"og:image:type\" content=\"image\/jpeg\" \/>\n<meta name=\"twitter:card\" content=\"summary_large_image\" \/>\n<meta name=\"twitter:label1\" content=\"Tiempo de lectura\" \/>\n\t<meta name=\"twitter:data1\" content=\"1 minuto\" \/>\n<script type=\"application\/ld+json\" class=\"yoast-schema-graph\">{\"@context\":\"https:\/\/schema.org\",\"@graph\":[{\"@type\":\"WebPage\",\"@id\":\"https:\/\/aivlisoft.net\/shop\/producto\/krom-microfono-kaze-streaming-rgb\/\",\"url\":\"https:\/\/aivlisoft.net\/shop\/producto\/krom-microfono-kaze-streaming-rgb\/\",\"name\":\"KROM Microfono KAZE Streaming Rgb - Aivlisoft Inform\u00e1tica\",\"isPartOf\":{\"@id\":\"https:\/\/aivlisoft.net\/shop\/#website\"},\"primaryImageOfPage\":{\"@id\":\"https:\/\/aivlisoft.net\/shop\/producto\/krom-microfono-kaze-streaming-rgb\/#primaryimage\"},\"image\":{\"@id\":\"https:\/\/aivlisoft.net\/shop\/producto\/krom-microfono-kaze-streaming-rgb\/#primaryimage\"},\"thumbnailUrl\":\"https:\/\/aivlisoft.net\/shop\/wp-content\/uploads\/2025\/01\/MAUMIC0075_800.jpg\",\"datePublished\":\"2025-01-13T15:06:23+00:00\",\"dateModified\":\"2025-01-14T20:47:17+00:00\",\"breadcrumb\":{\"@id\":\"https:\/\/aivlisoft.net\/shop\/producto\/krom-microfono-kaze-streaming-rgb\/#breadcrumb\"},\"inLanguage\":\"es\",\"potentialAction\":[{\"@type\":\"ReadAction\",\"target\":[\"https:\/\/aivlisoft.net\/shop\/producto\/krom-microfono-kaze-streaming-rgb\/\"]}]},{\"@type\":\"ImageObject\",\"inLanguage\":\"es\",\"@id\":\"https:\/\/aivlisoft.net\/shop\/producto\/krom-microfono-kaze-streaming-rgb\/#primaryimage\",\"url\":\"https:\/\/aivlisoft.net\/shop\/wp-content\/uploads\/2025\/01\/MAUMIC0075_800.jpg\",\"contentUrl\":\"https:\/\/aivlisoft.net\/shop\/wp-content\/uploads\/2025\/01\/MAUMIC0075_800.jpg\",\"width\":800,\"height\":800},{\"@type\":\"BreadcrumbList\",\"@id\":\"https:\/\/aivlisoft.net\/shop\/producto\/krom-microfono-kaze-streaming-rgb\/#breadcrumb\",\"itemListElement\":[{\"@type\":\"ListItem\",\"position\":1,\"name\":\"Portada\",\"item\":\"https:\/\/aivlisoft.net\/shop\/\"},{\"@type\":\"ListItem\",\"position\":2,\"name\":\"Tienda\",\"item\":\"https:\/\/aivlisoft.net\/shop\/tienda\/\"},{\"@type\":\"ListItem\",\"position\":3,\"name\":\"KROM Microfono KAZE Streaming Rgb\"}]},{\"@type\":\"WebSite\",\"@id\":\"https:\/\/aivlisoft.net\/shop\/#website\",\"url\":\"https:\/\/aivlisoft.net\/shop\/\",\"name\":\"Aivlisoft Inform\u00e1tica\",\"description\":\"En Aivlisoft Inform\u00e1tica ofrecemos soluciones tecnol\u00f3gicas para empresas: venta de ordenadores, consumibles, perif\u00e9ricos y m\u00e1s. Calidad, atenci\u00f3n personalizada y los mejores precios para tu negocio.\",\"publisher\":{\"@id\":\"https:\/\/aivlisoft.net\/shop\/#organization\"},\"potentialAction\":[{\"@type\":\"SearchAction\",\"target\":{\"@type\":\"EntryPoint\",\"urlTemplate\":\"https:\/\/aivlisoft.net\/shop\/?s={search_term_string}\"},\"query-input\":{\"@type\":\"PropertyValueSpecification\",\"valueRequired\":true,\"valueName\":\"search_term_string\"}}],\"inLanguage\":\"es\"},{\"@type\":\"Organization\",\"@id\":\"https:\/\/aivlisoft.net\/shop\/#organization\",\"name\":\"Aivlisoft Inform\u00e1tica\",\"url\":\"https:\/\/aivlisoft.net\/shop\/\",\"logo\":{\"@type\":\"ImageObject\",\"inLanguage\":\"es\",\"@id\":\"https:\/\/aivlisoft.net\/shop\/#\/schema\/logo\/image\/\",\"url\":\"https:\/\/aivlisoft.net\/shop\/wp-content\/uploads\/2024\/12\/removal.ai_5b848c54-0cdf-4140-95c5-c5536bb7573b-logodef.png\",\"contentUrl\":\"https:\/\/aivlisoft.net\/shop\/wp-content\/uploads\/2024\/12\/removal.ai_5b848c54-0cdf-4140-95c5-c5536bb7573b-logodef.png\",\"width\":484,\"height\":182,\"caption\":\"Aivlisoft Inform\u00e1tica\"},\"image\":{\"@id\":\"https:\/\/aivlisoft.net\/shop\/#\/schema\/logo\/image\/\"}}]}<\/script>\n<!-- \/ Yoast SEO plugin. -->","yoast_head_json":{"title":"KROM Microfono KAZE Streaming Rgb - Aivlisoft Inform\u00e1tica","robots":{"index":"index","follow":"follow","max-snippet":"max-snippet:-1","max-image-preview":"max-image-preview:large","max-video-preview":"max-video-preview:-1"},"canonical":"https:\/\/aivlisoft.net\/shop\/producto\/krom-microfono-kaze-streaming-rgb\/","og_locale":"es_ES","og_type":"article","og_title":"KROM Microfono KAZE Streaming Rgb - Aivlisoft Inform\u00e1tica","og_description":"Marca Krom Modelo NXHUMMERKAZE Caracter&iacute;sticas &#8211; 2 x condensadores de c&aacute;psula &#8211; Selector de patr&oacute;n de grabaci&oacute;n: cardioide u omnidireccional &#8211; Botones t&aacute;ctiles &#8211; Rueda de volumen &#8211; RGB con 8 efectos de iluminaci&oacute;n &#8211; Soporte y accesorio para montaje en brazo &#8211; Montura anti-shock &#8211; Salida de audio de 3.5 mm &#8211; Directividad: Cardioide&hellip;&nbsp;KROM Microfono KAZE Streaming Rgb","og_url":"https:\/\/aivlisoft.net\/shop\/producto\/krom-microfono-kaze-streaming-rgb\/","og_site_name":"Aivlisoft Inform\u00e1tica","article_modified_time":"2025-01-14T20:47:17+00:00","og_image":[{"width":800,"height":800,"url":"https:\/\/aivlisoft.net\/shop\/wp-content\/uploads\/2025\/01\/MAUMIC0075_800.jpg","type":"image\/jpeg"}],"twitter_card":"summary_large_image","twitter_misc":{"Tiempo de lectura":"1 minuto"},"schema":{"@context":"https:\/\/schema.org","@graph":[{"@type":"WebPage","@id":"https:\/\/aivlisoft.net\/shop\/producto\/krom-microfono-kaze-streaming-rgb\/","url":"https:\/\/aivlisoft.net\/shop\/producto\/krom-microfono-kaze-streaming-rgb\/","name":"KROM Microfono KAZE Streaming Rgb - Aivlisoft Inform\u00e1tica","isPartOf":{"@id":"https:\/\/aivlisoft.net\/shop\/#website"},"primaryImageOfPage":{"@id":"https:\/\/aivlisoft.net\/shop\/producto\/krom-microfono-kaze-streaming-rgb\/#primaryimage"},"image":{"@id":"https:\/\/aivlisoft.net\/shop\/producto\/krom-microfono-kaze-streaming-rgb\/#primaryimage"},"thumbnailUrl":"https:\/\/aivlisoft.net\/shop\/wp-content\/uploads\/2025\/01\/MAUMIC0075_800.jpg","datePublished":"2025-01-13T15:06:23+00:00","dateModified":"2025-01-14T20:47:17+00:00","breadcrumb":{"@id":"https:\/\/aivlisoft.net\/shop\/producto\/krom-microfono-kaze-streaming-rgb\/#breadcrumb"},"inLanguage":"es","potentialAction":[{"@type":"ReadAction","target":["https:\/\/aivlisoft.net\/shop\/producto\/krom-microfono-kaze-streaming-rgb\/"]}]},{"@type":"ImageObject","inLanguage":"es","@id":"https:\/\/aivlisoft.net\/shop\/producto\/krom-microfono-kaze-streaming-rgb\/#primaryimage","url":"https:\/\/aivlisoft.net\/shop\/wp-content\/uploads\/2025\/01\/MAUMIC0075_800.jpg","contentUrl":"https:\/\/aivlisoft.net\/shop\/wp-content\/uploads\/2025\/01\/MAUMIC0075_800.jpg","width":800,"height":800},{"@type":"BreadcrumbList","@id":"https:\/\/aivlisoft.net\/shop\/producto\/krom-microfono-kaze-streaming-rgb\/#breadcrumb","itemListElement":[{"@type":"ListItem","position":1,"name":"Portada","item":"https:\/\/aivlisoft.net\/shop\/"},{"@type":"ListItem","position":2,"name":"Tienda","item":"https:\/\/aivlisoft.net\/shop\/tienda\/"},{"@type":"ListItem","position":3,"name":"KROM Microfono KAZE Streaming Rgb"}]},{"@type":"WebSite","@id":"https:\/\/aivlisoft.net\/shop\/#website","url":"https:\/\/aivlisoft.net\/shop\/","name":"Aivlisoft Inform\u00e1tica","description":"En Aivlisoft Inform\u00e1tica ofrecemos soluciones tecnol\u00f3gicas para empresas: venta de ordenadores, consumibles, perif\u00e9ricos y m\u00e1s. Calidad, atenci\u00f3n personalizada y los mejores precios para tu negocio.","publisher":{"@id":"https:\/\/aivlisoft.net\/shop\/#organization"},"potentialAction":[{"@type":"SearchAction","target":{"@type":"EntryPoint","urlTemplate":"https:\/\/aivlisoft.net\/shop\/?s={search_term_string}"},"query-input":{"@type":"PropertyValueSpecification","valueRequired":true,"valueName":"search_term_string"}}],"inLanguage":"es"},{"@type":"Organization","@id":"https:\/\/aivlisoft.net\/shop\/#organization","name":"Aivlisoft Inform\u00e1tica","url":"https:\/\/aivlisoft.net\/shop\/","logo":{"@type":"ImageObject","inLanguage":"es","@id":"https:\/\/aivlisoft.net\/shop\/#\/schema\/logo\/image\/","url":"https:\/\/aivlisoft.net\/shop\/wp-content\/uploads\/2024\/12\/removal.ai_5b848c54-0cdf-4140-95c5-c5536bb7573b-logodef.png","contentUrl":"https:\/\/aivlisoft.net\/shop\/wp-content\/uploads\/2024\/12\/removal.ai_5b848c54-0cdf-4140-95c5-c5536bb7573b-logodef.png","width":484,"height":182,"caption":"Aivlisoft Inform\u00e1tica"},"image":{"@id":"https:\/\/aivlisoft.net\/shop\/#\/schema\/logo\/image\/"}}]}},"_links":{"self":[{"href":"https:\/\/aivlisoft.net\/shop\/wp-json\/wp\/v2\/product\/16857","targetHints":{"allow":["GET"]}}],"collection":[{"href":"https:\/\/aivlisoft.net\/shop\/wp-json\/wp\/v2\/product"}],"about":[{"href":"https:\/\/aivlisoft.net\/shop\/wp-json\/wp\/v2\/types\/product"}],"wp:featuredmedia":[{"embeddable":true,"href":"https:\/\/aivlisoft.net\/shop\/wp-json\/wp\/v2\/media\/16858"}],"wp:attachment":[{"href":"https:\/\/aivlisoft.net\/shop\/wp-json\/wp\/v2\/media?parent=16857"}],"wp:term":[{"taxonomy":"product_brand","embeddable":true,"href":"https:\/\/aivlisoft.net\/shop\/wp-json\/wp\/v2\/product_brand?post=16857"},{"taxonomy":"product_cat","embeddable":true,"href":"https:\/\/aivlisoft.net\/shop\/wp-json\/wp\/v2\/product_cat?post=16857"},{"taxonomy":"product_tag","embeddable":true,"href":"https:\/\/aivlisoft.net\/shop\/wp-json\/wp\/v2\/product_tag?post=16857"}],"curies":[{"name":"wp","href":"https:\/\/api.w.org\/{rel}","templated":true}]}}