{"id":16839,"date":"2025-01-13T15:06:14","date_gmt":"2025-01-13T15:06:14","guid":{"rendered":"https:\/\/aivlisoft.com\/?post_type=product&#038;p=16839"},"modified":"2025-01-14T20:47:20","modified_gmt":"2025-01-14T20:47:20","slug":"ngs-microfono-unidireccional-con-tripode-y-usb","status":"publish","type":"product","link":"https:\/\/aivlisoft.net\/shop\/producto\/ngs-microfono-unidireccional-con-tripode-y-usb\/","title":{"rendered":"NGS MICROFONO UNIDIRECCIONAL CON TRIPODE Y USB"},"content":{"rendered":"<p>Micr&oacute;fono USB para juegos para transmisi&oacute;n, podcasting, locuciones y m&uacute;sica ac&uacute;stica.<\/p>\n<p>Configuraciones ajustables y patr&oacute;n de grabaci&oacute;n cardioide para grabaci&oacute;n de alta precisi&oacute;n y sonido n&iacute;tido sin ruido de fondo.<\/p>\n<table class=\"tabla_caracteristicas\" width=\"100%\">\n<tr>\n<td valign=\"top\"><strong>Marca<\/strong><\/td>\n<td>NGS<\/td>\n<\/tr>\n<tr>\n<td valign=\"top\"><strong>Modelo<\/strong><\/td>\n<td><strong>GMICK-110<\/strong><\/td>\n<\/tr>\n<tr>\n<td valign=\"top\"><strong>Caracter&iacute;sticas<\/strong><\/td>\n<td>&#8211; Patr&oacute;n polar: Cardioide<br \/>\t\t\t&#8211; Direcci&oacute;n: Unidireccional<br \/>\t\t\t&#8211; Cancelaci&oacute;n de ruido: S&iacute;, hasta 50dB<br \/>\t\t\t&#8211; Rango de frecuencia: 20Hz-20kHz<br \/>\t\t\t&#8211; SPL m&aacute;ximo: 130dB<br \/>\t\t\t&#8211; Controles: Echo \/ Mute \/ Volumen de entrada y salida<br \/>\t\t\t&#8211; Salida de audio: mediante un Jack de 3,5 mm<br \/>\t\t\t&#8211; Longitud del cable: 1,8 m<br \/>\t\t\t&#8211; Compatible con PS4, PS5 y PC<br \/>\t\t\t&#8211; Conexi&oacute;n USB Plug &amp; Play<br \/>\t\t\t&#8211; Soporte de metal resistente con patas antideslizantes<br \/>\t\t\t&#8211; Conector: USB tipo-B a USB tipo-A<br \/>\t\t\t<strong>Dimensiones y peso<\/strong><br \/>\t\t\t&#8211; 150 mm de altura x 46 mm de di&aacute;metro<br \/>\t\t\t&#8211; 390g<br \/>\t\t\t<strong>Contenido<\/strong><br \/>\t\t\t&#8211; GMICX-110<br \/>\t\t\t&#8211; Tr&iacute;pode met&aacute;lico<br \/>\t\t\t&#8211; Filtro pop<br \/>\t\t\t&#8211; Cable de 1,8 m<br \/>\t\t\t&#8211; Manual de usuario<\/td>\n<\/tr>\n<tr>\n<td valign=\"top\"><strong>Fecha de revisi&oacute;n<\/strong><\/td>\n<td>15-06-2023 por RTY<\/td>\n<\/tr>\n<\/table>\n","protected":false},"excerpt":{"rendered":"<p>Micr&oacute;fono USB para juegos para transmisi&oacute;n, podcasting, locuciones y m&uacute;sica ac&uacute;stica. Configuraciones ajustables y patr&oacute;n de grabaci&oacute;n cardioide para grabaci&oacute;n de alta precisi&oacute;n y sonido n&iacute;tido sin ruido de fondo. Marca NGS Modelo GMICK-110 Caracter&iacute;sticas &#8211; Patr&oacute;n polar: Cardioide &#8211; Direcci&oacute;n: Unidireccional &#8211; Cancelaci&oacute;n de ruido: S&iacute;, hasta 50dB &#8211; Rango de frecuencia: 20Hz-20kHz &#8211;&hellip;&nbsp;<a href=\"https:\/\/aivlisoft.net\/shop\/producto\/ngs-microfono-unidireccional-con-tripode-y-usb\/\" rel=\"bookmark\"><span class=\"screen-reader-text\">NGS MICROFONO UNIDIRECCIONAL CON TRIPODE Y USB<\/span><\/a><\/p>\n","protected":false},"featured_media":16840,"template":"","meta":{"neve_meta_sidebar":"","neve_meta_container":"","neve_meta_enable_content_width":"","neve_meta_content_width":0,"neve_meta_title_alignment":"","neve_meta_author_avatar":"","neve_post_elements_order":"","neve_meta_disable_header":"","neve_meta_disable_footer":"","neve_meta_disable_title":""},"product_brand":[],"product_cat":[15,957],"product_tag":[6214],"class_list":{"0":"post-16839","1":"product","2":"type-product","3":"status-publish","4":"has-post-thumbnail","6":"product_cat-sin-categorizar","7":"product_cat-accesorios-imagen-y-sonido","8":"product_tag-gmick-110","10":"first","11":"instock","12":"taxable","13":"shipping-taxable","14":"purchasable","15":"product-type-simple"},"yoast_head":"<!-- This site is optimized with the Yoast SEO plugin v26.0 - https:\/\/yoast.com\/wordpress\/plugins\/seo\/ -->\n<title>NGS MICROFONO UNIDIRECCIONAL CON TRIPODE Y USB - Aivlisoft Inform\u00e1tica<\/title>\n<meta name=\"robots\" content=\"index, follow, max-snippet:-1, max-image-preview:large, max-video-preview:-1\" \/>\n<link rel=\"canonical\" href=\"https:\/\/aivlisoft.net\/shop\/producto\/ngs-microfono-unidireccional-con-tripode-y-usb\/\" \/>\n<meta property=\"og:locale\" content=\"es_ES\" \/>\n<meta property=\"og:type\" content=\"article\" \/>\n<meta property=\"og:title\" content=\"NGS MICROFONO UNIDIRECCIONAL CON TRIPODE Y USB - Aivlisoft Inform\u00e1tica\" \/>\n<meta property=\"og:description\" content=\"Micr&oacute;fono USB para juegos para transmisi&oacute;n, podcasting, locuciones y m&uacute;sica ac&uacute;stica. Configuraciones ajustables y patr&oacute;n de grabaci&oacute;n cardioide para grabaci&oacute;n de alta precisi&oacute;n y sonido n&iacute;tido sin ruido de fondo. Marca NGS Modelo GMICK-110 Caracter&iacute;sticas &#8211; Patr&oacute;n polar: Cardioide &#8211; Direcci&oacute;n: Unidireccional &#8211; Cancelaci&oacute;n de ruido: S&iacute;, hasta 50dB &#8211; Rango de frecuencia: 20Hz-20kHz &#8211;&hellip;&nbsp;NGS MICROFONO UNIDIRECCIONAL CON TRIPODE Y USB\" \/>\n<meta property=\"og:url\" content=\"https:\/\/aivlisoft.net\/shop\/producto\/ngs-microfono-unidireccional-con-tripode-y-usb\/\" \/>\n<meta property=\"og:site_name\" content=\"Aivlisoft Inform\u00e1tica\" \/>\n<meta property=\"article:modified_time\" content=\"2025-01-14T20:47:20+00:00\" \/>\n<meta property=\"og:image\" content=\"https:\/\/aivlisoft.net\/shop\/wp-content\/uploads\/2025\/01\/MAUMIC0065_800.jpg\" \/>\n\t<meta property=\"og:image:width\" content=\"800\" \/>\n\t<meta property=\"og:image:height\" content=\"800\" \/>\n\t<meta property=\"og:image:type\" content=\"image\/jpeg\" \/>\n<meta name=\"twitter:card\" content=\"summary_large_image\" \/>\n<meta name=\"twitter:label1\" content=\"Tiempo de lectura\" \/>\n\t<meta name=\"twitter:data1\" content=\"1 minuto\" \/>\n<script type=\"application\/ld+json\" class=\"yoast-schema-graph\">{\"@context\":\"https:\/\/schema.org\",\"@graph\":[{\"@type\":\"WebPage\",\"@id\":\"https:\/\/aivlisoft.net\/shop\/producto\/ngs-microfono-unidireccional-con-tripode-y-usb\/\",\"url\":\"https:\/\/aivlisoft.net\/shop\/producto\/ngs-microfono-unidireccional-con-tripode-y-usb\/\",\"name\":\"NGS MICROFONO UNIDIRECCIONAL CON TRIPODE Y USB - Aivlisoft Inform\u00e1tica\",\"isPartOf\":{\"@id\":\"https:\/\/aivlisoft.net\/shop\/#website\"},\"primaryImageOfPage\":{\"@id\":\"https:\/\/aivlisoft.net\/shop\/producto\/ngs-microfono-unidireccional-con-tripode-y-usb\/#primaryimage\"},\"image\":{\"@id\":\"https:\/\/aivlisoft.net\/shop\/producto\/ngs-microfono-unidireccional-con-tripode-y-usb\/#primaryimage\"},\"thumbnailUrl\":\"https:\/\/aivlisoft.net\/shop\/wp-content\/uploads\/2025\/01\/MAUMIC0065_800.jpg\",\"datePublished\":\"2025-01-13T15:06:14+00:00\",\"dateModified\":\"2025-01-14T20:47:20+00:00\",\"breadcrumb\":{\"@id\":\"https:\/\/aivlisoft.net\/shop\/producto\/ngs-microfono-unidireccional-con-tripode-y-usb\/#breadcrumb\"},\"inLanguage\":\"es\",\"potentialAction\":[{\"@type\":\"ReadAction\",\"target\":[\"https:\/\/aivlisoft.net\/shop\/producto\/ngs-microfono-unidireccional-con-tripode-y-usb\/\"]}]},{\"@type\":\"ImageObject\",\"inLanguage\":\"es\",\"@id\":\"https:\/\/aivlisoft.net\/shop\/producto\/ngs-microfono-unidireccional-con-tripode-y-usb\/#primaryimage\",\"url\":\"https:\/\/aivlisoft.net\/shop\/wp-content\/uploads\/2025\/01\/MAUMIC0065_800.jpg\",\"contentUrl\":\"https:\/\/aivlisoft.net\/shop\/wp-content\/uploads\/2025\/01\/MAUMIC0065_800.jpg\",\"width\":800,\"height\":800},{\"@type\":\"BreadcrumbList\",\"@id\":\"https:\/\/aivlisoft.net\/shop\/producto\/ngs-microfono-unidireccional-con-tripode-y-usb\/#breadcrumb\",\"itemListElement\":[{\"@type\":\"ListItem\",\"position\":1,\"name\":\"Portada\",\"item\":\"https:\/\/aivlisoft.net\/shop\/\"},{\"@type\":\"ListItem\",\"position\":2,\"name\":\"Tienda\",\"item\":\"https:\/\/aivlisoft.net\/shop\/tienda\/\"},{\"@type\":\"ListItem\",\"position\":3,\"name\":\"NGS MICROFONO UNIDIRECCIONAL CON TRIPODE Y USB\"}]},{\"@type\":\"WebSite\",\"@id\":\"https:\/\/aivlisoft.net\/shop\/#website\",\"url\":\"https:\/\/aivlisoft.net\/shop\/\",\"name\":\"Aivlisoft Inform\u00e1tica\",\"description\":\"En Aivlisoft Inform\u00e1tica ofrecemos soluciones tecnol\u00f3gicas para empresas: venta de ordenadores, consumibles, perif\u00e9ricos y m\u00e1s. Calidad, atenci\u00f3n personalizada y los mejores precios para tu negocio.\",\"publisher\":{\"@id\":\"https:\/\/aivlisoft.net\/shop\/#organization\"},\"potentialAction\":[{\"@type\":\"SearchAction\",\"target\":{\"@type\":\"EntryPoint\",\"urlTemplate\":\"https:\/\/aivlisoft.net\/shop\/?s={search_term_string}\"},\"query-input\":{\"@type\":\"PropertyValueSpecification\",\"valueRequired\":true,\"valueName\":\"search_term_string\"}}],\"inLanguage\":\"es\"},{\"@type\":\"Organization\",\"@id\":\"https:\/\/aivlisoft.net\/shop\/#organization\",\"name\":\"Aivlisoft Inform\u00e1tica\",\"url\":\"https:\/\/aivlisoft.net\/shop\/\",\"logo\":{\"@type\":\"ImageObject\",\"inLanguage\":\"es\",\"@id\":\"https:\/\/aivlisoft.net\/shop\/#\/schema\/logo\/image\/\",\"url\":\"https:\/\/aivlisoft.net\/shop\/wp-content\/uploads\/2024\/12\/removal.ai_5b848c54-0cdf-4140-95c5-c5536bb7573b-logodef.png\",\"contentUrl\":\"https:\/\/aivlisoft.net\/shop\/wp-content\/uploads\/2024\/12\/removal.ai_5b848c54-0cdf-4140-95c5-c5536bb7573b-logodef.png\",\"width\":484,\"height\":182,\"caption\":\"Aivlisoft Inform\u00e1tica\"},\"image\":{\"@id\":\"https:\/\/aivlisoft.net\/shop\/#\/schema\/logo\/image\/\"}}]}<\/script>\n<!-- \/ Yoast SEO plugin. -->","yoast_head_json":{"title":"NGS MICROFONO UNIDIRECCIONAL CON TRIPODE Y USB - Aivlisoft Inform\u00e1tica","robots":{"index":"index","follow":"follow","max-snippet":"max-snippet:-1","max-image-preview":"max-image-preview:large","max-video-preview":"max-video-preview:-1"},"canonical":"https:\/\/aivlisoft.net\/shop\/producto\/ngs-microfono-unidireccional-con-tripode-y-usb\/","og_locale":"es_ES","og_type":"article","og_title":"NGS MICROFONO UNIDIRECCIONAL CON TRIPODE Y USB - Aivlisoft Inform\u00e1tica","og_description":"Micr&oacute;fono USB para juegos para transmisi&oacute;n, podcasting, locuciones y m&uacute;sica ac&uacute;stica. Configuraciones ajustables y patr&oacute;n de grabaci&oacute;n cardioide para grabaci&oacute;n de alta precisi&oacute;n y sonido n&iacute;tido sin ruido de fondo. Marca NGS Modelo GMICK-110 Caracter&iacute;sticas &#8211; Patr&oacute;n polar: Cardioide &#8211; Direcci&oacute;n: Unidireccional &#8211; Cancelaci&oacute;n de ruido: S&iacute;, hasta 50dB &#8211; Rango de frecuencia: 20Hz-20kHz &#8211;&hellip;&nbsp;NGS MICROFONO UNIDIRECCIONAL CON TRIPODE Y USB","og_url":"https:\/\/aivlisoft.net\/shop\/producto\/ngs-microfono-unidireccional-con-tripode-y-usb\/","og_site_name":"Aivlisoft Inform\u00e1tica","article_modified_time":"2025-01-14T20:47:20+00:00","og_image":[{"width":800,"height":800,"url":"https:\/\/aivlisoft.net\/shop\/wp-content\/uploads\/2025\/01\/MAUMIC0065_800.jpg","type":"image\/jpeg"}],"twitter_card":"summary_large_image","twitter_misc":{"Tiempo de lectura":"1 minuto"},"schema":{"@context":"https:\/\/schema.org","@graph":[{"@type":"WebPage","@id":"https:\/\/aivlisoft.net\/shop\/producto\/ngs-microfono-unidireccional-con-tripode-y-usb\/","url":"https:\/\/aivlisoft.net\/shop\/producto\/ngs-microfono-unidireccional-con-tripode-y-usb\/","name":"NGS MICROFONO UNIDIRECCIONAL CON TRIPODE Y USB - Aivlisoft Inform\u00e1tica","isPartOf":{"@id":"https:\/\/aivlisoft.net\/shop\/#website"},"primaryImageOfPage":{"@id":"https:\/\/aivlisoft.net\/shop\/producto\/ngs-microfono-unidireccional-con-tripode-y-usb\/#primaryimage"},"image":{"@id":"https:\/\/aivlisoft.net\/shop\/producto\/ngs-microfono-unidireccional-con-tripode-y-usb\/#primaryimage"},"thumbnailUrl":"https:\/\/aivlisoft.net\/shop\/wp-content\/uploads\/2025\/01\/MAUMIC0065_800.jpg","datePublished":"2025-01-13T15:06:14+00:00","dateModified":"2025-01-14T20:47:20+00:00","breadcrumb":{"@id":"https:\/\/aivlisoft.net\/shop\/producto\/ngs-microfono-unidireccional-con-tripode-y-usb\/#breadcrumb"},"inLanguage":"es","potentialAction":[{"@type":"ReadAction","target":["https:\/\/aivlisoft.net\/shop\/producto\/ngs-microfono-unidireccional-con-tripode-y-usb\/"]}]},{"@type":"ImageObject","inLanguage":"es","@id":"https:\/\/aivlisoft.net\/shop\/producto\/ngs-microfono-unidireccional-con-tripode-y-usb\/#primaryimage","url":"https:\/\/aivlisoft.net\/shop\/wp-content\/uploads\/2025\/01\/MAUMIC0065_800.jpg","contentUrl":"https:\/\/aivlisoft.net\/shop\/wp-content\/uploads\/2025\/01\/MAUMIC0065_800.jpg","width":800,"height":800},{"@type":"BreadcrumbList","@id":"https:\/\/aivlisoft.net\/shop\/producto\/ngs-microfono-unidireccional-con-tripode-y-usb\/#breadcrumb","itemListElement":[{"@type":"ListItem","position":1,"name":"Portada","item":"https:\/\/aivlisoft.net\/shop\/"},{"@type":"ListItem","position":2,"name":"Tienda","item":"https:\/\/aivlisoft.net\/shop\/tienda\/"},{"@type":"ListItem","position":3,"name":"NGS MICROFONO UNIDIRECCIONAL CON TRIPODE Y USB"}]},{"@type":"WebSite","@id":"https:\/\/aivlisoft.net\/shop\/#website","url":"https:\/\/aivlisoft.net\/shop\/","name":"Aivlisoft Inform\u00e1tica","description":"En Aivlisoft Inform\u00e1tica ofrecemos soluciones tecnol\u00f3gicas para empresas: venta de ordenadores, consumibles, perif\u00e9ricos y m\u00e1s. Calidad, atenci\u00f3n personalizada y los mejores precios para tu negocio.","publisher":{"@id":"https:\/\/aivlisoft.net\/shop\/#organization"},"potentialAction":[{"@type":"SearchAction","target":{"@type":"EntryPoint","urlTemplate":"https:\/\/aivlisoft.net\/shop\/?s={search_term_string}"},"query-input":{"@type":"PropertyValueSpecification","valueRequired":true,"valueName":"search_term_string"}}],"inLanguage":"es"},{"@type":"Organization","@id":"https:\/\/aivlisoft.net\/shop\/#organization","name":"Aivlisoft Inform\u00e1tica","url":"https:\/\/aivlisoft.net\/shop\/","logo":{"@type":"ImageObject","inLanguage":"es","@id":"https:\/\/aivlisoft.net\/shop\/#\/schema\/logo\/image\/","url":"https:\/\/aivlisoft.net\/shop\/wp-content\/uploads\/2024\/12\/removal.ai_5b848c54-0cdf-4140-95c5-c5536bb7573b-logodef.png","contentUrl":"https:\/\/aivlisoft.net\/shop\/wp-content\/uploads\/2024\/12\/removal.ai_5b848c54-0cdf-4140-95c5-c5536bb7573b-logodef.png","width":484,"height":182,"caption":"Aivlisoft Inform\u00e1tica"},"image":{"@id":"https:\/\/aivlisoft.net\/shop\/#\/schema\/logo\/image\/"}}]}},"_links":{"self":[{"href":"https:\/\/aivlisoft.net\/shop\/wp-json\/wp\/v2\/product\/16839","targetHints":{"allow":["GET"]}}],"collection":[{"href":"https:\/\/aivlisoft.net\/shop\/wp-json\/wp\/v2\/product"}],"about":[{"href":"https:\/\/aivlisoft.net\/shop\/wp-json\/wp\/v2\/types\/product"}],"wp:featuredmedia":[{"embeddable":true,"href":"https:\/\/aivlisoft.net\/shop\/wp-json\/wp\/v2\/media\/16840"}],"wp:attachment":[{"href":"https:\/\/aivlisoft.net\/shop\/wp-json\/wp\/v2\/media?parent=16839"}],"wp:term":[{"taxonomy":"product_brand","embeddable":true,"href":"https:\/\/aivlisoft.net\/shop\/wp-json\/wp\/v2\/product_brand?post=16839"},{"taxonomy":"product_cat","embeddable":true,"href":"https:\/\/aivlisoft.net\/shop\/wp-json\/wp\/v2\/product_cat?post=16839"},{"taxonomy":"product_tag","embeddable":true,"href":"https:\/\/aivlisoft.net\/shop\/wp-json\/wp\/v2\/product_tag?post=16839"}],"curies":[{"name":"wp","href":"https:\/\/api.w.org\/{rel}","templated":true}]}}