{"id":16837,"date":"2025-01-13T15:06:13","date_gmt":"2025-01-13T15:06:13","guid":{"rendered":"https:\/\/aivlisoft.com\/?post_type=product&#038;p=16837"},"modified":"2025-01-14T20:47:20","modified_gmt":"2025-01-14T20:47:20","slug":"logitech-kit-microfonos-expansion-group-jack-3-5","status":"publish","type":"product","link":"https:\/\/aivlisoft.net\/shop\/producto\/logitech-kit-microfonos-expansion-group-jack-3-5\/","title":{"rendered":"Logitech kit microfonos Expansion Group Jack 3.5"},"content":{"rendered":"<p><strong>Sonido superior en salas grandes<\/strong><br \/>Ampl&iacute;e el alcance del sistema de videoconferencia GROUP con micr&oacute;fonos de expansi&oacute;n Logitech GROUP. Puede haber hasta 20 personas en una sala grande y se oir&aacute; la voz de todas y cada una de ellas. Basta con conectar los micr&oacute;fonos al sistema manos libres de GROUP. Se reconocen y configuran autom&aacute;ticamente. Un indicador luminoso muestra cu&aacute;ndo se ha silenciado el micr&oacute;fono, cu&aacute;ndo hay una llamada activa y cu&aacute;ndo se ha iniciado el emparejamiento inal&aacute;mbrico Bluetooth&reg;.<\/p>\n<table class=\"tabla_caracteristicas\" width=\"100%\">\n<tr>\n<td valign=\"top\"><strong>Marca<\/strong><\/td>\n<td>Logitech<\/td>\n<\/tr>\n<tr>\n<td valign=\"top\"><strong>Modelo<\/strong><\/td>\n<td><strong>989-000171<\/strong><\/td>\n<\/tr>\n<tr>\n<td valign=\"top\"><strong>Caracter&iacute;sticas<\/strong><\/td>\n<td><strong>Especificaciones t&eacute;cnicas<\/strong><br \/>\t\t\t&#8211; Tipo de conexi&oacute;n: Plug and Play<br \/>\t\t\t&#8211; Indicadores luminosos (LED): LED para confirmar streaming de v&iacute;deo, silenciamiento de micr&oacute;fono, llamada en espera y emparejamiento Bluetooth.<br \/>\t\t\t&#8211; Tipo de micr&oacute;fono: Mono, banda ancha, supresi&oacute;n de ruido<br \/>\t\t\t&#8211; Botones\/Conmutador: Desactivar micr&oacute;fono<br \/>\t\t\t<strong>Dimensiones<\/strong><br \/>\t\t\t&#8211; Micr&oacute;fonos de expansi&oacute;n<br \/>\t\t\t&nbsp; Altura: 83 mm<br \/>\t\t\t&nbsp; Anchura: 83 mm<br \/>\t\t\t&nbsp; Profundidad: 21 mm<br \/>\t\t\t&nbsp; Peso: 230 g<br \/>\t\t\t<strong>Contenido de la caja<\/strong><br \/>\t\t\t&#8211; Dos micr&oacute;fonos de expansi&oacute;n<\/td>\n<\/tr>\n<tr>\n<td valign=\"top\"><strong>Fecha de revisi&oacute;n<\/strong><\/td>\n<td>22-03-2022 por MPM<\/td>\n<\/tr>\n<\/table>\n","protected":false},"excerpt":{"rendered":"<p>Sonido superior en salas grandesAmpl&iacute;e el alcance del sistema de videoconferencia GROUP con micr&oacute;fonos de expansi&oacute;n Logitech GROUP. Puede haber hasta 20 personas en una sala grande y se oir&aacute; la voz de todas y cada una de ellas. Basta con conectar los micr&oacute;fonos al sistema manos libres de GROUP. Se reconocen y configuran autom&aacute;ticamente.&hellip;&nbsp;<a href=\"https:\/\/aivlisoft.net\/shop\/producto\/logitech-kit-microfonos-expansion-group-jack-3-5\/\" rel=\"bookmark\"><span class=\"screen-reader-text\">Logitech kit microfonos Expansion Group Jack 3.5<\/span><\/a><\/p>\n","protected":false},"featured_media":16838,"template":"","meta":{"neve_meta_sidebar":"","neve_meta_container":"","neve_meta_enable_content_width":"","neve_meta_content_width":0,"neve_meta_title_alignment":"","neve_meta_author_avatar":"","neve_post_elements_order":"","neve_meta_disable_header":"","neve_meta_disable_footer":"","neve_meta_disable_title":""},"product_brand":[],"product_cat":[15,957],"product_tag":[6213],"class_list":{"0":"post-16837","1":"product","2":"type-product","3":"status-publish","4":"has-post-thumbnail","6":"product_cat-sin-categorizar","7":"product_cat-accesorios-imagen-y-sonido","8":"product_tag-989-000171","10":"first","11":"instock","12":"taxable","13":"shipping-taxable","14":"purchasable","15":"product-type-simple"},"yoast_head":"<!-- This site is optimized with the Yoast SEO plugin v26.0 - https:\/\/yoast.com\/wordpress\/plugins\/seo\/ -->\n<title>Logitech kit microfonos Expansion Group Jack 3.5 - Aivlisoft Inform\u00e1tica<\/title>\n<meta name=\"robots\" content=\"index, follow, max-snippet:-1, max-image-preview:large, max-video-preview:-1\" \/>\n<link rel=\"canonical\" href=\"https:\/\/aivlisoft.net\/shop\/producto\/logitech-kit-microfonos-expansion-group-jack-3-5\/\" \/>\n<meta property=\"og:locale\" content=\"es_ES\" \/>\n<meta property=\"og:type\" content=\"article\" \/>\n<meta property=\"og:title\" content=\"Logitech kit microfonos Expansion Group Jack 3.5 - Aivlisoft Inform\u00e1tica\" \/>\n<meta property=\"og:description\" content=\"Sonido superior en salas grandesAmpl&iacute;e el alcance del sistema de videoconferencia GROUP con micr&oacute;fonos de expansi&oacute;n Logitech GROUP. Puede haber hasta 20 personas en una sala grande y se oir&aacute; la voz de todas y cada una de ellas. Basta con conectar los micr&oacute;fonos al sistema manos libres de GROUP. Se reconocen y configuran autom&aacute;ticamente.&hellip;&nbsp;Logitech kit microfonos Expansion Group Jack 3.5\" \/>\n<meta property=\"og:url\" content=\"https:\/\/aivlisoft.net\/shop\/producto\/logitech-kit-microfonos-expansion-group-jack-3-5\/\" \/>\n<meta property=\"og:site_name\" content=\"Aivlisoft Inform\u00e1tica\" \/>\n<meta property=\"article:modified_time\" content=\"2025-01-14T20:47:20+00:00\" \/>\n<meta property=\"og:image\" content=\"https:\/\/aivlisoft.net\/shop\/wp-content\/uploads\/2025\/01\/MAUMIC0064_800.jpg\" \/>\n\t<meta property=\"og:image:width\" content=\"800\" \/>\n\t<meta property=\"og:image:height\" content=\"800\" \/>\n\t<meta property=\"og:image:type\" content=\"image\/jpeg\" \/>\n<meta name=\"twitter:card\" content=\"summary_large_image\" \/>\n<meta name=\"twitter:label1\" content=\"Tiempo de lectura\" \/>\n\t<meta name=\"twitter:data1\" content=\"1 minuto\" \/>\n<script type=\"application\/ld+json\" class=\"yoast-schema-graph\">{\"@context\":\"https:\/\/schema.org\",\"@graph\":[{\"@type\":\"WebPage\",\"@id\":\"https:\/\/aivlisoft.net\/shop\/producto\/logitech-kit-microfonos-expansion-group-jack-3-5\/\",\"url\":\"https:\/\/aivlisoft.net\/shop\/producto\/logitech-kit-microfonos-expansion-group-jack-3-5\/\",\"name\":\"Logitech kit microfonos Expansion Group Jack 3.5 - Aivlisoft Inform\u00e1tica\",\"isPartOf\":{\"@id\":\"https:\/\/aivlisoft.net\/shop\/#website\"},\"primaryImageOfPage\":{\"@id\":\"https:\/\/aivlisoft.net\/shop\/producto\/logitech-kit-microfonos-expansion-group-jack-3-5\/#primaryimage\"},\"image\":{\"@id\":\"https:\/\/aivlisoft.net\/shop\/producto\/logitech-kit-microfonos-expansion-group-jack-3-5\/#primaryimage\"},\"thumbnailUrl\":\"https:\/\/aivlisoft.net\/shop\/wp-content\/uploads\/2025\/01\/MAUMIC0064_800.jpg\",\"datePublished\":\"2025-01-13T15:06:13+00:00\",\"dateModified\":\"2025-01-14T20:47:20+00:00\",\"breadcrumb\":{\"@id\":\"https:\/\/aivlisoft.net\/shop\/producto\/logitech-kit-microfonos-expansion-group-jack-3-5\/#breadcrumb\"},\"inLanguage\":\"es\",\"potentialAction\":[{\"@type\":\"ReadAction\",\"target\":[\"https:\/\/aivlisoft.net\/shop\/producto\/logitech-kit-microfonos-expansion-group-jack-3-5\/\"]}]},{\"@type\":\"ImageObject\",\"inLanguage\":\"es\",\"@id\":\"https:\/\/aivlisoft.net\/shop\/producto\/logitech-kit-microfonos-expansion-group-jack-3-5\/#primaryimage\",\"url\":\"https:\/\/aivlisoft.net\/shop\/wp-content\/uploads\/2025\/01\/MAUMIC0064_800.jpg\",\"contentUrl\":\"https:\/\/aivlisoft.net\/shop\/wp-content\/uploads\/2025\/01\/MAUMIC0064_800.jpg\",\"width\":800,\"height\":800},{\"@type\":\"BreadcrumbList\",\"@id\":\"https:\/\/aivlisoft.net\/shop\/producto\/logitech-kit-microfonos-expansion-group-jack-3-5\/#breadcrumb\",\"itemListElement\":[{\"@type\":\"ListItem\",\"position\":1,\"name\":\"Portada\",\"item\":\"https:\/\/aivlisoft.net\/shop\/\"},{\"@type\":\"ListItem\",\"position\":2,\"name\":\"Tienda\",\"item\":\"https:\/\/aivlisoft.net\/shop\/tienda\/\"},{\"@type\":\"ListItem\",\"position\":3,\"name\":\"Logitech kit microfonos Expansion Group Jack 3.5\"}]},{\"@type\":\"WebSite\",\"@id\":\"https:\/\/aivlisoft.net\/shop\/#website\",\"url\":\"https:\/\/aivlisoft.net\/shop\/\",\"name\":\"Aivlisoft Inform\u00e1tica\",\"description\":\"En Aivlisoft Inform\u00e1tica ofrecemos soluciones tecnol\u00f3gicas para empresas: venta de ordenadores, consumibles, perif\u00e9ricos y m\u00e1s. Calidad, atenci\u00f3n personalizada y los mejores precios para tu negocio.\",\"publisher\":{\"@id\":\"https:\/\/aivlisoft.net\/shop\/#organization\"},\"potentialAction\":[{\"@type\":\"SearchAction\",\"target\":{\"@type\":\"EntryPoint\",\"urlTemplate\":\"https:\/\/aivlisoft.net\/shop\/?s={search_term_string}\"},\"query-input\":{\"@type\":\"PropertyValueSpecification\",\"valueRequired\":true,\"valueName\":\"search_term_string\"}}],\"inLanguage\":\"es\"},{\"@type\":\"Organization\",\"@id\":\"https:\/\/aivlisoft.net\/shop\/#organization\",\"name\":\"Aivlisoft Inform\u00e1tica\",\"url\":\"https:\/\/aivlisoft.net\/shop\/\",\"logo\":{\"@type\":\"ImageObject\",\"inLanguage\":\"es\",\"@id\":\"https:\/\/aivlisoft.net\/shop\/#\/schema\/logo\/image\/\",\"url\":\"https:\/\/aivlisoft.net\/shop\/wp-content\/uploads\/2024\/12\/removal.ai_5b848c54-0cdf-4140-95c5-c5536bb7573b-logodef.png\",\"contentUrl\":\"https:\/\/aivlisoft.net\/shop\/wp-content\/uploads\/2024\/12\/removal.ai_5b848c54-0cdf-4140-95c5-c5536bb7573b-logodef.png\",\"width\":484,\"height\":182,\"caption\":\"Aivlisoft Inform\u00e1tica\"},\"image\":{\"@id\":\"https:\/\/aivlisoft.net\/shop\/#\/schema\/logo\/image\/\"}}]}<\/script>\n<!-- \/ Yoast SEO plugin. -->","yoast_head_json":{"title":"Logitech kit microfonos Expansion Group Jack 3.5 - Aivlisoft Inform\u00e1tica","robots":{"index":"index","follow":"follow","max-snippet":"max-snippet:-1","max-image-preview":"max-image-preview:large","max-video-preview":"max-video-preview:-1"},"canonical":"https:\/\/aivlisoft.net\/shop\/producto\/logitech-kit-microfonos-expansion-group-jack-3-5\/","og_locale":"es_ES","og_type":"article","og_title":"Logitech kit microfonos Expansion Group Jack 3.5 - Aivlisoft Inform\u00e1tica","og_description":"Sonido superior en salas grandesAmpl&iacute;e el alcance del sistema de videoconferencia GROUP con micr&oacute;fonos de expansi&oacute;n Logitech GROUP. Puede haber hasta 20 personas en una sala grande y se oir&aacute; la voz de todas y cada una de ellas. Basta con conectar los micr&oacute;fonos al sistema manos libres de GROUP. Se reconocen y configuran autom&aacute;ticamente.&hellip;&nbsp;Logitech kit microfonos Expansion Group Jack 3.5","og_url":"https:\/\/aivlisoft.net\/shop\/producto\/logitech-kit-microfonos-expansion-group-jack-3-5\/","og_site_name":"Aivlisoft Inform\u00e1tica","article_modified_time":"2025-01-14T20:47:20+00:00","og_image":[{"width":800,"height":800,"url":"https:\/\/aivlisoft.net\/shop\/wp-content\/uploads\/2025\/01\/MAUMIC0064_800.jpg","type":"image\/jpeg"}],"twitter_card":"summary_large_image","twitter_misc":{"Tiempo de lectura":"1 minuto"},"schema":{"@context":"https:\/\/schema.org","@graph":[{"@type":"WebPage","@id":"https:\/\/aivlisoft.net\/shop\/producto\/logitech-kit-microfonos-expansion-group-jack-3-5\/","url":"https:\/\/aivlisoft.net\/shop\/producto\/logitech-kit-microfonos-expansion-group-jack-3-5\/","name":"Logitech kit microfonos Expansion Group Jack 3.5 - Aivlisoft Inform\u00e1tica","isPartOf":{"@id":"https:\/\/aivlisoft.net\/shop\/#website"},"primaryImageOfPage":{"@id":"https:\/\/aivlisoft.net\/shop\/producto\/logitech-kit-microfonos-expansion-group-jack-3-5\/#primaryimage"},"image":{"@id":"https:\/\/aivlisoft.net\/shop\/producto\/logitech-kit-microfonos-expansion-group-jack-3-5\/#primaryimage"},"thumbnailUrl":"https:\/\/aivlisoft.net\/shop\/wp-content\/uploads\/2025\/01\/MAUMIC0064_800.jpg","datePublished":"2025-01-13T15:06:13+00:00","dateModified":"2025-01-14T20:47:20+00:00","breadcrumb":{"@id":"https:\/\/aivlisoft.net\/shop\/producto\/logitech-kit-microfonos-expansion-group-jack-3-5\/#breadcrumb"},"inLanguage":"es","potentialAction":[{"@type":"ReadAction","target":["https:\/\/aivlisoft.net\/shop\/producto\/logitech-kit-microfonos-expansion-group-jack-3-5\/"]}]},{"@type":"ImageObject","inLanguage":"es","@id":"https:\/\/aivlisoft.net\/shop\/producto\/logitech-kit-microfonos-expansion-group-jack-3-5\/#primaryimage","url":"https:\/\/aivlisoft.net\/shop\/wp-content\/uploads\/2025\/01\/MAUMIC0064_800.jpg","contentUrl":"https:\/\/aivlisoft.net\/shop\/wp-content\/uploads\/2025\/01\/MAUMIC0064_800.jpg","width":800,"height":800},{"@type":"BreadcrumbList","@id":"https:\/\/aivlisoft.net\/shop\/producto\/logitech-kit-microfonos-expansion-group-jack-3-5\/#breadcrumb","itemListElement":[{"@type":"ListItem","position":1,"name":"Portada","item":"https:\/\/aivlisoft.net\/shop\/"},{"@type":"ListItem","position":2,"name":"Tienda","item":"https:\/\/aivlisoft.net\/shop\/tienda\/"},{"@type":"ListItem","position":3,"name":"Logitech kit microfonos Expansion Group Jack 3.5"}]},{"@type":"WebSite","@id":"https:\/\/aivlisoft.net\/shop\/#website","url":"https:\/\/aivlisoft.net\/shop\/","name":"Aivlisoft Inform\u00e1tica","description":"En Aivlisoft Inform\u00e1tica ofrecemos soluciones tecnol\u00f3gicas para empresas: venta de ordenadores, consumibles, perif\u00e9ricos y m\u00e1s. Calidad, atenci\u00f3n personalizada y los mejores precios para tu negocio.","publisher":{"@id":"https:\/\/aivlisoft.net\/shop\/#organization"},"potentialAction":[{"@type":"SearchAction","target":{"@type":"EntryPoint","urlTemplate":"https:\/\/aivlisoft.net\/shop\/?s={search_term_string}"},"query-input":{"@type":"PropertyValueSpecification","valueRequired":true,"valueName":"search_term_string"}}],"inLanguage":"es"},{"@type":"Organization","@id":"https:\/\/aivlisoft.net\/shop\/#organization","name":"Aivlisoft Inform\u00e1tica","url":"https:\/\/aivlisoft.net\/shop\/","logo":{"@type":"ImageObject","inLanguage":"es","@id":"https:\/\/aivlisoft.net\/shop\/#\/schema\/logo\/image\/","url":"https:\/\/aivlisoft.net\/shop\/wp-content\/uploads\/2024\/12\/removal.ai_5b848c54-0cdf-4140-95c5-c5536bb7573b-logodef.png","contentUrl":"https:\/\/aivlisoft.net\/shop\/wp-content\/uploads\/2024\/12\/removal.ai_5b848c54-0cdf-4140-95c5-c5536bb7573b-logodef.png","width":484,"height":182,"caption":"Aivlisoft Inform\u00e1tica"},"image":{"@id":"https:\/\/aivlisoft.net\/shop\/#\/schema\/logo\/image\/"}}]}},"_links":{"self":[{"href":"https:\/\/aivlisoft.net\/shop\/wp-json\/wp\/v2\/product\/16837","targetHints":{"allow":["GET"]}}],"collection":[{"href":"https:\/\/aivlisoft.net\/shop\/wp-json\/wp\/v2\/product"}],"about":[{"href":"https:\/\/aivlisoft.net\/shop\/wp-json\/wp\/v2\/types\/product"}],"wp:featuredmedia":[{"embeddable":true,"href":"https:\/\/aivlisoft.net\/shop\/wp-json\/wp\/v2\/media\/16838"}],"wp:attachment":[{"href":"https:\/\/aivlisoft.net\/shop\/wp-json\/wp\/v2\/media?parent=16837"}],"wp:term":[{"taxonomy":"product_brand","embeddable":true,"href":"https:\/\/aivlisoft.net\/shop\/wp-json\/wp\/v2\/product_brand?post=16837"},{"taxonomy":"product_cat","embeddable":true,"href":"https:\/\/aivlisoft.net\/shop\/wp-json\/wp\/v2\/product_cat?post=16837"},{"taxonomy":"product_tag","embeddable":true,"href":"https:\/\/aivlisoft.net\/shop\/wp-json\/wp\/v2\/product_tag?post=16837"}],"curies":[{"name":"wp","href":"https:\/\/api.w.org\/{rel}","templated":true}]}}