{"id":16823,"date":"2025-01-13T15:06:03","date_gmt":"2025-01-13T15:06:03","guid":{"rendered":"https:\/\/aivlisoft.com\/?post_type=product&#038;p=16823"},"modified":"2025-01-14T20:47:22","modified_gmt":"2025-01-14T20:47:22","slug":"krom-microfono-gaming-kimu-pro","status":"publish","type":"product","link":"https:\/\/aivlisoft.net\/shop\/producto\/krom-microfono-gaming-kimu-pro\/","title":{"rendered":"Krom Microfono Gaming Kimu Pro"},"content":{"rendered":"<p><strong>Sonido de estudio<\/strong><br \/>Tanto si est&aacute;s empezando como si ya tienes experiencia realizando v&iacute;deos, Kimu Pro est&aacute; pensado para facilitar tus horas de grabaci&oacute;n proporcion&aacute;ndote un sonido limpio y claro.<br \/>Como micr&oacute;fono unidireccional, Kimu Pro realiza una captaci&oacute;n localizada del sonido, por lo que tus oyentes disfrutar&aacute;n siempre de grabaciones de voz n&iacute;tidas y perfectas.<\/p>\n<p><strong>F&aacute;cil de transportar<\/strong><br \/>Kimu Pro viene acompa&ntilde;ado de un tr&iacute;pode extra&iacute;ble con patas plegables para que su transporte te resulte r&aacute;pido y sencillo. Sus patas acabadas en goma ayudan a que no se deslice durante la grabaci&oacute;n, mientras que su rejilla met&aacute;lica lo protege contra golpes y ca&iacute;das.<br \/>Adem&aacute;s, la rosca est&aacute;ndar del tr&iacute;pode de Kimu Pro admite tambi&eacute;n el acople de otros soportes con rosca de 5\/8<\/p>\n<p><strong>Facilidades infinitas<\/strong><br \/>Kimu Pro viene con un sistema basculante que te permite inclinarlo, dependiendo de tus necesidades.<br \/>Para facilitarte su uso, Kimu Pro incorpora tambi&eacute;n un bot&oacute;n de encendido y apagado del mute en su parte superior, as&iacute; como un indicador LED que te avisar&aacute; de si este est&aacute; o no encendido.<br \/>Con su conexi&oacute;n micro USB para m&oacute;viles y tablets podr&aacute;s utilizar este micr&oacute;fono con el dispositivo que quieras<\/p>\n<table class=\"tabla_caracteristicas k-table\" width=\"100%\">\n<tr>\n<td><strong>Marca<\/strong><\/td>\n<td>Krom<\/td>\n<\/tr>\n<tr>\n<td><strong>Modelo<\/strong><\/td>\n<td><strong>NXKROMKIMUPRO<\/strong><\/td>\n<\/tr>\n<tr>\n<td><strong>Tipo<\/strong><\/td>\n<td>&#8211; Micr&oacute;fono con cable<\/td>\n<\/tr>\n<tr>\n<td><strong>Caracteristicas<\/strong><\/td>\n<td>&#8211; Micr&oacute;fono profesional con calidad de estudio<br \/>\t\t\t&#8211; Perfecto para streaming, podcasts, etc, gracias a su salida de audio 3.5 mm jack<br \/>\t\t\t&#8211; Tipo; Condenser Capsule<br \/>\t\t\t&#8211; Compatibilidad; Windows \/ Linux \/ PlayStation 4<br \/>\t\t\t&#8211; Conexi&oacute;n; Mini USB a USB<br \/>\t\t\t<strong>Micr&oacute;fono<\/strong><br \/>\t\t\t&#8211; Directividad; Unidireccional<br \/>\t\t\t&#8211; Sensibilida; -35dB -+- 3dB<br \/>\t\t\t&#8211; Impedancia; 2.2K ohms<br \/>\t\t\t&#8211; Frecuencia de muestreo; 16 bit &#8211; 48 KHz<br \/>\t\t\t<strong>Dimensiones<\/strong><br \/>\t\t\t&#8211; 74 x 115 x 190 mm<br \/>\t\t\t&#8211; Peso : 220 gr<\/td>\n<\/tr>\n<tr>\n<td><strong>Fecha de revisi&oacute;n<\/strong><\/td>\n<td>11-08-2022 por MPM<\/td>\n<\/tr>\n<\/table>\n","protected":false},"excerpt":{"rendered":"<p>Sonido de estudioTanto si est&aacute;s empezando como si ya tienes experiencia realizando v&iacute;deos, Kimu Pro est&aacute; pensado para facilitar tus horas de grabaci&oacute;n proporcion&aacute;ndote un sonido limpio y claro.Como micr&oacute;fono unidireccional, Kimu Pro realiza una captaci&oacute;n localizada del sonido, por lo que tus oyentes disfrutar&aacute;n siempre de grabaciones de voz n&iacute;tidas y perfectas. F&aacute;cil de&hellip;&nbsp;<a href=\"https:\/\/aivlisoft.net\/shop\/producto\/krom-microfono-gaming-kimu-pro\/\" rel=\"bookmark\"><span class=\"screen-reader-text\">Krom Microfono Gaming Kimu Pro<\/span><\/a><\/p>\n","protected":false},"featured_media":16824,"template":"","meta":{"neve_meta_sidebar":"","neve_meta_container":"","neve_meta_enable_content_width":"","neve_meta_content_width":0,"neve_meta_title_alignment":"","neve_meta_author_avatar":"","neve_post_elements_order":"","neve_meta_disable_header":"","neve_meta_disable_footer":"","neve_meta_disable_title":""},"product_brand":[],"product_cat":[15,957],"product_tag":[6204],"class_list":{"0":"post-16823","1":"product","2":"type-product","3":"status-publish","4":"has-post-thumbnail","6":"product_cat-sin-categorizar","7":"product_cat-accesorios-imagen-y-sonido","8":"product_tag-nxkromkimupro","10":"first","11":"instock","12":"taxable","13":"shipping-taxable","14":"purchasable","15":"product-type-simple"},"yoast_head":"<!-- This site is optimized with the Yoast SEO plugin v26.0 - https:\/\/yoast.com\/wordpress\/plugins\/seo\/ -->\n<title>Krom Microfono Gaming Kimu Pro - Aivlisoft Inform\u00e1tica<\/title>\n<meta name=\"robots\" content=\"index, follow, max-snippet:-1, max-image-preview:large, max-video-preview:-1\" \/>\n<link rel=\"canonical\" href=\"https:\/\/aivlisoft.net\/shop\/producto\/krom-microfono-gaming-kimu-pro\/\" \/>\n<meta property=\"og:locale\" content=\"es_ES\" \/>\n<meta property=\"og:type\" content=\"article\" \/>\n<meta property=\"og:title\" content=\"Krom Microfono Gaming Kimu Pro - Aivlisoft Inform\u00e1tica\" \/>\n<meta property=\"og:description\" content=\"Sonido de estudioTanto si est&aacute;s empezando como si ya tienes experiencia realizando v&iacute;deos, Kimu Pro est&aacute; pensado para facilitar tus horas de grabaci&oacute;n proporcion&aacute;ndote un sonido limpio y claro.Como micr&oacute;fono unidireccional, Kimu Pro realiza una captaci&oacute;n localizada del sonido, por lo que tus oyentes disfrutar&aacute;n siempre de grabaciones de voz n&iacute;tidas y perfectas. F&aacute;cil de&hellip;&nbsp;Krom Microfono Gaming Kimu Pro\" \/>\n<meta property=\"og:url\" content=\"https:\/\/aivlisoft.net\/shop\/producto\/krom-microfono-gaming-kimu-pro\/\" \/>\n<meta property=\"og:site_name\" content=\"Aivlisoft Inform\u00e1tica\" \/>\n<meta property=\"article:modified_time\" content=\"2025-01-14T20:47:22+00:00\" \/>\n<meta property=\"og:image\" content=\"https:\/\/aivlisoft.net\/shop\/wp-content\/uploads\/2025\/01\/MAUMIC0028_800.jpg\" \/>\n\t<meta property=\"og:image:width\" content=\"800\" \/>\n\t<meta property=\"og:image:height\" content=\"800\" \/>\n\t<meta property=\"og:image:type\" content=\"image\/jpeg\" \/>\n<meta name=\"twitter:card\" content=\"summary_large_image\" \/>\n<meta name=\"twitter:label1\" content=\"Tiempo de lectura\" \/>\n\t<meta name=\"twitter:data1\" content=\"2 minutos\" \/>\n<script type=\"application\/ld+json\" class=\"yoast-schema-graph\">{\"@context\":\"https:\/\/schema.org\",\"@graph\":[{\"@type\":\"WebPage\",\"@id\":\"https:\/\/aivlisoft.net\/shop\/producto\/krom-microfono-gaming-kimu-pro\/\",\"url\":\"https:\/\/aivlisoft.net\/shop\/producto\/krom-microfono-gaming-kimu-pro\/\",\"name\":\"Krom Microfono Gaming Kimu Pro - Aivlisoft Inform\u00e1tica\",\"isPartOf\":{\"@id\":\"https:\/\/aivlisoft.net\/shop\/#website\"},\"primaryImageOfPage\":{\"@id\":\"https:\/\/aivlisoft.net\/shop\/producto\/krom-microfono-gaming-kimu-pro\/#primaryimage\"},\"image\":{\"@id\":\"https:\/\/aivlisoft.net\/shop\/producto\/krom-microfono-gaming-kimu-pro\/#primaryimage\"},\"thumbnailUrl\":\"https:\/\/aivlisoft.net\/shop\/wp-content\/uploads\/2025\/01\/MAUMIC0028_800.jpg\",\"datePublished\":\"2025-01-13T15:06:03+00:00\",\"dateModified\":\"2025-01-14T20:47:22+00:00\",\"breadcrumb\":{\"@id\":\"https:\/\/aivlisoft.net\/shop\/producto\/krom-microfono-gaming-kimu-pro\/#breadcrumb\"},\"inLanguage\":\"es\",\"potentialAction\":[{\"@type\":\"ReadAction\",\"target\":[\"https:\/\/aivlisoft.net\/shop\/producto\/krom-microfono-gaming-kimu-pro\/\"]}]},{\"@type\":\"ImageObject\",\"inLanguage\":\"es\",\"@id\":\"https:\/\/aivlisoft.net\/shop\/producto\/krom-microfono-gaming-kimu-pro\/#primaryimage\",\"url\":\"https:\/\/aivlisoft.net\/shop\/wp-content\/uploads\/2025\/01\/MAUMIC0028_800.jpg\",\"contentUrl\":\"https:\/\/aivlisoft.net\/shop\/wp-content\/uploads\/2025\/01\/MAUMIC0028_800.jpg\",\"width\":800,\"height\":800},{\"@type\":\"BreadcrumbList\",\"@id\":\"https:\/\/aivlisoft.net\/shop\/producto\/krom-microfono-gaming-kimu-pro\/#breadcrumb\",\"itemListElement\":[{\"@type\":\"ListItem\",\"position\":1,\"name\":\"Portada\",\"item\":\"https:\/\/aivlisoft.net\/shop\/\"},{\"@type\":\"ListItem\",\"position\":2,\"name\":\"Tienda\",\"item\":\"https:\/\/aivlisoft.net\/shop\/tienda\/\"},{\"@type\":\"ListItem\",\"position\":3,\"name\":\"Krom Microfono Gaming Kimu Pro\"}]},{\"@type\":\"WebSite\",\"@id\":\"https:\/\/aivlisoft.net\/shop\/#website\",\"url\":\"https:\/\/aivlisoft.net\/shop\/\",\"name\":\"Aivlisoft Inform\u00e1tica\",\"description\":\"En Aivlisoft Inform\u00e1tica ofrecemos soluciones tecnol\u00f3gicas para empresas: venta de ordenadores, consumibles, perif\u00e9ricos y m\u00e1s. Calidad, atenci\u00f3n personalizada y los mejores precios para tu negocio.\",\"publisher\":{\"@id\":\"https:\/\/aivlisoft.net\/shop\/#organization\"},\"potentialAction\":[{\"@type\":\"SearchAction\",\"target\":{\"@type\":\"EntryPoint\",\"urlTemplate\":\"https:\/\/aivlisoft.net\/shop\/?s={search_term_string}\"},\"query-input\":{\"@type\":\"PropertyValueSpecification\",\"valueRequired\":true,\"valueName\":\"search_term_string\"}}],\"inLanguage\":\"es\"},{\"@type\":\"Organization\",\"@id\":\"https:\/\/aivlisoft.net\/shop\/#organization\",\"name\":\"Aivlisoft Inform\u00e1tica\",\"url\":\"https:\/\/aivlisoft.net\/shop\/\",\"logo\":{\"@type\":\"ImageObject\",\"inLanguage\":\"es\",\"@id\":\"https:\/\/aivlisoft.net\/shop\/#\/schema\/logo\/image\/\",\"url\":\"https:\/\/aivlisoft.net\/shop\/wp-content\/uploads\/2024\/12\/removal.ai_5b848c54-0cdf-4140-95c5-c5536bb7573b-logodef.png\",\"contentUrl\":\"https:\/\/aivlisoft.net\/shop\/wp-content\/uploads\/2024\/12\/removal.ai_5b848c54-0cdf-4140-95c5-c5536bb7573b-logodef.png\",\"width\":484,\"height\":182,\"caption\":\"Aivlisoft Inform\u00e1tica\"},\"image\":{\"@id\":\"https:\/\/aivlisoft.net\/shop\/#\/schema\/logo\/image\/\"}}]}<\/script>\n<!-- \/ Yoast SEO plugin. -->","yoast_head_json":{"title":"Krom Microfono Gaming Kimu Pro - Aivlisoft Inform\u00e1tica","robots":{"index":"index","follow":"follow","max-snippet":"max-snippet:-1","max-image-preview":"max-image-preview:large","max-video-preview":"max-video-preview:-1"},"canonical":"https:\/\/aivlisoft.net\/shop\/producto\/krom-microfono-gaming-kimu-pro\/","og_locale":"es_ES","og_type":"article","og_title":"Krom Microfono Gaming Kimu Pro - Aivlisoft Inform\u00e1tica","og_description":"Sonido de estudioTanto si est&aacute;s empezando como si ya tienes experiencia realizando v&iacute;deos, Kimu Pro est&aacute; pensado para facilitar tus horas de grabaci&oacute;n proporcion&aacute;ndote un sonido limpio y claro.Como micr&oacute;fono unidireccional, Kimu Pro realiza una captaci&oacute;n localizada del sonido, por lo que tus oyentes disfrutar&aacute;n siempre de grabaciones de voz n&iacute;tidas y perfectas. F&aacute;cil de&hellip;&nbsp;Krom Microfono Gaming Kimu Pro","og_url":"https:\/\/aivlisoft.net\/shop\/producto\/krom-microfono-gaming-kimu-pro\/","og_site_name":"Aivlisoft Inform\u00e1tica","article_modified_time":"2025-01-14T20:47:22+00:00","og_image":[{"width":800,"height":800,"url":"https:\/\/aivlisoft.net\/shop\/wp-content\/uploads\/2025\/01\/MAUMIC0028_800.jpg","type":"image\/jpeg"}],"twitter_card":"summary_large_image","twitter_misc":{"Tiempo de lectura":"2 minutos"},"schema":{"@context":"https:\/\/schema.org","@graph":[{"@type":"WebPage","@id":"https:\/\/aivlisoft.net\/shop\/producto\/krom-microfono-gaming-kimu-pro\/","url":"https:\/\/aivlisoft.net\/shop\/producto\/krom-microfono-gaming-kimu-pro\/","name":"Krom Microfono Gaming Kimu Pro - Aivlisoft Inform\u00e1tica","isPartOf":{"@id":"https:\/\/aivlisoft.net\/shop\/#website"},"primaryImageOfPage":{"@id":"https:\/\/aivlisoft.net\/shop\/producto\/krom-microfono-gaming-kimu-pro\/#primaryimage"},"image":{"@id":"https:\/\/aivlisoft.net\/shop\/producto\/krom-microfono-gaming-kimu-pro\/#primaryimage"},"thumbnailUrl":"https:\/\/aivlisoft.net\/shop\/wp-content\/uploads\/2025\/01\/MAUMIC0028_800.jpg","datePublished":"2025-01-13T15:06:03+00:00","dateModified":"2025-01-14T20:47:22+00:00","breadcrumb":{"@id":"https:\/\/aivlisoft.net\/shop\/producto\/krom-microfono-gaming-kimu-pro\/#breadcrumb"},"inLanguage":"es","potentialAction":[{"@type":"ReadAction","target":["https:\/\/aivlisoft.net\/shop\/producto\/krom-microfono-gaming-kimu-pro\/"]}]},{"@type":"ImageObject","inLanguage":"es","@id":"https:\/\/aivlisoft.net\/shop\/producto\/krom-microfono-gaming-kimu-pro\/#primaryimage","url":"https:\/\/aivlisoft.net\/shop\/wp-content\/uploads\/2025\/01\/MAUMIC0028_800.jpg","contentUrl":"https:\/\/aivlisoft.net\/shop\/wp-content\/uploads\/2025\/01\/MAUMIC0028_800.jpg","width":800,"height":800},{"@type":"BreadcrumbList","@id":"https:\/\/aivlisoft.net\/shop\/producto\/krom-microfono-gaming-kimu-pro\/#breadcrumb","itemListElement":[{"@type":"ListItem","position":1,"name":"Portada","item":"https:\/\/aivlisoft.net\/shop\/"},{"@type":"ListItem","position":2,"name":"Tienda","item":"https:\/\/aivlisoft.net\/shop\/tienda\/"},{"@type":"ListItem","position":3,"name":"Krom Microfono Gaming Kimu Pro"}]},{"@type":"WebSite","@id":"https:\/\/aivlisoft.net\/shop\/#website","url":"https:\/\/aivlisoft.net\/shop\/","name":"Aivlisoft Inform\u00e1tica","description":"En Aivlisoft Inform\u00e1tica ofrecemos soluciones tecnol\u00f3gicas para empresas: venta de ordenadores, consumibles, perif\u00e9ricos y m\u00e1s. Calidad, atenci\u00f3n personalizada y los mejores precios para tu negocio.","publisher":{"@id":"https:\/\/aivlisoft.net\/shop\/#organization"},"potentialAction":[{"@type":"SearchAction","target":{"@type":"EntryPoint","urlTemplate":"https:\/\/aivlisoft.net\/shop\/?s={search_term_string}"},"query-input":{"@type":"PropertyValueSpecification","valueRequired":true,"valueName":"search_term_string"}}],"inLanguage":"es"},{"@type":"Organization","@id":"https:\/\/aivlisoft.net\/shop\/#organization","name":"Aivlisoft Inform\u00e1tica","url":"https:\/\/aivlisoft.net\/shop\/","logo":{"@type":"ImageObject","inLanguage":"es","@id":"https:\/\/aivlisoft.net\/shop\/#\/schema\/logo\/image\/","url":"https:\/\/aivlisoft.net\/shop\/wp-content\/uploads\/2024\/12\/removal.ai_5b848c54-0cdf-4140-95c5-c5536bb7573b-logodef.png","contentUrl":"https:\/\/aivlisoft.net\/shop\/wp-content\/uploads\/2024\/12\/removal.ai_5b848c54-0cdf-4140-95c5-c5536bb7573b-logodef.png","width":484,"height":182,"caption":"Aivlisoft Inform\u00e1tica"},"image":{"@id":"https:\/\/aivlisoft.net\/shop\/#\/schema\/logo\/image\/"}}]}},"_links":{"self":[{"href":"https:\/\/aivlisoft.net\/shop\/wp-json\/wp\/v2\/product\/16823","targetHints":{"allow":["GET"]}}],"collection":[{"href":"https:\/\/aivlisoft.net\/shop\/wp-json\/wp\/v2\/product"}],"about":[{"href":"https:\/\/aivlisoft.net\/shop\/wp-json\/wp\/v2\/types\/product"}],"wp:featuredmedia":[{"embeddable":true,"href":"https:\/\/aivlisoft.net\/shop\/wp-json\/wp\/v2\/media\/16824"}],"wp:attachment":[{"href":"https:\/\/aivlisoft.net\/shop\/wp-json\/wp\/v2\/media?parent=16823"}],"wp:term":[{"taxonomy":"product_brand","embeddable":true,"href":"https:\/\/aivlisoft.net\/shop\/wp-json\/wp\/v2\/product_brand?post=16823"},{"taxonomy":"product_cat","embeddable":true,"href":"https:\/\/aivlisoft.net\/shop\/wp-json\/wp\/v2\/product_cat?post=16823"},{"taxonomy":"product_tag","embeddable":true,"href":"https:\/\/aivlisoft.net\/shop\/wp-json\/wp\/v2\/product_tag?post=16823"}],"curies":[{"name":"wp","href":"https:\/\/api.w.org\/{rel}","templated":true}]}}