{"id":16818,"date":"2025-01-13T15:05:58","date_gmt":"2025-01-13T15:05:58","guid":{"rendered":"https:\/\/aivlisoft.com\/?post_type=product&#038;p=16818"},"modified":"2025-01-14T20:48:26","modified_gmt":"2025-01-14T20:48:26","slug":"energy-sistem-auricular-style-1-talk-chili-red","status":"publish","type":"product","link":"https:\/\/aivlisoft.net\/shop\/producto\/energy-sistem-auricular-style-1-talk-chili-red\/","title":{"rendered":"Energy Sistem Auricular Style 1 Talk Chili red"},"content":{"rendered":"<p><strong><\/strong><strong>M&uacute;sica non-stop. Comodidad y color para complementar tu estilo<\/strong><br \/>Auriculares con cable extra&iacute;ble y con una combinaci&oacute;n de colores elegidos para ti. Destaca su comodidad gracias al dise&ntilde;o circumaural y sus almohadillas, adem&aacute;s, controla la reproducci&oacute;n de la m&uacute;sica y responde a tus llamadas con el micr&oacute;fono integrado.<\/p>\n<p><strong>Tus llamadas a mano<\/strong><br \/>Su micr&oacute;fono integrado te permite responder a todas tus llamadas sin tener que coger tu smartphone.<\/p>\n<p><strong>Comodidad sin l&iacute;mites<\/strong><br \/>El dise&ntilde;o circumaural cubre la oreja en su totalidad, te proporciona m&aacute;s aislamiento del ruido ambiente y capacidad para escuchar m&uacute;sica con total comodidad sin l&iacute;mite de tiempo<\/p>\n<p><strong>Sin bater&iacute;a, &iexcl;la m&uacute;sica no para!<\/strong><br \/>Conecta el cable de audio extra&iacute;ble a cualquier reproductor con su conector jack de 3,5 mm y no pares de escuchar m&uacute;sica. El l&iacute;mite no lo ponen tus auriculares.<\/p>\n<p><strong>M&aacute;s ergon&oacute;micos, m&aacute;s ligeros<\/strong><br \/>El sistema de plegado de 180 grados hace que transportarlos sea m&aacute;s f&aacute;cil que nunca. Con su dise&ntilde;o ultraligero, sentir&aacute;s que no los llevas puestos y la diadema extensible te proporciona el ajuste que necesita para disfrutar de tu m&uacute;sica.<\/p>\n<table class=\"tabla_caracteristicas k-table\" width=\"100%\">\n<tbody>\n<tr>\n<td><strong>Marca<\/strong><\/td>\n<td>Energy Sistem<\/td>\n<\/tr>\n<tr>\n<td valign=\"top\"><strong>Modelo<\/strong><\/td>\n<td><strong><\/strong><strong>448838<\/strong><\/td>\n<\/tr>\n<tr>\n<td><strong>Uso<\/strong><\/td>\n<td>&#8211; Auricular con micr&oacute;fono<\/td>\n<\/tr>\n<tr>\n<td valign=\"top\"><strong>Caracter&iacute;sticas<\/strong><\/td>\n<td>&#8211; Su dise&ntilde;o circumaural que cubre toda la oreja te proporcionar&aacute; una mayor sensaci&oacute;n de aislamiento y una comodidad sorprendente.<br \/>&#8211; Diadema extensible, dise&ntilde;o ultraligero y sistema de plegado de 180&ordm; que proporciona la ergonom&iacute;a que necesitas para escuchar tu m&uacute;sica durante horas.<br \/>&#8211; Responde a tus llamadas gracias al micr&oacute;fono incorporado<br \/>&#8211; Cable extra&iacute;ble para una mayor versatilidad y comodidad.<br \/>&#8211; Cuidados detalles que marcan la diferencia y sus diferentes colores convierten tus auriculares en tendencia.<\/td>\n<\/tr>\n<tr>\n<td valign=\"top\"><strong>Especificaciones<\/strong><\/td>\n<td><strong>Dise&ntilde;o<\/strong><br \/>&#8211; Cerrado<br \/><strong>Audio<\/strong><br \/>&#8211; Respuesta en frecuencia: 20 Hz ~ 20 KHz<br \/>&#8211; SPL: 108 &plusmn; 3 dB<br \/>&#8211; Di&aacute;metro driver: 40 mm<br \/><strong>Micr&oacute;fono<\/strong><br \/>&#8211; Sensibilidad: -42 dB&nbsp;&plusmn; 3 dB<br \/><strong>Conectividad<\/strong><br \/>&#8211; Conector jack de 3.5 mm<br \/><strong>Otros<\/strong><br \/>&#8211; Impedancia: 64 Ohm<br \/>&#8211; Longitud del cable: 150cm<br \/><strong>Dimensiones y peso<\/strong><br \/>&#8211; 185 x 205 x 85 mm<br \/>&#8211; 171 g<\/td>\n<\/tr>\n<tr>\n<td valign=\"top\"><strong>Contenido<\/strong><\/td>\n<td>&#8211; Energy Headphones Style 1 +<br \/>&#8211; Cable de audio<br \/>&#8211; Gu&iacute;a r&aacute;pida<\/td>\n<\/tr>\n<tr>\n<td><strong>Fecha de revisi&oacute;n<\/strong><\/td>\n<td>18-11-2019 por MRS<\/td>\n<\/tr>\n<\/tbody>\n<\/table>\n","protected":false},"excerpt":{"rendered":"<p>M&uacute;sica non-stop. Comodidad y color para complementar tu estiloAuriculares con cable extra&iacute;ble y con una combinaci&oacute;n de colores elegidos para ti. Destaca su comodidad gracias al dise&ntilde;o circumaural y sus almohadillas, adem&aacute;s, controla la reproducci&oacute;n de la m&uacute;sica y responde a tus llamadas con el micr&oacute;fono integrado. Tus llamadas a manoSu micr&oacute;fono integrado te permite&hellip;&nbsp;<a href=\"https:\/\/aivlisoft.net\/shop\/producto\/energy-sistem-auricular-style-1-talk-chili-red\/\" rel=\"bookmark\"><span class=\"screen-reader-text\">Energy Sistem Auricular Style 1 Talk Chili red<\/span><\/a><\/p>\n","protected":false},"featured_media":16819,"template":"","meta":{"neve_meta_sidebar":"","neve_meta_container":"","neve_meta_enable_content_width":"","neve_meta_content_width":0,"neve_meta_title_alignment":"","neve_meta_author_avatar":"","neve_post_elements_order":"","neve_meta_disable_header":"","neve_meta_disable_footer":"","neve_meta_disable_title":""},"product_brand":[],"product_cat":[15,957,5818],"product_tag":[6200],"class_list":{"0":"post-16818","1":"product","2":"type-product","3":"status-publish","4":"has-post-thumbnail","6":"product_cat-sin-categorizar","7":"product_cat-accesorios-imagen-y-sonido","8":"product_cat-audio","9":"product_tag-6200","11":"first","12":"instock","13":"taxable","14":"shipping-taxable","15":"purchasable","16":"product-type-simple"},"yoast_head":"<!-- This site is optimized with the Yoast SEO plugin v26.0 - https:\/\/yoast.com\/wordpress\/plugins\/seo\/ -->\n<title>Energy Sistem Auricular Style 1 Talk Chili red - Aivlisoft Inform\u00e1tica<\/title>\n<meta name=\"robots\" content=\"index, follow, max-snippet:-1, max-image-preview:large, max-video-preview:-1\" \/>\n<link rel=\"canonical\" href=\"https:\/\/aivlisoft.net\/shop\/producto\/energy-sistem-auricular-style-1-talk-chili-red\/\" \/>\n<meta property=\"og:locale\" content=\"es_ES\" \/>\n<meta property=\"og:type\" content=\"article\" \/>\n<meta property=\"og:title\" content=\"Energy Sistem Auricular Style 1 Talk Chili red - Aivlisoft Inform\u00e1tica\" \/>\n<meta property=\"og:description\" content=\"M&uacute;sica non-stop. Comodidad y color para complementar tu estiloAuriculares con cable extra&iacute;ble y con una combinaci&oacute;n de colores elegidos para ti. Destaca su comodidad gracias al dise&ntilde;o circumaural y sus almohadillas, adem&aacute;s, controla la reproducci&oacute;n de la m&uacute;sica y responde a tus llamadas con el micr&oacute;fono integrado. Tus llamadas a manoSu micr&oacute;fono integrado te permite&hellip;&nbsp;Energy Sistem Auricular Style 1 Talk Chili red\" \/>\n<meta property=\"og:url\" content=\"https:\/\/aivlisoft.net\/shop\/producto\/energy-sistem-auricular-style-1-talk-chili-red\/\" \/>\n<meta property=\"og:site_name\" content=\"Aivlisoft Inform\u00e1tica\" \/>\n<meta property=\"article:modified_time\" content=\"2025-01-14T20:48:26+00:00\" \/>\n<meta property=\"og:image\" content=\"https:\/\/aivlisoft.net\/shop\/wp-content\/uploads\/2025\/01\/MAUAUR0300_800.jpg\" \/>\n\t<meta property=\"og:image:width\" content=\"800\" \/>\n\t<meta property=\"og:image:height\" content=\"800\" \/>\n\t<meta property=\"og:image:type\" content=\"image\/jpeg\" \/>\n<meta name=\"twitter:card\" content=\"summary_large_image\" \/>\n<meta name=\"twitter:label1\" content=\"Tiempo de lectura\" \/>\n\t<meta name=\"twitter:data1\" content=\"2 minutos\" \/>\n<script type=\"application\/ld+json\" class=\"yoast-schema-graph\">{\"@context\":\"https:\/\/schema.org\",\"@graph\":[{\"@type\":\"WebPage\",\"@id\":\"https:\/\/aivlisoft.net\/shop\/producto\/energy-sistem-auricular-style-1-talk-chili-red\/\",\"url\":\"https:\/\/aivlisoft.net\/shop\/producto\/energy-sistem-auricular-style-1-talk-chili-red\/\",\"name\":\"Energy Sistem Auricular Style 1 Talk Chili red - Aivlisoft Inform\u00e1tica\",\"isPartOf\":{\"@id\":\"https:\/\/aivlisoft.net\/shop\/#website\"},\"primaryImageOfPage\":{\"@id\":\"https:\/\/aivlisoft.net\/shop\/producto\/energy-sistem-auricular-style-1-talk-chili-red\/#primaryimage\"},\"image\":{\"@id\":\"https:\/\/aivlisoft.net\/shop\/producto\/energy-sistem-auricular-style-1-talk-chili-red\/#primaryimage\"},\"thumbnailUrl\":\"https:\/\/aivlisoft.net\/shop\/wp-content\/uploads\/2025\/01\/MAUAUR0300_800.jpg\",\"datePublished\":\"2025-01-13T15:05:58+00:00\",\"dateModified\":\"2025-01-14T20:48:26+00:00\",\"breadcrumb\":{\"@id\":\"https:\/\/aivlisoft.net\/shop\/producto\/energy-sistem-auricular-style-1-talk-chili-red\/#breadcrumb\"},\"inLanguage\":\"es\",\"potentialAction\":[{\"@type\":\"ReadAction\",\"target\":[\"https:\/\/aivlisoft.net\/shop\/producto\/energy-sistem-auricular-style-1-talk-chili-red\/\"]}]},{\"@type\":\"ImageObject\",\"inLanguage\":\"es\",\"@id\":\"https:\/\/aivlisoft.net\/shop\/producto\/energy-sistem-auricular-style-1-talk-chili-red\/#primaryimage\",\"url\":\"https:\/\/aivlisoft.net\/shop\/wp-content\/uploads\/2025\/01\/MAUAUR0300_800.jpg\",\"contentUrl\":\"https:\/\/aivlisoft.net\/shop\/wp-content\/uploads\/2025\/01\/MAUAUR0300_800.jpg\",\"width\":800,\"height\":800},{\"@type\":\"BreadcrumbList\",\"@id\":\"https:\/\/aivlisoft.net\/shop\/producto\/energy-sistem-auricular-style-1-talk-chili-red\/#breadcrumb\",\"itemListElement\":[{\"@type\":\"ListItem\",\"position\":1,\"name\":\"Portada\",\"item\":\"https:\/\/aivlisoft.net\/shop\/\"},{\"@type\":\"ListItem\",\"position\":2,\"name\":\"Tienda\",\"item\":\"https:\/\/aivlisoft.net\/shop\/tienda\/\"},{\"@type\":\"ListItem\",\"position\":3,\"name\":\"Energy Sistem Auricular Style 1 Talk Chili red\"}]},{\"@type\":\"WebSite\",\"@id\":\"https:\/\/aivlisoft.net\/shop\/#website\",\"url\":\"https:\/\/aivlisoft.net\/shop\/\",\"name\":\"Aivlisoft Inform\u00e1tica\",\"description\":\"En Aivlisoft Inform\u00e1tica ofrecemos soluciones tecnol\u00f3gicas para empresas: venta de ordenadores, consumibles, perif\u00e9ricos y m\u00e1s. Calidad, atenci\u00f3n personalizada y los mejores precios para tu negocio.\",\"publisher\":{\"@id\":\"https:\/\/aivlisoft.net\/shop\/#organization\"},\"potentialAction\":[{\"@type\":\"SearchAction\",\"target\":{\"@type\":\"EntryPoint\",\"urlTemplate\":\"https:\/\/aivlisoft.net\/shop\/?s={search_term_string}\"},\"query-input\":{\"@type\":\"PropertyValueSpecification\",\"valueRequired\":true,\"valueName\":\"search_term_string\"}}],\"inLanguage\":\"es\"},{\"@type\":\"Organization\",\"@id\":\"https:\/\/aivlisoft.net\/shop\/#organization\",\"name\":\"Aivlisoft Inform\u00e1tica\",\"url\":\"https:\/\/aivlisoft.net\/shop\/\",\"logo\":{\"@type\":\"ImageObject\",\"inLanguage\":\"es\",\"@id\":\"https:\/\/aivlisoft.net\/shop\/#\/schema\/logo\/image\/\",\"url\":\"https:\/\/aivlisoft.net\/shop\/wp-content\/uploads\/2024\/12\/removal.ai_5b848c54-0cdf-4140-95c5-c5536bb7573b-logodef.png\",\"contentUrl\":\"https:\/\/aivlisoft.net\/shop\/wp-content\/uploads\/2024\/12\/removal.ai_5b848c54-0cdf-4140-95c5-c5536bb7573b-logodef.png\",\"width\":484,\"height\":182,\"caption\":\"Aivlisoft Inform\u00e1tica\"},\"image\":{\"@id\":\"https:\/\/aivlisoft.net\/shop\/#\/schema\/logo\/image\/\"}}]}<\/script>\n<!-- \/ Yoast SEO plugin. -->","yoast_head_json":{"title":"Energy Sistem Auricular Style 1 Talk Chili red - Aivlisoft Inform\u00e1tica","robots":{"index":"index","follow":"follow","max-snippet":"max-snippet:-1","max-image-preview":"max-image-preview:large","max-video-preview":"max-video-preview:-1"},"canonical":"https:\/\/aivlisoft.net\/shop\/producto\/energy-sistem-auricular-style-1-talk-chili-red\/","og_locale":"es_ES","og_type":"article","og_title":"Energy Sistem Auricular Style 1 Talk Chili red - Aivlisoft Inform\u00e1tica","og_description":"M&uacute;sica non-stop. Comodidad y color para complementar tu estiloAuriculares con cable extra&iacute;ble y con una combinaci&oacute;n de colores elegidos para ti. Destaca su comodidad gracias al dise&ntilde;o circumaural y sus almohadillas, adem&aacute;s, controla la reproducci&oacute;n de la m&uacute;sica y responde a tus llamadas con el micr&oacute;fono integrado. Tus llamadas a manoSu micr&oacute;fono integrado te permite&hellip;&nbsp;Energy Sistem Auricular Style 1 Talk Chili red","og_url":"https:\/\/aivlisoft.net\/shop\/producto\/energy-sistem-auricular-style-1-talk-chili-red\/","og_site_name":"Aivlisoft Inform\u00e1tica","article_modified_time":"2025-01-14T20:48:26+00:00","og_image":[{"width":800,"height":800,"url":"https:\/\/aivlisoft.net\/shop\/wp-content\/uploads\/2025\/01\/MAUAUR0300_800.jpg","type":"image\/jpeg"}],"twitter_card":"summary_large_image","twitter_misc":{"Tiempo de lectura":"2 minutos"},"schema":{"@context":"https:\/\/schema.org","@graph":[{"@type":"WebPage","@id":"https:\/\/aivlisoft.net\/shop\/producto\/energy-sistem-auricular-style-1-talk-chili-red\/","url":"https:\/\/aivlisoft.net\/shop\/producto\/energy-sistem-auricular-style-1-talk-chili-red\/","name":"Energy Sistem Auricular Style 1 Talk Chili red - Aivlisoft Inform\u00e1tica","isPartOf":{"@id":"https:\/\/aivlisoft.net\/shop\/#website"},"primaryImageOfPage":{"@id":"https:\/\/aivlisoft.net\/shop\/producto\/energy-sistem-auricular-style-1-talk-chili-red\/#primaryimage"},"image":{"@id":"https:\/\/aivlisoft.net\/shop\/producto\/energy-sistem-auricular-style-1-talk-chili-red\/#primaryimage"},"thumbnailUrl":"https:\/\/aivlisoft.net\/shop\/wp-content\/uploads\/2025\/01\/MAUAUR0300_800.jpg","datePublished":"2025-01-13T15:05:58+00:00","dateModified":"2025-01-14T20:48:26+00:00","breadcrumb":{"@id":"https:\/\/aivlisoft.net\/shop\/producto\/energy-sistem-auricular-style-1-talk-chili-red\/#breadcrumb"},"inLanguage":"es","potentialAction":[{"@type":"ReadAction","target":["https:\/\/aivlisoft.net\/shop\/producto\/energy-sistem-auricular-style-1-talk-chili-red\/"]}]},{"@type":"ImageObject","inLanguage":"es","@id":"https:\/\/aivlisoft.net\/shop\/producto\/energy-sistem-auricular-style-1-talk-chili-red\/#primaryimage","url":"https:\/\/aivlisoft.net\/shop\/wp-content\/uploads\/2025\/01\/MAUAUR0300_800.jpg","contentUrl":"https:\/\/aivlisoft.net\/shop\/wp-content\/uploads\/2025\/01\/MAUAUR0300_800.jpg","width":800,"height":800},{"@type":"BreadcrumbList","@id":"https:\/\/aivlisoft.net\/shop\/producto\/energy-sistem-auricular-style-1-talk-chili-red\/#breadcrumb","itemListElement":[{"@type":"ListItem","position":1,"name":"Portada","item":"https:\/\/aivlisoft.net\/shop\/"},{"@type":"ListItem","position":2,"name":"Tienda","item":"https:\/\/aivlisoft.net\/shop\/tienda\/"},{"@type":"ListItem","position":3,"name":"Energy Sistem Auricular Style 1 Talk Chili red"}]},{"@type":"WebSite","@id":"https:\/\/aivlisoft.net\/shop\/#website","url":"https:\/\/aivlisoft.net\/shop\/","name":"Aivlisoft Inform\u00e1tica","description":"En Aivlisoft Inform\u00e1tica ofrecemos soluciones tecnol\u00f3gicas para empresas: venta de ordenadores, consumibles, perif\u00e9ricos y m\u00e1s. Calidad, atenci\u00f3n personalizada y los mejores precios para tu negocio.","publisher":{"@id":"https:\/\/aivlisoft.net\/shop\/#organization"},"potentialAction":[{"@type":"SearchAction","target":{"@type":"EntryPoint","urlTemplate":"https:\/\/aivlisoft.net\/shop\/?s={search_term_string}"},"query-input":{"@type":"PropertyValueSpecification","valueRequired":true,"valueName":"search_term_string"}}],"inLanguage":"es"},{"@type":"Organization","@id":"https:\/\/aivlisoft.net\/shop\/#organization","name":"Aivlisoft Inform\u00e1tica","url":"https:\/\/aivlisoft.net\/shop\/","logo":{"@type":"ImageObject","inLanguage":"es","@id":"https:\/\/aivlisoft.net\/shop\/#\/schema\/logo\/image\/","url":"https:\/\/aivlisoft.net\/shop\/wp-content\/uploads\/2024\/12\/removal.ai_5b848c54-0cdf-4140-95c5-c5536bb7573b-logodef.png","contentUrl":"https:\/\/aivlisoft.net\/shop\/wp-content\/uploads\/2024\/12\/removal.ai_5b848c54-0cdf-4140-95c5-c5536bb7573b-logodef.png","width":484,"height":182,"caption":"Aivlisoft Inform\u00e1tica"},"image":{"@id":"https:\/\/aivlisoft.net\/shop\/#\/schema\/logo\/image\/"}}]}},"_links":{"self":[{"href":"https:\/\/aivlisoft.net\/shop\/wp-json\/wp\/v2\/product\/16818","targetHints":{"allow":["GET"]}}],"collection":[{"href":"https:\/\/aivlisoft.net\/shop\/wp-json\/wp\/v2\/product"}],"about":[{"href":"https:\/\/aivlisoft.net\/shop\/wp-json\/wp\/v2\/types\/product"}],"wp:featuredmedia":[{"embeddable":true,"href":"https:\/\/aivlisoft.net\/shop\/wp-json\/wp\/v2\/media\/16819"}],"wp:attachment":[{"href":"https:\/\/aivlisoft.net\/shop\/wp-json\/wp\/v2\/media?parent=16818"}],"wp:term":[{"taxonomy":"product_brand","embeddable":true,"href":"https:\/\/aivlisoft.net\/shop\/wp-json\/wp\/v2\/product_brand?post=16818"},{"taxonomy":"product_cat","embeddable":true,"href":"https:\/\/aivlisoft.net\/shop\/wp-json\/wp\/v2\/product_cat?post=16818"},{"taxonomy":"product_tag","embeddable":true,"href":"https:\/\/aivlisoft.net\/shop\/wp-json\/wp\/v2\/product_tag?post=16818"}],"curies":[{"name":"wp","href":"https:\/\/api.w.org\/{rel}","templated":true}]}}