{"id":16813,"date":"2025-01-13T15:05:55","date_gmt":"2025-01-13T15:05:55","guid":{"rendered":"https:\/\/aivlisoft.com\/?post_type=product&#038;p=16813"},"modified":"2025-01-14T20:48:27","modified_gmt":"2025-01-14T20:48:27","slug":"energy-sistem-auricular-intrauditivo-style-1-verde","status":"publish","type":"product","link":"https:\/\/aivlisoft.net\/shop\/producto\/energy-sistem-auricular-intrauditivo-style-1-verde\/","title":{"rendered":"Energy Sistem Auricular Intrauditivo Style 1 Verde"},"content":{"rendered":"<p><strong>Un toque de color en tus o&iacute;dos<\/strong><br \/>Su dise&ntilde;o de bot&oacute;n y su acabado rubber los convierten en el complemento perfecto de tu look<\/p>\n<p><strong>Hechos para ti<\/strong><br \/>Sea cual sea tu estilo, disfruta de tu m&uacute;sica con total libertad gracias a su cable plano de<br \/>120 cent&iacute;metros de longitud.<\/p>\n<p><strong>Fuera enredos<\/strong><br \/>Gu&aacute;rdalos en el bolsillo, en el bolso o en la mochila con la tranquilidad de que al sacarlos no tendr&aacute;s que desenredarlos.<\/p>\n<p><strong>Ligereza en tus o&iacute;dos<\/strong><br \/>Con tan solo 12 gramos de peso,<br \/>olv&iacute;date de todo lo dem&aacute;s y c&eacute;ntrate &uacute;nicamente en tu m&uacute;sica.<\/p>\n<table class=\"tabla_caracteristicas k-table\" width=\"100%\">\n<tbody>\n<tr>\n<td><strong>Marca<\/strong><\/td>\n<td>Energy Sistem<\/td>\n<\/tr>\n<tr>\n<td valign=\"top\"><strong>Modelo<\/strong><\/td>\n<td><strong>446414<\/strong><\/td>\n<\/tr>\n<tr>\n<td><strong>Uso<\/strong><\/td>\n<td>&#8211; Auricular sin micr&oacute;fono<\/td>\n<\/tr>\n<tr>\n<td><strong>Conectividad<\/strong><\/td>\n<td>&#8211; mini jack 3,5 mm. (est&aacute;ndar CTIA)<\/td>\n<\/tr>\n<tr>\n<td><strong>Caracter&iacute;sticas <\/strong><br \/><strong>destacadas<\/strong><\/td>\n<td>&#8211; Auriculares intrauditivos que se ajustan perfectamente a tu o&iacute;do.<br \/>&#8211; Set de almohadillas de distintos tama&ntilde;os para adaptarse perfectamente a tu o&iacute;do.<br \/>&#8211; Acabado rubber que combina dise&ntilde;o y funcionalidad a la perfecci&oacute;n.<br \/>&#8211; Tan ligeros y c&oacute;modos que podr&aacute;s utilizarlos durante horas.<br \/>&#8211; Conector Jack de 3,5 mm para que los puedas conectar a tu smartphone o tablet.<br \/>&#8211; Su cable de 120 cent&iacute;metros te permitir&aacute; moverte con total libertad y gracias a su dise&ntilde;o plano, evitar&aacute;s que se enreden al transportarlos.<\/td>\n<\/tr>\n<tr>\n<td valign=\"top\"><strong>Especificaciones<\/strong><\/td>\n<td>&#8211; Dise&ntilde;o: Intrauditivo<br \/>&#8211; Tipo: Din&aacute;mico<br \/>&#8211; Im&aacute;n de neodimio<br \/>&#8211; Di&aacute;metro del auricular: 9 mm<br \/>&#8211; Respuesta en frecuencia: 20 Hz ~ 20 KHz<br \/>&#8211; SPL: 90&plusmn;3dB<br \/>&#8211; Impedancia: 16 Ohm<br \/>&#8211; THD &lt; 1%<br \/>&#8211; Cable: Longitud: 120 cm.<br \/><strong><\/strong><strong>Dimensiones y peso<\/strong><br \/>&#8211; Peso neto: 12 g<br \/><strong>Contenido del producto<\/strong><br \/>&#8211; Auriculares Energy Earphones Style 1 White<br \/>&#8211; Set de almohadillas<\/td>\n<\/tr>\n<tr>\n<td><strong>Fecha de revisi&oacute;n<\/strong><\/td>\n<td>05-11-2018 por AVN<\/td>\n<\/tr>\n<\/tbody>\n<\/table>\n","protected":false},"excerpt":{"rendered":"<p>Un toque de color en tus o&iacute;dosSu dise&ntilde;o de bot&oacute;n y su acabado rubber los convierten en el complemento perfecto de tu look Hechos para tiSea cual sea tu estilo, disfruta de tu m&uacute;sica con total libertad gracias a su cable plano de120 cent&iacute;metros de longitud. Fuera enredosGu&aacute;rdalos en el bolsillo, en el bolso o&hellip;&nbsp;<a href=\"https:\/\/aivlisoft.net\/shop\/producto\/energy-sistem-auricular-intrauditivo-style-1-verde\/\" rel=\"bookmark\"><span class=\"screen-reader-text\">Energy Sistem Auricular Intrauditivo Style 1 Verde<\/span><\/a><\/p>\n","protected":false},"featured_media":16814,"template":"","meta":{"neve_meta_sidebar":"","neve_meta_container":"","neve_meta_enable_content_width":"","neve_meta_content_width":0,"neve_meta_title_alignment":"","neve_meta_author_avatar":"","neve_post_elements_order":"","neve_meta_disable_header":"","neve_meta_disable_footer":"","neve_meta_disable_title":""},"product_brand":[],"product_cat":[15,957,5818],"product_tag":[6199],"class_list":{"0":"post-16813","1":"product","2":"type-product","3":"status-publish","4":"has-post-thumbnail","6":"product_cat-sin-categorizar","7":"product_cat-accesorios-imagen-y-sonido","8":"product_cat-audio","9":"product_tag-6199","11":"first","12":"instock","13":"taxable","14":"shipping-taxable","15":"purchasable","16":"product-type-simple"},"yoast_head":"<!-- This site is optimized with the Yoast SEO plugin v26.0 - https:\/\/yoast.com\/wordpress\/plugins\/seo\/ -->\n<title>Energy Sistem Auricular Intrauditivo Style 1 Verde - Aivlisoft Inform\u00e1tica<\/title>\n<meta name=\"robots\" content=\"index, follow, max-snippet:-1, max-image-preview:large, max-video-preview:-1\" \/>\n<link rel=\"canonical\" href=\"https:\/\/aivlisoft.net\/shop\/producto\/energy-sistem-auricular-intrauditivo-style-1-verde\/\" \/>\n<meta property=\"og:locale\" content=\"es_ES\" \/>\n<meta property=\"og:type\" content=\"article\" \/>\n<meta property=\"og:title\" content=\"Energy Sistem Auricular Intrauditivo Style 1 Verde - Aivlisoft Inform\u00e1tica\" \/>\n<meta property=\"og:description\" content=\"Un toque de color en tus o&iacute;dosSu dise&ntilde;o de bot&oacute;n y su acabado rubber los convierten en el complemento perfecto de tu look Hechos para tiSea cual sea tu estilo, disfruta de tu m&uacute;sica con total libertad gracias a su cable plano de120 cent&iacute;metros de longitud. Fuera enredosGu&aacute;rdalos en el bolsillo, en el bolso o&hellip;&nbsp;Energy Sistem Auricular Intrauditivo Style 1 Verde\" \/>\n<meta property=\"og:url\" content=\"https:\/\/aivlisoft.net\/shop\/producto\/energy-sistem-auricular-intrauditivo-style-1-verde\/\" \/>\n<meta property=\"og:site_name\" content=\"Aivlisoft Inform\u00e1tica\" \/>\n<meta property=\"article:modified_time\" content=\"2025-01-14T20:48:27+00:00\" \/>\n<meta property=\"og:image\" content=\"https:\/\/aivlisoft.net\/shop\/wp-content\/uploads\/2025\/01\/MAUAUR0292_800.jpg\" \/>\n\t<meta property=\"og:image:width\" content=\"800\" \/>\n\t<meta property=\"og:image:height\" content=\"800\" \/>\n\t<meta property=\"og:image:type\" content=\"image\/jpeg\" \/>\n<meta name=\"twitter:card\" content=\"summary_large_image\" \/>\n<meta name=\"twitter:label1\" content=\"Tiempo de lectura\" \/>\n\t<meta name=\"twitter:data1\" content=\"1 minuto\" \/>\n<script type=\"application\/ld+json\" class=\"yoast-schema-graph\">{\"@context\":\"https:\/\/schema.org\",\"@graph\":[{\"@type\":\"WebPage\",\"@id\":\"https:\/\/aivlisoft.net\/shop\/producto\/energy-sistem-auricular-intrauditivo-style-1-verde\/\",\"url\":\"https:\/\/aivlisoft.net\/shop\/producto\/energy-sistem-auricular-intrauditivo-style-1-verde\/\",\"name\":\"Energy Sistem Auricular Intrauditivo Style 1 Verde - Aivlisoft Inform\u00e1tica\",\"isPartOf\":{\"@id\":\"https:\/\/aivlisoft.net\/shop\/#website\"},\"primaryImageOfPage\":{\"@id\":\"https:\/\/aivlisoft.net\/shop\/producto\/energy-sistem-auricular-intrauditivo-style-1-verde\/#primaryimage\"},\"image\":{\"@id\":\"https:\/\/aivlisoft.net\/shop\/producto\/energy-sistem-auricular-intrauditivo-style-1-verde\/#primaryimage\"},\"thumbnailUrl\":\"https:\/\/aivlisoft.net\/shop\/wp-content\/uploads\/2025\/01\/MAUAUR0292_800.jpg\",\"datePublished\":\"2025-01-13T15:05:55+00:00\",\"dateModified\":\"2025-01-14T20:48:27+00:00\",\"breadcrumb\":{\"@id\":\"https:\/\/aivlisoft.net\/shop\/producto\/energy-sistem-auricular-intrauditivo-style-1-verde\/#breadcrumb\"},\"inLanguage\":\"es\",\"potentialAction\":[{\"@type\":\"ReadAction\",\"target\":[\"https:\/\/aivlisoft.net\/shop\/producto\/energy-sistem-auricular-intrauditivo-style-1-verde\/\"]}]},{\"@type\":\"ImageObject\",\"inLanguage\":\"es\",\"@id\":\"https:\/\/aivlisoft.net\/shop\/producto\/energy-sistem-auricular-intrauditivo-style-1-verde\/#primaryimage\",\"url\":\"https:\/\/aivlisoft.net\/shop\/wp-content\/uploads\/2025\/01\/MAUAUR0292_800.jpg\",\"contentUrl\":\"https:\/\/aivlisoft.net\/shop\/wp-content\/uploads\/2025\/01\/MAUAUR0292_800.jpg\",\"width\":800,\"height\":800},{\"@type\":\"BreadcrumbList\",\"@id\":\"https:\/\/aivlisoft.net\/shop\/producto\/energy-sistem-auricular-intrauditivo-style-1-verde\/#breadcrumb\",\"itemListElement\":[{\"@type\":\"ListItem\",\"position\":1,\"name\":\"Portada\",\"item\":\"https:\/\/aivlisoft.net\/shop\/\"},{\"@type\":\"ListItem\",\"position\":2,\"name\":\"Tienda\",\"item\":\"https:\/\/aivlisoft.net\/shop\/tienda\/\"},{\"@type\":\"ListItem\",\"position\":3,\"name\":\"Energy Sistem Auricular Intrauditivo Style 1 Verde\"}]},{\"@type\":\"WebSite\",\"@id\":\"https:\/\/aivlisoft.net\/shop\/#website\",\"url\":\"https:\/\/aivlisoft.net\/shop\/\",\"name\":\"Aivlisoft Inform\u00e1tica\",\"description\":\"En Aivlisoft Inform\u00e1tica ofrecemos soluciones tecnol\u00f3gicas para empresas: venta de ordenadores, consumibles, perif\u00e9ricos y m\u00e1s. Calidad, atenci\u00f3n personalizada y los mejores precios para tu negocio.\",\"publisher\":{\"@id\":\"https:\/\/aivlisoft.net\/shop\/#organization\"},\"potentialAction\":[{\"@type\":\"SearchAction\",\"target\":{\"@type\":\"EntryPoint\",\"urlTemplate\":\"https:\/\/aivlisoft.net\/shop\/?s={search_term_string}\"},\"query-input\":{\"@type\":\"PropertyValueSpecification\",\"valueRequired\":true,\"valueName\":\"search_term_string\"}}],\"inLanguage\":\"es\"},{\"@type\":\"Organization\",\"@id\":\"https:\/\/aivlisoft.net\/shop\/#organization\",\"name\":\"Aivlisoft Inform\u00e1tica\",\"url\":\"https:\/\/aivlisoft.net\/shop\/\",\"logo\":{\"@type\":\"ImageObject\",\"inLanguage\":\"es\",\"@id\":\"https:\/\/aivlisoft.net\/shop\/#\/schema\/logo\/image\/\",\"url\":\"https:\/\/aivlisoft.net\/shop\/wp-content\/uploads\/2024\/12\/removal.ai_5b848c54-0cdf-4140-95c5-c5536bb7573b-logodef.png\",\"contentUrl\":\"https:\/\/aivlisoft.net\/shop\/wp-content\/uploads\/2024\/12\/removal.ai_5b848c54-0cdf-4140-95c5-c5536bb7573b-logodef.png\",\"width\":484,\"height\":182,\"caption\":\"Aivlisoft Inform\u00e1tica\"},\"image\":{\"@id\":\"https:\/\/aivlisoft.net\/shop\/#\/schema\/logo\/image\/\"}}]}<\/script>\n<!-- \/ Yoast SEO plugin. -->","yoast_head_json":{"title":"Energy Sistem Auricular Intrauditivo Style 1 Verde - Aivlisoft Inform\u00e1tica","robots":{"index":"index","follow":"follow","max-snippet":"max-snippet:-1","max-image-preview":"max-image-preview:large","max-video-preview":"max-video-preview:-1"},"canonical":"https:\/\/aivlisoft.net\/shop\/producto\/energy-sistem-auricular-intrauditivo-style-1-verde\/","og_locale":"es_ES","og_type":"article","og_title":"Energy Sistem Auricular Intrauditivo Style 1 Verde - Aivlisoft Inform\u00e1tica","og_description":"Un toque de color en tus o&iacute;dosSu dise&ntilde;o de bot&oacute;n y su acabado rubber los convierten en el complemento perfecto de tu look Hechos para tiSea cual sea tu estilo, disfruta de tu m&uacute;sica con total libertad gracias a su cable plano de120 cent&iacute;metros de longitud. Fuera enredosGu&aacute;rdalos en el bolsillo, en el bolso o&hellip;&nbsp;Energy Sistem Auricular Intrauditivo Style 1 Verde","og_url":"https:\/\/aivlisoft.net\/shop\/producto\/energy-sistem-auricular-intrauditivo-style-1-verde\/","og_site_name":"Aivlisoft Inform\u00e1tica","article_modified_time":"2025-01-14T20:48:27+00:00","og_image":[{"width":800,"height":800,"url":"https:\/\/aivlisoft.net\/shop\/wp-content\/uploads\/2025\/01\/MAUAUR0292_800.jpg","type":"image\/jpeg"}],"twitter_card":"summary_large_image","twitter_misc":{"Tiempo de lectura":"1 minuto"},"schema":{"@context":"https:\/\/schema.org","@graph":[{"@type":"WebPage","@id":"https:\/\/aivlisoft.net\/shop\/producto\/energy-sistem-auricular-intrauditivo-style-1-verde\/","url":"https:\/\/aivlisoft.net\/shop\/producto\/energy-sistem-auricular-intrauditivo-style-1-verde\/","name":"Energy Sistem Auricular Intrauditivo Style 1 Verde - Aivlisoft Inform\u00e1tica","isPartOf":{"@id":"https:\/\/aivlisoft.net\/shop\/#website"},"primaryImageOfPage":{"@id":"https:\/\/aivlisoft.net\/shop\/producto\/energy-sistem-auricular-intrauditivo-style-1-verde\/#primaryimage"},"image":{"@id":"https:\/\/aivlisoft.net\/shop\/producto\/energy-sistem-auricular-intrauditivo-style-1-verde\/#primaryimage"},"thumbnailUrl":"https:\/\/aivlisoft.net\/shop\/wp-content\/uploads\/2025\/01\/MAUAUR0292_800.jpg","datePublished":"2025-01-13T15:05:55+00:00","dateModified":"2025-01-14T20:48:27+00:00","breadcrumb":{"@id":"https:\/\/aivlisoft.net\/shop\/producto\/energy-sistem-auricular-intrauditivo-style-1-verde\/#breadcrumb"},"inLanguage":"es","potentialAction":[{"@type":"ReadAction","target":["https:\/\/aivlisoft.net\/shop\/producto\/energy-sistem-auricular-intrauditivo-style-1-verde\/"]}]},{"@type":"ImageObject","inLanguage":"es","@id":"https:\/\/aivlisoft.net\/shop\/producto\/energy-sistem-auricular-intrauditivo-style-1-verde\/#primaryimage","url":"https:\/\/aivlisoft.net\/shop\/wp-content\/uploads\/2025\/01\/MAUAUR0292_800.jpg","contentUrl":"https:\/\/aivlisoft.net\/shop\/wp-content\/uploads\/2025\/01\/MAUAUR0292_800.jpg","width":800,"height":800},{"@type":"BreadcrumbList","@id":"https:\/\/aivlisoft.net\/shop\/producto\/energy-sistem-auricular-intrauditivo-style-1-verde\/#breadcrumb","itemListElement":[{"@type":"ListItem","position":1,"name":"Portada","item":"https:\/\/aivlisoft.net\/shop\/"},{"@type":"ListItem","position":2,"name":"Tienda","item":"https:\/\/aivlisoft.net\/shop\/tienda\/"},{"@type":"ListItem","position":3,"name":"Energy Sistem Auricular Intrauditivo Style 1 Verde"}]},{"@type":"WebSite","@id":"https:\/\/aivlisoft.net\/shop\/#website","url":"https:\/\/aivlisoft.net\/shop\/","name":"Aivlisoft Inform\u00e1tica","description":"En Aivlisoft Inform\u00e1tica ofrecemos soluciones tecnol\u00f3gicas para empresas: venta de ordenadores, consumibles, perif\u00e9ricos y m\u00e1s. Calidad, atenci\u00f3n personalizada y los mejores precios para tu negocio.","publisher":{"@id":"https:\/\/aivlisoft.net\/shop\/#organization"},"potentialAction":[{"@type":"SearchAction","target":{"@type":"EntryPoint","urlTemplate":"https:\/\/aivlisoft.net\/shop\/?s={search_term_string}"},"query-input":{"@type":"PropertyValueSpecification","valueRequired":true,"valueName":"search_term_string"}}],"inLanguage":"es"},{"@type":"Organization","@id":"https:\/\/aivlisoft.net\/shop\/#organization","name":"Aivlisoft Inform\u00e1tica","url":"https:\/\/aivlisoft.net\/shop\/","logo":{"@type":"ImageObject","inLanguage":"es","@id":"https:\/\/aivlisoft.net\/shop\/#\/schema\/logo\/image\/","url":"https:\/\/aivlisoft.net\/shop\/wp-content\/uploads\/2024\/12\/removal.ai_5b848c54-0cdf-4140-95c5-c5536bb7573b-logodef.png","contentUrl":"https:\/\/aivlisoft.net\/shop\/wp-content\/uploads\/2024\/12\/removal.ai_5b848c54-0cdf-4140-95c5-c5536bb7573b-logodef.png","width":484,"height":182,"caption":"Aivlisoft Inform\u00e1tica"},"image":{"@id":"https:\/\/aivlisoft.net\/shop\/#\/schema\/logo\/image\/"}}]}},"_links":{"self":[{"href":"https:\/\/aivlisoft.net\/shop\/wp-json\/wp\/v2\/product\/16813","targetHints":{"allow":["GET"]}}],"collection":[{"href":"https:\/\/aivlisoft.net\/shop\/wp-json\/wp\/v2\/product"}],"about":[{"href":"https:\/\/aivlisoft.net\/shop\/wp-json\/wp\/v2\/types\/product"}],"wp:featuredmedia":[{"embeddable":true,"href":"https:\/\/aivlisoft.net\/shop\/wp-json\/wp\/v2\/media\/16814"}],"wp:attachment":[{"href":"https:\/\/aivlisoft.net\/shop\/wp-json\/wp\/v2\/media?parent=16813"}],"wp:term":[{"taxonomy":"product_brand","embeddable":true,"href":"https:\/\/aivlisoft.net\/shop\/wp-json\/wp\/v2\/product_brand?post=16813"},{"taxonomy":"product_cat","embeddable":true,"href":"https:\/\/aivlisoft.net\/shop\/wp-json\/wp\/v2\/product_cat?post=16813"},{"taxonomy":"product_tag","embeddable":true,"href":"https:\/\/aivlisoft.net\/shop\/wp-json\/wp\/v2\/product_tag?post=16813"}],"curies":[{"name":"wp","href":"https:\/\/api.w.org\/{rel}","templated":true}]}}