{"id":16807,"date":"2025-01-13T15:05:51","date_gmt":"2025-01-13T15:05:51","guid":{"rendered":"https:\/\/aivlisoft.com\/?post_type=product&#038;p=16807"},"modified":"2025-01-14T20:48:28","modified_gmt":"2025-01-14T20:48:28","slug":"energy-sistem-altavoz-karaokestar","status":"publish","type":"product","link":"https:\/\/aivlisoft.net\/shop\/producto\/energy-sistem-altavoz-karaokestar\/","title":{"rendered":"Energy Sistem Altavoz KaraokeStar"},"content":{"rendered":"<p>Altavoz karaoke con 60W de potencia, IPX4 y hasta 8 horas de autonom&iacute;a. Luces LED y dos micr&oacute;fonos inal&aacute;mbricos para desafiar a tus amigos.<\/p>\n<table class=\"tabla_caracteristicas\" width=\"100%\">\n<tr>\n<td valign=\"top\"><strong>Marca<\/strong><\/td>\n<td>Energy Sistem<\/td>\n<\/tr>\n<tr>\n<td valign=\"top\"><strong>Modelo<\/strong><\/td>\n<td><strong>459339<\/strong><\/td>\n<\/tr>\n<tr>\n<td valign=\"top\"><strong>Caracter&iacute;sticas<\/strong><\/td>\n<td><strong>Audio<\/strong><br \/>\t\t\t&#8211; Radiadores pasivos: 2<br \/>\t\t\t&#8211; Tipo: Din&aacute;mico<br \/>\t\t\t&#8211; Impedancia: 4 &Omega;<br \/>\t\t\t&#8211; Potencia: 60 W<br \/>\t\t\t&#8211; Rango completo &#8211; Potencia:&nbsp; 30 W<br \/>\t\t\t&#8211; Rango completo &#8211; Tama&ntilde;o: 2.5 in<br \/>\t\t\t&#8211; Respuesta en frecuencia: 80 Hz ~ 18 KHz<br \/>\t\t\t&#8211; Sistema de sonido: 2.0<br \/>\t\t\t&#8211; THD &lt; 1%<br \/>\t\t\t<strong>Micr&oacute;fono<\/strong><br \/>\t\t\t&#8211; Tipo de micr&oacute;fono: Port&aacute;til<br \/>\t\t\t&#8211; Sensibilidad del micr&oacute;fono: -38 +- 3dB<br \/>\t\t\t&#8211; Rango de frecuencia: 100 Hz ~ 10 KHz<\/td>\n<\/tr>\n<tr>\n<td valign=\"top\"><strong>Conectividad<\/strong><\/td>\n<td>&#8211; Bluetooth:<br \/>\t\t\t&nbsp; Versi&oacute;n:&nbsp; 5.4<br \/>\t\t\t&nbsp; Clase:&nbsp; 2<br \/>\t\t\t&nbsp; Frecuencia de trabajo:&nbsp; 2.4 GHz<br \/>\t\t\t&nbsp; Perfiles:&nbsp; A2DP \/ AVRCP \/ HSP<br \/>\t\t\t&nbsp; Alcance:&nbsp; 20m<br \/>\t\t\t&nbsp; Codecs de audio soportados:&nbsp; SBC<br \/>\t\t\t&nbsp; Potencia m&aacute;xima de la se&ntilde;al:&nbsp; &lt; 20,00 dBm<\/td>\n<\/tr>\n<tr>\n<td valign=\"top\"><strong>Otras caracter&iacute;sticas<\/strong><\/td>\n<td>&#8211; Control de reproducci&oacute;n<br \/>\t\t\t&#8211; Control de volumen<br \/>\t\t\t&#8211; Iluminaci&oacute;n LED<br \/>\t\t\t&#8211; Indicador LED<br \/>\t\t\t&#8211; Compatibilidad:&nbsp; PC Windows \/ Smartphone \/ Tablet<br \/>\t\t\t&#8211; Control de reproducci&oacute;n<br \/>\t\t\t&#8211; Control de volumen<br \/>\t\t\t&#8211; Cert. IPXX: IPX4<br \/>\t\t\t&#8211; Resistente a salpicaduras<br \/>\t\t\t<strong>Reproductor memorias externas<\/strong><br \/>\t\t\t&#8211; Paso de carpeta<br \/>\t\t\t&#8211; Sistema de archivos compatibles: exFAT \/ FAT \/ FAT32<br \/>\t\t\t&#8211; Ext. Mem &#8211; compatible: micro SD \/ USB<br \/>\t\t\t&#8211; Ext. Mem &#8211; Capacidad: 128 GB<br \/>\t\t\t&#8211; Navegaci&oacute;n por carpeta<br \/>\t\t\t&#8211; Formatos audio compatibles: MP3 \/ WAV<br \/>\t\t\t<strong>Audio<\/strong><br \/>\t\t\t&#8211; Entradas audio anal&oacute;gicas:&nbsp; Jack de 3,5 mm<br \/>\t\t\t<strong>Reproductor memorias externas<br \/>\t\t\t&#8211; <\/strong>Reproductor memorias externas<br \/>\t\t\t&#8211; Paso de carpeta<br \/>\t\t\t&#8211; Sistema de archivos compatibles: FAT \/ FAT32<br \/>\t\t\t&#8211; Modo aleatorio<br \/>\t\t\t&#8211; Ext. Mem &#8211; compatible: micro SD \/ USB<br \/>\t\t\t&#8211; Ext. Mem &#8211; Capacidad: 64 GB<br \/>\t\t\t&#8211; Formatos audio compatibles: MP3 \/ WAV<br \/>\t\t\t<strong>Bater&iacute;a<\/strong><br \/>\t\t\t&#8211; Sistema de carga: USB tipo C<br \/>\t\t\t&#8211; Tipo: Li Ion<br \/>\t\t\t&#8211; Capacidad: 3600 mAh<br \/>\t\t\t&#8211; Voltaje: 3.7 V<br \/>\t\t\t&#8211; Autonon&iacute;a &#8211; Uso normal: 8 h<br \/>\t\t\t&#8211; Tiempo de carga: 3h<br \/>\t\t\t<strong>Alimentaci&oacute;n<\/strong><br \/>\t\t\t&#8211; Conectores:&nbsp; USB tipo C<br \/>\t\t\t&#8211; Longitud del cable:&nbsp; 120 cm<br \/>\t\t\t<strong>Dimensiones y peso<\/strong><br \/>\t\t\t&#8211; 230 x 150 x 150 mm<br \/>\t\t\t&#8211; 1920 g<\/td>\n<\/tr>\n<tr>\n<td valign=\"top\"><strong>Fecha de revisi&oacute;n<\/strong><\/td>\n<td>27-11-2024 por RTY<\/td>\n<\/tr>\n<\/table>\n","protected":false},"excerpt":{"rendered":"<p>Altavoz karaoke con 60W de potencia, IPX4 y hasta 8 horas de autonom&iacute;a. Luces LED y dos micr&oacute;fonos inal&aacute;mbricos para desafiar a tus amigos. Marca Energy Sistem Modelo 459339 Caracter&iacute;sticas Audio &#8211; Radiadores pasivos: 2 &#8211; Tipo: Din&aacute;mico &#8211; Impedancia: 4 &Omega; &#8211; Potencia: 60 W &#8211; Rango completo &#8211; Potencia:&nbsp; 30 W &#8211; Rango&hellip;&nbsp;<a href=\"https:\/\/aivlisoft.net\/shop\/producto\/energy-sistem-altavoz-karaokestar\/\" rel=\"bookmark\"><span class=\"screen-reader-text\">Energy Sistem Altavoz KaraokeStar<\/span><\/a><\/p>\n","protected":false},"featured_media":0,"template":"","meta":{"neve_meta_sidebar":"","neve_meta_container":"","neve_meta_enable_content_width":"","neve_meta_content_width":0,"neve_meta_title_alignment":"","neve_meta_author_avatar":"","neve_post_elements_order":"","neve_meta_disable_header":"","neve_meta_disable_footer":"","neve_meta_disable_title":""},"product_brand":[],"product_cat":[15,957,5818],"product_tag":[6197],"class_list":{"0":"post-16807","1":"product","2":"type-product","3":"status-publish","5":"product_cat-sin-categorizar","6":"product_cat-accesorios-imagen-y-sonido","7":"product_cat-audio","8":"product_tag-6197","10":"first","11":"instock","12":"taxable","13":"shipping-taxable","14":"purchasable","15":"product-type-simple"},"yoast_head":"<!-- This site is optimized with the Yoast SEO plugin v26.0 - https:\/\/yoast.com\/wordpress\/plugins\/seo\/ -->\n<title>Energy Sistem Altavoz KaraokeStar - Aivlisoft Inform\u00e1tica<\/title>\n<meta name=\"robots\" content=\"index, follow, max-snippet:-1, max-image-preview:large, max-video-preview:-1\" \/>\n<link rel=\"canonical\" href=\"https:\/\/aivlisoft.net\/shop\/producto\/energy-sistem-altavoz-karaokestar\/\" \/>\n<meta property=\"og:locale\" content=\"es_ES\" \/>\n<meta property=\"og:type\" content=\"article\" \/>\n<meta property=\"og:title\" content=\"Energy Sistem Altavoz KaraokeStar - Aivlisoft Inform\u00e1tica\" \/>\n<meta property=\"og:description\" content=\"Altavoz karaoke con 60W de potencia, IPX4 y hasta 8 horas de autonom&iacute;a. Luces LED y dos micr&oacute;fonos inal&aacute;mbricos para desafiar a tus amigos. Marca Energy Sistem Modelo 459339 Caracter&iacute;sticas Audio &#8211; Radiadores pasivos: 2 &#8211; Tipo: Din&aacute;mico &#8211; Impedancia: 4 &Omega; &#8211; Potencia: 60 W &#8211; Rango completo &#8211; Potencia:&nbsp; 30 W &#8211; Rango&hellip;&nbsp;Energy Sistem Altavoz KaraokeStar\" \/>\n<meta property=\"og:url\" content=\"https:\/\/aivlisoft.net\/shop\/producto\/energy-sistem-altavoz-karaokestar\/\" \/>\n<meta property=\"og:site_name\" content=\"Aivlisoft Inform\u00e1tica\" \/>\n<meta property=\"article:modified_time\" content=\"2025-01-14T20:48:28+00:00\" \/>\n<meta name=\"twitter:card\" content=\"summary_large_image\" \/>\n<meta name=\"twitter:label1\" content=\"Tiempo de lectura\" \/>\n\t<meta name=\"twitter:data1\" content=\"2 minutos\" \/>\n<script type=\"application\/ld+json\" class=\"yoast-schema-graph\">{\"@context\":\"https:\/\/schema.org\",\"@graph\":[{\"@type\":\"WebPage\",\"@id\":\"https:\/\/aivlisoft.net\/shop\/producto\/energy-sistem-altavoz-karaokestar\/\",\"url\":\"https:\/\/aivlisoft.net\/shop\/producto\/energy-sistem-altavoz-karaokestar\/\",\"name\":\"Energy Sistem Altavoz KaraokeStar - Aivlisoft Inform\u00e1tica\",\"isPartOf\":{\"@id\":\"https:\/\/aivlisoft.net\/shop\/#website\"},\"datePublished\":\"2025-01-13T15:05:51+00:00\",\"dateModified\":\"2025-01-14T20:48:28+00:00\",\"breadcrumb\":{\"@id\":\"https:\/\/aivlisoft.net\/shop\/producto\/energy-sistem-altavoz-karaokestar\/#breadcrumb\"},\"inLanguage\":\"es\",\"potentialAction\":[{\"@type\":\"ReadAction\",\"target\":[\"https:\/\/aivlisoft.net\/shop\/producto\/energy-sistem-altavoz-karaokestar\/\"]}]},{\"@type\":\"BreadcrumbList\",\"@id\":\"https:\/\/aivlisoft.net\/shop\/producto\/energy-sistem-altavoz-karaokestar\/#breadcrumb\",\"itemListElement\":[{\"@type\":\"ListItem\",\"position\":1,\"name\":\"Portada\",\"item\":\"https:\/\/aivlisoft.net\/shop\/\"},{\"@type\":\"ListItem\",\"position\":2,\"name\":\"Tienda\",\"item\":\"https:\/\/aivlisoft.net\/shop\/tienda\/\"},{\"@type\":\"ListItem\",\"position\":3,\"name\":\"Energy Sistem Altavoz KaraokeStar\"}]},{\"@type\":\"WebSite\",\"@id\":\"https:\/\/aivlisoft.net\/shop\/#website\",\"url\":\"https:\/\/aivlisoft.net\/shop\/\",\"name\":\"Aivlisoft Inform\u00e1tica\",\"description\":\"En Aivlisoft Inform\u00e1tica ofrecemos soluciones tecnol\u00f3gicas para empresas: venta de ordenadores, consumibles, perif\u00e9ricos y m\u00e1s. Calidad, atenci\u00f3n personalizada y los mejores precios para tu negocio.\",\"publisher\":{\"@id\":\"https:\/\/aivlisoft.net\/shop\/#organization\"},\"potentialAction\":[{\"@type\":\"SearchAction\",\"target\":{\"@type\":\"EntryPoint\",\"urlTemplate\":\"https:\/\/aivlisoft.net\/shop\/?s={search_term_string}\"},\"query-input\":{\"@type\":\"PropertyValueSpecification\",\"valueRequired\":true,\"valueName\":\"search_term_string\"}}],\"inLanguage\":\"es\"},{\"@type\":\"Organization\",\"@id\":\"https:\/\/aivlisoft.net\/shop\/#organization\",\"name\":\"Aivlisoft Inform\u00e1tica\",\"url\":\"https:\/\/aivlisoft.net\/shop\/\",\"logo\":{\"@type\":\"ImageObject\",\"inLanguage\":\"es\",\"@id\":\"https:\/\/aivlisoft.net\/shop\/#\/schema\/logo\/image\/\",\"url\":\"https:\/\/aivlisoft.net\/shop\/wp-content\/uploads\/2024\/12\/removal.ai_5b848c54-0cdf-4140-95c5-c5536bb7573b-logodef.png\",\"contentUrl\":\"https:\/\/aivlisoft.net\/shop\/wp-content\/uploads\/2024\/12\/removal.ai_5b848c54-0cdf-4140-95c5-c5536bb7573b-logodef.png\",\"width\":484,\"height\":182,\"caption\":\"Aivlisoft Inform\u00e1tica\"},\"image\":{\"@id\":\"https:\/\/aivlisoft.net\/shop\/#\/schema\/logo\/image\/\"}}]}<\/script>\n<!-- \/ Yoast SEO plugin. -->","yoast_head_json":{"title":"Energy Sistem Altavoz KaraokeStar - Aivlisoft Inform\u00e1tica","robots":{"index":"index","follow":"follow","max-snippet":"max-snippet:-1","max-image-preview":"max-image-preview:large","max-video-preview":"max-video-preview:-1"},"canonical":"https:\/\/aivlisoft.net\/shop\/producto\/energy-sistem-altavoz-karaokestar\/","og_locale":"es_ES","og_type":"article","og_title":"Energy Sistem Altavoz KaraokeStar - Aivlisoft Inform\u00e1tica","og_description":"Altavoz karaoke con 60W de potencia, IPX4 y hasta 8 horas de autonom&iacute;a. Luces LED y dos micr&oacute;fonos inal&aacute;mbricos para desafiar a tus amigos. Marca Energy Sistem Modelo 459339 Caracter&iacute;sticas Audio &#8211; Radiadores pasivos: 2 &#8211; Tipo: Din&aacute;mico &#8211; Impedancia: 4 &Omega; &#8211; Potencia: 60 W &#8211; Rango completo &#8211; Potencia:&nbsp; 30 W &#8211; Rango&hellip;&nbsp;Energy Sistem Altavoz KaraokeStar","og_url":"https:\/\/aivlisoft.net\/shop\/producto\/energy-sistem-altavoz-karaokestar\/","og_site_name":"Aivlisoft Inform\u00e1tica","article_modified_time":"2025-01-14T20:48:28+00:00","twitter_card":"summary_large_image","twitter_misc":{"Tiempo de lectura":"2 minutos"},"schema":{"@context":"https:\/\/schema.org","@graph":[{"@type":"WebPage","@id":"https:\/\/aivlisoft.net\/shop\/producto\/energy-sistem-altavoz-karaokestar\/","url":"https:\/\/aivlisoft.net\/shop\/producto\/energy-sistem-altavoz-karaokestar\/","name":"Energy Sistem Altavoz KaraokeStar - Aivlisoft Inform\u00e1tica","isPartOf":{"@id":"https:\/\/aivlisoft.net\/shop\/#website"},"datePublished":"2025-01-13T15:05:51+00:00","dateModified":"2025-01-14T20:48:28+00:00","breadcrumb":{"@id":"https:\/\/aivlisoft.net\/shop\/producto\/energy-sistem-altavoz-karaokestar\/#breadcrumb"},"inLanguage":"es","potentialAction":[{"@type":"ReadAction","target":["https:\/\/aivlisoft.net\/shop\/producto\/energy-sistem-altavoz-karaokestar\/"]}]},{"@type":"BreadcrumbList","@id":"https:\/\/aivlisoft.net\/shop\/producto\/energy-sistem-altavoz-karaokestar\/#breadcrumb","itemListElement":[{"@type":"ListItem","position":1,"name":"Portada","item":"https:\/\/aivlisoft.net\/shop\/"},{"@type":"ListItem","position":2,"name":"Tienda","item":"https:\/\/aivlisoft.net\/shop\/tienda\/"},{"@type":"ListItem","position":3,"name":"Energy Sistem Altavoz KaraokeStar"}]},{"@type":"WebSite","@id":"https:\/\/aivlisoft.net\/shop\/#website","url":"https:\/\/aivlisoft.net\/shop\/","name":"Aivlisoft Inform\u00e1tica","description":"En Aivlisoft Inform\u00e1tica ofrecemos soluciones tecnol\u00f3gicas para empresas: venta de ordenadores, consumibles, perif\u00e9ricos y m\u00e1s. Calidad, atenci\u00f3n personalizada y los mejores precios para tu negocio.","publisher":{"@id":"https:\/\/aivlisoft.net\/shop\/#organization"},"potentialAction":[{"@type":"SearchAction","target":{"@type":"EntryPoint","urlTemplate":"https:\/\/aivlisoft.net\/shop\/?s={search_term_string}"},"query-input":{"@type":"PropertyValueSpecification","valueRequired":true,"valueName":"search_term_string"}}],"inLanguage":"es"},{"@type":"Organization","@id":"https:\/\/aivlisoft.net\/shop\/#organization","name":"Aivlisoft Inform\u00e1tica","url":"https:\/\/aivlisoft.net\/shop\/","logo":{"@type":"ImageObject","inLanguage":"es","@id":"https:\/\/aivlisoft.net\/shop\/#\/schema\/logo\/image\/","url":"https:\/\/aivlisoft.net\/shop\/wp-content\/uploads\/2024\/12\/removal.ai_5b848c54-0cdf-4140-95c5-c5536bb7573b-logodef.png","contentUrl":"https:\/\/aivlisoft.net\/shop\/wp-content\/uploads\/2024\/12\/removal.ai_5b848c54-0cdf-4140-95c5-c5536bb7573b-logodef.png","width":484,"height":182,"caption":"Aivlisoft Inform\u00e1tica"},"image":{"@id":"https:\/\/aivlisoft.net\/shop\/#\/schema\/logo\/image\/"}}]}},"_links":{"self":[{"href":"https:\/\/aivlisoft.net\/shop\/wp-json\/wp\/v2\/product\/16807","targetHints":{"allow":["GET"]}}],"collection":[{"href":"https:\/\/aivlisoft.net\/shop\/wp-json\/wp\/v2\/product"}],"about":[{"href":"https:\/\/aivlisoft.net\/shop\/wp-json\/wp\/v2\/types\/product"}],"wp:attachment":[{"href":"https:\/\/aivlisoft.net\/shop\/wp-json\/wp\/v2\/media?parent=16807"}],"wp:term":[{"taxonomy":"product_brand","embeddable":true,"href":"https:\/\/aivlisoft.net\/shop\/wp-json\/wp\/v2\/product_brand?post=16807"},{"taxonomy":"product_cat","embeddable":true,"href":"https:\/\/aivlisoft.net\/shop\/wp-json\/wp\/v2\/product_cat?post=16807"},{"taxonomy":"product_tag","embeddable":true,"href":"https:\/\/aivlisoft.net\/shop\/wp-json\/wp\/v2\/product_tag?post=16807"}],"curies":[{"name":"wp","href":"https:\/\/api.w.org\/{rel}","templated":true}]}}