{"id":16733,"date":"2025-01-13T15:05:10","date_gmt":"2025-01-13T15:05:10","guid":{"rendered":"https:\/\/aivlisoft.com\/?post_type=product&#038;p=16733"},"modified":"2025-01-14T20:50:25","modified_gmt":"2025-01-14T20:50:25","slug":"denver-altavoz-bps-458","status":"publish","type":"product","link":"https:\/\/aivlisoft.net\/shop\/producto\/denver-altavoz-bps-458\/","title":{"rendered":"Denver Altavoz BPS-458"},"content":{"rendered":"<p><strong>Desata la fiesta con Denver BPS-458<\/strong><br \/>Mejore sus reuniones con el Denver BPS-458, que cuenta con luces LED din&aacute;micas y potentes woofers duales de 10&quot; para una experiencia de audio envolvente.<\/p>\n<p><strong>Sonido potente, en cualquier lugar<\/strong><br \/>Experimente una potencia m&aacute;xima atronadora de 1000 W (100 W RMS) y lleve la fiesta a cualquier lugar con una bater&iacute;a recargable incorporada que ofrece hasta 4 horas de reproducci&oacute;n.<\/p>\n<p><strong>Conectividad perfecta<\/strong><br \/>Transmita sus canciones favoritas sin esfuerzo con Bluetooth y disfrute de la reproducci&oacute;n directa de MP3 desde ranuras para tarjetas USB y MicroSD, todo controlado con un pr&aacute;ctico control remoto.<\/p>\n<p><strong>Comienza la fiesta al instante<\/strong><br \/>Sum&eacute;rgete en la diversi&oacute;n con el micr&oacute;fono inal&aacute;mbrico incluido y la funci&oacute;n TWS para sonido est&eacute;reo al emparejar dos unidades.<\/p>\n<p><strong>Construido para la comodidad<\/strong><br \/>Con su dise&ntilde;o port&aacute;til y su luz LED circular alrededor de los woofers, el Denver BPS-458 es su altavoz ideal para cualquier ocasi&oacute;n festiva.<\/p>\n<table class=\"tabla_caracteristicas k-table\" width=\"100%\">\n<tr>\n<td><strong>Marca<\/strong><\/td>\n<td>Denver<\/td>\n<\/tr>\n<tr>\n<td><strong>Modelo<\/strong><\/td>\n<td><strong>111151200150 <\/strong><\/td>\n<\/tr>\n<tr>\n<td><strong>Caracter&iacute;sticas<\/strong><\/td>\n<td>&#8211; Altavoz de fiesta Bluetooth con funci&oacute;n de luz LED<br \/>\t\t\t&#8211; Salida de potencia m&aacute;xima: 1000W (100W RMS)<br \/>\t\t\t&#8211; Con luz LED circular alrededor de los woofers<br \/>\t\t\t&#8211; Ranura para tarjeta USB y MicroSD para reproducci&oacute;n directa de MP3<br \/>\t\t\t&#8211; Entrada auxiliar<br \/>\t\t\t&#8211; Incluye 1 micr&oacute;fono inal&aacute;mbrico<br \/>\t\t\t&#8211; Funci&oacute;n TWS (Empareja dos unidades para sonido est&eacute;reo)<br \/>\t\t\t&#8211; Bater&iacute;a de litio incorporada (4500 mAh)<br \/>\t\t\t&#8211; 2-3 horas de reproducci&oacute;n con la luz encendida, 3-4 horas con la luz apagada (al 50% del volumen)<br \/>\t\t\t&#8211; Mando a distancia incluido<\/td>\n<\/tr>\n<tr>\n<td><strong>Fecha de revisi&oacute;n<\/strong><\/td>\n<td>25-09-2024 por A<\/td>\n<\/tr>\n<\/table>\n","protected":false},"excerpt":{"rendered":"<p>Desata la fiesta con Denver BPS-458Mejore sus reuniones con el Denver BPS-458, que cuenta con luces LED din&aacute;micas y potentes woofers duales de 10&quot; para una experiencia de audio envolvente. Sonido potente, en cualquier lugarExperimente una potencia m&aacute;xima atronadora de 1000 W (100 W RMS) y lleve la fiesta a cualquier lugar con una bater&iacute;a&hellip;&nbsp;<a href=\"https:\/\/aivlisoft.net\/shop\/producto\/denver-altavoz-bps-458\/\" rel=\"bookmark\"><span class=\"screen-reader-text\">Denver Altavoz BPS-458<\/span><\/a><\/p>\n","protected":false},"featured_media":16734,"template":"","meta":{"neve_meta_sidebar":"","neve_meta_container":"","neve_meta_enable_content_width":"","neve_meta_content_width":0,"neve_meta_title_alignment":"","neve_meta_author_avatar":"","neve_post_elements_order":"","neve_meta_disable_header":"","neve_meta_disable_footer":"","neve_meta_disable_title":""},"product_brand":[],"product_cat":[15,957,5818],"product_tag":[6177],"class_list":{"0":"post-16733","1":"product","2":"type-product","3":"status-publish","4":"has-post-thumbnail","6":"product_cat-sin-categorizar","7":"product_cat-accesorios-imagen-y-sonido","8":"product_cat-audio","9":"product_tag-6177","11":"first","12":"instock","13":"taxable","14":"shipping-taxable","15":"purchasable","16":"product-type-simple"},"yoast_head":"<!-- This site is optimized with the Yoast SEO plugin v26.0 - https:\/\/yoast.com\/wordpress\/plugins\/seo\/ -->\n<title>Denver Altavoz BPS-458 - Aivlisoft Inform\u00e1tica<\/title>\n<meta name=\"robots\" content=\"index, follow, max-snippet:-1, max-image-preview:large, max-video-preview:-1\" \/>\n<link rel=\"canonical\" href=\"https:\/\/aivlisoft.net\/shop\/producto\/denver-altavoz-bps-458\/\" \/>\n<meta property=\"og:locale\" content=\"es_ES\" \/>\n<meta property=\"og:type\" content=\"article\" \/>\n<meta property=\"og:title\" content=\"Denver Altavoz BPS-458 - Aivlisoft Inform\u00e1tica\" \/>\n<meta property=\"og:description\" content=\"Desata la fiesta con Denver BPS-458Mejore sus reuniones con el Denver BPS-458, que cuenta con luces LED din&aacute;micas y potentes woofers duales de 10&quot; para una experiencia de audio envolvente. Sonido potente, en cualquier lugarExperimente una potencia m&aacute;xima atronadora de 1000 W (100 W RMS) y lleve la fiesta a cualquier lugar con una bater&iacute;a&hellip;&nbsp;Denver Altavoz BPS-458\" \/>\n<meta property=\"og:url\" content=\"https:\/\/aivlisoft.net\/shop\/producto\/denver-altavoz-bps-458\/\" \/>\n<meta property=\"og:site_name\" content=\"Aivlisoft Inform\u00e1tica\" \/>\n<meta property=\"article:modified_time\" content=\"2025-01-14T20:50:25+00:00\" \/>\n<meta property=\"og:image\" content=\"https:\/\/aivlisoft.net\/shop\/wp-content\/uploads\/2025\/01\/MAUAPO0568_800.jpg\" \/>\n\t<meta property=\"og:image:width\" content=\"800\" \/>\n\t<meta property=\"og:image:height\" content=\"800\" \/>\n\t<meta property=\"og:image:type\" content=\"image\/jpeg\" \/>\n<meta name=\"twitter:card\" content=\"summary_large_image\" \/>\n<meta name=\"twitter:label1\" content=\"Tiempo de lectura\" \/>\n\t<meta name=\"twitter:data1\" content=\"1 minuto\" \/>\n<script type=\"application\/ld+json\" class=\"yoast-schema-graph\">{\"@context\":\"https:\/\/schema.org\",\"@graph\":[{\"@type\":\"WebPage\",\"@id\":\"https:\/\/aivlisoft.net\/shop\/producto\/denver-altavoz-bps-458\/\",\"url\":\"https:\/\/aivlisoft.net\/shop\/producto\/denver-altavoz-bps-458\/\",\"name\":\"Denver Altavoz BPS-458 - Aivlisoft Inform\u00e1tica\",\"isPartOf\":{\"@id\":\"https:\/\/aivlisoft.net\/shop\/#website\"},\"primaryImageOfPage\":{\"@id\":\"https:\/\/aivlisoft.net\/shop\/producto\/denver-altavoz-bps-458\/#primaryimage\"},\"image\":{\"@id\":\"https:\/\/aivlisoft.net\/shop\/producto\/denver-altavoz-bps-458\/#primaryimage\"},\"thumbnailUrl\":\"https:\/\/aivlisoft.net\/shop\/wp-content\/uploads\/2025\/01\/MAUAPO0568_800.jpg\",\"datePublished\":\"2025-01-13T15:05:10+00:00\",\"dateModified\":\"2025-01-14T20:50:25+00:00\",\"breadcrumb\":{\"@id\":\"https:\/\/aivlisoft.net\/shop\/producto\/denver-altavoz-bps-458\/#breadcrumb\"},\"inLanguage\":\"es\",\"potentialAction\":[{\"@type\":\"ReadAction\",\"target\":[\"https:\/\/aivlisoft.net\/shop\/producto\/denver-altavoz-bps-458\/\"]}]},{\"@type\":\"ImageObject\",\"inLanguage\":\"es\",\"@id\":\"https:\/\/aivlisoft.net\/shop\/producto\/denver-altavoz-bps-458\/#primaryimage\",\"url\":\"https:\/\/aivlisoft.net\/shop\/wp-content\/uploads\/2025\/01\/MAUAPO0568_800.jpg\",\"contentUrl\":\"https:\/\/aivlisoft.net\/shop\/wp-content\/uploads\/2025\/01\/MAUAPO0568_800.jpg\",\"width\":800,\"height\":800},{\"@type\":\"BreadcrumbList\",\"@id\":\"https:\/\/aivlisoft.net\/shop\/producto\/denver-altavoz-bps-458\/#breadcrumb\",\"itemListElement\":[{\"@type\":\"ListItem\",\"position\":1,\"name\":\"Portada\",\"item\":\"https:\/\/aivlisoft.net\/shop\/\"},{\"@type\":\"ListItem\",\"position\":2,\"name\":\"Tienda\",\"item\":\"https:\/\/aivlisoft.net\/shop\/tienda\/\"},{\"@type\":\"ListItem\",\"position\":3,\"name\":\"Denver Altavoz BPS-458\"}]},{\"@type\":\"WebSite\",\"@id\":\"https:\/\/aivlisoft.net\/shop\/#website\",\"url\":\"https:\/\/aivlisoft.net\/shop\/\",\"name\":\"Aivlisoft Inform\u00e1tica\",\"description\":\"En Aivlisoft Inform\u00e1tica ofrecemos soluciones tecnol\u00f3gicas para empresas: venta de ordenadores, consumibles, perif\u00e9ricos y m\u00e1s. Calidad, atenci\u00f3n personalizada y los mejores precios para tu negocio.\",\"publisher\":{\"@id\":\"https:\/\/aivlisoft.net\/shop\/#organization\"},\"potentialAction\":[{\"@type\":\"SearchAction\",\"target\":{\"@type\":\"EntryPoint\",\"urlTemplate\":\"https:\/\/aivlisoft.net\/shop\/?s={search_term_string}\"},\"query-input\":{\"@type\":\"PropertyValueSpecification\",\"valueRequired\":true,\"valueName\":\"search_term_string\"}}],\"inLanguage\":\"es\"},{\"@type\":\"Organization\",\"@id\":\"https:\/\/aivlisoft.net\/shop\/#organization\",\"name\":\"Aivlisoft Inform\u00e1tica\",\"url\":\"https:\/\/aivlisoft.net\/shop\/\",\"logo\":{\"@type\":\"ImageObject\",\"inLanguage\":\"es\",\"@id\":\"https:\/\/aivlisoft.net\/shop\/#\/schema\/logo\/image\/\",\"url\":\"https:\/\/aivlisoft.net\/shop\/wp-content\/uploads\/2024\/12\/removal.ai_5b848c54-0cdf-4140-95c5-c5536bb7573b-logodef.png\",\"contentUrl\":\"https:\/\/aivlisoft.net\/shop\/wp-content\/uploads\/2024\/12\/removal.ai_5b848c54-0cdf-4140-95c5-c5536bb7573b-logodef.png\",\"width\":484,\"height\":182,\"caption\":\"Aivlisoft Inform\u00e1tica\"},\"image\":{\"@id\":\"https:\/\/aivlisoft.net\/shop\/#\/schema\/logo\/image\/\"}}]}<\/script>\n<!-- \/ Yoast SEO plugin. -->","yoast_head_json":{"title":"Denver Altavoz BPS-458 - Aivlisoft Inform\u00e1tica","robots":{"index":"index","follow":"follow","max-snippet":"max-snippet:-1","max-image-preview":"max-image-preview:large","max-video-preview":"max-video-preview:-1"},"canonical":"https:\/\/aivlisoft.net\/shop\/producto\/denver-altavoz-bps-458\/","og_locale":"es_ES","og_type":"article","og_title":"Denver Altavoz BPS-458 - Aivlisoft Inform\u00e1tica","og_description":"Desata la fiesta con Denver BPS-458Mejore sus reuniones con el Denver BPS-458, que cuenta con luces LED din&aacute;micas y potentes woofers duales de 10&quot; para una experiencia de audio envolvente. Sonido potente, en cualquier lugarExperimente una potencia m&aacute;xima atronadora de 1000 W (100 W RMS) y lleve la fiesta a cualquier lugar con una bater&iacute;a&hellip;&nbsp;Denver Altavoz BPS-458","og_url":"https:\/\/aivlisoft.net\/shop\/producto\/denver-altavoz-bps-458\/","og_site_name":"Aivlisoft Inform\u00e1tica","article_modified_time":"2025-01-14T20:50:25+00:00","og_image":[{"width":800,"height":800,"url":"https:\/\/aivlisoft.net\/shop\/wp-content\/uploads\/2025\/01\/MAUAPO0568_800.jpg","type":"image\/jpeg"}],"twitter_card":"summary_large_image","twitter_misc":{"Tiempo de lectura":"1 minuto"},"schema":{"@context":"https:\/\/schema.org","@graph":[{"@type":"WebPage","@id":"https:\/\/aivlisoft.net\/shop\/producto\/denver-altavoz-bps-458\/","url":"https:\/\/aivlisoft.net\/shop\/producto\/denver-altavoz-bps-458\/","name":"Denver Altavoz BPS-458 - Aivlisoft Inform\u00e1tica","isPartOf":{"@id":"https:\/\/aivlisoft.net\/shop\/#website"},"primaryImageOfPage":{"@id":"https:\/\/aivlisoft.net\/shop\/producto\/denver-altavoz-bps-458\/#primaryimage"},"image":{"@id":"https:\/\/aivlisoft.net\/shop\/producto\/denver-altavoz-bps-458\/#primaryimage"},"thumbnailUrl":"https:\/\/aivlisoft.net\/shop\/wp-content\/uploads\/2025\/01\/MAUAPO0568_800.jpg","datePublished":"2025-01-13T15:05:10+00:00","dateModified":"2025-01-14T20:50:25+00:00","breadcrumb":{"@id":"https:\/\/aivlisoft.net\/shop\/producto\/denver-altavoz-bps-458\/#breadcrumb"},"inLanguage":"es","potentialAction":[{"@type":"ReadAction","target":["https:\/\/aivlisoft.net\/shop\/producto\/denver-altavoz-bps-458\/"]}]},{"@type":"ImageObject","inLanguage":"es","@id":"https:\/\/aivlisoft.net\/shop\/producto\/denver-altavoz-bps-458\/#primaryimage","url":"https:\/\/aivlisoft.net\/shop\/wp-content\/uploads\/2025\/01\/MAUAPO0568_800.jpg","contentUrl":"https:\/\/aivlisoft.net\/shop\/wp-content\/uploads\/2025\/01\/MAUAPO0568_800.jpg","width":800,"height":800},{"@type":"BreadcrumbList","@id":"https:\/\/aivlisoft.net\/shop\/producto\/denver-altavoz-bps-458\/#breadcrumb","itemListElement":[{"@type":"ListItem","position":1,"name":"Portada","item":"https:\/\/aivlisoft.net\/shop\/"},{"@type":"ListItem","position":2,"name":"Tienda","item":"https:\/\/aivlisoft.net\/shop\/tienda\/"},{"@type":"ListItem","position":3,"name":"Denver Altavoz BPS-458"}]},{"@type":"WebSite","@id":"https:\/\/aivlisoft.net\/shop\/#website","url":"https:\/\/aivlisoft.net\/shop\/","name":"Aivlisoft Inform\u00e1tica","description":"En Aivlisoft Inform\u00e1tica ofrecemos soluciones tecnol\u00f3gicas para empresas: venta de ordenadores, consumibles, perif\u00e9ricos y m\u00e1s. Calidad, atenci\u00f3n personalizada y los mejores precios para tu negocio.","publisher":{"@id":"https:\/\/aivlisoft.net\/shop\/#organization"},"potentialAction":[{"@type":"SearchAction","target":{"@type":"EntryPoint","urlTemplate":"https:\/\/aivlisoft.net\/shop\/?s={search_term_string}"},"query-input":{"@type":"PropertyValueSpecification","valueRequired":true,"valueName":"search_term_string"}}],"inLanguage":"es"},{"@type":"Organization","@id":"https:\/\/aivlisoft.net\/shop\/#organization","name":"Aivlisoft Inform\u00e1tica","url":"https:\/\/aivlisoft.net\/shop\/","logo":{"@type":"ImageObject","inLanguage":"es","@id":"https:\/\/aivlisoft.net\/shop\/#\/schema\/logo\/image\/","url":"https:\/\/aivlisoft.net\/shop\/wp-content\/uploads\/2024\/12\/removal.ai_5b848c54-0cdf-4140-95c5-c5536bb7573b-logodef.png","contentUrl":"https:\/\/aivlisoft.net\/shop\/wp-content\/uploads\/2024\/12\/removal.ai_5b848c54-0cdf-4140-95c5-c5536bb7573b-logodef.png","width":484,"height":182,"caption":"Aivlisoft Inform\u00e1tica"},"image":{"@id":"https:\/\/aivlisoft.net\/shop\/#\/schema\/logo\/image\/"}}]}},"_links":{"self":[{"href":"https:\/\/aivlisoft.net\/shop\/wp-json\/wp\/v2\/product\/16733","targetHints":{"allow":["GET"]}}],"collection":[{"href":"https:\/\/aivlisoft.net\/shop\/wp-json\/wp\/v2\/product"}],"about":[{"href":"https:\/\/aivlisoft.net\/shop\/wp-json\/wp\/v2\/types\/product"}],"wp:featuredmedia":[{"embeddable":true,"href":"https:\/\/aivlisoft.net\/shop\/wp-json\/wp\/v2\/media\/16734"}],"wp:attachment":[{"href":"https:\/\/aivlisoft.net\/shop\/wp-json\/wp\/v2\/media?parent=16733"}],"wp:term":[{"taxonomy":"product_brand","embeddable":true,"href":"https:\/\/aivlisoft.net\/shop\/wp-json\/wp\/v2\/product_brand?post=16733"},{"taxonomy":"product_cat","embeddable":true,"href":"https:\/\/aivlisoft.net\/shop\/wp-json\/wp\/v2\/product_cat?post=16733"},{"taxonomy":"product_tag","embeddable":true,"href":"https:\/\/aivlisoft.net\/shop\/wp-json\/wp\/v2\/product_tag?post=16733"}],"curies":[{"name":"wp","href":"https:\/\/api.w.org\/{rel}","templated":true}]}}