{"id":16729,"date":"2025-01-13T15:05:08","date_gmt":"2025-01-13T15:05:08","guid":{"rendered":"https:\/\/aivlisoft.com\/?post_type=product&#038;p=16729"},"modified":"2025-01-14T20:50:26","modified_gmt":"2025-01-14T20:50:26","slug":"celly-altavoz-trolley-partyspeakerbk-rgb","status":"publish","type":"product","link":"https:\/\/aivlisoft.net\/shop\/producto\/celly-altavoz-trolley-partyspeakerbk-rgb\/","title":{"rendered":"Celly Altavoz Trolley Partyspeakerbk Rgb"},"content":{"rendered":"<p><strong>&iexcl;Altavoz inal&aacute;mbrico con luces RGB y micr&oacute;fono con cable!<\/strong><\/p>\n<p>&#8211; El PARTYSPEAKER est&aacute; dise&ntilde;ado para ofrecer un audio n&iacute;tido que elevar&aacute; tu m&uacute;sica, pel&iacute;culas y experiencias de juego a nuevas alturas.<\/p>\n<p>&#8211; Con potentes altavoces, disfrutar&aacute;s de cada ritmo, nota y palabra con claridad y profundidad.<\/p>\n<p>&#8211; Las luces RGB integradas transformar&aacute;n cualquier espacio en un espect&aacute;culo de luces deslumbrante.<\/p>\n<p>&#8211; Ya sea una noche relajante en casa o una fiesta animada, el espect&aacute;culo de luces de este altavoz cautivar&aacute; y hipnotizar&aacute; a tu audiencia.<\/p>\n<p>&#8211; Perfecto para noches de karaoke, eventos de oratoria o sesiones improvisadas, el micr&oacute;fono garantiza que tu voz se escuche alto y claro. Su conexi&oacute;n por cable confiable elimina la molestia de las bater&iacute;as o las ca&iacute;das de se&ntilde;al.<\/p>\n<p>&#8211; Lleva el PARTYSPEAKER a donde sea que vayas a la fiesta, gracias a su conveniente asa incorporada.<\/p>\n<p>&#8211; Ya sea que vayas a la casa de un amigo o que organices una reuni&oacute;n al aire libre, el asa facilita el transporte.<\/p>\n<p>&#8211; Conecta tus dispositivos sin esfuerzo mediante Bluetooth, AUX o USB.<\/p>\n<p>&#8211; Vincula tu tel&eacute;fono inteligente, tableta o computadora port&aacute;til al altavoz de forma inal&aacute;mbrica para disfrutar de una experiencia de audio perfecta, o con&eacute;ctalo mediante los puertos AUX o USB para una conexi&oacute;n directa.<\/p>\n<p>&#8211; Compatible con diferentes modelos de tel&eacute;fonos inteligentes y tabletas: Apple, Samsung, Motorola, Xiaomi, OPPO, Huawei, TCL, Alcatel, Vivo, Realme.<\/p>\n<p>&nbsp;<\/p>\n<table class=\"tabla_caracteristicas\" width=\"100%\">\n<tr>\n<td><strong>Marca<\/strong><\/td>\n<td>Celly<\/td>\n<\/tr>\n<tr>\n<td><strong>Modelo<\/strong><\/td>\n<td><strong>PARTYSPEAKERBK <\/strong><\/td>\n<\/tr>\n<tr>\n<td><strong>Caracter&iacute;sticas<\/strong><\/td>\n<td>&#8211; Material: Pl&aacute;stico<br \/>\t\t\t&#8211; Color principal: <strong>Negro<\/strong><br \/>\t\t\t&#8211; Di&aacute;metro del altavoz: 51 mm<br \/>\t\t\t&#8211; N&uacute;mero de altavoces: 2<br \/>\t\t\t&#8211; Salida: 10 W<br \/>\t\t\t&#8211; Impedancia: 2 Ohm<br \/>\t\t\t&#8211; Sensibilidad: 0 db<br \/>\t\t\t&#8211; Respuesta de frecuencia: 2,41 Hz<br \/>\t\t\t&#8211; Micr&oacute;fono incluido<br \/>\t\t\t&#8211; Mando a distancia: Bot&oacute;n de respuesta con control de volumen<br \/>\t\t\t&#8211; Capacidad de la bater&iacute;a: 3000 mAh<br \/>\t\t\t&#8211; Peso de la celda: 100 gr<br \/>\t\t\t&#8211; Energ&iacute;a: 11,1 Wh<br \/>\t\t\t&#8211; Cantidad de celdas: 1<br \/>\t\t\t&#8211; Tipo: Li-Polymer<br \/>\t\t\t&#8211; Tipo de conector de entrada: MicroUSB<br \/>\t\t\t&#8211; Reproducci&oacute;n de m&uacute;sica: 1<br \/>\t\t\t&#8211; Tiempo de carga: 3,5 h<br \/>\t\t\t&#8211; Tecnolog&iacute;a: Inal&aacute;mbrica<br \/>\t\t\t&#8211; Alcance operativo: 10 m<br \/>\t\t\t&#8211; Altura: 40 cm<br \/>\t\t\t&#8211; Ancho: 15 cm<br \/>\t\t\t&#8211; Longitud: 10 cm<br \/>\t\t\t&#8211; Peso: 500 gr<\/td>\n<\/tr>\n<tr>\n<td><strong>Fecha de revisi&oacute;n<\/strong><\/td>\n<td>09-09-2024 por A<\/td>\n<\/tr>\n<\/table>\n","protected":false},"excerpt":{"rendered":"<p>&iexcl;Altavoz inal&aacute;mbrico con luces RGB y micr&oacute;fono con cable! &#8211; El PARTYSPEAKER est&aacute; dise&ntilde;ado para ofrecer un audio n&iacute;tido que elevar&aacute; tu m&uacute;sica, pel&iacute;culas y experiencias de juego a nuevas alturas. &#8211; Con potentes altavoces, disfrutar&aacute;s de cada ritmo, nota y palabra con claridad y profundidad. &#8211; Las luces RGB integradas transformar&aacute;n cualquier espacio en&hellip;&nbsp;<a href=\"https:\/\/aivlisoft.net\/shop\/producto\/celly-altavoz-trolley-partyspeakerbk-rgb\/\" rel=\"bookmark\"><span class=\"screen-reader-text\">Celly Altavoz Trolley Partyspeakerbk Rgb<\/span><\/a><\/p>\n","protected":false},"featured_media":16730,"template":"","meta":{"neve_meta_sidebar":"","neve_meta_container":"","neve_meta_enable_content_width":"","neve_meta_content_width":0,"neve_meta_title_alignment":"","neve_meta_author_avatar":"","neve_post_elements_order":"","neve_meta_disable_header":"","neve_meta_disable_footer":"","neve_meta_disable_title":""},"product_brand":[],"product_cat":[15,957,5818],"product_tag":[6176],"class_list":{"0":"post-16729","1":"product","2":"type-product","3":"status-publish","4":"has-post-thumbnail","6":"product_cat-sin-categorizar","7":"product_cat-accesorios-imagen-y-sonido","8":"product_cat-audio","9":"product_tag-partyspeakerbk","11":"first","12":"instock","13":"taxable","14":"shipping-taxable","15":"purchasable","16":"product-type-simple"},"yoast_head":"<!-- This site is optimized with the Yoast SEO plugin v26.0 - https:\/\/yoast.com\/wordpress\/plugins\/seo\/ -->\n<title>Celly Altavoz Trolley Partyspeakerbk Rgb - Aivlisoft Inform\u00e1tica<\/title>\n<meta name=\"robots\" content=\"index, follow, max-snippet:-1, max-image-preview:large, max-video-preview:-1\" \/>\n<link rel=\"canonical\" href=\"https:\/\/aivlisoft.net\/shop\/producto\/celly-altavoz-trolley-partyspeakerbk-rgb\/\" \/>\n<meta property=\"og:locale\" content=\"es_ES\" \/>\n<meta property=\"og:type\" content=\"article\" \/>\n<meta property=\"og:title\" content=\"Celly Altavoz Trolley Partyspeakerbk Rgb - Aivlisoft Inform\u00e1tica\" \/>\n<meta property=\"og:description\" content=\"&iexcl;Altavoz inal&aacute;mbrico con luces RGB y micr&oacute;fono con cable! &#8211; El PARTYSPEAKER est&aacute; dise&ntilde;ado para ofrecer un audio n&iacute;tido que elevar&aacute; tu m&uacute;sica, pel&iacute;culas y experiencias de juego a nuevas alturas. &#8211; Con potentes altavoces, disfrutar&aacute;s de cada ritmo, nota y palabra con claridad y profundidad. &#8211; Las luces RGB integradas transformar&aacute;n cualquier espacio en&hellip;&nbsp;Celly Altavoz Trolley Partyspeakerbk Rgb\" \/>\n<meta property=\"og:url\" content=\"https:\/\/aivlisoft.net\/shop\/producto\/celly-altavoz-trolley-partyspeakerbk-rgb\/\" \/>\n<meta property=\"og:site_name\" content=\"Aivlisoft Inform\u00e1tica\" \/>\n<meta property=\"article:modified_time\" content=\"2025-01-14T20:50:26+00:00\" \/>\n<meta property=\"og:image\" content=\"https:\/\/aivlisoft.net\/shop\/wp-content\/uploads\/2025\/01\/MAUAPO0567_800.jpg\" \/>\n\t<meta property=\"og:image:width\" content=\"800\" \/>\n\t<meta property=\"og:image:height\" content=\"800\" \/>\n\t<meta property=\"og:image:type\" content=\"image\/jpeg\" \/>\n<meta name=\"twitter:card\" content=\"summary_large_image\" \/>\n<meta name=\"twitter:label1\" content=\"Tiempo de lectura\" \/>\n\t<meta name=\"twitter:data1\" content=\"2 minutos\" \/>\n<script type=\"application\/ld+json\" class=\"yoast-schema-graph\">{\"@context\":\"https:\/\/schema.org\",\"@graph\":[{\"@type\":\"WebPage\",\"@id\":\"https:\/\/aivlisoft.net\/shop\/producto\/celly-altavoz-trolley-partyspeakerbk-rgb\/\",\"url\":\"https:\/\/aivlisoft.net\/shop\/producto\/celly-altavoz-trolley-partyspeakerbk-rgb\/\",\"name\":\"Celly Altavoz Trolley Partyspeakerbk Rgb - Aivlisoft Inform\u00e1tica\",\"isPartOf\":{\"@id\":\"https:\/\/aivlisoft.net\/shop\/#website\"},\"primaryImageOfPage\":{\"@id\":\"https:\/\/aivlisoft.net\/shop\/producto\/celly-altavoz-trolley-partyspeakerbk-rgb\/#primaryimage\"},\"image\":{\"@id\":\"https:\/\/aivlisoft.net\/shop\/producto\/celly-altavoz-trolley-partyspeakerbk-rgb\/#primaryimage\"},\"thumbnailUrl\":\"https:\/\/aivlisoft.net\/shop\/wp-content\/uploads\/2025\/01\/MAUAPO0567_800.jpg\",\"datePublished\":\"2025-01-13T15:05:08+00:00\",\"dateModified\":\"2025-01-14T20:50:26+00:00\",\"breadcrumb\":{\"@id\":\"https:\/\/aivlisoft.net\/shop\/producto\/celly-altavoz-trolley-partyspeakerbk-rgb\/#breadcrumb\"},\"inLanguage\":\"es\",\"potentialAction\":[{\"@type\":\"ReadAction\",\"target\":[\"https:\/\/aivlisoft.net\/shop\/producto\/celly-altavoz-trolley-partyspeakerbk-rgb\/\"]}]},{\"@type\":\"ImageObject\",\"inLanguage\":\"es\",\"@id\":\"https:\/\/aivlisoft.net\/shop\/producto\/celly-altavoz-trolley-partyspeakerbk-rgb\/#primaryimage\",\"url\":\"https:\/\/aivlisoft.net\/shop\/wp-content\/uploads\/2025\/01\/MAUAPO0567_800.jpg\",\"contentUrl\":\"https:\/\/aivlisoft.net\/shop\/wp-content\/uploads\/2025\/01\/MAUAPO0567_800.jpg\",\"width\":800,\"height\":800},{\"@type\":\"BreadcrumbList\",\"@id\":\"https:\/\/aivlisoft.net\/shop\/producto\/celly-altavoz-trolley-partyspeakerbk-rgb\/#breadcrumb\",\"itemListElement\":[{\"@type\":\"ListItem\",\"position\":1,\"name\":\"Portada\",\"item\":\"https:\/\/aivlisoft.net\/shop\/\"},{\"@type\":\"ListItem\",\"position\":2,\"name\":\"Tienda\",\"item\":\"https:\/\/aivlisoft.net\/shop\/tienda\/\"},{\"@type\":\"ListItem\",\"position\":3,\"name\":\"Celly Altavoz Trolley Partyspeakerbk Rgb\"}]},{\"@type\":\"WebSite\",\"@id\":\"https:\/\/aivlisoft.net\/shop\/#website\",\"url\":\"https:\/\/aivlisoft.net\/shop\/\",\"name\":\"Aivlisoft Inform\u00e1tica\",\"description\":\"En Aivlisoft Inform\u00e1tica ofrecemos soluciones tecnol\u00f3gicas para empresas: venta de ordenadores, consumibles, perif\u00e9ricos y m\u00e1s. Calidad, atenci\u00f3n personalizada y los mejores precios para tu negocio.\",\"publisher\":{\"@id\":\"https:\/\/aivlisoft.net\/shop\/#organization\"},\"potentialAction\":[{\"@type\":\"SearchAction\",\"target\":{\"@type\":\"EntryPoint\",\"urlTemplate\":\"https:\/\/aivlisoft.net\/shop\/?s={search_term_string}\"},\"query-input\":{\"@type\":\"PropertyValueSpecification\",\"valueRequired\":true,\"valueName\":\"search_term_string\"}}],\"inLanguage\":\"es\"},{\"@type\":\"Organization\",\"@id\":\"https:\/\/aivlisoft.net\/shop\/#organization\",\"name\":\"Aivlisoft Inform\u00e1tica\",\"url\":\"https:\/\/aivlisoft.net\/shop\/\",\"logo\":{\"@type\":\"ImageObject\",\"inLanguage\":\"es\",\"@id\":\"https:\/\/aivlisoft.net\/shop\/#\/schema\/logo\/image\/\",\"url\":\"https:\/\/aivlisoft.net\/shop\/wp-content\/uploads\/2024\/12\/removal.ai_5b848c54-0cdf-4140-95c5-c5536bb7573b-logodef.png\",\"contentUrl\":\"https:\/\/aivlisoft.net\/shop\/wp-content\/uploads\/2024\/12\/removal.ai_5b848c54-0cdf-4140-95c5-c5536bb7573b-logodef.png\",\"width\":484,\"height\":182,\"caption\":\"Aivlisoft Inform\u00e1tica\"},\"image\":{\"@id\":\"https:\/\/aivlisoft.net\/shop\/#\/schema\/logo\/image\/\"}}]}<\/script>\n<!-- \/ Yoast SEO plugin. -->","yoast_head_json":{"title":"Celly Altavoz Trolley Partyspeakerbk Rgb - Aivlisoft Inform\u00e1tica","robots":{"index":"index","follow":"follow","max-snippet":"max-snippet:-1","max-image-preview":"max-image-preview:large","max-video-preview":"max-video-preview:-1"},"canonical":"https:\/\/aivlisoft.net\/shop\/producto\/celly-altavoz-trolley-partyspeakerbk-rgb\/","og_locale":"es_ES","og_type":"article","og_title":"Celly Altavoz Trolley Partyspeakerbk Rgb - Aivlisoft Inform\u00e1tica","og_description":"&iexcl;Altavoz inal&aacute;mbrico con luces RGB y micr&oacute;fono con cable! &#8211; El PARTYSPEAKER est&aacute; dise&ntilde;ado para ofrecer un audio n&iacute;tido que elevar&aacute; tu m&uacute;sica, pel&iacute;culas y experiencias de juego a nuevas alturas. &#8211; Con potentes altavoces, disfrutar&aacute;s de cada ritmo, nota y palabra con claridad y profundidad. &#8211; Las luces RGB integradas transformar&aacute;n cualquier espacio en&hellip;&nbsp;Celly Altavoz Trolley Partyspeakerbk Rgb","og_url":"https:\/\/aivlisoft.net\/shop\/producto\/celly-altavoz-trolley-partyspeakerbk-rgb\/","og_site_name":"Aivlisoft Inform\u00e1tica","article_modified_time":"2025-01-14T20:50:26+00:00","og_image":[{"width":800,"height":800,"url":"https:\/\/aivlisoft.net\/shop\/wp-content\/uploads\/2025\/01\/MAUAPO0567_800.jpg","type":"image\/jpeg"}],"twitter_card":"summary_large_image","twitter_misc":{"Tiempo de lectura":"2 minutos"},"schema":{"@context":"https:\/\/schema.org","@graph":[{"@type":"WebPage","@id":"https:\/\/aivlisoft.net\/shop\/producto\/celly-altavoz-trolley-partyspeakerbk-rgb\/","url":"https:\/\/aivlisoft.net\/shop\/producto\/celly-altavoz-trolley-partyspeakerbk-rgb\/","name":"Celly Altavoz Trolley Partyspeakerbk Rgb - Aivlisoft Inform\u00e1tica","isPartOf":{"@id":"https:\/\/aivlisoft.net\/shop\/#website"},"primaryImageOfPage":{"@id":"https:\/\/aivlisoft.net\/shop\/producto\/celly-altavoz-trolley-partyspeakerbk-rgb\/#primaryimage"},"image":{"@id":"https:\/\/aivlisoft.net\/shop\/producto\/celly-altavoz-trolley-partyspeakerbk-rgb\/#primaryimage"},"thumbnailUrl":"https:\/\/aivlisoft.net\/shop\/wp-content\/uploads\/2025\/01\/MAUAPO0567_800.jpg","datePublished":"2025-01-13T15:05:08+00:00","dateModified":"2025-01-14T20:50:26+00:00","breadcrumb":{"@id":"https:\/\/aivlisoft.net\/shop\/producto\/celly-altavoz-trolley-partyspeakerbk-rgb\/#breadcrumb"},"inLanguage":"es","potentialAction":[{"@type":"ReadAction","target":["https:\/\/aivlisoft.net\/shop\/producto\/celly-altavoz-trolley-partyspeakerbk-rgb\/"]}]},{"@type":"ImageObject","inLanguage":"es","@id":"https:\/\/aivlisoft.net\/shop\/producto\/celly-altavoz-trolley-partyspeakerbk-rgb\/#primaryimage","url":"https:\/\/aivlisoft.net\/shop\/wp-content\/uploads\/2025\/01\/MAUAPO0567_800.jpg","contentUrl":"https:\/\/aivlisoft.net\/shop\/wp-content\/uploads\/2025\/01\/MAUAPO0567_800.jpg","width":800,"height":800},{"@type":"BreadcrumbList","@id":"https:\/\/aivlisoft.net\/shop\/producto\/celly-altavoz-trolley-partyspeakerbk-rgb\/#breadcrumb","itemListElement":[{"@type":"ListItem","position":1,"name":"Portada","item":"https:\/\/aivlisoft.net\/shop\/"},{"@type":"ListItem","position":2,"name":"Tienda","item":"https:\/\/aivlisoft.net\/shop\/tienda\/"},{"@type":"ListItem","position":3,"name":"Celly Altavoz Trolley Partyspeakerbk Rgb"}]},{"@type":"WebSite","@id":"https:\/\/aivlisoft.net\/shop\/#website","url":"https:\/\/aivlisoft.net\/shop\/","name":"Aivlisoft Inform\u00e1tica","description":"En Aivlisoft Inform\u00e1tica ofrecemos soluciones tecnol\u00f3gicas para empresas: venta de ordenadores, consumibles, perif\u00e9ricos y m\u00e1s. Calidad, atenci\u00f3n personalizada y los mejores precios para tu negocio.","publisher":{"@id":"https:\/\/aivlisoft.net\/shop\/#organization"},"potentialAction":[{"@type":"SearchAction","target":{"@type":"EntryPoint","urlTemplate":"https:\/\/aivlisoft.net\/shop\/?s={search_term_string}"},"query-input":{"@type":"PropertyValueSpecification","valueRequired":true,"valueName":"search_term_string"}}],"inLanguage":"es"},{"@type":"Organization","@id":"https:\/\/aivlisoft.net\/shop\/#organization","name":"Aivlisoft Inform\u00e1tica","url":"https:\/\/aivlisoft.net\/shop\/","logo":{"@type":"ImageObject","inLanguage":"es","@id":"https:\/\/aivlisoft.net\/shop\/#\/schema\/logo\/image\/","url":"https:\/\/aivlisoft.net\/shop\/wp-content\/uploads\/2024\/12\/removal.ai_5b848c54-0cdf-4140-95c5-c5536bb7573b-logodef.png","contentUrl":"https:\/\/aivlisoft.net\/shop\/wp-content\/uploads\/2024\/12\/removal.ai_5b848c54-0cdf-4140-95c5-c5536bb7573b-logodef.png","width":484,"height":182,"caption":"Aivlisoft Inform\u00e1tica"},"image":{"@id":"https:\/\/aivlisoft.net\/shop\/#\/schema\/logo\/image\/"}}]}},"_links":{"self":[{"href":"https:\/\/aivlisoft.net\/shop\/wp-json\/wp\/v2\/product\/16729","targetHints":{"allow":["GET"]}}],"collection":[{"href":"https:\/\/aivlisoft.net\/shop\/wp-json\/wp\/v2\/product"}],"about":[{"href":"https:\/\/aivlisoft.net\/shop\/wp-json\/wp\/v2\/types\/product"}],"wp:featuredmedia":[{"embeddable":true,"href":"https:\/\/aivlisoft.net\/shop\/wp-json\/wp\/v2\/media\/16730"}],"wp:attachment":[{"href":"https:\/\/aivlisoft.net\/shop\/wp-json\/wp\/v2\/media?parent=16729"}],"wp:term":[{"taxonomy":"product_brand","embeddable":true,"href":"https:\/\/aivlisoft.net\/shop\/wp-json\/wp\/v2\/product_brand?post=16729"},{"taxonomy":"product_cat","embeddable":true,"href":"https:\/\/aivlisoft.net\/shop\/wp-json\/wp\/v2\/product_cat?post=16729"},{"taxonomy":"product_tag","embeddable":true,"href":"https:\/\/aivlisoft.net\/shop\/wp-json\/wp\/v2\/product_tag?post=16729"}],"curies":[{"name":"wp","href":"https:\/\/api.w.org\/{rel}","templated":true}]}}