{"id":16724,"date":"2025-01-13T15:05:06","date_gmt":"2025-01-13T15:05:06","guid":{"rendered":"https:\/\/aivlisoft.com\/?post_type=product&#038;p=16724"},"modified":"2025-01-14T20:50:27","modified_gmt":"2025-01-14T20:50:27","slug":"celly-altavoz-kidspartyrgb-rgb-microfono","status":"publish","type":"product","link":"https:\/\/aivlisoft.net\/shop\/producto\/celly-altavoz-kidspartyrgb-rgb-microfono\/","title":{"rendered":"Celly Altavoz KIDSPARTYRGB  RGB + MICROFONO"},"content":{"rendered":"<p><strong>&iexcl;El altavoz inal&aacute;mbrico para ni&ntilde;os y adultos con micr&oacute;fono integrado!<\/strong><\/p>\n<p><strong>Gran sonido<\/strong><br \/>Nuestro altavoz inal&aacute;mbrico ofrece un sonido n&iacute;tido e inmersivo a 10 vatios, perfecto para escuchar historias, canciones favoritas o divertirse con el karaoke (se activa f&aacute;cilmente desde el altavoz).<\/p>\n<p><strong>Micr&oacute;fono incluido en el paquete<\/strong><br \/>El micr&oacute;fono de alta calidad tambi&eacute;n permite a los ni&ntilde;os cantar, contar historias u organizar actuaciones improvisadas, fomentando su expresi&oacute;n vocal y creatividad.<\/p>\n<p><strong>F&aacute;cil de usar<\/strong><br \/>El dise&ntilde;o intuitivo es adecuado para ni&ntilde;os de todas las edades. Solo enci&eacute;ndelo, con&eacute;ctalo a tu dispositivo favorito a trav&eacute;s de la capacidad inal&aacute;mbrica de cada dispositivo y comienza a jugar.<\/p>\n<p><strong>Robusto y seguro<\/strong><br \/>Construido con materiales de calidad, nuestro altavoz est&aacute; dise&ntilde;ado para soportar ca&iacute;das accidentales y soportar el juego de los ni&ntilde;os. Tambi&eacute;n cumple con los est&aacute;ndares de seguridad para la tranquilidad de los padres.<\/p>\n<p><strong>Bater&iacute;a de larga duraci&oacute;n<\/strong><br \/>La bater&iacute;a incorporada garantiza horas de entretenimiento continuo, ideal para viajes largos en autom&oacute;vil, fiestas en el jard&iacute;n o actividades en interiores.<\/p>\n<p><strong>Colorido<\/strong><br \/>El dise&ntilde;o colorido y llamativo de nuestro altavoz har&aacute; brillar los ojos de tus peque&ntilde;os, haci&eacute;ndolos sumergirse y disfrutar de la m&uacute;sica.<\/p>\n<p>&nbsp;<\/p>\n<table class=\"tabla_caracteristicas\" width=\"100%\">\n<tr>\n<td><strong>Marca<\/strong><\/td>\n<td>Celly<\/td>\n<\/tr>\n<tr>\n<td><strong>Modelo<\/strong><\/td>\n<td><strong>KIDSPARTYRGB <\/strong><\/td>\n<\/tr>\n<tr>\n<td><strong>Caracter&iacute;sticas<\/strong><\/td>\n<td>&#8211; Material: Pl&aacute;stico<br \/>\t\t\t&#8211; Color principal: <strong>Negro<\/strong><br \/>\t\t\t&#8211; Di&aacute;metro del altavoz: 51 mm<br \/>\t\t\t&#8211; N&uacute;mero de altavoces: 2<br \/>\t\t\t&#8211; Salida: 10 W<br \/>\t\t\t&#8211; Impedancia: 2 Ohm<br \/>\t\t\t&#8211; Sensibilidad: 0 db<br \/>\t\t\t&#8211; Respuesta de frecuencia: 2,41 Hz<br \/>\t\t\t&#8211; Micr&oacute;fono incluido<br \/>\t\t\t&#8211; Mando a distancia: Bot&oacute;n de respuesta con control de volumen<br \/>\t\t\t&#8211; Capacidad de la bater&iacute;a: 3000 mAh<br \/>\t\t\t&#8211; Peso de la celda: 100 gr<br \/>\t\t\t&#8211; Energ&iacute;a: 11,1 Wh<br \/>\t\t\t&#8211; Cantidad de celdas: 1<br \/>\t\t\t&#8211; Tipo: Li-Polymer<br \/>\t\t\t&#8211; Tipo de conector de entrada: MicroUSB<br \/>\t\t\t&#8211; Reproducci&oacute;n de m&uacute;sica: 1<br \/>\t\t\t&#8211; Tiempo de carga: 3,5 h<br \/>\t\t\t&#8211; Tecnolog&iacute;a: Inal&aacute;mbrica<br \/>\t\t\t&#8211; Alcance operativo: 10 m<br \/>\t\t\t&#8211; Altura: 40 cm<br \/>\t\t\t&#8211; Ancho: 15 cm<br \/>\t\t\t&#8211; Longitud: 10 cm<br \/>\t\t\t&#8211; Peso: 500 gr<\/td>\n<\/tr>\n<tr>\n<td><strong>Fecha de revisi&oacute;n<\/strong><\/td>\n<td>09-09-2024 por A<\/td>\n<\/tr>\n<\/table>\n","protected":false},"excerpt":{"rendered":"<p>&iexcl;El altavoz inal&aacute;mbrico para ni&ntilde;os y adultos con micr&oacute;fono integrado! Gran sonidoNuestro altavoz inal&aacute;mbrico ofrece un sonido n&iacute;tido e inmersivo a 10 vatios, perfecto para escuchar historias, canciones favoritas o divertirse con el karaoke (se activa f&aacute;cilmente desde el altavoz). Micr&oacute;fono incluido en el paqueteEl micr&oacute;fono de alta calidad tambi&eacute;n permite a los ni&ntilde;os cantar,&hellip;&nbsp;<a href=\"https:\/\/aivlisoft.net\/shop\/producto\/celly-altavoz-kidspartyrgb-rgb-microfono\/\" rel=\"bookmark\"><span class=\"screen-reader-text\">Celly Altavoz KIDSPARTYRGB  RGB + MICROFONO<\/span><\/a><\/p>\n","protected":false},"featured_media":16725,"template":"","meta":{"neve_meta_sidebar":"","neve_meta_container":"","neve_meta_enable_content_width":"","neve_meta_content_width":0,"neve_meta_title_alignment":"","neve_meta_author_avatar":"","neve_post_elements_order":"","neve_meta_disable_header":"","neve_meta_disable_footer":"","neve_meta_disable_title":""},"product_brand":[],"product_cat":[15,957,5818],"product_tag":[6175],"class_list":{"0":"post-16724","1":"product","2":"type-product","3":"status-publish","4":"has-post-thumbnail","6":"product_cat-sin-categorizar","7":"product_cat-accesorios-imagen-y-sonido","8":"product_cat-audio","9":"product_tag-kidspartyrgb","11":"first","12":"instock","13":"taxable","14":"shipping-taxable","15":"purchasable","16":"product-type-simple"},"yoast_head":"<!-- This site is optimized with the Yoast SEO plugin v26.0 - https:\/\/yoast.com\/wordpress\/plugins\/seo\/ -->\n<title>Celly Altavoz KIDSPARTYRGB RGB + MICROFONO - Aivlisoft Inform\u00e1tica<\/title>\n<meta name=\"robots\" content=\"index, follow, max-snippet:-1, max-image-preview:large, max-video-preview:-1\" \/>\n<link rel=\"canonical\" href=\"https:\/\/aivlisoft.net\/shop\/producto\/celly-altavoz-kidspartyrgb-rgb-microfono\/\" \/>\n<meta property=\"og:locale\" content=\"es_ES\" \/>\n<meta property=\"og:type\" content=\"article\" \/>\n<meta property=\"og:title\" content=\"Celly Altavoz KIDSPARTYRGB RGB + MICROFONO - Aivlisoft Inform\u00e1tica\" \/>\n<meta property=\"og:description\" content=\"&iexcl;El altavoz inal&aacute;mbrico para ni&ntilde;os y adultos con micr&oacute;fono integrado! Gran sonidoNuestro altavoz inal&aacute;mbrico ofrece un sonido n&iacute;tido e inmersivo a 10 vatios, perfecto para escuchar historias, canciones favoritas o divertirse con el karaoke (se activa f&aacute;cilmente desde el altavoz). Micr&oacute;fono incluido en el paqueteEl micr&oacute;fono de alta calidad tambi&eacute;n permite a los ni&ntilde;os cantar,&hellip;&nbsp;Celly Altavoz KIDSPARTYRGB RGB + MICROFONO\" \/>\n<meta property=\"og:url\" content=\"https:\/\/aivlisoft.net\/shop\/producto\/celly-altavoz-kidspartyrgb-rgb-microfono\/\" \/>\n<meta property=\"og:site_name\" content=\"Aivlisoft Inform\u00e1tica\" \/>\n<meta property=\"article:modified_time\" content=\"2025-01-14T20:50:27+00:00\" \/>\n<meta property=\"og:image\" content=\"https:\/\/aivlisoft.net\/shop\/wp-content\/uploads\/2025\/01\/MAUAPO0566_800.jpg\" \/>\n\t<meta property=\"og:image:width\" content=\"800\" \/>\n\t<meta property=\"og:image:height\" content=\"800\" \/>\n\t<meta property=\"og:image:type\" content=\"image\/jpeg\" \/>\n<meta name=\"twitter:card\" content=\"summary_large_image\" \/>\n<meta name=\"twitter:label1\" content=\"Tiempo de lectura\" \/>\n\t<meta name=\"twitter:data1\" content=\"2 minutos\" \/>\n<script type=\"application\/ld+json\" class=\"yoast-schema-graph\">{\"@context\":\"https:\/\/schema.org\",\"@graph\":[{\"@type\":\"WebPage\",\"@id\":\"https:\/\/aivlisoft.net\/shop\/producto\/celly-altavoz-kidspartyrgb-rgb-microfono\/\",\"url\":\"https:\/\/aivlisoft.net\/shop\/producto\/celly-altavoz-kidspartyrgb-rgb-microfono\/\",\"name\":\"Celly Altavoz KIDSPARTYRGB RGB + MICROFONO - Aivlisoft Inform\u00e1tica\",\"isPartOf\":{\"@id\":\"https:\/\/aivlisoft.net\/shop\/#website\"},\"primaryImageOfPage\":{\"@id\":\"https:\/\/aivlisoft.net\/shop\/producto\/celly-altavoz-kidspartyrgb-rgb-microfono\/#primaryimage\"},\"image\":{\"@id\":\"https:\/\/aivlisoft.net\/shop\/producto\/celly-altavoz-kidspartyrgb-rgb-microfono\/#primaryimage\"},\"thumbnailUrl\":\"https:\/\/aivlisoft.net\/shop\/wp-content\/uploads\/2025\/01\/MAUAPO0566_800.jpg\",\"datePublished\":\"2025-01-13T15:05:06+00:00\",\"dateModified\":\"2025-01-14T20:50:27+00:00\",\"breadcrumb\":{\"@id\":\"https:\/\/aivlisoft.net\/shop\/producto\/celly-altavoz-kidspartyrgb-rgb-microfono\/#breadcrumb\"},\"inLanguage\":\"es\",\"potentialAction\":[{\"@type\":\"ReadAction\",\"target\":[\"https:\/\/aivlisoft.net\/shop\/producto\/celly-altavoz-kidspartyrgb-rgb-microfono\/\"]}]},{\"@type\":\"ImageObject\",\"inLanguage\":\"es\",\"@id\":\"https:\/\/aivlisoft.net\/shop\/producto\/celly-altavoz-kidspartyrgb-rgb-microfono\/#primaryimage\",\"url\":\"https:\/\/aivlisoft.net\/shop\/wp-content\/uploads\/2025\/01\/MAUAPO0566_800.jpg\",\"contentUrl\":\"https:\/\/aivlisoft.net\/shop\/wp-content\/uploads\/2025\/01\/MAUAPO0566_800.jpg\",\"width\":800,\"height\":800},{\"@type\":\"BreadcrumbList\",\"@id\":\"https:\/\/aivlisoft.net\/shop\/producto\/celly-altavoz-kidspartyrgb-rgb-microfono\/#breadcrumb\",\"itemListElement\":[{\"@type\":\"ListItem\",\"position\":1,\"name\":\"Portada\",\"item\":\"https:\/\/aivlisoft.net\/shop\/\"},{\"@type\":\"ListItem\",\"position\":2,\"name\":\"Tienda\",\"item\":\"https:\/\/aivlisoft.net\/shop\/tienda\/\"},{\"@type\":\"ListItem\",\"position\":3,\"name\":\"Celly Altavoz KIDSPARTYRGB RGB + MICROFONO\"}]},{\"@type\":\"WebSite\",\"@id\":\"https:\/\/aivlisoft.net\/shop\/#website\",\"url\":\"https:\/\/aivlisoft.net\/shop\/\",\"name\":\"Aivlisoft Inform\u00e1tica\",\"description\":\"En Aivlisoft Inform\u00e1tica ofrecemos soluciones tecnol\u00f3gicas para empresas: venta de ordenadores, consumibles, perif\u00e9ricos y m\u00e1s. Calidad, atenci\u00f3n personalizada y los mejores precios para tu negocio.\",\"publisher\":{\"@id\":\"https:\/\/aivlisoft.net\/shop\/#organization\"},\"potentialAction\":[{\"@type\":\"SearchAction\",\"target\":{\"@type\":\"EntryPoint\",\"urlTemplate\":\"https:\/\/aivlisoft.net\/shop\/?s={search_term_string}\"},\"query-input\":{\"@type\":\"PropertyValueSpecification\",\"valueRequired\":true,\"valueName\":\"search_term_string\"}}],\"inLanguage\":\"es\"},{\"@type\":\"Organization\",\"@id\":\"https:\/\/aivlisoft.net\/shop\/#organization\",\"name\":\"Aivlisoft Inform\u00e1tica\",\"url\":\"https:\/\/aivlisoft.net\/shop\/\",\"logo\":{\"@type\":\"ImageObject\",\"inLanguage\":\"es\",\"@id\":\"https:\/\/aivlisoft.net\/shop\/#\/schema\/logo\/image\/\",\"url\":\"https:\/\/aivlisoft.net\/shop\/wp-content\/uploads\/2024\/12\/removal.ai_5b848c54-0cdf-4140-95c5-c5536bb7573b-logodef.png\",\"contentUrl\":\"https:\/\/aivlisoft.net\/shop\/wp-content\/uploads\/2024\/12\/removal.ai_5b848c54-0cdf-4140-95c5-c5536bb7573b-logodef.png\",\"width\":484,\"height\":182,\"caption\":\"Aivlisoft Inform\u00e1tica\"},\"image\":{\"@id\":\"https:\/\/aivlisoft.net\/shop\/#\/schema\/logo\/image\/\"}}]}<\/script>\n<!-- \/ Yoast SEO plugin. -->","yoast_head_json":{"title":"Celly Altavoz KIDSPARTYRGB RGB + MICROFONO - Aivlisoft Inform\u00e1tica","robots":{"index":"index","follow":"follow","max-snippet":"max-snippet:-1","max-image-preview":"max-image-preview:large","max-video-preview":"max-video-preview:-1"},"canonical":"https:\/\/aivlisoft.net\/shop\/producto\/celly-altavoz-kidspartyrgb-rgb-microfono\/","og_locale":"es_ES","og_type":"article","og_title":"Celly Altavoz KIDSPARTYRGB RGB + MICROFONO - Aivlisoft Inform\u00e1tica","og_description":"&iexcl;El altavoz inal&aacute;mbrico para ni&ntilde;os y adultos con micr&oacute;fono integrado! Gran sonidoNuestro altavoz inal&aacute;mbrico ofrece un sonido n&iacute;tido e inmersivo a 10 vatios, perfecto para escuchar historias, canciones favoritas o divertirse con el karaoke (se activa f&aacute;cilmente desde el altavoz). Micr&oacute;fono incluido en el paqueteEl micr&oacute;fono de alta calidad tambi&eacute;n permite a los ni&ntilde;os cantar,&hellip;&nbsp;Celly Altavoz KIDSPARTYRGB RGB + MICROFONO","og_url":"https:\/\/aivlisoft.net\/shop\/producto\/celly-altavoz-kidspartyrgb-rgb-microfono\/","og_site_name":"Aivlisoft Inform\u00e1tica","article_modified_time":"2025-01-14T20:50:27+00:00","og_image":[{"width":800,"height":800,"url":"https:\/\/aivlisoft.net\/shop\/wp-content\/uploads\/2025\/01\/MAUAPO0566_800.jpg","type":"image\/jpeg"}],"twitter_card":"summary_large_image","twitter_misc":{"Tiempo de lectura":"2 minutos"},"schema":{"@context":"https:\/\/schema.org","@graph":[{"@type":"WebPage","@id":"https:\/\/aivlisoft.net\/shop\/producto\/celly-altavoz-kidspartyrgb-rgb-microfono\/","url":"https:\/\/aivlisoft.net\/shop\/producto\/celly-altavoz-kidspartyrgb-rgb-microfono\/","name":"Celly Altavoz KIDSPARTYRGB RGB + MICROFONO - Aivlisoft Inform\u00e1tica","isPartOf":{"@id":"https:\/\/aivlisoft.net\/shop\/#website"},"primaryImageOfPage":{"@id":"https:\/\/aivlisoft.net\/shop\/producto\/celly-altavoz-kidspartyrgb-rgb-microfono\/#primaryimage"},"image":{"@id":"https:\/\/aivlisoft.net\/shop\/producto\/celly-altavoz-kidspartyrgb-rgb-microfono\/#primaryimage"},"thumbnailUrl":"https:\/\/aivlisoft.net\/shop\/wp-content\/uploads\/2025\/01\/MAUAPO0566_800.jpg","datePublished":"2025-01-13T15:05:06+00:00","dateModified":"2025-01-14T20:50:27+00:00","breadcrumb":{"@id":"https:\/\/aivlisoft.net\/shop\/producto\/celly-altavoz-kidspartyrgb-rgb-microfono\/#breadcrumb"},"inLanguage":"es","potentialAction":[{"@type":"ReadAction","target":["https:\/\/aivlisoft.net\/shop\/producto\/celly-altavoz-kidspartyrgb-rgb-microfono\/"]}]},{"@type":"ImageObject","inLanguage":"es","@id":"https:\/\/aivlisoft.net\/shop\/producto\/celly-altavoz-kidspartyrgb-rgb-microfono\/#primaryimage","url":"https:\/\/aivlisoft.net\/shop\/wp-content\/uploads\/2025\/01\/MAUAPO0566_800.jpg","contentUrl":"https:\/\/aivlisoft.net\/shop\/wp-content\/uploads\/2025\/01\/MAUAPO0566_800.jpg","width":800,"height":800},{"@type":"BreadcrumbList","@id":"https:\/\/aivlisoft.net\/shop\/producto\/celly-altavoz-kidspartyrgb-rgb-microfono\/#breadcrumb","itemListElement":[{"@type":"ListItem","position":1,"name":"Portada","item":"https:\/\/aivlisoft.net\/shop\/"},{"@type":"ListItem","position":2,"name":"Tienda","item":"https:\/\/aivlisoft.net\/shop\/tienda\/"},{"@type":"ListItem","position":3,"name":"Celly Altavoz KIDSPARTYRGB RGB + MICROFONO"}]},{"@type":"WebSite","@id":"https:\/\/aivlisoft.net\/shop\/#website","url":"https:\/\/aivlisoft.net\/shop\/","name":"Aivlisoft Inform\u00e1tica","description":"En Aivlisoft Inform\u00e1tica ofrecemos soluciones tecnol\u00f3gicas para empresas: venta de ordenadores, consumibles, perif\u00e9ricos y m\u00e1s. Calidad, atenci\u00f3n personalizada y los mejores precios para tu negocio.","publisher":{"@id":"https:\/\/aivlisoft.net\/shop\/#organization"},"potentialAction":[{"@type":"SearchAction","target":{"@type":"EntryPoint","urlTemplate":"https:\/\/aivlisoft.net\/shop\/?s={search_term_string}"},"query-input":{"@type":"PropertyValueSpecification","valueRequired":true,"valueName":"search_term_string"}}],"inLanguage":"es"},{"@type":"Organization","@id":"https:\/\/aivlisoft.net\/shop\/#organization","name":"Aivlisoft Inform\u00e1tica","url":"https:\/\/aivlisoft.net\/shop\/","logo":{"@type":"ImageObject","inLanguage":"es","@id":"https:\/\/aivlisoft.net\/shop\/#\/schema\/logo\/image\/","url":"https:\/\/aivlisoft.net\/shop\/wp-content\/uploads\/2024\/12\/removal.ai_5b848c54-0cdf-4140-95c5-c5536bb7573b-logodef.png","contentUrl":"https:\/\/aivlisoft.net\/shop\/wp-content\/uploads\/2024\/12\/removal.ai_5b848c54-0cdf-4140-95c5-c5536bb7573b-logodef.png","width":484,"height":182,"caption":"Aivlisoft Inform\u00e1tica"},"image":{"@id":"https:\/\/aivlisoft.net\/shop\/#\/schema\/logo\/image\/"}}]}},"_links":{"self":[{"href":"https:\/\/aivlisoft.net\/shop\/wp-json\/wp\/v2\/product\/16724","targetHints":{"allow":["GET"]}}],"collection":[{"href":"https:\/\/aivlisoft.net\/shop\/wp-json\/wp\/v2\/product"}],"about":[{"href":"https:\/\/aivlisoft.net\/shop\/wp-json\/wp\/v2\/types\/product"}],"wp:featuredmedia":[{"embeddable":true,"href":"https:\/\/aivlisoft.net\/shop\/wp-json\/wp\/v2\/media\/16725"}],"wp:attachment":[{"href":"https:\/\/aivlisoft.net\/shop\/wp-json\/wp\/v2\/media?parent=16724"}],"wp:term":[{"taxonomy":"product_brand","embeddable":true,"href":"https:\/\/aivlisoft.net\/shop\/wp-json\/wp\/v2\/product_brand?post=16724"},{"taxonomy":"product_cat","embeddable":true,"href":"https:\/\/aivlisoft.net\/shop\/wp-json\/wp\/v2\/product_cat?post=16724"},{"taxonomy":"product_tag","embeddable":true,"href":"https:\/\/aivlisoft.net\/shop\/wp-json\/wp\/v2\/product_tag?post=16724"}],"curies":[{"name":"wp","href":"https:\/\/api.w.org\/{rel}","templated":true}]}}