{"id":16719,"date":"2025-01-13T15:05:03","date_gmt":"2025-01-13T15:05:03","guid":{"rendered":"https:\/\/aivlisoft.com\/?post_type=product&#038;p=16719"},"modified":"2025-01-14T20:50:27","modified_gmt":"2025-01-14T20:50:27","slug":"celly-altavoz2micros-partymic2wh-rgb","status":"publish","type":"product","link":"https:\/\/aivlisoft.net\/shop\/producto\/celly-altavoz2micros-partymic2wh-rgb\/","title":{"rendered":"Celly Altavoz+2Micros PARTYMIC2WH Rgb"},"content":{"rendered":"<p><strong>&iexcl;Altavoz inal&aacute;mbrico con dos micr&oacute;fonos y luces RGB!<\/strong><\/p>\n<p>&#8211; El altavoz PARTYMIC2 que viene con dos micr&oacute;fonos inal&aacute;mbricos y luces RGB fascinantes garantiza una experiencia audiovisual sin igual.<\/p>\n<p>&#8211; Con una distancia de conexi&oacute;n de hasta 10 metros, permite una conectividad perfecta en cualquier espacio, lo que le permite moverse libremente sin comprometer la calidad del audio.<\/p>\n<p>&#8211; Su salida de 5 W ofrece un sonido envolvente que llena la habitaci&oacute;n, lo que lo hace perfecto para fiestas, eventos y m&aacute;s.<\/p>\n<p>&#8211; Los micr&oacute;fonos inal&aacute;mbricos incluidos le permiten cambiar sin esfuerzo entre hablar y cantar, lo que los hace ideales para sesiones de karaoke, presentaciones en p&uacute;blico y presentaciones en vivo.<\/p>\n<p>&#8211; Tome el control de su audio con controles intuitivos de volumen y m&uacute;sica directamente en los micr&oacute;fonos, o use el control remoto provisto para realizar ajustes f&aacute;ciles a distancia.<\/p>\n<p>&#8211; La funci&oacute;n de conexi&oacute;n autom&aacute;tica empareja sin esfuerzo los micr&oacute;fonos con el altavoz tan pronto como se encienden.<\/p>\n<p>&#8211; La entrada USB-C garantiza una conectividad r&aacute;pida y universal, que se adapta a una variedad de dispositivos para una reproducci&oacute;n perfecta.<\/p>\n<p>&#8211; Pero eso no es todo: las luces RGB iluminan tu espacio con un espectro de colores, creando el ambiente adecuado para cualquier ocasi&oacute;n.<\/p>\n<p>&#8211; Compatible con diferentes modelos de Smartphone y Tablet: Apple, Samsung, Motorola, Xiaomi, OPPO, Huawei, TCL, Alcatel, Vivo, Realme.<\/p>\n<p>&nbsp;<\/p>\n<table class=\"tabla_caracteristicas\" width=\"100%\">\n<tr>\n<td><strong>Marca<\/strong><\/td>\n<td>Celly<\/td>\n<\/tr>\n<tr>\n<td><strong>Modelo<\/strong><\/td>\n<td><strong>PARTYMIC2WH <\/strong><\/td>\n<\/tr>\n<tr>\n<td><strong>Caracter&iacute;sticas<\/strong><\/td>\n<td>&#8211; Material: Pl&aacute;stico<br \/>\t\t\t&#8211; Color principal: <strong>Blanco<\/strong><br \/>\t\t\t&#8211; Di&aacute;metro del altavoz: 66 mm<br \/>\t\t\t&#8211; N&uacute;mero de altavoces: 1<br \/>\t\t\t&#8211; Salida: 6W<br \/>\t\t\t&#8211; Impedancia: 4 Ohm<br \/>\t\t\t&#8211; Sensibilidad: 0 db<br \/>\t\t\t&#8211; Respuesta de frecuencia: 20000 Hz<br \/>\t\t\t&#8211; Micr&oacute;fono<br \/>\t\t\t&#8211; Mando a distancia: Bot&oacute;n de respuesta con control de volumen<br \/>\t\t\t&#8211; Bater&iacute;a de 1800 mAh<br \/>\t\t\t&#8211; Tipo: Li-Polymer<br \/>\t\t\t&#8211; Tipo de conector de entrada: USB-C<br \/>\t\t\t&#8211; Conector de entrada: 5<br \/>\t\t\t&#8211; Reproducci&oacute;n de m&uacute;sica: 3<br \/>\t\t\t&#8211; Tiempo de carga: 2 h<br \/>\t\t\t&#8211; Tecnolog&iacute;a: Inal&aacute;mbrica<br \/>\t\t\t&#8211; Alcance operativo: 10 m<br \/>\t\t\t&#8211; Altura: 20,5 cm<br \/>\t\t\t&#8211; Ancho: 7,9 cm<br \/>\t\t\t&#8211; Longitud: 15,7 cm<br \/>\t\t\t&#8211; Peso: 622 gr<\/td>\n<\/tr>\n<tr>\n<td><strong>Fecha de revisi&oacute;n<\/strong><\/td>\n<td>09-09-2024 por A<\/td>\n<\/tr>\n<\/table>\n","protected":false},"excerpt":{"rendered":"<p>&iexcl;Altavoz inal&aacute;mbrico con dos micr&oacute;fonos y luces RGB! &#8211; El altavoz PARTYMIC2 que viene con dos micr&oacute;fonos inal&aacute;mbricos y luces RGB fascinantes garantiza una experiencia audiovisual sin igual. &#8211; Con una distancia de conexi&oacute;n de hasta 10 metros, permite una conectividad perfecta en cualquier espacio, lo que le permite moverse libremente sin comprometer la calidad&hellip;&nbsp;<a href=\"https:\/\/aivlisoft.net\/shop\/producto\/celly-altavoz2micros-partymic2wh-rgb\/\" rel=\"bookmark\"><span class=\"screen-reader-text\">Celly Altavoz+2Micros PARTYMIC2WH Rgb<\/span><\/a><\/p>\n","protected":false},"featured_media":16720,"template":"","meta":{"neve_meta_sidebar":"","neve_meta_container":"","neve_meta_enable_content_width":"","neve_meta_content_width":0,"neve_meta_title_alignment":"","neve_meta_author_avatar":"","neve_post_elements_order":"","neve_meta_disable_header":"","neve_meta_disable_footer":"","neve_meta_disable_title":""},"product_brand":[],"product_cat":[15,957,5818],"product_tag":[6174],"class_list":{"0":"post-16719","1":"product","2":"type-product","3":"status-publish","4":"has-post-thumbnail","6":"product_cat-sin-categorizar","7":"product_cat-accesorios-imagen-y-sonido","8":"product_cat-audio","9":"product_tag-partymic2wh","11":"first","12":"instock","13":"taxable","14":"shipping-taxable","15":"purchasable","16":"product-type-simple"},"yoast_head":"<!-- This site is optimized with the Yoast SEO plugin v26.0 - https:\/\/yoast.com\/wordpress\/plugins\/seo\/ -->\n<title>Celly Altavoz+2Micros PARTYMIC2WH Rgb - Aivlisoft Inform\u00e1tica<\/title>\n<meta name=\"robots\" content=\"index, follow, max-snippet:-1, max-image-preview:large, max-video-preview:-1\" \/>\n<link rel=\"canonical\" href=\"https:\/\/aivlisoft.net\/shop\/producto\/celly-altavoz2micros-partymic2wh-rgb\/\" \/>\n<meta property=\"og:locale\" content=\"es_ES\" \/>\n<meta property=\"og:type\" content=\"article\" \/>\n<meta property=\"og:title\" content=\"Celly Altavoz+2Micros PARTYMIC2WH Rgb - Aivlisoft Inform\u00e1tica\" \/>\n<meta property=\"og:description\" content=\"&iexcl;Altavoz inal&aacute;mbrico con dos micr&oacute;fonos y luces RGB! &#8211; El altavoz PARTYMIC2 que viene con dos micr&oacute;fonos inal&aacute;mbricos y luces RGB fascinantes garantiza una experiencia audiovisual sin igual. &#8211; Con una distancia de conexi&oacute;n de hasta 10 metros, permite una conectividad perfecta en cualquier espacio, lo que le permite moverse libremente sin comprometer la calidad&hellip;&nbsp;Celly Altavoz+2Micros PARTYMIC2WH Rgb\" \/>\n<meta property=\"og:url\" content=\"https:\/\/aivlisoft.net\/shop\/producto\/celly-altavoz2micros-partymic2wh-rgb\/\" \/>\n<meta property=\"og:site_name\" content=\"Aivlisoft Inform\u00e1tica\" \/>\n<meta property=\"article:modified_time\" content=\"2025-01-14T20:50:27+00:00\" \/>\n<meta property=\"og:image\" content=\"https:\/\/aivlisoft.net\/shop\/wp-content\/uploads\/2025\/01\/MAUAPO0565_800.jpg\" \/>\n\t<meta property=\"og:image:width\" content=\"800\" \/>\n\t<meta property=\"og:image:height\" content=\"800\" \/>\n\t<meta property=\"og:image:type\" content=\"image\/jpeg\" \/>\n<meta name=\"twitter:card\" content=\"summary_large_image\" \/>\n<meta name=\"twitter:label1\" content=\"Tiempo de lectura\" \/>\n\t<meta name=\"twitter:data1\" content=\"2 minutos\" \/>\n<script type=\"application\/ld+json\" class=\"yoast-schema-graph\">{\"@context\":\"https:\/\/schema.org\",\"@graph\":[{\"@type\":\"WebPage\",\"@id\":\"https:\/\/aivlisoft.net\/shop\/producto\/celly-altavoz2micros-partymic2wh-rgb\/\",\"url\":\"https:\/\/aivlisoft.net\/shop\/producto\/celly-altavoz2micros-partymic2wh-rgb\/\",\"name\":\"Celly Altavoz+2Micros PARTYMIC2WH Rgb - Aivlisoft Inform\u00e1tica\",\"isPartOf\":{\"@id\":\"https:\/\/aivlisoft.net\/shop\/#website\"},\"primaryImageOfPage\":{\"@id\":\"https:\/\/aivlisoft.net\/shop\/producto\/celly-altavoz2micros-partymic2wh-rgb\/#primaryimage\"},\"image\":{\"@id\":\"https:\/\/aivlisoft.net\/shop\/producto\/celly-altavoz2micros-partymic2wh-rgb\/#primaryimage\"},\"thumbnailUrl\":\"https:\/\/aivlisoft.net\/shop\/wp-content\/uploads\/2025\/01\/MAUAPO0565_800.jpg\",\"datePublished\":\"2025-01-13T15:05:03+00:00\",\"dateModified\":\"2025-01-14T20:50:27+00:00\",\"breadcrumb\":{\"@id\":\"https:\/\/aivlisoft.net\/shop\/producto\/celly-altavoz2micros-partymic2wh-rgb\/#breadcrumb\"},\"inLanguage\":\"es\",\"potentialAction\":[{\"@type\":\"ReadAction\",\"target\":[\"https:\/\/aivlisoft.net\/shop\/producto\/celly-altavoz2micros-partymic2wh-rgb\/\"]}]},{\"@type\":\"ImageObject\",\"inLanguage\":\"es\",\"@id\":\"https:\/\/aivlisoft.net\/shop\/producto\/celly-altavoz2micros-partymic2wh-rgb\/#primaryimage\",\"url\":\"https:\/\/aivlisoft.net\/shop\/wp-content\/uploads\/2025\/01\/MAUAPO0565_800.jpg\",\"contentUrl\":\"https:\/\/aivlisoft.net\/shop\/wp-content\/uploads\/2025\/01\/MAUAPO0565_800.jpg\",\"width\":800,\"height\":800},{\"@type\":\"BreadcrumbList\",\"@id\":\"https:\/\/aivlisoft.net\/shop\/producto\/celly-altavoz2micros-partymic2wh-rgb\/#breadcrumb\",\"itemListElement\":[{\"@type\":\"ListItem\",\"position\":1,\"name\":\"Portada\",\"item\":\"https:\/\/aivlisoft.net\/shop\/\"},{\"@type\":\"ListItem\",\"position\":2,\"name\":\"Tienda\",\"item\":\"https:\/\/aivlisoft.net\/shop\/tienda\/\"},{\"@type\":\"ListItem\",\"position\":3,\"name\":\"Celly Altavoz+2Micros PARTYMIC2WH Rgb\"}]},{\"@type\":\"WebSite\",\"@id\":\"https:\/\/aivlisoft.net\/shop\/#website\",\"url\":\"https:\/\/aivlisoft.net\/shop\/\",\"name\":\"Aivlisoft Inform\u00e1tica\",\"description\":\"En Aivlisoft Inform\u00e1tica ofrecemos soluciones tecnol\u00f3gicas para empresas: venta de ordenadores, consumibles, perif\u00e9ricos y m\u00e1s. Calidad, atenci\u00f3n personalizada y los mejores precios para tu negocio.\",\"publisher\":{\"@id\":\"https:\/\/aivlisoft.net\/shop\/#organization\"},\"potentialAction\":[{\"@type\":\"SearchAction\",\"target\":{\"@type\":\"EntryPoint\",\"urlTemplate\":\"https:\/\/aivlisoft.net\/shop\/?s={search_term_string}\"},\"query-input\":{\"@type\":\"PropertyValueSpecification\",\"valueRequired\":true,\"valueName\":\"search_term_string\"}}],\"inLanguage\":\"es\"},{\"@type\":\"Organization\",\"@id\":\"https:\/\/aivlisoft.net\/shop\/#organization\",\"name\":\"Aivlisoft Inform\u00e1tica\",\"url\":\"https:\/\/aivlisoft.net\/shop\/\",\"logo\":{\"@type\":\"ImageObject\",\"inLanguage\":\"es\",\"@id\":\"https:\/\/aivlisoft.net\/shop\/#\/schema\/logo\/image\/\",\"url\":\"https:\/\/aivlisoft.net\/shop\/wp-content\/uploads\/2024\/12\/removal.ai_5b848c54-0cdf-4140-95c5-c5536bb7573b-logodef.png\",\"contentUrl\":\"https:\/\/aivlisoft.net\/shop\/wp-content\/uploads\/2024\/12\/removal.ai_5b848c54-0cdf-4140-95c5-c5536bb7573b-logodef.png\",\"width\":484,\"height\":182,\"caption\":\"Aivlisoft Inform\u00e1tica\"},\"image\":{\"@id\":\"https:\/\/aivlisoft.net\/shop\/#\/schema\/logo\/image\/\"}}]}<\/script>\n<!-- \/ Yoast SEO plugin. -->","yoast_head_json":{"title":"Celly Altavoz+2Micros PARTYMIC2WH Rgb - Aivlisoft Inform\u00e1tica","robots":{"index":"index","follow":"follow","max-snippet":"max-snippet:-1","max-image-preview":"max-image-preview:large","max-video-preview":"max-video-preview:-1"},"canonical":"https:\/\/aivlisoft.net\/shop\/producto\/celly-altavoz2micros-partymic2wh-rgb\/","og_locale":"es_ES","og_type":"article","og_title":"Celly Altavoz+2Micros PARTYMIC2WH Rgb - Aivlisoft Inform\u00e1tica","og_description":"&iexcl;Altavoz inal&aacute;mbrico con dos micr&oacute;fonos y luces RGB! &#8211; El altavoz PARTYMIC2 que viene con dos micr&oacute;fonos inal&aacute;mbricos y luces RGB fascinantes garantiza una experiencia audiovisual sin igual. &#8211; Con una distancia de conexi&oacute;n de hasta 10 metros, permite una conectividad perfecta en cualquier espacio, lo que le permite moverse libremente sin comprometer la calidad&hellip;&nbsp;Celly Altavoz+2Micros PARTYMIC2WH Rgb","og_url":"https:\/\/aivlisoft.net\/shop\/producto\/celly-altavoz2micros-partymic2wh-rgb\/","og_site_name":"Aivlisoft Inform\u00e1tica","article_modified_time":"2025-01-14T20:50:27+00:00","og_image":[{"width":800,"height":800,"url":"https:\/\/aivlisoft.net\/shop\/wp-content\/uploads\/2025\/01\/MAUAPO0565_800.jpg","type":"image\/jpeg"}],"twitter_card":"summary_large_image","twitter_misc":{"Tiempo de lectura":"2 minutos"},"schema":{"@context":"https:\/\/schema.org","@graph":[{"@type":"WebPage","@id":"https:\/\/aivlisoft.net\/shop\/producto\/celly-altavoz2micros-partymic2wh-rgb\/","url":"https:\/\/aivlisoft.net\/shop\/producto\/celly-altavoz2micros-partymic2wh-rgb\/","name":"Celly Altavoz+2Micros PARTYMIC2WH Rgb - Aivlisoft Inform\u00e1tica","isPartOf":{"@id":"https:\/\/aivlisoft.net\/shop\/#website"},"primaryImageOfPage":{"@id":"https:\/\/aivlisoft.net\/shop\/producto\/celly-altavoz2micros-partymic2wh-rgb\/#primaryimage"},"image":{"@id":"https:\/\/aivlisoft.net\/shop\/producto\/celly-altavoz2micros-partymic2wh-rgb\/#primaryimage"},"thumbnailUrl":"https:\/\/aivlisoft.net\/shop\/wp-content\/uploads\/2025\/01\/MAUAPO0565_800.jpg","datePublished":"2025-01-13T15:05:03+00:00","dateModified":"2025-01-14T20:50:27+00:00","breadcrumb":{"@id":"https:\/\/aivlisoft.net\/shop\/producto\/celly-altavoz2micros-partymic2wh-rgb\/#breadcrumb"},"inLanguage":"es","potentialAction":[{"@type":"ReadAction","target":["https:\/\/aivlisoft.net\/shop\/producto\/celly-altavoz2micros-partymic2wh-rgb\/"]}]},{"@type":"ImageObject","inLanguage":"es","@id":"https:\/\/aivlisoft.net\/shop\/producto\/celly-altavoz2micros-partymic2wh-rgb\/#primaryimage","url":"https:\/\/aivlisoft.net\/shop\/wp-content\/uploads\/2025\/01\/MAUAPO0565_800.jpg","contentUrl":"https:\/\/aivlisoft.net\/shop\/wp-content\/uploads\/2025\/01\/MAUAPO0565_800.jpg","width":800,"height":800},{"@type":"BreadcrumbList","@id":"https:\/\/aivlisoft.net\/shop\/producto\/celly-altavoz2micros-partymic2wh-rgb\/#breadcrumb","itemListElement":[{"@type":"ListItem","position":1,"name":"Portada","item":"https:\/\/aivlisoft.net\/shop\/"},{"@type":"ListItem","position":2,"name":"Tienda","item":"https:\/\/aivlisoft.net\/shop\/tienda\/"},{"@type":"ListItem","position":3,"name":"Celly Altavoz+2Micros PARTYMIC2WH Rgb"}]},{"@type":"WebSite","@id":"https:\/\/aivlisoft.net\/shop\/#website","url":"https:\/\/aivlisoft.net\/shop\/","name":"Aivlisoft Inform\u00e1tica","description":"En Aivlisoft Inform\u00e1tica ofrecemos soluciones tecnol\u00f3gicas para empresas: venta de ordenadores, consumibles, perif\u00e9ricos y m\u00e1s. Calidad, atenci\u00f3n personalizada y los mejores precios para tu negocio.","publisher":{"@id":"https:\/\/aivlisoft.net\/shop\/#organization"},"potentialAction":[{"@type":"SearchAction","target":{"@type":"EntryPoint","urlTemplate":"https:\/\/aivlisoft.net\/shop\/?s={search_term_string}"},"query-input":{"@type":"PropertyValueSpecification","valueRequired":true,"valueName":"search_term_string"}}],"inLanguage":"es"},{"@type":"Organization","@id":"https:\/\/aivlisoft.net\/shop\/#organization","name":"Aivlisoft Inform\u00e1tica","url":"https:\/\/aivlisoft.net\/shop\/","logo":{"@type":"ImageObject","inLanguage":"es","@id":"https:\/\/aivlisoft.net\/shop\/#\/schema\/logo\/image\/","url":"https:\/\/aivlisoft.net\/shop\/wp-content\/uploads\/2024\/12\/removal.ai_5b848c54-0cdf-4140-95c5-c5536bb7573b-logodef.png","contentUrl":"https:\/\/aivlisoft.net\/shop\/wp-content\/uploads\/2024\/12\/removal.ai_5b848c54-0cdf-4140-95c5-c5536bb7573b-logodef.png","width":484,"height":182,"caption":"Aivlisoft Inform\u00e1tica"},"image":{"@id":"https:\/\/aivlisoft.net\/shop\/#\/schema\/logo\/image\/"}}]}},"_links":{"self":[{"href":"https:\/\/aivlisoft.net\/shop\/wp-json\/wp\/v2\/product\/16719","targetHints":{"allow":["GET"]}}],"collection":[{"href":"https:\/\/aivlisoft.net\/shop\/wp-json\/wp\/v2\/product"}],"about":[{"href":"https:\/\/aivlisoft.net\/shop\/wp-json\/wp\/v2\/types\/product"}],"wp:featuredmedia":[{"embeddable":true,"href":"https:\/\/aivlisoft.net\/shop\/wp-json\/wp\/v2\/media\/16720"}],"wp:attachment":[{"href":"https:\/\/aivlisoft.net\/shop\/wp-json\/wp\/v2\/media?parent=16719"}],"wp:term":[{"taxonomy":"product_brand","embeddable":true,"href":"https:\/\/aivlisoft.net\/shop\/wp-json\/wp\/v2\/product_brand?post=16719"},{"taxonomy":"product_cat","embeddable":true,"href":"https:\/\/aivlisoft.net\/shop\/wp-json\/wp\/v2\/product_cat?post=16719"},{"taxonomy":"product_tag","embeddable":true,"href":"https:\/\/aivlisoft.net\/shop\/wp-json\/wp\/v2\/product_tag?post=16719"}],"curies":[{"name":"wp","href":"https:\/\/api.w.org\/{rel}","templated":true}]}}