{"id":16637,"date":"2025-01-13T15:04:18","date_gmt":"2025-01-13T15:04:18","guid":{"rendered":"https:\/\/aivlisoft.com\/?post_type=product&#038;p=16637"},"modified":"2025-01-14T20:50:40","modified_gmt":"2025-01-14T20:50:40","slug":"energy-sistem-yume-eco-altavoz-bt-led-rgb","status":"publish","type":"product","link":"https:\/\/aivlisoft.net\/shop\/producto\/energy-sistem-yume-eco-altavoz-bt-led-rgb\/","title":{"rendered":"Energy Sistem Yume ECO &#8211; Altavoz BT LED RGB"},"content":{"rendered":"<p>Altavoz hecho con pl&aacute;stico reciclado, con tecnolog&iacute;a inal&aacute;mbrica Bluetooth, True Wireless Stereo e IPX6 para disfrutar de tu m&uacute;sica cuando y donde quieras. Reproductor MP3 por USB \/ Micro SD y audio-in. Adem&aacute;s, cuenta con luces LED y hasta 12 h de autonom&iacute;a.<\/p>\n<table class=\"tabla_caracteristicas\" width=\"100%\">\n<tr>\n<td valign=\"top\"><strong>Marca<\/strong><\/td>\n<td>Energy Sistem<\/td>\n<\/tr>\n<tr>\n<td valign=\"top\"><strong>Modelo<\/strong><\/td>\n<td><strong>457847<\/strong><\/td>\n<\/tr>\n<tr>\n<td valign=\"top\"><strong>Caracter&iacute;sticas<\/strong><\/td>\n<td><strong>Audio<\/strong><br \/>\t\t\t&#8211; Altavoces &#8211; Rango completo: 2<br \/>\t\t\t&#8211; Potencia: 15 W<br \/>\t\t\t&#8211; Rango completo &#8211; Potencia: 8 W<br \/>\t\t\t&#8211; Rango completo &#8211; Tama&ntilde;o: 45 mm<br \/>\t\t\t&#8211; Respuesta en frecuencia: 80 Hz ~ 18 kHz<br \/>\t\t\t&#8211; Sistema de sonido: 2.0<br \/>\t\t\t<strong>Micr&oacute;fono<\/strong><br \/>\t\t\t&#8211; Manos libres<br \/>\t\t\t&#8211; Tipo de micr&oacute;fono: Integrado<br \/>\t\t\t&#8211; Sensibilidad del micr&oacute;fono: &#8211; 42 dBm<br \/>\t\t\t&#8211; Rango de frecuencia:&nbsp; 100 Hz ~ 10 kHz<\/td>\n<\/tr>\n<tr>\n<td valign=\"top\"><strong>Conectividad<\/strong><\/td>\n<td>&#8211; Asistente de voz (Google, Siri)<br \/>\t\t\t&#8211; Bluetooth versi&oacute;n: 5.3<br \/>\t\t\t&#8211; Bluetooth lase: 2<br \/>\t\t\t&#8211; Bluetooth frecuencia de trabajo: 2.4 GHz<br \/>\t\t\t&#8211; Bluetooth perfiles: A2DP \/ AVRCP \/ HFP<br \/>\t\t\t&#8211; Bluetooth alcance: 20m<br \/>\t\t\t&#8211; Bluetooth codecs de audio soportados: SBC<br \/>\t\t\t&#8211; Tecnolog&iacute;a True Wireless<br \/>\t\t\t&#8211; Entradas audio anal&oacute;gicas: Jack de 3,5 mm<\/td>\n<\/tr>\n<tr>\n<td valign=\"top\"><strong>Otras caracter&iacute;sticas<\/strong><\/td>\n<td>&#8211; Control de reproducci&oacute;n<br \/>\t\t\t&#8211; Control de volumen<br \/>\t\t\t<strong>Reproductor memorias externas<br \/>\t\t\t&#8211; <\/strong>Reproductor memorias externas<br \/>\t\t\t&#8211; Paso de carpeta<br \/>\t\t\t&#8211; Sistema de archivos compatibles: FAT \/ FAT32<br \/>\t\t\t&#8211; Ext. Mem &#8211; compatible: micro SD \/ USB<br \/>\t\t\t&#8211; Ext. Mem &#8211; Capacidad: 128 GB<br \/>\t\t\t&#8211; Formatos audio compatibles: MP3 \/ WAV<br \/>\t\t\t<strong>Alimentaci&oacute;n<\/strong><br \/>\t\t\t&#8211; Alimentaci&oacute;n: 5V 1A<br \/>\t\t\t&#8211; Conectores: USB tipo C<br \/>\t\t\t<strong>Dimensiones y peso<\/strong><br \/>\t\t\t&#8211; 187 x 65 x 70 mm<br \/>\t\t\t&#8211; 540 g<br \/>\t\t\t<strong>Contiene<\/strong><br \/>\t\t\t&#8211; Green Yume ECO<br \/>\t\t\t&#8211; Cable USB<br \/>\t\t\t&#8211; Gu&iacute;a r&aacute;pida<\/td>\n<\/tr>\n<tr>\n<td valign=\"top\"><strong>Fecha de revisi&oacute;n<\/strong><\/td>\n<td>12-12-2023 por RTY<\/td>\n<\/tr>\n<\/table>\n","protected":false},"excerpt":{"rendered":"<p>Altavoz hecho con pl&aacute;stico reciclado, con tecnolog&iacute;a inal&aacute;mbrica Bluetooth, True Wireless Stereo e IPX6 para disfrutar de tu m&uacute;sica cuando y donde quieras. Reproductor MP3 por USB \/ Micro SD y audio-in. Adem&aacute;s, cuenta con luces LED y hasta 12 h de autonom&iacute;a. Marca Energy Sistem Modelo 457847 Caracter&iacute;sticas Audio &#8211; Altavoces &#8211; Rango completo:&hellip;&nbsp;<a href=\"https:\/\/aivlisoft.net\/shop\/producto\/energy-sistem-yume-eco-altavoz-bt-led-rgb\/\" rel=\"bookmark\"><span class=\"screen-reader-text\">Energy Sistem Yume ECO &#8211; Altavoz BT LED RGB<\/span><\/a><\/p>\n","protected":false},"featured_media":16638,"template":"","meta":{"neve_meta_sidebar":"","neve_meta_container":"","neve_meta_enable_content_width":"","neve_meta_content_width":0,"neve_meta_title_alignment":"","neve_meta_author_avatar":"","neve_post_elements_order":"","neve_meta_disable_header":"","neve_meta_disable_footer":"","neve_meta_disable_title":""},"product_brand":[],"product_cat":[15,957,5818],"product_tag":[6155],"class_list":{"0":"post-16637","1":"product","2":"type-product","3":"status-publish","4":"has-post-thumbnail","6":"product_cat-sin-categorizar","7":"product_cat-accesorios-imagen-y-sonido","8":"product_cat-audio","9":"product_tag-6155","11":"first","12":"instock","13":"taxable","14":"shipping-taxable","15":"purchasable","16":"product-type-simple"},"yoast_head":"<!-- This site is optimized with the Yoast SEO plugin v26.0 - https:\/\/yoast.com\/wordpress\/plugins\/seo\/ -->\n<title>Energy Sistem Yume ECO - Altavoz BT LED RGB - Aivlisoft Inform\u00e1tica<\/title>\n<meta name=\"robots\" content=\"index, follow, max-snippet:-1, max-image-preview:large, max-video-preview:-1\" \/>\n<link rel=\"canonical\" href=\"https:\/\/aivlisoft.net\/shop\/producto\/energy-sistem-yume-eco-altavoz-bt-led-rgb\/\" \/>\n<meta property=\"og:locale\" content=\"es_ES\" \/>\n<meta property=\"og:type\" content=\"article\" \/>\n<meta property=\"og:title\" content=\"Energy Sistem Yume ECO - Altavoz BT LED RGB - Aivlisoft Inform\u00e1tica\" \/>\n<meta property=\"og:description\" content=\"Altavoz hecho con pl&aacute;stico reciclado, con tecnolog&iacute;a inal&aacute;mbrica Bluetooth, True Wireless Stereo e IPX6 para disfrutar de tu m&uacute;sica cuando y donde quieras. Reproductor MP3 por USB \/ Micro SD y audio-in. Adem&aacute;s, cuenta con luces LED y hasta 12 h de autonom&iacute;a. Marca Energy Sistem Modelo 457847 Caracter&iacute;sticas Audio &#8211; Altavoces &#8211; Rango completo:&hellip;&nbsp;Energy Sistem Yume ECO &#8211; Altavoz BT LED RGB\" \/>\n<meta property=\"og:url\" content=\"https:\/\/aivlisoft.net\/shop\/producto\/energy-sistem-yume-eco-altavoz-bt-led-rgb\/\" \/>\n<meta property=\"og:site_name\" content=\"Aivlisoft Inform\u00e1tica\" \/>\n<meta property=\"article:modified_time\" content=\"2025-01-14T20:50:40+00:00\" \/>\n<meta property=\"og:image\" content=\"https:\/\/aivlisoft.net\/shop\/wp-content\/uploads\/2025\/01\/MAUAPO0539_800.jpg\" \/>\n\t<meta property=\"og:image:width\" content=\"800\" \/>\n\t<meta property=\"og:image:height\" content=\"800\" \/>\n\t<meta property=\"og:image:type\" content=\"image\/jpeg\" \/>\n<meta name=\"twitter:card\" content=\"summary_large_image\" \/>\n<meta name=\"twitter:label1\" content=\"Tiempo de lectura\" \/>\n\t<meta name=\"twitter:data1\" content=\"1 minuto\" \/>\n<script type=\"application\/ld+json\" class=\"yoast-schema-graph\">{\"@context\":\"https:\/\/schema.org\",\"@graph\":[{\"@type\":\"WebPage\",\"@id\":\"https:\/\/aivlisoft.net\/shop\/producto\/energy-sistem-yume-eco-altavoz-bt-led-rgb\/\",\"url\":\"https:\/\/aivlisoft.net\/shop\/producto\/energy-sistem-yume-eco-altavoz-bt-led-rgb\/\",\"name\":\"Energy Sistem Yume ECO - Altavoz BT LED RGB - Aivlisoft Inform\u00e1tica\",\"isPartOf\":{\"@id\":\"https:\/\/aivlisoft.net\/shop\/#website\"},\"primaryImageOfPage\":{\"@id\":\"https:\/\/aivlisoft.net\/shop\/producto\/energy-sistem-yume-eco-altavoz-bt-led-rgb\/#primaryimage\"},\"image\":{\"@id\":\"https:\/\/aivlisoft.net\/shop\/producto\/energy-sistem-yume-eco-altavoz-bt-led-rgb\/#primaryimage\"},\"thumbnailUrl\":\"https:\/\/aivlisoft.net\/shop\/wp-content\/uploads\/2025\/01\/MAUAPO0539_800.jpg\",\"datePublished\":\"2025-01-13T15:04:18+00:00\",\"dateModified\":\"2025-01-14T20:50:40+00:00\",\"breadcrumb\":{\"@id\":\"https:\/\/aivlisoft.net\/shop\/producto\/energy-sistem-yume-eco-altavoz-bt-led-rgb\/#breadcrumb\"},\"inLanguage\":\"es\",\"potentialAction\":[{\"@type\":\"ReadAction\",\"target\":[\"https:\/\/aivlisoft.net\/shop\/producto\/energy-sistem-yume-eco-altavoz-bt-led-rgb\/\"]}]},{\"@type\":\"ImageObject\",\"inLanguage\":\"es\",\"@id\":\"https:\/\/aivlisoft.net\/shop\/producto\/energy-sistem-yume-eco-altavoz-bt-led-rgb\/#primaryimage\",\"url\":\"https:\/\/aivlisoft.net\/shop\/wp-content\/uploads\/2025\/01\/MAUAPO0539_800.jpg\",\"contentUrl\":\"https:\/\/aivlisoft.net\/shop\/wp-content\/uploads\/2025\/01\/MAUAPO0539_800.jpg\",\"width\":800,\"height\":800},{\"@type\":\"BreadcrumbList\",\"@id\":\"https:\/\/aivlisoft.net\/shop\/producto\/energy-sistem-yume-eco-altavoz-bt-led-rgb\/#breadcrumb\",\"itemListElement\":[{\"@type\":\"ListItem\",\"position\":1,\"name\":\"Portada\",\"item\":\"https:\/\/aivlisoft.net\/shop\/\"},{\"@type\":\"ListItem\",\"position\":2,\"name\":\"Tienda\",\"item\":\"https:\/\/aivlisoft.net\/shop\/tienda\/\"},{\"@type\":\"ListItem\",\"position\":3,\"name\":\"Energy Sistem Yume ECO &#8211; Altavoz BT LED RGB\"}]},{\"@type\":\"WebSite\",\"@id\":\"https:\/\/aivlisoft.net\/shop\/#website\",\"url\":\"https:\/\/aivlisoft.net\/shop\/\",\"name\":\"Aivlisoft Inform\u00e1tica\",\"description\":\"En Aivlisoft Inform\u00e1tica ofrecemos soluciones tecnol\u00f3gicas para empresas: venta de ordenadores, consumibles, perif\u00e9ricos y m\u00e1s. Calidad, atenci\u00f3n personalizada y los mejores precios para tu negocio.\",\"publisher\":{\"@id\":\"https:\/\/aivlisoft.net\/shop\/#organization\"},\"potentialAction\":[{\"@type\":\"SearchAction\",\"target\":{\"@type\":\"EntryPoint\",\"urlTemplate\":\"https:\/\/aivlisoft.net\/shop\/?s={search_term_string}\"},\"query-input\":{\"@type\":\"PropertyValueSpecification\",\"valueRequired\":true,\"valueName\":\"search_term_string\"}}],\"inLanguage\":\"es\"},{\"@type\":\"Organization\",\"@id\":\"https:\/\/aivlisoft.net\/shop\/#organization\",\"name\":\"Aivlisoft Inform\u00e1tica\",\"url\":\"https:\/\/aivlisoft.net\/shop\/\",\"logo\":{\"@type\":\"ImageObject\",\"inLanguage\":\"es\",\"@id\":\"https:\/\/aivlisoft.net\/shop\/#\/schema\/logo\/image\/\",\"url\":\"https:\/\/aivlisoft.net\/shop\/wp-content\/uploads\/2024\/12\/removal.ai_5b848c54-0cdf-4140-95c5-c5536bb7573b-logodef.png\",\"contentUrl\":\"https:\/\/aivlisoft.net\/shop\/wp-content\/uploads\/2024\/12\/removal.ai_5b848c54-0cdf-4140-95c5-c5536bb7573b-logodef.png\",\"width\":484,\"height\":182,\"caption\":\"Aivlisoft Inform\u00e1tica\"},\"image\":{\"@id\":\"https:\/\/aivlisoft.net\/shop\/#\/schema\/logo\/image\/\"}}]}<\/script>\n<!-- \/ Yoast SEO plugin. -->","yoast_head_json":{"title":"Energy Sistem Yume ECO - Altavoz BT LED RGB - Aivlisoft Inform\u00e1tica","robots":{"index":"index","follow":"follow","max-snippet":"max-snippet:-1","max-image-preview":"max-image-preview:large","max-video-preview":"max-video-preview:-1"},"canonical":"https:\/\/aivlisoft.net\/shop\/producto\/energy-sistem-yume-eco-altavoz-bt-led-rgb\/","og_locale":"es_ES","og_type":"article","og_title":"Energy Sistem Yume ECO - Altavoz BT LED RGB - Aivlisoft Inform\u00e1tica","og_description":"Altavoz hecho con pl&aacute;stico reciclado, con tecnolog&iacute;a inal&aacute;mbrica Bluetooth, True Wireless Stereo e IPX6 para disfrutar de tu m&uacute;sica cuando y donde quieras. Reproductor MP3 por USB \/ Micro SD y audio-in. Adem&aacute;s, cuenta con luces LED y hasta 12 h de autonom&iacute;a. Marca Energy Sistem Modelo 457847 Caracter&iacute;sticas Audio &#8211; Altavoces &#8211; Rango completo:&hellip;&nbsp;Energy Sistem Yume ECO &#8211; Altavoz BT LED RGB","og_url":"https:\/\/aivlisoft.net\/shop\/producto\/energy-sistem-yume-eco-altavoz-bt-led-rgb\/","og_site_name":"Aivlisoft Inform\u00e1tica","article_modified_time":"2025-01-14T20:50:40+00:00","og_image":[{"width":800,"height":800,"url":"https:\/\/aivlisoft.net\/shop\/wp-content\/uploads\/2025\/01\/MAUAPO0539_800.jpg","type":"image\/jpeg"}],"twitter_card":"summary_large_image","twitter_misc":{"Tiempo de lectura":"1 minuto"},"schema":{"@context":"https:\/\/schema.org","@graph":[{"@type":"WebPage","@id":"https:\/\/aivlisoft.net\/shop\/producto\/energy-sistem-yume-eco-altavoz-bt-led-rgb\/","url":"https:\/\/aivlisoft.net\/shop\/producto\/energy-sistem-yume-eco-altavoz-bt-led-rgb\/","name":"Energy Sistem Yume ECO - Altavoz BT LED RGB - Aivlisoft Inform\u00e1tica","isPartOf":{"@id":"https:\/\/aivlisoft.net\/shop\/#website"},"primaryImageOfPage":{"@id":"https:\/\/aivlisoft.net\/shop\/producto\/energy-sistem-yume-eco-altavoz-bt-led-rgb\/#primaryimage"},"image":{"@id":"https:\/\/aivlisoft.net\/shop\/producto\/energy-sistem-yume-eco-altavoz-bt-led-rgb\/#primaryimage"},"thumbnailUrl":"https:\/\/aivlisoft.net\/shop\/wp-content\/uploads\/2025\/01\/MAUAPO0539_800.jpg","datePublished":"2025-01-13T15:04:18+00:00","dateModified":"2025-01-14T20:50:40+00:00","breadcrumb":{"@id":"https:\/\/aivlisoft.net\/shop\/producto\/energy-sistem-yume-eco-altavoz-bt-led-rgb\/#breadcrumb"},"inLanguage":"es","potentialAction":[{"@type":"ReadAction","target":["https:\/\/aivlisoft.net\/shop\/producto\/energy-sistem-yume-eco-altavoz-bt-led-rgb\/"]}]},{"@type":"ImageObject","inLanguage":"es","@id":"https:\/\/aivlisoft.net\/shop\/producto\/energy-sistem-yume-eco-altavoz-bt-led-rgb\/#primaryimage","url":"https:\/\/aivlisoft.net\/shop\/wp-content\/uploads\/2025\/01\/MAUAPO0539_800.jpg","contentUrl":"https:\/\/aivlisoft.net\/shop\/wp-content\/uploads\/2025\/01\/MAUAPO0539_800.jpg","width":800,"height":800},{"@type":"BreadcrumbList","@id":"https:\/\/aivlisoft.net\/shop\/producto\/energy-sistem-yume-eco-altavoz-bt-led-rgb\/#breadcrumb","itemListElement":[{"@type":"ListItem","position":1,"name":"Portada","item":"https:\/\/aivlisoft.net\/shop\/"},{"@type":"ListItem","position":2,"name":"Tienda","item":"https:\/\/aivlisoft.net\/shop\/tienda\/"},{"@type":"ListItem","position":3,"name":"Energy Sistem Yume ECO &#8211; Altavoz BT LED RGB"}]},{"@type":"WebSite","@id":"https:\/\/aivlisoft.net\/shop\/#website","url":"https:\/\/aivlisoft.net\/shop\/","name":"Aivlisoft Inform\u00e1tica","description":"En Aivlisoft Inform\u00e1tica ofrecemos soluciones tecnol\u00f3gicas para empresas: venta de ordenadores, consumibles, perif\u00e9ricos y m\u00e1s. Calidad, atenci\u00f3n personalizada y los mejores precios para tu negocio.","publisher":{"@id":"https:\/\/aivlisoft.net\/shop\/#organization"},"potentialAction":[{"@type":"SearchAction","target":{"@type":"EntryPoint","urlTemplate":"https:\/\/aivlisoft.net\/shop\/?s={search_term_string}"},"query-input":{"@type":"PropertyValueSpecification","valueRequired":true,"valueName":"search_term_string"}}],"inLanguage":"es"},{"@type":"Organization","@id":"https:\/\/aivlisoft.net\/shop\/#organization","name":"Aivlisoft Inform\u00e1tica","url":"https:\/\/aivlisoft.net\/shop\/","logo":{"@type":"ImageObject","inLanguage":"es","@id":"https:\/\/aivlisoft.net\/shop\/#\/schema\/logo\/image\/","url":"https:\/\/aivlisoft.net\/shop\/wp-content\/uploads\/2024\/12\/removal.ai_5b848c54-0cdf-4140-95c5-c5536bb7573b-logodef.png","contentUrl":"https:\/\/aivlisoft.net\/shop\/wp-content\/uploads\/2024\/12\/removal.ai_5b848c54-0cdf-4140-95c5-c5536bb7573b-logodef.png","width":484,"height":182,"caption":"Aivlisoft Inform\u00e1tica"},"image":{"@id":"https:\/\/aivlisoft.net\/shop\/#\/schema\/logo\/image\/"}}]}},"_links":{"self":[{"href":"https:\/\/aivlisoft.net\/shop\/wp-json\/wp\/v2\/product\/16637","targetHints":{"allow":["GET"]}}],"collection":[{"href":"https:\/\/aivlisoft.net\/shop\/wp-json\/wp\/v2\/product"}],"about":[{"href":"https:\/\/aivlisoft.net\/shop\/wp-json\/wp\/v2\/types\/product"}],"wp:featuredmedia":[{"embeddable":true,"href":"https:\/\/aivlisoft.net\/shop\/wp-json\/wp\/v2\/media\/16638"}],"wp:attachment":[{"href":"https:\/\/aivlisoft.net\/shop\/wp-json\/wp\/v2\/media?parent=16637"}],"wp:term":[{"taxonomy":"product_brand","embeddable":true,"href":"https:\/\/aivlisoft.net\/shop\/wp-json\/wp\/v2\/product_brand?post=16637"},{"taxonomy":"product_cat","embeddable":true,"href":"https:\/\/aivlisoft.net\/shop\/wp-json\/wp\/v2\/product_cat?post=16637"},{"taxonomy":"product_tag","embeddable":true,"href":"https:\/\/aivlisoft.net\/shop\/wp-json\/wp\/v2\/product_tag?post=16637"}],"curies":[{"name":"wp","href":"https:\/\/api.w.org\/{rel}","templated":true}]}}