{"id":16582,"date":"2025-01-13T15:03:47","date_gmt":"2025-01-13T15:03:47","guid":{"rendered":"https:\/\/aivlisoft.com\/?post_type=product&#038;p=16582"},"modified":"2025-01-14T20:50:47","modified_gmt":"2025-01-14T20:50:47","slug":"energy-sistem-altavoz-lolroll-pop-kids-blue","status":"publish","type":"product","link":"https:\/\/aivlisoft.net\/shop\/producto\/energy-sistem-altavoz-lolroll-pop-kids-blue\/","title":{"rendered":"Energy Sistem Altavoz Lol&#038;Roll Pop Kids Blue"},"content":{"rendered":"<p>Altavoz Bluetooth port&aacute;til para ni&ntilde;os y ni&ntilde;as con 5W de potencia y limitaci&oacute;n de volumen para una mayor seguridad. Tu m&uacute;sica preferida te acompa&ntilde;ar&aacute; a todas partes, y podr&aacute;s compartirla gracias a la funci&oacute;n Music Share. &iexcl;Diversi&oacute;n asegurada!<\/p>\n<p><strong>Altavoz infantil con limitaci&oacute;n de volumen<\/strong><br \/>Mini altavoz port&aacute;til para ni&ntilde;os con limitaci&oacute;n de volumen de 85dB, que protege su salud auditiva. Gracias a la tecnolog&iacute;a inal&aacute;mbrica Bluetooth&reg; 5.0, puedes conectar el speaker al smartphone, tablet o cualquier dispositivo de audio, para que los peques disfruten de la m&uacute;sica a todas horas.<\/p>\n<p><strong>Diversi&oacute;n compartida<\/strong><br \/>La funci&oacute;n Music Share de los Lol&amp;Roll Pop Kids Speaker te permite conectar dos mini altavoces para que los ni&ntilde;os compartan su m&uacute;sica preferida. &iexcl;Y la diversi&oacute;n no acaba ah&iacute;! Incluyen un recortable de cart&oacute;n con un personaje de la banda Lol&amp;Roll que har&aacute; volar su imaginaci&oacute;n.<\/p>\n<p><strong>Calidad de sonido y dise&ntilde;o ligero<\/strong><br \/>Este altavoz port&aacute;til te sorprender&aacute; por su calidad ac&uacute;stica, con 5W de potencia. Su bater&iacute;a de litio te ofrece hasta 3 horas de m&uacute;sica y, adem&aacute;s, hace que el dispositivo sea s&uacute;per ligero y c&oacute;modo de transportar. &iexcl;El mejor compa&ntilde;ero de los peque&ntilde;os! Incluye cable de carga USB Tipo C.<\/p>\n<p><strong>&iexcl;Con la m&uacute;sica en el bolsillo!<\/strong><br \/>Altavoz infantil de tama&ntilde;o mini est&aacute; dise&ntilde;ado para que los ni&ntilde;os lo puedan llevar a todas partes, gracias a su c&oacute;modo tama&ntilde;o y a su correa de transporte. Lo podr&aacute;n colgar f&aacute;cilmente en su mochila o en cualquier otro lugar. Adem&aacute;s, los botones de reproducci&oacute;n son muy f&aacute;ciles de utilizar. &iexcl;Diversi&oacute;n garantizada!<\/p>\n<table class=\"tabla_caracteristicas\" width=\"100%\">\n<tr>\n<td valign=\"top\"><strong>Marca<\/strong><\/td>\n<td>Energy Sistem<\/td>\n<\/tr>\n<tr>\n<td valign=\"top\"><strong>Modelo<\/strong><\/td>\n<td><strong>454969<\/strong><\/td>\n<\/tr>\n<tr>\n<td valign=\"top\"><strong>Caracter&iacute;sticas<\/strong><\/td>\n<td><strong>Audio<\/strong><br \/>\t\t\t&#8211; Altavoces &#8211; Rango completo: 1<br \/>\t\t\t&#8211; Potencia: 5 W<br \/>\t\t\t&#8211; Rango completo &#8211; Tama&ntilde;o: 40 mm<br \/>\t\t\t&#8211; Respuesta en frecuencia: 150 Hz ~ 18 KHz<br \/>\t\t\t&#8211; Sistema de sonido: Mono 1.0<br \/>\t\t\t<strong>Conectividad<\/strong><br \/>\t\t\t&#8211; Bluetooth &#8211; Versi&oacute;n: 5.0<br \/>\t\t\t&#8211; Bluetooth &#8211; Clase: 2<br \/>\t\t\t&#8211; Bluetooth &#8211; Frecuencia de trabajo: 2.4 GHz<br \/>\t\t\t&#8211; Bluetooth &#8211; Perfiles: A2DP<br \/>\t\t\t&#8211; Bluetooth &#8211; Alcance: 20 m<br \/>\t\t\t&#8211; Bluetooth &#8211; Codecs de audio soportados: SBC<br \/>\t\t\t&#8211; Bluetooth &#8211; Potencia m&aacute;xima de la se&ntilde;al: &lt; 20 dBm<br \/>\t\t\t&#8211; Tecnolog&iacute;a True Wireless: S&iacute;<br \/>\t\t\t<strong>Otras caracter&iacute;sticas<\/strong><br \/>\t\t\t&#8211; Compatibilidad: MAC \/ PC Windows \/ Smartphone \/ Tablet<br \/>\t\t\t&#8211; Control de reproducci&oacute;n: S&iacute;<br \/>\t\t\t&#8211; Control de volumen: S&iacute;<br \/>\t\t\t<strong>Bater&iacute;a<\/strong><br \/>\t\t\t&#8211; Tipo:&nbsp; LiPo<br \/>\t\t\t&#8211; Capacidad:&nbsp; 500 mAh<br \/>\t\t\t&#8211; Voltaje:&nbsp; 3.7 V<br \/>\t\t\t&#8211; Autonon&iacute;a &#8211; Uso normal:&nbsp; 3 h<br \/>\t\t\t&#8211; Sistema de carga:&nbsp; USB tipo C<br \/>\t\t\t&#8211; Tiempo de carga:&nbsp; 2 h<br \/>\t\t\t<strong>Dimensiones y peso<\/strong><br \/>\t\t\t&#8211; Alto: 38 mm<br \/>\t\t\t&#8211; Ancho: 62 mm<br \/>\t\t\t&#8211; Profundo: 62 mm<br \/>\t\t\t&#8211; Peso: 76 g<\/td>\n<\/tr>\n<tr>\n<td valign=\"top\"><strong>Fecha de revisi&oacute;n<\/strong><\/td>\n<td>10-10-2022 por MPM<\/td>\n<\/tr>\n<\/table>\n","protected":false},"excerpt":{"rendered":"<p>Altavoz Bluetooth port&aacute;til para ni&ntilde;os y ni&ntilde;as con 5W de potencia y limitaci&oacute;n de volumen para una mayor seguridad. Tu m&uacute;sica preferida te acompa&ntilde;ar&aacute; a todas partes, y podr&aacute;s compartirla gracias a la funci&oacute;n Music Share. &iexcl;Diversi&oacute;n asegurada! Altavoz infantil con limitaci&oacute;n de volumenMini altavoz port&aacute;til para ni&ntilde;os con limitaci&oacute;n de volumen de 85dB, que&hellip;&nbsp;<a href=\"https:\/\/aivlisoft.net\/shop\/producto\/energy-sistem-altavoz-lolroll-pop-kids-blue\/\" rel=\"bookmark\"><span class=\"screen-reader-text\">Energy Sistem Altavoz Lol&#038;Roll Pop Kids Blue<\/span><\/a><\/p>\n","protected":false},"featured_media":16583,"template":"","meta":{"neve_meta_sidebar":"","neve_meta_container":"","neve_meta_enable_content_width":"","neve_meta_content_width":0,"neve_meta_title_alignment":"","neve_meta_author_avatar":"","neve_post_elements_order":"","neve_meta_disable_header":"","neve_meta_disable_footer":"","neve_meta_disable_title":""},"product_brand":[],"product_cat":[15,957,5818],"product_tag":[6144],"class_list":{"0":"post-16582","1":"product","2":"type-product","3":"status-publish","4":"has-post-thumbnail","6":"product_cat-sin-categorizar","7":"product_cat-accesorios-imagen-y-sonido","8":"product_cat-audio","9":"product_tag-6144","11":"first","12":"instock","13":"taxable","14":"shipping-taxable","15":"purchasable","16":"product-type-simple"},"yoast_head":"<!-- This site is optimized with the Yoast SEO plugin v26.0 - https:\/\/yoast.com\/wordpress\/plugins\/seo\/ -->\n<title>Energy Sistem Altavoz Lol&amp;Roll Pop Kids Blue - Aivlisoft Inform\u00e1tica<\/title>\n<meta name=\"robots\" content=\"index, follow, max-snippet:-1, max-image-preview:large, max-video-preview:-1\" \/>\n<link rel=\"canonical\" href=\"https:\/\/aivlisoft.net\/shop\/producto\/energy-sistem-altavoz-lolroll-pop-kids-blue\/\" \/>\n<meta property=\"og:locale\" content=\"es_ES\" \/>\n<meta property=\"og:type\" content=\"article\" \/>\n<meta property=\"og:title\" content=\"Energy Sistem Altavoz Lol&amp;Roll Pop Kids Blue - Aivlisoft Inform\u00e1tica\" \/>\n<meta property=\"og:description\" content=\"Altavoz Bluetooth port&aacute;til para ni&ntilde;os y ni&ntilde;as con 5W de potencia y limitaci&oacute;n de volumen para una mayor seguridad. Tu m&uacute;sica preferida te acompa&ntilde;ar&aacute; a todas partes, y podr&aacute;s compartirla gracias a la funci&oacute;n Music Share. &iexcl;Diversi&oacute;n asegurada! Altavoz infantil con limitaci&oacute;n de volumenMini altavoz port&aacute;til para ni&ntilde;os con limitaci&oacute;n de volumen de 85dB, que&hellip;&nbsp;Energy Sistem Altavoz Lol&#038;Roll Pop Kids Blue\" \/>\n<meta property=\"og:url\" content=\"https:\/\/aivlisoft.net\/shop\/producto\/energy-sistem-altavoz-lolroll-pop-kids-blue\/\" \/>\n<meta property=\"og:site_name\" content=\"Aivlisoft Inform\u00e1tica\" \/>\n<meta property=\"article:modified_time\" content=\"2025-01-14T20:50:47+00:00\" \/>\n<meta property=\"og:image\" content=\"https:\/\/aivlisoft.net\/shop\/wp-content\/uploads\/2025\/01\/MAUAPO0516_800.jpg\" \/>\n\t<meta property=\"og:image:width\" content=\"800\" \/>\n\t<meta property=\"og:image:height\" content=\"800\" \/>\n\t<meta property=\"og:image:type\" content=\"image\/jpeg\" \/>\n<meta name=\"twitter:card\" content=\"summary_large_image\" \/>\n<meta name=\"twitter:label1\" content=\"Tiempo de lectura\" \/>\n\t<meta name=\"twitter:data1\" content=\"3 minutos\" \/>\n<script type=\"application\/ld+json\" class=\"yoast-schema-graph\">{\"@context\":\"https:\/\/schema.org\",\"@graph\":[{\"@type\":\"WebPage\",\"@id\":\"https:\/\/aivlisoft.net\/shop\/producto\/energy-sistem-altavoz-lolroll-pop-kids-blue\/\",\"url\":\"https:\/\/aivlisoft.net\/shop\/producto\/energy-sistem-altavoz-lolroll-pop-kids-blue\/\",\"name\":\"Energy Sistem Altavoz Lol&Roll Pop Kids Blue - Aivlisoft Inform\u00e1tica\",\"isPartOf\":{\"@id\":\"https:\/\/aivlisoft.net\/shop\/#website\"},\"primaryImageOfPage\":{\"@id\":\"https:\/\/aivlisoft.net\/shop\/producto\/energy-sistem-altavoz-lolroll-pop-kids-blue\/#primaryimage\"},\"image\":{\"@id\":\"https:\/\/aivlisoft.net\/shop\/producto\/energy-sistem-altavoz-lolroll-pop-kids-blue\/#primaryimage\"},\"thumbnailUrl\":\"https:\/\/aivlisoft.net\/shop\/wp-content\/uploads\/2025\/01\/MAUAPO0516_800.jpg\",\"datePublished\":\"2025-01-13T15:03:47+00:00\",\"dateModified\":\"2025-01-14T20:50:47+00:00\",\"breadcrumb\":{\"@id\":\"https:\/\/aivlisoft.net\/shop\/producto\/energy-sistem-altavoz-lolroll-pop-kids-blue\/#breadcrumb\"},\"inLanguage\":\"es\",\"potentialAction\":[{\"@type\":\"ReadAction\",\"target\":[\"https:\/\/aivlisoft.net\/shop\/producto\/energy-sistem-altavoz-lolroll-pop-kids-blue\/\"]}]},{\"@type\":\"ImageObject\",\"inLanguage\":\"es\",\"@id\":\"https:\/\/aivlisoft.net\/shop\/producto\/energy-sistem-altavoz-lolroll-pop-kids-blue\/#primaryimage\",\"url\":\"https:\/\/aivlisoft.net\/shop\/wp-content\/uploads\/2025\/01\/MAUAPO0516_800.jpg\",\"contentUrl\":\"https:\/\/aivlisoft.net\/shop\/wp-content\/uploads\/2025\/01\/MAUAPO0516_800.jpg\",\"width\":800,\"height\":800},{\"@type\":\"BreadcrumbList\",\"@id\":\"https:\/\/aivlisoft.net\/shop\/producto\/energy-sistem-altavoz-lolroll-pop-kids-blue\/#breadcrumb\",\"itemListElement\":[{\"@type\":\"ListItem\",\"position\":1,\"name\":\"Portada\",\"item\":\"https:\/\/aivlisoft.net\/shop\/\"},{\"@type\":\"ListItem\",\"position\":2,\"name\":\"Tienda\",\"item\":\"https:\/\/aivlisoft.net\/shop\/tienda\/\"},{\"@type\":\"ListItem\",\"position\":3,\"name\":\"Energy Sistem Altavoz Lol&#038;Roll Pop Kids Blue\"}]},{\"@type\":\"WebSite\",\"@id\":\"https:\/\/aivlisoft.net\/shop\/#website\",\"url\":\"https:\/\/aivlisoft.net\/shop\/\",\"name\":\"Aivlisoft Inform\u00e1tica\",\"description\":\"En Aivlisoft Inform\u00e1tica ofrecemos soluciones tecnol\u00f3gicas para empresas: venta de ordenadores, consumibles, perif\u00e9ricos y m\u00e1s. Calidad, atenci\u00f3n personalizada y los mejores precios para tu negocio.\",\"publisher\":{\"@id\":\"https:\/\/aivlisoft.net\/shop\/#organization\"},\"potentialAction\":[{\"@type\":\"SearchAction\",\"target\":{\"@type\":\"EntryPoint\",\"urlTemplate\":\"https:\/\/aivlisoft.net\/shop\/?s={search_term_string}\"},\"query-input\":{\"@type\":\"PropertyValueSpecification\",\"valueRequired\":true,\"valueName\":\"search_term_string\"}}],\"inLanguage\":\"es\"},{\"@type\":\"Organization\",\"@id\":\"https:\/\/aivlisoft.net\/shop\/#organization\",\"name\":\"Aivlisoft Inform\u00e1tica\",\"url\":\"https:\/\/aivlisoft.net\/shop\/\",\"logo\":{\"@type\":\"ImageObject\",\"inLanguage\":\"es\",\"@id\":\"https:\/\/aivlisoft.net\/shop\/#\/schema\/logo\/image\/\",\"url\":\"https:\/\/aivlisoft.net\/shop\/wp-content\/uploads\/2024\/12\/removal.ai_5b848c54-0cdf-4140-95c5-c5536bb7573b-logodef.png\",\"contentUrl\":\"https:\/\/aivlisoft.net\/shop\/wp-content\/uploads\/2024\/12\/removal.ai_5b848c54-0cdf-4140-95c5-c5536bb7573b-logodef.png\",\"width\":484,\"height\":182,\"caption\":\"Aivlisoft Inform\u00e1tica\"},\"image\":{\"@id\":\"https:\/\/aivlisoft.net\/shop\/#\/schema\/logo\/image\/\"}}]}<\/script>\n<!-- \/ Yoast SEO plugin. -->","yoast_head_json":{"title":"Energy Sistem Altavoz Lol&Roll Pop Kids Blue - Aivlisoft Inform\u00e1tica","robots":{"index":"index","follow":"follow","max-snippet":"max-snippet:-1","max-image-preview":"max-image-preview:large","max-video-preview":"max-video-preview:-1"},"canonical":"https:\/\/aivlisoft.net\/shop\/producto\/energy-sistem-altavoz-lolroll-pop-kids-blue\/","og_locale":"es_ES","og_type":"article","og_title":"Energy Sistem Altavoz Lol&Roll Pop Kids Blue - Aivlisoft Inform\u00e1tica","og_description":"Altavoz Bluetooth port&aacute;til para ni&ntilde;os y ni&ntilde;as con 5W de potencia y limitaci&oacute;n de volumen para una mayor seguridad. Tu m&uacute;sica preferida te acompa&ntilde;ar&aacute; a todas partes, y podr&aacute;s compartirla gracias a la funci&oacute;n Music Share. &iexcl;Diversi&oacute;n asegurada! Altavoz infantil con limitaci&oacute;n de volumenMini altavoz port&aacute;til para ni&ntilde;os con limitaci&oacute;n de volumen de 85dB, que&hellip;&nbsp;Energy Sistem Altavoz Lol&#038;Roll Pop Kids Blue","og_url":"https:\/\/aivlisoft.net\/shop\/producto\/energy-sistem-altavoz-lolroll-pop-kids-blue\/","og_site_name":"Aivlisoft Inform\u00e1tica","article_modified_time":"2025-01-14T20:50:47+00:00","og_image":[{"width":800,"height":800,"url":"https:\/\/aivlisoft.net\/shop\/wp-content\/uploads\/2025\/01\/MAUAPO0516_800.jpg","type":"image\/jpeg"}],"twitter_card":"summary_large_image","twitter_misc":{"Tiempo de lectura":"3 minutos"},"schema":{"@context":"https:\/\/schema.org","@graph":[{"@type":"WebPage","@id":"https:\/\/aivlisoft.net\/shop\/producto\/energy-sistem-altavoz-lolroll-pop-kids-blue\/","url":"https:\/\/aivlisoft.net\/shop\/producto\/energy-sistem-altavoz-lolroll-pop-kids-blue\/","name":"Energy Sistem Altavoz Lol&Roll Pop Kids Blue - Aivlisoft Inform\u00e1tica","isPartOf":{"@id":"https:\/\/aivlisoft.net\/shop\/#website"},"primaryImageOfPage":{"@id":"https:\/\/aivlisoft.net\/shop\/producto\/energy-sistem-altavoz-lolroll-pop-kids-blue\/#primaryimage"},"image":{"@id":"https:\/\/aivlisoft.net\/shop\/producto\/energy-sistem-altavoz-lolroll-pop-kids-blue\/#primaryimage"},"thumbnailUrl":"https:\/\/aivlisoft.net\/shop\/wp-content\/uploads\/2025\/01\/MAUAPO0516_800.jpg","datePublished":"2025-01-13T15:03:47+00:00","dateModified":"2025-01-14T20:50:47+00:00","breadcrumb":{"@id":"https:\/\/aivlisoft.net\/shop\/producto\/energy-sistem-altavoz-lolroll-pop-kids-blue\/#breadcrumb"},"inLanguage":"es","potentialAction":[{"@type":"ReadAction","target":["https:\/\/aivlisoft.net\/shop\/producto\/energy-sistem-altavoz-lolroll-pop-kids-blue\/"]}]},{"@type":"ImageObject","inLanguage":"es","@id":"https:\/\/aivlisoft.net\/shop\/producto\/energy-sistem-altavoz-lolroll-pop-kids-blue\/#primaryimage","url":"https:\/\/aivlisoft.net\/shop\/wp-content\/uploads\/2025\/01\/MAUAPO0516_800.jpg","contentUrl":"https:\/\/aivlisoft.net\/shop\/wp-content\/uploads\/2025\/01\/MAUAPO0516_800.jpg","width":800,"height":800},{"@type":"BreadcrumbList","@id":"https:\/\/aivlisoft.net\/shop\/producto\/energy-sistem-altavoz-lolroll-pop-kids-blue\/#breadcrumb","itemListElement":[{"@type":"ListItem","position":1,"name":"Portada","item":"https:\/\/aivlisoft.net\/shop\/"},{"@type":"ListItem","position":2,"name":"Tienda","item":"https:\/\/aivlisoft.net\/shop\/tienda\/"},{"@type":"ListItem","position":3,"name":"Energy Sistem Altavoz Lol&#038;Roll Pop Kids Blue"}]},{"@type":"WebSite","@id":"https:\/\/aivlisoft.net\/shop\/#website","url":"https:\/\/aivlisoft.net\/shop\/","name":"Aivlisoft Inform\u00e1tica","description":"En Aivlisoft Inform\u00e1tica ofrecemos soluciones tecnol\u00f3gicas para empresas: venta de ordenadores, consumibles, perif\u00e9ricos y m\u00e1s. Calidad, atenci\u00f3n personalizada y los mejores precios para tu negocio.","publisher":{"@id":"https:\/\/aivlisoft.net\/shop\/#organization"},"potentialAction":[{"@type":"SearchAction","target":{"@type":"EntryPoint","urlTemplate":"https:\/\/aivlisoft.net\/shop\/?s={search_term_string}"},"query-input":{"@type":"PropertyValueSpecification","valueRequired":true,"valueName":"search_term_string"}}],"inLanguage":"es"},{"@type":"Organization","@id":"https:\/\/aivlisoft.net\/shop\/#organization","name":"Aivlisoft Inform\u00e1tica","url":"https:\/\/aivlisoft.net\/shop\/","logo":{"@type":"ImageObject","inLanguage":"es","@id":"https:\/\/aivlisoft.net\/shop\/#\/schema\/logo\/image\/","url":"https:\/\/aivlisoft.net\/shop\/wp-content\/uploads\/2024\/12\/removal.ai_5b848c54-0cdf-4140-95c5-c5536bb7573b-logodef.png","contentUrl":"https:\/\/aivlisoft.net\/shop\/wp-content\/uploads\/2024\/12\/removal.ai_5b848c54-0cdf-4140-95c5-c5536bb7573b-logodef.png","width":484,"height":182,"caption":"Aivlisoft Inform\u00e1tica"},"image":{"@id":"https:\/\/aivlisoft.net\/shop\/#\/schema\/logo\/image\/"}}]}},"_links":{"self":[{"href":"https:\/\/aivlisoft.net\/shop\/wp-json\/wp\/v2\/product\/16582","targetHints":{"allow":["GET"]}}],"collection":[{"href":"https:\/\/aivlisoft.net\/shop\/wp-json\/wp\/v2\/product"}],"about":[{"href":"https:\/\/aivlisoft.net\/shop\/wp-json\/wp\/v2\/types\/product"}],"wp:featuredmedia":[{"embeddable":true,"href":"https:\/\/aivlisoft.net\/shop\/wp-json\/wp\/v2\/media\/16583"}],"wp:attachment":[{"href":"https:\/\/aivlisoft.net\/shop\/wp-json\/wp\/v2\/media?parent=16582"}],"wp:term":[{"taxonomy":"product_brand","embeddable":true,"href":"https:\/\/aivlisoft.net\/shop\/wp-json\/wp\/v2\/product_brand?post=16582"},{"taxonomy":"product_cat","embeddable":true,"href":"https:\/\/aivlisoft.net\/shop\/wp-json\/wp\/v2\/product_cat?post=16582"},{"taxonomy":"product_tag","embeddable":true,"href":"https:\/\/aivlisoft.net\/shop\/wp-json\/wp\/v2\/product_tag?post=16582"}],"curies":[{"name":"wp","href":"https:\/\/api.w.org\/{rel}","templated":true}]}}