{"id":16572,"date":"2025-01-13T15:03:40","date_gmt":"2025-01-13T15:03:40","guid":{"rendered":"https:\/\/aivlisoft.com\/?post_type=product&#038;p=16572"},"modified":"2025-01-14T20:50:48","modified_gmt":"2025-01-14T20:50:48","slug":"energy-sistem-urban-box-pink-supernova","status":"publish","type":"product","link":"https:\/\/aivlisoft.net\/shop\/producto\/energy-sistem-urban-box-pink-supernova\/","title":{"rendered":"Energy Sistem Urban Box Pink Supernova"},"content":{"rendered":"<p>Altavoz est&eacute;reo de 16 W con diferentes secuencias de luces RGB, tecnolog&iacute;a Bluetooth 5.1 y True Wireless Stereo para utilizar dos unidades simult&aacute;neamente. Doble membrana de realce de bajos, reproductor MP3 por USB \/ microSD y audio-in.<\/p>\n<p><strong>Siente el ritmo de la m&uacute;sica<\/strong><br \/>Altavoz port&aacute;til con luces RGB para que te sientas parte del ritmo de la m&uacute;sica. &iexcl;Lleva la diversi&oacute;n contigo all&aacute; donde vayas! Las diferentes secuencias de luz le dar&aacute;n un ambiente especial a cualquier reuni&oacute;n y fiesta. No pasar&aacute;s desapercibido<\/p>\n<p><strong>Resistente a salpicaduras<\/strong><br \/>Marca tendencia con la gama de colores del altavoz inal&aacute;mbrico de Energy Sistem Urban Box Supernova. Dise&ntilde;ado con una tela resistente a salpicaduras (con certificaci&oacute;n internacional IPX4). Sigue tu ritmo y preoc&uacute;pate solo de disfrutar.<\/p>\n<p><strong>Reproduce MP3 y USB<\/strong><br \/>Reproduce archivos MP3 desde tarjetas microSD y memorias USB, con capacidad de hasta 64 GB. El altavoz port&aacute;til cuenta tambi&eacute;n con entrada de audio auxiliar mini jack est&eacute;reo de 3,5 mm y 16W de potencia.<\/p>\n<p><strong>Conecta con la ciudad<\/strong><br \/>Estilo, funcionalidad y toda la conectividad que necesitas. Con tecnolog&iacute;a inal&aacute;mbrica Bluetooth&reg; 5.1 y True Wireless Stereo, que te permite conectar dos unidades y duplicar la potencia del sonido. Contesta tambi&eacute;n tus llamadas con la funci&oacute;n manos libres.<\/p>\n<table class=\"tabla_caracteristicas\" width=\"100%\">\n<tr>\n<td valign=\"top\"><strong>Marca<\/strong><\/td>\n<td>Energy Sistem<\/td>\n<\/tr>\n<tr>\n<td valign=\"top\"><strong>Modelo<\/strong><\/td>\n<td><strong>454945<\/strong><\/td>\n<\/tr>\n<tr>\n<td valign=\"top\"><strong>Caracter&iacute;sticas<\/strong><\/td>\n<td><strong>Audio<\/strong><br \/>\t\t\t&#8211; Altavoces &#8211; Rango completo: 2<br \/>\t\t\t&#8211; Radiadores pasivos: 2 membranas laterales<br \/>\t\t\t&#8211; Potencia: 16 W<br \/>\t\t\t&#8211; Rango completo &#8211; Potencia: 8 W<br \/>\t\t\t&#8211; Rango completo &#8211; Tama&ntilde;o: 40 mm<br \/>\t\t\t&#8211; Relaci&oacute;n Se&ntilde;al\/Ruido: 60 dB<br \/>\t\t\t&#8211; Respuesta en frecuencia: 80Hz ~ 18 KHz<br \/>\t\t\t&#8211; Sistema de sonido: Est&eacute;reo 2.0<br \/>\t\t\t<strong>Conectividad<\/strong><br \/>\t\t\t&#8211; Asistente de voz (Google, Siri): S&iacute;<br \/>\t\t\t&#8211; Bluetooth &#8211; Versi&oacute;n: 5.1<br \/>\t\t\t&#8211; Bluetooth &#8211; Clase: 2<br \/>\t\t\t&#8211; Bluetooth &#8211; Frecuencia de trabajo: 2.4 GHz<br \/>\t\t\t&#8211; Bluetooth &#8211; Perfiles: A2DP \/ AVRCP \/ HFP \/ HSP<br \/>\t\t\t&#8211; Bluetooth &#8211; Alcance: 20 m<br \/>\t\t\t&#8211; Bluetooth &#8211; Codecs de audio soportados: SBC<br \/>\t\t\t&#8211; Bluetooth &#8211; Potencia m&aacute;xima de la se&ntilde;al: &lt; 20 dBm<br \/>\t\t\t&#8211; Tecnolog&iacute;a True Wireless: S&iacute;<br \/>\t\t\t<strong>Bater&iacute;a<\/strong><br \/>\t\t\t&#8211; Tipo: Li Ion<br \/>\t\t\t&#8211; Capacidad: 2000 mAh<br \/>\t\t\t&#8211; Voltaje: 3.7 V<br \/>\t\t\t&#8211; Autonon&iacute;a &#8211; Uso normal: 12 h<br \/>\t\t\t&#8211; Sistema de carga: USB tipo C<br \/>\t\t\t&#8211; Tiempo de carga: 2 h<br \/>\t\t\t<strong>Micr&oacute;fono<\/strong><br \/>\t\t\t&#8211; Manos libres: S&iacute;<br \/>\t\t\t&#8211; Tipo: Integrado<br \/>\t\t\t&#8211; Sensibilidad: -42 dB<br \/>\t\t\t<strong>Alimentaci&oacute;n<\/strong><br \/>\t\t\t&#8211; Alimentaci&oacute;n: 5V \/ 2 A<br \/>\t\t\t&#8211; Conectores: USB tipo C<br \/>\t\t\t&#8211; Compatibilidad: MAC \/ PC Windows \/ Smartphone \/ Tablet \/ TV<br \/>\t\t\t<strong>Reproductor de memorias externas<\/strong><br \/>\t\t\t&#8211; Reproductor memorias externas: S&iacute;<br \/>\t\t\t&#8211; Ext. Mem &#8211; compatible: microSD<br \/>\t\t\t&#8211; Ext. Mem &#8211; Capacidad: 64 GB<br \/>\t\t\t&#8211; Formatos audio compatibles: MP3 \/ WAV<br \/>\t\t\t<strong>Otras caracter&iacute;sticas<\/strong><br \/>\t\t\t&#8211; Control de reproducci&oacute;n: S&iacute;<br \/>\t\t\t&#8211; Iluminaci&oacute;n LED: S&iacute;<br \/>\t\t\t&#8211; Indicador LED: S&iacute;<br \/>\t\t\t&#8211; Entradas de audio anal&oacute;gicas: Jack de 3,5 mm<br \/>\t\t\t&#8211; Control de volumen: S&iacute;<br \/>\t\t\t&#8211; Cert. IPXX: IPX4<br \/>\t\t\t<strong>Dimensiones y peso<\/strong><br \/>\t\t\t&#8211; Alto: 128 mm<br \/>\t\t\t&#8211; Ancho: 90 mm<br \/>\t\t\t&#8211; Profundo: 90 mm<br \/>\t\t\t&#8211; Peso: 512 g<\/td>\n<\/tr>\n<tr>\n<td valign=\"top\"><strong>Fecha de revisi&oacute;n<\/strong><\/td>\n<td>10-10-2022 por MPM<\/td>\n<\/tr>\n<\/table>\n","protected":false},"excerpt":{"rendered":"<p>Altavoz est&eacute;reo de 16 W con diferentes secuencias de luces RGB, tecnolog&iacute;a Bluetooth 5.1 y True Wireless Stereo para utilizar dos unidades simult&aacute;neamente. Doble membrana de realce de bajos, reproductor MP3 por USB \/ microSD y audio-in. Siente el ritmo de la m&uacute;sicaAltavoz port&aacute;til con luces RGB para que te sientas parte del ritmo de&hellip;&nbsp;<a href=\"https:\/\/aivlisoft.net\/shop\/producto\/energy-sistem-urban-box-pink-supernova\/\" rel=\"bookmark\"><span class=\"screen-reader-text\">Energy Sistem Urban Box Pink Supernova<\/span><\/a><\/p>\n","protected":false},"featured_media":16573,"template":"","meta":{"neve_meta_sidebar":"","neve_meta_container":"","neve_meta_enable_content_width":"","neve_meta_content_width":0,"neve_meta_title_alignment":"","neve_meta_author_avatar":"","neve_post_elements_order":"","neve_meta_disable_header":"","neve_meta_disable_footer":"","neve_meta_disable_title":""},"product_brand":[],"product_cat":[15,957,5818],"product_tag":[6142],"class_list":{"0":"post-16572","1":"product","2":"type-product","3":"status-publish","4":"has-post-thumbnail","6":"product_cat-sin-categorizar","7":"product_cat-accesorios-imagen-y-sonido","8":"product_cat-audio","9":"product_tag-6142","11":"first","12":"instock","13":"taxable","14":"shipping-taxable","15":"purchasable","16":"product-type-simple"},"yoast_head":"<!-- This site is optimized with the Yoast SEO plugin v26.0 - https:\/\/yoast.com\/wordpress\/plugins\/seo\/ -->\n<title>Energy Sistem Urban Box Pink Supernova - Aivlisoft Inform\u00e1tica<\/title>\n<meta name=\"robots\" content=\"index, follow, max-snippet:-1, max-image-preview:large, max-video-preview:-1\" \/>\n<link rel=\"canonical\" href=\"https:\/\/aivlisoft.net\/shop\/producto\/energy-sistem-urban-box-pink-supernova\/\" \/>\n<meta property=\"og:locale\" content=\"es_ES\" \/>\n<meta property=\"og:type\" content=\"article\" \/>\n<meta property=\"og:title\" content=\"Energy Sistem Urban Box Pink Supernova - Aivlisoft Inform\u00e1tica\" \/>\n<meta property=\"og:description\" content=\"Altavoz est&eacute;reo de 16 W con diferentes secuencias de luces RGB, tecnolog&iacute;a Bluetooth 5.1 y True Wireless Stereo para utilizar dos unidades simult&aacute;neamente. Doble membrana de realce de bajos, reproductor MP3 por USB \/ microSD y audio-in. Siente el ritmo de la m&uacute;sicaAltavoz port&aacute;til con luces RGB para que te sientas parte del ritmo de&hellip;&nbsp;Energy Sistem Urban Box Pink Supernova\" \/>\n<meta property=\"og:url\" content=\"https:\/\/aivlisoft.net\/shop\/producto\/energy-sistem-urban-box-pink-supernova\/\" \/>\n<meta property=\"og:site_name\" content=\"Aivlisoft Inform\u00e1tica\" \/>\n<meta property=\"article:modified_time\" content=\"2025-01-14T20:50:48+00:00\" \/>\n<meta property=\"og:image\" content=\"https:\/\/aivlisoft.net\/shop\/wp-content\/uploads\/2025\/01\/MAUAPO0514_800.jpg\" \/>\n\t<meta property=\"og:image:width\" content=\"800\" \/>\n\t<meta property=\"og:image:height\" content=\"800\" \/>\n\t<meta property=\"og:image:type\" content=\"image\/jpeg\" \/>\n<meta name=\"twitter:card\" content=\"summary_large_image\" \/>\n<meta name=\"twitter:label1\" content=\"Tiempo de lectura\" \/>\n\t<meta name=\"twitter:data1\" content=\"3 minutos\" \/>\n<script type=\"application\/ld+json\" class=\"yoast-schema-graph\">{\"@context\":\"https:\/\/schema.org\",\"@graph\":[{\"@type\":\"WebPage\",\"@id\":\"https:\/\/aivlisoft.net\/shop\/producto\/energy-sistem-urban-box-pink-supernova\/\",\"url\":\"https:\/\/aivlisoft.net\/shop\/producto\/energy-sistem-urban-box-pink-supernova\/\",\"name\":\"Energy Sistem Urban Box Pink Supernova - Aivlisoft Inform\u00e1tica\",\"isPartOf\":{\"@id\":\"https:\/\/aivlisoft.net\/shop\/#website\"},\"primaryImageOfPage\":{\"@id\":\"https:\/\/aivlisoft.net\/shop\/producto\/energy-sistem-urban-box-pink-supernova\/#primaryimage\"},\"image\":{\"@id\":\"https:\/\/aivlisoft.net\/shop\/producto\/energy-sistem-urban-box-pink-supernova\/#primaryimage\"},\"thumbnailUrl\":\"https:\/\/aivlisoft.net\/shop\/wp-content\/uploads\/2025\/01\/MAUAPO0514_800.jpg\",\"datePublished\":\"2025-01-13T15:03:40+00:00\",\"dateModified\":\"2025-01-14T20:50:48+00:00\",\"breadcrumb\":{\"@id\":\"https:\/\/aivlisoft.net\/shop\/producto\/energy-sistem-urban-box-pink-supernova\/#breadcrumb\"},\"inLanguage\":\"es\",\"potentialAction\":[{\"@type\":\"ReadAction\",\"target\":[\"https:\/\/aivlisoft.net\/shop\/producto\/energy-sistem-urban-box-pink-supernova\/\"]}]},{\"@type\":\"ImageObject\",\"inLanguage\":\"es\",\"@id\":\"https:\/\/aivlisoft.net\/shop\/producto\/energy-sistem-urban-box-pink-supernova\/#primaryimage\",\"url\":\"https:\/\/aivlisoft.net\/shop\/wp-content\/uploads\/2025\/01\/MAUAPO0514_800.jpg\",\"contentUrl\":\"https:\/\/aivlisoft.net\/shop\/wp-content\/uploads\/2025\/01\/MAUAPO0514_800.jpg\",\"width\":800,\"height\":800},{\"@type\":\"BreadcrumbList\",\"@id\":\"https:\/\/aivlisoft.net\/shop\/producto\/energy-sistem-urban-box-pink-supernova\/#breadcrumb\",\"itemListElement\":[{\"@type\":\"ListItem\",\"position\":1,\"name\":\"Portada\",\"item\":\"https:\/\/aivlisoft.net\/shop\/\"},{\"@type\":\"ListItem\",\"position\":2,\"name\":\"Tienda\",\"item\":\"https:\/\/aivlisoft.net\/shop\/tienda\/\"},{\"@type\":\"ListItem\",\"position\":3,\"name\":\"Energy Sistem Urban Box Pink Supernova\"}]},{\"@type\":\"WebSite\",\"@id\":\"https:\/\/aivlisoft.net\/shop\/#website\",\"url\":\"https:\/\/aivlisoft.net\/shop\/\",\"name\":\"Aivlisoft Inform\u00e1tica\",\"description\":\"En Aivlisoft Inform\u00e1tica ofrecemos soluciones tecnol\u00f3gicas para empresas: venta de ordenadores, consumibles, perif\u00e9ricos y m\u00e1s. Calidad, atenci\u00f3n personalizada y los mejores precios para tu negocio.\",\"publisher\":{\"@id\":\"https:\/\/aivlisoft.net\/shop\/#organization\"},\"potentialAction\":[{\"@type\":\"SearchAction\",\"target\":{\"@type\":\"EntryPoint\",\"urlTemplate\":\"https:\/\/aivlisoft.net\/shop\/?s={search_term_string}\"},\"query-input\":{\"@type\":\"PropertyValueSpecification\",\"valueRequired\":true,\"valueName\":\"search_term_string\"}}],\"inLanguage\":\"es\"},{\"@type\":\"Organization\",\"@id\":\"https:\/\/aivlisoft.net\/shop\/#organization\",\"name\":\"Aivlisoft Inform\u00e1tica\",\"url\":\"https:\/\/aivlisoft.net\/shop\/\",\"logo\":{\"@type\":\"ImageObject\",\"inLanguage\":\"es\",\"@id\":\"https:\/\/aivlisoft.net\/shop\/#\/schema\/logo\/image\/\",\"url\":\"https:\/\/aivlisoft.net\/shop\/wp-content\/uploads\/2024\/12\/removal.ai_5b848c54-0cdf-4140-95c5-c5536bb7573b-logodef.png\",\"contentUrl\":\"https:\/\/aivlisoft.net\/shop\/wp-content\/uploads\/2024\/12\/removal.ai_5b848c54-0cdf-4140-95c5-c5536bb7573b-logodef.png\",\"width\":484,\"height\":182,\"caption\":\"Aivlisoft Inform\u00e1tica\"},\"image\":{\"@id\":\"https:\/\/aivlisoft.net\/shop\/#\/schema\/logo\/image\/\"}}]}<\/script>\n<!-- \/ Yoast SEO plugin. -->","yoast_head_json":{"title":"Energy Sistem Urban Box Pink Supernova - Aivlisoft Inform\u00e1tica","robots":{"index":"index","follow":"follow","max-snippet":"max-snippet:-1","max-image-preview":"max-image-preview:large","max-video-preview":"max-video-preview:-1"},"canonical":"https:\/\/aivlisoft.net\/shop\/producto\/energy-sistem-urban-box-pink-supernova\/","og_locale":"es_ES","og_type":"article","og_title":"Energy Sistem Urban Box Pink Supernova - Aivlisoft Inform\u00e1tica","og_description":"Altavoz est&eacute;reo de 16 W con diferentes secuencias de luces RGB, tecnolog&iacute;a Bluetooth 5.1 y True Wireless Stereo para utilizar dos unidades simult&aacute;neamente. Doble membrana de realce de bajos, reproductor MP3 por USB \/ microSD y audio-in. Siente el ritmo de la m&uacute;sicaAltavoz port&aacute;til con luces RGB para que te sientas parte del ritmo de&hellip;&nbsp;Energy Sistem Urban Box Pink Supernova","og_url":"https:\/\/aivlisoft.net\/shop\/producto\/energy-sistem-urban-box-pink-supernova\/","og_site_name":"Aivlisoft Inform\u00e1tica","article_modified_time":"2025-01-14T20:50:48+00:00","og_image":[{"width":800,"height":800,"url":"https:\/\/aivlisoft.net\/shop\/wp-content\/uploads\/2025\/01\/MAUAPO0514_800.jpg","type":"image\/jpeg"}],"twitter_card":"summary_large_image","twitter_misc":{"Tiempo de lectura":"3 minutos"},"schema":{"@context":"https:\/\/schema.org","@graph":[{"@type":"WebPage","@id":"https:\/\/aivlisoft.net\/shop\/producto\/energy-sistem-urban-box-pink-supernova\/","url":"https:\/\/aivlisoft.net\/shop\/producto\/energy-sistem-urban-box-pink-supernova\/","name":"Energy Sistem Urban Box Pink Supernova - Aivlisoft Inform\u00e1tica","isPartOf":{"@id":"https:\/\/aivlisoft.net\/shop\/#website"},"primaryImageOfPage":{"@id":"https:\/\/aivlisoft.net\/shop\/producto\/energy-sistem-urban-box-pink-supernova\/#primaryimage"},"image":{"@id":"https:\/\/aivlisoft.net\/shop\/producto\/energy-sistem-urban-box-pink-supernova\/#primaryimage"},"thumbnailUrl":"https:\/\/aivlisoft.net\/shop\/wp-content\/uploads\/2025\/01\/MAUAPO0514_800.jpg","datePublished":"2025-01-13T15:03:40+00:00","dateModified":"2025-01-14T20:50:48+00:00","breadcrumb":{"@id":"https:\/\/aivlisoft.net\/shop\/producto\/energy-sistem-urban-box-pink-supernova\/#breadcrumb"},"inLanguage":"es","potentialAction":[{"@type":"ReadAction","target":["https:\/\/aivlisoft.net\/shop\/producto\/energy-sistem-urban-box-pink-supernova\/"]}]},{"@type":"ImageObject","inLanguage":"es","@id":"https:\/\/aivlisoft.net\/shop\/producto\/energy-sistem-urban-box-pink-supernova\/#primaryimage","url":"https:\/\/aivlisoft.net\/shop\/wp-content\/uploads\/2025\/01\/MAUAPO0514_800.jpg","contentUrl":"https:\/\/aivlisoft.net\/shop\/wp-content\/uploads\/2025\/01\/MAUAPO0514_800.jpg","width":800,"height":800},{"@type":"BreadcrumbList","@id":"https:\/\/aivlisoft.net\/shop\/producto\/energy-sistem-urban-box-pink-supernova\/#breadcrumb","itemListElement":[{"@type":"ListItem","position":1,"name":"Portada","item":"https:\/\/aivlisoft.net\/shop\/"},{"@type":"ListItem","position":2,"name":"Tienda","item":"https:\/\/aivlisoft.net\/shop\/tienda\/"},{"@type":"ListItem","position":3,"name":"Energy Sistem Urban Box Pink Supernova"}]},{"@type":"WebSite","@id":"https:\/\/aivlisoft.net\/shop\/#website","url":"https:\/\/aivlisoft.net\/shop\/","name":"Aivlisoft Inform\u00e1tica","description":"En Aivlisoft Inform\u00e1tica ofrecemos soluciones tecnol\u00f3gicas para empresas: venta de ordenadores, consumibles, perif\u00e9ricos y m\u00e1s. Calidad, atenci\u00f3n personalizada y los mejores precios para tu negocio.","publisher":{"@id":"https:\/\/aivlisoft.net\/shop\/#organization"},"potentialAction":[{"@type":"SearchAction","target":{"@type":"EntryPoint","urlTemplate":"https:\/\/aivlisoft.net\/shop\/?s={search_term_string}"},"query-input":{"@type":"PropertyValueSpecification","valueRequired":true,"valueName":"search_term_string"}}],"inLanguage":"es"},{"@type":"Organization","@id":"https:\/\/aivlisoft.net\/shop\/#organization","name":"Aivlisoft Inform\u00e1tica","url":"https:\/\/aivlisoft.net\/shop\/","logo":{"@type":"ImageObject","inLanguage":"es","@id":"https:\/\/aivlisoft.net\/shop\/#\/schema\/logo\/image\/","url":"https:\/\/aivlisoft.net\/shop\/wp-content\/uploads\/2024\/12\/removal.ai_5b848c54-0cdf-4140-95c5-c5536bb7573b-logodef.png","contentUrl":"https:\/\/aivlisoft.net\/shop\/wp-content\/uploads\/2024\/12\/removal.ai_5b848c54-0cdf-4140-95c5-c5536bb7573b-logodef.png","width":484,"height":182,"caption":"Aivlisoft Inform\u00e1tica"},"image":{"@id":"https:\/\/aivlisoft.net\/shop\/#\/schema\/logo\/image\/"}}]}},"_links":{"self":[{"href":"https:\/\/aivlisoft.net\/shop\/wp-json\/wp\/v2\/product\/16572","targetHints":{"allow":["GET"]}}],"collection":[{"href":"https:\/\/aivlisoft.net\/shop\/wp-json\/wp\/v2\/product"}],"about":[{"href":"https:\/\/aivlisoft.net\/shop\/wp-json\/wp\/v2\/types\/product"}],"wp:featuredmedia":[{"embeddable":true,"href":"https:\/\/aivlisoft.net\/shop\/wp-json\/wp\/v2\/media\/16573"}],"wp:attachment":[{"href":"https:\/\/aivlisoft.net\/shop\/wp-json\/wp\/v2\/media?parent=16572"}],"wp:term":[{"taxonomy":"product_brand","embeddable":true,"href":"https:\/\/aivlisoft.net\/shop\/wp-json\/wp\/v2\/product_brand?post=16572"},{"taxonomy":"product_cat","embeddable":true,"href":"https:\/\/aivlisoft.net\/shop\/wp-json\/wp\/v2\/product_cat?post=16572"},{"taxonomy":"product_tag","embeddable":true,"href":"https:\/\/aivlisoft.net\/shop\/wp-json\/wp\/v2\/product_tag?post=16572"}],"curies":[{"name":"wp","href":"https:\/\/api.w.org\/{rel}","templated":true}]}}