{"id":16534,"date":"2025-01-13T15:03:18","date_gmt":"2025-01-13T15:03:18","guid":{"rendered":"https:\/\/aivlisoft.com\/?post_type=product&#038;p=16534"},"modified":"2025-01-14T20:50:54","modified_gmt":"2025-01-14T20:50:54","slug":"ngs-altavoz-wilddub1-bateria-300w-bt-tws-usb","status":"publish","type":"product","link":"https:\/\/aivlisoft.net\/shop\/producto\/ngs-altavoz-wilddub1-bateria-300w-bt-tws-usb\/","title":{"rendered":"NGS Altavoz WILDDUB1 bateria 300W BT TWS\/USB"},"content":{"rendered":"<p>&#8211; Potente equipo de m&uacute;sica de alta potencia para disfrutar de la fiesta a todo volumen.<br \/>&#8211; 300 W de potencia m&aacute;xima de salida, 2&#215;8&rdquo; woofer \/\/ 2&#215;3&rdquo; tweeter.<br \/>&#8211; Dise&ntilde;o moderno que incluye dos asas, trolley y ruedas de transporte para m&aacute;xima movilidad.<br \/>&#8211; Compatible con la tecnolog&iacute;a Bluetooth: Conecta tu dispositivo v&iacute;a Bluetooth y reproduce tu m&uacute;sica con la mejor calidad de sonido.<br \/>&#8211; Entrada Aux: Conecta cualquier fuente de audio externa a trav&eacute;s de un cable de audio.<br \/>&#8211; Entrada de audio Micro SD y USB: Conecta una memoria Micro SD o tarjeta de memoria USB y reproduce todos tus archivos digitales.<br \/>&#8211; Compatible con la tecnolog&iacute;a True Wireless Stereo: empareja de forma inal&aacute;mbrica y simult&aacute;nea dos dispositivos de la familia Dub a la vez y<br \/>&#8211; aumenta la potencia de sonido.<br \/>&#8211; Salida de audio: conecta en serie distintos dispositivos mediante un cable de audio en cualquier modo.<br \/>&#8211; Equipado con una bater&iacute;a integrada de 11,1V\/5,2 A que proporciona hasta 7 horas (70 % de volumen) de reproducci&oacute;n.<br \/>&#8211; Brinda un ambiente orientado a la fiesta con las luces de altavoces LED multicolores incorporadas.<br \/>&#8211; Incluye entrada de micr&oacute;fono y una entrada de guitarra amplificada para sacar el artista que hay en ti.<br \/>&#8211; Contiene la funci&oacute;n karaoke que, una vez activado, reduce el sonido de la m&uacute;sica cuando se detecta la se&ntilde;al de entrada del micr&oacute;fono.<br \/>&#8211; Funci&oacute;n para grabar la se&ntilde;al de entrada del micr&oacute;fono o la guitarra en una memoria USB o microSD conectada al altavoz<br \/>&#8211; 6 modos distintos de ecualizaci&oacute;n: Normal, Rock, Jazz, Cl&aacute;sico, Country y Pop.<br \/>&#8211; Funci&oacute;n Mega Bass para aumentar el sonido de los bajos a un nuevo y asombroso nivel.<br \/>&#8211; Equipado con controles de volumen de micr&oacute;fono y guitarra separados.<br \/>&#8211; Destaca por su facilidad de uso y conveniencia.<br \/>&#8211; Control remoto incluido.<br \/>&#8211; Pantalla LED que muestra informaci&oacute;n &uacute;til: Modo, tiempo de reproducci&oacute;n, reproducci&oacute;n del n&uacute;mero de pista, etc.<\/p>\n<table class=\"tabla_caracteristicas k-table\" width=\"100%\">\n<tr>\n<td valign=\"top\"><strong>Marca<\/strong><\/td>\n<td>NGS<\/td>\n<\/tr>\n<tr>\n<td valign=\"top\"><strong>Modelo<\/strong><\/td>\n<td><strong>WILDDUB1<\/strong><\/td>\n<\/tr>\n<tr>\n<td valign=\"top\"><strong>Caracter&iacute;sticas<\/strong><\/td>\n<td>&#8211; 2 x 8&rdquo; altavoz woofer<br \/>\t\t\t&#8211; 2 x 3&rdquo; altavoz tweeter<br \/>\t\t\t&#8211; Potencia de salida: 300 W<br \/>\t\t\t&#8211; Funci&oacute;n mega bajos<br \/>\t\t\t&#8211; Compatible con bluetooth<br \/>\t\t\t&#8211; TWS (True Wireless Stereo)<br \/>\t\t\t&#8211; USB \/ Micro SD \/ entradas AUX<br \/>\t\t\t&#8211; Salida de audio<br \/>\t\t\t&#8211; Entrada de micr&oacute;fono<br \/>\t\t\t&#8211; Entrada para guitarra<br \/>\t\t\t&#8211; Pantalla LED<br \/>\t\t\t&#8211; Luces LED<br \/>\t\t\t&#8211; RMS: 80W<br \/>\t\t\t&#8211; Bater&iacute;a de litio 11,1V\/5,2A<br \/>\t\t\t&#8211; Autonom&iacute;a: 7 horas*<br \/>\t\t\t&#8211; Voltaje de entrada: AC100V-240V 50\/60Hz<br \/>\t\t\t&#8211; Rango de frecuencia: 20Hz &#8211; 20kHz<\/td>\n<\/tr>\n<tr>\n<td valign=\"top\"><strong>Fecha de revisi&oacute;n<\/strong><\/td>\n<td>12-01-2022 por MSB<\/td>\n<\/tr>\n<\/table>\n","protected":false},"excerpt":{"rendered":"<p>&#8211; Potente equipo de m&uacute;sica de alta potencia para disfrutar de la fiesta a todo volumen.&#8211; 300 W de potencia m&aacute;xima de salida, 2&#215;8&rdquo; woofer \/\/ 2&#215;3&rdquo; tweeter.&#8211; Dise&ntilde;o moderno que incluye dos asas, trolley y ruedas de transporte para m&aacute;xima movilidad.&#8211; Compatible con la tecnolog&iacute;a Bluetooth: Conecta tu dispositivo v&iacute;a Bluetooth y reproduce tu&hellip;&nbsp;<a href=\"https:\/\/aivlisoft.net\/shop\/producto\/ngs-altavoz-wilddub1-bateria-300w-bt-tws-usb\/\" rel=\"bookmark\"><span class=\"screen-reader-text\">NGS Altavoz WILDDUB1 bateria 300W BT TWS\/USB<\/span><\/a><\/p>\n","protected":false},"featured_media":16535,"template":"","meta":{"neve_meta_sidebar":"","neve_meta_container":"","neve_meta_enable_content_width":"","neve_meta_content_width":0,"neve_meta_title_alignment":"","neve_meta_author_avatar":"","neve_post_elements_order":"","neve_meta_disable_header":"","neve_meta_disable_footer":"","neve_meta_disable_title":""},"product_brand":[],"product_cat":[15,957,5818],"product_tag":[6134],"class_list":{"0":"post-16534","1":"product","2":"type-product","3":"status-publish","4":"has-post-thumbnail","6":"product_cat-sin-categorizar","7":"product_cat-accesorios-imagen-y-sonido","8":"product_cat-audio","9":"product_tag-wilddub1","11":"first","12":"instock","13":"taxable","14":"shipping-taxable","15":"purchasable","16":"product-type-simple"},"yoast_head":"<!-- This site is optimized with the Yoast SEO plugin v26.0 - https:\/\/yoast.com\/wordpress\/plugins\/seo\/ -->\n<title>NGS Altavoz WILDDUB1 bateria 300W BT TWS\/USB - Aivlisoft Inform\u00e1tica<\/title>\n<meta name=\"robots\" content=\"index, follow, max-snippet:-1, max-image-preview:large, max-video-preview:-1\" \/>\n<link rel=\"canonical\" href=\"https:\/\/aivlisoft.net\/shop\/producto\/ngs-altavoz-wilddub1-bateria-300w-bt-tws-usb\/\" \/>\n<meta property=\"og:locale\" content=\"es_ES\" \/>\n<meta property=\"og:type\" content=\"article\" \/>\n<meta property=\"og:title\" content=\"NGS Altavoz WILDDUB1 bateria 300W BT TWS\/USB - Aivlisoft Inform\u00e1tica\" \/>\n<meta property=\"og:description\" content=\"&#8211; Potente equipo de m&uacute;sica de alta potencia para disfrutar de la fiesta a todo volumen.&#8211; 300 W de potencia m&aacute;xima de salida, 2&#215;8&rdquo; woofer \/\/ 2&#215;3&rdquo; tweeter.&#8211; Dise&ntilde;o moderno que incluye dos asas, trolley y ruedas de transporte para m&aacute;xima movilidad.&#8211; Compatible con la tecnolog&iacute;a Bluetooth: Conecta tu dispositivo v&iacute;a Bluetooth y reproduce tu&hellip;&nbsp;NGS Altavoz WILDDUB1 bateria 300W BT TWS\/USB\" \/>\n<meta property=\"og:url\" content=\"https:\/\/aivlisoft.net\/shop\/producto\/ngs-altavoz-wilddub1-bateria-300w-bt-tws-usb\/\" \/>\n<meta property=\"og:site_name\" content=\"Aivlisoft Inform\u00e1tica\" \/>\n<meta property=\"article:modified_time\" content=\"2025-01-14T20:50:54+00:00\" \/>\n<meta property=\"og:image\" content=\"https:\/\/aivlisoft.net\/shop\/wp-content\/uploads\/2025\/01\/MAUAPO0491_800.jpg\" \/>\n\t<meta property=\"og:image:width\" content=\"800\" \/>\n\t<meta property=\"og:image:height\" content=\"800\" \/>\n\t<meta property=\"og:image:type\" content=\"image\/jpeg\" \/>\n<meta name=\"twitter:card\" content=\"summary_large_image\" \/>\n<meta name=\"twitter:label1\" content=\"Tiempo de lectura\" \/>\n\t<meta name=\"twitter:data1\" content=\"2 minutos\" \/>\n<script type=\"application\/ld+json\" class=\"yoast-schema-graph\">{\"@context\":\"https:\/\/schema.org\",\"@graph\":[{\"@type\":\"WebPage\",\"@id\":\"https:\/\/aivlisoft.net\/shop\/producto\/ngs-altavoz-wilddub1-bateria-300w-bt-tws-usb\/\",\"url\":\"https:\/\/aivlisoft.net\/shop\/producto\/ngs-altavoz-wilddub1-bateria-300w-bt-tws-usb\/\",\"name\":\"NGS Altavoz WILDDUB1 bateria 300W BT TWS\/USB - Aivlisoft Inform\u00e1tica\",\"isPartOf\":{\"@id\":\"https:\/\/aivlisoft.net\/shop\/#website\"},\"primaryImageOfPage\":{\"@id\":\"https:\/\/aivlisoft.net\/shop\/producto\/ngs-altavoz-wilddub1-bateria-300w-bt-tws-usb\/#primaryimage\"},\"image\":{\"@id\":\"https:\/\/aivlisoft.net\/shop\/producto\/ngs-altavoz-wilddub1-bateria-300w-bt-tws-usb\/#primaryimage\"},\"thumbnailUrl\":\"https:\/\/aivlisoft.net\/shop\/wp-content\/uploads\/2025\/01\/MAUAPO0491_800.jpg\",\"datePublished\":\"2025-01-13T15:03:18+00:00\",\"dateModified\":\"2025-01-14T20:50:54+00:00\",\"breadcrumb\":{\"@id\":\"https:\/\/aivlisoft.net\/shop\/producto\/ngs-altavoz-wilddub1-bateria-300w-bt-tws-usb\/#breadcrumb\"},\"inLanguage\":\"es\",\"potentialAction\":[{\"@type\":\"ReadAction\",\"target\":[\"https:\/\/aivlisoft.net\/shop\/producto\/ngs-altavoz-wilddub1-bateria-300w-bt-tws-usb\/\"]}]},{\"@type\":\"ImageObject\",\"inLanguage\":\"es\",\"@id\":\"https:\/\/aivlisoft.net\/shop\/producto\/ngs-altavoz-wilddub1-bateria-300w-bt-tws-usb\/#primaryimage\",\"url\":\"https:\/\/aivlisoft.net\/shop\/wp-content\/uploads\/2025\/01\/MAUAPO0491_800.jpg\",\"contentUrl\":\"https:\/\/aivlisoft.net\/shop\/wp-content\/uploads\/2025\/01\/MAUAPO0491_800.jpg\",\"width\":800,\"height\":800},{\"@type\":\"BreadcrumbList\",\"@id\":\"https:\/\/aivlisoft.net\/shop\/producto\/ngs-altavoz-wilddub1-bateria-300w-bt-tws-usb\/#breadcrumb\",\"itemListElement\":[{\"@type\":\"ListItem\",\"position\":1,\"name\":\"Portada\",\"item\":\"https:\/\/aivlisoft.net\/shop\/\"},{\"@type\":\"ListItem\",\"position\":2,\"name\":\"Tienda\",\"item\":\"https:\/\/aivlisoft.net\/shop\/tienda\/\"},{\"@type\":\"ListItem\",\"position\":3,\"name\":\"NGS Altavoz WILDDUB1 bateria 300W BT TWS\/USB\"}]},{\"@type\":\"WebSite\",\"@id\":\"https:\/\/aivlisoft.net\/shop\/#website\",\"url\":\"https:\/\/aivlisoft.net\/shop\/\",\"name\":\"Aivlisoft Inform\u00e1tica\",\"description\":\"En Aivlisoft Inform\u00e1tica ofrecemos soluciones tecnol\u00f3gicas para empresas: venta de ordenadores, consumibles, perif\u00e9ricos y m\u00e1s. Calidad, atenci\u00f3n personalizada y los mejores precios para tu negocio.\",\"publisher\":{\"@id\":\"https:\/\/aivlisoft.net\/shop\/#organization\"},\"potentialAction\":[{\"@type\":\"SearchAction\",\"target\":{\"@type\":\"EntryPoint\",\"urlTemplate\":\"https:\/\/aivlisoft.net\/shop\/?s={search_term_string}\"},\"query-input\":{\"@type\":\"PropertyValueSpecification\",\"valueRequired\":true,\"valueName\":\"search_term_string\"}}],\"inLanguage\":\"es\"},{\"@type\":\"Organization\",\"@id\":\"https:\/\/aivlisoft.net\/shop\/#organization\",\"name\":\"Aivlisoft Inform\u00e1tica\",\"url\":\"https:\/\/aivlisoft.net\/shop\/\",\"logo\":{\"@type\":\"ImageObject\",\"inLanguage\":\"es\",\"@id\":\"https:\/\/aivlisoft.net\/shop\/#\/schema\/logo\/image\/\",\"url\":\"https:\/\/aivlisoft.net\/shop\/wp-content\/uploads\/2024\/12\/removal.ai_5b848c54-0cdf-4140-95c5-c5536bb7573b-logodef.png\",\"contentUrl\":\"https:\/\/aivlisoft.net\/shop\/wp-content\/uploads\/2024\/12\/removal.ai_5b848c54-0cdf-4140-95c5-c5536bb7573b-logodef.png\",\"width\":484,\"height\":182,\"caption\":\"Aivlisoft Inform\u00e1tica\"},\"image\":{\"@id\":\"https:\/\/aivlisoft.net\/shop\/#\/schema\/logo\/image\/\"}}]}<\/script>\n<!-- \/ Yoast SEO plugin. -->","yoast_head_json":{"title":"NGS Altavoz WILDDUB1 bateria 300W BT TWS\/USB - Aivlisoft Inform\u00e1tica","robots":{"index":"index","follow":"follow","max-snippet":"max-snippet:-1","max-image-preview":"max-image-preview:large","max-video-preview":"max-video-preview:-1"},"canonical":"https:\/\/aivlisoft.net\/shop\/producto\/ngs-altavoz-wilddub1-bateria-300w-bt-tws-usb\/","og_locale":"es_ES","og_type":"article","og_title":"NGS Altavoz WILDDUB1 bateria 300W BT TWS\/USB - Aivlisoft Inform\u00e1tica","og_description":"&#8211; Potente equipo de m&uacute;sica de alta potencia para disfrutar de la fiesta a todo volumen.&#8211; 300 W de potencia m&aacute;xima de salida, 2&#215;8&rdquo; woofer \/\/ 2&#215;3&rdquo; tweeter.&#8211; Dise&ntilde;o moderno que incluye dos asas, trolley y ruedas de transporte para m&aacute;xima movilidad.&#8211; Compatible con la tecnolog&iacute;a Bluetooth: Conecta tu dispositivo v&iacute;a Bluetooth y reproduce tu&hellip;&nbsp;NGS Altavoz WILDDUB1 bateria 300W BT TWS\/USB","og_url":"https:\/\/aivlisoft.net\/shop\/producto\/ngs-altavoz-wilddub1-bateria-300w-bt-tws-usb\/","og_site_name":"Aivlisoft Inform\u00e1tica","article_modified_time":"2025-01-14T20:50:54+00:00","og_image":[{"width":800,"height":800,"url":"https:\/\/aivlisoft.net\/shop\/wp-content\/uploads\/2025\/01\/MAUAPO0491_800.jpg","type":"image\/jpeg"}],"twitter_card":"summary_large_image","twitter_misc":{"Tiempo de lectura":"2 minutos"},"schema":{"@context":"https:\/\/schema.org","@graph":[{"@type":"WebPage","@id":"https:\/\/aivlisoft.net\/shop\/producto\/ngs-altavoz-wilddub1-bateria-300w-bt-tws-usb\/","url":"https:\/\/aivlisoft.net\/shop\/producto\/ngs-altavoz-wilddub1-bateria-300w-bt-tws-usb\/","name":"NGS Altavoz WILDDUB1 bateria 300W BT TWS\/USB - Aivlisoft Inform\u00e1tica","isPartOf":{"@id":"https:\/\/aivlisoft.net\/shop\/#website"},"primaryImageOfPage":{"@id":"https:\/\/aivlisoft.net\/shop\/producto\/ngs-altavoz-wilddub1-bateria-300w-bt-tws-usb\/#primaryimage"},"image":{"@id":"https:\/\/aivlisoft.net\/shop\/producto\/ngs-altavoz-wilddub1-bateria-300w-bt-tws-usb\/#primaryimage"},"thumbnailUrl":"https:\/\/aivlisoft.net\/shop\/wp-content\/uploads\/2025\/01\/MAUAPO0491_800.jpg","datePublished":"2025-01-13T15:03:18+00:00","dateModified":"2025-01-14T20:50:54+00:00","breadcrumb":{"@id":"https:\/\/aivlisoft.net\/shop\/producto\/ngs-altavoz-wilddub1-bateria-300w-bt-tws-usb\/#breadcrumb"},"inLanguage":"es","potentialAction":[{"@type":"ReadAction","target":["https:\/\/aivlisoft.net\/shop\/producto\/ngs-altavoz-wilddub1-bateria-300w-bt-tws-usb\/"]}]},{"@type":"ImageObject","inLanguage":"es","@id":"https:\/\/aivlisoft.net\/shop\/producto\/ngs-altavoz-wilddub1-bateria-300w-bt-tws-usb\/#primaryimage","url":"https:\/\/aivlisoft.net\/shop\/wp-content\/uploads\/2025\/01\/MAUAPO0491_800.jpg","contentUrl":"https:\/\/aivlisoft.net\/shop\/wp-content\/uploads\/2025\/01\/MAUAPO0491_800.jpg","width":800,"height":800},{"@type":"BreadcrumbList","@id":"https:\/\/aivlisoft.net\/shop\/producto\/ngs-altavoz-wilddub1-bateria-300w-bt-tws-usb\/#breadcrumb","itemListElement":[{"@type":"ListItem","position":1,"name":"Portada","item":"https:\/\/aivlisoft.net\/shop\/"},{"@type":"ListItem","position":2,"name":"Tienda","item":"https:\/\/aivlisoft.net\/shop\/tienda\/"},{"@type":"ListItem","position":3,"name":"NGS Altavoz WILDDUB1 bateria 300W BT TWS\/USB"}]},{"@type":"WebSite","@id":"https:\/\/aivlisoft.net\/shop\/#website","url":"https:\/\/aivlisoft.net\/shop\/","name":"Aivlisoft Inform\u00e1tica","description":"En Aivlisoft Inform\u00e1tica ofrecemos soluciones tecnol\u00f3gicas para empresas: venta de ordenadores, consumibles, perif\u00e9ricos y m\u00e1s. Calidad, atenci\u00f3n personalizada y los mejores precios para tu negocio.","publisher":{"@id":"https:\/\/aivlisoft.net\/shop\/#organization"},"potentialAction":[{"@type":"SearchAction","target":{"@type":"EntryPoint","urlTemplate":"https:\/\/aivlisoft.net\/shop\/?s={search_term_string}"},"query-input":{"@type":"PropertyValueSpecification","valueRequired":true,"valueName":"search_term_string"}}],"inLanguage":"es"},{"@type":"Organization","@id":"https:\/\/aivlisoft.net\/shop\/#organization","name":"Aivlisoft Inform\u00e1tica","url":"https:\/\/aivlisoft.net\/shop\/","logo":{"@type":"ImageObject","inLanguage":"es","@id":"https:\/\/aivlisoft.net\/shop\/#\/schema\/logo\/image\/","url":"https:\/\/aivlisoft.net\/shop\/wp-content\/uploads\/2024\/12\/removal.ai_5b848c54-0cdf-4140-95c5-c5536bb7573b-logodef.png","contentUrl":"https:\/\/aivlisoft.net\/shop\/wp-content\/uploads\/2024\/12\/removal.ai_5b848c54-0cdf-4140-95c5-c5536bb7573b-logodef.png","width":484,"height":182,"caption":"Aivlisoft Inform\u00e1tica"},"image":{"@id":"https:\/\/aivlisoft.net\/shop\/#\/schema\/logo\/image\/"}}]}},"_links":{"self":[{"href":"https:\/\/aivlisoft.net\/shop\/wp-json\/wp\/v2\/product\/16534","targetHints":{"allow":["GET"]}}],"collection":[{"href":"https:\/\/aivlisoft.net\/shop\/wp-json\/wp\/v2\/product"}],"about":[{"href":"https:\/\/aivlisoft.net\/shop\/wp-json\/wp\/v2\/types\/product"}],"wp:featuredmedia":[{"embeddable":true,"href":"https:\/\/aivlisoft.net\/shop\/wp-json\/wp\/v2\/media\/16535"}],"wp:attachment":[{"href":"https:\/\/aivlisoft.net\/shop\/wp-json\/wp\/v2\/media?parent=16534"}],"wp:term":[{"taxonomy":"product_brand","embeddable":true,"href":"https:\/\/aivlisoft.net\/shop\/wp-json\/wp\/v2\/product_brand?post=16534"},{"taxonomy":"product_cat","embeddable":true,"href":"https:\/\/aivlisoft.net\/shop\/wp-json\/wp\/v2\/product_cat?post=16534"},{"taxonomy":"product_tag","embeddable":true,"href":"https:\/\/aivlisoft.net\/shop\/wp-json\/wp\/v2\/product_tag?post=16534"}],"curies":[{"name":"wp","href":"https:\/\/api.w.org\/{rel}","templated":true}]}}