{"id":16522,"date":"2025-01-13T15:03:08","date_gmt":"2025-01-13T15:03:08","guid":{"rendered":"https:\/\/aivlisoft.com\/?post_type=product&#038;p=16522"},"modified":"2025-01-14T20:50:57","modified_gmt":"2025-01-14T20:50:57","slug":"ngs-skycharm-torre-bluetooth-2-1-80w","status":"publish","type":"product","link":"https:\/\/aivlisoft.net\/shop\/producto\/ngs-skycharm-torre-bluetooth-2-1-80w\/","title":{"rendered":"NGS SKYCHARM Torre BLUETOOTH 2.1 80W"},"content":{"rendered":"<p>&#8211; Ofrece varias posibilidades de conexi&oacute;n: entrada &oacute;ptica para conexi&oacute;n de TV, compatible&nbsp; con Bluetooth, entrada de audio USB, radio FM y entrada de audio.<br \/>&#8211; Combina 2 torres en est&eacute;reo gracias al cable de audio, desde la salida de audio de la torre&nbsp; a la entrada de audio de la torre secundaria. La torre secundaria responder&aacute;&nbsp; solamente a los comandos principales de la torre.<br \/>&#8211; Simplemente conecte su cine en casa, TV o cualquier otro dispositivo a trav&eacute;s de&nbsp; Bluetooth.<br \/>&#8211; Escuche los olores mp3 almacenados en su memoria USB durante horas y disfrute de su&nbsp; listas de reproducci&oacute;n favoritas.<br \/>&#8211; Tambi&eacute;n contiene una radio FM con memoria predenida de estaciones a convertirse en&nbsp; un fant&aacute;stico reproductor multimedia.<br \/>&#8211; Utilice el puerto USB para cargar su dispositivo Bluetooth mientras escucha su&nbsp; canciones favoritas.<br \/>&#8211; Control completo de la reproducci&oacute;n musical con el mando a distancia incluido.<br \/>&nbsp;<\/p>\n<table class=\"tabla_caracteristicas\" width=\"100%\">\n<tr>\n<td><strong>Marca<\/strong><\/td>\n<td>NGS<\/td>\n<\/tr>\n<tr>\n<td valign=\"top\"><strong>Modelo<\/strong><\/td>\n<td><strong>SKYCHARM2.1<\/strong><\/td>\n<\/tr>\n<tr>\n<td><strong>Uso<\/strong><\/td>\n<td>&#8211; Torre de sonido bluetooth<\/td>\n<\/tr>\n<tr>\n<td><strong>Especificaciones T&eacute;cnicas<\/strong><\/td>\n<td>&#8211; Potencia de salida: 80W<br \/>\t\t\t&#8211; Compatible con Bluetooth<br \/>\t\t\t&#8211; Conectar 2 torres y elegir est&eacute;reo a trav&eacute;s de cable *<br \/>\t\t\t&#8211; Puerto de carga USB<br \/>\t\t\t&#8211; Radio FM<br \/>\t\t\t&#8211; Entrada de audio USB<br \/>\t\t\t&#8211; Entrada auxiliar<br \/>\t\t\t&#8211; Salida Auxiliar<br \/>\t\t\t&#8211; Entrada &oacute;ptica<br \/>\t\t\t&#8211; Pantalla LED<br \/>\t\t\t&#8211; Cubierta de madera<br \/>\t\t\t&#8211; RMS: 40W<\/td>\n<\/tr>\n<tr>\n<td valign=\"top\"><strong>Contenido del Embalaje<\/strong><\/td>\n<td>&#8211; 2.1 SKYCHARM<br \/>\t\t\t&#8211; Cable de audio de 3,5 mm<br \/>\t\t\t&#8211; Adaptador de corriente<br \/>\t\t\t&#8211; Control remoto<br \/>\t\t\t&#8211; Manual de usuario<br \/>\t\t\t&#8211; Tarjeta de garant&iacute;a de 2 a&ntilde;os<\/td>\n<\/tr>\n<tr>\n<td><strong>Fecha de revisi&oacute;n<\/strong><\/td>\n<td>18-08-2021 por YMC<\/td>\n<\/tr>\n<\/table>\n","protected":false},"excerpt":{"rendered":"<p>&#8211; Ofrece varias posibilidades de conexi&oacute;n: entrada &oacute;ptica para conexi&oacute;n de TV, compatible&nbsp; con Bluetooth, entrada de audio USB, radio FM y entrada de audio.&#8211; Combina 2 torres en est&eacute;reo gracias al cable de audio, desde la salida de audio de la torre&nbsp; a la entrada de audio de la torre secundaria. La torre secundaria&hellip;&nbsp;<a href=\"https:\/\/aivlisoft.net\/shop\/producto\/ngs-skycharm-torre-bluetooth-2-1-80w\/\" rel=\"bookmark\"><span class=\"screen-reader-text\">NGS SKYCHARM Torre BLUETOOTH 2.1 80W<\/span><\/a><\/p>\n","protected":false},"featured_media":16523,"template":"","meta":{"neve_meta_sidebar":"","neve_meta_container":"","neve_meta_enable_content_width":"","neve_meta_content_width":0,"neve_meta_title_alignment":"","neve_meta_author_avatar":"","neve_post_elements_order":"","neve_meta_disable_header":"","neve_meta_disable_footer":"","neve_meta_disable_title":""},"product_brand":[],"product_cat":[15,957,5818],"product_tag":[6131],"class_list":{"0":"post-16522","1":"product","2":"type-product","3":"status-publish","4":"has-post-thumbnail","6":"product_cat-sin-categorizar","7":"product_cat-accesorios-imagen-y-sonido","8":"product_cat-audio","9":"product_tag-skycharm2-1","11":"first","12":"instock","13":"taxable","14":"shipping-taxable","15":"purchasable","16":"product-type-simple"},"yoast_head":"<!-- This site is optimized with the Yoast SEO plugin v26.0 - https:\/\/yoast.com\/wordpress\/plugins\/seo\/ -->\n<title>NGS SKYCHARM Torre BLUETOOTH 2.1 80W - Aivlisoft Inform\u00e1tica<\/title>\n<meta name=\"robots\" content=\"index, follow, max-snippet:-1, max-image-preview:large, max-video-preview:-1\" \/>\n<link rel=\"canonical\" href=\"https:\/\/aivlisoft.net\/shop\/producto\/ngs-skycharm-torre-bluetooth-2-1-80w\/\" \/>\n<meta property=\"og:locale\" content=\"es_ES\" \/>\n<meta property=\"og:type\" content=\"article\" \/>\n<meta property=\"og:title\" content=\"NGS SKYCHARM Torre BLUETOOTH 2.1 80W - Aivlisoft Inform\u00e1tica\" \/>\n<meta property=\"og:description\" content=\"&#8211; Ofrece varias posibilidades de conexi&oacute;n: entrada &oacute;ptica para conexi&oacute;n de TV, compatible&nbsp; con Bluetooth, entrada de audio USB, radio FM y entrada de audio.&#8211; Combina 2 torres en est&eacute;reo gracias al cable de audio, desde la salida de audio de la torre&nbsp; a la entrada de audio de la torre secundaria. La torre secundaria&hellip;&nbsp;NGS SKYCHARM Torre BLUETOOTH 2.1 80W\" \/>\n<meta property=\"og:url\" content=\"https:\/\/aivlisoft.net\/shop\/producto\/ngs-skycharm-torre-bluetooth-2-1-80w\/\" \/>\n<meta property=\"og:site_name\" content=\"Aivlisoft Inform\u00e1tica\" \/>\n<meta property=\"article:modified_time\" content=\"2025-01-14T20:50:57+00:00\" \/>\n<meta property=\"og:image\" content=\"https:\/\/aivlisoft.net\/shop\/wp-content\/uploads\/2025\/01\/MAUAPO0484_800.jpg\" \/>\n\t<meta property=\"og:image:width\" content=\"800\" \/>\n\t<meta property=\"og:image:height\" content=\"800\" \/>\n\t<meta property=\"og:image:type\" content=\"image\/jpeg\" \/>\n<meta name=\"twitter:card\" content=\"summary_large_image\" \/>\n<meta name=\"twitter:label1\" content=\"Tiempo de lectura\" \/>\n\t<meta name=\"twitter:data1\" content=\"1 minuto\" \/>\n<script type=\"application\/ld+json\" class=\"yoast-schema-graph\">{\"@context\":\"https:\/\/schema.org\",\"@graph\":[{\"@type\":\"WebPage\",\"@id\":\"https:\/\/aivlisoft.net\/shop\/producto\/ngs-skycharm-torre-bluetooth-2-1-80w\/\",\"url\":\"https:\/\/aivlisoft.net\/shop\/producto\/ngs-skycharm-torre-bluetooth-2-1-80w\/\",\"name\":\"NGS SKYCHARM Torre BLUETOOTH 2.1 80W - Aivlisoft Inform\u00e1tica\",\"isPartOf\":{\"@id\":\"https:\/\/aivlisoft.net\/shop\/#website\"},\"primaryImageOfPage\":{\"@id\":\"https:\/\/aivlisoft.net\/shop\/producto\/ngs-skycharm-torre-bluetooth-2-1-80w\/#primaryimage\"},\"image\":{\"@id\":\"https:\/\/aivlisoft.net\/shop\/producto\/ngs-skycharm-torre-bluetooth-2-1-80w\/#primaryimage\"},\"thumbnailUrl\":\"https:\/\/aivlisoft.net\/shop\/wp-content\/uploads\/2025\/01\/MAUAPO0484_800.jpg\",\"datePublished\":\"2025-01-13T15:03:08+00:00\",\"dateModified\":\"2025-01-14T20:50:57+00:00\",\"breadcrumb\":{\"@id\":\"https:\/\/aivlisoft.net\/shop\/producto\/ngs-skycharm-torre-bluetooth-2-1-80w\/#breadcrumb\"},\"inLanguage\":\"es\",\"potentialAction\":[{\"@type\":\"ReadAction\",\"target\":[\"https:\/\/aivlisoft.net\/shop\/producto\/ngs-skycharm-torre-bluetooth-2-1-80w\/\"]}]},{\"@type\":\"ImageObject\",\"inLanguage\":\"es\",\"@id\":\"https:\/\/aivlisoft.net\/shop\/producto\/ngs-skycharm-torre-bluetooth-2-1-80w\/#primaryimage\",\"url\":\"https:\/\/aivlisoft.net\/shop\/wp-content\/uploads\/2025\/01\/MAUAPO0484_800.jpg\",\"contentUrl\":\"https:\/\/aivlisoft.net\/shop\/wp-content\/uploads\/2025\/01\/MAUAPO0484_800.jpg\",\"width\":800,\"height\":800},{\"@type\":\"BreadcrumbList\",\"@id\":\"https:\/\/aivlisoft.net\/shop\/producto\/ngs-skycharm-torre-bluetooth-2-1-80w\/#breadcrumb\",\"itemListElement\":[{\"@type\":\"ListItem\",\"position\":1,\"name\":\"Portada\",\"item\":\"https:\/\/aivlisoft.net\/shop\/\"},{\"@type\":\"ListItem\",\"position\":2,\"name\":\"Tienda\",\"item\":\"https:\/\/aivlisoft.net\/shop\/tienda\/\"},{\"@type\":\"ListItem\",\"position\":3,\"name\":\"NGS SKYCHARM Torre BLUETOOTH 2.1 80W\"}]},{\"@type\":\"WebSite\",\"@id\":\"https:\/\/aivlisoft.net\/shop\/#website\",\"url\":\"https:\/\/aivlisoft.net\/shop\/\",\"name\":\"Aivlisoft Inform\u00e1tica\",\"description\":\"En Aivlisoft Inform\u00e1tica ofrecemos soluciones tecnol\u00f3gicas para empresas: venta de ordenadores, consumibles, perif\u00e9ricos y m\u00e1s. Calidad, atenci\u00f3n personalizada y los mejores precios para tu negocio.\",\"publisher\":{\"@id\":\"https:\/\/aivlisoft.net\/shop\/#organization\"},\"potentialAction\":[{\"@type\":\"SearchAction\",\"target\":{\"@type\":\"EntryPoint\",\"urlTemplate\":\"https:\/\/aivlisoft.net\/shop\/?s={search_term_string}\"},\"query-input\":{\"@type\":\"PropertyValueSpecification\",\"valueRequired\":true,\"valueName\":\"search_term_string\"}}],\"inLanguage\":\"es\"},{\"@type\":\"Organization\",\"@id\":\"https:\/\/aivlisoft.net\/shop\/#organization\",\"name\":\"Aivlisoft Inform\u00e1tica\",\"url\":\"https:\/\/aivlisoft.net\/shop\/\",\"logo\":{\"@type\":\"ImageObject\",\"inLanguage\":\"es\",\"@id\":\"https:\/\/aivlisoft.net\/shop\/#\/schema\/logo\/image\/\",\"url\":\"https:\/\/aivlisoft.net\/shop\/wp-content\/uploads\/2024\/12\/removal.ai_5b848c54-0cdf-4140-95c5-c5536bb7573b-logodef.png\",\"contentUrl\":\"https:\/\/aivlisoft.net\/shop\/wp-content\/uploads\/2024\/12\/removal.ai_5b848c54-0cdf-4140-95c5-c5536bb7573b-logodef.png\",\"width\":484,\"height\":182,\"caption\":\"Aivlisoft Inform\u00e1tica\"},\"image\":{\"@id\":\"https:\/\/aivlisoft.net\/shop\/#\/schema\/logo\/image\/\"}}]}<\/script>\n<!-- \/ Yoast SEO plugin. -->","yoast_head_json":{"title":"NGS SKYCHARM Torre BLUETOOTH 2.1 80W - Aivlisoft Inform\u00e1tica","robots":{"index":"index","follow":"follow","max-snippet":"max-snippet:-1","max-image-preview":"max-image-preview:large","max-video-preview":"max-video-preview:-1"},"canonical":"https:\/\/aivlisoft.net\/shop\/producto\/ngs-skycharm-torre-bluetooth-2-1-80w\/","og_locale":"es_ES","og_type":"article","og_title":"NGS SKYCHARM Torre BLUETOOTH 2.1 80W - Aivlisoft Inform\u00e1tica","og_description":"&#8211; Ofrece varias posibilidades de conexi&oacute;n: entrada &oacute;ptica para conexi&oacute;n de TV, compatible&nbsp; con Bluetooth, entrada de audio USB, radio FM y entrada de audio.&#8211; Combina 2 torres en est&eacute;reo gracias al cable de audio, desde la salida de audio de la torre&nbsp; a la entrada de audio de la torre secundaria. La torre secundaria&hellip;&nbsp;NGS SKYCHARM Torre BLUETOOTH 2.1 80W","og_url":"https:\/\/aivlisoft.net\/shop\/producto\/ngs-skycharm-torre-bluetooth-2-1-80w\/","og_site_name":"Aivlisoft Inform\u00e1tica","article_modified_time":"2025-01-14T20:50:57+00:00","og_image":[{"width":800,"height":800,"url":"https:\/\/aivlisoft.net\/shop\/wp-content\/uploads\/2025\/01\/MAUAPO0484_800.jpg","type":"image\/jpeg"}],"twitter_card":"summary_large_image","twitter_misc":{"Tiempo de lectura":"1 minuto"},"schema":{"@context":"https:\/\/schema.org","@graph":[{"@type":"WebPage","@id":"https:\/\/aivlisoft.net\/shop\/producto\/ngs-skycharm-torre-bluetooth-2-1-80w\/","url":"https:\/\/aivlisoft.net\/shop\/producto\/ngs-skycharm-torre-bluetooth-2-1-80w\/","name":"NGS SKYCHARM Torre BLUETOOTH 2.1 80W - Aivlisoft Inform\u00e1tica","isPartOf":{"@id":"https:\/\/aivlisoft.net\/shop\/#website"},"primaryImageOfPage":{"@id":"https:\/\/aivlisoft.net\/shop\/producto\/ngs-skycharm-torre-bluetooth-2-1-80w\/#primaryimage"},"image":{"@id":"https:\/\/aivlisoft.net\/shop\/producto\/ngs-skycharm-torre-bluetooth-2-1-80w\/#primaryimage"},"thumbnailUrl":"https:\/\/aivlisoft.net\/shop\/wp-content\/uploads\/2025\/01\/MAUAPO0484_800.jpg","datePublished":"2025-01-13T15:03:08+00:00","dateModified":"2025-01-14T20:50:57+00:00","breadcrumb":{"@id":"https:\/\/aivlisoft.net\/shop\/producto\/ngs-skycharm-torre-bluetooth-2-1-80w\/#breadcrumb"},"inLanguage":"es","potentialAction":[{"@type":"ReadAction","target":["https:\/\/aivlisoft.net\/shop\/producto\/ngs-skycharm-torre-bluetooth-2-1-80w\/"]}]},{"@type":"ImageObject","inLanguage":"es","@id":"https:\/\/aivlisoft.net\/shop\/producto\/ngs-skycharm-torre-bluetooth-2-1-80w\/#primaryimage","url":"https:\/\/aivlisoft.net\/shop\/wp-content\/uploads\/2025\/01\/MAUAPO0484_800.jpg","contentUrl":"https:\/\/aivlisoft.net\/shop\/wp-content\/uploads\/2025\/01\/MAUAPO0484_800.jpg","width":800,"height":800},{"@type":"BreadcrumbList","@id":"https:\/\/aivlisoft.net\/shop\/producto\/ngs-skycharm-torre-bluetooth-2-1-80w\/#breadcrumb","itemListElement":[{"@type":"ListItem","position":1,"name":"Portada","item":"https:\/\/aivlisoft.net\/shop\/"},{"@type":"ListItem","position":2,"name":"Tienda","item":"https:\/\/aivlisoft.net\/shop\/tienda\/"},{"@type":"ListItem","position":3,"name":"NGS SKYCHARM Torre BLUETOOTH 2.1 80W"}]},{"@type":"WebSite","@id":"https:\/\/aivlisoft.net\/shop\/#website","url":"https:\/\/aivlisoft.net\/shop\/","name":"Aivlisoft Inform\u00e1tica","description":"En Aivlisoft Inform\u00e1tica ofrecemos soluciones tecnol\u00f3gicas para empresas: venta de ordenadores, consumibles, perif\u00e9ricos y m\u00e1s. Calidad, atenci\u00f3n personalizada y los mejores precios para tu negocio.","publisher":{"@id":"https:\/\/aivlisoft.net\/shop\/#organization"},"potentialAction":[{"@type":"SearchAction","target":{"@type":"EntryPoint","urlTemplate":"https:\/\/aivlisoft.net\/shop\/?s={search_term_string}"},"query-input":{"@type":"PropertyValueSpecification","valueRequired":true,"valueName":"search_term_string"}}],"inLanguage":"es"},{"@type":"Organization","@id":"https:\/\/aivlisoft.net\/shop\/#organization","name":"Aivlisoft Inform\u00e1tica","url":"https:\/\/aivlisoft.net\/shop\/","logo":{"@type":"ImageObject","inLanguage":"es","@id":"https:\/\/aivlisoft.net\/shop\/#\/schema\/logo\/image\/","url":"https:\/\/aivlisoft.net\/shop\/wp-content\/uploads\/2024\/12\/removal.ai_5b848c54-0cdf-4140-95c5-c5536bb7573b-logodef.png","contentUrl":"https:\/\/aivlisoft.net\/shop\/wp-content\/uploads\/2024\/12\/removal.ai_5b848c54-0cdf-4140-95c5-c5536bb7573b-logodef.png","width":484,"height":182,"caption":"Aivlisoft Inform\u00e1tica"},"image":{"@id":"https:\/\/aivlisoft.net\/shop\/#\/schema\/logo\/image\/"}}]}},"_links":{"self":[{"href":"https:\/\/aivlisoft.net\/shop\/wp-json\/wp\/v2\/product\/16522","targetHints":{"allow":["GET"]}}],"collection":[{"href":"https:\/\/aivlisoft.net\/shop\/wp-json\/wp\/v2\/product"}],"about":[{"href":"https:\/\/aivlisoft.net\/shop\/wp-json\/wp\/v2\/types\/product"}],"wp:featuredmedia":[{"embeddable":true,"href":"https:\/\/aivlisoft.net\/shop\/wp-json\/wp\/v2\/media\/16523"}],"wp:attachment":[{"href":"https:\/\/aivlisoft.net\/shop\/wp-json\/wp\/v2\/media?parent=16522"}],"wp:term":[{"taxonomy":"product_brand","embeddable":true,"href":"https:\/\/aivlisoft.net\/shop\/wp-json\/wp\/v2\/product_brand?post=16522"},{"taxonomy":"product_cat","embeddable":true,"href":"https:\/\/aivlisoft.net\/shop\/wp-json\/wp\/v2\/product_cat?post=16522"},{"taxonomy":"product_tag","embeddable":true,"href":"https:\/\/aivlisoft.net\/shop\/wp-json\/wp\/v2\/product_tag?post=16522"}],"curies":[{"name":"wp","href":"https:\/\/api.w.org\/{rel}","templated":true}]}}