{"id":16512,"date":"2025-01-13T15:03:03","date_gmt":"2025-01-13T15:03:03","guid":{"rendered":"https:\/\/aivlisoft.com\/?post_type=product&#038;p=16512"},"modified":"2025-01-14T20:53:29","modified_gmt":"2025-01-14T20:53:29","slug":"ngs-altavoces-gaming-rgb-12w-usb-gsx-150","status":"publish","type":"product","link":"https:\/\/aivlisoft.net\/shop\/producto\/ngs-altavoces-gaming-rgb-12w-usb-gsx-150\/","title":{"rendered":"NGS Altavoces GAMING RGB 12W USB GSX-150"},"content":{"rendered":"<p><strong>Altavoces est&eacute;reo con iluminaci&oacute;n LED RGB<\/strong>. M&aacute;xima potencia de 12W<\/p>\n<p>Los altavoces pueden colocarse en cualquier lugar gracias a su dise&ntilde;o compacto y port&aacute;til. Son un accesorio perfecto para cualquier escritorio. Su l&iacute;nea moderna y elegante es ideal para casas modernas y oficinas.<\/p>\n<p>Compatible con entradas de audio: puedes usar el cable de entrada de audio de 3,5 mm para reproducir contenido desde tu PC, Mac u otros dispositivos simult&aacute;neamente.<\/p>\n<p>Sencillamente conecta el altavoz y se encender&aacute; con un ciclo autom&aacute;tico de color RGB. Compatibilidad: funciona con cualquier PC\/port&aacute;til.<\/p>\n<p>F&aacute;cil acceso: funciones on\/off y de volumen integradas en un solo bot&oacute;n en la parte delantera de los altavoces. Podr&aacute;s controlar ambos altavoces 2.0 con un solo bot&oacute;n.<\/p>\n<p>Materiales de alta calidad y una elegante rejilla de metal para una mayor protecci&oacute;n. Alimentaci&oacute;n por USB. No necesita enchufe. Instalaci&oacute;n &quot;Plug and Play&quot;<\/p>\n<table class=\"tabla_caracteristicas k-table\" width=\"100%\">\n<tr>\n<td><strong>Marca<\/strong><\/td>\n<td>NGS<\/td>\n<\/tr>\n<tr>\n<td><strong>Modelo<\/strong><\/td>\n<td><strong>GSX-150<\/strong><\/td>\n<\/tr>\n<tr>\n<td><strong>Caracter&iacute;sticas<\/strong><\/td>\n<td>&#8211; Control de volumen<br \/>\t\t\t&#8211; Alimentado por: USB<br \/>\t\t\t&#8211; Dimensiones: 7.8 x 9 x 16.5 cm<br \/>\t\t\t&#8211; Luces LED<br \/>\t\t\t&#8211; Protegido magn&eacute;ticamente<br \/>\t\t\t&#8211; Sonido de alta calidad<br \/>\t\t\t&#8211; Potencia m&aacute;xima de salida: 12 W (2 x 6 W)<br \/>\t\t\t&#8211; Gama de frecuencias: 300Hz ~ 20kHz<br \/>\t\t\t&#8211; Potencia de entrada: DC 5V<br \/>\t\t\t&#8211; Dimensiones: 78 x 90 x 165 mm<br \/>\t\t\t&#8211; RMS: 6 W (2 x 3 W)<br \/>\t\t\t&#8211; Luces LED RGB<br \/>\t\t\t<strong>Contenido<\/strong><br \/>\t\t\t&#8211; GSX-150<br \/>\t\t\t&#8211; Gu&iacute;a de instalaci&oacute;n<\/td>\n<\/tr>\n<tr>\n<td><strong>Fecha de revisi&oacute;n<\/strong><\/td>\n<td>14-05-2021 por MPM<\/td>\n<\/tr>\n<\/table>\n","protected":false},"excerpt":{"rendered":"<p>Altavoces est&eacute;reo con iluminaci&oacute;n LED RGB. M&aacute;xima potencia de 12W Los altavoces pueden colocarse en cualquier lugar gracias a su dise&ntilde;o compacto y port&aacute;til. Son un accesorio perfecto para cualquier escritorio. Su l&iacute;nea moderna y elegante es ideal para casas modernas y oficinas. Compatible con entradas de audio: puedes usar el cable de entrada de&hellip;&nbsp;<a href=\"https:\/\/aivlisoft.net\/shop\/producto\/ngs-altavoces-gaming-rgb-12w-usb-gsx-150\/\" rel=\"bookmark\"><span class=\"screen-reader-text\">NGS Altavoces GAMING RGB 12W USB GSX-150<\/span><\/a><\/p>\n","protected":false},"featured_media":16513,"template":"","meta":{"neve_meta_sidebar":"","neve_meta_container":"","neve_meta_enable_content_width":"","neve_meta_content_width":0,"neve_meta_title_alignment":"","neve_meta_author_avatar":"","neve_post_elements_order":"","neve_meta_disable_header":"","neve_meta_disable_footer":"","neve_meta_disable_title":""},"product_brand":[],"product_cat":[15,957,5818],"product_tag":[6128],"class_list":{"0":"post-16512","1":"product","2":"type-product","3":"status-publish","4":"has-post-thumbnail","6":"product_cat-sin-categorizar","7":"product_cat-accesorios-imagen-y-sonido","8":"product_cat-audio","9":"product_tag-gsx-150","11":"first","12":"instock","13":"taxable","14":"shipping-taxable","15":"purchasable","16":"product-type-simple"},"yoast_head":"<!-- This site is optimized with the Yoast SEO plugin v26.0 - https:\/\/yoast.com\/wordpress\/plugins\/seo\/ -->\n<title>NGS Altavoces GAMING RGB 12W USB GSX-150 - Aivlisoft Inform\u00e1tica<\/title>\n<meta name=\"robots\" content=\"index, follow, max-snippet:-1, max-image-preview:large, max-video-preview:-1\" \/>\n<link rel=\"canonical\" href=\"https:\/\/aivlisoft.net\/shop\/producto\/ngs-altavoces-gaming-rgb-12w-usb-gsx-150\/\" \/>\n<meta property=\"og:locale\" content=\"es_ES\" \/>\n<meta property=\"og:type\" content=\"article\" \/>\n<meta property=\"og:title\" content=\"NGS Altavoces GAMING RGB 12W USB GSX-150 - Aivlisoft Inform\u00e1tica\" \/>\n<meta property=\"og:description\" content=\"Altavoces est&eacute;reo con iluminaci&oacute;n LED RGB. M&aacute;xima potencia de 12W Los altavoces pueden colocarse en cualquier lugar gracias a su dise&ntilde;o compacto y port&aacute;til. Son un accesorio perfecto para cualquier escritorio. Su l&iacute;nea moderna y elegante es ideal para casas modernas y oficinas. Compatible con entradas de audio: puedes usar el cable de entrada de&hellip;&nbsp;NGS Altavoces GAMING RGB 12W USB GSX-150\" \/>\n<meta property=\"og:url\" content=\"https:\/\/aivlisoft.net\/shop\/producto\/ngs-altavoces-gaming-rgb-12w-usb-gsx-150\/\" \/>\n<meta property=\"og:site_name\" content=\"Aivlisoft Inform\u00e1tica\" \/>\n<meta property=\"article:modified_time\" content=\"2025-01-14T20:53:29+00:00\" \/>\n<meta property=\"og:image\" content=\"https:\/\/aivlisoft.net\/shop\/wp-content\/uploads\/2025\/01\/MAUAPO0474_800.jpg\" \/>\n\t<meta property=\"og:image:width\" content=\"800\" \/>\n\t<meta property=\"og:image:height\" content=\"800\" \/>\n\t<meta property=\"og:image:type\" content=\"image\/jpeg\" \/>\n<meta name=\"twitter:card\" content=\"summary_large_image\" \/>\n<meta name=\"twitter:label1\" content=\"Tiempo de lectura\" \/>\n\t<meta name=\"twitter:data1\" content=\"1 minuto\" \/>\n<script type=\"application\/ld+json\" class=\"yoast-schema-graph\">{\"@context\":\"https:\/\/schema.org\",\"@graph\":[{\"@type\":\"WebPage\",\"@id\":\"https:\/\/aivlisoft.net\/shop\/producto\/ngs-altavoces-gaming-rgb-12w-usb-gsx-150\/\",\"url\":\"https:\/\/aivlisoft.net\/shop\/producto\/ngs-altavoces-gaming-rgb-12w-usb-gsx-150\/\",\"name\":\"NGS Altavoces GAMING RGB 12W USB GSX-150 - Aivlisoft Inform\u00e1tica\",\"isPartOf\":{\"@id\":\"https:\/\/aivlisoft.net\/shop\/#website\"},\"primaryImageOfPage\":{\"@id\":\"https:\/\/aivlisoft.net\/shop\/producto\/ngs-altavoces-gaming-rgb-12w-usb-gsx-150\/#primaryimage\"},\"image\":{\"@id\":\"https:\/\/aivlisoft.net\/shop\/producto\/ngs-altavoces-gaming-rgb-12w-usb-gsx-150\/#primaryimage\"},\"thumbnailUrl\":\"https:\/\/aivlisoft.net\/shop\/wp-content\/uploads\/2025\/01\/MAUAPO0474_800.jpg\",\"datePublished\":\"2025-01-13T15:03:03+00:00\",\"dateModified\":\"2025-01-14T20:53:29+00:00\",\"breadcrumb\":{\"@id\":\"https:\/\/aivlisoft.net\/shop\/producto\/ngs-altavoces-gaming-rgb-12w-usb-gsx-150\/#breadcrumb\"},\"inLanguage\":\"es\",\"potentialAction\":[{\"@type\":\"ReadAction\",\"target\":[\"https:\/\/aivlisoft.net\/shop\/producto\/ngs-altavoces-gaming-rgb-12w-usb-gsx-150\/\"]}]},{\"@type\":\"ImageObject\",\"inLanguage\":\"es\",\"@id\":\"https:\/\/aivlisoft.net\/shop\/producto\/ngs-altavoces-gaming-rgb-12w-usb-gsx-150\/#primaryimage\",\"url\":\"https:\/\/aivlisoft.net\/shop\/wp-content\/uploads\/2025\/01\/MAUAPO0474_800.jpg\",\"contentUrl\":\"https:\/\/aivlisoft.net\/shop\/wp-content\/uploads\/2025\/01\/MAUAPO0474_800.jpg\",\"width\":800,\"height\":800},{\"@type\":\"BreadcrumbList\",\"@id\":\"https:\/\/aivlisoft.net\/shop\/producto\/ngs-altavoces-gaming-rgb-12w-usb-gsx-150\/#breadcrumb\",\"itemListElement\":[{\"@type\":\"ListItem\",\"position\":1,\"name\":\"Portada\",\"item\":\"https:\/\/aivlisoft.net\/shop\/\"},{\"@type\":\"ListItem\",\"position\":2,\"name\":\"Tienda\",\"item\":\"https:\/\/aivlisoft.net\/shop\/tienda\/\"},{\"@type\":\"ListItem\",\"position\":3,\"name\":\"NGS Altavoces GAMING RGB 12W USB GSX-150\"}]},{\"@type\":\"WebSite\",\"@id\":\"https:\/\/aivlisoft.net\/shop\/#website\",\"url\":\"https:\/\/aivlisoft.net\/shop\/\",\"name\":\"Aivlisoft Inform\u00e1tica\",\"description\":\"En Aivlisoft Inform\u00e1tica ofrecemos soluciones tecnol\u00f3gicas para empresas: venta de ordenadores, consumibles, perif\u00e9ricos y m\u00e1s. Calidad, atenci\u00f3n personalizada y los mejores precios para tu negocio.\",\"publisher\":{\"@id\":\"https:\/\/aivlisoft.net\/shop\/#organization\"},\"potentialAction\":[{\"@type\":\"SearchAction\",\"target\":{\"@type\":\"EntryPoint\",\"urlTemplate\":\"https:\/\/aivlisoft.net\/shop\/?s={search_term_string}\"},\"query-input\":{\"@type\":\"PropertyValueSpecification\",\"valueRequired\":true,\"valueName\":\"search_term_string\"}}],\"inLanguage\":\"es\"},{\"@type\":\"Organization\",\"@id\":\"https:\/\/aivlisoft.net\/shop\/#organization\",\"name\":\"Aivlisoft Inform\u00e1tica\",\"url\":\"https:\/\/aivlisoft.net\/shop\/\",\"logo\":{\"@type\":\"ImageObject\",\"inLanguage\":\"es\",\"@id\":\"https:\/\/aivlisoft.net\/shop\/#\/schema\/logo\/image\/\",\"url\":\"https:\/\/aivlisoft.net\/shop\/wp-content\/uploads\/2024\/12\/removal.ai_5b848c54-0cdf-4140-95c5-c5536bb7573b-logodef.png\",\"contentUrl\":\"https:\/\/aivlisoft.net\/shop\/wp-content\/uploads\/2024\/12\/removal.ai_5b848c54-0cdf-4140-95c5-c5536bb7573b-logodef.png\",\"width\":484,\"height\":182,\"caption\":\"Aivlisoft Inform\u00e1tica\"},\"image\":{\"@id\":\"https:\/\/aivlisoft.net\/shop\/#\/schema\/logo\/image\/\"}}]}<\/script>\n<!-- \/ Yoast SEO plugin. -->","yoast_head_json":{"title":"NGS Altavoces GAMING RGB 12W USB GSX-150 - Aivlisoft Inform\u00e1tica","robots":{"index":"index","follow":"follow","max-snippet":"max-snippet:-1","max-image-preview":"max-image-preview:large","max-video-preview":"max-video-preview:-1"},"canonical":"https:\/\/aivlisoft.net\/shop\/producto\/ngs-altavoces-gaming-rgb-12w-usb-gsx-150\/","og_locale":"es_ES","og_type":"article","og_title":"NGS Altavoces GAMING RGB 12W USB GSX-150 - Aivlisoft Inform\u00e1tica","og_description":"Altavoces est&eacute;reo con iluminaci&oacute;n LED RGB. M&aacute;xima potencia de 12W Los altavoces pueden colocarse en cualquier lugar gracias a su dise&ntilde;o compacto y port&aacute;til. Son un accesorio perfecto para cualquier escritorio. Su l&iacute;nea moderna y elegante es ideal para casas modernas y oficinas. Compatible con entradas de audio: puedes usar el cable de entrada de&hellip;&nbsp;NGS Altavoces GAMING RGB 12W USB GSX-150","og_url":"https:\/\/aivlisoft.net\/shop\/producto\/ngs-altavoces-gaming-rgb-12w-usb-gsx-150\/","og_site_name":"Aivlisoft Inform\u00e1tica","article_modified_time":"2025-01-14T20:53:29+00:00","og_image":[{"width":800,"height":800,"url":"https:\/\/aivlisoft.net\/shop\/wp-content\/uploads\/2025\/01\/MAUAPO0474_800.jpg","type":"image\/jpeg"}],"twitter_card":"summary_large_image","twitter_misc":{"Tiempo de lectura":"1 minuto"},"schema":{"@context":"https:\/\/schema.org","@graph":[{"@type":"WebPage","@id":"https:\/\/aivlisoft.net\/shop\/producto\/ngs-altavoces-gaming-rgb-12w-usb-gsx-150\/","url":"https:\/\/aivlisoft.net\/shop\/producto\/ngs-altavoces-gaming-rgb-12w-usb-gsx-150\/","name":"NGS Altavoces GAMING RGB 12W USB GSX-150 - Aivlisoft Inform\u00e1tica","isPartOf":{"@id":"https:\/\/aivlisoft.net\/shop\/#website"},"primaryImageOfPage":{"@id":"https:\/\/aivlisoft.net\/shop\/producto\/ngs-altavoces-gaming-rgb-12w-usb-gsx-150\/#primaryimage"},"image":{"@id":"https:\/\/aivlisoft.net\/shop\/producto\/ngs-altavoces-gaming-rgb-12w-usb-gsx-150\/#primaryimage"},"thumbnailUrl":"https:\/\/aivlisoft.net\/shop\/wp-content\/uploads\/2025\/01\/MAUAPO0474_800.jpg","datePublished":"2025-01-13T15:03:03+00:00","dateModified":"2025-01-14T20:53:29+00:00","breadcrumb":{"@id":"https:\/\/aivlisoft.net\/shop\/producto\/ngs-altavoces-gaming-rgb-12w-usb-gsx-150\/#breadcrumb"},"inLanguage":"es","potentialAction":[{"@type":"ReadAction","target":["https:\/\/aivlisoft.net\/shop\/producto\/ngs-altavoces-gaming-rgb-12w-usb-gsx-150\/"]}]},{"@type":"ImageObject","inLanguage":"es","@id":"https:\/\/aivlisoft.net\/shop\/producto\/ngs-altavoces-gaming-rgb-12w-usb-gsx-150\/#primaryimage","url":"https:\/\/aivlisoft.net\/shop\/wp-content\/uploads\/2025\/01\/MAUAPO0474_800.jpg","contentUrl":"https:\/\/aivlisoft.net\/shop\/wp-content\/uploads\/2025\/01\/MAUAPO0474_800.jpg","width":800,"height":800},{"@type":"BreadcrumbList","@id":"https:\/\/aivlisoft.net\/shop\/producto\/ngs-altavoces-gaming-rgb-12w-usb-gsx-150\/#breadcrumb","itemListElement":[{"@type":"ListItem","position":1,"name":"Portada","item":"https:\/\/aivlisoft.net\/shop\/"},{"@type":"ListItem","position":2,"name":"Tienda","item":"https:\/\/aivlisoft.net\/shop\/tienda\/"},{"@type":"ListItem","position":3,"name":"NGS Altavoces GAMING RGB 12W USB GSX-150"}]},{"@type":"WebSite","@id":"https:\/\/aivlisoft.net\/shop\/#website","url":"https:\/\/aivlisoft.net\/shop\/","name":"Aivlisoft Inform\u00e1tica","description":"En Aivlisoft Inform\u00e1tica ofrecemos soluciones tecnol\u00f3gicas para empresas: venta de ordenadores, consumibles, perif\u00e9ricos y m\u00e1s. Calidad, atenci\u00f3n personalizada y los mejores precios para tu negocio.","publisher":{"@id":"https:\/\/aivlisoft.net\/shop\/#organization"},"potentialAction":[{"@type":"SearchAction","target":{"@type":"EntryPoint","urlTemplate":"https:\/\/aivlisoft.net\/shop\/?s={search_term_string}"},"query-input":{"@type":"PropertyValueSpecification","valueRequired":true,"valueName":"search_term_string"}}],"inLanguage":"es"},{"@type":"Organization","@id":"https:\/\/aivlisoft.net\/shop\/#organization","name":"Aivlisoft Inform\u00e1tica","url":"https:\/\/aivlisoft.net\/shop\/","logo":{"@type":"ImageObject","inLanguage":"es","@id":"https:\/\/aivlisoft.net\/shop\/#\/schema\/logo\/image\/","url":"https:\/\/aivlisoft.net\/shop\/wp-content\/uploads\/2024\/12\/removal.ai_5b848c54-0cdf-4140-95c5-c5536bb7573b-logodef.png","contentUrl":"https:\/\/aivlisoft.net\/shop\/wp-content\/uploads\/2024\/12\/removal.ai_5b848c54-0cdf-4140-95c5-c5536bb7573b-logodef.png","width":484,"height":182,"caption":"Aivlisoft Inform\u00e1tica"},"image":{"@id":"https:\/\/aivlisoft.net\/shop\/#\/schema\/logo\/image\/"}}]}},"_links":{"self":[{"href":"https:\/\/aivlisoft.net\/shop\/wp-json\/wp\/v2\/product\/16512","targetHints":{"allow":["GET"]}}],"collection":[{"href":"https:\/\/aivlisoft.net\/shop\/wp-json\/wp\/v2\/product"}],"about":[{"href":"https:\/\/aivlisoft.net\/shop\/wp-json\/wp\/v2\/types\/product"}],"wp:featuredmedia":[{"embeddable":true,"href":"https:\/\/aivlisoft.net\/shop\/wp-json\/wp\/v2\/media\/16513"}],"wp:attachment":[{"href":"https:\/\/aivlisoft.net\/shop\/wp-json\/wp\/v2\/media?parent=16512"}],"wp:term":[{"taxonomy":"product_brand","embeddable":true,"href":"https:\/\/aivlisoft.net\/shop\/wp-json\/wp\/v2\/product_brand?post=16512"},{"taxonomy":"product_cat","embeddable":true,"href":"https:\/\/aivlisoft.net\/shop\/wp-json\/wp\/v2\/product_cat?post=16512"},{"taxonomy":"product_tag","embeddable":true,"href":"https:\/\/aivlisoft.net\/shop\/wp-json\/wp\/v2\/product_tag?post=16512"}],"curies":[{"name":"wp","href":"https:\/\/api.w.org\/{rel}","templated":true}]}}