{"id":16487,"date":"2025-01-13T15:02:52","date_gmt":"2025-01-13T15:02:52","guid":{"rendered":"https:\/\/aivlisoft.com\/?post_type=product&#038;p=16487"},"modified":"2025-01-14T20:53:33","modified_gmt":"2025-01-14T20:53:33","slug":"energy-sistem-tower-5-g2-ivory-65w-bluetooth-tws-u","status":"publish","type":"product","link":"https:\/\/aivlisoft.net\/shop\/producto\/energy-sistem-tower-5-g2-ivory-65w-bluetooth-tws-u\/","title":{"rendered":"Energy Sistem Tower 5 G2 Ivory 65W Bluetooth TWS U"},"content":{"rendered":"<p><\/p>\n<table class=\"tabla_caracteristicas k-table\" width=\"100%\">\n<tbody>\n<tr>\n<td><strong>Marca<\/strong><\/td>\n<td>Energy Sistem<\/td>\n<\/tr>\n<tr>\n<td><strong>Modelo<\/strong><\/td>\n<td><strong>451203<\/strong><\/td>\n<\/tr>\n<tr>\n<td><strong>Tipo<\/strong><\/td>\n<td>&#8211; Torre de sonido Bluetooth<\/td>\n<\/tr>\n<tr>\n<td><strong>Otras caracter&iacute;sticas<\/strong><\/td>\n<td><strong>Audio<\/strong><br \/>&#8211; Sistema de sonido est&eacute;reo 2.1.<br \/>&#8211; Potencia: 65 W<br \/>&#8211; Respuesta en frecuencia: 40 Hz ~ 18 kHz.<br \/>&#8211; 1 altavoz de subgraves de 5&#8243; y 30 W.<br \/>&#8211; 2 altavoces de rango completo de 4&#8243; y 15 W.<br \/>&#8211; 1 altavoz de agudos de 1\u00bb, 5 W.<br \/>&#8211; Bass r&eacute;flex.<br \/>&#8211; Relaci&oacute;n Se&ntilde;al\/Ruido: &gt; 90 dB.<br \/><strong>Bluetooth<\/strong><br \/>&#8211; Bluetooth 5.0. True Wireless Stereo. Clase II.<br \/>&#8211; Hasta 20 metros de alcance.<br \/>&#8211; Soporta perfiles Bluetooth: A2DP, AVRCP.<br \/>&#8211; Frecuencia de trabajo: 2,4 GHz.<br \/>&#8211; Potencia m&aacute;xima de la se&ntilde;al: &lt; 20,00 dBm.<br \/><strong>Entradas anal&oacute;gicas<\/strong><br \/>&#8211; Entrada anal&oacute;gica jack de 3,5 mm<strong><\/strong><br \/><strong>Radio fm<\/strong><br \/>&#8211; Antena extra&iacute;ble externa con conector IEC.<br \/>&#8211; Rango de frecuencia: 87,5 ~ 108 MHz<br \/>&#8211; Funci&oacute;n de auto b&uacute;squeda con 50 presinton&iacute;as<br \/>&#8211; Funci&oacute;n de b&uacute;squeda y ajuste manual de emisoras.<br \/><strong>Alimentaci&oacute;n<\/strong><br \/>&#8211; Alimentaci&oacute;n AC\/DC de 100 ~ 240 V \/ 50 ~ 60 Hz<br \/>&#8211; Conector a la red dom&eacute;stica: EU plug<br \/>&#8211; Longitud del cable de alimentaci&oacute;n: 150 cm<br \/>&#8211; Consumo volumen medio: 6 Wh<br \/>&#8211; Consumo volumen m&aacute;ximo: 30 Wh<br \/><strong>Otros<\/strong><br \/>&#8211; Ecualizador anal&oacute;gico de 2 bandas.<br \/>&#8211; Ecualizador digital con 5 modos.<br \/>&#8211; Caja ac&uacute;stica de madera.<br \/>&#8211; Mando a distancia con 10 metros de alcance.<br \/>&#8211; Puerto USB de carga: 5 V, 2 A.<br \/>&#8211; Pantalla LED con segmentos.<br \/><strong>Dimensiones y peso<\/strong><br \/>&#8211; 100,5 x 17 x 15 cm<br \/>&#8211; 5,5 kg<br \/><strong>Contenido<\/strong><br \/>&#8211; Tower 5 g2<br \/>&#8211; Gu&iacute;a R&aacute;pida<br \/>&#8211; Mando a distancia + pilas<br \/>&#8211; Antena FM<\/td>\n<\/tr>\n<tr>\n<td><strong>Fecha de revisi&oacute;n<\/strong><\/td>\n<td>13-10-2020 por MPM<\/td>\n<\/tr>\n<\/tbody>\n<\/table>\n","protected":false},"excerpt":{"rendered":"<p>Marca Energy Sistem Modelo 451203 Tipo &#8211; Torre de sonido Bluetooth Otras caracter&iacute;sticas Audio&#8211; Sistema de sonido est&eacute;reo 2.1.&#8211; Potencia: 65 W&#8211; Respuesta en frecuencia: 40 Hz ~ 18 kHz.&#8211; 1 altavoz de subgraves de 5&#8243; y 30 W.&#8211; 2 altavoces de rango completo de 4&#8243; y 15 W.&#8211; 1 altavoz de agudos de 1\u00bb,&hellip;&nbsp;<a href=\"https:\/\/aivlisoft.net\/shop\/producto\/energy-sistem-tower-5-g2-ivory-65w-bluetooth-tws-u\/\" rel=\"bookmark\"><span class=\"screen-reader-text\">Energy Sistem Tower 5 G2 Ivory 65W Bluetooth TWS U<\/span><\/a><\/p>\n","protected":false},"featured_media":16488,"template":"","meta":{"neve_meta_sidebar":"","neve_meta_container":"","neve_meta_enable_content_width":"","neve_meta_content_width":0,"neve_meta_title_alignment":"","neve_meta_author_avatar":"","neve_post_elements_order":"","neve_meta_disable_header":"","neve_meta_disable_footer":"","neve_meta_disable_title":""},"product_brand":[],"product_cat":[15,957,5818],"product_tag":[6122],"class_list":{"0":"post-16487","1":"product","2":"type-product","3":"status-publish","4":"has-post-thumbnail","6":"product_cat-sin-categorizar","7":"product_cat-accesorios-imagen-y-sonido","8":"product_cat-audio","9":"product_tag-6122","11":"first","12":"instock","13":"taxable","14":"shipping-taxable","15":"purchasable","16":"product-type-simple"},"yoast_head":"<!-- This site is optimized with the Yoast SEO plugin v26.0 - https:\/\/yoast.com\/wordpress\/plugins\/seo\/ -->\n<title>Energy Sistem Tower 5 G2 Ivory 65W Bluetooth TWS U - Aivlisoft Inform\u00e1tica<\/title>\n<meta name=\"robots\" content=\"index, follow, max-snippet:-1, max-image-preview:large, max-video-preview:-1\" \/>\n<link rel=\"canonical\" href=\"https:\/\/aivlisoft.net\/shop\/producto\/energy-sistem-tower-5-g2-ivory-65w-bluetooth-tws-u\/\" \/>\n<meta property=\"og:locale\" content=\"es_ES\" \/>\n<meta property=\"og:type\" content=\"article\" \/>\n<meta property=\"og:title\" content=\"Energy Sistem Tower 5 G2 Ivory 65W Bluetooth TWS U - Aivlisoft Inform\u00e1tica\" \/>\n<meta property=\"og:description\" content=\"Marca Energy Sistem Modelo 451203 Tipo &#8211; Torre de sonido Bluetooth Otras caracter&iacute;sticas Audio&#8211; Sistema de sonido est&eacute;reo 2.1.&#8211; Potencia: 65 W&#8211; Respuesta en frecuencia: 40 Hz ~ 18 kHz.&#8211; 1 altavoz de subgraves de 5&#8243; y 30 W.&#8211; 2 altavoces de rango completo de 4&#8243; y 15 W.&#8211; 1 altavoz de agudos de 1\u00bb,&hellip;&nbsp;Energy Sistem Tower 5 G2 Ivory 65W Bluetooth TWS U\" \/>\n<meta property=\"og:url\" content=\"https:\/\/aivlisoft.net\/shop\/producto\/energy-sistem-tower-5-g2-ivory-65w-bluetooth-tws-u\/\" \/>\n<meta property=\"og:site_name\" content=\"Aivlisoft Inform\u00e1tica\" \/>\n<meta property=\"article:modified_time\" content=\"2025-01-14T20:53:33+00:00\" \/>\n<meta property=\"og:image\" content=\"https:\/\/aivlisoft.net\/shop\/wp-content\/uploads\/2025\/01\/MAUAPO0456_800.jpg\" \/>\n\t<meta property=\"og:image:width\" content=\"800\" \/>\n\t<meta property=\"og:image:height\" content=\"800\" \/>\n\t<meta property=\"og:image:type\" content=\"image\/jpeg\" \/>\n<meta name=\"twitter:card\" content=\"summary_large_image\" \/>\n<meta name=\"twitter:label1\" content=\"Tiempo de lectura\" \/>\n\t<meta name=\"twitter:data1\" content=\"1 minuto\" \/>\n<script type=\"application\/ld+json\" class=\"yoast-schema-graph\">{\"@context\":\"https:\/\/schema.org\",\"@graph\":[{\"@type\":\"WebPage\",\"@id\":\"https:\/\/aivlisoft.net\/shop\/producto\/energy-sistem-tower-5-g2-ivory-65w-bluetooth-tws-u\/\",\"url\":\"https:\/\/aivlisoft.net\/shop\/producto\/energy-sistem-tower-5-g2-ivory-65w-bluetooth-tws-u\/\",\"name\":\"Energy Sistem Tower 5 G2 Ivory 65W Bluetooth TWS U - Aivlisoft Inform\u00e1tica\",\"isPartOf\":{\"@id\":\"https:\/\/aivlisoft.net\/shop\/#website\"},\"primaryImageOfPage\":{\"@id\":\"https:\/\/aivlisoft.net\/shop\/producto\/energy-sistem-tower-5-g2-ivory-65w-bluetooth-tws-u\/#primaryimage\"},\"image\":{\"@id\":\"https:\/\/aivlisoft.net\/shop\/producto\/energy-sistem-tower-5-g2-ivory-65w-bluetooth-tws-u\/#primaryimage\"},\"thumbnailUrl\":\"https:\/\/aivlisoft.net\/shop\/wp-content\/uploads\/2025\/01\/MAUAPO0456_800.jpg\",\"datePublished\":\"2025-01-13T15:02:52+00:00\",\"dateModified\":\"2025-01-14T20:53:33+00:00\",\"breadcrumb\":{\"@id\":\"https:\/\/aivlisoft.net\/shop\/producto\/energy-sistem-tower-5-g2-ivory-65w-bluetooth-tws-u\/#breadcrumb\"},\"inLanguage\":\"es\",\"potentialAction\":[{\"@type\":\"ReadAction\",\"target\":[\"https:\/\/aivlisoft.net\/shop\/producto\/energy-sistem-tower-5-g2-ivory-65w-bluetooth-tws-u\/\"]}]},{\"@type\":\"ImageObject\",\"inLanguage\":\"es\",\"@id\":\"https:\/\/aivlisoft.net\/shop\/producto\/energy-sistem-tower-5-g2-ivory-65w-bluetooth-tws-u\/#primaryimage\",\"url\":\"https:\/\/aivlisoft.net\/shop\/wp-content\/uploads\/2025\/01\/MAUAPO0456_800.jpg\",\"contentUrl\":\"https:\/\/aivlisoft.net\/shop\/wp-content\/uploads\/2025\/01\/MAUAPO0456_800.jpg\",\"width\":800,\"height\":800},{\"@type\":\"BreadcrumbList\",\"@id\":\"https:\/\/aivlisoft.net\/shop\/producto\/energy-sistem-tower-5-g2-ivory-65w-bluetooth-tws-u\/#breadcrumb\",\"itemListElement\":[{\"@type\":\"ListItem\",\"position\":1,\"name\":\"Portada\",\"item\":\"https:\/\/aivlisoft.net\/shop\/\"},{\"@type\":\"ListItem\",\"position\":2,\"name\":\"Tienda\",\"item\":\"https:\/\/aivlisoft.net\/shop\/tienda\/\"},{\"@type\":\"ListItem\",\"position\":3,\"name\":\"Energy Sistem Tower 5 G2 Ivory 65W Bluetooth TWS U\"}]},{\"@type\":\"WebSite\",\"@id\":\"https:\/\/aivlisoft.net\/shop\/#website\",\"url\":\"https:\/\/aivlisoft.net\/shop\/\",\"name\":\"Aivlisoft Inform\u00e1tica\",\"description\":\"En Aivlisoft Inform\u00e1tica ofrecemos soluciones tecnol\u00f3gicas para empresas: venta de ordenadores, consumibles, perif\u00e9ricos y m\u00e1s. Calidad, atenci\u00f3n personalizada y los mejores precios para tu negocio.\",\"publisher\":{\"@id\":\"https:\/\/aivlisoft.net\/shop\/#organization\"},\"potentialAction\":[{\"@type\":\"SearchAction\",\"target\":{\"@type\":\"EntryPoint\",\"urlTemplate\":\"https:\/\/aivlisoft.net\/shop\/?s={search_term_string}\"},\"query-input\":{\"@type\":\"PropertyValueSpecification\",\"valueRequired\":true,\"valueName\":\"search_term_string\"}}],\"inLanguage\":\"es\"},{\"@type\":\"Organization\",\"@id\":\"https:\/\/aivlisoft.net\/shop\/#organization\",\"name\":\"Aivlisoft Inform\u00e1tica\",\"url\":\"https:\/\/aivlisoft.net\/shop\/\",\"logo\":{\"@type\":\"ImageObject\",\"inLanguage\":\"es\",\"@id\":\"https:\/\/aivlisoft.net\/shop\/#\/schema\/logo\/image\/\",\"url\":\"https:\/\/aivlisoft.net\/shop\/wp-content\/uploads\/2024\/12\/removal.ai_5b848c54-0cdf-4140-95c5-c5536bb7573b-logodef.png\",\"contentUrl\":\"https:\/\/aivlisoft.net\/shop\/wp-content\/uploads\/2024\/12\/removal.ai_5b848c54-0cdf-4140-95c5-c5536bb7573b-logodef.png\",\"width\":484,\"height\":182,\"caption\":\"Aivlisoft Inform\u00e1tica\"},\"image\":{\"@id\":\"https:\/\/aivlisoft.net\/shop\/#\/schema\/logo\/image\/\"}}]}<\/script>\n<!-- \/ Yoast SEO plugin. -->","yoast_head_json":{"title":"Energy Sistem Tower 5 G2 Ivory 65W Bluetooth TWS U - Aivlisoft Inform\u00e1tica","robots":{"index":"index","follow":"follow","max-snippet":"max-snippet:-1","max-image-preview":"max-image-preview:large","max-video-preview":"max-video-preview:-1"},"canonical":"https:\/\/aivlisoft.net\/shop\/producto\/energy-sistem-tower-5-g2-ivory-65w-bluetooth-tws-u\/","og_locale":"es_ES","og_type":"article","og_title":"Energy Sistem Tower 5 G2 Ivory 65W Bluetooth TWS U - Aivlisoft Inform\u00e1tica","og_description":"Marca Energy Sistem Modelo 451203 Tipo &#8211; Torre de sonido Bluetooth Otras caracter&iacute;sticas Audio&#8211; Sistema de sonido est&eacute;reo 2.1.&#8211; Potencia: 65 W&#8211; Respuesta en frecuencia: 40 Hz ~ 18 kHz.&#8211; 1 altavoz de subgraves de 5&#8243; y 30 W.&#8211; 2 altavoces de rango completo de 4&#8243; y 15 W.&#8211; 1 altavoz de agudos de 1\u00bb,&hellip;&nbsp;Energy Sistem Tower 5 G2 Ivory 65W Bluetooth TWS U","og_url":"https:\/\/aivlisoft.net\/shop\/producto\/energy-sistem-tower-5-g2-ivory-65w-bluetooth-tws-u\/","og_site_name":"Aivlisoft Inform\u00e1tica","article_modified_time":"2025-01-14T20:53:33+00:00","og_image":[{"width":800,"height":800,"url":"https:\/\/aivlisoft.net\/shop\/wp-content\/uploads\/2025\/01\/MAUAPO0456_800.jpg","type":"image\/jpeg"}],"twitter_card":"summary_large_image","twitter_misc":{"Tiempo de lectura":"1 minuto"},"schema":{"@context":"https:\/\/schema.org","@graph":[{"@type":"WebPage","@id":"https:\/\/aivlisoft.net\/shop\/producto\/energy-sistem-tower-5-g2-ivory-65w-bluetooth-tws-u\/","url":"https:\/\/aivlisoft.net\/shop\/producto\/energy-sistem-tower-5-g2-ivory-65w-bluetooth-tws-u\/","name":"Energy Sistem Tower 5 G2 Ivory 65W Bluetooth TWS U - Aivlisoft Inform\u00e1tica","isPartOf":{"@id":"https:\/\/aivlisoft.net\/shop\/#website"},"primaryImageOfPage":{"@id":"https:\/\/aivlisoft.net\/shop\/producto\/energy-sistem-tower-5-g2-ivory-65w-bluetooth-tws-u\/#primaryimage"},"image":{"@id":"https:\/\/aivlisoft.net\/shop\/producto\/energy-sistem-tower-5-g2-ivory-65w-bluetooth-tws-u\/#primaryimage"},"thumbnailUrl":"https:\/\/aivlisoft.net\/shop\/wp-content\/uploads\/2025\/01\/MAUAPO0456_800.jpg","datePublished":"2025-01-13T15:02:52+00:00","dateModified":"2025-01-14T20:53:33+00:00","breadcrumb":{"@id":"https:\/\/aivlisoft.net\/shop\/producto\/energy-sistem-tower-5-g2-ivory-65w-bluetooth-tws-u\/#breadcrumb"},"inLanguage":"es","potentialAction":[{"@type":"ReadAction","target":["https:\/\/aivlisoft.net\/shop\/producto\/energy-sistem-tower-5-g2-ivory-65w-bluetooth-tws-u\/"]}]},{"@type":"ImageObject","inLanguage":"es","@id":"https:\/\/aivlisoft.net\/shop\/producto\/energy-sistem-tower-5-g2-ivory-65w-bluetooth-tws-u\/#primaryimage","url":"https:\/\/aivlisoft.net\/shop\/wp-content\/uploads\/2025\/01\/MAUAPO0456_800.jpg","contentUrl":"https:\/\/aivlisoft.net\/shop\/wp-content\/uploads\/2025\/01\/MAUAPO0456_800.jpg","width":800,"height":800},{"@type":"BreadcrumbList","@id":"https:\/\/aivlisoft.net\/shop\/producto\/energy-sistem-tower-5-g2-ivory-65w-bluetooth-tws-u\/#breadcrumb","itemListElement":[{"@type":"ListItem","position":1,"name":"Portada","item":"https:\/\/aivlisoft.net\/shop\/"},{"@type":"ListItem","position":2,"name":"Tienda","item":"https:\/\/aivlisoft.net\/shop\/tienda\/"},{"@type":"ListItem","position":3,"name":"Energy Sistem Tower 5 G2 Ivory 65W Bluetooth TWS U"}]},{"@type":"WebSite","@id":"https:\/\/aivlisoft.net\/shop\/#website","url":"https:\/\/aivlisoft.net\/shop\/","name":"Aivlisoft Inform\u00e1tica","description":"En Aivlisoft Inform\u00e1tica ofrecemos soluciones tecnol\u00f3gicas para empresas: venta de ordenadores, consumibles, perif\u00e9ricos y m\u00e1s. Calidad, atenci\u00f3n personalizada y los mejores precios para tu negocio.","publisher":{"@id":"https:\/\/aivlisoft.net\/shop\/#organization"},"potentialAction":[{"@type":"SearchAction","target":{"@type":"EntryPoint","urlTemplate":"https:\/\/aivlisoft.net\/shop\/?s={search_term_string}"},"query-input":{"@type":"PropertyValueSpecification","valueRequired":true,"valueName":"search_term_string"}}],"inLanguage":"es"},{"@type":"Organization","@id":"https:\/\/aivlisoft.net\/shop\/#organization","name":"Aivlisoft Inform\u00e1tica","url":"https:\/\/aivlisoft.net\/shop\/","logo":{"@type":"ImageObject","inLanguage":"es","@id":"https:\/\/aivlisoft.net\/shop\/#\/schema\/logo\/image\/","url":"https:\/\/aivlisoft.net\/shop\/wp-content\/uploads\/2024\/12\/removal.ai_5b848c54-0cdf-4140-95c5-c5536bb7573b-logodef.png","contentUrl":"https:\/\/aivlisoft.net\/shop\/wp-content\/uploads\/2024\/12\/removal.ai_5b848c54-0cdf-4140-95c5-c5536bb7573b-logodef.png","width":484,"height":182,"caption":"Aivlisoft Inform\u00e1tica"},"image":{"@id":"https:\/\/aivlisoft.net\/shop\/#\/schema\/logo\/image\/"}}]}},"_links":{"self":[{"href":"https:\/\/aivlisoft.net\/shop\/wp-json\/wp\/v2\/product\/16487","targetHints":{"allow":["GET"]}}],"collection":[{"href":"https:\/\/aivlisoft.net\/shop\/wp-json\/wp\/v2\/product"}],"about":[{"href":"https:\/\/aivlisoft.net\/shop\/wp-json\/wp\/v2\/types\/product"}],"wp:featuredmedia":[{"embeddable":true,"href":"https:\/\/aivlisoft.net\/shop\/wp-json\/wp\/v2\/media\/16488"}],"wp:attachment":[{"href":"https:\/\/aivlisoft.net\/shop\/wp-json\/wp\/v2\/media?parent=16487"}],"wp:term":[{"taxonomy":"product_brand","embeddable":true,"href":"https:\/\/aivlisoft.net\/shop\/wp-json\/wp\/v2\/product_brand?post=16487"},{"taxonomy":"product_cat","embeddable":true,"href":"https:\/\/aivlisoft.net\/shop\/wp-json\/wp\/v2\/product_cat?post=16487"},{"taxonomy":"product_tag","embeddable":true,"href":"https:\/\/aivlisoft.net\/shop\/wp-json\/wp\/v2\/product_tag?post=16487"}],"curies":[{"name":"wp","href":"https:\/\/api.w.org\/{rel}","templated":true}]}}