{"id":16479,"date":"2025-01-13T15:02:45","date_gmt":"2025-01-13T15:02:45","guid":{"rendered":"https:\/\/aivlisoft.com\/?post_type=product&#038;p=16479"},"modified":"2025-01-14T20:53:34","modified_gmt":"2025-01-14T20:53:34","slug":"energy-sistem-altavoces-urban-box-2-jade","status":"publish","type":"product","link":"https:\/\/aivlisoft.net\/shop\/producto\/energy-sistem-altavoces-urban-box-2-jade\/","title":{"rendered":"Energy Sistem Altavoces urban box 2 jade"},"content":{"rendered":"<p><strong>Exprime la m&uacute;sica al m&aacute;ximo<\/strong><br \/>Divi&eacute;rtete compartiendo con los tuyos tu m&uacute;sica con este altavoz Bluetooth 5.0 que cuenta con tecnolog&iacute;a True Wireless Stereo y permite sincronizar dos altavoces al mismo tiempo y duplicar el sonido.<\/p>\n<p><strong>Modo FM On<\/strong><br \/>Divi&eacute;rtete con mucho estilo mientras sintonizas tus emisoras favoritas y escuchas los programas de radio que m&aacute;s te gustan.<\/p>\n<p><strong>Todo en uno<\/strong><br \/>Este altavoz port&aacute;til cuenta con todos los modos de reproducci&oacute;n que puedas imaginar: memoria USB, reproductor de archivos MP3 desde tarjetas microSD, Bluetooth 5.0, tecnolog&iacute;a True Wireless Stereo, Radio FM y Audio-in.<\/p>\n<p><strong>12 horas de m&uacute;sica en tu mano<\/strong><br \/>Vive una aut&eacute;ntica experiencia de sonido durante 12 horas, gracias a este altavoz cubierto de tela con 10 W de potencia dise&ntilde;ado para que lo lleves contigo a cualquier parte. Su bater&iacute;a de litio se recarga en tan solo 3 horas.<\/p>\n<table class=\"tabla_caracteristicas k-table\" width=\"100%\">\n<tbody>\n<tr>\n<td><strong>Modelo<\/strong><\/td>\n<td>Energy Sistem<\/td>\n<\/tr>\n<tr>\n<td><strong>Modelo<\/strong><\/td>\n<td><strong><\/strong><strong>449330<\/strong><\/td>\n<\/tr>\n<tr>\n<td><strong>Tipo<\/strong><\/td>\n<td>&#8211; Altavoz port&aacute;til con bluetooth<\/td>\n<\/tr>\n<tr>\n<td><strong>Caracter&iacute;sticas destacadas<\/strong><\/td>\n<td>&#8211; Divi&eacute;rtete con el altavoz que junta m&uacute;sica, estilo y funcionalidad; Bluetooth 5.0, TWS, reproductor de MP3 y Radio FM.<br \/>&#8211; La tecnolog&iacute;a True Wireless Stereo te permitir&aacute; sincronizar dos altavoces para duplicar el sonido.<br \/>&#8211; Cubierto de tela resistente y con los colores que hacen vibrar.<br \/>&#8211; Contesta tus llamadas con total libertad gracias a su funci&oacute;n manos libres.<br \/>&#8211; 10 W de potencia.<br \/>&#8211; Reproduce archivos MP3 desde tarjetas microSD y memorias USB con capacidad de hasta 64 GB.<br \/>&#8211; Disfr&uacute;talo desde el amanecer hasta el anochecer con sus 12 horas de autonom&iacute;a.<\/td>\n<\/tr>\n<tr>\n<td><strong>Conectividad<\/strong><\/td>\n<td>&#8211; Bluetooth v5.0, clase II. Hasta 20 metros de alcance.<br \/>&#8211; Soporta perfilles Bluetooth HSP \/ HFP \/ A2DP \/AVRCP<br \/>&#8211; Frecuencia de trabajo: 2.4 GHz (2.402 ~ 2.480 GHz).<br \/>&#8211; Potencia de emisi&oacute;n m&aacute;xima: &lt; 20 dBm<br \/>&#8211; Funci&oacute;n manos libres. Sensibilidad del micr&oacute;fono: -42 dB<br \/>&#8211; Tecnolog&iacute;a TWS (True Wireless Stereo)<\/td>\n<\/tr>\n<tr>\n<td><strong>Otras caracter&iacute;sticas<\/strong><\/td>\n<td><strong>Audio<\/strong><br \/>&#8211; Sistema: 2.0<br \/>&#8211; Potencia: 10 W<br \/>&#8211; Altavoces: 2 de rango completo de 40 mm<br \/>&#8211; Radiador de graves: doble membrana<br \/>&#8211; Respuesta en frecuencia: 100 Hz ~ 18 KHz<br \/>&#8211; Relaci&oacute;n Se&ntilde;al \/ Ruido: &gt; 60 dB<br \/><strong>TWS compatible con<\/strong><br \/>&#8211; Urban Box 2<br \/><strong>Entrada de audio<\/strong><br \/>&#8211; Entrada de audio auxiliar mini jack est&eacute;reo de 3,5 mm<br \/><strong>Radio FM<\/strong><br \/>&#8211; Frecuencia de trabajo: 87.5 ~ 108 MHz<br \/>&#8211; Funci&oacute;n de b&uacute;squeda autom&aacute;tica de emisoras<br \/>Reproducci&oacute;n microSD y USB<br \/>&#8211; Decodificador microSD y USB: reproduce archivos MP3 desde memorias externas de hasta 64 GB de capacidad en formato FAT \/ FAT32.<br \/><strong>Bater&iacute;a<\/strong><br \/>&#8211; Capacidad: 1200 mAh<br \/>&#8211; Tipo: pol&iacute;mero de litio<br \/>&#8211; Autonom&iacute;a: 12 horas*<br \/>&#8211; Conector de carga: microUSB<br \/>&#8211; Tiempo de carga: 3 horas<br \/><strong>Dimensiones y peso<\/strong><br \/>&#8211; 68,8 x 68,8 x 160 mm<br \/>&#8211; 450 g<br \/><strong>Contenido<\/strong><br \/>&#8211; Urban Box 2<br \/>&#8211; Cable de audio: 3,5 mm<br \/>&#8211; Cable USB<br \/>&#8211; Gu&iacute;a r&aacute;pida<\/td>\n<\/tr>\n<tr>\n<td><strong>Fecha de revisi&oacute;n<\/strong><\/td>\n<td>22-07-2019 por AVN<\/td>\n<\/tr>\n<\/tbody>\n<\/table>\n","protected":false},"excerpt":{"rendered":"<p>Exprime la m&uacute;sica al m&aacute;ximoDivi&eacute;rtete compartiendo con los tuyos tu m&uacute;sica con este altavoz Bluetooth 5.0 que cuenta con tecnolog&iacute;a True Wireless Stereo y permite sincronizar dos altavoces al mismo tiempo y duplicar el sonido. Modo FM OnDivi&eacute;rtete con mucho estilo mientras sintonizas tus emisoras favoritas y escuchas los programas de radio que m&aacute;s te&hellip;&nbsp;<a href=\"https:\/\/aivlisoft.net\/shop\/producto\/energy-sistem-altavoces-urban-box-2-jade\/\" rel=\"bookmark\"><span class=\"screen-reader-text\">Energy Sistem Altavoces urban box 2 jade<\/span><\/a><\/p>\n","protected":false},"featured_media":16480,"template":"","meta":{"neve_meta_sidebar":"","neve_meta_container":"","neve_meta_enable_content_width":"","neve_meta_content_width":0,"neve_meta_title_alignment":"","neve_meta_author_avatar":"","neve_post_elements_order":"","neve_meta_disable_header":"","neve_meta_disable_footer":"","neve_meta_disable_title":""},"product_brand":[],"product_cat":[15,957,5818],"product_tag":[6119],"class_list":{"0":"post-16479","1":"product","2":"type-product","3":"status-publish","4":"has-post-thumbnail","6":"product_cat-sin-categorizar","7":"product_cat-accesorios-imagen-y-sonido","8":"product_cat-audio","9":"product_tag-6119","11":"first","12":"instock","13":"taxable","14":"shipping-taxable","15":"purchasable","16":"product-type-simple"},"yoast_head":"<!-- This site is optimized with the Yoast SEO plugin v26.0 - https:\/\/yoast.com\/wordpress\/plugins\/seo\/ -->\n<title>Energy Sistem Altavoces urban box 2 jade - Aivlisoft Inform\u00e1tica<\/title>\n<meta name=\"robots\" content=\"index, follow, max-snippet:-1, max-image-preview:large, max-video-preview:-1\" \/>\n<link rel=\"canonical\" href=\"https:\/\/aivlisoft.net\/shop\/producto\/energy-sistem-altavoces-urban-box-2-jade\/\" \/>\n<meta property=\"og:locale\" content=\"es_ES\" \/>\n<meta property=\"og:type\" content=\"article\" \/>\n<meta property=\"og:title\" content=\"Energy Sistem Altavoces urban box 2 jade - Aivlisoft Inform\u00e1tica\" \/>\n<meta property=\"og:description\" content=\"Exprime la m&uacute;sica al m&aacute;ximoDivi&eacute;rtete compartiendo con los tuyos tu m&uacute;sica con este altavoz Bluetooth 5.0 que cuenta con tecnolog&iacute;a True Wireless Stereo y permite sincronizar dos altavoces al mismo tiempo y duplicar el sonido. Modo FM OnDivi&eacute;rtete con mucho estilo mientras sintonizas tus emisoras favoritas y escuchas los programas de radio que m&aacute;s te&hellip;&nbsp;Energy Sistem Altavoces urban box 2 jade\" \/>\n<meta property=\"og:url\" content=\"https:\/\/aivlisoft.net\/shop\/producto\/energy-sistem-altavoces-urban-box-2-jade\/\" \/>\n<meta property=\"og:site_name\" content=\"Aivlisoft Inform\u00e1tica\" \/>\n<meta property=\"article:modified_time\" content=\"2025-01-14T20:53:34+00:00\" \/>\n<meta property=\"og:image\" content=\"https:\/\/aivlisoft.net\/shop\/wp-content\/uploads\/2025\/01\/MAUAPO0417_800.jpg\" \/>\n\t<meta property=\"og:image:width\" content=\"800\" \/>\n\t<meta property=\"og:image:height\" content=\"800\" \/>\n\t<meta property=\"og:image:type\" content=\"image\/jpeg\" \/>\n<meta name=\"twitter:card\" content=\"summary_large_image\" \/>\n<meta name=\"twitter:label1\" content=\"Tiempo de lectura\" \/>\n\t<meta name=\"twitter:data1\" content=\"2 minutos\" \/>\n<script type=\"application\/ld+json\" class=\"yoast-schema-graph\">{\"@context\":\"https:\/\/schema.org\",\"@graph\":[{\"@type\":\"WebPage\",\"@id\":\"https:\/\/aivlisoft.net\/shop\/producto\/energy-sistem-altavoces-urban-box-2-jade\/\",\"url\":\"https:\/\/aivlisoft.net\/shop\/producto\/energy-sistem-altavoces-urban-box-2-jade\/\",\"name\":\"Energy Sistem Altavoces urban box 2 jade - Aivlisoft Inform\u00e1tica\",\"isPartOf\":{\"@id\":\"https:\/\/aivlisoft.net\/shop\/#website\"},\"primaryImageOfPage\":{\"@id\":\"https:\/\/aivlisoft.net\/shop\/producto\/energy-sistem-altavoces-urban-box-2-jade\/#primaryimage\"},\"image\":{\"@id\":\"https:\/\/aivlisoft.net\/shop\/producto\/energy-sistem-altavoces-urban-box-2-jade\/#primaryimage\"},\"thumbnailUrl\":\"https:\/\/aivlisoft.net\/shop\/wp-content\/uploads\/2025\/01\/MAUAPO0417_800.jpg\",\"datePublished\":\"2025-01-13T15:02:45+00:00\",\"dateModified\":\"2025-01-14T20:53:34+00:00\",\"breadcrumb\":{\"@id\":\"https:\/\/aivlisoft.net\/shop\/producto\/energy-sistem-altavoces-urban-box-2-jade\/#breadcrumb\"},\"inLanguage\":\"es\",\"potentialAction\":[{\"@type\":\"ReadAction\",\"target\":[\"https:\/\/aivlisoft.net\/shop\/producto\/energy-sistem-altavoces-urban-box-2-jade\/\"]}]},{\"@type\":\"ImageObject\",\"inLanguage\":\"es\",\"@id\":\"https:\/\/aivlisoft.net\/shop\/producto\/energy-sistem-altavoces-urban-box-2-jade\/#primaryimage\",\"url\":\"https:\/\/aivlisoft.net\/shop\/wp-content\/uploads\/2025\/01\/MAUAPO0417_800.jpg\",\"contentUrl\":\"https:\/\/aivlisoft.net\/shop\/wp-content\/uploads\/2025\/01\/MAUAPO0417_800.jpg\",\"width\":800,\"height\":800},{\"@type\":\"BreadcrumbList\",\"@id\":\"https:\/\/aivlisoft.net\/shop\/producto\/energy-sistem-altavoces-urban-box-2-jade\/#breadcrumb\",\"itemListElement\":[{\"@type\":\"ListItem\",\"position\":1,\"name\":\"Portada\",\"item\":\"https:\/\/aivlisoft.net\/shop\/\"},{\"@type\":\"ListItem\",\"position\":2,\"name\":\"Tienda\",\"item\":\"https:\/\/aivlisoft.net\/shop\/tienda\/\"},{\"@type\":\"ListItem\",\"position\":3,\"name\":\"Energy Sistem Altavoces urban box 2 jade\"}]},{\"@type\":\"WebSite\",\"@id\":\"https:\/\/aivlisoft.net\/shop\/#website\",\"url\":\"https:\/\/aivlisoft.net\/shop\/\",\"name\":\"Aivlisoft Inform\u00e1tica\",\"description\":\"En Aivlisoft Inform\u00e1tica ofrecemos soluciones tecnol\u00f3gicas para empresas: venta de ordenadores, consumibles, perif\u00e9ricos y m\u00e1s. Calidad, atenci\u00f3n personalizada y los mejores precios para tu negocio.\",\"publisher\":{\"@id\":\"https:\/\/aivlisoft.net\/shop\/#organization\"},\"potentialAction\":[{\"@type\":\"SearchAction\",\"target\":{\"@type\":\"EntryPoint\",\"urlTemplate\":\"https:\/\/aivlisoft.net\/shop\/?s={search_term_string}\"},\"query-input\":{\"@type\":\"PropertyValueSpecification\",\"valueRequired\":true,\"valueName\":\"search_term_string\"}}],\"inLanguage\":\"es\"},{\"@type\":\"Organization\",\"@id\":\"https:\/\/aivlisoft.net\/shop\/#organization\",\"name\":\"Aivlisoft Inform\u00e1tica\",\"url\":\"https:\/\/aivlisoft.net\/shop\/\",\"logo\":{\"@type\":\"ImageObject\",\"inLanguage\":\"es\",\"@id\":\"https:\/\/aivlisoft.net\/shop\/#\/schema\/logo\/image\/\",\"url\":\"https:\/\/aivlisoft.net\/shop\/wp-content\/uploads\/2024\/12\/removal.ai_5b848c54-0cdf-4140-95c5-c5536bb7573b-logodef.png\",\"contentUrl\":\"https:\/\/aivlisoft.net\/shop\/wp-content\/uploads\/2024\/12\/removal.ai_5b848c54-0cdf-4140-95c5-c5536bb7573b-logodef.png\",\"width\":484,\"height\":182,\"caption\":\"Aivlisoft Inform\u00e1tica\"},\"image\":{\"@id\":\"https:\/\/aivlisoft.net\/shop\/#\/schema\/logo\/image\/\"}}]}<\/script>\n<!-- \/ Yoast SEO plugin. -->","yoast_head_json":{"title":"Energy Sistem Altavoces urban box 2 jade - Aivlisoft Inform\u00e1tica","robots":{"index":"index","follow":"follow","max-snippet":"max-snippet:-1","max-image-preview":"max-image-preview:large","max-video-preview":"max-video-preview:-1"},"canonical":"https:\/\/aivlisoft.net\/shop\/producto\/energy-sistem-altavoces-urban-box-2-jade\/","og_locale":"es_ES","og_type":"article","og_title":"Energy Sistem Altavoces urban box 2 jade - Aivlisoft Inform\u00e1tica","og_description":"Exprime la m&uacute;sica al m&aacute;ximoDivi&eacute;rtete compartiendo con los tuyos tu m&uacute;sica con este altavoz Bluetooth 5.0 que cuenta con tecnolog&iacute;a True Wireless Stereo y permite sincronizar dos altavoces al mismo tiempo y duplicar el sonido. Modo FM OnDivi&eacute;rtete con mucho estilo mientras sintonizas tus emisoras favoritas y escuchas los programas de radio que m&aacute;s te&hellip;&nbsp;Energy Sistem Altavoces urban box 2 jade","og_url":"https:\/\/aivlisoft.net\/shop\/producto\/energy-sistem-altavoces-urban-box-2-jade\/","og_site_name":"Aivlisoft Inform\u00e1tica","article_modified_time":"2025-01-14T20:53:34+00:00","og_image":[{"width":800,"height":800,"url":"https:\/\/aivlisoft.net\/shop\/wp-content\/uploads\/2025\/01\/MAUAPO0417_800.jpg","type":"image\/jpeg"}],"twitter_card":"summary_large_image","twitter_misc":{"Tiempo de lectura":"2 minutos"},"schema":{"@context":"https:\/\/schema.org","@graph":[{"@type":"WebPage","@id":"https:\/\/aivlisoft.net\/shop\/producto\/energy-sistem-altavoces-urban-box-2-jade\/","url":"https:\/\/aivlisoft.net\/shop\/producto\/energy-sistem-altavoces-urban-box-2-jade\/","name":"Energy Sistem Altavoces urban box 2 jade - Aivlisoft Inform\u00e1tica","isPartOf":{"@id":"https:\/\/aivlisoft.net\/shop\/#website"},"primaryImageOfPage":{"@id":"https:\/\/aivlisoft.net\/shop\/producto\/energy-sistem-altavoces-urban-box-2-jade\/#primaryimage"},"image":{"@id":"https:\/\/aivlisoft.net\/shop\/producto\/energy-sistem-altavoces-urban-box-2-jade\/#primaryimage"},"thumbnailUrl":"https:\/\/aivlisoft.net\/shop\/wp-content\/uploads\/2025\/01\/MAUAPO0417_800.jpg","datePublished":"2025-01-13T15:02:45+00:00","dateModified":"2025-01-14T20:53:34+00:00","breadcrumb":{"@id":"https:\/\/aivlisoft.net\/shop\/producto\/energy-sistem-altavoces-urban-box-2-jade\/#breadcrumb"},"inLanguage":"es","potentialAction":[{"@type":"ReadAction","target":["https:\/\/aivlisoft.net\/shop\/producto\/energy-sistem-altavoces-urban-box-2-jade\/"]}]},{"@type":"ImageObject","inLanguage":"es","@id":"https:\/\/aivlisoft.net\/shop\/producto\/energy-sistem-altavoces-urban-box-2-jade\/#primaryimage","url":"https:\/\/aivlisoft.net\/shop\/wp-content\/uploads\/2025\/01\/MAUAPO0417_800.jpg","contentUrl":"https:\/\/aivlisoft.net\/shop\/wp-content\/uploads\/2025\/01\/MAUAPO0417_800.jpg","width":800,"height":800},{"@type":"BreadcrumbList","@id":"https:\/\/aivlisoft.net\/shop\/producto\/energy-sistem-altavoces-urban-box-2-jade\/#breadcrumb","itemListElement":[{"@type":"ListItem","position":1,"name":"Portada","item":"https:\/\/aivlisoft.net\/shop\/"},{"@type":"ListItem","position":2,"name":"Tienda","item":"https:\/\/aivlisoft.net\/shop\/tienda\/"},{"@type":"ListItem","position":3,"name":"Energy Sistem Altavoces urban box 2 jade"}]},{"@type":"WebSite","@id":"https:\/\/aivlisoft.net\/shop\/#website","url":"https:\/\/aivlisoft.net\/shop\/","name":"Aivlisoft Inform\u00e1tica","description":"En Aivlisoft Inform\u00e1tica ofrecemos soluciones tecnol\u00f3gicas para empresas: venta de ordenadores, consumibles, perif\u00e9ricos y m\u00e1s. Calidad, atenci\u00f3n personalizada y los mejores precios para tu negocio.","publisher":{"@id":"https:\/\/aivlisoft.net\/shop\/#organization"},"potentialAction":[{"@type":"SearchAction","target":{"@type":"EntryPoint","urlTemplate":"https:\/\/aivlisoft.net\/shop\/?s={search_term_string}"},"query-input":{"@type":"PropertyValueSpecification","valueRequired":true,"valueName":"search_term_string"}}],"inLanguage":"es"},{"@type":"Organization","@id":"https:\/\/aivlisoft.net\/shop\/#organization","name":"Aivlisoft Inform\u00e1tica","url":"https:\/\/aivlisoft.net\/shop\/","logo":{"@type":"ImageObject","inLanguage":"es","@id":"https:\/\/aivlisoft.net\/shop\/#\/schema\/logo\/image\/","url":"https:\/\/aivlisoft.net\/shop\/wp-content\/uploads\/2024\/12\/removal.ai_5b848c54-0cdf-4140-95c5-c5536bb7573b-logodef.png","contentUrl":"https:\/\/aivlisoft.net\/shop\/wp-content\/uploads\/2024\/12\/removal.ai_5b848c54-0cdf-4140-95c5-c5536bb7573b-logodef.png","width":484,"height":182,"caption":"Aivlisoft Inform\u00e1tica"},"image":{"@id":"https:\/\/aivlisoft.net\/shop\/#\/schema\/logo\/image\/"}}]}},"_links":{"self":[{"href":"https:\/\/aivlisoft.net\/shop\/wp-json\/wp\/v2\/product\/16479","targetHints":{"allow":["GET"]}}],"collection":[{"href":"https:\/\/aivlisoft.net\/shop\/wp-json\/wp\/v2\/product"}],"about":[{"href":"https:\/\/aivlisoft.net\/shop\/wp-json\/wp\/v2\/types\/product"}],"wp:featuredmedia":[{"embeddable":true,"href":"https:\/\/aivlisoft.net\/shop\/wp-json\/wp\/v2\/media\/16480"}],"wp:attachment":[{"href":"https:\/\/aivlisoft.net\/shop\/wp-json\/wp\/v2\/media?parent=16479"}],"wp:term":[{"taxonomy":"product_brand","embeddable":true,"href":"https:\/\/aivlisoft.net\/shop\/wp-json\/wp\/v2\/product_brand?post=16479"},{"taxonomy":"product_cat","embeddable":true,"href":"https:\/\/aivlisoft.net\/shop\/wp-json\/wp\/v2\/product_cat?post=16479"},{"taxonomy":"product_tag","embeddable":true,"href":"https:\/\/aivlisoft.net\/shop\/wp-json\/wp\/v2\/product_tag?post=16479"}],"curies":[{"name":"wp","href":"https:\/\/api.w.org\/{rel}","templated":true}]}}