{"id":16459,"date":"2025-01-13T15:02:35","date_gmt":"2025-01-13T15:02:35","guid":{"rendered":"https:\/\/aivlisoft.com\/?post_type=product&#038;p=16459"},"modified":"2025-01-14T20:53:36","modified_gmt":"2025-01-14T20:53:36","slug":"hiditec-altavoz-bt-urban-rok-l-10w-tws-ipx5","status":"publish","type":"product","link":"https:\/\/aivlisoft.net\/shop\/producto\/hiditec-altavoz-bt-urban-rok-l-10w-tws-ipx5\/","title":{"rendered":"Hiditec Altavoz BT Urban Rok L 10W TWS IPX5"},"content":{"rendered":"<p><strong>Altavoz bluetooth con tecnolog&iacute;a True Wireless<\/strong><br \/>Aprovecha la potencia de este altavoz inal&aacute;mbrico, todo un d&iacute;a sin cables ni interrupciones. Adem&aacute;s, conecta dos altavoces con tecnolog&iacute;a True Wireless para duplicar la potencia.<\/p>\n<p><strong>Altavoz Urban Rok L con tecnolog&iacute;a True Wireless<\/strong><br \/>Con el altavoz bluetooth Urban Rok L puedes multiplicar la potencia con la tecnolog&iacute;a True Wireless.<br \/>Basta con apretar el bot&oacute;n TWS para sincronizar dos altavoces y disfrutar de 20W RMS de potencia real.<\/p>\n<p><strong>Autonom&iacute;a de sol a sol sin interrupci&oacute;n<\/strong><br \/>Con una sola carga, podr&aacute;s disfrutar de hasta 16 horas de m&uacute;sica sin interrupci&oacute;n, ya que cuenta con una bater&iacute;a de litio de 3.600 mAh.<\/p>\n<p><strong>Sonido n&iacute;tido y potentes graves<\/strong><br \/>Urban Rok L incorpora dos altavoces de 52 mm y dos radiadores pasivos, lo que se traduce en un n&iacute;tido sonido y potentes graves con una potencia real de 10W RMS.<\/p>\n<p><strong>Altavoz con True Wireless resistente al agua<\/strong><br \/>El altavoz Bluetooth con TWS que resiste al agua, arena y polvo se llama URBAN ROK L.<br \/>Disfruta en cualquier lugar de tu m&uacute;sica favorita, ya que cuenta con certificaci&oacute;n IPX5.<\/p>\n<p><strong>URBAN ROK L con micr&oacute;fono incorporado<\/strong><br \/>URBAN ROK L incorpora micr&oacute;fono para que puedas contestar tus llamadas de tel&eacute;fono y audios de WhatsApp sin tener que desconectar tu dispositivo del altavoz bluetooth.<\/p>\n<p><strong>Ampl&iacute;a tu playlist desde el altavoz bluetooth<\/strong><br \/>Adem&aacute;s de reproducir tu m&uacute;sica sincronizando bluetooth en cualquier dispositivo, podr&aacute;s escucharla desde tu tarjeta de memoria microSD.<br \/>De una forma igual de sencilla podr&aacute;s escuchar desde Urban Rok L tu TV, MP3 o PC con la conexi&oacute;n de 3.5mm.<br \/>Pues con solo introducir la conexi&oacute;n de 3.5mm al dispositivo que prefieras, el altavoz bluetooth lo reconocer&aacute; autom&aacute;ticamente.<\/p>\n<table class=\"tabla_caracteristicas k-table\" width=\"100%\">\n<tr>\n<td><strong>Marca<\/strong><\/td>\n<td>Hiditec<\/td>\n<\/tr>\n<tr>\n<td valign=\"top\"><strong>Modelo<\/strong><\/td>\n<td><strong>SPBL10005<\/strong><\/td>\n<\/tr>\n<tr>\n<td valign=\"top\"><strong>Otras caracter&iacute;sticas<\/strong><\/td>\n<td><strong>Sistema de Sonido<\/strong><br \/>\t\t\t&#8211; 2.0 est&eacute;reo<br \/>\t\t\t&#8211; Altavoces: 2 x 52mm din&aacute;micos de rango completo<br \/>\t\t\t&#8211; 10W RMS (2 x 5W)<br \/>\t\t\t&#8211; Radiadores pasivos: 2 membranas<br \/>\t\t\t&#8211; Respuesta en frecuencia: 60 Hz ~ 18 KHz<br \/>\t\t\t&#8211; Relaci&oacute;n se&ntilde;al\/ruido: &gt;85 dB<br \/>\t\t\t<strong>Conectividad<\/strong><br \/>\t\t\t&#8211; Bluetooth v4.2<br \/>\t\t\t&#8211; Lector de tarjetas Micro SD<br \/>\t\t\t&#8211; Conexi&oacute;n 3.5mm<br \/>\t\t\t<strong>Micr&oacute;fono<\/strong><br \/>\t\t\t&#8211; Sensibilidad: 42 dB<br \/>\t\t\t<strong>Bater&iacute;a<\/strong><br \/>\t\t\t&#8211; Bater&iacute;a: 3600 mAh<br \/>\t\t\t&#8211; Tipo: pol&iacute;mero de litio<br \/>\t\t\t&#8211; Autonom&iacute;a en uso: hasta 16 horas<br \/>\t\t\t&#8211; Sistema de carga: microUSB<br \/>\t\t\t&#8211; Tiempo de carga: 4 horas<br \/>\t\t\t<strong>Otros<\/strong><br \/>\t\t\t&#8211; Soporta protocolos A2DP, AVRCP, HFP, HSP<br \/>\t\t\t&#8211; Distancia de uso hasta 10 m de alcance<br \/>\t\t\t&#8211; Dimensiones: 180 x 72 x 74 mm<br \/>\t\t\t&#8211; Peso: 435 grs<br \/>\t\t\t<strong>Contenido<\/strong><br \/>\t\t\t&#8211; Altavoz Urban Rok L<br \/>\t\t\t&#8211; Cable USB<br \/>\t\t\t&#8211; Cable de 3.5mm<br \/>\t\t\t&#8211; Manual de usuario<\/td>\n<\/tr>\n<tr>\n<td><strong>Fecha de revisi&oacute;n<\/strong><\/td>\n<td>01-12-2022 por MPM<\/td>\n<\/tr>\n<\/table>\n","protected":false},"excerpt":{"rendered":"<p>Altavoz bluetooth con tecnolog&iacute;a True WirelessAprovecha la potencia de este altavoz inal&aacute;mbrico, todo un d&iacute;a sin cables ni interrupciones. Adem&aacute;s, conecta dos altavoces con tecnolog&iacute;a True Wireless para duplicar la potencia. Altavoz Urban Rok L con tecnolog&iacute;a True WirelessCon el altavoz bluetooth Urban Rok L puedes multiplicar la potencia con la tecnolog&iacute;a True Wireless.Basta con&hellip;&nbsp;<a href=\"https:\/\/aivlisoft.net\/shop\/producto\/hiditec-altavoz-bt-urban-rok-l-10w-tws-ipx5\/\" rel=\"bookmark\"><span class=\"screen-reader-text\">Hiditec Altavoz BT Urban Rok L 10W TWS IPX5<\/span><\/a><\/p>\n","protected":false},"featured_media":16460,"template":"","meta":{"neve_meta_sidebar":"","neve_meta_container":"","neve_meta_enable_content_width":"","neve_meta_content_width":0,"neve_meta_title_alignment":"","neve_meta_author_avatar":"","neve_post_elements_order":"","neve_meta_disable_header":"","neve_meta_disable_footer":"","neve_meta_disable_title":""},"product_brand":[],"product_cat":[15,957,5818],"product_tag":[6115],"class_list":{"0":"post-16459","1":"product","2":"type-product","3":"status-publish","4":"has-post-thumbnail","6":"product_cat-sin-categorizar","7":"product_cat-accesorios-imagen-y-sonido","8":"product_cat-audio","9":"product_tag-spbl10005","11":"first","12":"instock","13":"taxable","14":"shipping-taxable","15":"purchasable","16":"product-type-simple"},"yoast_head":"<!-- This site is optimized with the Yoast SEO plugin v26.0 - https:\/\/yoast.com\/wordpress\/plugins\/seo\/ -->\n<title>Hiditec Altavoz BT Urban Rok L 10W TWS IPX5 - Aivlisoft Inform\u00e1tica<\/title>\n<meta name=\"robots\" content=\"index, follow, max-snippet:-1, max-image-preview:large, max-video-preview:-1\" \/>\n<link rel=\"canonical\" href=\"https:\/\/aivlisoft.net\/shop\/producto\/hiditec-altavoz-bt-urban-rok-l-10w-tws-ipx5\/\" \/>\n<meta property=\"og:locale\" content=\"es_ES\" \/>\n<meta property=\"og:type\" content=\"article\" \/>\n<meta property=\"og:title\" content=\"Hiditec Altavoz BT Urban Rok L 10W TWS IPX5 - Aivlisoft Inform\u00e1tica\" \/>\n<meta property=\"og:description\" content=\"Altavoz bluetooth con tecnolog&iacute;a True WirelessAprovecha la potencia de este altavoz inal&aacute;mbrico, todo un d&iacute;a sin cables ni interrupciones. Adem&aacute;s, conecta dos altavoces con tecnolog&iacute;a True Wireless para duplicar la potencia. Altavoz Urban Rok L con tecnolog&iacute;a True WirelessCon el altavoz bluetooth Urban Rok L puedes multiplicar la potencia con la tecnolog&iacute;a True Wireless.Basta con&hellip;&nbsp;Hiditec Altavoz BT Urban Rok L 10W TWS IPX5\" \/>\n<meta property=\"og:url\" content=\"https:\/\/aivlisoft.net\/shop\/producto\/hiditec-altavoz-bt-urban-rok-l-10w-tws-ipx5\/\" \/>\n<meta property=\"og:site_name\" content=\"Aivlisoft Inform\u00e1tica\" \/>\n<meta property=\"article:modified_time\" content=\"2025-01-14T20:53:36+00:00\" \/>\n<meta property=\"og:image\" content=\"https:\/\/aivlisoft.net\/shop\/wp-content\/uploads\/2025\/01\/MAUAPO0413_800.jpg\" \/>\n\t<meta property=\"og:image:width\" content=\"800\" \/>\n\t<meta property=\"og:image:height\" content=\"800\" \/>\n\t<meta property=\"og:image:type\" content=\"image\/jpeg\" \/>\n<meta name=\"twitter:card\" content=\"summary_large_image\" \/>\n<meta name=\"twitter:label1\" content=\"Tiempo de lectura\" \/>\n\t<meta name=\"twitter:data1\" content=\"2 minutos\" \/>\n<script type=\"application\/ld+json\" class=\"yoast-schema-graph\">{\"@context\":\"https:\/\/schema.org\",\"@graph\":[{\"@type\":\"WebPage\",\"@id\":\"https:\/\/aivlisoft.net\/shop\/producto\/hiditec-altavoz-bt-urban-rok-l-10w-tws-ipx5\/\",\"url\":\"https:\/\/aivlisoft.net\/shop\/producto\/hiditec-altavoz-bt-urban-rok-l-10w-tws-ipx5\/\",\"name\":\"Hiditec Altavoz BT Urban Rok L 10W TWS IPX5 - Aivlisoft Inform\u00e1tica\",\"isPartOf\":{\"@id\":\"https:\/\/aivlisoft.net\/shop\/#website\"},\"primaryImageOfPage\":{\"@id\":\"https:\/\/aivlisoft.net\/shop\/producto\/hiditec-altavoz-bt-urban-rok-l-10w-tws-ipx5\/#primaryimage\"},\"image\":{\"@id\":\"https:\/\/aivlisoft.net\/shop\/producto\/hiditec-altavoz-bt-urban-rok-l-10w-tws-ipx5\/#primaryimage\"},\"thumbnailUrl\":\"https:\/\/aivlisoft.net\/shop\/wp-content\/uploads\/2025\/01\/MAUAPO0413_800.jpg\",\"datePublished\":\"2025-01-13T15:02:35+00:00\",\"dateModified\":\"2025-01-14T20:53:36+00:00\",\"breadcrumb\":{\"@id\":\"https:\/\/aivlisoft.net\/shop\/producto\/hiditec-altavoz-bt-urban-rok-l-10w-tws-ipx5\/#breadcrumb\"},\"inLanguage\":\"es\",\"potentialAction\":[{\"@type\":\"ReadAction\",\"target\":[\"https:\/\/aivlisoft.net\/shop\/producto\/hiditec-altavoz-bt-urban-rok-l-10w-tws-ipx5\/\"]}]},{\"@type\":\"ImageObject\",\"inLanguage\":\"es\",\"@id\":\"https:\/\/aivlisoft.net\/shop\/producto\/hiditec-altavoz-bt-urban-rok-l-10w-tws-ipx5\/#primaryimage\",\"url\":\"https:\/\/aivlisoft.net\/shop\/wp-content\/uploads\/2025\/01\/MAUAPO0413_800.jpg\",\"contentUrl\":\"https:\/\/aivlisoft.net\/shop\/wp-content\/uploads\/2025\/01\/MAUAPO0413_800.jpg\",\"width\":800,\"height\":800},{\"@type\":\"BreadcrumbList\",\"@id\":\"https:\/\/aivlisoft.net\/shop\/producto\/hiditec-altavoz-bt-urban-rok-l-10w-tws-ipx5\/#breadcrumb\",\"itemListElement\":[{\"@type\":\"ListItem\",\"position\":1,\"name\":\"Portada\",\"item\":\"https:\/\/aivlisoft.net\/shop\/\"},{\"@type\":\"ListItem\",\"position\":2,\"name\":\"Tienda\",\"item\":\"https:\/\/aivlisoft.net\/shop\/tienda\/\"},{\"@type\":\"ListItem\",\"position\":3,\"name\":\"Hiditec Altavoz BT Urban Rok L 10W TWS IPX5\"}]},{\"@type\":\"WebSite\",\"@id\":\"https:\/\/aivlisoft.net\/shop\/#website\",\"url\":\"https:\/\/aivlisoft.net\/shop\/\",\"name\":\"Aivlisoft Inform\u00e1tica\",\"description\":\"En Aivlisoft Inform\u00e1tica ofrecemos soluciones tecnol\u00f3gicas para empresas: venta de ordenadores, consumibles, perif\u00e9ricos y m\u00e1s. Calidad, atenci\u00f3n personalizada y los mejores precios para tu negocio.\",\"publisher\":{\"@id\":\"https:\/\/aivlisoft.net\/shop\/#organization\"},\"potentialAction\":[{\"@type\":\"SearchAction\",\"target\":{\"@type\":\"EntryPoint\",\"urlTemplate\":\"https:\/\/aivlisoft.net\/shop\/?s={search_term_string}\"},\"query-input\":{\"@type\":\"PropertyValueSpecification\",\"valueRequired\":true,\"valueName\":\"search_term_string\"}}],\"inLanguage\":\"es\"},{\"@type\":\"Organization\",\"@id\":\"https:\/\/aivlisoft.net\/shop\/#organization\",\"name\":\"Aivlisoft Inform\u00e1tica\",\"url\":\"https:\/\/aivlisoft.net\/shop\/\",\"logo\":{\"@type\":\"ImageObject\",\"inLanguage\":\"es\",\"@id\":\"https:\/\/aivlisoft.net\/shop\/#\/schema\/logo\/image\/\",\"url\":\"https:\/\/aivlisoft.net\/shop\/wp-content\/uploads\/2024\/12\/removal.ai_5b848c54-0cdf-4140-95c5-c5536bb7573b-logodef.png\",\"contentUrl\":\"https:\/\/aivlisoft.net\/shop\/wp-content\/uploads\/2024\/12\/removal.ai_5b848c54-0cdf-4140-95c5-c5536bb7573b-logodef.png\",\"width\":484,\"height\":182,\"caption\":\"Aivlisoft Inform\u00e1tica\"},\"image\":{\"@id\":\"https:\/\/aivlisoft.net\/shop\/#\/schema\/logo\/image\/\"}}]}<\/script>\n<!-- \/ Yoast SEO plugin. -->","yoast_head_json":{"title":"Hiditec Altavoz BT Urban Rok L 10W TWS IPX5 - Aivlisoft Inform\u00e1tica","robots":{"index":"index","follow":"follow","max-snippet":"max-snippet:-1","max-image-preview":"max-image-preview:large","max-video-preview":"max-video-preview:-1"},"canonical":"https:\/\/aivlisoft.net\/shop\/producto\/hiditec-altavoz-bt-urban-rok-l-10w-tws-ipx5\/","og_locale":"es_ES","og_type":"article","og_title":"Hiditec Altavoz BT Urban Rok L 10W TWS IPX5 - Aivlisoft Inform\u00e1tica","og_description":"Altavoz bluetooth con tecnolog&iacute;a True WirelessAprovecha la potencia de este altavoz inal&aacute;mbrico, todo un d&iacute;a sin cables ni interrupciones. Adem&aacute;s, conecta dos altavoces con tecnolog&iacute;a True Wireless para duplicar la potencia. Altavoz Urban Rok L con tecnolog&iacute;a True WirelessCon el altavoz bluetooth Urban Rok L puedes multiplicar la potencia con la tecnolog&iacute;a True Wireless.Basta con&hellip;&nbsp;Hiditec Altavoz BT Urban Rok L 10W TWS IPX5","og_url":"https:\/\/aivlisoft.net\/shop\/producto\/hiditec-altavoz-bt-urban-rok-l-10w-tws-ipx5\/","og_site_name":"Aivlisoft Inform\u00e1tica","article_modified_time":"2025-01-14T20:53:36+00:00","og_image":[{"width":800,"height":800,"url":"https:\/\/aivlisoft.net\/shop\/wp-content\/uploads\/2025\/01\/MAUAPO0413_800.jpg","type":"image\/jpeg"}],"twitter_card":"summary_large_image","twitter_misc":{"Tiempo de lectura":"2 minutos"},"schema":{"@context":"https:\/\/schema.org","@graph":[{"@type":"WebPage","@id":"https:\/\/aivlisoft.net\/shop\/producto\/hiditec-altavoz-bt-urban-rok-l-10w-tws-ipx5\/","url":"https:\/\/aivlisoft.net\/shop\/producto\/hiditec-altavoz-bt-urban-rok-l-10w-tws-ipx5\/","name":"Hiditec Altavoz BT Urban Rok L 10W TWS IPX5 - Aivlisoft Inform\u00e1tica","isPartOf":{"@id":"https:\/\/aivlisoft.net\/shop\/#website"},"primaryImageOfPage":{"@id":"https:\/\/aivlisoft.net\/shop\/producto\/hiditec-altavoz-bt-urban-rok-l-10w-tws-ipx5\/#primaryimage"},"image":{"@id":"https:\/\/aivlisoft.net\/shop\/producto\/hiditec-altavoz-bt-urban-rok-l-10w-tws-ipx5\/#primaryimage"},"thumbnailUrl":"https:\/\/aivlisoft.net\/shop\/wp-content\/uploads\/2025\/01\/MAUAPO0413_800.jpg","datePublished":"2025-01-13T15:02:35+00:00","dateModified":"2025-01-14T20:53:36+00:00","breadcrumb":{"@id":"https:\/\/aivlisoft.net\/shop\/producto\/hiditec-altavoz-bt-urban-rok-l-10w-tws-ipx5\/#breadcrumb"},"inLanguage":"es","potentialAction":[{"@type":"ReadAction","target":["https:\/\/aivlisoft.net\/shop\/producto\/hiditec-altavoz-bt-urban-rok-l-10w-tws-ipx5\/"]}]},{"@type":"ImageObject","inLanguage":"es","@id":"https:\/\/aivlisoft.net\/shop\/producto\/hiditec-altavoz-bt-urban-rok-l-10w-tws-ipx5\/#primaryimage","url":"https:\/\/aivlisoft.net\/shop\/wp-content\/uploads\/2025\/01\/MAUAPO0413_800.jpg","contentUrl":"https:\/\/aivlisoft.net\/shop\/wp-content\/uploads\/2025\/01\/MAUAPO0413_800.jpg","width":800,"height":800},{"@type":"BreadcrumbList","@id":"https:\/\/aivlisoft.net\/shop\/producto\/hiditec-altavoz-bt-urban-rok-l-10w-tws-ipx5\/#breadcrumb","itemListElement":[{"@type":"ListItem","position":1,"name":"Portada","item":"https:\/\/aivlisoft.net\/shop\/"},{"@type":"ListItem","position":2,"name":"Tienda","item":"https:\/\/aivlisoft.net\/shop\/tienda\/"},{"@type":"ListItem","position":3,"name":"Hiditec Altavoz BT Urban Rok L 10W TWS IPX5"}]},{"@type":"WebSite","@id":"https:\/\/aivlisoft.net\/shop\/#website","url":"https:\/\/aivlisoft.net\/shop\/","name":"Aivlisoft Inform\u00e1tica","description":"En Aivlisoft Inform\u00e1tica ofrecemos soluciones tecnol\u00f3gicas para empresas: venta de ordenadores, consumibles, perif\u00e9ricos y m\u00e1s. Calidad, atenci\u00f3n personalizada y los mejores precios para tu negocio.","publisher":{"@id":"https:\/\/aivlisoft.net\/shop\/#organization"},"potentialAction":[{"@type":"SearchAction","target":{"@type":"EntryPoint","urlTemplate":"https:\/\/aivlisoft.net\/shop\/?s={search_term_string}"},"query-input":{"@type":"PropertyValueSpecification","valueRequired":true,"valueName":"search_term_string"}}],"inLanguage":"es"},{"@type":"Organization","@id":"https:\/\/aivlisoft.net\/shop\/#organization","name":"Aivlisoft Inform\u00e1tica","url":"https:\/\/aivlisoft.net\/shop\/","logo":{"@type":"ImageObject","inLanguage":"es","@id":"https:\/\/aivlisoft.net\/shop\/#\/schema\/logo\/image\/","url":"https:\/\/aivlisoft.net\/shop\/wp-content\/uploads\/2024\/12\/removal.ai_5b848c54-0cdf-4140-95c5-c5536bb7573b-logodef.png","contentUrl":"https:\/\/aivlisoft.net\/shop\/wp-content\/uploads\/2024\/12\/removal.ai_5b848c54-0cdf-4140-95c5-c5536bb7573b-logodef.png","width":484,"height":182,"caption":"Aivlisoft Inform\u00e1tica"},"image":{"@id":"https:\/\/aivlisoft.net\/shop\/#\/schema\/logo\/image\/"}}]}},"_links":{"self":[{"href":"https:\/\/aivlisoft.net\/shop\/wp-json\/wp\/v2\/product\/16459","targetHints":{"allow":["GET"]}}],"collection":[{"href":"https:\/\/aivlisoft.net\/shop\/wp-json\/wp\/v2\/product"}],"about":[{"href":"https:\/\/aivlisoft.net\/shop\/wp-json\/wp\/v2\/types\/product"}],"wp:featuredmedia":[{"embeddable":true,"href":"https:\/\/aivlisoft.net\/shop\/wp-json\/wp\/v2\/media\/16460"}],"wp:attachment":[{"href":"https:\/\/aivlisoft.net\/shop\/wp-json\/wp\/v2\/media?parent=16459"}],"wp:term":[{"taxonomy":"product_brand","embeddable":true,"href":"https:\/\/aivlisoft.net\/shop\/wp-json\/wp\/v2\/product_brand?post=16459"},{"taxonomy":"product_cat","embeddable":true,"href":"https:\/\/aivlisoft.net\/shop\/wp-json\/wp\/v2\/product_cat?post=16459"},{"taxonomy":"product_tag","embeddable":true,"href":"https:\/\/aivlisoft.net\/shop\/wp-json\/wp\/v2\/product_tag?post=16459"}],"curies":[{"name":"wp","href":"https:\/\/api.w.org\/{rel}","templated":true}]}}