{"id":16439,"date":"2025-01-13T15:02:22","date_gmt":"2025-01-13T15:02:22","guid":{"rendered":"https:\/\/aivlisoft.com\/?post_type=product&#038;p=16439"},"modified":"2025-01-14T20:53:41","modified_gmt":"2025-01-14T20:53:41","slug":"spc-auricular-dreamer-2-pro","status":"publish","type":"product","link":"https:\/\/aivlisoft.net\/shop\/producto\/spc-auricular-dreamer-2-pro\/","title":{"rendered":"SPC Auricular Dreamer 2 PRO"},"content":{"rendered":"<p><\/p>\n<table class=\"tabla_caracteristicas k-table\" width=\"100%\">\n<tr>\n<td><strong>Marca<\/strong><\/td>\n<td>SPC<\/td>\n<\/tr>\n<tr>\n<td valign=\"top\"><strong>Modelo<\/strong><\/td>\n<td><strong>4751N<\/strong><\/td>\n<\/tr>\n<tr>\n<td><strong>Especificaciones<\/strong><\/td>\n<td>&#8211; Perfiles: HSP, HFP, A2DP, AVRCP<br \/>\t\t\t&#8211; Chip: Qualcomm QCC3084<br \/>\t\t\t<strong>Conexi&oacute;n<\/strong><br \/>\t\t\t&#8211; Bluetooth: 5.4<br \/>\t\t\t&#8211; Google Fast Pair<br \/>\t\t\t&#8211; Compatibilidad: Windows, Mac OS X, Linux, Android, tel&eacute;fonos IP y las principales aplicaciones como Teams o Zoom<br \/>\t\t\t&#8211; Frecuencia de respuesta: 20-20000Hz<br \/>\t\t\t&#8211; Conectividad con dos dispositivos simult&aacute;neamente<br \/>\t\t\t&#8211; Control con botones<br \/>\t\t\t&#8211; Mute<br \/>\t\t\t&#8211; Indicador \u00abmodo ocupado\u00bb<br \/>\t\t\t&#8211; Alcance m&aacute;ximo 50 m<br \/>\t\t\t<strong>Caracter&iacute;sticas<\/strong><br \/>\t\t\t&#8211; Llamadas<br \/>\t\t\t&#8211; Asistentes de voz<br \/>\t\t\t&#8211; ENC<br \/>\t\t\t&#8211; ANC<br \/>\t\t\t&#8211; Modo gaming<br \/>\t\t\t&#8211; Conexi&oacute;n autom&aacute;tica<br \/>\t\t\t&#8211; Micr&oacute;fono<br \/>\t\t\t<strong>Bater&iacute;a y carga<\/strong><br \/>\t\t\t&#8211; Bater&iacute;a: 500mAh<br \/>\t\t\t&#8211; Autonom&iacute;a total: 50 H<br \/>\t\t\t&#8211; Carga: USB-C<br \/>\t\t\t<strong>Dimensiones y peso<\/strong><br \/>\t\t\t&#8211; 165 x 155 x 60 mm<br \/>\t\t\t&#8211; 167 g<br \/>\t\t\t<strong>Contenido de la caja<\/strong><br \/>\t\t\t&#8211; SPC Dreamer 2 Pro<br \/>\t\t\t&#8211; Cable de carga USB-C<br \/>\t\t\t&#8211; Cable de audio<br \/>\t\t\t&#8211; Gu&iacute;a r&aacute;pida<\/td>\n<\/tr>\n<tr>\n<td><strong>Fecha de revisi&oacute;n<\/strong><\/td>\n<td>19-11-2024 por RTY<\/td>\n<\/tr>\n<\/table>\n","protected":false},"excerpt":{"rendered":"<p>Marca SPC Modelo 4751N Especificaciones &#8211; Perfiles: HSP, HFP, A2DP, AVRCP &#8211; Chip: Qualcomm QCC3084 Conexi&oacute;n &#8211; Bluetooth: 5.4 &#8211; Google Fast Pair &#8211; Compatibilidad: Windows, Mac OS X, Linux, Android, tel&eacute;fonos IP y las principales aplicaciones como Teams o Zoom &#8211; Frecuencia de respuesta: 20-20000Hz &#8211; Conectividad con dos dispositivos simult&aacute;neamente &#8211; Control con&hellip;&nbsp;<a href=\"https:\/\/aivlisoft.net\/shop\/producto\/spc-auricular-dreamer-2-pro\/\" rel=\"bookmark\"><span class=\"screen-reader-text\">SPC Auricular Dreamer 2 PRO<\/span><\/a><\/p>\n","protected":false},"featured_media":0,"template":"","meta":{"neve_meta_sidebar":"","neve_meta_container":"","neve_meta_enable_content_width":"","neve_meta_content_width":0,"neve_meta_title_alignment":"","neve_meta_author_avatar":"","neve_post_elements_order":"","neve_meta_disable_header":"","neve_meta_disable_footer":"","neve_meta_disable_title":""},"product_brand":[],"product_cat":[15,957,5818],"product_tag":[6107],"class_list":{"0":"post-16439","1":"product","2":"type-product","3":"status-publish","5":"product_cat-sin-categorizar","6":"product_cat-accesorios-imagen-y-sonido","7":"product_cat-audio","8":"product_tag-4751n","10":"first","11":"instock","12":"taxable","13":"shipping-taxable","14":"purchasable","15":"product-type-simple"},"yoast_head":"<!-- This site is optimized with the Yoast SEO plugin v26.0 - https:\/\/yoast.com\/wordpress\/plugins\/seo\/ -->\n<title>SPC Auricular Dreamer 2 PRO - Aivlisoft Inform\u00e1tica<\/title>\n<meta name=\"robots\" content=\"index, follow, max-snippet:-1, max-image-preview:large, max-video-preview:-1\" \/>\n<link rel=\"canonical\" href=\"https:\/\/aivlisoft.net\/shop\/producto\/spc-auricular-dreamer-2-pro\/\" \/>\n<meta property=\"og:locale\" content=\"es_ES\" \/>\n<meta property=\"og:type\" content=\"article\" \/>\n<meta property=\"og:title\" content=\"SPC Auricular Dreamer 2 PRO - Aivlisoft Inform\u00e1tica\" \/>\n<meta property=\"og:description\" content=\"Marca SPC Modelo 4751N Especificaciones &#8211; Perfiles: HSP, HFP, A2DP, AVRCP &#8211; Chip: Qualcomm QCC3084 Conexi&oacute;n &#8211; Bluetooth: 5.4 &#8211; Google Fast Pair &#8211; Compatibilidad: Windows, Mac OS X, Linux, Android, tel&eacute;fonos IP y las principales aplicaciones como Teams o Zoom &#8211; Frecuencia de respuesta: 20-20000Hz &#8211; Conectividad con dos dispositivos simult&aacute;neamente &#8211; Control con&hellip;&nbsp;SPC Auricular Dreamer 2 PRO\" \/>\n<meta property=\"og:url\" content=\"https:\/\/aivlisoft.net\/shop\/producto\/spc-auricular-dreamer-2-pro\/\" \/>\n<meta property=\"og:site_name\" content=\"Aivlisoft Inform\u00e1tica\" \/>\n<meta property=\"article:modified_time\" content=\"2025-01-14T20:53:41+00:00\" \/>\n<meta name=\"twitter:card\" content=\"summary_large_image\" \/>\n<meta name=\"twitter:label1\" content=\"Tiempo de lectura\" \/>\n\t<meta name=\"twitter:data1\" content=\"1 minuto\" \/>\n<script type=\"application\/ld+json\" class=\"yoast-schema-graph\">{\"@context\":\"https:\/\/schema.org\",\"@graph\":[{\"@type\":\"WebPage\",\"@id\":\"https:\/\/aivlisoft.net\/shop\/producto\/spc-auricular-dreamer-2-pro\/\",\"url\":\"https:\/\/aivlisoft.net\/shop\/producto\/spc-auricular-dreamer-2-pro\/\",\"name\":\"SPC Auricular Dreamer 2 PRO - Aivlisoft Inform\u00e1tica\",\"isPartOf\":{\"@id\":\"https:\/\/aivlisoft.net\/shop\/#website\"},\"datePublished\":\"2025-01-13T15:02:22+00:00\",\"dateModified\":\"2025-01-14T20:53:41+00:00\",\"breadcrumb\":{\"@id\":\"https:\/\/aivlisoft.net\/shop\/producto\/spc-auricular-dreamer-2-pro\/#breadcrumb\"},\"inLanguage\":\"es\",\"potentialAction\":[{\"@type\":\"ReadAction\",\"target\":[\"https:\/\/aivlisoft.net\/shop\/producto\/spc-auricular-dreamer-2-pro\/\"]}]},{\"@type\":\"BreadcrumbList\",\"@id\":\"https:\/\/aivlisoft.net\/shop\/producto\/spc-auricular-dreamer-2-pro\/#breadcrumb\",\"itemListElement\":[{\"@type\":\"ListItem\",\"position\":1,\"name\":\"Portada\",\"item\":\"https:\/\/aivlisoft.net\/shop\/\"},{\"@type\":\"ListItem\",\"position\":2,\"name\":\"Tienda\",\"item\":\"https:\/\/aivlisoft.net\/shop\/tienda\/\"},{\"@type\":\"ListItem\",\"position\":3,\"name\":\"SPC Auricular Dreamer 2 PRO\"}]},{\"@type\":\"WebSite\",\"@id\":\"https:\/\/aivlisoft.net\/shop\/#website\",\"url\":\"https:\/\/aivlisoft.net\/shop\/\",\"name\":\"Aivlisoft Inform\u00e1tica\",\"description\":\"En Aivlisoft Inform\u00e1tica ofrecemos soluciones tecnol\u00f3gicas para empresas: venta de ordenadores, consumibles, perif\u00e9ricos y m\u00e1s. Calidad, atenci\u00f3n personalizada y los mejores precios para tu negocio.\",\"publisher\":{\"@id\":\"https:\/\/aivlisoft.net\/shop\/#organization\"},\"potentialAction\":[{\"@type\":\"SearchAction\",\"target\":{\"@type\":\"EntryPoint\",\"urlTemplate\":\"https:\/\/aivlisoft.net\/shop\/?s={search_term_string}\"},\"query-input\":{\"@type\":\"PropertyValueSpecification\",\"valueRequired\":true,\"valueName\":\"search_term_string\"}}],\"inLanguage\":\"es\"},{\"@type\":\"Organization\",\"@id\":\"https:\/\/aivlisoft.net\/shop\/#organization\",\"name\":\"Aivlisoft Inform\u00e1tica\",\"url\":\"https:\/\/aivlisoft.net\/shop\/\",\"logo\":{\"@type\":\"ImageObject\",\"inLanguage\":\"es\",\"@id\":\"https:\/\/aivlisoft.net\/shop\/#\/schema\/logo\/image\/\",\"url\":\"https:\/\/aivlisoft.net\/shop\/wp-content\/uploads\/2024\/12\/removal.ai_5b848c54-0cdf-4140-95c5-c5536bb7573b-logodef.png\",\"contentUrl\":\"https:\/\/aivlisoft.net\/shop\/wp-content\/uploads\/2024\/12\/removal.ai_5b848c54-0cdf-4140-95c5-c5536bb7573b-logodef.png\",\"width\":484,\"height\":182,\"caption\":\"Aivlisoft Inform\u00e1tica\"},\"image\":{\"@id\":\"https:\/\/aivlisoft.net\/shop\/#\/schema\/logo\/image\/\"}}]}<\/script>\n<!-- \/ Yoast SEO plugin. -->","yoast_head_json":{"title":"SPC Auricular Dreamer 2 PRO - Aivlisoft Inform\u00e1tica","robots":{"index":"index","follow":"follow","max-snippet":"max-snippet:-1","max-image-preview":"max-image-preview:large","max-video-preview":"max-video-preview:-1"},"canonical":"https:\/\/aivlisoft.net\/shop\/producto\/spc-auricular-dreamer-2-pro\/","og_locale":"es_ES","og_type":"article","og_title":"SPC Auricular Dreamer 2 PRO - Aivlisoft Inform\u00e1tica","og_description":"Marca SPC Modelo 4751N Especificaciones &#8211; Perfiles: HSP, HFP, A2DP, AVRCP &#8211; Chip: Qualcomm QCC3084 Conexi&oacute;n &#8211; Bluetooth: 5.4 &#8211; Google Fast Pair &#8211; Compatibilidad: Windows, Mac OS X, Linux, Android, tel&eacute;fonos IP y las principales aplicaciones como Teams o Zoom &#8211; Frecuencia de respuesta: 20-20000Hz &#8211; Conectividad con dos dispositivos simult&aacute;neamente &#8211; Control con&hellip;&nbsp;SPC Auricular Dreamer 2 PRO","og_url":"https:\/\/aivlisoft.net\/shop\/producto\/spc-auricular-dreamer-2-pro\/","og_site_name":"Aivlisoft Inform\u00e1tica","article_modified_time":"2025-01-14T20:53:41+00:00","twitter_card":"summary_large_image","twitter_misc":{"Tiempo de lectura":"1 minuto"},"schema":{"@context":"https:\/\/schema.org","@graph":[{"@type":"WebPage","@id":"https:\/\/aivlisoft.net\/shop\/producto\/spc-auricular-dreamer-2-pro\/","url":"https:\/\/aivlisoft.net\/shop\/producto\/spc-auricular-dreamer-2-pro\/","name":"SPC Auricular Dreamer 2 PRO - Aivlisoft Inform\u00e1tica","isPartOf":{"@id":"https:\/\/aivlisoft.net\/shop\/#website"},"datePublished":"2025-01-13T15:02:22+00:00","dateModified":"2025-01-14T20:53:41+00:00","breadcrumb":{"@id":"https:\/\/aivlisoft.net\/shop\/producto\/spc-auricular-dreamer-2-pro\/#breadcrumb"},"inLanguage":"es","potentialAction":[{"@type":"ReadAction","target":["https:\/\/aivlisoft.net\/shop\/producto\/spc-auricular-dreamer-2-pro\/"]}]},{"@type":"BreadcrumbList","@id":"https:\/\/aivlisoft.net\/shop\/producto\/spc-auricular-dreamer-2-pro\/#breadcrumb","itemListElement":[{"@type":"ListItem","position":1,"name":"Portada","item":"https:\/\/aivlisoft.net\/shop\/"},{"@type":"ListItem","position":2,"name":"Tienda","item":"https:\/\/aivlisoft.net\/shop\/tienda\/"},{"@type":"ListItem","position":3,"name":"SPC Auricular Dreamer 2 PRO"}]},{"@type":"WebSite","@id":"https:\/\/aivlisoft.net\/shop\/#website","url":"https:\/\/aivlisoft.net\/shop\/","name":"Aivlisoft Inform\u00e1tica","description":"En Aivlisoft Inform\u00e1tica ofrecemos soluciones tecnol\u00f3gicas para empresas: venta de ordenadores, consumibles, perif\u00e9ricos y m\u00e1s. Calidad, atenci\u00f3n personalizada y los mejores precios para tu negocio.","publisher":{"@id":"https:\/\/aivlisoft.net\/shop\/#organization"},"potentialAction":[{"@type":"SearchAction","target":{"@type":"EntryPoint","urlTemplate":"https:\/\/aivlisoft.net\/shop\/?s={search_term_string}"},"query-input":{"@type":"PropertyValueSpecification","valueRequired":true,"valueName":"search_term_string"}}],"inLanguage":"es"},{"@type":"Organization","@id":"https:\/\/aivlisoft.net\/shop\/#organization","name":"Aivlisoft Inform\u00e1tica","url":"https:\/\/aivlisoft.net\/shop\/","logo":{"@type":"ImageObject","inLanguage":"es","@id":"https:\/\/aivlisoft.net\/shop\/#\/schema\/logo\/image\/","url":"https:\/\/aivlisoft.net\/shop\/wp-content\/uploads\/2024\/12\/removal.ai_5b848c54-0cdf-4140-95c5-c5536bb7573b-logodef.png","contentUrl":"https:\/\/aivlisoft.net\/shop\/wp-content\/uploads\/2024\/12\/removal.ai_5b848c54-0cdf-4140-95c5-c5536bb7573b-logodef.png","width":484,"height":182,"caption":"Aivlisoft Inform\u00e1tica"},"image":{"@id":"https:\/\/aivlisoft.net\/shop\/#\/schema\/logo\/image\/"}}]}},"_links":{"self":[{"href":"https:\/\/aivlisoft.net\/shop\/wp-json\/wp\/v2\/product\/16439","targetHints":{"allow":["GET"]}}],"collection":[{"href":"https:\/\/aivlisoft.net\/shop\/wp-json\/wp\/v2\/product"}],"about":[{"href":"https:\/\/aivlisoft.net\/shop\/wp-json\/wp\/v2\/types\/product"}],"wp:attachment":[{"href":"https:\/\/aivlisoft.net\/shop\/wp-json\/wp\/v2\/media?parent=16439"}],"wp:term":[{"taxonomy":"product_brand","embeddable":true,"href":"https:\/\/aivlisoft.net\/shop\/wp-json\/wp\/v2\/product_brand?post=16439"},{"taxonomy":"product_cat","embeddable":true,"href":"https:\/\/aivlisoft.net\/shop\/wp-json\/wp\/v2\/product_cat?post=16439"},{"taxonomy":"product_tag","embeddable":true,"href":"https:\/\/aivlisoft.net\/shop\/wp-json\/wp\/v2\/product_tag?post=16439"}],"curies":[{"name":"wp","href":"https:\/\/api.w.org\/{rel}","templated":true}]}}